{"id":4811,"date":"2022-02-03T19:15:45","date_gmt":"2022-02-03T19:15:45","guid":{"rendered":"https:\/\/www.danby.com\/fr\/product\/dcr041c1bsldb-6\/"},"modified":"2026-04-13T10:03:52","modified_gmt":"2026-04-13T10:03:52","slug":"dcr041c1bsldb-6","status":"publish","type":"product","link":"https:\/\/www.danby.com\/fr\/products\/refrigeration-compact\/dcr041c1bsldb-6\/","title":{"rendered":"Danby R\u00e9frig\u00e9rateur compact de 4,1 pi3 \u00e0 montage par le bas en acier inoxydable"},"content":{"rendered":"","protected":false},"excerpt":{"rendered":"<ul>\n<li>R\u00e9frig\u00e9rateur compact d&#8217;une capacit\u00e9 de 87 litres (3,07 pi3)<\/li>\n<li>Section cong\u00e9lateur ind\u00e9pendant de 30 L (1,06 pi3)<\/li>\n<li>Technologie Silencer pour un fonctionnement silencieux (niveau sonore de 37dB)<\/li>\n<li>Conforme \u00e0 ENERGY STAR\u00ae.<\/li>\n<li>R\u00e9frig\u00e9rant R600a respectueux de l&#8217;environnement<\/li>\n<li>Syst\u00e8me de d\u00e9givrage manuel<\/li>\n<li>2 \u00e9tag\u00e8res en verre pleine largeur \u00e0 l&#8217;int\u00e9rieur du r\u00e9frig\u00e9rateur<\/li>\n<li>1 tablette de cong\u00e9lation<\/li>\n<li>\u00c9tag\u00e8res de porte int\u00e9gr\u00e9es avec rangement pour les grandes bouteilles<\/li>\n<li>Lumi\u00e8re int\u00e9rieure LED<\/li>\n<li>Thermostat m\u00e9canique<\/li>\n<li>Poign\u00e9e de porte int\u00e9gr\u00e9e<\/li>\n<\/ul>\n","protected":false},"featured_media":22160,"comment_status":"closed","ping_status":"open","template":"","meta":{"_acf_changed":false},"product_brand":[],"product_cat":[22],"product_tag":[],"class_list":{"0":"post-4811","1":"product","2":"type-product","3":"status-publish","4":"has-post-thumbnail","6":"product_cat-refrigeration-compact","7":"pa_capacite-pi3-4-4-9","8":"pa_couleur-acier-sans-tache","9":"pa_duree-de-la-garantie-en-mois-12-mois","11":"first","12":"outofstock","13":"taxable","14":"shipping-taxable","15":"product-type-simple"},"acf":[],"yoast_head":"<!-- This site is optimized with the Yoast SEO plugin v26.7 - https:\/\/yoast.com\/wordpress\/plugins\/seo\/ -->\n<title>Danby R\u00e9frig\u00e9rateur compact de 4,1 pi3 \u00e0 montage par le bas en acier inoxydable - DCR041C1BSLDB-6 | Danby Canada<\/title>\n<meta name=\"description\" content=\"Ce mini r\u00e9frig\u00e9rateur moderne et compact de 4,1 pi3 \u00e0 montage par le bas offre un espace de r\u00e9frig\u00e9ration de 3,07 pi3 (87 L). Il est dot\u00e9 d&#039;une section de cong\u00e9lation \u00e0 montage inf\u00e9rieur de 1,06 pied cube (30 L), ce qui en fait la solution id\u00e9ale pour les petites cuisines, les bars et votre nouveau bureau \u00e0 domicile ! Il y a suffisamment de place pour votre d\u00e9jeuner et vos collations sur les deux tablettes en verre pleine largeur du mini-frigo et sur une tablette du cong\u00e9lateur. La section cong\u00e9lateur mont\u00e9e en bas permet un espace plus accessible dans le r\u00e9frig\u00e9rateur tout en facilitant la recherche et la prise de vos articles les plus utilis\u00e9s. La technologie silencieuse du r\u00e9frig\u00e9rateur fonctionne \u00e0 un niveau sonore silencieux de 37 d\u00e9cibels - parfait pour une salle d&#039;\u00e9tude silencieuse. La charni\u00e8re de porte r\u00e9versible vous permet de choisir d&#039;ouvrir la porte \u00e0 gauche ou \u00e0 droite, ce qui facilite son placement dans n&#039;importe quelle pi\u00e8ce. L&#039;\u00e9tag\u00e8re de porte int\u00e9gr\u00e9e permet de ranger les grandes bouteilles, et la technologie du silencieux en fait un compagnon id\u00e9al pour les longues journ\u00e9es au bureau \u00e0 domicile. Ce mod\u00e8le est \u00e9galement conforme \u00e0 la norme ENERGY STAR\u00ae et utilise le r\u00e9frig\u00e9rant \u00e9cologique R600a.\" \/>\n<meta name=\"robots\" content=\"index, follow, max-snippet:-1, max-image-preview:large, max-video-preview:-1\" \/>\n<link rel=\"canonical\" href=\"https:\/\/www.danby.com\/fr\/products\/refrigeration-compact\/dcr041c1bsldb-6\/\" \/>\n<meta property=\"og:locale\" content=\"fr_CA\" \/>\n<meta property=\"og:type\" content=\"article\" \/>\n<meta property=\"og:title\" content=\"Danby R\u00e9frig\u00e9rateur compact de 4,1 pi3 \u00e0 montage par le bas en acier inoxydable - DCR041C1BSLDB-6 | Danby Canada\" \/>\n<meta property=\"og:description\" content=\"Ce mini r\u00e9frig\u00e9rateur moderne et compact de 4,1 pi3 \u00e0 montage par le bas offre un espace de r\u00e9frig\u00e9ration de 3,07 pi3 (87 L). Il est dot\u00e9 d&#039;une section de cong\u00e9lation \u00e0 montage inf\u00e9rieur de 1,06 pied cube (30 L), ce qui en fait la solution id\u00e9ale pour les petites cuisines, les bars et votre nouveau bureau \u00e0 domicile ! Il y a suffisamment de place pour votre d\u00e9jeuner et vos collations sur les deux tablettes en verre pleine largeur du mini-frigo et sur une tablette du cong\u00e9lateur. La section cong\u00e9lateur mont\u00e9e en bas permet un espace plus accessible dans le r\u00e9frig\u00e9rateur tout en facilitant la recherche et la prise de vos articles les plus utilis\u00e9s. La technologie silencieuse du r\u00e9frig\u00e9rateur fonctionne \u00e0 un niveau sonore silencieux de 37 d\u00e9cibels - parfait pour une salle d&#039;\u00e9tude silencieuse. La charni\u00e8re de porte r\u00e9versible vous permet de choisir d&#039;ouvrir la porte \u00e0 gauche ou \u00e0 droite, ce qui facilite son placement dans n&#039;importe quelle pi\u00e8ce. L&#039;\u00e9tag\u00e8re de porte int\u00e9gr\u00e9e permet de ranger les grandes bouteilles, et la technologie du silencieux en fait un compagnon id\u00e9al pour les longues journ\u00e9es au bureau \u00e0 domicile. Ce mod\u00e8le est \u00e9galement conforme \u00e0 la norme ENERGY STAR\u00ae et utilise le r\u00e9frig\u00e9rant \u00e9cologique R600a.\" \/>\n<meta property=\"og:url\" content=\"https:\/\/www.danby.com\/fr\/products\/refrigeration-compact\/dcr041c1bsldb-6\/\" \/>\n<meta property=\"og:site_name\" content=\"Danby - Canada - French\" \/>\n<meta property=\"article:publisher\" content=\"https:\/\/www.facebook.com\/DanbyAppliances\" \/>\n<meta property=\"article:modified_time\" content=\"2026-04-13T10:03:52+00:00\" \/>\n<meta property=\"og:image\" content=\"https:\/\/cdnweb.danby.com\/wp-content\/uploads\/sites\/2\/2023\/05\/02131052\/DCR041C1BSLDB-6_Front.jpg\" \/>\n\t<meta property=\"og:image:width\" content=\"2000\" \/>\n\t<meta property=\"og:image:height\" content=\"2000\" \/>\n\t<meta property=\"og:image:type\" content=\"image\/jpeg\" \/>\n<meta name=\"twitter:card\" content=\"summary_large_image\" \/>\n<meta name=\"twitter:site\" content=\"@DanbyAppliance\" \/>\n<script type=\"application\/ld+json\" class=\"yoast-schema-graph\">{\"@context\":\"https:\/\/schema.org\",\"@graph\":[{\"@type\":[\"WebPage\",\"ItemPage\"],\"url\":\"https:\/\/www.danby.com\/fr\/products\/refrigeration-compact\/dcr041c1bsldb-6\/\",\"name\":\"Danby R\u00e9frig\u00e9rateur compact de 4,1 pi3 \u00e0 montage par le bas en acier inoxydable - DCR041C1BSLDB-6 | Danby Canada\",\"isPartOf\":[],\"primaryImageOfPage\":[],\"image\":[],\"thumbnailUrl\":\"https:\/\/cdnweb.danby.com\/wp-content\/uploads\/sites\/2\/2023\/05\/02131052\/DCR041C1BSLDB-6_Front.jpg\",\"datePublished\":\"2022-02-03T19:15:45+00:00\",\"dateModified\":\"2026-04-13T10:03:52+00:00\",\"description\":\"Ce mini r\u00e9frig\u00e9rateur moderne et compact de 4,1 pi3 \u00e0 montage par le bas offre un espace de r\u00e9frig\u00e9ration de 3,07 pi3 (87 L). Il est dot\u00e9 d'une section de cong\u00e9lation \u00e0 montage inf\u00e9rieur de 1,06 pied cube (30 L), ce qui en fait la solution id\u00e9ale pour les petites cuisines, les bars et votre nouveau bureau \u00e0 domicile ! Il y a suffisamment de place pour votre d\u00e9jeuner et vos collations sur les deux tablettes en verre pleine largeur du mini-frigo et sur une tablette du cong\u00e9lateur. La section cong\u00e9lateur mont\u00e9e en bas permet un espace plus accessible dans le r\u00e9frig\u00e9rateur tout en facilitant la recherche et la prise de vos articles les plus utilis\u00e9s. La technologie silencieuse du r\u00e9frig\u00e9rateur fonctionne \u00e0 un niveau sonore silencieux de 37 d\u00e9cibels - parfait pour une salle d'\u00e9tude silencieuse. La charni\u00e8re de porte r\u00e9versible vous permet de choisir d'ouvrir la porte \u00e0 gauche ou \u00e0 droite, ce qui facilite son placement dans n'importe quelle pi\u00e8ce. L'\u00e9tag\u00e8re de porte int\u00e9gr\u00e9e permet de ranger les grandes bouteilles, et la technologie du silencieux en fait un compagnon id\u00e9al pour les longues journ\u00e9es au bureau \u00e0 domicile. Ce mod\u00e8le est \u00e9galement conforme \u00e0 la norme ENERGY STAR\u00ae et utilise le r\u00e9frig\u00e9rant \u00e9cologique R600a.\",\"breadcrumb\":[],\"inLanguage\":\"fr-CA\",\"potentialAction\":[{\"@type\":\"ReadAction\",\"target\":[\"https:\/\/www.danby.com\/fr\/products\/refrigeration-compact\/dcr041c1bsldb-6\/\"]}]},{\"@type\":\"ImageObject\",\"inLanguage\":\"fr-CA\",\"url\":\"https:\/\/cdnweb.danby.com\/wp-content\/uploads\/sites\/2\/2023\/05\/02131052\/DCR041C1BSLDB-6_Front.jpg\",\"contentUrl\":\"https:\/\/cdnweb.danby.com\/wp-content\/uploads\/sites\/2\/2023\/05\/02131052\/DCR041C1BSLDB-6_Front.jpg\",\"width\":2000,\"height\":2000},{\"@type\":\"BreadcrumbList\",\"itemListElement\":[{\"@type\":\"ListItem\",\"position\":1,\"name\":\"Home\",\"item\":\"https:\/\/www.danby.com\/fr\/\"},{\"@type\":\"ListItem\",\"position\":2,\"name\":\"Boutique\",\"item\":\"https:\/\/www.danby.com\/fr\/boutique\/\"},{\"@type\":\"ListItem\",\"position\":3,\"name\":\"Danby R\u00e9frig\u00e9rateur compact de 4,1 pi3 \u00e0 montage par le bas en acier inoxydable\"}]},{\"@type\":\"WebSite\",\"url\":\"https:\/\/www.danby.com\/fr\/\",\"name\":\"Danby - Canada - French\",\"description\":\"Leader dans le domaine de la r\u00e9frig\u00e9ration et des appareils sp\u00e9cialis\u00e9s\",\"publisher\":[],\"potentialAction\":[{\"@type\":\"SearchAction\",\"target\":{\"@type\":\"EntryPoint\",\"urlTemplate\":\"https:\/\/www.danby.com\/fr\/?s={search_term_string}\"},\"query-input\":{\"@type\":\"PropertyValueSpecification\",\"valueRequired\":true,\"valueName\":\"search_term_string\"}}],\"inLanguage\":\"fr-CA\"},{\"@type\":\"Organization\",\"name\":\"Danby Appliances\",\"url\":\"https:\/\/www.danby.com\/fr\/\",\"logo\":{\"@type\":\"ImageObject\",\"inLanguage\":\"fr-CA\",\"url\":\"https:\/\/cdnweb.danby.com\/wp-content\/uploads\/sites\/2\/2022\/02\/10141906\/Danby75Ans_Blue.png\",\"contentUrl\":\"https:\/\/cdnweb.danby.com\/wp-content\/uploads\/sites\/2\/2022\/02\/10141906\/Danby75Ans_Blue.png\",\"width\":470,\"height\":110,\"caption\":\"Danby Appliances\"},\"image\":[],\"sameAs\":[\"https:\/\/www.facebook.com\/DanbyAppliances\",\"https:\/\/x.com\/DanbyAppliance\",\"https:\/\/instagram.com\/danbyappliances\/\",\"https:\/\/www.linkedin.com\/company\/danbyappliances\",\"https:\/\/www.pinterest.ca\/danbyappliances\/\",\"https:\/\/www.youtube.com\/user\/DanbyProducts\",\"https:\/\/en.wikipedia.org\/wiki\/Danby_(appliances)\"]}]}<\/script>\n<!-- \/ Yoast SEO plugin. -->","yoast_head_json":{"title":"Danby R\u00e9frig\u00e9rateur compact de 4,1 pi3 \u00e0 montage par le bas en acier inoxydable - DCR041C1BSLDB-6 | Danby Canada","description":"Ce mini r\u00e9frig\u00e9rateur moderne et compact de 4,1 pi3 \u00e0 montage par le bas offre un espace de r\u00e9frig\u00e9ration de 3,07 pi3 (87 L). Il est dot\u00e9 d'une section de cong\u00e9lation \u00e0 montage inf\u00e9rieur de 1,06 pied cube (30 L), ce qui en fait la solution id\u00e9ale pour les petites cuisines, les bars et votre nouveau bureau \u00e0 domicile ! Il y a suffisamment de place pour votre d\u00e9jeuner et vos collations sur les deux tablettes en verre pleine largeur du mini-frigo et sur une tablette du cong\u00e9lateur. La section cong\u00e9lateur mont\u00e9e en bas permet un espace plus accessible dans le r\u00e9frig\u00e9rateur tout en facilitant la recherche et la prise de vos articles les plus utilis\u00e9s. La technologie silencieuse du r\u00e9frig\u00e9rateur fonctionne \u00e0 un niveau sonore silencieux de 37 d\u00e9cibels - parfait pour une salle d'\u00e9tude silencieuse. La charni\u00e8re de porte r\u00e9versible vous permet de choisir d'ouvrir la porte \u00e0 gauche ou \u00e0 droite, ce qui facilite son placement dans n'importe quelle pi\u00e8ce. L'\u00e9tag\u00e8re de porte int\u00e9gr\u00e9e permet de ranger les grandes bouteilles, et la technologie du silencieux en fait un compagnon id\u00e9al pour les longues journ\u00e9es au bureau \u00e0 domicile. Ce mod\u00e8le est \u00e9galement conforme \u00e0 la norme ENERGY STAR\u00ae et utilise le r\u00e9frig\u00e9rant \u00e9cologique R600a.","robots":{"index":"index","follow":"follow","max-snippet":"max-snippet:-1","max-image-preview":"max-image-preview:large","max-video-preview":"max-video-preview:-1"},"canonical":"https:\/\/www.danby.com\/fr\/products\/refrigeration-compact\/dcr041c1bsldb-6\/","og_locale":"fr_CA","og_type":"article","og_title":"Danby R\u00e9frig\u00e9rateur compact de 4,1 pi3 \u00e0 montage par le bas en acier inoxydable - DCR041C1BSLDB-6 | Danby Canada","og_description":"Ce mini r\u00e9frig\u00e9rateur moderne et compact de 4,1 pi3 \u00e0 montage par le bas offre un espace de r\u00e9frig\u00e9ration de 3,07 pi3 (87 L). Il est dot\u00e9 d'une section de cong\u00e9lation \u00e0 montage inf\u00e9rieur de 1,06 pied cube (30 L), ce qui en fait la solution id\u00e9ale pour les petites cuisines, les bars et votre nouveau bureau \u00e0 domicile ! Il y a suffisamment de place pour votre d\u00e9jeuner et vos collations sur les deux tablettes en verre pleine largeur du mini-frigo et sur une tablette du cong\u00e9lateur. La section cong\u00e9lateur mont\u00e9e en bas permet un espace plus accessible dans le r\u00e9frig\u00e9rateur tout en facilitant la recherche et la prise de vos articles les plus utilis\u00e9s. La technologie silencieuse du r\u00e9frig\u00e9rateur fonctionne \u00e0 un niveau sonore silencieux de 37 d\u00e9cibels - parfait pour une salle d'\u00e9tude silencieuse. La charni\u00e8re de porte r\u00e9versible vous permet de choisir d'ouvrir la porte \u00e0 gauche ou \u00e0 droite, ce qui facilite son placement dans n'importe quelle pi\u00e8ce. L'\u00e9tag\u00e8re de porte int\u00e9gr\u00e9e permet de ranger les grandes bouteilles, et la technologie du silencieux en fait un compagnon id\u00e9al pour les longues journ\u00e9es au bureau \u00e0 domicile. Ce mod\u00e8le est \u00e9galement conforme \u00e0 la norme ENERGY STAR\u00ae et utilise le r\u00e9frig\u00e9rant \u00e9cologique R600a.","og_url":"https:\/\/www.danby.com\/fr\/products\/refrigeration-compact\/dcr041c1bsldb-6\/","og_site_name":"Danby - Canada - French","article_publisher":"https:\/\/www.facebook.com\/DanbyAppliances","article_modified_time":"2026-04-13T10:03:52+00:00","og_image":[{"width":2000,"height":2000,"url":"https:\/\/cdnweb.danby.com\/wp-content\/uploads\/sites\/2\/2023\/05\/02131052\/DCR041C1BSLDB-6_Front.jpg","type":"image\/jpeg"}],"twitter_card":"summary_large_image","twitter_site":"@DanbyAppliance","schema":{"@context":"https:\/\/schema.org","@graph":[{"@type":["WebPage","ItemPage"],"url":"https:\/\/www.danby.com\/fr\/products\/refrigeration-compact\/dcr041c1bsldb-6\/","name":"Danby R\u00e9frig\u00e9rateur compact de 4,1 pi3 \u00e0 montage par le bas en acier inoxydable - DCR041C1BSLDB-6 | Danby Canada","isPartOf":[],"primaryImageOfPage":[],"image":[],"thumbnailUrl":"https:\/\/cdnweb.danby.com\/wp-content\/uploads\/sites\/2\/2023\/05\/02131052\/DCR041C1BSLDB-6_Front.jpg","datePublished":"2022-02-03T19:15:45+00:00","dateModified":"2026-04-13T10:03:52+00:00","description":"Ce mini r\u00e9frig\u00e9rateur moderne et compact de 4,1 pi3 \u00e0 montage par le bas offre un espace de r\u00e9frig\u00e9ration de 3,07 pi3 (87 L). Il est dot\u00e9 d'une section de cong\u00e9lation \u00e0 montage inf\u00e9rieur de 1,06 pied cube (30 L), ce qui en fait la solution id\u00e9ale pour les petites cuisines, les bars et votre nouveau bureau \u00e0 domicile ! Il y a suffisamment de place pour votre d\u00e9jeuner et vos collations sur les deux tablettes en verre pleine largeur du mini-frigo et sur une tablette du cong\u00e9lateur. La section cong\u00e9lateur mont\u00e9e en bas permet un espace plus accessible dans le r\u00e9frig\u00e9rateur tout en facilitant la recherche et la prise de vos articles les plus utilis\u00e9s. La technologie silencieuse du r\u00e9frig\u00e9rateur fonctionne \u00e0 un niveau sonore silencieux de 37 d\u00e9cibels - parfait pour une salle d'\u00e9tude silencieuse. La charni\u00e8re de porte r\u00e9versible vous permet de choisir d'ouvrir la porte \u00e0 gauche ou \u00e0 droite, ce qui facilite son placement dans n'importe quelle pi\u00e8ce. L'\u00e9tag\u00e8re de porte int\u00e9gr\u00e9e permet de ranger les grandes bouteilles, et la technologie du silencieux en fait un compagnon id\u00e9al pour les longues journ\u00e9es au bureau \u00e0 domicile. Ce mod\u00e8le est \u00e9galement conforme \u00e0 la norme ENERGY STAR\u00ae et utilise le r\u00e9frig\u00e9rant \u00e9cologique R600a.","breadcrumb":[],"inLanguage":"fr-CA","potentialAction":[{"@type":"ReadAction","target":["https:\/\/www.danby.com\/fr\/products\/refrigeration-compact\/dcr041c1bsldb-6\/"]}]},{"@type":"ImageObject","inLanguage":"fr-CA","url":"https:\/\/cdnweb.danby.com\/wp-content\/uploads\/sites\/2\/2023\/05\/02131052\/DCR041C1BSLDB-6_Front.jpg","contentUrl":"https:\/\/cdnweb.danby.com\/wp-content\/uploads\/sites\/2\/2023\/05\/02131052\/DCR041C1BSLDB-6_Front.jpg","width":2000,"height":2000},{"@type":"BreadcrumbList","itemListElement":[{"@type":"ListItem","position":1,"name":"Home","item":"https:\/\/www.danby.com\/fr\/"},{"@type":"ListItem","position":2,"name":"Boutique","item":"https:\/\/www.danby.com\/fr\/boutique\/"},{"@type":"ListItem","position":3,"name":"Danby R\u00e9frig\u00e9rateur compact de 4,1 pi3 \u00e0 montage par le bas en acier inoxydable"}]},{"@type":"WebSite","url":"https:\/\/www.danby.com\/fr\/","name":"Danby - Canada - French","description":"Leader dans le domaine de la r\u00e9frig\u00e9ration et des appareils sp\u00e9cialis\u00e9s","publisher":[],"potentialAction":[{"@type":"SearchAction","target":{"@type":"EntryPoint","urlTemplate":"https:\/\/www.danby.com\/fr\/?s={search_term_string}"},"query-input":{"@type":"PropertyValueSpecification","valueRequired":true,"valueName":"search_term_string"}}],"inLanguage":"fr-CA"},{"@type":"Organization","name":"Danby Appliances","url":"https:\/\/www.danby.com\/fr\/","logo":{"@type":"ImageObject","inLanguage":"fr-CA","url":"https:\/\/cdnweb.danby.com\/wp-content\/uploads\/sites\/2\/2022\/02\/10141906\/Danby75Ans_Blue.png","contentUrl":"https:\/\/cdnweb.danby.com\/wp-content\/uploads\/sites\/2\/2022\/02\/10141906\/Danby75Ans_Blue.png","width":470,"height":110,"caption":"Danby Appliances"},"image":[],"sameAs":["https:\/\/www.facebook.com\/DanbyAppliances","https:\/\/x.com\/DanbyAppliance","https:\/\/instagram.com\/danbyappliances\/","https:\/\/www.linkedin.com\/company\/danbyappliances","https:\/\/www.pinterest.ca\/danbyappliances\/","https:\/\/www.youtube.com\/user\/DanbyProducts","https:\/\/en.wikipedia.org\/wiki\/Danby_(appliances)"]}]}},"post_mailing_queue_ids":[],"_links":{"self":[{"href":"https:\/\/www.danby.com\/fr\/wp-json\/wp\/v2\/product\/4811","targetHints":{"allow":["GET"]}}],"collection":[{"href":"https:\/\/www.danby.com\/fr\/wp-json\/wp\/v2\/product"}],"about":[{"href":"https:\/\/www.danby.com\/fr\/wp-json\/wp\/v2\/types\/product"}],"replies":[{"embeddable":true,"href":"https:\/\/www.danby.com\/fr\/wp-json\/wp\/v2\/comments?post=4811"}],"wp:featuredmedia":[{"embeddable":true,"href":"https:\/\/www.danby.com\/fr\/wp-json\/wp\/v2\/media\/22160"}],"wp:attachment":[{"href":"https:\/\/www.danby.com\/fr\/wp-json\/wp\/v2\/media?parent=4811"}],"wp:term":[{"taxonomy":"product_brand","embeddable":true,"href":"https:\/\/www.danby.com\/fr\/wp-json\/wp\/v2\/product_brand?post=4811"},{"taxonomy":"product_cat","embeddable":true,"href":"https:\/\/www.danby.com\/fr\/wp-json\/wp\/v2\/product_cat?post=4811"},{"taxonomy":"product_tag","embeddable":true,"href":"https:\/\/www.danby.com\/fr\/wp-json\/wp\/v2\/product_tag?post=4811"}],"curies":[{"name":"wp","href":"https:\/\/api.w.org\/{rel}","templated":true}]}}