{"id":4804,"date":"2022-02-03T19:15:45","date_gmt":"2022-02-03T19:15:45","guid":{"rendered":"https:\/\/www.danby.com\/fr\/product\/dcr033b1bm\/"},"modified":"2026-04-30T10:05:43","modified_gmt":"2026-04-30T10:05:43","slug":"dcr033b1bm","status":"publish","type":"product","link":"https:\/\/www.danby.com\/fr\/products\/refrigeration-compact\/dcr033b1bm\/","title":{"rendered":"Danby 3,3 cu. R\u00e9frig\u00e9rateur compact de 3,5 pi3 en noir"},"content":{"rendered":"","protected":false},"excerpt":{"rendered":"<ul>\n<li>R\u00e9frig\u00e9rateur compact avec capacit\u00e9 de 3<\/li>\n<li>3 pi3 (93 L)<\/li>\n<li>Conforme aux normes Energy Star\u00ae<\/li>\n<li>R\u00e9frig\u00e9rant \u00e9cologique R600a<\/li>\n<li>Refroidisseurs pleine largeur<\/li>\n<li>Syst\u00e8me de d\u00e9givrage manuel<\/li>\n<li>1 \u00e9tag\u00e8re en verre r\u00e9glable pleine largeur et 1 &#8211; 1\/2 \u00e9tag\u00e8re en verre r\u00e9glable demi-largeur<\/li>\n<li>Rayonnages de porte int\u00e9gr\u00e9s avec rangement pour de grandes bouteilles<\/li>\n<li>Bac \u00e0 l\u00e9gumes avec couvercle<\/li>\n<li>Thermostat m\u00e9canique<\/li>\n<li>Poign\u00e9e de porte int\u00e9gr\u00e9e<\/li>\n<li>Charni\u00e8res de porte r\u00e9versibles<\/li>\n<\/ul>\n","protected":false},"featured_media":22111,"comment_status":"closed","ping_status":"open","template":"","meta":{"_acf_changed":false},"product_brand":[],"product_cat":[22],"product_tag":[],"class_list":{"0":"post-4804","1":"product","2":"type-product","3":"status-publish","4":"has-post-thumbnail","6":"product_cat-refrigeration-compact","7":"pa_capacite-pi3-3-3-9","8":"pa_couleur-noir","9":"pa_duree-de-la-garantie-en-mois-12-mois","11":"first","12":"outofstock","13":"taxable","14":"shipping-taxable","15":"product-type-simple"},"acf":[],"yoast_head":"<!-- This site is optimized with the Yoast SEO plugin v27.5 - https:\/\/yoast.com\/product\/yoast-seo-wordpress\/ -->\n<title>Danby 3,3 cu. R\u00e9frig\u00e9rateur compact de 3,5 pi3 en noir - DCR033B1BM | Danby Canada<\/title>\n<meta name=\"description\" content=\"Gardez les boissons froides et les grignotines \u00e0 port\u00e9e de main gr\u00e2ce au r\u00e9frig\u00e9rateur compact Danby d\u2019une capacit\u00e9 de 3,3 pi3 (93 L). Un choix parfait pour les studios d\u2019enregistrement, les bureaux, et plus encore, ce r\u00e9frig\u00e9rateur compact offre des compartiments individuels de r\u00e9frig\u00e9ration et de refroidissement, une tablette et une demi-tablette r\u00e9glables, du rayonnage de porte int\u00e9gr\u00e9 pour le rangement de bouteilles, un bac \u00e0 l\u00e9gumes, pour garder vos boissons et vos aliments organis\u00e9s et faciles d\u2019acc\u00e8s. Les charni\u00e8res r\u00e9versibles sont une autre excellente caract\u00e9ristique qui permet aux utilisateurs d\u2019ouvrir le r\u00e9frig\u00e9rateur \u00e0 partir de la droite ou de la gauche, selon les exigences de votre pi\u00e8ce.\" \/>\n<meta name=\"robots\" content=\"index, follow, max-snippet:-1, max-image-preview:large, max-video-preview:-1\" \/>\n<link rel=\"canonical\" href=\"https:\/\/www.danby.com\/fr\/products\/refrigeration-compact\/dcr033b1bm\/\" \/>\n<meta property=\"og:locale\" content=\"fr_CA\" \/>\n<meta property=\"og:type\" content=\"article\" \/>\n<meta property=\"og:title\" content=\"Danby 3,3 cu. R\u00e9frig\u00e9rateur compact de 3,5 pi3 en noir - DCR033B1BM | Danby Canada\" \/>\n<meta property=\"og:description\" content=\"Gardez les boissons froides et les grignotines \u00e0 port\u00e9e de main gr\u00e2ce au r\u00e9frig\u00e9rateur compact Danby d\u2019une capacit\u00e9 de 3,3 pi3 (93 L). Un choix parfait pour les studios d\u2019enregistrement, les bureaux, et plus encore, ce r\u00e9frig\u00e9rateur compact offre des compartiments individuels de r\u00e9frig\u00e9ration et de refroidissement, une tablette et une demi-tablette r\u00e9glables, du rayonnage de porte int\u00e9gr\u00e9 pour le rangement de bouteilles, un bac \u00e0 l\u00e9gumes, pour garder vos boissons et vos aliments organis\u00e9s et faciles d\u2019acc\u00e8s. Les charni\u00e8res r\u00e9versibles sont une autre excellente caract\u00e9ristique qui permet aux utilisateurs d\u2019ouvrir le r\u00e9frig\u00e9rateur \u00e0 partir de la droite ou de la gauche, selon les exigences de votre pi\u00e8ce.\" \/>\n<meta property=\"og:url\" content=\"https:\/\/www.danby.com\/fr\/products\/refrigeration-compact\/dcr033b1bm\/\" \/>\n<meta property=\"og:site_name\" content=\"Danby - Canada - French\" \/>\n<meta property=\"article:publisher\" content=\"https:\/\/www.facebook.com\/DanbyAppliances\" \/>\n<meta property=\"article:modified_time\" content=\"2026-04-30T10:05:43+00:00\" \/>\n<meta property=\"og:image\" content=\"https:\/\/cdnweb.danby.com\/wp-content\/uploads\/sites\/2\/2023\/05\/02125334\/DCR033B1BM_front-scaled.jpg\" \/>\n\t<meta property=\"og:image:width\" content=\"2560\" \/>\n\t<meta property=\"og:image:height\" content=\"1707\" \/>\n\t<meta property=\"og:image:type\" content=\"image\/jpeg\" \/>\n<meta name=\"twitter:card\" content=\"summary_large_image\" \/>\n<meta name=\"twitter:site\" content=\"@DanbyAppliance\" \/>\n<script type=\"application\/ld+json\" class=\"yoast-schema-graph\">{\"@context\":\"https:\\\/\\\/schema.org\",\"@graph\":[{\"@type\":[\"WebPage\",\"ItemPage\"],\"url\":\"https:\\\/\\\/www.danby.com\\\/fr\\\/products\\\/refrigeration-compact\\\/dcr033b1bm\\\/\",\"name\":\"Danby 3,3 cu. R\u00e9frig\u00e9rateur compact de 3,5 pi3 en noir - DCR033B1BM | Danby Canada\",\"isPartOf\":[],\"primaryImageOfPage\":[],\"image\":[],\"thumbnailUrl\":\"https:\\\/\\\/cdnweb.danby.com\\\/wp-content\\\/uploads\\\/sites\\\/2\\\/2023\\\/05\\\/02125334\\\/DCR033B1BM_front-scaled.jpg\",\"datePublished\":\"2022-02-03T19:15:45+00:00\",\"dateModified\":\"2026-04-30T10:05:43+00:00\",\"description\":\"Gardez les boissons froides et les grignotines \u00e0 port\u00e9e de main gr\u00e2ce au r\u00e9frig\u00e9rateur compact Danby d\u2019une capacit\u00e9 de 3,3 pi3 (93 L). Un choix parfait pour les studios d\u2019enregistrement, les bureaux, et plus encore, ce r\u00e9frig\u00e9rateur compact offre des compartiments individuels de r\u00e9frig\u00e9ration et de refroidissement, une tablette et une demi-tablette r\u00e9glables, du rayonnage de porte int\u00e9gr\u00e9 pour le rangement de bouteilles, un bac \u00e0 l\u00e9gumes, pour garder vos boissons et vos aliments organis\u00e9s et faciles d\u2019acc\u00e8s. Les charni\u00e8res r\u00e9versibles sont une autre excellente caract\u00e9ristique qui permet aux utilisateurs d\u2019ouvrir le r\u00e9frig\u00e9rateur \u00e0 partir de la droite ou de la gauche, selon les exigences de votre pi\u00e8ce.\",\"breadcrumb\":[],\"inLanguage\":\"fr-CA\",\"potentialAction\":[{\"@type\":\"ReadAction\",\"target\":[\"https:\\\/\\\/www.danby.com\\\/fr\\\/products\\\/refrigeration-compact\\\/dcr033b1bm\\\/\"]}]},{\"@type\":\"ImageObject\",\"inLanguage\":\"fr-CA\",\"url\":\"https:\\\/\\\/cdnweb.danby.com\\\/wp-content\\\/uploads\\\/sites\\\/2\\\/2023\\\/05\\\/02125334\\\/DCR033B1BM_front-scaled.jpg\",\"contentUrl\":\"https:\\\/\\\/cdnweb.danby.com\\\/wp-content\\\/uploads\\\/sites\\\/2\\\/2023\\\/05\\\/02125334\\\/DCR033B1BM_front-scaled.jpg\",\"width\":2560,\"height\":1707},{\"@type\":\"BreadcrumbList\",\"itemListElement\":[{\"@type\":\"ListItem\",\"position\":1,\"name\":\"Home\",\"item\":\"https:\\\/\\\/www.danby.com\\\/fr\\\/\"},{\"@type\":\"ListItem\",\"position\":2,\"name\":\"Boutique\",\"item\":\"https:\\\/\\\/www.danby.com\\\/fr\\\/boutique\\\/\"},{\"@type\":\"ListItem\",\"position\":3,\"name\":\"Danby 3,3 cu. R\u00e9frig\u00e9rateur compact de 3,5 pi3 en noir\"}]},{\"@type\":\"WebSite\",\"url\":\"https:\\\/\\\/www.danby.com\\\/fr\\\/\",\"name\":\"Danby - Canada - French\",\"description\":\"Leader dans le domaine de la r\u00e9frig\u00e9ration et des appareils sp\u00e9cialis\u00e9s\",\"publisher\":[],\"potentialAction\":[{\"@type\":\"SearchAction\",\"target\":{\"@type\":\"EntryPoint\",\"urlTemplate\":\"https:\\\/\\\/www.danby.com\\\/fr\\\/?s={search_term_string}\"},\"query-input\":{\"@type\":\"PropertyValueSpecification\",\"valueRequired\":true,\"valueName\":\"search_term_string\"}}],\"inLanguage\":\"fr-CA\"},{\"@type\":\"Organization\",\"name\":\"Danby Appliances\",\"url\":\"https:\\\/\\\/www.danby.com\\\/fr\\\/\",\"logo\":{\"@type\":\"ImageObject\",\"inLanguage\":\"fr-CA\",\"url\":\"https:\\\/\\\/cdnweb.danby.com\\\/wp-content\\\/uploads\\\/sites\\\/2\\\/2022\\\/02\\\/10141906\\\/Danby75Ans_Blue.png\",\"contentUrl\":\"https:\\\/\\\/cdnweb.danby.com\\\/wp-content\\\/uploads\\\/sites\\\/2\\\/2022\\\/02\\\/10141906\\\/Danby75Ans_Blue.png\",\"width\":470,\"height\":110,\"caption\":\"Danby Appliances\"},\"image\":[],\"sameAs\":[\"https:\\\/\\\/www.facebook.com\\\/DanbyAppliances\",\"https:\\\/\\\/x.com\\\/DanbyAppliance\",\"https:\\\/\\\/instagram.com\\\/danbyappliances\\\/\",\"https:\\\/\\\/www.linkedin.com\\\/company\\\/danbyappliances\",\"https:\\\/\\\/www.pinterest.ca\\\/danbyappliances\\\/\",\"https:\\\/\\\/www.youtube.com\\\/user\\\/DanbyProducts\",\"https:\\\/\\\/en.wikipedia.org\\\/wiki\\\/Danby_(appliances)\"]}]}<\/script>\n<!-- \/ Yoast SEO plugin. -->","yoast_head_json":{"title":"Danby 3,3 cu. R\u00e9frig\u00e9rateur compact de 3,5 pi3 en noir - DCR033B1BM | Danby Canada","description":"Gardez les boissons froides et les grignotines \u00e0 port\u00e9e de main gr\u00e2ce au r\u00e9frig\u00e9rateur compact Danby d\u2019une capacit\u00e9 de 3,3 pi3 (93 L). Un choix parfait pour les studios d\u2019enregistrement, les bureaux, et plus encore, ce r\u00e9frig\u00e9rateur compact offre des compartiments individuels de r\u00e9frig\u00e9ration et de refroidissement, une tablette et une demi-tablette r\u00e9glables, du rayonnage de porte int\u00e9gr\u00e9 pour le rangement de bouteilles, un bac \u00e0 l\u00e9gumes, pour garder vos boissons et vos aliments organis\u00e9s et faciles d\u2019acc\u00e8s. Les charni\u00e8res r\u00e9versibles sont une autre excellente caract\u00e9ristique qui permet aux utilisateurs d\u2019ouvrir le r\u00e9frig\u00e9rateur \u00e0 partir de la droite ou de la gauche, selon les exigences de votre pi\u00e8ce.","robots":{"index":"index","follow":"follow","max-snippet":"max-snippet:-1","max-image-preview":"max-image-preview:large","max-video-preview":"max-video-preview:-1"},"canonical":"https:\/\/www.danby.com\/fr\/products\/refrigeration-compact\/dcr033b1bm\/","og_locale":"fr_CA","og_type":"article","og_title":"Danby 3,3 cu. R\u00e9frig\u00e9rateur compact de 3,5 pi3 en noir - DCR033B1BM | Danby Canada","og_description":"Gardez les boissons froides et les grignotines \u00e0 port\u00e9e de main gr\u00e2ce au r\u00e9frig\u00e9rateur compact Danby d\u2019une capacit\u00e9 de 3,3 pi3 (93 L). Un choix parfait pour les studios d\u2019enregistrement, les bureaux, et plus encore, ce r\u00e9frig\u00e9rateur compact offre des compartiments individuels de r\u00e9frig\u00e9ration et de refroidissement, une tablette et une demi-tablette r\u00e9glables, du rayonnage de porte int\u00e9gr\u00e9 pour le rangement de bouteilles, un bac \u00e0 l\u00e9gumes, pour garder vos boissons et vos aliments organis\u00e9s et faciles d\u2019acc\u00e8s. Les charni\u00e8res r\u00e9versibles sont une autre excellente caract\u00e9ristique qui permet aux utilisateurs d\u2019ouvrir le r\u00e9frig\u00e9rateur \u00e0 partir de la droite ou de la gauche, selon les exigences de votre pi\u00e8ce.","og_url":"https:\/\/www.danby.com\/fr\/products\/refrigeration-compact\/dcr033b1bm\/","og_site_name":"Danby - Canada - French","article_publisher":"https:\/\/www.facebook.com\/DanbyAppliances","article_modified_time":"2026-04-30T10:05:43+00:00","og_image":[{"width":2560,"height":1707,"url":"https:\/\/cdnweb.danby.com\/wp-content\/uploads\/sites\/2\/2023\/05\/02125334\/DCR033B1BM_front-scaled.jpg","type":"image\/jpeg"}],"twitter_card":"summary_large_image","twitter_site":"@DanbyAppliance","schema":{"@context":"https:\/\/schema.org","@graph":[{"@type":["WebPage","ItemPage"],"url":"https:\/\/www.danby.com\/fr\/products\/refrigeration-compact\/dcr033b1bm\/","name":"Danby 3,3 cu. R\u00e9frig\u00e9rateur compact de 3,5 pi3 en noir - DCR033B1BM | Danby Canada","isPartOf":[],"primaryImageOfPage":[],"image":[],"thumbnailUrl":"https:\/\/cdnweb.danby.com\/wp-content\/uploads\/sites\/2\/2023\/05\/02125334\/DCR033B1BM_front-scaled.jpg","datePublished":"2022-02-03T19:15:45+00:00","dateModified":"2026-04-30T10:05:43+00:00","description":"Gardez les boissons froides et les grignotines \u00e0 port\u00e9e de main gr\u00e2ce au r\u00e9frig\u00e9rateur compact Danby d\u2019une capacit\u00e9 de 3,3 pi3 (93 L). Un choix parfait pour les studios d\u2019enregistrement, les bureaux, et plus encore, ce r\u00e9frig\u00e9rateur compact offre des compartiments individuels de r\u00e9frig\u00e9ration et de refroidissement, une tablette et une demi-tablette r\u00e9glables, du rayonnage de porte int\u00e9gr\u00e9 pour le rangement de bouteilles, un bac \u00e0 l\u00e9gumes, pour garder vos boissons et vos aliments organis\u00e9s et faciles d\u2019acc\u00e8s. Les charni\u00e8res r\u00e9versibles sont une autre excellente caract\u00e9ristique qui permet aux utilisateurs d\u2019ouvrir le r\u00e9frig\u00e9rateur \u00e0 partir de la droite ou de la gauche, selon les exigences de votre pi\u00e8ce.","breadcrumb":[],"inLanguage":"fr-CA","potentialAction":[{"@type":"ReadAction","target":["https:\/\/www.danby.com\/fr\/products\/refrigeration-compact\/dcr033b1bm\/"]}]},{"@type":"ImageObject","inLanguage":"fr-CA","url":"https:\/\/cdnweb.danby.com\/wp-content\/uploads\/sites\/2\/2023\/05\/02125334\/DCR033B1BM_front-scaled.jpg","contentUrl":"https:\/\/cdnweb.danby.com\/wp-content\/uploads\/sites\/2\/2023\/05\/02125334\/DCR033B1BM_front-scaled.jpg","width":2560,"height":1707},{"@type":"BreadcrumbList","itemListElement":[{"@type":"ListItem","position":1,"name":"Home","item":"https:\/\/www.danby.com\/fr\/"},{"@type":"ListItem","position":2,"name":"Boutique","item":"https:\/\/www.danby.com\/fr\/boutique\/"},{"@type":"ListItem","position":3,"name":"Danby 3,3 cu. R\u00e9frig\u00e9rateur compact de 3,5 pi3 en noir"}]},{"@type":"WebSite","url":"https:\/\/www.danby.com\/fr\/","name":"Danby - Canada - French","description":"Leader dans le domaine de la r\u00e9frig\u00e9ration et des appareils sp\u00e9cialis\u00e9s","publisher":[],"potentialAction":[{"@type":"SearchAction","target":{"@type":"EntryPoint","urlTemplate":"https:\/\/www.danby.com\/fr\/?s={search_term_string}"},"query-input":{"@type":"PropertyValueSpecification","valueRequired":true,"valueName":"search_term_string"}}],"inLanguage":"fr-CA"},{"@type":"Organization","name":"Danby Appliances","url":"https:\/\/www.danby.com\/fr\/","logo":{"@type":"ImageObject","inLanguage":"fr-CA","url":"https:\/\/cdnweb.danby.com\/wp-content\/uploads\/sites\/2\/2022\/02\/10141906\/Danby75Ans_Blue.png","contentUrl":"https:\/\/cdnweb.danby.com\/wp-content\/uploads\/sites\/2\/2022\/02\/10141906\/Danby75Ans_Blue.png","width":470,"height":110,"caption":"Danby Appliances"},"image":[],"sameAs":["https:\/\/www.facebook.com\/DanbyAppliances","https:\/\/x.com\/DanbyAppliance","https:\/\/instagram.com\/danbyappliances\/","https:\/\/www.linkedin.com\/company\/danbyappliances","https:\/\/www.pinterest.ca\/danbyappliances\/","https:\/\/www.youtube.com\/user\/DanbyProducts","https:\/\/en.wikipedia.org\/wiki\/Danby_(appliances)"]}]}},"post_mailing_queue_ids":[],"_links":{"self":[{"href":"https:\/\/www.danby.com\/fr\/wp-json\/wp\/v2\/product\/4804","targetHints":{"allow":["GET"]}}],"collection":[{"href":"https:\/\/www.danby.com\/fr\/wp-json\/wp\/v2\/product"}],"about":[{"href":"https:\/\/www.danby.com\/fr\/wp-json\/wp\/v2\/types\/product"}],"replies":[{"embeddable":true,"href":"https:\/\/www.danby.com\/fr\/wp-json\/wp\/v2\/comments?post=4804"}],"wp:featuredmedia":[{"embeddable":true,"href":"https:\/\/www.danby.com\/fr\/wp-json\/wp\/v2\/media\/22111"}],"wp:attachment":[{"href":"https:\/\/www.danby.com\/fr\/wp-json\/wp\/v2\/media?parent=4804"}],"wp:term":[{"taxonomy":"product_brand","embeddable":true,"href":"https:\/\/www.danby.com\/fr\/wp-json\/wp\/v2\/product_brand?post=4804"},{"taxonomy":"product_cat","embeddable":true,"href":"https:\/\/www.danby.com\/fr\/wp-json\/wp\/v2\/product_cat?post=4804"},{"taxonomy":"product_tag","embeddable":true,"href":"https:\/\/www.danby.com\/fr\/wp-json\/wp\/v2\/product_tag?post=4804"}],"curies":[{"name":"wp","href":"https:\/\/api.w.org\/{rel}","templated":true}]}}