{"id":4797,"date":"2022-02-03T19:15:45","date_gmt":"2022-02-03T19:15:45","guid":{"rendered":"https:\/\/www.danby.com\/fr\/product\/dcr032c1wdb\/"},"modified":"2026-04-04T10:02:59","modified_gmt":"2026-04-04T10:02:59","slug":"dcr032c1wdb","status":"publish","type":"product","link":"https:\/\/www.danby.com\/fr\/products\/refrigeration-compact\/dcr032c1wdb\/","title":{"rendered":"Danby 3,2 cu. pi. R\u00e9frig\u00e9rateur compact en blanc"},"content":{"rendered":"","protected":false},"excerpt":{"rendered":"<ul>\n<li>R\u00e9frig\u00e9rateur compact d&#8217;une capacit\u00e9 de 3,2 cu. pi. (90 L)<\/li>\n<li>Certifi\u00e9 ENERGY STAR\u00ae<\/li>\n<li>Section cong\u00e9lateur pleine largeur<\/li>\n<li>D\u00e9givrage manuel<\/li>\n<li>1 \u00e9tag\u00e8re grillag\u00e9e pleine largeur et 1 \u2013 1\/2 largeur r\u00e9glable<\/li>\n<li>Tablette de porte int\u00e9gr\u00e9e avec rangement pour bouteilles hautes<\/li>\n<li>CanStor\u00ae pour la distribution de boissons 1\/2 largeur r\u00e9glables<\/li>\n<li>Poign\u00e9e de porte int\u00e9gr\u00e9e<\/li>\n<li>Charni\u00e8re de porte r\u00e9versible<\/li>\n<li>Conception \u00e0 dos lisse<\/li>\n<\/ul>\n","protected":false},"featured_media":34807,"comment_status":"closed","ping_status":"open","template":"","meta":{"_acf_changed":false},"product_brand":[],"product_cat":[22],"product_tag":[],"class_list":{"0":"post-4797","1":"product","2":"type-product","3":"status-publish","4":"has-post-thumbnail","6":"product_cat-refrigeration-compact","7":"pa_capacite-pi3-3-2","8":"pa_couleur-white","9":"pa_duree-de-la-garantie-en-mois-1173","11":"first","12":"outofstock","13":"taxable","14":"shipping-taxable","15":"product-type-simple"},"acf":[],"yoast_head":"<!-- This site is optimized with the Yoast SEO plugin v26.7 - https:\/\/yoast.com\/wordpress\/plugins\/seo\/ -->\n<title>Danby 3,2 cu. pi. R\u00e9frig\u00e9rateur compact en blanc - DCR032C1WDB | Danby Canada<\/title>\n<meta name=\"description\" content=\"Un r\u00e9frig\u00e9rateur compact est la solution id\u00e9ale pour un wet-bar, un chalet ou une petite cuisine. Ce mod\u00e8le de Danby est l\u2019un des plus populaires sur le march\u00e9 avec ses 3,2 pieds cubes (90 litres) de capacit\u00e9 de refroidissement. L\u2019appareil offre des performances sup\u00e9rieures gr\u00e2ce \u00e0 son syst\u00e8me de d\u00e9givrage manuel simple et \u00e0 son thermostat m\u00e9canique pr\u00e9cis. Le r\u00e9frig\u00e9rateur est dot\u00e9 de tablettes de porte int\u00e9gr\u00e9es et de deux tablettes en fil m\u00e9tallique pour permettre une polyvalence de rangement maximale. Il est \u00e9quip\u00e9 d\u2019un distributeur de boissons innovant CanStor\u00ae et dispose de suffisamment d\u2019espace pour les grandes bouteilles de deux litres. Ce mod\u00e8le efficace est conforme \u00e0 la norme Energy Star, ce qui permet d\u2019\u00e9conomiser sur les co\u00fbts d\u2019\u00e9lectricit\u00e9, et dispose d\u2019une charni\u00e8re de porte r\u00e9versible intelligente qui vous permet de l\u2019ajuster pour une ouverture \u00e0 gauche ou \u00e0 droite. Il b\u00e9n\u00e9ficie d\u2019une garantie de 12 mois sur les pi\u00e8ces et la main-d\u2019\u0153uvre et d\u2019un service \u00e0 domicile.\" \/>\n<meta name=\"robots\" content=\"index, follow, max-snippet:-1, max-image-preview:large, max-video-preview:-1\" \/>\n<link rel=\"canonical\" href=\"https:\/\/www.danby.com\/fr\/products\/refrigeration-compact\/dcr032c1wdb\/\" \/>\n<meta property=\"og:locale\" content=\"fr_CA\" \/>\n<meta property=\"og:type\" content=\"article\" \/>\n<meta property=\"og:title\" content=\"Danby 3,2 cu. pi. R\u00e9frig\u00e9rateur compact en blanc - DCR032C1WDB | Danby Canada\" \/>\n<meta property=\"og:description\" content=\"Un r\u00e9frig\u00e9rateur compact est la solution id\u00e9ale pour un wet-bar, un chalet ou une petite cuisine. Ce mod\u00e8le de Danby est l\u2019un des plus populaires sur le march\u00e9 avec ses 3,2 pieds cubes (90 litres) de capacit\u00e9 de refroidissement. L\u2019appareil offre des performances sup\u00e9rieures gr\u00e2ce \u00e0 son syst\u00e8me de d\u00e9givrage manuel simple et \u00e0 son thermostat m\u00e9canique pr\u00e9cis. Le r\u00e9frig\u00e9rateur est dot\u00e9 de tablettes de porte int\u00e9gr\u00e9es et de deux tablettes en fil m\u00e9tallique pour permettre une polyvalence de rangement maximale. Il est \u00e9quip\u00e9 d\u2019un distributeur de boissons innovant CanStor\u00ae et dispose de suffisamment d\u2019espace pour les grandes bouteilles de deux litres. Ce mod\u00e8le efficace est conforme \u00e0 la norme Energy Star, ce qui permet d\u2019\u00e9conomiser sur les co\u00fbts d\u2019\u00e9lectricit\u00e9, et dispose d\u2019une charni\u00e8re de porte r\u00e9versible intelligente qui vous permet de l\u2019ajuster pour une ouverture \u00e0 gauche ou \u00e0 droite. Il b\u00e9n\u00e9ficie d\u2019une garantie de 12 mois sur les pi\u00e8ces et la main-d\u2019\u0153uvre et d\u2019un service \u00e0 domicile.\" \/>\n<meta property=\"og:url\" content=\"https:\/\/www.danby.com\/fr\/products\/refrigeration-compact\/dcr032c1wdb\/\" \/>\n<meta property=\"og:site_name\" content=\"Danby - Canada - French\" \/>\n<meta property=\"article:publisher\" content=\"https:\/\/www.facebook.com\/DanbyAppliances\" \/>\n<meta property=\"article:modified_time\" content=\"2026-04-04T10:02:59+00:00\" \/>\n<meta property=\"og:image\" content=\"https:\/\/cdnweb.danby.com\/wp-content\/uploads\/sites\/2\/2022\/02\/08215705\/DCR032C1WDB-Featured.jpg\" \/>\n\t<meta property=\"og:image:width\" content=\"1440\" \/>\n\t<meta property=\"og:image:height\" content=\"1920\" \/>\n\t<meta property=\"og:image:type\" content=\"image\/jpeg\" \/>\n<meta name=\"twitter:card\" content=\"summary_large_image\" \/>\n<meta name=\"twitter:site\" content=\"@DanbyAppliance\" \/>\n<script type=\"application\/ld+json\" class=\"yoast-schema-graph\">{\"@context\":\"https:\/\/schema.org\",\"@graph\":[{\"@type\":[\"WebPage\",\"ItemPage\"],\"url\":\"https:\/\/www.danby.com\/fr\/products\/refrigeration-compact\/dcr032c1wdb\/\",\"name\":\"Danby 3,2 cu. pi. R\u00e9frig\u00e9rateur compact en blanc - DCR032C1WDB | Danby Canada\",\"isPartOf\":[],\"primaryImageOfPage\":[],\"image\":[],\"thumbnailUrl\":\"https:\/\/www.danby.com\/fr\/wp-content\/uploads\/sites\/2\/2025\/09\/dcr032c1wdb-thumbnail.jpg\",\"datePublished\":\"2022-02-03T19:15:45+00:00\",\"dateModified\":\"2026-04-04T10:02:59+00:00\",\"description\":\"Un r\u00e9frig\u00e9rateur compact est la solution id\u00e9ale pour un wet-bar, un chalet ou une petite cuisine. Ce mod\u00e8le de Danby est l\u2019un des plus populaires sur le march\u00e9 avec ses 3,2 pieds cubes (90 litres) de capacit\u00e9 de refroidissement. L\u2019appareil offre des performances sup\u00e9rieures gr\u00e2ce \u00e0 son syst\u00e8me de d\u00e9givrage manuel simple et \u00e0 son thermostat m\u00e9canique pr\u00e9cis. Le r\u00e9frig\u00e9rateur est dot\u00e9 de tablettes de porte int\u00e9gr\u00e9es et de deux tablettes en fil m\u00e9tallique pour permettre une polyvalence de rangement maximale. Il est \u00e9quip\u00e9 d\u2019un distributeur de boissons innovant CanStor\u00ae et dispose de suffisamment d\u2019espace pour les grandes bouteilles de deux litres. Ce mod\u00e8le efficace est conforme \u00e0 la norme Energy Star, ce qui permet d\u2019\u00e9conomiser sur les co\u00fbts d\u2019\u00e9lectricit\u00e9, et dispose d\u2019une charni\u00e8re de porte r\u00e9versible intelligente qui vous permet de l\u2019ajuster pour une ouverture \u00e0 gauche ou \u00e0 droite. Il b\u00e9n\u00e9ficie d\u2019une garantie de 12 mois sur les pi\u00e8ces et la main-d\u2019\u0153uvre et d\u2019un service \u00e0 domicile.\",\"breadcrumb\":[],\"inLanguage\":\"fr-CA\",\"potentialAction\":[{\"@type\":\"ReadAction\",\"target\":[\"https:\/\/www.danby.com\/fr\/products\/refrigeration-compact\/dcr032c1wdb\/\"]}]},{\"@type\":\"ImageObject\",\"inLanguage\":\"fr-CA\",\"url\":\"https:\/\/www.danby.com\/fr\/wp-content\/uploads\/sites\/2\/2025\/09\/dcr032c1wdb-thumbnail.jpg\",\"contentUrl\":\"https:\/\/www.danby.com\/fr\/wp-content\/uploads\/sites\/2\/2025\/09\/dcr032c1wdb-thumbnail.jpg\",\"width\":768,\"height\":1024},{\"@type\":\"BreadcrumbList\",\"itemListElement\":[{\"@type\":\"ListItem\",\"position\":1,\"name\":\"Home\",\"item\":\"https:\/\/www.danby.com\/fr\/\"},{\"@type\":\"ListItem\",\"position\":2,\"name\":\"Boutique\",\"item\":\"https:\/\/www.danby.com\/fr\/boutique\/\"},{\"@type\":\"ListItem\",\"position\":3,\"name\":\"R\u00e9frig\u00e9rateur compact de 3,2 pi3 de Danby\"}]},{\"@type\":\"WebSite\",\"url\":\"https:\/\/www.danby.com\/fr\/\",\"name\":\"Danby - Canada - French\",\"description\":\"Leader dans le domaine de la r\u00e9frig\u00e9ration et des appareils sp\u00e9cialis\u00e9s\",\"publisher\":[],\"potentialAction\":[{\"@type\":\"SearchAction\",\"target\":{\"@type\":\"EntryPoint\",\"urlTemplate\":\"https:\/\/www.danby.com\/fr\/?s={search_term_string}\"},\"query-input\":{\"@type\":\"PropertyValueSpecification\",\"valueRequired\":true,\"valueName\":\"search_term_string\"}}],\"inLanguage\":\"fr-CA\"},{\"@type\":\"Organization\",\"name\":\"Danby Appliances\",\"url\":\"https:\/\/www.danby.com\/fr\/\",\"logo\":{\"@type\":\"ImageObject\",\"inLanguage\":\"fr-CA\",\"url\":\"https:\/\/cdnweb.danby.com\/wp-content\/uploads\/sites\/2\/2022\/02\/10141906\/Danby75Ans_Blue.png\",\"contentUrl\":\"https:\/\/cdnweb.danby.com\/wp-content\/uploads\/sites\/2\/2022\/02\/10141906\/Danby75Ans_Blue.png\",\"width\":470,\"height\":110,\"caption\":\"Danby Appliances\"},\"image\":[],\"sameAs\":[\"https:\/\/www.facebook.com\/DanbyAppliances\",\"https:\/\/x.com\/DanbyAppliance\",\"https:\/\/instagram.com\/danbyappliances\/\",\"https:\/\/www.linkedin.com\/company\/danbyappliances\",\"https:\/\/www.pinterest.ca\/danbyappliances\/\",\"https:\/\/www.youtube.com\/user\/DanbyProducts\",\"https:\/\/en.wikipedia.org\/wiki\/Danby_(appliances)\"]}]}<\/script>\n<!-- \/ Yoast SEO plugin. -->","yoast_head_json":{"title":"Danby 3,2 cu. pi. R\u00e9frig\u00e9rateur compact en blanc - DCR032C1WDB | Danby Canada","description":"Un r\u00e9frig\u00e9rateur compact est la solution id\u00e9ale pour un wet-bar, un chalet ou une petite cuisine. Ce mod\u00e8le de Danby est l\u2019un des plus populaires sur le march\u00e9 avec ses 3,2 pieds cubes (90 litres) de capacit\u00e9 de refroidissement. L\u2019appareil offre des performances sup\u00e9rieures gr\u00e2ce \u00e0 son syst\u00e8me de d\u00e9givrage manuel simple et \u00e0 son thermostat m\u00e9canique pr\u00e9cis. Le r\u00e9frig\u00e9rateur est dot\u00e9 de tablettes de porte int\u00e9gr\u00e9es et de deux tablettes en fil m\u00e9tallique pour permettre une polyvalence de rangement maximale. Il est \u00e9quip\u00e9 d\u2019un distributeur de boissons innovant CanStor\u00ae et dispose de suffisamment d\u2019espace pour les grandes bouteilles de deux litres. Ce mod\u00e8le efficace est conforme \u00e0 la norme Energy Star, ce qui permet d\u2019\u00e9conomiser sur les co\u00fbts d\u2019\u00e9lectricit\u00e9, et dispose d\u2019une charni\u00e8re de porte r\u00e9versible intelligente qui vous permet de l\u2019ajuster pour une ouverture \u00e0 gauche ou \u00e0 droite. Il b\u00e9n\u00e9ficie d\u2019une garantie de 12 mois sur les pi\u00e8ces et la main-d\u2019\u0153uvre et d\u2019un service \u00e0 domicile.","robots":{"index":"index","follow":"follow","max-snippet":"max-snippet:-1","max-image-preview":"max-image-preview:large","max-video-preview":"max-video-preview:-1"},"canonical":"https:\/\/www.danby.com\/fr\/products\/refrigeration-compact\/dcr032c1wdb\/","og_locale":"fr_CA","og_type":"article","og_title":"Danby 3,2 cu. pi. R\u00e9frig\u00e9rateur compact en blanc - DCR032C1WDB | Danby Canada","og_description":"Un r\u00e9frig\u00e9rateur compact est la solution id\u00e9ale pour un wet-bar, un chalet ou une petite cuisine. Ce mod\u00e8le de Danby est l\u2019un des plus populaires sur le march\u00e9 avec ses 3,2 pieds cubes (90 litres) de capacit\u00e9 de refroidissement. L\u2019appareil offre des performances sup\u00e9rieures gr\u00e2ce \u00e0 son syst\u00e8me de d\u00e9givrage manuel simple et \u00e0 son thermostat m\u00e9canique pr\u00e9cis. Le r\u00e9frig\u00e9rateur est dot\u00e9 de tablettes de porte int\u00e9gr\u00e9es et de deux tablettes en fil m\u00e9tallique pour permettre une polyvalence de rangement maximale. Il est \u00e9quip\u00e9 d\u2019un distributeur de boissons innovant CanStor\u00ae et dispose de suffisamment d\u2019espace pour les grandes bouteilles de deux litres. Ce mod\u00e8le efficace est conforme \u00e0 la norme Energy Star, ce qui permet d\u2019\u00e9conomiser sur les co\u00fbts d\u2019\u00e9lectricit\u00e9, et dispose d\u2019une charni\u00e8re de porte r\u00e9versible intelligente qui vous permet de l\u2019ajuster pour une ouverture \u00e0 gauche ou \u00e0 droite. Il b\u00e9n\u00e9ficie d\u2019une garantie de 12 mois sur les pi\u00e8ces et la main-d\u2019\u0153uvre et d\u2019un service \u00e0 domicile.","og_url":"https:\/\/www.danby.com\/fr\/products\/refrigeration-compact\/dcr032c1wdb\/","og_site_name":"Danby - Canada - French","article_publisher":"https:\/\/www.facebook.com\/DanbyAppliances","article_modified_time":"2026-04-04T10:02:59+00:00","og_image":[{"width":1440,"height":1920,"url":"https:\/\/cdnweb.danby.com\/wp-content\/uploads\/sites\/2\/2022\/02\/08215705\/DCR032C1WDB-Featured.jpg","type":"image\/jpeg"}],"twitter_card":"summary_large_image","twitter_site":"@DanbyAppliance","schema":{"@context":"https:\/\/schema.org","@graph":[{"@type":["WebPage","ItemPage"],"url":"https:\/\/www.danby.com\/fr\/products\/refrigeration-compact\/dcr032c1wdb\/","name":"Danby 3,2 cu. pi. R\u00e9frig\u00e9rateur compact en blanc - DCR032C1WDB | Danby Canada","isPartOf":[],"primaryImageOfPage":[],"image":[],"thumbnailUrl":"https:\/\/www.danby.com\/fr\/wp-content\/uploads\/sites\/2\/2025\/09\/dcr032c1wdb-thumbnail.jpg","datePublished":"2022-02-03T19:15:45+00:00","dateModified":"2026-04-04T10:02:59+00:00","description":"Un r\u00e9frig\u00e9rateur compact est la solution id\u00e9ale pour un wet-bar, un chalet ou une petite cuisine. Ce mod\u00e8le de Danby est l\u2019un des plus populaires sur le march\u00e9 avec ses 3,2 pieds cubes (90 litres) de capacit\u00e9 de refroidissement. L\u2019appareil offre des performances sup\u00e9rieures gr\u00e2ce \u00e0 son syst\u00e8me de d\u00e9givrage manuel simple et \u00e0 son thermostat m\u00e9canique pr\u00e9cis. Le r\u00e9frig\u00e9rateur est dot\u00e9 de tablettes de porte int\u00e9gr\u00e9es et de deux tablettes en fil m\u00e9tallique pour permettre une polyvalence de rangement maximale. Il est \u00e9quip\u00e9 d\u2019un distributeur de boissons innovant CanStor\u00ae et dispose de suffisamment d\u2019espace pour les grandes bouteilles de deux litres. Ce mod\u00e8le efficace est conforme \u00e0 la norme Energy Star, ce qui permet d\u2019\u00e9conomiser sur les co\u00fbts d\u2019\u00e9lectricit\u00e9, et dispose d\u2019une charni\u00e8re de porte r\u00e9versible intelligente qui vous permet de l\u2019ajuster pour une ouverture \u00e0 gauche ou \u00e0 droite. Il b\u00e9n\u00e9ficie d\u2019une garantie de 12 mois sur les pi\u00e8ces et la main-d\u2019\u0153uvre et d\u2019un service \u00e0 domicile.","breadcrumb":[],"inLanguage":"fr-CA","potentialAction":[{"@type":"ReadAction","target":["https:\/\/www.danby.com\/fr\/products\/refrigeration-compact\/dcr032c1wdb\/"]}]},{"@type":"ImageObject","inLanguage":"fr-CA","url":"https:\/\/www.danby.com\/fr\/wp-content\/uploads\/sites\/2\/2025\/09\/dcr032c1wdb-thumbnail.jpg","contentUrl":"https:\/\/www.danby.com\/fr\/wp-content\/uploads\/sites\/2\/2025\/09\/dcr032c1wdb-thumbnail.jpg","width":768,"height":1024},{"@type":"BreadcrumbList","itemListElement":[{"@type":"ListItem","position":1,"name":"Home","item":"https:\/\/www.danby.com\/fr\/"},{"@type":"ListItem","position":2,"name":"Boutique","item":"https:\/\/www.danby.com\/fr\/boutique\/"},{"@type":"ListItem","position":3,"name":"R\u00e9frig\u00e9rateur compact de 3,2 pi3 de Danby"}]},{"@type":"WebSite","url":"https:\/\/www.danby.com\/fr\/","name":"Danby - Canada - French","description":"Leader dans le domaine de la r\u00e9frig\u00e9ration et des appareils sp\u00e9cialis\u00e9s","publisher":[],"potentialAction":[{"@type":"SearchAction","target":{"@type":"EntryPoint","urlTemplate":"https:\/\/www.danby.com\/fr\/?s={search_term_string}"},"query-input":{"@type":"PropertyValueSpecification","valueRequired":true,"valueName":"search_term_string"}}],"inLanguage":"fr-CA"},{"@type":"Organization","name":"Danby Appliances","url":"https:\/\/www.danby.com\/fr\/","logo":{"@type":"ImageObject","inLanguage":"fr-CA","url":"https:\/\/cdnweb.danby.com\/wp-content\/uploads\/sites\/2\/2022\/02\/10141906\/Danby75Ans_Blue.png","contentUrl":"https:\/\/cdnweb.danby.com\/wp-content\/uploads\/sites\/2\/2022\/02\/10141906\/Danby75Ans_Blue.png","width":470,"height":110,"caption":"Danby Appliances"},"image":[],"sameAs":["https:\/\/www.facebook.com\/DanbyAppliances","https:\/\/x.com\/DanbyAppliance","https:\/\/instagram.com\/danbyappliances\/","https:\/\/www.linkedin.com\/company\/danbyappliances","https:\/\/www.pinterest.ca\/danbyappliances\/","https:\/\/www.youtube.com\/user\/DanbyProducts","https:\/\/en.wikipedia.org\/wiki\/Danby_(appliances)"]}]}},"post_mailing_queue_ids":[],"_links":{"self":[{"href":"https:\/\/www.danby.com\/fr\/wp-json\/wp\/v2\/product\/4797","targetHints":{"allow":["GET"]}}],"collection":[{"href":"https:\/\/www.danby.com\/fr\/wp-json\/wp\/v2\/product"}],"about":[{"href":"https:\/\/www.danby.com\/fr\/wp-json\/wp\/v2\/types\/product"}],"replies":[{"embeddable":true,"href":"https:\/\/www.danby.com\/fr\/wp-json\/wp\/v2\/comments?post=4797"}],"wp:featuredmedia":[{"embeddable":true,"href":"https:\/\/www.danby.com\/fr\/wp-json\/wp\/v2\/media\/34807"}],"wp:attachment":[{"href":"https:\/\/www.danby.com\/fr\/wp-json\/wp\/v2\/media?parent=4797"}],"wp:term":[{"taxonomy":"product_brand","embeddable":true,"href":"https:\/\/www.danby.com\/fr\/wp-json\/wp\/v2\/product_brand?post=4797"},{"taxonomy":"product_cat","embeddable":true,"href":"https:\/\/www.danby.com\/fr\/wp-json\/wp\/v2\/product_cat?post=4797"},{"taxonomy":"product_tag","embeddable":true,"href":"https:\/\/www.danby.com\/fr\/wp-json\/wp\/v2\/product_tag?post=4797"}],"curies":[{"name":"wp","href":"https:\/\/api.w.org\/{rel}","templated":true}]}}