{"id":4792,"date":"2022-02-03T19:15:33","date_gmt":"2022-02-03T19:15:33","guid":{"rendered":"https:\/\/www.danby.com\/fr\/product\/dcr032a2w-cor1\/"},"modified":"2026-04-22T10:09:49","modified_gmt":"2026-04-22T10:09:49","slug":"dcr032a2w-cor1","status":"publish","type":"product","link":"https:\/\/www.danby.com\/fr\/products\/refrigeration-compact\/dcr032a2w-cor1\/","title":{"rendered":"Danby 3.2 pi3 R\u00e9frig\u00e9ration Compact"},"content":{"rendered":"","protected":false},"excerpt":{"rendered":"<ul>\n<li>R\u00e9frig\u00e9rateur compact de 3,2 pi3 (92 L) <\/li>\n<li>R\u00e9frig\u00e9rant R600a respectueux de l&#8217;environnement <\/li>\n<li>Section de cong\u00e9lateur pleine largeur <\/li>\n<li>D\u00e9givrage automatique partiel <\/li>\n<li>2 \u00e9tag\u00e8re pleine largeur et 1 demi-\u00e9tag\u00e8re r\u00e9glables en verre <\/li>\n<li>Entreposage de bouteilles longues \u2013 id\u00e9al pour les grandes bouteilles de boissons gazeuses <\/li>\n<li>Distributrice de boissons CanStor <\/li>\n<li>Arri\u00e8re de conception \u00e9gale <\/li>\n<li>Poign\u00e9e de porte int\u00e9gr\u00e9e <\/li>\n<\/ul>\n","protected":false},"featured_media":7149,"comment_status":"closed","ping_status":"open","template":"","meta":{"_acf_changed":false},"product_brand":[],"product_cat":[22],"product_tag":[],"class_list":{"0":"post-4792","1":"product","2":"type-product","3":"status-publish","4":"has-post-thumbnail","6":"product_cat-refrigeration-compact","8":"first","9":"outofstock","10":"taxable","11":"shipping-taxable","12":"product-type-simple"},"acf":[],"yoast_head":"<!-- This site is optimized with the Yoast SEO plugin v26.7 - https:\/\/yoast.com\/wordpress\/plugins\/seo\/ -->\n<title>Danby 3.2 pi3 R\u00e9frig\u00e9ration Compact - DCR032A2W-COR1 | Danby Canada<\/title>\n<meta name=\"description\" content=\"Comment \u00e9pater vos amis sans vous ruiner, procurez-vous simplement un exemplaire de cette \u00e9dition limit\u00e9e du r\u00e9frig\u00e9rateur compact Danby Coors Light. Il ne mesure que deux pieds de hauteur pour une capacit\u00e9 r\u00e9frig\u00e9rante de 92 litres (3,2 pieds cubes). C\u2019est l\u2019appareil id\u00e9al, tant pour le plancher que le comptoir et le choix parfait pour les petits espaces comme les chambres de dortoir et les minibars ext\u00e9rieurs. L\u2019espace de rangement, pour les bouteilles grand format, ne pose aucun probl\u00e8me et le distributeur de boissons CanStor de seconde g\u00e9n\u00e9ration est in\u00e9galable. Les accessoires peuvent \u00eatre ais\u00e9ment entrepos\u00e9s sur le plan de travail r\u00e9sistant aux rayures et il n\u2019est pas n\u00e9cessaire de d\u00e9givrer l\u2019appareil, cela se fait automatiquement. Ce magnifique mod\u00e8le est \u00e9quip\u00e9 d\u2019un thermostat m\u00e9canique et de 2,5 solides clayettes, offrant un maximum de versatilit\u00e9 d\u2019entreposage. Les utilisateurs, qu\u2019ils soient gauchers ou droitiers, adoreront la pratique porte r\u00e9versible et la poign\u00e9e int\u00e9gr\u00e9e. Cet appareil compact est offert avec une garantie de 12 mois sur les pi\u00e8ces et la main-d\u2019\u0153uvre.\" \/>\n<meta name=\"robots\" content=\"index, follow, max-snippet:-1, max-image-preview:large, max-video-preview:-1\" \/>\n<link rel=\"canonical\" href=\"https:\/\/www.danby.com\/fr\/products\/refrigeration-compact\/dcr032a2w-cor1\/\" \/>\n<meta property=\"og:locale\" content=\"fr_CA\" \/>\n<meta property=\"og:type\" content=\"article\" \/>\n<meta property=\"og:title\" content=\"Danby 3.2 pi3 R\u00e9frig\u00e9ration Compact - DCR032A2W-COR1 | Danby Canada\" \/>\n<meta property=\"og:description\" content=\"Comment \u00e9pater vos amis sans vous ruiner, procurez-vous simplement un exemplaire de cette \u00e9dition limit\u00e9e du r\u00e9frig\u00e9rateur compact Danby Coors Light. Il ne mesure que deux pieds de hauteur pour une capacit\u00e9 r\u00e9frig\u00e9rante de 92 litres (3,2 pieds cubes). C\u2019est l\u2019appareil id\u00e9al, tant pour le plancher que le comptoir et le choix parfait pour les petits espaces comme les chambres de dortoir et les minibars ext\u00e9rieurs. L\u2019espace de rangement, pour les bouteilles grand format, ne pose aucun probl\u00e8me et le distributeur de boissons CanStor de seconde g\u00e9n\u00e9ration est in\u00e9galable. Les accessoires peuvent \u00eatre ais\u00e9ment entrepos\u00e9s sur le plan de travail r\u00e9sistant aux rayures et il n\u2019est pas n\u00e9cessaire de d\u00e9givrer l\u2019appareil, cela se fait automatiquement. Ce magnifique mod\u00e8le est \u00e9quip\u00e9 d\u2019un thermostat m\u00e9canique et de 2,5 solides clayettes, offrant un maximum de versatilit\u00e9 d\u2019entreposage. Les utilisateurs, qu\u2019ils soient gauchers ou droitiers, adoreront la pratique porte r\u00e9versible et la poign\u00e9e int\u00e9gr\u00e9e. Cet appareil compact est offert avec une garantie de 12 mois sur les pi\u00e8ces et la main-d\u2019\u0153uvre.\" \/>\n<meta property=\"og:url\" content=\"https:\/\/www.danby.com\/fr\/products\/refrigeration-compact\/dcr032a2w-cor1\/\" \/>\n<meta property=\"og:site_name\" content=\"Danby - Canada - French\" \/>\n<meta property=\"article:publisher\" content=\"https:\/\/www.facebook.com\/DanbyAppliances\" \/>\n<meta property=\"article:modified_time\" content=\"2026-04-22T10:09:49+00:00\" \/>\n<meta property=\"og:image\" content=\"https:\/\/cdnweb.danby.com\/wp-content\/uploads\/sites\/2\/2022\/02\/08191945\/Med-DCR032A2W-COR11.jpg\" \/>\n\t<meta property=\"og:image:width\" content=\"300\" \/>\n\t<meta property=\"og:image:height\" content=\"272\" \/>\n\t<meta property=\"og:image:type\" content=\"image\/jpeg\" \/>\n<meta name=\"twitter:card\" content=\"summary_large_image\" \/>\n<meta name=\"twitter:site\" content=\"@DanbyAppliance\" \/>\n<script type=\"application\/ld+json\" class=\"yoast-schema-graph\">{\"@context\":\"https:\/\/schema.org\",\"@graph\":[{\"@type\":[\"WebPage\",\"ItemPage\"],\"url\":\"https:\/\/www.danby.com\/fr\/products\/refrigeration-compact\/dcr032a2w-cor1\/\",\"name\":\"Danby 3.2 pi3 R\u00e9frig\u00e9ration Compact - DCR032A2W-COR1 | Danby Canada\",\"isPartOf\":[],\"primaryImageOfPage\":[],\"image\":[],\"thumbnailUrl\":\"https:\/\/cdnweb.danby.com\/wp-content\/uploads\/sites\/2\/2022\/02\/08191945\/Med-DCR032A2W-COR11.jpg\",\"datePublished\":\"2022-02-03T19:15:33+00:00\",\"dateModified\":\"2026-04-22T10:09:49+00:00\",\"description\":\"Comment \u00e9pater vos amis sans vous ruiner, procurez-vous simplement un exemplaire de cette \u00e9dition limit\u00e9e du r\u00e9frig\u00e9rateur compact Danby Coors Light. Il ne mesure que deux pieds de hauteur pour une capacit\u00e9 r\u00e9frig\u00e9rante de 92 litres (3,2 pieds cubes). C\u2019est l\u2019appareil id\u00e9al, tant pour le plancher que le comptoir et le choix parfait pour les petits espaces comme les chambres de dortoir et les minibars ext\u00e9rieurs. L\u2019espace de rangement, pour les bouteilles grand format, ne pose aucun probl\u00e8me et le distributeur de boissons CanStor de seconde g\u00e9n\u00e9ration est in\u00e9galable. Les accessoires peuvent \u00eatre ais\u00e9ment entrepos\u00e9s sur le plan de travail r\u00e9sistant aux rayures et il n\u2019est pas n\u00e9cessaire de d\u00e9givrer l\u2019appareil, cela se fait automatiquement. Ce magnifique mod\u00e8le est \u00e9quip\u00e9 d\u2019un thermostat m\u00e9canique et de 2,5 solides clayettes, offrant un maximum de versatilit\u00e9 d\u2019entreposage. Les utilisateurs, qu\u2019ils soient gauchers ou droitiers, adoreront la pratique porte r\u00e9versible et la poign\u00e9e int\u00e9gr\u00e9e. Cet appareil compact est offert avec une garantie de 12 mois sur les pi\u00e8ces et la main-d\u2019\u0153uvre.\",\"breadcrumb\":[],\"inLanguage\":\"fr-CA\",\"potentialAction\":[{\"@type\":\"ReadAction\",\"target\":[\"https:\/\/www.danby.com\/fr\/products\/refrigeration-compact\/dcr032a2w-cor1\/\"]}]},{\"@type\":\"ImageObject\",\"inLanguage\":\"fr-CA\",\"url\":\"https:\/\/cdnweb.danby.com\/wp-content\/uploads\/sites\/2\/2022\/02\/08191945\/Med-DCR032A2W-COR11.jpg\",\"contentUrl\":\"https:\/\/cdnweb.danby.com\/wp-content\/uploads\/sites\/2\/2022\/02\/08191945\/Med-DCR032A2W-COR11.jpg\",\"width\":300,\"height\":272},{\"@type\":\"BreadcrumbList\",\"itemListElement\":[{\"@type\":\"ListItem\",\"position\":1,\"name\":\"Home\",\"item\":\"https:\/\/www.danby.com\/fr\/\"},{\"@type\":\"ListItem\",\"position\":2,\"name\":\"Boutique\",\"item\":\"https:\/\/www.danby.com\/fr\/boutique\/\"},{\"@type\":\"ListItem\",\"position\":3,\"name\":\"Danby 3.2 pi3 R\u00e9frig\u00e9ration Compact\"}]},{\"@type\":\"WebSite\",\"url\":\"https:\/\/www.danby.com\/fr\/\",\"name\":\"Danby - Canada - French\",\"description\":\"Leader dans le domaine de la r\u00e9frig\u00e9ration et des appareils sp\u00e9cialis\u00e9s\",\"publisher\":[],\"potentialAction\":[{\"@type\":\"SearchAction\",\"target\":{\"@type\":\"EntryPoint\",\"urlTemplate\":\"https:\/\/www.danby.com\/fr\/?s={search_term_string}\"},\"query-input\":{\"@type\":\"PropertyValueSpecification\",\"valueRequired\":true,\"valueName\":\"search_term_string\"}}],\"inLanguage\":\"fr-CA\"},{\"@type\":\"Organization\",\"name\":\"Danby Appliances\",\"url\":\"https:\/\/www.danby.com\/fr\/\",\"logo\":{\"@type\":\"ImageObject\",\"inLanguage\":\"fr-CA\",\"url\":\"https:\/\/cdnweb.danby.com\/wp-content\/uploads\/sites\/2\/2022\/02\/10141906\/Danby75Ans_Blue.png\",\"contentUrl\":\"https:\/\/cdnweb.danby.com\/wp-content\/uploads\/sites\/2\/2022\/02\/10141906\/Danby75Ans_Blue.png\",\"width\":470,\"height\":110,\"caption\":\"Danby Appliances\"},\"image\":[],\"sameAs\":[\"https:\/\/www.facebook.com\/DanbyAppliances\",\"https:\/\/x.com\/DanbyAppliance\",\"https:\/\/instagram.com\/danbyappliances\/\",\"https:\/\/www.linkedin.com\/company\/danbyappliances\",\"https:\/\/www.pinterest.ca\/danbyappliances\/\",\"https:\/\/www.youtube.com\/user\/DanbyProducts\",\"https:\/\/en.wikipedia.org\/wiki\/Danby_(appliances)\"]}]}<\/script>\n<!-- \/ Yoast SEO plugin. -->","yoast_head_json":{"title":"Danby 3.2 pi3 R\u00e9frig\u00e9ration Compact - DCR032A2W-COR1 | Danby Canada","description":"Comment \u00e9pater vos amis sans vous ruiner, procurez-vous simplement un exemplaire de cette \u00e9dition limit\u00e9e du r\u00e9frig\u00e9rateur compact Danby Coors Light. Il ne mesure que deux pieds de hauteur pour une capacit\u00e9 r\u00e9frig\u00e9rante de 92 litres (3,2 pieds cubes). C\u2019est l\u2019appareil id\u00e9al, tant pour le plancher que le comptoir et le choix parfait pour les petits espaces comme les chambres de dortoir et les minibars ext\u00e9rieurs. L\u2019espace de rangement, pour les bouteilles grand format, ne pose aucun probl\u00e8me et le distributeur de boissons CanStor de seconde g\u00e9n\u00e9ration est in\u00e9galable. Les accessoires peuvent \u00eatre ais\u00e9ment entrepos\u00e9s sur le plan de travail r\u00e9sistant aux rayures et il n\u2019est pas n\u00e9cessaire de d\u00e9givrer l\u2019appareil, cela se fait automatiquement. Ce magnifique mod\u00e8le est \u00e9quip\u00e9 d\u2019un thermostat m\u00e9canique et de 2,5 solides clayettes, offrant un maximum de versatilit\u00e9 d\u2019entreposage. Les utilisateurs, qu\u2019ils soient gauchers ou droitiers, adoreront la pratique porte r\u00e9versible et la poign\u00e9e int\u00e9gr\u00e9e. Cet appareil compact est offert avec une garantie de 12 mois sur les pi\u00e8ces et la main-d\u2019\u0153uvre.","robots":{"index":"index","follow":"follow","max-snippet":"max-snippet:-1","max-image-preview":"max-image-preview:large","max-video-preview":"max-video-preview:-1"},"canonical":"https:\/\/www.danby.com\/fr\/products\/refrigeration-compact\/dcr032a2w-cor1\/","og_locale":"fr_CA","og_type":"article","og_title":"Danby 3.2 pi3 R\u00e9frig\u00e9ration Compact - DCR032A2W-COR1 | Danby Canada","og_description":"Comment \u00e9pater vos amis sans vous ruiner, procurez-vous simplement un exemplaire de cette \u00e9dition limit\u00e9e du r\u00e9frig\u00e9rateur compact Danby Coors Light. Il ne mesure que deux pieds de hauteur pour une capacit\u00e9 r\u00e9frig\u00e9rante de 92 litres (3,2 pieds cubes). C\u2019est l\u2019appareil id\u00e9al, tant pour le plancher que le comptoir et le choix parfait pour les petits espaces comme les chambres de dortoir et les minibars ext\u00e9rieurs. L\u2019espace de rangement, pour les bouteilles grand format, ne pose aucun probl\u00e8me et le distributeur de boissons CanStor de seconde g\u00e9n\u00e9ration est in\u00e9galable. Les accessoires peuvent \u00eatre ais\u00e9ment entrepos\u00e9s sur le plan de travail r\u00e9sistant aux rayures et il n\u2019est pas n\u00e9cessaire de d\u00e9givrer l\u2019appareil, cela se fait automatiquement. Ce magnifique mod\u00e8le est \u00e9quip\u00e9 d\u2019un thermostat m\u00e9canique et de 2,5 solides clayettes, offrant un maximum de versatilit\u00e9 d\u2019entreposage. Les utilisateurs, qu\u2019ils soient gauchers ou droitiers, adoreront la pratique porte r\u00e9versible et la poign\u00e9e int\u00e9gr\u00e9e. Cet appareil compact est offert avec une garantie de 12 mois sur les pi\u00e8ces et la main-d\u2019\u0153uvre.","og_url":"https:\/\/www.danby.com\/fr\/products\/refrigeration-compact\/dcr032a2w-cor1\/","og_site_name":"Danby - Canada - French","article_publisher":"https:\/\/www.facebook.com\/DanbyAppliances","article_modified_time":"2026-04-22T10:09:49+00:00","og_image":[{"width":300,"height":272,"url":"https:\/\/cdnweb.danby.com\/wp-content\/uploads\/sites\/2\/2022\/02\/08191945\/Med-DCR032A2W-COR11.jpg","type":"image\/jpeg"}],"twitter_card":"summary_large_image","twitter_site":"@DanbyAppliance","schema":{"@context":"https:\/\/schema.org","@graph":[{"@type":["WebPage","ItemPage"],"url":"https:\/\/www.danby.com\/fr\/products\/refrigeration-compact\/dcr032a2w-cor1\/","name":"Danby 3.2 pi3 R\u00e9frig\u00e9ration Compact - DCR032A2W-COR1 | Danby Canada","isPartOf":[],"primaryImageOfPage":[],"image":[],"thumbnailUrl":"https:\/\/cdnweb.danby.com\/wp-content\/uploads\/sites\/2\/2022\/02\/08191945\/Med-DCR032A2W-COR11.jpg","datePublished":"2022-02-03T19:15:33+00:00","dateModified":"2026-04-22T10:09:49+00:00","description":"Comment \u00e9pater vos amis sans vous ruiner, procurez-vous simplement un exemplaire de cette \u00e9dition limit\u00e9e du r\u00e9frig\u00e9rateur compact Danby Coors Light. Il ne mesure que deux pieds de hauteur pour une capacit\u00e9 r\u00e9frig\u00e9rante de 92 litres (3,2 pieds cubes). C\u2019est l\u2019appareil id\u00e9al, tant pour le plancher que le comptoir et le choix parfait pour les petits espaces comme les chambres de dortoir et les minibars ext\u00e9rieurs. L\u2019espace de rangement, pour les bouteilles grand format, ne pose aucun probl\u00e8me et le distributeur de boissons CanStor de seconde g\u00e9n\u00e9ration est in\u00e9galable. Les accessoires peuvent \u00eatre ais\u00e9ment entrepos\u00e9s sur le plan de travail r\u00e9sistant aux rayures et il n\u2019est pas n\u00e9cessaire de d\u00e9givrer l\u2019appareil, cela se fait automatiquement. Ce magnifique mod\u00e8le est \u00e9quip\u00e9 d\u2019un thermostat m\u00e9canique et de 2,5 solides clayettes, offrant un maximum de versatilit\u00e9 d\u2019entreposage. Les utilisateurs, qu\u2019ils soient gauchers ou droitiers, adoreront la pratique porte r\u00e9versible et la poign\u00e9e int\u00e9gr\u00e9e. Cet appareil compact est offert avec une garantie de 12 mois sur les pi\u00e8ces et la main-d\u2019\u0153uvre.","breadcrumb":[],"inLanguage":"fr-CA","potentialAction":[{"@type":"ReadAction","target":["https:\/\/www.danby.com\/fr\/products\/refrigeration-compact\/dcr032a2w-cor1\/"]}]},{"@type":"ImageObject","inLanguage":"fr-CA","url":"https:\/\/cdnweb.danby.com\/wp-content\/uploads\/sites\/2\/2022\/02\/08191945\/Med-DCR032A2W-COR11.jpg","contentUrl":"https:\/\/cdnweb.danby.com\/wp-content\/uploads\/sites\/2\/2022\/02\/08191945\/Med-DCR032A2W-COR11.jpg","width":300,"height":272},{"@type":"BreadcrumbList","itemListElement":[{"@type":"ListItem","position":1,"name":"Home","item":"https:\/\/www.danby.com\/fr\/"},{"@type":"ListItem","position":2,"name":"Boutique","item":"https:\/\/www.danby.com\/fr\/boutique\/"},{"@type":"ListItem","position":3,"name":"Danby 3.2 pi3 R\u00e9frig\u00e9ration Compact"}]},{"@type":"WebSite","url":"https:\/\/www.danby.com\/fr\/","name":"Danby - Canada - French","description":"Leader dans le domaine de la r\u00e9frig\u00e9ration et des appareils sp\u00e9cialis\u00e9s","publisher":[],"potentialAction":[{"@type":"SearchAction","target":{"@type":"EntryPoint","urlTemplate":"https:\/\/www.danby.com\/fr\/?s={search_term_string}"},"query-input":{"@type":"PropertyValueSpecification","valueRequired":true,"valueName":"search_term_string"}}],"inLanguage":"fr-CA"},{"@type":"Organization","name":"Danby Appliances","url":"https:\/\/www.danby.com\/fr\/","logo":{"@type":"ImageObject","inLanguage":"fr-CA","url":"https:\/\/cdnweb.danby.com\/wp-content\/uploads\/sites\/2\/2022\/02\/10141906\/Danby75Ans_Blue.png","contentUrl":"https:\/\/cdnweb.danby.com\/wp-content\/uploads\/sites\/2\/2022\/02\/10141906\/Danby75Ans_Blue.png","width":470,"height":110,"caption":"Danby Appliances"},"image":[],"sameAs":["https:\/\/www.facebook.com\/DanbyAppliances","https:\/\/x.com\/DanbyAppliance","https:\/\/instagram.com\/danbyappliances\/","https:\/\/www.linkedin.com\/company\/danbyappliances","https:\/\/www.pinterest.ca\/danbyappliances\/","https:\/\/www.youtube.com\/user\/DanbyProducts","https:\/\/en.wikipedia.org\/wiki\/Danby_(appliances)"]}]}},"post_mailing_queue_ids":[],"_links":{"self":[{"href":"https:\/\/www.danby.com\/fr\/wp-json\/wp\/v2\/product\/4792","targetHints":{"allow":["GET"]}}],"collection":[{"href":"https:\/\/www.danby.com\/fr\/wp-json\/wp\/v2\/product"}],"about":[{"href":"https:\/\/www.danby.com\/fr\/wp-json\/wp\/v2\/types\/product"}],"replies":[{"embeddable":true,"href":"https:\/\/www.danby.com\/fr\/wp-json\/wp\/v2\/comments?post=4792"}],"wp:featuredmedia":[{"embeddable":true,"href":"https:\/\/www.danby.com\/fr\/wp-json\/wp\/v2\/media\/7149"}],"wp:attachment":[{"href":"https:\/\/www.danby.com\/fr\/wp-json\/wp\/v2\/media?parent=4792"}],"wp:term":[{"taxonomy":"product_brand","embeddable":true,"href":"https:\/\/www.danby.com\/fr\/wp-json\/wp\/v2\/product_brand?post=4792"},{"taxonomy":"product_cat","embeddable":true,"href":"https:\/\/www.danby.com\/fr\/wp-json\/wp\/v2\/product_cat?post=4792"},{"taxonomy":"product_tag","embeddable":true,"href":"https:\/\/www.danby.com\/fr\/wp-json\/wp\/v2\/product_tag?post=4792"}],"curies":[{"name":"wp","href":"https:\/\/api.w.org\/{rel}","templated":true}]}}