{"id":4791,"date":"2022-02-03T19:15:33","date_gmt":"2022-02-03T19:15:33","guid":{"rendered":"https:\/\/www.danby.com\/fr\/product\/dcr032a2bsldd\/"},"modified":"2026-04-11T10:02:11","modified_gmt":"2026-04-11T10:02:11","slug":"dcr032a2bsldd","status":"publish","type":"product","link":"https:\/\/www.danby.com\/fr\/products\/refrigeration-compact\/dcr032a2bsldd\/","title":{"rendered":"R\u00e9frig\u00e9rateur compact de 3,2 pi3 en acier inoxydable Danby Designer"},"content":{"rendered":"","protected":false},"excerpt":{"rendered":"<ul>\n<li>R\u00e9frig\u00e9rateur compact d&#8217;une capacit\u00e9 de 91 litres (3,2 pi3)<\/li>\n<li>Certifi\u00e9 ENERGY STAR\u00ae<\/li>\n<li>R\u00e9frig\u00e9rant R600a <\/li>\n<li>Finition impeccable de la porte en acier<\/li>\n<li>Section cong\u00e9lateur pleine largeur<\/li>\n<li>D\u00e9givrage semi-automatique<\/li>\n<li>1 tablette en verre r\u00e9glable sur toute la largeur et 1 tablette en verre sur 1\/2 largeur<\/li>\n<li>Distributeur de boissons CanStor\u00ae.<\/li>\n<li>\u00c9tag\u00e8res de porte int\u00e9gr\u00e9es avec rangement pour les grandes bouteilles<\/li>\n<li>Poign\u00e9e de porte int\u00e9gr\u00e9e<\/li>\n<li>Charni\u00e8re de porte r\u00e9versible<\/li>\n<li>Conception du dos lisse<\/li>\n<\/ul>\n","protected":false},"featured_media":34805,"comment_status":"closed","ping_status":"open","template":"","meta":{"_acf_changed":false},"product_brand":[],"product_cat":[22],"product_tag":[],"class_list":{"0":"post-4791","1":"product","2":"type-product","3":"status-publish","4":"has-post-thumbnail","6":"product_cat-refrigeration-compact","8":"first","9":"instock","10":"taxable","11":"shipping-taxable","12":"purchasable","13":"product-type-simple"},"acf":[],"yoast_head":"<!-- This site is optimized with the Yoast SEO plugin v26.7 - https:\/\/yoast.com\/wordpress\/plugins\/seo\/ -->\n<title>R\u00e9frig\u00e9rateur compact de 3,2 pi3 en acier inoxydable Danby Designer - DCR032A2BSLDD | Danby Canada<\/title>\n<meta name=\"description\" content=\"Le r\u00e9frig\u00e9rateur compact \u00e0 hauteur de comptoir de Danby Designer offre un espace de rangement de 91 litres (3,2 pieds cubes) et est parfait pour le dortoir, la chambre \u00e0 coucher ou la salle \u00e0 manger, car ce mod\u00e8le peut \u00eatre r\u00e9gl\u00e9 \u00e0 la m\u00eame hauteur que le comptoir. Parmi ses caract\u00e9ristiques exceptionnelles, citons une section de cong\u00e9lation pleine largeur, notre distributeur de boissons brevet\u00e9 Canstor\u00ae et un compartiment \u00e0 \u0153ufs moul\u00e9. De plus, vous n&#039;aurez pas \u00e0 vous soucier de factures d&#039;\u00e9lectricit\u00e9 \u00e9lev\u00e9es puisque ce r\u00e9frig\u00e9rateur compact est conforme \u00e0 la norme ENERGY STAR\u00ae. Ce petit r\u00e9frig\u00e9rateur est \u00e9galement dot\u00e9 d&#039;une ing\u00e9nieuse charni\u00e8re de porte r\u00e9versible qui vous permet de l&#039;ajuster pour une ouverture \u00e0 gauche ou \u00e0 droite.\" \/>\n<meta name=\"robots\" content=\"index, follow, max-snippet:-1, max-image-preview:large, max-video-preview:-1\" \/>\n<link rel=\"canonical\" href=\"https:\/\/www.danby.com\/fr\/products\/refrigeration-compact\/dcr032a2bsldd\/\" \/>\n<meta property=\"og:locale\" content=\"fr_CA\" \/>\n<meta property=\"og:type\" content=\"article\" \/>\n<meta property=\"og:title\" content=\"R\u00e9frig\u00e9rateur compact de 3,2 pi3 en acier inoxydable Danby Designer - DCR032A2BSLDD | Danby Canada\" \/>\n<meta property=\"og:description\" content=\"Le r\u00e9frig\u00e9rateur compact \u00e0 hauteur de comptoir de Danby Designer offre un espace de rangement de 91 litres (3,2 pieds cubes) et est parfait pour le dortoir, la chambre \u00e0 coucher ou la salle \u00e0 manger, car ce mod\u00e8le peut \u00eatre r\u00e9gl\u00e9 \u00e0 la m\u00eame hauteur que le comptoir. Parmi ses caract\u00e9ristiques exceptionnelles, citons une section de cong\u00e9lation pleine largeur, notre distributeur de boissons brevet\u00e9 Canstor\u00ae et un compartiment \u00e0 \u0153ufs moul\u00e9. De plus, vous n&#039;aurez pas \u00e0 vous soucier de factures d&#039;\u00e9lectricit\u00e9 \u00e9lev\u00e9es puisque ce r\u00e9frig\u00e9rateur compact est conforme \u00e0 la norme ENERGY STAR\u00ae. Ce petit r\u00e9frig\u00e9rateur est \u00e9galement dot\u00e9 d&#039;une ing\u00e9nieuse charni\u00e8re de porte r\u00e9versible qui vous permet de l&#039;ajuster pour une ouverture \u00e0 gauche ou \u00e0 droite.\" \/>\n<meta property=\"og:url\" content=\"https:\/\/www.danby.com\/fr\/products\/refrigeration-compact\/dcr032a2bsldd\/\" \/>\n<meta property=\"og:site_name\" content=\"Danby - Canada - French\" \/>\n<meta property=\"article:publisher\" content=\"https:\/\/www.facebook.com\/DanbyAppliances\" \/>\n<meta property=\"article:modified_time\" content=\"2026-04-11T10:02:11+00:00\" \/>\n<meta property=\"og:image\" content=\"https:\/\/cdnweb.danby.com\/wp-content\/uploads\/sites\/2\/2024\/04\/24181220\/Thumbnail__0010_DCR032A2BSLDD.jpg\" \/>\n\t<meta property=\"og:image:width\" content=\"1125\" \/>\n\t<meta property=\"og:image:height\" content=\"1500\" \/>\n\t<meta property=\"og:image:type\" content=\"image\/jpeg\" \/>\n<meta name=\"twitter:card\" content=\"summary_large_image\" \/>\n<meta name=\"twitter:site\" content=\"@DanbyAppliance\" \/>\n<script type=\"application\/ld+json\" class=\"yoast-schema-graph\">{\"@context\":\"https:\/\/schema.org\",\"@graph\":[{\"@type\":[\"WebPage\",\"ItemPage\"],\"url\":\"https:\/\/www.danby.com\/fr\/products\/refrigeration-compact\/dcr032a2bsldd\/\",\"name\":\"R\u00e9frig\u00e9rateur compact de 3,2 pi3 en acier inoxydable Danby Designer - DCR032A2BSLDD | Danby Canada\",\"isPartOf\":[],\"primaryImageOfPage\":[],\"image\":[],\"thumbnailUrl\":\"https:\/\/www.danby.com\/fr\/wp-content\/uploads\/sites\/2\/2025\/09\/dcr032a2bsldd-thumbnail.jpg\",\"datePublished\":\"2022-02-03T19:15:33+00:00\",\"dateModified\":\"2026-04-11T10:02:11+00:00\",\"description\":\"Le r\u00e9frig\u00e9rateur compact \u00e0 hauteur de comptoir de Danby Designer offre un espace de rangement de 91 litres (3,2 pieds cubes) et est parfait pour le dortoir, la chambre \u00e0 coucher ou la salle \u00e0 manger, car ce mod\u00e8le peut \u00eatre r\u00e9gl\u00e9 \u00e0 la m\u00eame hauteur que le comptoir. Parmi ses caract\u00e9ristiques exceptionnelles, citons une section de cong\u00e9lation pleine largeur, notre distributeur de boissons brevet\u00e9 Canstor\u00ae et un compartiment \u00e0 \u0153ufs moul\u00e9. De plus, vous n'aurez pas \u00e0 vous soucier de factures d'\u00e9lectricit\u00e9 \u00e9lev\u00e9es puisque ce r\u00e9frig\u00e9rateur compact est conforme \u00e0 la norme ENERGY STAR\u00ae. Ce petit r\u00e9frig\u00e9rateur est \u00e9galement dot\u00e9 d'une ing\u00e9nieuse charni\u00e8re de porte r\u00e9versible qui vous permet de l'ajuster pour une ouverture \u00e0 gauche ou \u00e0 droite.\",\"breadcrumb\":[],\"inLanguage\":\"fr-CA\",\"potentialAction\":[{\"@type\":\"ReadAction\",\"target\":[\"https:\/\/www.danby.com\/fr\/products\/refrigeration-compact\/dcr032a2bsldd\/\"]}]},{\"@type\":\"ImageObject\",\"inLanguage\":\"fr-CA\",\"url\":\"https:\/\/www.danby.com\/fr\/wp-content\/uploads\/sites\/2\/2025\/09\/dcr032a2bsldd-thumbnail.jpg\",\"contentUrl\":\"https:\/\/www.danby.com\/fr\/wp-content\/uploads\/sites\/2\/2025\/09\/dcr032a2bsldd-thumbnail.jpg\",\"width\":768,\"height\":1024},{\"@type\":\"BreadcrumbList\",\"itemListElement\":[{\"@type\":\"ListItem\",\"position\":1,\"name\":\"Home\",\"item\":\"https:\/\/www.danby.com\/fr\/\"},{\"@type\":\"ListItem\",\"position\":2,\"name\":\"Boutique\",\"item\":\"https:\/\/www.danby.com\/fr\/boutique\/\"},{\"@type\":\"ListItem\",\"position\":3,\"name\":\"R\u00e9frig\u00e9rateur compact de 3,2 pi3 en acier inoxydable Danby Designer\"}]},{\"@type\":\"WebSite\",\"url\":\"https:\/\/www.danby.com\/fr\/\",\"name\":\"Danby - Canada - French\",\"description\":\"Leader dans le domaine de la r\u00e9frig\u00e9ration et des appareils sp\u00e9cialis\u00e9s\",\"publisher\":[],\"potentialAction\":[{\"@type\":\"SearchAction\",\"target\":{\"@type\":\"EntryPoint\",\"urlTemplate\":\"https:\/\/www.danby.com\/fr\/?s={search_term_string}\"},\"query-input\":{\"@type\":\"PropertyValueSpecification\",\"valueRequired\":true,\"valueName\":\"search_term_string\"}}],\"inLanguage\":\"fr-CA\"},{\"@type\":\"Organization\",\"name\":\"Danby Appliances\",\"url\":\"https:\/\/www.danby.com\/fr\/\",\"logo\":{\"@type\":\"ImageObject\",\"inLanguage\":\"fr-CA\",\"url\":\"https:\/\/cdnweb.danby.com\/wp-content\/uploads\/sites\/2\/2022\/02\/10141906\/Danby75Ans_Blue.png\",\"contentUrl\":\"https:\/\/cdnweb.danby.com\/wp-content\/uploads\/sites\/2\/2022\/02\/10141906\/Danby75Ans_Blue.png\",\"width\":470,\"height\":110,\"caption\":\"Danby Appliances\"},\"image\":[],\"sameAs\":[\"https:\/\/www.facebook.com\/DanbyAppliances\",\"https:\/\/x.com\/DanbyAppliance\",\"https:\/\/instagram.com\/danbyappliances\/\",\"https:\/\/www.linkedin.com\/company\/danbyappliances\",\"https:\/\/www.pinterest.ca\/danbyappliances\/\",\"https:\/\/www.youtube.com\/user\/DanbyProducts\",\"https:\/\/en.wikipedia.org\/wiki\/Danby_(appliances)\"]}]}<\/script>\n<!-- \/ Yoast SEO plugin. -->","yoast_head_json":{"title":"R\u00e9frig\u00e9rateur compact de 3,2 pi3 en acier inoxydable Danby Designer - DCR032A2BSLDD | Danby Canada","description":"Le r\u00e9frig\u00e9rateur compact \u00e0 hauteur de comptoir de Danby Designer offre un espace de rangement de 91 litres (3,2 pieds cubes) et est parfait pour le dortoir, la chambre \u00e0 coucher ou la salle \u00e0 manger, car ce mod\u00e8le peut \u00eatre r\u00e9gl\u00e9 \u00e0 la m\u00eame hauteur que le comptoir. Parmi ses caract\u00e9ristiques exceptionnelles, citons une section de cong\u00e9lation pleine largeur, notre distributeur de boissons brevet\u00e9 Canstor\u00ae et un compartiment \u00e0 \u0153ufs moul\u00e9. De plus, vous n'aurez pas \u00e0 vous soucier de factures d'\u00e9lectricit\u00e9 \u00e9lev\u00e9es puisque ce r\u00e9frig\u00e9rateur compact est conforme \u00e0 la norme ENERGY STAR\u00ae. Ce petit r\u00e9frig\u00e9rateur est \u00e9galement dot\u00e9 d'une ing\u00e9nieuse charni\u00e8re de porte r\u00e9versible qui vous permet de l'ajuster pour une ouverture \u00e0 gauche ou \u00e0 droite.","robots":{"index":"index","follow":"follow","max-snippet":"max-snippet:-1","max-image-preview":"max-image-preview:large","max-video-preview":"max-video-preview:-1"},"canonical":"https:\/\/www.danby.com\/fr\/products\/refrigeration-compact\/dcr032a2bsldd\/","og_locale":"fr_CA","og_type":"article","og_title":"R\u00e9frig\u00e9rateur compact de 3,2 pi3 en acier inoxydable Danby Designer - DCR032A2BSLDD | Danby Canada","og_description":"Le r\u00e9frig\u00e9rateur compact \u00e0 hauteur de comptoir de Danby Designer offre un espace de rangement de 91 litres (3,2 pieds cubes) et est parfait pour le dortoir, la chambre \u00e0 coucher ou la salle \u00e0 manger, car ce mod\u00e8le peut \u00eatre r\u00e9gl\u00e9 \u00e0 la m\u00eame hauteur que le comptoir. Parmi ses caract\u00e9ristiques exceptionnelles, citons une section de cong\u00e9lation pleine largeur, notre distributeur de boissons brevet\u00e9 Canstor\u00ae et un compartiment \u00e0 \u0153ufs moul\u00e9. De plus, vous n'aurez pas \u00e0 vous soucier de factures d'\u00e9lectricit\u00e9 \u00e9lev\u00e9es puisque ce r\u00e9frig\u00e9rateur compact est conforme \u00e0 la norme ENERGY STAR\u00ae. Ce petit r\u00e9frig\u00e9rateur est \u00e9galement dot\u00e9 d'une ing\u00e9nieuse charni\u00e8re de porte r\u00e9versible qui vous permet de l'ajuster pour une ouverture \u00e0 gauche ou \u00e0 droite.","og_url":"https:\/\/www.danby.com\/fr\/products\/refrigeration-compact\/dcr032a2bsldd\/","og_site_name":"Danby - Canada - French","article_publisher":"https:\/\/www.facebook.com\/DanbyAppliances","article_modified_time":"2026-04-11T10:02:11+00:00","og_image":[{"width":1125,"height":1500,"url":"https:\/\/cdnweb.danby.com\/wp-content\/uploads\/sites\/2\/2024\/04\/24181220\/Thumbnail__0010_DCR032A2BSLDD.jpg","type":"image\/jpeg"}],"twitter_card":"summary_large_image","twitter_site":"@DanbyAppliance","schema":{"@context":"https:\/\/schema.org","@graph":[{"@type":["WebPage","ItemPage"],"url":"https:\/\/www.danby.com\/fr\/products\/refrigeration-compact\/dcr032a2bsldd\/","name":"R\u00e9frig\u00e9rateur compact de 3,2 pi3 en acier inoxydable Danby Designer - DCR032A2BSLDD | Danby Canada","isPartOf":[],"primaryImageOfPage":[],"image":[],"thumbnailUrl":"https:\/\/www.danby.com\/fr\/wp-content\/uploads\/sites\/2\/2025\/09\/dcr032a2bsldd-thumbnail.jpg","datePublished":"2022-02-03T19:15:33+00:00","dateModified":"2026-04-11T10:02:11+00:00","description":"Le r\u00e9frig\u00e9rateur compact \u00e0 hauteur de comptoir de Danby Designer offre un espace de rangement de 91 litres (3,2 pieds cubes) et est parfait pour le dortoir, la chambre \u00e0 coucher ou la salle \u00e0 manger, car ce mod\u00e8le peut \u00eatre r\u00e9gl\u00e9 \u00e0 la m\u00eame hauteur que le comptoir. Parmi ses caract\u00e9ristiques exceptionnelles, citons une section de cong\u00e9lation pleine largeur, notre distributeur de boissons brevet\u00e9 Canstor\u00ae et un compartiment \u00e0 \u0153ufs moul\u00e9. De plus, vous n'aurez pas \u00e0 vous soucier de factures d'\u00e9lectricit\u00e9 \u00e9lev\u00e9es puisque ce r\u00e9frig\u00e9rateur compact est conforme \u00e0 la norme ENERGY STAR\u00ae. Ce petit r\u00e9frig\u00e9rateur est \u00e9galement dot\u00e9 d'une ing\u00e9nieuse charni\u00e8re de porte r\u00e9versible qui vous permet de l'ajuster pour une ouverture \u00e0 gauche ou \u00e0 droite.","breadcrumb":[],"inLanguage":"fr-CA","potentialAction":[{"@type":"ReadAction","target":["https:\/\/www.danby.com\/fr\/products\/refrigeration-compact\/dcr032a2bsldd\/"]}]},{"@type":"ImageObject","inLanguage":"fr-CA","url":"https:\/\/www.danby.com\/fr\/wp-content\/uploads\/sites\/2\/2025\/09\/dcr032a2bsldd-thumbnail.jpg","contentUrl":"https:\/\/www.danby.com\/fr\/wp-content\/uploads\/sites\/2\/2025\/09\/dcr032a2bsldd-thumbnail.jpg","width":768,"height":1024},{"@type":"BreadcrumbList","itemListElement":[{"@type":"ListItem","position":1,"name":"Home","item":"https:\/\/www.danby.com\/fr\/"},{"@type":"ListItem","position":2,"name":"Boutique","item":"https:\/\/www.danby.com\/fr\/boutique\/"},{"@type":"ListItem","position":3,"name":"R\u00e9frig\u00e9rateur compact de 3,2 pi3 en acier inoxydable Danby Designer"}]},{"@type":"WebSite","url":"https:\/\/www.danby.com\/fr\/","name":"Danby - Canada - French","description":"Leader dans le domaine de la r\u00e9frig\u00e9ration et des appareils sp\u00e9cialis\u00e9s","publisher":[],"potentialAction":[{"@type":"SearchAction","target":{"@type":"EntryPoint","urlTemplate":"https:\/\/www.danby.com\/fr\/?s={search_term_string}"},"query-input":{"@type":"PropertyValueSpecification","valueRequired":true,"valueName":"search_term_string"}}],"inLanguage":"fr-CA"},{"@type":"Organization","name":"Danby Appliances","url":"https:\/\/www.danby.com\/fr\/","logo":{"@type":"ImageObject","inLanguage":"fr-CA","url":"https:\/\/cdnweb.danby.com\/wp-content\/uploads\/sites\/2\/2022\/02\/10141906\/Danby75Ans_Blue.png","contentUrl":"https:\/\/cdnweb.danby.com\/wp-content\/uploads\/sites\/2\/2022\/02\/10141906\/Danby75Ans_Blue.png","width":470,"height":110,"caption":"Danby Appliances"},"image":[],"sameAs":["https:\/\/www.facebook.com\/DanbyAppliances","https:\/\/x.com\/DanbyAppliance","https:\/\/instagram.com\/danbyappliances\/","https:\/\/www.linkedin.com\/company\/danbyappliances","https:\/\/www.pinterest.ca\/danbyappliances\/","https:\/\/www.youtube.com\/user\/DanbyProducts","https:\/\/en.wikipedia.org\/wiki\/Danby_(appliances)"]}]}},"post_mailing_queue_ids":[],"_links":{"self":[{"href":"https:\/\/www.danby.com\/fr\/wp-json\/wp\/v2\/product\/4791","targetHints":{"allow":["GET"]}}],"collection":[{"href":"https:\/\/www.danby.com\/fr\/wp-json\/wp\/v2\/product"}],"about":[{"href":"https:\/\/www.danby.com\/fr\/wp-json\/wp\/v2\/types\/product"}],"replies":[{"embeddable":true,"href":"https:\/\/www.danby.com\/fr\/wp-json\/wp\/v2\/comments?post=4791"}],"wp:featuredmedia":[{"embeddable":true,"href":"https:\/\/www.danby.com\/fr\/wp-json\/wp\/v2\/media\/34805"}],"wp:attachment":[{"href":"https:\/\/www.danby.com\/fr\/wp-json\/wp\/v2\/media?parent=4791"}],"wp:term":[{"taxonomy":"product_brand","embeddable":true,"href":"https:\/\/www.danby.com\/fr\/wp-json\/wp\/v2\/product_brand?post=4791"},{"taxonomy":"product_cat","embeddable":true,"href":"https:\/\/www.danby.com\/fr\/wp-json\/wp\/v2\/product_cat?post=4791"},{"taxonomy":"product_tag","embeddable":true,"href":"https:\/\/www.danby.com\/fr\/wp-json\/wp\/v2\/product_tag?post=4791"}],"curies":[{"name":"wp","href":"https:\/\/api.w.org\/{rel}","templated":true}]}}