{"id":4790,"date":"2022-02-03T19:15:33","date_gmt":"2022-02-03T19:15:33","guid":{"rendered":"https:\/\/www.danby.com\/fr\/product\/dcr032a2bdd\/"},"modified":"2026-05-02T10:08:22","modified_gmt":"2026-05-02T10:08:22","slug":"dcr032a2bdd","status":"publish","type":"product","link":"https:\/\/www.danby.com\/fr\/products\/refrigeration-compact\/dcr032a2bdd\/","title":{"rendered":"R\u00e9frig\u00e9rateur compact Danby Designer de 3,2 pi3 en noir"},"content":{"rendered":"","protected":false},"excerpt":{"rendered":"<ul>\n<li>R\u00e9frig\u00e9rateur compact d&#8217;une capacit\u00e9 de 91 litres (3,2 pi3)<\/li>\n<li>Certifi\u00e9 ENERGY STAR\u00ae<\/li>\n<li>R\u00e9frig\u00e9rant R600a <\/li>\n<li>Section cong\u00e9lateur pleine largeur<\/li>\n<li>D\u00e9givrage semi-automatique<\/li>\n<li>1 tablette en verre r\u00e9glable sur toute la largeur et 1 tablette en verre sur 1\/2 largeur<\/li>\n<li>\u00c9tag\u00e8res de porte int\u00e9gr\u00e9es avec rangement pour les grandes bouteilles<\/li>\n<li>Distributeur de boissons CanStor\u00ae.<\/li>\n<li>Thermostat m\u00e9canique<\/li>\n<li>Poign\u00e9e de porte int\u00e9gr\u00e9e<\/li>\n<li>Charni\u00e8re de porte r\u00e9versible<\/li>\n<li>Conception du dos lisse<\/li>\n<\/ul>\n","protected":false},"featured_media":34804,"comment_status":"closed","ping_status":"open","template":"","meta":{"_acf_changed":false},"product_brand":[],"product_cat":[22],"product_tag":[],"class_list":{"0":"post-4790","1":"product","2":"type-product","3":"status-publish","4":"has-post-thumbnail","6":"product_cat-refrigeration-compact","8":"first","9":"instock","10":"taxable","11":"shipping-taxable","12":"purchasable","13":"product-type-simple"},"acf":[],"yoast_head":"<!-- This site is optimized with the Yoast SEO plugin v27.5 - https:\/\/yoast.com\/product\/yoast-seo-wordpress\/ -->\n<title>R\u00e9frig\u00e9rateur compact Danby Designer de 3,2 pi3 en noir - DCR032A2BDD | Danby Canada<\/title>\n<meta name=\"description\" content=\"Si l&#039;espace est limit\u00e9, ce r\u00e9frig\u00e9rateur compact de Danby Designer est id\u00e9al, car il peut \u00eatre r\u00e9gl\u00e9 \u00e0 la m\u00eame hauteur que le comptoir de votre pi\u00e8ce. Ce mod\u00e8le populaire de 3,2 pieds cubes (91 L) est parfait pour les salles \u00e0 manger, les petites cuisines, les bars et les dortoirs. Cet appareil est \u00e9galement dot\u00e9 d&#039;une section de cong\u00e9lation pleine largeur pour les aliments surgel\u00e9s. La polyvalence de stockage est assur\u00e9e par une conception \u00e0 \u00e9tag\u00e8res et demi-\u00e9tag\u00e8res et l&#039;appareil est contr\u00f4l\u00e9 par un thermostat m\u00e9canique intelligent et un syst\u00e8me de d\u00e9givrage semi-automatique pratique. Vos boissons pr\u00e9f\u00e9r\u00e9es sont facilement accessibles gr\u00e2ce au syst\u00e8me de distribution de boissons CanStor\u00ae brevet\u00e9 par Danby, et il y a beaucoup de place pour les grandes bouteilles de soda. De plus, vous n&#039;aurez pas \u00e0 vous soucier des factures d&#039;\u00e9lectricit\u00e9 \u00e9lev\u00e9es puisque ce r\u00e9frig\u00e9rateur compact est certifi\u00e9 ENERGY STAR\u00ae. De plus, ce mod\u00e8le s&#039;int\u00e8gre facilement \u00e0 n&#039;importe quel d\u00e9cor existant, car il est propos\u00e9 dans des finitions \u00e9l\u00e9gantes en noir, blanc et acier inoxydable sans taches. Ce petit r\u00e9frig\u00e9rateur est \u00e9galement dot\u00e9 d&#039;une ing\u00e9nieuse charni\u00e8re de porte r\u00e9versible qui vous permet de l&#039;ajuster pour une ouverture \u00e0 gauche ou \u00e0 droite.\" \/>\n<meta name=\"robots\" content=\"index, follow, max-snippet:-1, max-image-preview:large, max-video-preview:-1\" \/>\n<link rel=\"canonical\" href=\"https:\/\/www.danby.com\/fr\/products\/refrigeration-compact\/dcr032a2bdd\/\" \/>\n<meta property=\"og:locale\" content=\"fr_CA\" \/>\n<meta property=\"og:type\" content=\"article\" \/>\n<meta property=\"og:title\" content=\"R\u00e9frig\u00e9rateur compact Danby Designer de 3,2 pi3 en noir - DCR032A2BDD | Danby Canada\" \/>\n<meta property=\"og:description\" content=\"Si l&#039;espace est limit\u00e9, ce r\u00e9frig\u00e9rateur compact de Danby Designer est id\u00e9al, car il peut \u00eatre r\u00e9gl\u00e9 \u00e0 la m\u00eame hauteur que le comptoir de votre pi\u00e8ce. Ce mod\u00e8le populaire de 3,2 pieds cubes (91 L) est parfait pour les salles \u00e0 manger, les petites cuisines, les bars et les dortoirs. Cet appareil est \u00e9galement dot\u00e9 d&#039;une section de cong\u00e9lation pleine largeur pour les aliments surgel\u00e9s. La polyvalence de stockage est assur\u00e9e par une conception \u00e0 \u00e9tag\u00e8res et demi-\u00e9tag\u00e8res et l&#039;appareil est contr\u00f4l\u00e9 par un thermostat m\u00e9canique intelligent et un syst\u00e8me de d\u00e9givrage semi-automatique pratique. Vos boissons pr\u00e9f\u00e9r\u00e9es sont facilement accessibles gr\u00e2ce au syst\u00e8me de distribution de boissons CanStor\u00ae brevet\u00e9 par Danby, et il y a beaucoup de place pour les grandes bouteilles de soda. De plus, vous n&#039;aurez pas \u00e0 vous soucier des factures d&#039;\u00e9lectricit\u00e9 \u00e9lev\u00e9es puisque ce r\u00e9frig\u00e9rateur compact est certifi\u00e9 ENERGY STAR\u00ae. De plus, ce mod\u00e8le s&#039;int\u00e8gre facilement \u00e0 n&#039;importe quel d\u00e9cor existant, car il est propos\u00e9 dans des finitions \u00e9l\u00e9gantes en noir, blanc et acier inoxydable sans taches. Ce petit r\u00e9frig\u00e9rateur est \u00e9galement dot\u00e9 d&#039;une ing\u00e9nieuse charni\u00e8re de porte r\u00e9versible qui vous permet de l&#039;ajuster pour une ouverture \u00e0 gauche ou \u00e0 droite.\" \/>\n<meta property=\"og:url\" content=\"https:\/\/www.danby.com\/fr\/products\/refrigeration-compact\/dcr032a2bdd\/\" \/>\n<meta property=\"og:site_name\" content=\"Danby - Canada - French\" \/>\n<meta property=\"article:publisher\" content=\"https:\/\/www.facebook.com\/DanbyAppliances\" \/>\n<meta property=\"article:modified_time\" content=\"2026-05-02T10:08:22+00:00\" \/>\n<meta property=\"og:image\" content=\"https:\/\/cdnweb.danby.com\/wp-content\/uploads\/sites\/2\/2024\/04\/24181250\/Thumbnail__0011_DCR032A2BDD.jpg\" \/>\n\t<meta property=\"og:image:width\" content=\"1125\" \/>\n\t<meta property=\"og:image:height\" content=\"1500\" \/>\n\t<meta property=\"og:image:type\" content=\"image\/jpeg\" \/>\n<meta name=\"twitter:card\" content=\"summary_large_image\" \/>\n<meta name=\"twitter:site\" content=\"@DanbyAppliance\" \/>\n<script type=\"application\/ld+json\" class=\"yoast-schema-graph\">{\"@context\":\"https:\\\/\\\/schema.org\",\"@graph\":[{\"@type\":[\"WebPage\",\"ItemPage\"],\"url\":\"https:\\\/\\\/www.danby.com\\\/fr\\\/products\\\/refrigeration-compact\\\/dcr032a2bdd\\\/\",\"name\":\"R\u00e9frig\u00e9rateur compact Danby Designer de 3,2 pi3 en noir - DCR032A2BDD | Danby Canada\",\"isPartOf\":[],\"primaryImageOfPage\":[],\"image\":[],\"thumbnailUrl\":\"https:\\\/\\\/www.danby.com\\\/fr\\\/wp-content\\\/uploads\\\/sites\\\/2\\\/2025\\\/09\\\/dcr032a2bdd-thumbnail.jpg\",\"datePublished\":\"2022-02-03T19:15:33+00:00\",\"dateModified\":\"2026-05-02T10:08:22+00:00\",\"description\":\"Si l'espace est limit\u00e9, ce r\u00e9frig\u00e9rateur compact de Danby Designer est id\u00e9al, car il peut \u00eatre r\u00e9gl\u00e9 \u00e0 la m\u00eame hauteur que le comptoir de votre pi\u00e8ce. Ce mod\u00e8le populaire de 3,2 pieds cubes (91 L) est parfait pour les salles \u00e0 manger, les petites cuisines, les bars et les dortoirs. Cet appareil est \u00e9galement dot\u00e9 d'une section de cong\u00e9lation pleine largeur pour les aliments surgel\u00e9s. La polyvalence de stockage est assur\u00e9e par une conception \u00e0 \u00e9tag\u00e8res et demi-\u00e9tag\u00e8res et l'appareil est contr\u00f4l\u00e9 par un thermostat m\u00e9canique intelligent et un syst\u00e8me de d\u00e9givrage semi-automatique pratique. Vos boissons pr\u00e9f\u00e9r\u00e9es sont facilement accessibles gr\u00e2ce au syst\u00e8me de distribution de boissons CanStor\u00ae brevet\u00e9 par Danby, et il y a beaucoup de place pour les grandes bouteilles de soda. De plus, vous n'aurez pas \u00e0 vous soucier des factures d'\u00e9lectricit\u00e9 \u00e9lev\u00e9es puisque ce r\u00e9frig\u00e9rateur compact est certifi\u00e9 ENERGY STAR\u00ae. De plus, ce mod\u00e8le s'int\u00e8gre facilement \u00e0 n'importe quel d\u00e9cor existant, car il est propos\u00e9 dans des finitions \u00e9l\u00e9gantes en noir, blanc et acier inoxydable sans taches. Ce petit r\u00e9frig\u00e9rateur est \u00e9galement dot\u00e9 d'une ing\u00e9nieuse charni\u00e8re de porte r\u00e9versible qui vous permet de l'ajuster pour une ouverture \u00e0 gauche ou \u00e0 droite.\",\"breadcrumb\":[],\"inLanguage\":\"fr-CA\",\"potentialAction\":[{\"@type\":\"ReadAction\",\"target\":[\"https:\\\/\\\/www.danby.com\\\/fr\\\/products\\\/refrigeration-compact\\\/dcr032a2bdd\\\/\"]}]},{\"@type\":\"ImageObject\",\"inLanguage\":\"fr-CA\",\"url\":\"https:\\\/\\\/www.danby.com\\\/fr\\\/wp-content\\\/uploads\\\/sites\\\/2\\\/2025\\\/09\\\/dcr032a2bdd-thumbnail.jpg\",\"contentUrl\":\"https:\\\/\\\/www.danby.com\\\/fr\\\/wp-content\\\/uploads\\\/sites\\\/2\\\/2025\\\/09\\\/dcr032a2bdd-thumbnail.jpg\",\"width\":768,\"height\":1024},{\"@type\":\"BreadcrumbList\",\"itemListElement\":[{\"@type\":\"ListItem\",\"position\":1,\"name\":\"Home\",\"item\":\"https:\\\/\\\/www.danby.com\\\/fr\\\/\"},{\"@type\":\"ListItem\",\"position\":2,\"name\":\"Boutique\",\"item\":\"https:\\\/\\\/www.danby.com\\\/fr\\\/boutique\\\/\"},{\"@type\":\"ListItem\",\"position\":3,\"name\":\"R\u00e9frig\u00e9rateur compact Danby Designer de 3,2 pi3 en noir\"}]},{\"@type\":\"WebSite\",\"url\":\"https:\\\/\\\/www.danby.com\\\/fr\\\/\",\"name\":\"Danby - Canada - French\",\"description\":\"Leader dans le domaine de la r\u00e9frig\u00e9ration et des appareils sp\u00e9cialis\u00e9s\",\"publisher\":[],\"potentialAction\":[{\"@type\":\"SearchAction\",\"target\":{\"@type\":\"EntryPoint\",\"urlTemplate\":\"https:\\\/\\\/www.danby.com\\\/fr\\\/?s={search_term_string}\"},\"query-input\":{\"@type\":\"PropertyValueSpecification\",\"valueRequired\":true,\"valueName\":\"search_term_string\"}}],\"inLanguage\":\"fr-CA\"},{\"@type\":\"Organization\",\"name\":\"Danby Appliances\",\"url\":\"https:\\\/\\\/www.danby.com\\\/fr\\\/\",\"logo\":{\"@type\":\"ImageObject\",\"inLanguage\":\"fr-CA\",\"url\":\"https:\\\/\\\/cdnweb.danby.com\\\/wp-content\\\/uploads\\\/sites\\\/2\\\/2022\\\/02\\\/10141906\\\/Danby75Ans_Blue.png\",\"contentUrl\":\"https:\\\/\\\/cdnweb.danby.com\\\/wp-content\\\/uploads\\\/sites\\\/2\\\/2022\\\/02\\\/10141906\\\/Danby75Ans_Blue.png\",\"width\":470,\"height\":110,\"caption\":\"Danby Appliances\"},\"image\":[],\"sameAs\":[\"https:\\\/\\\/www.facebook.com\\\/DanbyAppliances\",\"https:\\\/\\\/x.com\\\/DanbyAppliance\",\"https:\\\/\\\/instagram.com\\\/danbyappliances\\\/\",\"https:\\\/\\\/www.linkedin.com\\\/company\\\/danbyappliances\",\"https:\\\/\\\/www.pinterest.ca\\\/danbyappliances\\\/\",\"https:\\\/\\\/www.youtube.com\\\/user\\\/DanbyProducts\",\"https:\\\/\\\/en.wikipedia.org\\\/wiki\\\/Danby_(appliances)\"]}]}<\/script>\n<!-- \/ Yoast SEO plugin. -->","yoast_head_json":{"title":"R\u00e9frig\u00e9rateur compact Danby Designer de 3,2 pi3 en noir - DCR032A2BDD | Danby Canada","description":"Si l'espace est limit\u00e9, ce r\u00e9frig\u00e9rateur compact de Danby Designer est id\u00e9al, car il peut \u00eatre r\u00e9gl\u00e9 \u00e0 la m\u00eame hauteur que le comptoir de votre pi\u00e8ce. Ce mod\u00e8le populaire de 3,2 pieds cubes (91 L) est parfait pour les salles \u00e0 manger, les petites cuisines, les bars et les dortoirs. Cet appareil est \u00e9galement dot\u00e9 d'une section de cong\u00e9lation pleine largeur pour les aliments surgel\u00e9s. La polyvalence de stockage est assur\u00e9e par une conception \u00e0 \u00e9tag\u00e8res et demi-\u00e9tag\u00e8res et l'appareil est contr\u00f4l\u00e9 par un thermostat m\u00e9canique intelligent et un syst\u00e8me de d\u00e9givrage semi-automatique pratique. Vos boissons pr\u00e9f\u00e9r\u00e9es sont facilement accessibles gr\u00e2ce au syst\u00e8me de distribution de boissons CanStor\u00ae brevet\u00e9 par Danby, et il y a beaucoup de place pour les grandes bouteilles de soda. De plus, vous n'aurez pas \u00e0 vous soucier des factures d'\u00e9lectricit\u00e9 \u00e9lev\u00e9es puisque ce r\u00e9frig\u00e9rateur compact est certifi\u00e9 ENERGY STAR\u00ae. De plus, ce mod\u00e8le s'int\u00e8gre facilement \u00e0 n'importe quel d\u00e9cor existant, car il est propos\u00e9 dans des finitions \u00e9l\u00e9gantes en noir, blanc et acier inoxydable sans taches. Ce petit r\u00e9frig\u00e9rateur est \u00e9galement dot\u00e9 d'une ing\u00e9nieuse charni\u00e8re de porte r\u00e9versible qui vous permet de l'ajuster pour une ouverture \u00e0 gauche ou \u00e0 droite.","robots":{"index":"index","follow":"follow","max-snippet":"max-snippet:-1","max-image-preview":"max-image-preview:large","max-video-preview":"max-video-preview:-1"},"canonical":"https:\/\/www.danby.com\/fr\/products\/refrigeration-compact\/dcr032a2bdd\/","og_locale":"fr_CA","og_type":"article","og_title":"R\u00e9frig\u00e9rateur compact Danby Designer de 3,2 pi3 en noir - DCR032A2BDD | Danby Canada","og_description":"Si l'espace est limit\u00e9, ce r\u00e9frig\u00e9rateur compact de Danby Designer est id\u00e9al, car il peut \u00eatre r\u00e9gl\u00e9 \u00e0 la m\u00eame hauteur que le comptoir de votre pi\u00e8ce. Ce mod\u00e8le populaire de 3,2 pieds cubes (91 L) est parfait pour les salles \u00e0 manger, les petites cuisines, les bars et les dortoirs. Cet appareil est \u00e9galement dot\u00e9 d'une section de cong\u00e9lation pleine largeur pour les aliments surgel\u00e9s. La polyvalence de stockage est assur\u00e9e par une conception \u00e0 \u00e9tag\u00e8res et demi-\u00e9tag\u00e8res et l'appareil est contr\u00f4l\u00e9 par un thermostat m\u00e9canique intelligent et un syst\u00e8me de d\u00e9givrage semi-automatique pratique. Vos boissons pr\u00e9f\u00e9r\u00e9es sont facilement accessibles gr\u00e2ce au syst\u00e8me de distribution de boissons CanStor\u00ae brevet\u00e9 par Danby, et il y a beaucoup de place pour les grandes bouteilles de soda. De plus, vous n'aurez pas \u00e0 vous soucier des factures d'\u00e9lectricit\u00e9 \u00e9lev\u00e9es puisque ce r\u00e9frig\u00e9rateur compact est certifi\u00e9 ENERGY STAR\u00ae. De plus, ce mod\u00e8le s'int\u00e8gre facilement \u00e0 n'importe quel d\u00e9cor existant, car il est propos\u00e9 dans des finitions \u00e9l\u00e9gantes en noir, blanc et acier inoxydable sans taches. Ce petit r\u00e9frig\u00e9rateur est \u00e9galement dot\u00e9 d'une ing\u00e9nieuse charni\u00e8re de porte r\u00e9versible qui vous permet de l'ajuster pour une ouverture \u00e0 gauche ou \u00e0 droite.","og_url":"https:\/\/www.danby.com\/fr\/products\/refrigeration-compact\/dcr032a2bdd\/","og_site_name":"Danby - Canada - French","article_publisher":"https:\/\/www.facebook.com\/DanbyAppliances","article_modified_time":"2026-05-02T10:08:22+00:00","og_image":[{"width":1125,"height":1500,"url":"https:\/\/cdnweb.danby.com\/wp-content\/uploads\/sites\/2\/2024\/04\/24181250\/Thumbnail__0011_DCR032A2BDD.jpg","type":"image\/jpeg"}],"twitter_card":"summary_large_image","twitter_site":"@DanbyAppliance","schema":{"@context":"https:\/\/schema.org","@graph":[{"@type":["WebPage","ItemPage"],"url":"https:\/\/www.danby.com\/fr\/products\/refrigeration-compact\/dcr032a2bdd\/","name":"R\u00e9frig\u00e9rateur compact Danby Designer de 3,2 pi3 en noir - DCR032A2BDD | Danby Canada","isPartOf":[],"primaryImageOfPage":[],"image":[],"thumbnailUrl":"https:\/\/www.danby.com\/fr\/wp-content\/uploads\/sites\/2\/2025\/09\/dcr032a2bdd-thumbnail.jpg","datePublished":"2022-02-03T19:15:33+00:00","dateModified":"2026-05-02T10:08:22+00:00","description":"Si l'espace est limit\u00e9, ce r\u00e9frig\u00e9rateur compact de Danby Designer est id\u00e9al, car il peut \u00eatre r\u00e9gl\u00e9 \u00e0 la m\u00eame hauteur que le comptoir de votre pi\u00e8ce. Ce mod\u00e8le populaire de 3,2 pieds cubes (91 L) est parfait pour les salles \u00e0 manger, les petites cuisines, les bars et les dortoirs. Cet appareil est \u00e9galement dot\u00e9 d'une section de cong\u00e9lation pleine largeur pour les aliments surgel\u00e9s. La polyvalence de stockage est assur\u00e9e par une conception \u00e0 \u00e9tag\u00e8res et demi-\u00e9tag\u00e8res et l'appareil est contr\u00f4l\u00e9 par un thermostat m\u00e9canique intelligent et un syst\u00e8me de d\u00e9givrage semi-automatique pratique. Vos boissons pr\u00e9f\u00e9r\u00e9es sont facilement accessibles gr\u00e2ce au syst\u00e8me de distribution de boissons CanStor\u00ae brevet\u00e9 par Danby, et il y a beaucoup de place pour les grandes bouteilles de soda. De plus, vous n'aurez pas \u00e0 vous soucier des factures d'\u00e9lectricit\u00e9 \u00e9lev\u00e9es puisque ce r\u00e9frig\u00e9rateur compact est certifi\u00e9 ENERGY STAR\u00ae. De plus, ce mod\u00e8le s'int\u00e8gre facilement \u00e0 n'importe quel d\u00e9cor existant, car il est propos\u00e9 dans des finitions \u00e9l\u00e9gantes en noir, blanc et acier inoxydable sans taches. Ce petit r\u00e9frig\u00e9rateur est \u00e9galement dot\u00e9 d'une ing\u00e9nieuse charni\u00e8re de porte r\u00e9versible qui vous permet de l'ajuster pour une ouverture \u00e0 gauche ou \u00e0 droite.","breadcrumb":[],"inLanguage":"fr-CA","potentialAction":[{"@type":"ReadAction","target":["https:\/\/www.danby.com\/fr\/products\/refrigeration-compact\/dcr032a2bdd\/"]}]},{"@type":"ImageObject","inLanguage":"fr-CA","url":"https:\/\/www.danby.com\/fr\/wp-content\/uploads\/sites\/2\/2025\/09\/dcr032a2bdd-thumbnail.jpg","contentUrl":"https:\/\/www.danby.com\/fr\/wp-content\/uploads\/sites\/2\/2025\/09\/dcr032a2bdd-thumbnail.jpg","width":768,"height":1024},{"@type":"BreadcrumbList","itemListElement":[{"@type":"ListItem","position":1,"name":"Home","item":"https:\/\/www.danby.com\/fr\/"},{"@type":"ListItem","position":2,"name":"Boutique","item":"https:\/\/www.danby.com\/fr\/boutique\/"},{"@type":"ListItem","position":3,"name":"R\u00e9frig\u00e9rateur compact Danby Designer de 3,2 pi3 en noir"}]},{"@type":"WebSite","url":"https:\/\/www.danby.com\/fr\/","name":"Danby - Canada - French","description":"Leader dans le domaine de la r\u00e9frig\u00e9ration et des appareils sp\u00e9cialis\u00e9s","publisher":[],"potentialAction":[{"@type":"SearchAction","target":{"@type":"EntryPoint","urlTemplate":"https:\/\/www.danby.com\/fr\/?s={search_term_string}"},"query-input":{"@type":"PropertyValueSpecification","valueRequired":true,"valueName":"search_term_string"}}],"inLanguage":"fr-CA"},{"@type":"Organization","name":"Danby Appliances","url":"https:\/\/www.danby.com\/fr\/","logo":{"@type":"ImageObject","inLanguage":"fr-CA","url":"https:\/\/cdnweb.danby.com\/wp-content\/uploads\/sites\/2\/2022\/02\/10141906\/Danby75Ans_Blue.png","contentUrl":"https:\/\/cdnweb.danby.com\/wp-content\/uploads\/sites\/2\/2022\/02\/10141906\/Danby75Ans_Blue.png","width":470,"height":110,"caption":"Danby Appliances"},"image":[],"sameAs":["https:\/\/www.facebook.com\/DanbyAppliances","https:\/\/x.com\/DanbyAppliance","https:\/\/instagram.com\/danbyappliances\/","https:\/\/www.linkedin.com\/company\/danbyappliances","https:\/\/www.pinterest.ca\/danbyappliances\/","https:\/\/www.youtube.com\/user\/DanbyProducts","https:\/\/en.wikipedia.org\/wiki\/Danby_(appliances)"]}]}},"post_mailing_queue_ids":[],"_links":{"self":[{"href":"https:\/\/www.danby.com\/fr\/wp-json\/wp\/v2\/product\/4790","targetHints":{"allow":["GET"]}}],"collection":[{"href":"https:\/\/www.danby.com\/fr\/wp-json\/wp\/v2\/product"}],"about":[{"href":"https:\/\/www.danby.com\/fr\/wp-json\/wp\/v2\/types\/product"}],"replies":[{"embeddable":true,"href":"https:\/\/www.danby.com\/fr\/wp-json\/wp\/v2\/comments?post=4790"}],"wp:featuredmedia":[{"embeddable":true,"href":"https:\/\/www.danby.com\/fr\/wp-json\/wp\/v2\/media\/34804"}],"wp:attachment":[{"href":"https:\/\/www.danby.com\/fr\/wp-json\/wp\/v2\/media?parent=4790"}],"wp:term":[{"taxonomy":"product_brand","embeddable":true,"href":"https:\/\/www.danby.com\/fr\/wp-json\/wp\/v2\/product_brand?post=4790"},{"taxonomy":"product_cat","embeddable":true,"href":"https:\/\/www.danby.com\/fr\/wp-json\/wp\/v2\/product_cat?post=4790"},{"taxonomy":"product_tag","embeddable":true,"href":"https:\/\/www.danby.com\/fr\/wp-json\/wp\/v2\/product_tag?post=4790"}],"curies":[{"name":"wp","href":"https:\/\/api.w.org\/{rel}","templated":true}]}}