{"id":4786,"date":"2022-02-03T19:15:33","date_gmt":"2022-02-03T19:15:33","guid":{"rendered":"https:\/\/www.danby.com\/fr\/product\/dcr017b1bm\/"},"modified":"2026-04-14T10:06:35","modified_gmt":"2026-04-14T10:06:35","slug":"dcr017b1bm","status":"publish","type":"product","link":"https:\/\/www.danby.com\/fr\/products\/refrigeration-compact\/dcr017b1bm\/","title":{"rendered":"R\u00e9frig\u00e9rateur compact de 1,7 pi3 de Danby"},"content":{"rendered":"","protected":false},"excerpt":{"rendered":"<ul>\n<li>Section r\u00e9frig\u00e9rateur compact d&#8217;une capacit\u00e9 de 1,7 pi3. (47 L) de capacit\u00e9 <\/li>\n<li>Conforme \u00e0 la norme Energy Star<\/li>\n<li>R\u00e9frig\u00e9rant R600a respectueux de l&#8217;environnement<\/li>\n<li>Section r\u00e9frig\u00e9rante<\/li>\n<li>Syst\u00e8me de d\u00e9givrage manuel<\/li>\n<li>1 \u00e9tag\u00e8re en fil m\u00e9tallique sur toute la largeur \u00e9tag\u00e8re en fil m\u00e9tallique<\/li>\n<li>Tablette de porte int\u00e9gr\u00e9e avec rangement pour les grandes bouteilles<\/li>\n<li>Thermostat m\u00e9canique<\/li>\n<li>Poign\u00e9e de porte int\u00e9gr\u00e9e<\/li>\n<li>Charni\u00e8re de porte r\u00e9versible<\/li>\n<li>Dessin \u00e0 dos lisse<\/li>\n<\/ul>\n","protected":false},"featured_media":11044,"comment_status":"closed","ping_status":"open","template":"","meta":{"_acf_changed":false},"product_brand":[],"product_cat":[22],"product_tag":[],"class_list":{"0":"post-4786","1":"product","2":"type-product","3":"status-publish","4":"has-post-thumbnail","6":"product_cat-refrigeration-compact","7":"pa_capacite-pi3-1-1-9","8":"pa_couleur-noir","9":"pa_duree-de-la-garantie-en-mois-12-mois","11":"first","12":"outofstock","13":"taxable","14":"shipping-taxable","15":"product-type-simple"},"acf":[],"yoast_head":"<!-- This site is optimized with the Yoast SEO plugin v26.7 - https:\/\/yoast.com\/wordpress\/plugins\/seo\/ -->\n<title>R\u00e9frig\u00e9rateur compact de 1,7 pi3 de Danby - DCR017B1BM | Danby Canada<\/title>\n<meta name=\"description\" content=\"Un r\u00e9frig\u00e9rateur compact id\u00e9al pour les petits espaces, comme les dortoirs, les bars de sous-sol, les appartements et les condos. Cette unit\u00e9 de comptoir offre un espace de r\u00e9frig\u00e9ration de 47 L (1,7 pi3) et comporte des \u00e9tag\u00e8res de porte int\u00e9gr\u00e9es avec un rangement pour les grandes bouteilles. Ce mod\u00e8le est \u00e9galement dot\u00e9 d&#039;un thermostat m\u00e9canique ainsi que d&#039;une \u00e9tag\u00e8re en fil m\u00e9tallique pleine largeur et d&#039;une section de refroidissement. La porte r\u00e9versible pratique en fait le r\u00e9frig\u00e9rateur id\u00e9al pour les gauchers et les droitiers, et il est dot\u00e9 d&#039;une poign\u00e9e de porte int\u00e9gr\u00e9e et d&#039;un dos lisse.\" \/>\n<meta name=\"robots\" content=\"index, follow, max-snippet:-1, max-image-preview:large, max-video-preview:-1\" \/>\n<link rel=\"canonical\" href=\"https:\/\/www.danby.com\/fr\/products\/refrigeration-compact\/dcr017b1bm\/\" \/>\n<meta property=\"og:locale\" content=\"fr_CA\" \/>\n<meta property=\"og:type\" content=\"article\" \/>\n<meta property=\"og:title\" content=\"R\u00e9frig\u00e9rateur compact de 1,7 pi3 de Danby - DCR017B1BM | Danby Canada\" \/>\n<meta property=\"og:description\" content=\"Un r\u00e9frig\u00e9rateur compact id\u00e9al pour les petits espaces, comme les dortoirs, les bars de sous-sol, les appartements et les condos. Cette unit\u00e9 de comptoir offre un espace de r\u00e9frig\u00e9ration de 47 L (1,7 pi3) et comporte des \u00e9tag\u00e8res de porte int\u00e9gr\u00e9es avec un rangement pour les grandes bouteilles. Ce mod\u00e8le est \u00e9galement dot\u00e9 d&#039;un thermostat m\u00e9canique ainsi que d&#039;une \u00e9tag\u00e8re en fil m\u00e9tallique pleine largeur et d&#039;une section de refroidissement. La porte r\u00e9versible pratique en fait le r\u00e9frig\u00e9rateur id\u00e9al pour les gauchers et les droitiers, et il est dot\u00e9 d&#039;une poign\u00e9e de porte int\u00e9gr\u00e9e et d&#039;un dos lisse.\" \/>\n<meta property=\"og:url\" content=\"https:\/\/www.danby.com\/fr\/products\/refrigeration-compact\/dcr017b1bm\/\" \/>\n<meta property=\"og:site_name\" content=\"Danby - Canada - French\" \/>\n<meta property=\"article:publisher\" content=\"https:\/\/www.facebook.com\/DanbyAppliances\" \/>\n<meta property=\"article:modified_time\" content=\"2026-04-14T10:06:35+00:00\" \/>\n<meta property=\"og:image\" content=\"https:\/\/cdnweb.danby.com\/wp-content\/uploads\/sites\/2\/2022\/02\/09000259\/DCR017B1BM-Featured.jpg\" \/>\n\t<meta property=\"og:image:width\" content=\"1440\" \/>\n\t<meta property=\"og:image:height\" content=\"1920\" \/>\n\t<meta property=\"og:image:type\" content=\"image\/jpeg\" \/>\n<meta name=\"twitter:card\" content=\"summary_large_image\" \/>\n<meta name=\"twitter:site\" content=\"@DanbyAppliance\" \/>\n<script type=\"application\/ld+json\" class=\"yoast-schema-graph\">{\"@context\":\"https:\/\/schema.org\",\"@graph\":[{\"@type\":[\"WebPage\",\"ItemPage\"],\"url\":\"https:\/\/www.danby.com\/fr\/products\/refrigeration-compact\/dcr017b1bm\/\",\"name\":\"R\u00e9frig\u00e9rateur compact de 1,7 pi3 de Danby - DCR017B1BM | Danby Canada\",\"isPartOf\":[],\"primaryImageOfPage\":[],\"image\":[],\"thumbnailUrl\":\"https:\/\/cdnweb.danby.com\/wp-content\/uploads\/sites\/2\/2022\/02\/09000259\/DCR017B1BM-Featured.jpg\",\"datePublished\":\"2022-02-03T19:15:33+00:00\",\"dateModified\":\"2026-04-14T10:06:35+00:00\",\"description\":\"Un r\u00e9frig\u00e9rateur compact id\u00e9al pour les petits espaces, comme les dortoirs, les bars de sous-sol, les appartements et les condos. Cette unit\u00e9 de comptoir offre un espace de r\u00e9frig\u00e9ration de 47 L (1,7 pi3) et comporte des \u00e9tag\u00e8res de porte int\u00e9gr\u00e9es avec un rangement pour les grandes bouteilles. Ce mod\u00e8le est \u00e9galement dot\u00e9 d'un thermostat m\u00e9canique ainsi que d'une \u00e9tag\u00e8re en fil m\u00e9tallique pleine largeur et d'une section de refroidissement. La porte r\u00e9versible pratique en fait le r\u00e9frig\u00e9rateur id\u00e9al pour les gauchers et les droitiers, et il est dot\u00e9 d'une poign\u00e9e de porte int\u00e9gr\u00e9e et d'un dos lisse.\",\"breadcrumb\":[],\"inLanguage\":\"fr-CA\",\"potentialAction\":[{\"@type\":\"ReadAction\",\"target\":[\"https:\/\/www.danby.com\/fr\/products\/refrigeration-compact\/dcr017b1bm\/\"]}]},{\"@type\":\"ImageObject\",\"inLanguage\":\"fr-CA\",\"url\":\"https:\/\/cdnweb.danby.com\/wp-content\/uploads\/sites\/2\/2022\/02\/09000259\/DCR017B1BM-Featured.jpg\",\"contentUrl\":\"https:\/\/cdnweb.danby.com\/wp-content\/uploads\/sites\/2\/2022\/02\/09000259\/DCR017B1BM-Featured.jpg\",\"width\":1440,\"height\":1920},{\"@type\":\"BreadcrumbList\",\"itemListElement\":[{\"@type\":\"ListItem\",\"position\":1,\"name\":\"Home\",\"item\":\"https:\/\/www.danby.com\/fr\/\"},{\"@type\":\"ListItem\",\"position\":2,\"name\":\"Boutique\",\"item\":\"https:\/\/www.danby.com\/fr\/boutique\/\"},{\"@type\":\"ListItem\",\"position\":3,\"name\":\"R\u00e9frig\u00e9rateur compact de 1,7 pi3 de Danby\"}]},{\"@type\":\"WebSite\",\"url\":\"https:\/\/www.danby.com\/fr\/\",\"name\":\"Danby - Canada - French\",\"description\":\"Leader dans le domaine de la r\u00e9frig\u00e9ration et des appareils sp\u00e9cialis\u00e9s\",\"publisher\":[],\"potentialAction\":[{\"@type\":\"SearchAction\",\"target\":{\"@type\":\"EntryPoint\",\"urlTemplate\":\"https:\/\/www.danby.com\/fr\/?s={search_term_string}\"},\"query-input\":{\"@type\":\"PropertyValueSpecification\",\"valueRequired\":true,\"valueName\":\"search_term_string\"}}],\"inLanguage\":\"fr-CA\"},{\"@type\":\"Organization\",\"name\":\"Danby Appliances\",\"url\":\"https:\/\/www.danby.com\/fr\/\",\"logo\":{\"@type\":\"ImageObject\",\"inLanguage\":\"fr-CA\",\"url\":\"https:\/\/cdnweb.danby.com\/wp-content\/uploads\/sites\/2\/2022\/02\/10141906\/Danby75Ans_Blue.png\",\"contentUrl\":\"https:\/\/cdnweb.danby.com\/wp-content\/uploads\/sites\/2\/2022\/02\/10141906\/Danby75Ans_Blue.png\",\"width\":470,\"height\":110,\"caption\":\"Danby Appliances\"},\"image\":[],\"sameAs\":[\"https:\/\/www.facebook.com\/DanbyAppliances\",\"https:\/\/x.com\/DanbyAppliance\",\"https:\/\/instagram.com\/danbyappliances\/\",\"https:\/\/www.linkedin.com\/company\/danbyappliances\",\"https:\/\/www.pinterest.ca\/danbyappliances\/\",\"https:\/\/www.youtube.com\/user\/DanbyProducts\",\"https:\/\/en.wikipedia.org\/wiki\/Danby_(appliances)\"]}]}<\/script>\n<!-- \/ Yoast SEO plugin. -->","yoast_head_json":{"title":"R\u00e9frig\u00e9rateur compact de 1,7 pi3 de Danby - DCR017B1BM | Danby Canada","description":"Un r\u00e9frig\u00e9rateur compact id\u00e9al pour les petits espaces, comme les dortoirs, les bars de sous-sol, les appartements et les condos. Cette unit\u00e9 de comptoir offre un espace de r\u00e9frig\u00e9ration de 47 L (1,7 pi3) et comporte des \u00e9tag\u00e8res de porte int\u00e9gr\u00e9es avec un rangement pour les grandes bouteilles. Ce mod\u00e8le est \u00e9galement dot\u00e9 d'un thermostat m\u00e9canique ainsi que d'une \u00e9tag\u00e8re en fil m\u00e9tallique pleine largeur et d'une section de refroidissement. La porte r\u00e9versible pratique en fait le r\u00e9frig\u00e9rateur id\u00e9al pour les gauchers et les droitiers, et il est dot\u00e9 d'une poign\u00e9e de porte int\u00e9gr\u00e9e et d'un dos lisse.","robots":{"index":"index","follow":"follow","max-snippet":"max-snippet:-1","max-image-preview":"max-image-preview:large","max-video-preview":"max-video-preview:-1"},"canonical":"https:\/\/www.danby.com\/fr\/products\/refrigeration-compact\/dcr017b1bm\/","og_locale":"fr_CA","og_type":"article","og_title":"R\u00e9frig\u00e9rateur compact de 1,7 pi3 de Danby - DCR017B1BM | Danby Canada","og_description":"Un r\u00e9frig\u00e9rateur compact id\u00e9al pour les petits espaces, comme les dortoirs, les bars de sous-sol, les appartements et les condos. Cette unit\u00e9 de comptoir offre un espace de r\u00e9frig\u00e9ration de 47 L (1,7 pi3) et comporte des \u00e9tag\u00e8res de porte int\u00e9gr\u00e9es avec un rangement pour les grandes bouteilles. Ce mod\u00e8le est \u00e9galement dot\u00e9 d'un thermostat m\u00e9canique ainsi que d'une \u00e9tag\u00e8re en fil m\u00e9tallique pleine largeur et d'une section de refroidissement. La porte r\u00e9versible pratique en fait le r\u00e9frig\u00e9rateur id\u00e9al pour les gauchers et les droitiers, et il est dot\u00e9 d'une poign\u00e9e de porte int\u00e9gr\u00e9e et d'un dos lisse.","og_url":"https:\/\/www.danby.com\/fr\/products\/refrigeration-compact\/dcr017b1bm\/","og_site_name":"Danby - Canada - French","article_publisher":"https:\/\/www.facebook.com\/DanbyAppliances","article_modified_time":"2026-04-14T10:06:35+00:00","og_image":[{"width":1440,"height":1920,"url":"https:\/\/cdnweb.danby.com\/wp-content\/uploads\/sites\/2\/2022\/02\/09000259\/DCR017B1BM-Featured.jpg","type":"image\/jpeg"}],"twitter_card":"summary_large_image","twitter_site":"@DanbyAppliance","schema":{"@context":"https:\/\/schema.org","@graph":[{"@type":["WebPage","ItemPage"],"url":"https:\/\/www.danby.com\/fr\/products\/refrigeration-compact\/dcr017b1bm\/","name":"R\u00e9frig\u00e9rateur compact de 1,7 pi3 de Danby - DCR017B1BM | Danby Canada","isPartOf":[],"primaryImageOfPage":[],"image":[],"thumbnailUrl":"https:\/\/cdnweb.danby.com\/wp-content\/uploads\/sites\/2\/2022\/02\/09000259\/DCR017B1BM-Featured.jpg","datePublished":"2022-02-03T19:15:33+00:00","dateModified":"2026-04-14T10:06:35+00:00","description":"Un r\u00e9frig\u00e9rateur compact id\u00e9al pour les petits espaces, comme les dortoirs, les bars de sous-sol, les appartements et les condos. Cette unit\u00e9 de comptoir offre un espace de r\u00e9frig\u00e9ration de 47 L (1,7 pi3) et comporte des \u00e9tag\u00e8res de porte int\u00e9gr\u00e9es avec un rangement pour les grandes bouteilles. Ce mod\u00e8le est \u00e9galement dot\u00e9 d'un thermostat m\u00e9canique ainsi que d'une \u00e9tag\u00e8re en fil m\u00e9tallique pleine largeur et d'une section de refroidissement. La porte r\u00e9versible pratique en fait le r\u00e9frig\u00e9rateur id\u00e9al pour les gauchers et les droitiers, et il est dot\u00e9 d'une poign\u00e9e de porte int\u00e9gr\u00e9e et d'un dos lisse.","breadcrumb":[],"inLanguage":"fr-CA","potentialAction":[{"@type":"ReadAction","target":["https:\/\/www.danby.com\/fr\/products\/refrigeration-compact\/dcr017b1bm\/"]}]},{"@type":"ImageObject","inLanguage":"fr-CA","url":"https:\/\/cdnweb.danby.com\/wp-content\/uploads\/sites\/2\/2022\/02\/09000259\/DCR017B1BM-Featured.jpg","contentUrl":"https:\/\/cdnweb.danby.com\/wp-content\/uploads\/sites\/2\/2022\/02\/09000259\/DCR017B1BM-Featured.jpg","width":1440,"height":1920},{"@type":"BreadcrumbList","itemListElement":[{"@type":"ListItem","position":1,"name":"Home","item":"https:\/\/www.danby.com\/fr\/"},{"@type":"ListItem","position":2,"name":"Boutique","item":"https:\/\/www.danby.com\/fr\/boutique\/"},{"@type":"ListItem","position":3,"name":"R\u00e9frig\u00e9rateur compact de 1,7 pi3 de Danby"}]},{"@type":"WebSite","url":"https:\/\/www.danby.com\/fr\/","name":"Danby - Canada - French","description":"Leader dans le domaine de la r\u00e9frig\u00e9ration et des appareils sp\u00e9cialis\u00e9s","publisher":[],"potentialAction":[{"@type":"SearchAction","target":{"@type":"EntryPoint","urlTemplate":"https:\/\/www.danby.com\/fr\/?s={search_term_string}"},"query-input":{"@type":"PropertyValueSpecification","valueRequired":true,"valueName":"search_term_string"}}],"inLanguage":"fr-CA"},{"@type":"Organization","name":"Danby Appliances","url":"https:\/\/www.danby.com\/fr\/","logo":{"@type":"ImageObject","inLanguage":"fr-CA","url":"https:\/\/cdnweb.danby.com\/wp-content\/uploads\/sites\/2\/2022\/02\/10141906\/Danby75Ans_Blue.png","contentUrl":"https:\/\/cdnweb.danby.com\/wp-content\/uploads\/sites\/2\/2022\/02\/10141906\/Danby75Ans_Blue.png","width":470,"height":110,"caption":"Danby Appliances"},"image":[],"sameAs":["https:\/\/www.facebook.com\/DanbyAppliances","https:\/\/x.com\/DanbyAppliance","https:\/\/instagram.com\/danbyappliances\/","https:\/\/www.linkedin.com\/company\/danbyappliances","https:\/\/www.pinterest.ca\/danbyappliances\/","https:\/\/www.youtube.com\/user\/DanbyProducts","https:\/\/en.wikipedia.org\/wiki\/Danby_(appliances)"]}]}},"post_mailing_queue_ids":[],"_links":{"self":[{"href":"https:\/\/www.danby.com\/fr\/wp-json\/wp\/v2\/product\/4786","targetHints":{"allow":["GET"]}}],"collection":[{"href":"https:\/\/www.danby.com\/fr\/wp-json\/wp\/v2\/product"}],"about":[{"href":"https:\/\/www.danby.com\/fr\/wp-json\/wp\/v2\/types\/product"}],"replies":[{"embeddable":true,"href":"https:\/\/www.danby.com\/fr\/wp-json\/wp\/v2\/comments?post=4786"}],"wp:featuredmedia":[{"embeddable":true,"href":"https:\/\/www.danby.com\/fr\/wp-json\/wp\/v2\/media\/11044"}],"wp:attachment":[{"href":"https:\/\/www.danby.com\/fr\/wp-json\/wp\/v2\/media?parent=4786"}],"wp:term":[{"taxonomy":"product_brand","embeddable":true,"href":"https:\/\/www.danby.com\/fr\/wp-json\/wp\/v2\/product_brand?post=4786"},{"taxonomy":"product_cat","embeddable":true,"href":"https:\/\/www.danby.com\/fr\/wp-json\/wp\/v2\/product_cat?post=4786"},{"taxonomy":"product_tag","embeddable":true,"href":"https:\/\/www.danby.com\/fr\/wp-json\/wp\/v2\/product_tag?post=4786"}],"curies":[{"name":"wp","href":"https:\/\/api.w.org\/{rel}","templated":true}]}}