{"id":4785,"date":"2022-02-03T19:15:33","date_gmt":"2022-02-03T19:15:33","guid":{"rendered":"https:\/\/www.danby.com\/fr\/product\/dcr017a2wdb\/"},"modified":"2026-04-14T10:06:35","modified_gmt":"2026-04-14T10:06:35","slug":"dcr017a2wdb","status":"publish","type":"product","link":"https:\/\/www.danby.com\/fr\/products\/refrigeration-compact\/dcr017a2wdb\/","title":{"rendered":"Danby 1.7  pi3 R\u00e9frig\u00e9ration Compact"},"content":{"rendered":"","protected":false},"excerpt":{"rendered":"<ul>\n<li>R\u00e9frig\u00e9rateur de comptoir compact blanc de 1,7 pi3 (48.1 L) r\u00e9frig\u00e9rateur compact blanc de comptoir<\/li>\n<li>Section cong\u00e9lateur demi-largeur<\/li>\n<li>Une tablette de porte pleine largeur et une tablette de porte de 3\/4 de largeur<\/li>\n<li>Poign\u00e9e de porte int\u00e9gr\u00e9e<\/li>\n<li>D\u00e9givrage manuel<\/li>\n<li>Thermostat m\u00e9canique<\/li>\n<li>Charni\u00e8re de porte r\u00e9versible pour ouverture \u00e0 gauche ou \u00e0 droite<\/li>\n<li>Rangement de bouteilles de 2 L<\/li>\n<\/ul>\n","protected":false},"featured_media":5586,"comment_status":"closed","ping_status":"open","template":"","meta":{"_acf_changed":false},"product_brand":[],"product_cat":[22],"product_tag":[],"class_list":{"0":"post-4785","1":"product","2":"type-product","3":"status-publish","4":"has-post-thumbnail","6":"product_cat-refrigeration-compact","8":"first","9":"outofstock","10":"taxable","11":"shipping-taxable","12":"product-type-simple"},"acf":[],"yoast_head":"<!-- This site is optimized with the Yoast SEO plugin v26.7 - https:\/\/yoast.com\/wordpress\/plugins\/seo\/ -->\n<title>Danby 1.7 pi3 R\u00e9frig\u00e9ration Compact - DCR017A2WDB | Danby Canada<\/title>\n<meta name=\"description\" content=\"Cet \u00e9l\u00e9gant r\u00e9frig\u00e9rateur de comptoir Danby est dot\u00e9 d\u2019une capacit\u00e9 d\u2019entreposage de 48,1 litre (1,7 pied cube) et comporte un compartiment cong\u00e9lateur d\u2019une demi-largeur, un balconnet pleine largeur et un autre de \u00be de la largeur, ce qui en fait l\u2019appareil id\u00e9al pour les cuisinettes, appartements, copropri\u00e9t\u00e9s et minibars ext\u00e9rieurs. Conserver au frais des bouteilles de n\u2019importe quel format ne vous causera aucun probl\u00e8me, incluant les contenants de 2 litres. Cet appareil compact et intelligent poss\u00e8de un syst\u00e8me de d\u00e9givrage manuel pratique, ainsi qu\u2019un thermostat m\u00e9canique. La poign\u00e9e de porte int\u00e9gr\u00e9e convient aussi bien aux utilisateurs gauchers que droitiers, \u00e9tant donn\u00e9 que la charni\u00e8re r\u00e9versible rend possible l\u2019ouverture de la porte d\u2019un c\u00f4t\u00e9 ou de l\u2019autre. Ce r\u00e9frig\u00e9rateur poids plume \u00e0 la fine pointe de la technologie peut facilement \u00eatre d\u00e9plac\u00e9 d\u2019une pi\u00e8ce \u00e0 l\u2019autre, afin de convenir \u00e0 vos besoins. Il est aussi pourvu d\u2019une garantie de 12 mois, vous \u00e9vitant tout tracas, sur toutes les pi\u00e8ces et la main-d\u2019\u0153uvre, incluant le service apr\u00e8s-vente en atelier.\" \/>\n<meta name=\"robots\" content=\"index, follow, max-snippet:-1, max-image-preview:large, max-video-preview:-1\" \/>\n<link rel=\"canonical\" href=\"https:\/\/www.danby.com\/fr\/products\/refrigeration-compact\/dcr017a2wdb\/\" \/>\n<meta property=\"og:locale\" content=\"fr_CA\" \/>\n<meta property=\"og:type\" content=\"article\" \/>\n<meta property=\"og:title\" content=\"Danby 1.7 pi3 R\u00e9frig\u00e9ration Compact - DCR017A2WDB | Danby Canada\" \/>\n<meta property=\"og:description\" content=\"Cet \u00e9l\u00e9gant r\u00e9frig\u00e9rateur de comptoir Danby est dot\u00e9 d\u2019une capacit\u00e9 d\u2019entreposage de 48,1 litre (1,7 pied cube) et comporte un compartiment cong\u00e9lateur d\u2019une demi-largeur, un balconnet pleine largeur et un autre de \u00be de la largeur, ce qui en fait l\u2019appareil id\u00e9al pour les cuisinettes, appartements, copropri\u00e9t\u00e9s et minibars ext\u00e9rieurs. Conserver au frais des bouteilles de n\u2019importe quel format ne vous causera aucun probl\u00e8me, incluant les contenants de 2 litres. Cet appareil compact et intelligent poss\u00e8de un syst\u00e8me de d\u00e9givrage manuel pratique, ainsi qu\u2019un thermostat m\u00e9canique. La poign\u00e9e de porte int\u00e9gr\u00e9e convient aussi bien aux utilisateurs gauchers que droitiers, \u00e9tant donn\u00e9 que la charni\u00e8re r\u00e9versible rend possible l\u2019ouverture de la porte d\u2019un c\u00f4t\u00e9 ou de l\u2019autre. Ce r\u00e9frig\u00e9rateur poids plume \u00e0 la fine pointe de la technologie peut facilement \u00eatre d\u00e9plac\u00e9 d\u2019une pi\u00e8ce \u00e0 l\u2019autre, afin de convenir \u00e0 vos besoins. Il est aussi pourvu d\u2019une garantie de 12 mois, vous \u00e9vitant tout tracas, sur toutes les pi\u00e8ces et la main-d\u2019\u0153uvre, incluant le service apr\u00e8s-vente en atelier.\" \/>\n<meta property=\"og:url\" content=\"https:\/\/www.danby.com\/fr\/products\/refrigeration-compact\/dcr017a2wdb\/\" \/>\n<meta property=\"og:site_name\" content=\"Danby - Canada - French\" \/>\n<meta property=\"article:publisher\" content=\"https:\/\/www.facebook.com\/DanbyAppliances\" \/>\n<meta property=\"article:modified_time\" content=\"2026-04-14T10:06:35+00:00\" \/>\n<meta property=\"og:image\" content=\"https:\/\/cdnweb.danby.com\/wp-content\/uploads\/sites\/2\/2022\/02\/08181404\/proMed-DCR017A2WDB4.jpg\" \/>\n\t<meta property=\"og:image:width\" content=\"300\" \/>\n\t<meta property=\"og:image:height\" content=\"272\" \/>\n\t<meta property=\"og:image:type\" content=\"image\/jpeg\" \/>\n<meta name=\"twitter:card\" content=\"summary_large_image\" \/>\n<meta name=\"twitter:site\" content=\"@DanbyAppliance\" \/>\n<script type=\"application\/ld+json\" class=\"yoast-schema-graph\">{\"@context\":\"https:\/\/schema.org\",\"@graph\":[{\"@type\":[\"WebPage\",\"ItemPage\"],\"url\":\"https:\/\/www.danby.com\/fr\/products\/refrigeration-compact\/dcr017a2wdb\/\",\"name\":\"Danby 1.7 pi3 R\u00e9frig\u00e9ration Compact - DCR017A2WDB | Danby Canada\",\"isPartOf\":[],\"primaryImageOfPage\":[],\"image\":[],\"thumbnailUrl\":\"https:\/\/cdnweb.danby.com\/wp-content\/uploads\/sites\/2\/2022\/02\/08181404\/proMed-DCR017A2WDB4.jpg\",\"datePublished\":\"2022-02-03T19:15:33+00:00\",\"dateModified\":\"2026-04-14T10:06:35+00:00\",\"description\":\"Cet \u00e9l\u00e9gant r\u00e9frig\u00e9rateur de comptoir Danby est dot\u00e9 d\u2019une capacit\u00e9 d\u2019entreposage de 48,1 litre (1,7 pied cube) et comporte un compartiment cong\u00e9lateur d\u2019une demi-largeur, un balconnet pleine largeur et un autre de \u00be de la largeur, ce qui en fait l\u2019appareil id\u00e9al pour les cuisinettes, appartements, copropri\u00e9t\u00e9s et minibars ext\u00e9rieurs. Conserver au frais des bouteilles de n\u2019importe quel format ne vous causera aucun probl\u00e8me, incluant les contenants de 2 litres. Cet appareil compact et intelligent poss\u00e8de un syst\u00e8me de d\u00e9givrage manuel pratique, ainsi qu\u2019un thermostat m\u00e9canique. La poign\u00e9e de porte int\u00e9gr\u00e9e convient aussi bien aux utilisateurs gauchers que droitiers, \u00e9tant donn\u00e9 que la charni\u00e8re r\u00e9versible rend possible l\u2019ouverture de la porte d\u2019un c\u00f4t\u00e9 ou de l\u2019autre. Ce r\u00e9frig\u00e9rateur poids plume \u00e0 la fine pointe de la technologie peut facilement \u00eatre d\u00e9plac\u00e9 d\u2019une pi\u00e8ce \u00e0 l\u2019autre, afin de convenir \u00e0 vos besoins. Il est aussi pourvu d\u2019une garantie de 12 mois, vous \u00e9vitant tout tracas, sur toutes les pi\u00e8ces et la main-d\u2019\u0153uvre, incluant le service apr\u00e8s-vente en atelier.\",\"breadcrumb\":[],\"inLanguage\":\"fr-CA\",\"potentialAction\":[{\"@type\":\"ReadAction\",\"target\":[\"https:\/\/www.danby.com\/fr\/products\/refrigeration-compact\/dcr017a2wdb\/\"]}]},{\"@type\":\"ImageObject\",\"inLanguage\":\"fr-CA\",\"url\":\"https:\/\/cdnweb.danby.com\/wp-content\/uploads\/sites\/2\/2022\/02\/08181404\/proMed-DCR017A2WDB4.jpg\",\"contentUrl\":\"https:\/\/cdnweb.danby.com\/wp-content\/uploads\/sites\/2\/2022\/02\/08181404\/proMed-DCR017A2WDB4.jpg\",\"width\":300,\"height\":272},{\"@type\":\"BreadcrumbList\",\"itemListElement\":[{\"@type\":\"ListItem\",\"position\":1,\"name\":\"Home\",\"item\":\"https:\/\/www.danby.com\/fr\/\"},{\"@type\":\"ListItem\",\"position\":2,\"name\":\"Boutique\",\"item\":\"https:\/\/www.danby.com\/fr\/boutique\/\"},{\"@type\":\"ListItem\",\"position\":3,\"name\":\"Danby 1.7 pi3 R\u00e9frig\u00e9ration Compact\"}]},{\"@type\":\"WebSite\",\"url\":\"https:\/\/www.danby.com\/fr\/\",\"name\":\"Danby - Canada - French\",\"description\":\"Leader dans le domaine de la r\u00e9frig\u00e9ration et des appareils sp\u00e9cialis\u00e9s\",\"publisher\":[],\"potentialAction\":[{\"@type\":\"SearchAction\",\"target\":{\"@type\":\"EntryPoint\",\"urlTemplate\":\"https:\/\/www.danby.com\/fr\/?s={search_term_string}\"},\"query-input\":{\"@type\":\"PropertyValueSpecification\",\"valueRequired\":true,\"valueName\":\"search_term_string\"}}],\"inLanguage\":\"fr-CA\"},{\"@type\":\"Organization\",\"name\":\"Danby Appliances\",\"url\":\"https:\/\/www.danby.com\/fr\/\",\"logo\":{\"@type\":\"ImageObject\",\"inLanguage\":\"fr-CA\",\"url\":\"https:\/\/cdnweb.danby.com\/wp-content\/uploads\/sites\/2\/2022\/02\/10141906\/Danby75Ans_Blue.png\",\"contentUrl\":\"https:\/\/cdnweb.danby.com\/wp-content\/uploads\/sites\/2\/2022\/02\/10141906\/Danby75Ans_Blue.png\",\"width\":470,\"height\":110,\"caption\":\"Danby Appliances\"},\"image\":[],\"sameAs\":[\"https:\/\/www.facebook.com\/DanbyAppliances\",\"https:\/\/x.com\/DanbyAppliance\",\"https:\/\/instagram.com\/danbyappliances\/\",\"https:\/\/www.linkedin.com\/company\/danbyappliances\",\"https:\/\/www.pinterest.ca\/danbyappliances\/\",\"https:\/\/www.youtube.com\/user\/DanbyProducts\",\"https:\/\/en.wikipedia.org\/wiki\/Danby_(appliances)\"]}]}<\/script>\n<!-- \/ Yoast SEO plugin. -->","yoast_head_json":{"title":"Danby 1.7 pi3 R\u00e9frig\u00e9ration Compact - DCR017A2WDB | Danby Canada","description":"Cet \u00e9l\u00e9gant r\u00e9frig\u00e9rateur de comptoir Danby est dot\u00e9 d\u2019une capacit\u00e9 d\u2019entreposage de 48,1 litre (1,7 pied cube) et comporte un compartiment cong\u00e9lateur d\u2019une demi-largeur, un balconnet pleine largeur et un autre de \u00be de la largeur, ce qui en fait l\u2019appareil id\u00e9al pour les cuisinettes, appartements, copropri\u00e9t\u00e9s et minibars ext\u00e9rieurs. Conserver au frais des bouteilles de n\u2019importe quel format ne vous causera aucun probl\u00e8me, incluant les contenants de 2 litres. Cet appareil compact et intelligent poss\u00e8de un syst\u00e8me de d\u00e9givrage manuel pratique, ainsi qu\u2019un thermostat m\u00e9canique. La poign\u00e9e de porte int\u00e9gr\u00e9e convient aussi bien aux utilisateurs gauchers que droitiers, \u00e9tant donn\u00e9 que la charni\u00e8re r\u00e9versible rend possible l\u2019ouverture de la porte d\u2019un c\u00f4t\u00e9 ou de l\u2019autre. Ce r\u00e9frig\u00e9rateur poids plume \u00e0 la fine pointe de la technologie peut facilement \u00eatre d\u00e9plac\u00e9 d\u2019une pi\u00e8ce \u00e0 l\u2019autre, afin de convenir \u00e0 vos besoins. Il est aussi pourvu d\u2019une garantie de 12 mois, vous \u00e9vitant tout tracas, sur toutes les pi\u00e8ces et la main-d\u2019\u0153uvre, incluant le service apr\u00e8s-vente en atelier.","robots":{"index":"index","follow":"follow","max-snippet":"max-snippet:-1","max-image-preview":"max-image-preview:large","max-video-preview":"max-video-preview:-1"},"canonical":"https:\/\/www.danby.com\/fr\/products\/refrigeration-compact\/dcr017a2wdb\/","og_locale":"fr_CA","og_type":"article","og_title":"Danby 1.7 pi3 R\u00e9frig\u00e9ration Compact - DCR017A2WDB | Danby Canada","og_description":"Cet \u00e9l\u00e9gant r\u00e9frig\u00e9rateur de comptoir Danby est dot\u00e9 d\u2019une capacit\u00e9 d\u2019entreposage de 48,1 litre (1,7 pied cube) et comporte un compartiment cong\u00e9lateur d\u2019une demi-largeur, un balconnet pleine largeur et un autre de \u00be de la largeur, ce qui en fait l\u2019appareil id\u00e9al pour les cuisinettes, appartements, copropri\u00e9t\u00e9s et minibars ext\u00e9rieurs. Conserver au frais des bouteilles de n\u2019importe quel format ne vous causera aucun probl\u00e8me, incluant les contenants de 2 litres. Cet appareil compact et intelligent poss\u00e8de un syst\u00e8me de d\u00e9givrage manuel pratique, ainsi qu\u2019un thermostat m\u00e9canique. La poign\u00e9e de porte int\u00e9gr\u00e9e convient aussi bien aux utilisateurs gauchers que droitiers, \u00e9tant donn\u00e9 que la charni\u00e8re r\u00e9versible rend possible l\u2019ouverture de la porte d\u2019un c\u00f4t\u00e9 ou de l\u2019autre. Ce r\u00e9frig\u00e9rateur poids plume \u00e0 la fine pointe de la technologie peut facilement \u00eatre d\u00e9plac\u00e9 d\u2019une pi\u00e8ce \u00e0 l\u2019autre, afin de convenir \u00e0 vos besoins. Il est aussi pourvu d\u2019une garantie de 12 mois, vous \u00e9vitant tout tracas, sur toutes les pi\u00e8ces et la main-d\u2019\u0153uvre, incluant le service apr\u00e8s-vente en atelier.","og_url":"https:\/\/www.danby.com\/fr\/products\/refrigeration-compact\/dcr017a2wdb\/","og_site_name":"Danby - Canada - French","article_publisher":"https:\/\/www.facebook.com\/DanbyAppliances","article_modified_time":"2026-04-14T10:06:35+00:00","og_image":[{"width":300,"height":272,"url":"https:\/\/cdnweb.danby.com\/wp-content\/uploads\/sites\/2\/2022\/02\/08181404\/proMed-DCR017A2WDB4.jpg","type":"image\/jpeg"}],"twitter_card":"summary_large_image","twitter_site":"@DanbyAppliance","schema":{"@context":"https:\/\/schema.org","@graph":[{"@type":["WebPage","ItemPage"],"url":"https:\/\/www.danby.com\/fr\/products\/refrigeration-compact\/dcr017a2wdb\/","name":"Danby 1.7 pi3 R\u00e9frig\u00e9ration Compact - DCR017A2WDB | Danby Canada","isPartOf":[],"primaryImageOfPage":[],"image":[],"thumbnailUrl":"https:\/\/cdnweb.danby.com\/wp-content\/uploads\/sites\/2\/2022\/02\/08181404\/proMed-DCR017A2WDB4.jpg","datePublished":"2022-02-03T19:15:33+00:00","dateModified":"2026-04-14T10:06:35+00:00","description":"Cet \u00e9l\u00e9gant r\u00e9frig\u00e9rateur de comptoir Danby est dot\u00e9 d\u2019une capacit\u00e9 d\u2019entreposage de 48,1 litre (1,7 pied cube) et comporte un compartiment cong\u00e9lateur d\u2019une demi-largeur, un balconnet pleine largeur et un autre de \u00be de la largeur, ce qui en fait l\u2019appareil id\u00e9al pour les cuisinettes, appartements, copropri\u00e9t\u00e9s et minibars ext\u00e9rieurs. Conserver au frais des bouteilles de n\u2019importe quel format ne vous causera aucun probl\u00e8me, incluant les contenants de 2 litres. Cet appareil compact et intelligent poss\u00e8de un syst\u00e8me de d\u00e9givrage manuel pratique, ainsi qu\u2019un thermostat m\u00e9canique. La poign\u00e9e de porte int\u00e9gr\u00e9e convient aussi bien aux utilisateurs gauchers que droitiers, \u00e9tant donn\u00e9 que la charni\u00e8re r\u00e9versible rend possible l\u2019ouverture de la porte d\u2019un c\u00f4t\u00e9 ou de l\u2019autre. Ce r\u00e9frig\u00e9rateur poids plume \u00e0 la fine pointe de la technologie peut facilement \u00eatre d\u00e9plac\u00e9 d\u2019une pi\u00e8ce \u00e0 l\u2019autre, afin de convenir \u00e0 vos besoins. Il est aussi pourvu d\u2019une garantie de 12 mois, vous \u00e9vitant tout tracas, sur toutes les pi\u00e8ces et la main-d\u2019\u0153uvre, incluant le service apr\u00e8s-vente en atelier.","breadcrumb":[],"inLanguage":"fr-CA","potentialAction":[{"@type":"ReadAction","target":["https:\/\/www.danby.com\/fr\/products\/refrigeration-compact\/dcr017a2wdb\/"]}]},{"@type":"ImageObject","inLanguage":"fr-CA","url":"https:\/\/cdnweb.danby.com\/wp-content\/uploads\/sites\/2\/2022\/02\/08181404\/proMed-DCR017A2WDB4.jpg","contentUrl":"https:\/\/cdnweb.danby.com\/wp-content\/uploads\/sites\/2\/2022\/02\/08181404\/proMed-DCR017A2WDB4.jpg","width":300,"height":272},{"@type":"BreadcrumbList","itemListElement":[{"@type":"ListItem","position":1,"name":"Home","item":"https:\/\/www.danby.com\/fr\/"},{"@type":"ListItem","position":2,"name":"Boutique","item":"https:\/\/www.danby.com\/fr\/boutique\/"},{"@type":"ListItem","position":3,"name":"Danby 1.7 pi3 R\u00e9frig\u00e9ration Compact"}]},{"@type":"WebSite","url":"https:\/\/www.danby.com\/fr\/","name":"Danby - Canada - French","description":"Leader dans le domaine de la r\u00e9frig\u00e9ration et des appareils sp\u00e9cialis\u00e9s","publisher":[],"potentialAction":[{"@type":"SearchAction","target":{"@type":"EntryPoint","urlTemplate":"https:\/\/www.danby.com\/fr\/?s={search_term_string}"},"query-input":{"@type":"PropertyValueSpecification","valueRequired":true,"valueName":"search_term_string"}}],"inLanguage":"fr-CA"},{"@type":"Organization","name":"Danby Appliances","url":"https:\/\/www.danby.com\/fr\/","logo":{"@type":"ImageObject","inLanguage":"fr-CA","url":"https:\/\/cdnweb.danby.com\/wp-content\/uploads\/sites\/2\/2022\/02\/10141906\/Danby75Ans_Blue.png","contentUrl":"https:\/\/cdnweb.danby.com\/wp-content\/uploads\/sites\/2\/2022\/02\/10141906\/Danby75Ans_Blue.png","width":470,"height":110,"caption":"Danby Appliances"},"image":[],"sameAs":["https:\/\/www.facebook.com\/DanbyAppliances","https:\/\/x.com\/DanbyAppliance","https:\/\/instagram.com\/danbyappliances\/","https:\/\/www.linkedin.com\/company\/danbyappliances","https:\/\/www.pinterest.ca\/danbyappliances\/","https:\/\/www.youtube.com\/user\/DanbyProducts","https:\/\/en.wikipedia.org\/wiki\/Danby_(appliances)"]}]}},"post_mailing_queue_ids":[],"_links":{"self":[{"href":"https:\/\/www.danby.com\/fr\/wp-json\/wp\/v2\/product\/4785","targetHints":{"allow":["GET"]}}],"collection":[{"href":"https:\/\/www.danby.com\/fr\/wp-json\/wp\/v2\/product"}],"about":[{"href":"https:\/\/www.danby.com\/fr\/wp-json\/wp\/v2\/types\/product"}],"replies":[{"embeddable":true,"href":"https:\/\/www.danby.com\/fr\/wp-json\/wp\/v2\/comments?post=4785"}],"wp:featuredmedia":[{"embeddable":true,"href":"https:\/\/www.danby.com\/fr\/wp-json\/wp\/v2\/media\/5586"}],"wp:attachment":[{"href":"https:\/\/www.danby.com\/fr\/wp-json\/wp\/v2\/media?parent=4785"}],"wp:term":[{"taxonomy":"product_brand","embeddable":true,"href":"https:\/\/www.danby.com\/fr\/wp-json\/wp\/v2\/product_brand?post=4785"},{"taxonomy":"product_cat","embeddable":true,"href":"https:\/\/www.danby.com\/fr\/wp-json\/wp\/v2\/product_cat?post=4785"},{"taxonomy":"product_tag","embeddable":true,"href":"https:\/\/www.danby.com\/fr\/wp-json\/wp\/v2\/product_tag?post=4785"}],"curies":[{"name":"wp","href":"https:\/\/api.w.org\/{rel}","templated":true}]}}