{"id":4783,"date":"2022-02-03T19:15:33","date_gmt":"2022-02-03T19:15:33","guid":{"rendered":"https:\/\/www.danby.com\/fr\/product\/dcr016a3wdb\/"},"modified":"2026-04-26T10:03:15","modified_gmt":"2026-04-26T10:03:15","slug":"dcr016a3wdb","status":"publish","type":"product","link":"https:\/\/www.danby.com\/fr\/products\/refrigeration-compact\/dcr016a3wdb\/","title":{"rendered":"Danby 1,6 cu. R\u00e9frig\u00e9rateur compact de 5,5 pi3 en Blanc"},"content":{"rendered":"","protected":false},"excerpt":{"rendered":"<ul>\n<li>R\u00e9frig\u00e9rateur compact avec capacit\u00e9 de 1,6 pi3 (45 L)<\/li>\n<li>Certifi\u00e9 ENERGY STAR\u00ae<\/li>\n<li>R\u00e9frig\u00e9rant R600a<\/li>\n<li>D\u00e9givrage semi-automatique<\/li>\n<li>Cong\u00e9lateur pleine largeur<\/li>\n<li>1 &#8211; 1\/2 clayette demi-largeur amovible pour un maximum de polyvalence de rangement<\/li>\n<li>Rayonnages de porte int\u00e9gr\u00e9s avec rangement pour de grandes bouteilles<\/li>\n<li>Syst\u00e8me de distribution de boissons CanStor\u00ae<\/li>\n<li>Thermostat m\u00e9canique<\/li>\n<li>Poign\u00e9e de porte int\u00e9gr\u00e9e<\/li>\n<li>Charni\u00e8res de porte r\u00e9versibles<\/li>\n<li>Panneau arri\u00e8re lisse<\/li>\n<\/ul>\n","protected":false},"featured_media":34801,"comment_status":"closed","ping_status":"open","template":"","meta":{"_acf_changed":false},"product_brand":[],"product_cat":[22],"product_tag":[],"class_list":{"0":"post-4783","1":"product","2":"type-product","3":"status-publish","4":"has-post-thumbnail","6":"product_cat-refrigeration-compact","8":"first","9":"instock","10":"sale","11":"taxable","12":"shipping-taxable","13":"purchasable","14":"product-type-simple"},"acf":[],"yoast_head":"<!-- This site is optimized with the Yoast SEO plugin v27.4 - https:\/\/yoast.com\/product\/yoast-seo-wordpress\/ -->\n<title>Danby 1,6 cu. R\u00e9frig\u00e9rateur compact de 5,5 pi3 en Blanc - DCR016A3WDB | Danby Canada<\/title>\n<meta name=\"description\" content=\"Un r\u00e9frig\u00e9rateur compact est la solution id\u00e9ale pour de petits espaces habitables, des bars, des chalets et des r\u00e9sidences d\u2019\u00e9tudiants. Il est parfait pour garder vos boissons et aliments pr\u00e9f\u00e9r\u00e9s au frais et rafra\u00eechissants. Ce magnifique appareil de Danby offre jusqu\u2019\u00e0 1,6 pi3 (45 L) d\u2019espace de refroidissement et b\u00e9n\u00e9ficie d\u2019un cong\u00e9lateur pleine largeur pour de la glace et des aliments congel\u00e9s. Il est \u00e9quip\u00e9 d\u2019un distributeur de boissons CanStor\u00ae et peut accueillir des bouteilles de deux litres. Ce chic appareil est conforme aux normes Energy Star\u00ae et vous permettra de minimiser vos factures d\u2019\u00e9lectricit\u00e9. Il est \u00e9quip\u00e9 d\u2019une \u00e9l\u00e9gante poign\u00e9e de porte ainsi que d\u2019un syst\u00e8me de d\u00e9givrage semi-automatique facile \u00e0 utiliser. Le thermostat m\u00e9canique sophistiqu\u00e9 est con\u00e7u pour l\u2019exactitude et son aspect attrayant lui permet de facilement s\u2019int\u00e9grer dans tous les d\u00e9cors. Ce r\u00e9frig\u00e9rateur est fiable et est offert avec une garantie de 12 mois sur les pi\u00e8ces et la main-d\u2019\u0153uvre avec un service apr\u00e8s-vente.\" \/>\n<meta name=\"robots\" content=\"index, follow, max-snippet:-1, max-image-preview:large, max-video-preview:-1\" \/>\n<link rel=\"canonical\" href=\"https:\/\/www.danby.com\/fr\/products\/refrigeration-compact\/dcr016a3wdb\/\" \/>\n<meta property=\"og:locale\" content=\"fr_CA\" \/>\n<meta property=\"og:type\" content=\"article\" \/>\n<meta property=\"og:title\" content=\"Danby 1,6 cu. R\u00e9frig\u00e9rateur compact de 5,5 pi3 en Blanc - DCR016A3WDB | Danby Canada\" \/>\n<meta property=\"og:description\" content=\"Un r\u00e9frig\u00e9rateur compact est la solution id\u00e9ale pour de petits espaces habitables, des bars, des chalets et des r\u00e9sidences d\u2019\u00e9tudiants. Il est parfait pour garder vos boissons et aliments pr\u00e9f\u00e9r\u00e9s au frais et rafra\u00eechissants. Ce magnifique appareil de Danby offre jusqu\u2019\u00e0 1,6 pi3 (45 L) d\u2019espace de refroidissement et b\u00e9n\u00e9ficie d\u2019un cong\u00e9lateur pleine largeur pour de la glace et des aliments congel\u00e9s. Il est \u00e9quip\u00e9 d\u2019un distributeur de boissons CanStor\u00ae et peut accueillir des bouteilles de deux litres. Ce chic appareil est conforme aux normes Energy Star\u00ae et vous permettra de minimiser vos factures d\u2019\u00e9lectricit\u00e9. Il est \u00e9quip\u00e9 d\u2019une \u00e9l\u00e9gante poign\u00e9e de porte ainsi que d\u2019un syst\u00e8me de d\u00e9givrage semi-automatique facile \u00e0 utiliser. Le thermostat m\u00e9canique sophistiqu\u00e9 est con\u00e7u pour l\u2019exactitude et son aspect attrayant lui permet de facilement s\u2019int\u00e9grer dans tous les d\u00e9cors. Ce r\u00e9frig\u00e9rateur est fiable et est offert avec une garantie de 12 mois sur les pi\u00e8ces et la main-d\u2019\u0153uvre avec un service apr\u00e8s-vente.\" \/>\n<meta property=\"og:url\" content=\"https:\/\/www.danby.com\/fr\/products\/refrigeration-compact\/dcr016a3wdb\/\" \/>\n<meta property=\"og:site_name\" content=\"Danby - Canada - French\" \/>\n<meta property=\"article:publisher\" content=\"https:\/\/www.facebook.com\/DanbyAppliances\" \/>\n<meta property=\"article:modified_time\" content=\"2026-04-26T10:03:15+00:00\" \/>\n<meta property=\"og:image\" content=\"https:\/\/cdnweb.danby.com\/wp-content\/uploads\/sites\/2\/2024\/04\/24200428\/Thumbnail__0056_DCR016A3WDB.jpg\" \/>\n\t<meta property=\"og:image:width\" content=\"1125\" \/>\n\t<meta property=\"og:image:height\" content=\"1500\" \/>\n\t<meta property=\"og:image:type\" content=\"image\/jpeg\" \/>\n<meta name=\"twitter:card\" content=\"summary_large_image\" \/>\n<meta name=\"twitter:site\" content=\"@DanbyAppliance\" \/>\n<script type=\"application\/ld+json\" class=\"yoast-schema-graph\">{\"@context\":\"https:\\\/\\\/schema.org\",\"@graph\":[{\"@type\":[\"WebPage\",\"ItemPage\"],\"url\":\"https:\\\/\\\/www.danby.com\\\/fr\\\/products\\\/refrigeration-compact\\\/dcr016a3wdb\\\/\",\"name\":\"Danby 1,6 cu. R\u00e9frig\u00e9rateur compact de 5,5 pi3 en Blanc - DCR016A3WDB | Danby Canada\",\"isPartOf\":[],\"primaryImageOfPage\":[],\"image\":[],\"thumbnailUrl\":\"https:\\\/\\\/www.danby.com\\\/fr\\\/wp-content\\\/uploads\\\/sites\\\/2\\\/2025\\\/09\\\/dcr016a3wdb-thumbnail.jpg\",\"datePublished\":\"2022-02-03T19:15:33+00:00\",\"dateModified\":\"2026-04-26T10:03:15+00:00\",\"description\":\"Un r\u00e9frig\u00e9rateur compact est la solution id\u00e9ale pour de petits espaces habitables, des bars, des chalets et des r\u00e9sidences d\u2019\u00e9tudiants. Il est parfait pour garder vos boissons et aliments pr\u00e9f\u00e9r\u00e9s au frais et rafra\u00eechissants. Ce magnifique appareil de Danby offre jusqu\u2019\u00e0 1,6 pi3 (45 L) d\u2019espace de refroidissement et b\u00e9n\u00e9ficie d\u2019un cong\u00e9lateur pleine largeur pour de la glace et des aliments congel\u00e9s. Il est \u00e9quip\u00e9 d\u2019un distributeur de boissons CanStor\u00ae et peut accueillir des bouteilles de deux litres. Ce chic appareil est conforme aux normes Energy Star\u00ae et vous permettra de minimiser vos factures d\u2019\u00e9lectricit\u00e9. Il est \u00e9quip\u00e9 d\u2019une \u00e9l\u00e9gante poign\u00e9e de porte ainsi que d\u2019un syst\u00e8me de d\u00e9givrage semi-automatique facile \u00e0 utiliser. Le thermostat m\u00e9canique sophistiqu\u00e9 est con\u00e7u pour l\u2019exactitude et son aspect attrayant lui permet de facilement s\u2019int\u00e9grer dans tous les d\u00e9cors. Ce r\u00e9frig\u00e9rateur est fiable et est offert avec une garantie de 12 mois sur les pi\u00e8ces et la main-d\u2019\u0153uvre avec un service apr\u00e8s-vente.\",\"breadcrumb\":[],\"inLanguage\":\"fr-CA\",\"potentialAction\":[{\"@type\":\"ReadAction\",\"target\":[\"https:\\\/\\\/www.danby.com\\\/fr\\\/products\\\/refrigeration-compact\\\/dcr016a3wdb\\\/\"]}]},{\"@type\":\"ImageObject\",\"inLanguage\":\"fr-CA\",\"url\":\"https:\\\/\\\/www.danby.com\\\/fr\\\/wp-content\\\/uploads\\\/sites\\\/2\\\/2025\\\/09\\\/dcr016a3wdb-thumbnail.jpg\",\"contentUrl\":\"https:\\\/\\\/www.danby.com\\\/fr\\\/wp-content\\\/uploads\\\/sites\\\/2\\\/2025\\\/09\\\/dcr016a3wdb-thumbnail.jpg\",\"width\":768,\"height\":1024},{\"@type\":\"BreadcrumbList\",\"itemListElement\":[{\"@type\":\"ListItem\",\"position\":1,\"name\":\"Home\",\"item\":\"https:\\\/\\\/www.danby.com\\\/fr\\\/\"},{\"@type\":\"ListItem\",\"position\":2,\"name\":\"Boutique\",\"item\":\"https:\\\/\\\/www.danby.com\\\/fr\\\/boutique\\\/\"},{\"@type\":\"ListItem\",\"position\":3,\"name\":\"Danby 1,6 cu. R\u00e9frig\u00e9rateur compact de 5,5 pi3 en blanc\"}]},{\"@type\":\"WebSite\",\"url\":\"https:\\\/\\\/www.danby.com\\\/fr\\\/\",\"name\":\"Danby - Canada - French\",\"description\":\"Leader dans le domaine de la r\u00e9frig\u00e9ration et des appareils sp\u00e9cialis\u00e9s\",\"publisher\":[],\"potentialAction\":[{\"@type\":\"SearchAction\",\"target\":{\"@type\":\"EntryPoint\",\"urlTemplate\":\"https:\\\/\\\/www.danby.com\\\/fr\\\/?s={search_term_string}\"},\"query-input\":{\"@type\":\"PropertyValueSpecification\",\"valueRequired\":true,\"valueName\":\"search_term_string\"}}],\"inLanguage\":\"fr-CA\"},{\"@type\":\"Organization\",\"name\":\"Danby Appliances\",\"url\":\"https:\\\/\\\/www.danby.com\\\/fr\\\/\",\"logo\":{\"@type\":\"ImageObject\",\"inLanguage\":\"fr-CA\",\"url\":\"https:\\\/\\\/cdnweb.danby.com\\\/wp-content\\\/uploads\\\/sites\\\/2\\\/2022\\\/02\\\/10141906\\\/Danby75Ans_Blue.png\",\"contentUrl\":\"https:\\\/\\\/cdnweb.danby.com\\\/wp-content\\\/uploads\\\/sites\\\/2\\\/2022\\\/02\\\/10141906\\\/Danby75Ans_Blue.png\",\"width\":470,\"height\":110,\"caption\":\"Danby Appliances\"},\"image\":[],\"sameAs\":[\"https:\\\/\\\/www.facebook.com\\\/DanbyAppliances\",\"https:\\\/\\\/x.com\\\/DanbyAppliance\",\"https:\\\/\\\/instagram.com\\\/danbyappliances\\\/\",\"https:\\\/\\\/www.linkedin.com\\\/company\\\/danbyappliances\",\"https:\\\/\\\/www.pinterest.ca\\\/danbyappliances\\\/\",\"https:\\\/\\\/www.youtube.com\\\/user\\\/DanbyProducts\",\"https:\\\/\\\/en.wikipedia.org\\\/wiki\\\/Danby_(appliances)\"]}]}<\/script>\n<!-- \/ Yoast SEO plugin. -->","yoast_head_json":{"title":"Danby 1,6 cu. R\u00e9frig\u00e9rateur compact de 5,5 pi3 en Blanc - DCR016A3WDB | Danby Canada","description":"Un r\u00e9frig\u00e9rateur compact est la solution id\u00e9ale pour de petits espaces habitables, des bars, des chalets et des r\u00e9sidences d\u2019\u00e9tudiants. Il est parfait pour garder vos boissons et aliments pr\u00e9f\u00e9r\u00e9s au frais et rafra\u00eechissants. Ce magnifique appareil de Danby offre jusqu\u2019\u00e0 1,6 pi3 (45 L) d\u2019espace de refroidissement et b\u00e9n\u00e9ficie d\u2019un cong\u00e9lateur pleine largeur pour de la glace et des aliments congel\u00e9s. Il est \u00e9quip\u00e9 d\u2019un distributeur de boissons CanStor\u00ae et peut accueillir des bouteilles de deux litres. Ce chic appareil est conforme aux normes Energy Star\u00ae et vous permettra de minimiser vos factures d\u2019\u00e9lectricit\u00e9. Il est \u00e9quip\u00e9 d\u2019une \u00e9l\u00e9gante poign\u00e9e de porte ainsi que d\u2019un syst\u00e8me de d\u00e9givrage semi-automatique facile \u00e0 utiliser. Le thermostat m\u00e9canique sophistiqu\u00e9 est con\u00e7u pour l\u2019exactitude et son aspect attrayant lui permet de facilement s\u2019int\u00e9grer dans tous les d\u00e9cors. Ce r\u00e9frig\u00e9rateur est fiable et est offert avec une garantie de 12 mois sur les pi\u00e8ces et la main-d\u2019\u0153uvre avec un service apr\u00e8s-vente.","robots":{"index":"index","follow":"follow","max-snippet":"max-snippet:-1","max-image-preview":"max-image-preview:large","max-video-preview":"max-video-preview:-1"},"canonical":"https:\/\/www.danby.com\/fr\/products\/refrigeration-compact\/dcr016a3wdb\/","og_locale":"fr_CA","og_type":"article","og_title":"Danby 1,6 cu. R\u00e9frig\u00e9rateur compact de 5,5 pi3 en Blanc - DCR016A3WDB | Danby Canada","og_description":"Un r\u00e9frig\u00e9rateur compact est la solution id\u00e9ale pour de petits espaces habitables, des bars, des chalets et des r\u00e9sidences d\u2019\u00e9tudiants. Il est parfait pour garder vos boissons et aliments pr\u00e9f\u00e9r\u00e9s au frais et rafra\u00eechissants. Ce magnifique appareil de Danby offre jusqu\u2019\u00e0 1,6 pi3 (45 L) d\u2019espace de refroidissement et b\u00e9n\u00e9ficie d\u2019un cong\u00e9lateur pleine largeur pour de la glace et des aliments congel\u00e9s. Il est \u00e9quip\u00e9 d\u2019un distributeur de boissons CanStor\u00ae et peut accueillir des bouteilles de deux litres. Ce chic appareil est conforme aux normes Energy Star\u00ae et vous permettra de minimiser vos factures d\u2019\u00e9lectricit\u00e9. Il est \u00e9quip\u00e9 d\u2019une \u00e9l\u00e9gante poign\u00e9e de porte ainsi que d\u2019un syst\u00e8me de d\u00e9givrage semi-automatique facile \u00e0 utiliser. Le thermostat m\u00e9canique sophistiqu\u00e9 est con\u00e7u pour l\u2019exactitude et son aspect attrayant lui permet de facilement s\u2019int\u00e9grer dans tous les d\u00e9cors. Ce r\u00e9frig\u00e9rateur est fiable et est offert avec une garantie de 12 mois sur les pi\u00e8ces et la main-d\u2019\u0153uvre avec un service apr\u00e8s-vente.","og_url":"https:\/\/www.danby.com\/fr\/products\/refrigeration-compact\/dcr016a3wdb\/","og_site_name":"Danby - Canada - French","article_publisher":"https:\/\/www.facebook.com\/DanbyAppliances","article_modified_time":"2026-04-26T10:03:15+00:00","og_image":[{"width":1125,"height":1500,"url":"https:\/\/cdnweb.danby.com\/wp-content\/uploads\/sites\/2\/2024\/04\/24200428\/Thumbnail__0056_DCR016A3WDB.jpg","type":"image\/jpeg"}],"twitter_card":"summary_large_image","twitter_site":"@DanbyAppliance","schema":{"@context":"https:\/\/schema.org","@graph":[{"@type":["WebPage","ItemPage"],"url":"https:\/\/www.danby.com\/fr\/products\/refrigeration-compact\/dcr016a3wdb\/","name":"Danby 1,6 cu. R\u00e9frig\u00e9rateur compact de 5,5 pi3 en Blanc - DCR016A3WDB | Danby Canada","isPartOf":[],"primaryImageOfPage":[],"image":[],"thumbnailUrl":"https:\/\/www.danby.com\/fr\/wp-content\/uploads\/sites\/2\/2025\/09\/dcr016a3wdb-thumbnail.jpg","datePublished":"2022-02-03T19:15:33+00:00","dateModified":"2026-04-26T10:03:15+00:00","description":"Un r\u00e9frig\u00e9rateur compact est la solution id\u00e9ale pour de petits espaces habitables, des bars, des chalets et des r\u00e9sidences d\u2019\u00e9tudiants. Il est parfait pour garder vos boissons et aliments pr\u00e9f\u00e9r\u00e9s au frais et rafra\u00eechissants. Ce magnifique appareil de Danby offre jusqu\u2019\u00e0 1,6 pi3 (45 L) d\u2019espace de refroidissement et b\u00e9n\u00e9ficie d\u2019un cong\u00e9lateur pleine largeur pour de la glace et des aliments congel\u00e9s. Il est \u00e9quip\u00e9 d\u2019un distributeur de boissons CanStor\u00ae et peut accueillir des bouteilles de deux litres. Ce chic appareil est conforme aux normes Energy Star\u00ae et vous permettra de minimiser vos factures d\u2019\u00e9lectricit\u00e9. Il est \u00e9quip\u00e9 d\u2019une \u00e9l\u00e9gante poign\u00e9e de porte ainsi que d\u2019un syst\u00e8me de d\u00e9givrage semi-automatique facile \u00e0 utiliser. Le thermostat m\u00e9canique sophistiqu\u00e9 est con\u00e7u pour l\u2019exactitude et son aspect attrayant lui permet de facilement s\u2019int\u00e9grer dans tous les d\u00e9cors. Ce r\u00e9frig\u00e9rateur est fiable et est offert avec une garantie de 12 mois sur les pi\u00e8ces et la main-d\u2019\u0153uvre avec un service apr\u00e8s-vente.","breadcrumb":[],"inLanguage":"fr-CA","potentialAction":[{"@type":"ReadAction","target":["https:\/\/www.danby.com\/fr\/products\/refrigeration-compact\/dcr016a3wdb\/"]}]},{"@type":"ImageObject","inLanguage":"fr-CA","url":"https:\/\/www.danby.com\/fr\/wp-content\/uploads\/sites\/2\/2025\/09\/dcr016a3wdb-thumbnail.jpg","contentUrl":"https:\/\/www.danby.com\/fr\/wp-content\/uploads\/sites\/2\/2025\/09\/dcr016a3wdb-thumbnail.jpg","width":768,"height":1024},{"@type":"BreadcrumbList","itemListElement":[{"@type":"ListItem","position":1,"name":"Home","item":"https:\/\/www.danby.com\/fr\/"},{"@type":"ListItem","position":2,"name":"Boutique","item":"https:\/\/www.danby.com\/fr\/boutique\/"},{"@type":"ListItem","position":3,"name":"Danby 1,6 cu. R\u00e9frig\u00e9rateur compact de 5,5 pi3 en blanc"}]},{"@type":"WebSite","url":"https:\/\/www.danby.com\/fr\/","name":"Danby - Canada - French","description":"Leader dans le domaine de la r\u00e9frig\u00e9ration et des appareils sp\u00e9cialis\u00e9s","publisher":[],"potentialAction":[{"@type":"SearchAction","target":{"@type":"EntryPoint","urlTemplate":"https:\/\/www.danby.com\/fr\/?s={search_term_string}"},"query-input":{"@type":"PropertyValueSpecification","valueRequired":true,"valueName":"search_term_string"}}],"inLanguage":"fr-CA"},{"@type":"Organization","name":"Danby Appliances","url":"https:\/\/www.danby.com\/fr\/","logo":{"@type":"ImageObject","inLanguage":"fr-CA","url":"https:\/\/cdnweb.danby.com\/wp-content\/uploads\/sites\/2\/2022\/02\/10141906\/Danby75Ans_Blue.png","contentUrl":"https:\/\/cdnweb.danby.com\/wp-content\/uploads\/sites\/2\/2022\/02\/10141906\/Danby75Ans_Blue.png","width":470,"height":110,"caption":"Danby Appliances"},"image":[],"sameAs":["https:\/\/www.facebook.com\/DanbyAppliances","https:\/\/x.com\/DanbyAppliance","https:\/\/instagram.com\/danbyappliances\/","https:\/\/www.linkedin.com\/company\/danbyappliances","https:\/\/www.pinterest.ca\/danbyappliances\/","https:\/\/www.youtube.com\/user\/DanbyProducts","https:\/\/en.wikipedia.org\/wiki\/Danby_(appliances)"]}]}},"post_mailing_queue_ids":[],"_links":{"self":[{"href":"https:\/\/www.danby.com\/fr\/wp-json\/wp\/v2\/product\/4783","targetHints":{"allow":["GET"]}}],"collection":[{"href":"https:\/\/www.danby.com\/fr\/wp-json\/wp\/v2\/product"}],"about":[{"href":"https:\/\/www.danby.com\/fr\/wp-json\/wp\/v2\/types\/product"}],"replies":[{"embeddable":true,"href":"https:\/\/www.danby.com\/fr\/wp-json\/wp\/v2\/comments?post=4783"}],"wp:featuredmedia":[{"embeddable":true,"href":"https:\/\/www.danby.com\/fr\/wp-json\/wp\/v2\/media\/34801"}],"wp:attachment":[{"href":"https:\/\/www.danby.com\/fr\/wp-json\/wp\/v2\/media?parent=4783"}],"wp:term":[{"taxonomy":"product_brand","embeddable":true,"href":"https:\/\/www.danby.com\/fr\/wp-json\/wp\/v2\/product_brand?post=4783"},{"taxonomy":"product_cat","embeddable":true,"href":"https:\/\/www.danby.com\/fr\/wp-json\/wp\/v2\/product_cat?post=4783"},{"taxonomy":"product_tag","embeddable":true,"href":"https:\/\/www.danby.com\/fr\/wp-json\/wp\/v2\/product_tag?post=4783"}],"curies":[{"name":"wp","href":"https:\/\/api.w.org\/{rel}","templated":true}]}}