{"id":4779,"date":"2022-02-03T19:15:33","date_gmt":"2022-02-03T19:15:33","guid":{"rendered":"https:\/\/www.danby.com\/fr\/product\/dcr016a1bbsl\/"},"modified":"2026-04-27T10:07:48","modified_gmt":"2026-04-27T10:07:48","slug":"dcr016a1bbsl","status":"publish","type":"product","link":"https:\/\/www.danby.com\/fr\/products\/refrigeration-compact\/dcr016a1bbsl\/","title":{"rendered":"Danby R\u00e9frig\u00e9rateur compact de 1,6 pi3 en acier inoxydable noir"},"content":{"rendered":"","protected":false},"excerpt":{"rendered":"<ul>\n<li>R\u00e9frig\u00e9rateur compact d&#8217;une capacit\u00e9 de 45 litres (1,6 pi3)<\/li>\n<li>Aspect acier inoxydable noir<\/li>\n<li>Conforme \u00e0 ENERGY STAR\u00ae<\/li>\n<li>R\u00e9frig\u00e9rant R600a respectueux de l&#8217;environnement<\/li>\n<li>Section cong\u00e9lateur pleine largeur<\/li>\n<li>Syst\u00e8me de d\u00e9givrage manuel<\/li>\n<li>1 &#8211; 1\/2 largeur d&#8217;\u00e9tag\u00e8re en fil m\u00e9tallique<\/li>\n<li>\u00c9tag\u00e8res de porte int\u00e9gr\u00e9es avec rangement pour les grandes bouteilles<\/li>\n<li>Distributeur de boissons CanStor\u00ae<\/li>\n<li>Thermostat m\u00e9canique<\/li>\n<li>Poign\u00e9e de porte int\u00e9gr\u00e9e<\/li>\n<li>Charni\u00e8re de porte r\u00e9versible<\/li>\n<\/ul>\n","protected":false},"featured_media":21957,"comment_status":"closed","ping_status":"open","template":"","meta":{"_acf_changed":false},"product_brand":[],"product_cat":[22],"product_tag":[],"class_list":{"0":"post-4779","1":"product","2":"type-product","3":"status-publish","4":"has-post-thumbnail","6":"product_cat-refrigeration-compact","7":"pa_capacite-pi3-1-6","8":"pa_couleur-black-stainless-steel","9":"pa_duree-de-la-garantie-en-mois-1173","11":"first","12":"outofstock","13":"taxable","14":"shipping-taxable","15":"product-type-simple"},"acf":[],"yoast_head":"<!-- This site is optimized with the Yoast SEO plugin v27.4 - https:\/\/yoast.com\/product\/yoast-seo-wordpress\/ -->\n<title>Danby R\u00e9frig\u00e9rateur compact de 1,6 pi3 en acier inoxydable noir - DCR016A1BBSL | Danby Canada<\/title>\n<meta name=\"description\" content=\"Voici le r\u00e9frig\u00e9rateur compact id\u00e9al. Ce mod\u00e8le populaire de 1,6 pied cube (45 L) est id\u00e9al pour les salles \u00e0 manger, les petites cuisines, les bars et les dortoirs. L&#039;appareil est contr\u00f4l\u00e9 par un thermostat m\u00e9canique intelligent et un syst\u00e8me de d\u00e9givrage automatique pratique. Vos boissons pr\u00e9f\u00e9r\u00e9es sont facilement accessibles gr\u00e2ce au syst\u00e8me de distribution de boissons CanStor\u00ae brevet\u00e9 par Danby, et il y a beaucoup de place pour les grandes bouteilles de soda. De plus, vous n&#039;aurez pas \u00e0 vous soucier de factures d&#039;\u00e9lectricit\u00e9 \u00e9lev\u00e9es puisque ce r\u00e9frig\u00e9rateur compact est conforme \u00e0 la norme ENERGY STAR\u00ae. Ce petit r\u00e9frig\u00e9rateur est \u00e9galement dot\u00e9 d&#039;une ing\u00e9nieuse charni\u00e8re de porte r\u00e9versible qui vous permet de l&#039;ajuster pour une ouverture \u00e0 gauche ou \u00e0 droite.\" \/>\n<meta name=\"robots\" content=\"index, follow, max-snippet:-1, max-image-preview:large, max-video-preview:-1\" \/>\n<link rel=\"canonical\" href=\"https:\/\/www.danby.com\/fr\/products\/refrigeration-compact\/dcr016a1bbsl\/\" \/>\n<meta property=\"og:locale\" content=\"fr_CA\" \/>\n<meta property=\"og:type\" content=\"article\" \/>\n<meta property=\"og:title\" content=\"Danby R\u00e9frig\u00e9rateur compact de 1,6 pi3 en acier inoxydable noir - DCR016A1BBSL | Danby Canada\" \/>\n<meta property=\"og:description\" content=\"Voici le r\u00e9frig\u00e9rateur compact id\u00e9al. Ce mod\u00e8le populaire de 1,6 pied cube (45 L) est id\u00e9al pour les salles \u00e0 manger, les petites cuisines, les bars et les dortoirs. L&#039;appareil est contr\u00f4l\u00e9 par un thermostat m\u00e9canique intelligent et un syst\u00e8me de d\u00e9givrage automatique pratique. Vos boissons pr\u00e9f\u00e9r\u00e9es sont facilement accessibles gr\u00e2ce au syst\u00e8me de distribution de boissons CanStor\u00ae brevet\u00e9 par Danby, et il y a beaucoup de place pour les grandes bouteilles de soda. De plus, vous n&#039;aurez pas \u00e0 vous soucier de factures d&#039;\u00e9lectricit\u00e9 \u00e9lev\u00e9es puisque ce r\u00e9frig\u00e9rateur compact est conforme \u00e0 la norme ENERGY STAR\u00ae. Ce petit r\u00e9frig\u00e9rateur est \u00e9galement dot\u00e9 d&#039;une ing\u00e9nieuse charni\u00e8re de porte r\u00e9versible qui vous permet de l&#039;ajuster pour une ouverture \u00e0 gauche ou \u00e0 droite.\" \/>\n<meta property=\"og:url\" content=\"https:\/\/www.danby.com\/fr\/products\/refrigeration-compact\/dcr016a1bbsl\/\" \/>\n<meta property=\"og:site_name\" content=\"Danby - Canada - French\" \/>\n<meta property=\"article:publisher\" content=\"https:\/\/www.facebook.com\/DanbyAppliances\" \/>\n<meta property=\"article:modified_time\" content=\"2026-04-27T10:07:48+00:00\" \/>\n<meta property=\"og:image\" content=\"https:\/\/cdnweb.danby.com\/wp-content\/uploads\/sites\/2\/2023\/05\/01185849\/DCR016A1BBSL_Front.jpg\" \/>\n\t<meta property=\"og:image:width\" content=\"2000\" \/>\n\t<meta property=\"og:image:height\" content=\"2000\" \/>\n\t<meta property=\"og:image:type\" content=\"image\/jpeg\" \/>\n<meta name=\"twitter:card\" content=\"summary_large_image\" \/>\n<meta name=\"twitter:site\" content=\"@DanbyAppliance\" \/>\n<script type=\"application\/ld+json\" class=\"yoast-schema-graph\">{\"@context\":\"https:\\\/\\\/schema.org\",\"@graph\":[{\"@type\":[\"WebPage\",\"ItemPage\"],\"url\":\"https:\\\/\\\/www.danby.com\\\/fr\\\/products\\\/refrigeration-compact\\\/dcr016a1bbsl\\\/\",\"name\":\"Danby R\u00e9frig\u00e9rateur compact de 1,6 pi3 en acier inoxydable noir - DCR016A1BBSL | Danby Canada\",\"isPartOf\":[],\"primaryImageOfPage\":[],\"image\":[],\"thumbnailUrl\":\"https:\\\/\\\/cdnweb.danby.com\\\/wp-content\\\/uploads\\\/sites\\\/2\\\/2023\\\/05\\\/01185849\\\/DCR016A1BBSL_Front.jpg\",\"datePublished\":\"2022-02-03T19:15:33+00:00\",\"dateModified\":\"2026-04-27T10:07:48+00:00\",\"description\":\"Voici le r\u00e9frig\u00e9rateur compact id\u00e9al. Ce mod\u00e8le populaire de 1,6 pied cube (45 L) est id\u00e9al pour les salles \u00e0 manger, les petites cuisines, les bars et les dortoirs. L'appareil est contr\u00f4l\u00e9 par un thermostat m\u00e9canique intelligent et un syst\u00e8me de d\u00e9givrage automatique pratique. Vos boissons pr\u00e9f\u00e9r\u00e9es sont facilement accessibles gr\u00e2ce au syst\u00e8me de distribution de boissons CanStor\u00ae brevet\u00e9 par Danby, et il y a beaucoup de place pour les grandes bouteilles de soda. De plus, vous n'aurez pas \u00e0 vous soucier de factures d'\u00e9lectricit\u00e9 \u00e9lev\u00e9es puisque ce r\u00e9frig\u00e9rateur compact est conforme \u00e0 la norme ENERGY STAR\u00ae. Ce petit r\u00e9frig\u00e9rateur est \u00e9galement dot\u00e9 d'une ing\u00e9nieuse charni\u00e8re de porte r\u00e9versible qui vous permet de l'ajuster pour une ouverture \u00e0 gauche ou \u00e0 droite.\",\"breadcrumb\":[],\"inLanguage\":\"fr-CA\",\"potentialAction\":[{\"@type\":\"ReadAction\",\"target\":[\"https:\\\/\\\/www.danby.com\\\/fr\\\/products\\\/refrigeration-compact\\\/dcr016a1bbsl\\\/\"]}]},{\"@type\":\"ImageObject\",\"inLanguage\":\"fr-CA\",\"url\":\"https:\\\/\\\/cdnweb.danby.com\\\/wp-content\\\/uploads\\\/sites\\\/2\\\/2023\\\/05\\\/01185849\\\/DCR016A1BBSL_Front.jpg\",\"contentUrl\":\"https:\\\/\\\/cdnweb.danby.com\\\/wp-content\\\/uploads\\\/sites\\\/2\\\/2023\\\/05\\\/01185849\\\/DCR016A1BBSL_Front.jpg\",\"width\":2000,\"height\":2000},{\"@type\":\"BreadcrumbList\",\"itemListElement\":[{\"@type\":\"ListItem\",\"position\":1,\"name\":\"Home\",\"item\":\"https:\\\/\\\/www.danby.com\\\/fr\\\/\"},{\"@type\":\"ListItem\",\"position\":2,\"name\":\"Boutique\",\"item\":\"https:\\\/\\\/www.danby.com\\\/fr\\\/boutique\\\/\"},{\"@type\":\"ListItem\",\"position\":3,\"name\":\"Danby R\u00e9frig\u00e9rateur compact de 1,6 pi3 en acier inoxydable noir\"}]},{\"@type\":\"WebSite\",\"url\":\"https:\\\/\\\/www.danby.com\\\/fr\\\/\",\"name\":\"Danby - Canada - French\",\"description\":\"Leader dans le domaine de la r\u00e9frig\u00e9ration et des appareils sp\u00e9cialis\u00e9s\",\"publisher\":[],\"potentialAction\":[{\"@type\":\"SearchAction\",\"target\":{\"@type\":\"EntryPoint\",\"urlTemplate\":\"https:\\\/\\\/www.danby.com\\\/fr\\\/?s={search_term_string}\"},\"query-input\":{\"@type\":\"PropertyValueSpecification\",\"valueRequired\":true,\"valueName\":\"search_term_string\"}}],\"inLanguage\":\"fr-CA\"},{\"@type\":\"Organization\",\"name\":\"Danby Appliances\",\"url\":\"https:\\\/\\\/www.danby.com\\\/fr\\\/\",\"logo\":{\"@type\":\"ImageObject\",\"inLanguage\":\"fr-CA\",\"url\":\"https:\\\/\\\/cdnweb.danby.com\\\/wp-content\\\/uploads\\\/sites\\\/2\\\/2022\\\/02\\\/10141906\\\/Danby75Ans_Blue.png\",\"contentUrl\":\"https:\\\/\\\/cdnweb.danby.com\\\/wp-content\\\/uploads\\\/sites\\\/2\\\/2022\\\/02\\\/10141906\\\/Danby75Ans_Blue.png\",\"width\":470,\"height\":110,\"caption\":\"Danby Appliances\"},\"image\":[],\"sameAs\":[\"https:\\\/\\\/www.facebook.com\\\/DanbyAppliances\",\"https:\\\/\\\/x.com\\\/DanbyAppliance\",\"https:\\\/\\\/instagram.com\\\/danbyappliances\\\/\",\"https:\\\/\\\/www.linkedin.com\\\/company\\\/danbyappliances\",\"https:\\\/\\\/www.pinterest.ca\\\/danbyappliances\\\/\",\"https:\\\/\\\/www.youtube.com\\\/user\\\/DanbyProducts\",\"https:\\\/\\\/en.wikipedia.org\\\/wiki\\\/Danby_(appliances)\"]}]}<\/script>\n<!-- \/ Yoast SEO plugin. -->","yoast_head_json":{"title":"Danby R\u00e9frig\u00e9rateur compact de 1,6 pi3 en acier inoxydable noir - DCR016A1BBSL | Danby Canada","description":"Voici le r\u00e9frig\u00e9rateur compact id\u00e9al. Ce mod\u00e8le populaire de 1,6 pied cube (45 L) est id\u00e9al pour les salles \u00e0 manger, les petites cuisines, les bars et les dortoirs. L'appareil est contr\u00f4l\u00e9 par un thermostat m\u00e9canique intelligent et un syst\u00e8me de d\u00e9givrage automatique pratique. Vos boissons pr\u00e9f\u00e9r\u00e9es sont facilement accessibles gr\u00e2ce au syst\u00e8me de distribution de boissons CanStor\u00ae brevet\u00e9 par Danby, et il y a beaucoup de place pour les grandes bouteilles de soda. De plus, vous n'aurez pas \u00e0 vous soucier de factures d'\u00e9lectricit\u00e9 \u00e9lev\u00e9es puisque ce r\u00e9frig\u00e9rateur compact est conforme \u00e0 la norme ENERGY STAR\u00ae. Ce petit r\u00e9frig\u00e9rateur est \u00e9galement dot\u00e9 d'une ing\u00e9nieuse charni\u00e8re de porte r\u00e9versible qui vous permet de l'ajuster pour une ouverture \u00e0 gauche ou \u00e0 droite.","robots":{"index":"index","follow":"follow","max-snippet":"max-snippet:-1","max-image-preview":"max-image-preview:large","max-video-preview":"max-video-preview:-1"},"canonical":"https:\/\/www.danby.com\/fr\/products\/refrigeration-compact\/dcr016a1bbsl\/","og_locale":"fr_CA","og_type":"article","og_title":"Danby R\u00e9frig\u00e9rateur compact de 1,6 pi3 en acier inoxydable noir - DCR016A1BBSL | Danby Canada","og_description":"Voici le r\u00e9frig\u00e9rateur compact id\u00e9al. Ce mod\u00e8le populaire de 1,6 pied cube (45 L) est id\u00e9al pour les salles \u00e0 manger, les petites cuisines, les bars et les dortoirs. L'appareil est contr\u00f4l\u00e9 par un thermostat m\u00e9canique intelligent et un syst\u00e8me de d\u00e9givrage automatique pratique. Vos boissons pr\u00e9f\u00e9r\u00e9es sont facilement accessibles gr\u00e2ce au syst\u00e8me de distribution de boissons CanStor\u00ae brevet\u00e9 par Danby, et il y a beaucoup de place pour les grandes bouteilles de soda. De plus, vous n'aurez pas \u00e0 vous soucier de factures d'\u00e9lectricit\u00e9 \u00e9lev\u00e9es puisque ce r\u00e9frig\u00e9rateur compact est conforme \u00e0 la norme ENERGY STAR\u00ae. Ce petit r\u00e9frig\u00e9rateur est \u00e9galement dot\u00e9 d'une ing\u00e9nieuse charni\u00e8re de porte r\u00e9versible qui vous permet de l'ajuster pour une ouverture \u00e0 gauche ou \u00e0 droite.","og_url":"https:\/\/www.danby.com\/fr\/products\/refrigeration-compact\/dcr016a1bbsl\/","og_site_name":"Danby - Canada - French","article_publisher":"https:\/\/www.facebook.com\/DanbyAppliances","article_modified_time":"2026-04-27T10:07:48+00:00","og_image":[{"width":2000,"height":2000,"url":"https:\/\/cdnweb.danby.com\/wp-content\/uploads\/sites\/2\/2023\/05\/01185849\/DCR016A1BBSL_Front.jpg","type":"image\/jpeg"}],"twitter_card":"summary_large_image","twitter_site":"@DanbyAppliance","schema":{"@context":"https:\/\/schema.org","@graph":[{"@type":["WebPage","ItemPage"],"url":"https:\/\/www.danby.com\/fr\/products\/refrigeration-compact\/dcr016a1bbsl\/","name":"Danby R\u00e9frig\u00e9rateur compact de 1,6 pi3 en acier inoxydable noir - DCR016A1BBSL | Danby Canada","isPartOf":[],"primaryImageOfPage":[],"image":[],"thumbnailUrl":"https:\/\/cdnweb.danby.com\/wp-content\/uploads\/sites\/2\/2023\/05\/01185849\/DCR016A1BBSL_Front.jpg","datePublished":"2022-02-03T19:15:33+00:00","dateModified":"2026-04-27T10:07:48+00:00","description":"Voici le r\u00e9frig\u00e9rateur compact id\u00e9al. Ce mod\u00e8le populaire de 1,6 pied cube (45 L) est id\u00e9al pour les salles \u00e0 manger, les petites cuisines, les bars et les dortoirs. L'appareil est contr\u00f4l\u00e9 par un thermostat m\u00e9canique intelligent et un syst\u00e8me de d\u00e9givrage automatique pratique. Vos boissons pr\u00e9f\u00e9r\u00e9es sont facilement accessibles gr\u00e2ce au syst\u00e8me de distribution de boissons CanStor\u00ae brevet\u00e9 par Danby, et il y a beaucoup de place pour les grandes bouteilles de soda. De plus, vous n'aurez pas \u00e0 vous soucier de factures d'\u00e9lectricit\u00e9 \u00e9lev\u00e9es puisque ce r\u00e9frig\u00e9rateur compact est conforme \u00e0 la norme ENERGY STAR\u00ae. Ce petit r\u00e9frig\u00e9rateur est \u00e9galement dot\u00e9 d'une ing\u00e9nieuse charni\u00e8re de porte r\u00e9versible qui vous permet de l'ajuster pour une ouverture \u00e0 gauche ou \u00e0 droite.","breadcrumb":[],"inLanguage":"fr-CA","potentialAction":[{"@type":"ReadAction","target":["https:\/\/www.danby.com\/fr\/products\/refrigeration-compact\/dcr016a1bbsl\/"]}]},{"@type":"ImageObject","inLanguage":"fr-CA","url":"https:\/\/cdnweb.danby.com\/wp-content\/uploads\/sites\/2\/2023\/05\/01185849\/DCR016A1BBSL_Front.jpg","contentUrl":"https:\/\/cdnweb.danby.com\/wp-content\/uploads\/sites\/2\/2023\/05\/01185849\/DCR016A1BBSL_Front.jpg","width":2000,"height":2000},{"@type":"BreadcrumbList","itemListElement":[{"@type":"ListItem","position":1,"name":"Home","item":"https:\/\/www.danby.com\/fr\/"},{"@type":"ListItem","position":2,"name":"Boutique","item":"https:\/\/www.danby.com\/fr\/boutique\/"},{"@type":"ListItem","position":3,"name":"Danby R\u00e9frig\u00e9rateur compact de 1,6 pi3 en acier inoxydable noir"}]},{"@type":"WebSite","url":"https:\/\/www.danby.com\/fr\/","name":"Danby - Canada - French","description":"Leader dans le domaine de la r\u00e9frig\u00e9ration et des appareils sp\u00e9cialis\u00e9s","publisher":[],"potentialAction":[{"@type":"SearchAction","target":{"@type":"EntryPoint","urlTemplate":"https:\/\/www.danby.com\/fr\/?s={search_term_string}"},"query-input":{"@type":"PropertyValueSpecification","valueRequired":true,"valueName":"search_term_string"}}],"inLanguage":"fr-CA"},{"@type":"Organization","name":"Danby Appliances","url":"https:\/\/www.danby.com\/fr\/","logo":{"@type":"ImageObject","inLanguage":"fr-CA","url":"https:\/\/cdnweb.danby.com\/wp-content\/uploads\/sites\/2\/2022\/02\/10141906\/Danby75Ans_Blue.png","contentUrl":"https:\/\/cdnweb.danby.com\/wp-content\/uploads\/sites\/2\/2022\/02\/10141906\/Danby75Ans_Blue.png","width":470,"height":110,"caption":"Danby Appliances"},"image":[],"sameAs":["https:\/\/www.facebook.com\/DanbyAppliances","https:\/\/x.com\/DanbyAppliance","https:\/\/instagram.com\/danbyappliances\/","https:\/\/www.linkedin.com\/company\/danbyappliances","https:\/\/www.pinterest.ca\/danbyappliances\/","https:\/\/www.youtube.com\/user\/DanbyProducts","https:\/\/en.wikipedia.org\/wiki\/Danby_(appliances)"]}]}},"post_mailing_queue_ids":[],"_links":{"self":[{"href":"https:\/\/www.danby.com\/fr\/wp-json\/wp\/v2\/product\/4779","targetHints":{"allow":["GET"]}}],"collection":[{"href":"https:\/\/www.danby.com\/fr\/wp-json\/wp\/v2\/product"}],"about":[{"href":"https:\/\/www.danby.com\/fr\/wp-json\/wp\/v2\/types\/product"}],"replies":[{"embeddable":true,"href":"https:\/\/www.danby.com\/fr\/wp-json\/wp\/v2\/comments?post=4779"}],"wp:featuredmedia":[{"embeddable":true,"href":"https:\/\/www.danby.com\/fr\/wp-json\/wp\/v2\/media\/21957"}],"wp:attachment":[{"href":"https:\/\/www.danby.com\/fr\/wp-json\/wp\/v2\/media?parent=4779"}],"wp:term":[{"taxonomy":"product_brand","embeddable":true,"href":"https:\/\/www.danby.com\/fr\/wp-json\/wp\/v2\/product_brand?post=4779"},{"taxonomy":"product_cat","embeddable":true,"href":"https:\/\/www.danby.com\/fr\/wp-json\/wp\/v2\/product_cat?post=4779"},{"taxonomy":"product_tag","embeddable":true,"href":"https:\/\/www.danby.com\/fr\/wp-json\/wp\/v2\/product_tag?post=4779"}],"curies":[{"name":"wp","href":"https:\/\/api.w.org\/{rel}","templated":true}]}}