{"id":4771,"date":"2022-02-03T19:15:19","date_gmt":"2022-02-03T19:15:19","guid":{"rendered":"https:\/\/www.danby.com\/fr\/product\/dcfm177c1wdb\/"},"modified":"2026-05-01T10:07:20","modified_gmt":"2026-05-01T10:07:20","slug":"dcfm177c1wdb","status":"publish","type":"product","link":"https:\/\/www.danby.com\/fr\/products\/congelateurs\/dcfm177c1wdb\/","title":{"rendered":"Danby 17.7 cu. ft. Cong\u00e9lateur"},"content":{"rendered":"","protected":false},"excerpt":{"rendered":"<ul>\n<li>Cong\u00e9lateur bahut d\u2019une capacit\u00e9 de 500 L (17,7 pi3)<\/li>\n<li>Caisson et couvercle isol\u00e9s \u00e0 la mousse \u00e9conerg\u00e9tique <\/li>\n<li>Thermostat m\u00e9canique install\u00e9 \u00e0 l\u2019avant <\/li>\n<li>2 paniers en treillis m\u00e9tallique <\/li>\n<li>D\u00e9givrage manuel avec tuyau d\u2019\u00e9coulement install\u00e9 \u00e0 l\u2019avant<\/li>\n<li>Rev\u00eatement int\u00e9rieur facile \u00e0 nettoyer <\/li>\n<li>Surface arri\u00e8re lisse<\/li>\n<\/ul>\n","protected":false},"featured_media":8961,"comment_status":"closed","ping_status":"open","template":"","meta":{"_acf_changed":false},"product_brand":[],"product_cat":[27],"product_tag":[],"class_list":{"0":"post-4771","1":"product","2":"type-product","3":"status-publish","4":"has-post-thumbnail","6":"product_cat-congelateurs","8":"first","9":"outofstock","10":"taxable","11":"shipping-taxable","12":"product-type-simple"},"acf":[],"yoast_head":"<!-- This site is optimized with the Yoast SEO plugin v27.5 - https:\/\/yoast.com\/product\/yoast-seo-wordpress\/ -->\n<title>Danby 17.7 cu. ft. Cong\u00e9lateur - DCFM177C1WDB | Danby Canada<\/title>\n<meta name=\"description\" content=\"Si vous \u00eates \u00e0 la recherche d\u2019un grand cong\u00e9lateur bahut d\u2019une capacit\u00e9 de 500 litres (17,7 pieds cubes), ce mod\u00e8le, l&#039;un des plus populaires sur le march\u00e9, saura vous satisfaire. Il offre une imposante capacit\u00e9 d\u2019entreposage. Cet appareil propose un couvercle et un caisson \u00e9conerg\u00e9tiques, isol\u00e9s et offrant une grande r\u00e9sistance aux \u00e9gratignures. Il est \u00e9quip\u00e9 de deux paniers de rangement en treillis m\u00e9tallique, pour ranger vos aliments pr\u00e9f\u00e9r\u00e9s et le rev\u00eatement int\u00e9rieur est con\u00e7u de mani\u00e8re \u00e0 en simplifier le nettoyage. Il comprend aussi un thermostat multiposition install\u00e9 \u00e0 l\u2019avant et un pratique tuyau d\u2019\u00e9coulement. Ce mod\u00e8le blanc attrayant dispose \u00e9galement d&#039;une garantie de 12 mois couvrant les pi\u00e8ces et la main-d&#039;\u0153uvre.\" \/>\n<meta name=\"robots\" content=\"index, follow, max-snippet:-1, max-image-preview:large, max-video-preview:-1\" \/>\n<link rel=\"canonical\" href=\"https:\/\/www.danby.com\/fr\/products\/congelateurs\/dcfm177c1wdb\/\" \/>\n<meta property=\"og:locale\" content=\"fr_CA\" \/>\n<meta property=\"og:type\" content=\"article\" \/>\n<meta property=\"og:title\" content=\"Danby 17.7 cu. ft. Cong\u00e9lateur - DCFM177C1WDB | Danby Canada\" \/>\n<meta property=\"og:description\" content=\"Si vous \u00eates \u00e0 la recherche d\u2019un grand cong\u00e9lateur bahut d\u2019une capacit\u00e9 de 500 litres (17,7 pieds cubes), ce mod\u00e8le, l&#039;un des plus populaires sur le march\u00e9, saura vous satisfaire. Il offre une imposante capacit\u00e9 d\u2019entreposage. Cet appareil propose un couvercle et un caisson \u00e9conerg\u00e9tiques, isol\u00e9s et offrant une grande r\u00e9sistance aux \u00e9gratignures. Il est \u00e9quip\u00e9 de deux paniers de rangement en treillis m\u00e9tallique, pour ranger vos aliments pr\u00e9f\u00e9r\u00e9s et le rev\u00eatement int\u00e9rieur est con\u00e7u de mani\u00e8re \u00e0 en simplifier le nettoyage. Il comprend aussi un thermostat multiposition install\u00e9 \u00e0 l\u2019avant et un pratique tuyau d\u2019\u00e9coulement. Ce mod\u00e8le blanc attrayant dispose \u00e9galement d&#039;une garantie de 12 mois couvrant les pi\u00e8ces et la main-d&#039;\u0153uvre.\" \/>\n<meta property=\"og:url\" content=\"https:\/\/www.danby.com\/fr\/products\/congelateurs\/dcfm177c1wdb\/\" \/>\n<meta property=\"og:site_name\" content=\"Danby - Canada - French\" \/>\n<meta property=\"article:publisher\" content=\"https:\/\/www.facebook.com\/DanbyAppliances\" \/>\n<meta property=\"article:modified_time\" content=\"2026-05-01T10:07:20+00:00\" \/>\n<meta property=\"og:image\" content=\"https:\/\/cdnweb.danby.com\/wp-content\/uploads\/sites\/2\/2022\/02\/08212404\/DCFM177C1WDB_Right-scaled-1.jpg\" \/>\n\t<meta property=\"og:image:width\" content=\"2560\" \/>\n\t<meta property=\"og:image:height\" content=\"1487\" \/>\n\t<meta property=\"og:image:type\" content=\"image\/jpeg\" \/>\n<meta name=\"twitter:card\" content=\"summary_large_image\" \/>\n<meta name=\"twitter:site\" content=\"@DanbyAppliance\" \/>\n<script type=\"application\/ld+json\" class=\"yoast-schema-graph\">{\"@context\":\"https:\\\/\\\/schema.org\",\"@graph\":[{\"@type\":[\"WebPage\",\"ItemPage\"],\"url\":\"https:\\\/\\\/www.danby.com\\\/fr\\\/products\\\/congelateurs\\\/dcfm177c1wdb\\\/\",\"name\":\"Danby 17.7 cu. ft. Cong\u00e9lateur - DCFM177C1WDB | Danby Canada\",\"isPartOf\":[],\"primaryImageOfPage\":[],\"image\":[],\"thumbnailUrl\":\"https:\\\/\\\/cdnweb.danby.com\\\/wp-content\\\/uploads\\\/sites\\\/2\\\/2022\\\/02\\\/08212404\\\/DCFM177C1WDB_Right-scaled-1.jpg\",\"datePublished\":\"2022-02-03T19:15:19+00:00\",\"dateModified\":\"2026-05-01T10:07:20+00:00\",\"description\":\"Si vous \u00eates \u00e0 la recherche d\u2019un grand cong\u00e9lateur bahut d\u2019une capacit\u00e9 de 500 litres (17,7 pieds cubes), ce mod\u00e8le, l'un des plus populaires sur le march\u00e9, saura vous satisfaire. Il offre une imposante capacit\u00e9 d\u2019entreposage. Cet appareil propose un couvercle et un caisson \u00e9conerg\u00e9tiques, isol\u00e9s et offrant une grande r\u00e9sistance aux \u00e9gratignures. Il est \u00e9quip\u00e9 de deux paniers de rangement en treillis m\u00e9tallique, pour ranger vos aliments pr\u00e9f\u00e9r\u00e9s et le rev\u00eatement int\u00e9rieur est con\u00e7u de mani\u00e8re \u00e0 en simplifier le nettoyage. Il comprend aussi un thermostat multiposition install\u00e9 \u00e0 l\u2019avant et un pratique tuyau d\u2019\u00e9coulement. Ce mod\u00e8le blanc attrayant dispose \u00e9galement d'une garantie de 12 mois couvrant les pi\u00e8ces et la main-d'\u0153uvre.\",\"breadcrumb\":[],\"inLanguage\":\"fr-CA\",\"potentialAction\":[{\"@type\":\"ReadAction\",\"target\":[\"https:\\\/\\\/www.danby.com\\\/fr\\\/products\\\/congelateurs\\\/dcfm177c1wdb\\\/\"]}]},{\"@type\":\"ImageObject\",\"inLanguage\":\"fr-CA\",\"url\":\"https:\\\/\\\/cdnweb.danby.com\\\/wp-content\\\/uploads\\\/sites\\\/2\\\/2022\\\/02\\\/08212404\\\/DCFM177C1WDB_Right-scaled-1.jpg\",\"contentUrl\":\"https:\\\/\\\/cdnweb.danby.com\\\/wp-content\\\/uploads\\\/sites\\\/2\\\/2022\\\/02\\\/08212404\\\/DCFM177C1WDB_Right-scaled-1.jpg\",\"width\":2560,\"height\":1487},{\"@type\":\"BreadcrumbList\",\"itemListElement\":[{\"@type\":\"ListItem\",\"position\":1,\"name\":\"Home\",\"item\":\"https:\\\/\\\/www.danby.com\\\/fr\\\/\"},{\"@type\":\"ListItem\",\"position\":2,\"name\":\"Boutique\",\"item\":\"https:\\\/\\\/www.danby.com\\\/fr\\\/boutique\\\/\"},{\"@type\":\"ListItem\",\"position\":3,\"name\":\"Danby 17.7 cu. ft. Cong\u00e9lateur\"}]},{\"@type\":\"WebSite\",\"url\":\"https:\\\/\\\/www.danby.com\\\/fr\\\/\",\"name\":\"Danby - Canada - French\",\"description\":\"Leader dans le domaine de la r\u00e9frig\u00e9ration et des appareils sp\u00e9cialis\u00e9s\",\"publisher\":[],\"potentialAction\":[{\"@type\":\"SearchAction\",\"target\":{\"@type\":\"EntryPoint\",\"urlTemplate\":\"https:\\\/\\\/www.danby.com\\\/fr\\\/?s={search_term_string}\"},\"query-input\":{\"@type\":\"PropertyValueSpecification\",\"valueRequired\":true,\"valueName\":\"search_term_string\"}}],\"inLanguage\":\"fr-CA\"},{\"@type\":\"Organization\",\"name\":\"Danby Appliances\",\"url\":\"https:\\\/\\\/www.danby.com\\\/fr\\\/\",\"logo\":{\"@type\":\"ImageObject\",\"inLanguage\":\"fr-CA\",\"url\":\"https:\\\/\\\/cdnweb.danby.com\\\/wp-content\\\/uploads\\\/sites\\\/2\\\/2022\\\/02\\\/10141906\\\/Danby75Ans_Blue.png\",\"contentUrl\":\"https:\\\/\\\/cdnweb.danby.com\\\/wp-content\\\/uploads\\\/sites\\\/2\\\/2022\\\/02\\\/10141906\\\/Danby75Ans_Blue.png\",\"width\":470,\"height\":110,\"caption\":\"Danby Appliances\"},\"image\":[],\"sameAs\":[\"https:\\\/\\\/www.facebook.com\\\/DanbyAppliances\",\"https:\\\/\\\/x.com\\\/DanbyAppliance\",\"https:\\\/\\\/instagram.com\\\/danbyappliances\\\/\",\"https:\\\/\\\/www.linkedin.com\\\/company\\\/danbyappliances\",\"https:\\\/\\\/www.pinterest.ca\\\/danbyappliances\\\/\",\"https:\\\/\\\/www.youtube.com\\\/user\\\/DanbyProducts\",\"https:\\\/\\\/en.wikipedia.org\\\/wiki\\\/Danby_(appliances)\"]}]}<\/script>\n<!-- \/ Yoast SEO plugin. -->","yoast_head_json":{"title":"Danby 17.7 cu. ft. Cong\u00e9lateur - DCFM177C1WDB | Danby Canada","description":"Si vous \u00eates \u00e0 la recherche d\u2019un grand cong\u00e9lateur bahut d\u2019une capacit\u00e9 de 500 litres (17,7 pieds cubes), ce mod\u00e8le, l'un des plus populaires sur le march\u00e9, saura vous satisfaire. Il offre une imposante capacit\u00e9 d\u2019entreposage. Cet appareil propose un couvercle et un caisson \u00e9conerg\u00e9tiques, isol\u00e9s et offrant une grande r\u00e9sistance aux \u00e9gratignures. Il est \u00e9quip\u00e9 de deux paniers de rangement en treillis m\u00e9tallique, pour ranger vos aliments pr\u00e9f\u00e9r\u00e9s et le rev\u00eatement int\u00e9rieur est con\u00e7u de mani\u00e8re \u00e0 en simplifier le nettoyage. Il comprend aussi un thermostat multiposition install\u00e9 \u00e0 l\u2019avant et un pratique tuyau d\u2019\u00e9coulement. Ce mod\u00e8le blanc attrayant dispose \u00e9galement d'une garantie de 12 mois couvrant les pi\u00e8ces et la main-d'\u0153uvre.","robots":{"index":"index","follow":"follow","max-snippet":"max-snippet:-1","max-image-preview":"max-image-preview:large","max-video-preview":"max-video-preview:-1"},"canonical":"https:\/\/www.danby.com\/fr\/products\/congelateurs\/dcfm177c1wdb\/","og_locale":"fr_CA","og_type":"article","og_title":"Danby 17.7 cu. ft. Cong\u00e9lateur - DCFM177C1WDB | Danby Canada","og_description":"Si vous \u00eates \u00e0 la recherche d\u2019un grand cong\u00e9lateur bahut d\u2019une capacit\u00e9 de 500 litres (17,7 pieds cubes), ce mod\u00e8le, l'un des plus populaires sur le march\u00e9, saura vous satisfaire. Il offre une imposante capacit\u00e9 d\u2019entreposage. Cet appareil propose un couvercle et un caisson \u00e9conerg\u00e9tiques, isol\u00e9s et offrant une grande r\u00e9sistance aux \u00e9gratignures. Il est \u00e9quip\u00e9 de deux paniers de rangement en treillis m\u00e9tallique, pour ranger vos aliments pr\u00e9f\u00e9r\u00e9s et le rev\u00eatement int\u00e9rieur est con\u00e7u de mani\u00e8re \u00e0 en simplifier le nettoyage. Il comprend aussi un thermostat multiposition install\u00e9 \u00e0 l\u2019avant et un pratique tuyau d\u2019\u00e9coulement. Ce mod\u00e8le blanc attrayant dispose \u00e9galement d'une garantie de 12 mois couvrant les pi\u00e8ces et la main-d'\u0153uvre.","og_url":"https:\/\/www.danby.com\/fr\/products\/congelateurs\/dcfm177c1wdb\/","og_site_name":"Danby - Canada - French","article_publisher":"https:\/\/www.facebook.com\/DanbyAppliances","article_modified_time":"2026-05-01T10:07:20+00:00","og_image":[{"width":2560,"height":1487,"url":"https:\/\/cdnweb.danby.com\/wp-content\/uploads\/sites\/2\/2022\/02\/08212404\/DCFM177C1WDB_Right-scaled-1.jpg","type":"image\/jpeg"}],"twitter_card":"summary_large_image","twitter_site":"@DanbyAppliance","schema":{"@context":"https:\/\/schema.org","@graph":[{"@type":["WebPage","ItemPage"],"url":"https:\/\/www.danby.com\/fr\/products\/congelateurs\/dcfm177c1wdb\/","name":"Danby 17.7 cu. ft. Cong\u00e9lateur - DCFM177C1WDB | Danby Canada","isPartOf":[],"primaryImageOfPage":[],"image":[],"thumbnailUrl":"https:\/\/cdnweb.danby.com\/wp-content\/uploads\/sites\/2\/2022\/02\/08212404\/DCFM177C1WDB_Right-scaled-1.jpg","datePublished":"2022-02-03T19:15:19+00:00","dateModified":"2026-05-01T10:07:20+00:00","description":"Si vous \u00eates \u00e0 la recherche d\u2019un grand cong\u00e9lateur bahut d\u2019une capacit\u00e9 de 500 litres (17,7 pieds cubes), ce mod\u00e8le, l'un des plus populaires sur le march\u00e9, saura vous satisfaire. Il offre une imposante capacit\u00e9 d\u2019entreposage. Cet appareil propose un couvercle et un caisson \u00e9conerg\u00e9tiques, isol\u00e9s et offrant une grande r\u00e9sistance aux \u00e9gratignures. Il est \u00e9quip\u00e9 de deux paniers de rangement en treillis m\u00e9tallique, pour ranger vos aliments pr\u00e9f\u00e9r\u00e9s et le rev\u00eatement int\u00e9rieur est con\u00e7u de mani\u00e8re \u00e0 en simplifier le nettoyage. Il comprend aussi un thermostat multiposition install\u00e9 \u00e0 l\u2019avant et un pratique tuyau d\u2019\u00e9coulement. Ce mod\u00e8le blanc attrayant dispose \u00e9galement d'une garantie de 12 mois couvrant les pi\u00e8ces et la main-d'\u0153uvre.","breadcrumb":[],"inLanguage":"fr-CA","potentialAction":[{"@type":"ReadAction","target":["https:\/\/www.danby.com\/fr\/products\/congelateurs\/dcfm177c1wdb\/"]}]},{"@type":"ImageObject","inLanguage":"fr-CA","url":"https:\/\/cdnweb.danby.com\/wp-content\/uploads\/sites\/2\/2022\/02\/08212404\/DCFM177C1WDB_Right-scaled-1.jpg","contentUrl":"https:\/\/cdnweb.danby.com\/wp-content\/uploads\/sites\/2\/2022\/02\/08212404\/DCFM177C1WDB_Right-scaled-1.jpg","width":2560,"height":1487},{"@type":"BreadcrumbList","itemListElement":[{"@type":"ListItem","position":1,"name":"Home","item":"https:\/\/www.danby.com\/fr\/"},{"@type":"ListItem","position":2,"name":"Boutique","item":"https:\/\/www.danby.com\/fr\/boutique\/"},{"@type":"ListItem","position":3,"name":"Danby 17.7 cu. ft. Cong\u00e9lateur"}]},{"@type":"WebSite","url":"https:\/\/www.danby.com\/fr\/","name":"Danby - Canada - French","description":"Leader dans le domaine de la r\u00e9frig\u00e9ration et des appareils sp\u00e9cialis\u00e9s","publisher":[],"potentialAction":[{"@type":"SearchAction","target":{"@type":"EntryPoint","urlTemplate":"https:\/\/www.danby.com\/fr\/?s={search_term_string}"},"query-input":{"@type":"PropertyValueSpecification","valueRequired":true,"valueName":"search_term_string"}}],"inLanguage":"fr-CA"},{"@type":"Organization","name":"Danby Appliances","url":"https:\/\/www.danby.com\/fr\/","logo":{"@type":"ImageObject","inLanguage":"fr-CA","url":"https:\/\/cdnweb.danby.com\/wp-content\/uploads\/sites\/2\/2022\/02\/10141906\/Danby75Ans_Blue.png","contentUrl":"https:\/\/cdnweb.danby.com\/wp-content\/uploads\/sites\/2\/2022\/02\/10141906\/Danby75Ans_Blue.png","width":470,"height":110,"caption":"Danby Appliances"},"image":[],"sameAs":["https:\/\/www.facebook.com\/DanbyAppliances","https:\/\/x.com\/DanbyAppliance","https:\/\/instagram.com\/danbyappliances\/","https:\/\/www.linkedin.com\/company\/danbyappliances","https:\/\/www.pinterest.ca\/danbyappliances\/","https:\/\/www.youtube.com\/user\/DanbyProducts","https:\/\/en.wikipedia.org\/wiki\/Danby_(appliances)"]}]}},"post_mailing_queue_ids":[],"_links":{"self":[{"href":"https:\/\/www.danby.com\/fr\/wp-json\/wp\/v2\/product\/4771","targetHints":{"allow":["GET"]}}],"collection":[{"href":"https:\/\/www.danby.com\/fr\/wp-json\/wp\/v2\/product"}],"about":[{"href":"https:\/\/www.danby.com\/fr\/wp-json\/wp\/v2\/types\/product"}],"replies":[{"embeddable":true,"href":"https:\/\/www.danby.com\/fr\/wp-json\/wp\/v2\/comments?post=4771"}],"wp:featuredmedia":[{"embeddable":true,"href":"https:\/\/www.danby.com\/fr\/wp-json\/wp\/v2\/media\/8961"}],"wp:attachment":[{"href":"https:\/\/www.danby.com\/fr\/wp-json\/wp\/v2\/media?parent=4771"}],"wp:term":[{"taxonomy":"product_brand","embeddable":true,"href":"https:\/\/www.danby.com\/fr\/wp-json\/wp\/v2\/product_brand?post=4771"},{"taxonomy":"product_cat","embeddable":true,"href":"https:\/\/www.danby.com\/fr\/wp-json\/wp\/v2\/product_cat?post=4771"},{"taxonomy":"product_tag","embeddable":true,"href":"https:\/\/www.danby.com\/fr\/wp-json\/wp\/v2\/product_tag?post=4771"}],"curies":[{"name":"wp","href":"https:\/\/api.w.org\/{rel}","templated":true}]}}