{"id":4770,"date":"2022-02-03T19:15:19","date_gmt":"2022-02-03T19:15:19","guid":{"rendered":"https:\/\/www.danby.com\/fr\/product\/dcfm171a1wdb\/"},"modified":"2026-04-08T10:06:13","modified_gmt":"2026-04-08T10:06:13","slug":"dcfm171a1wdb","status":"publish","type":"product","link":"https:\/\/www.danby.com\/fr\/products\/congelateurs\/dcfm171a1wdb\/","title":{"rendered":"Danby Cong\u00e9lateur coffre 2 portes de 17,1 pi3 en blanc"},"content":{"rendered":"","protected":false},"excerpt":{"rendered":"<ul>\n<li>Cong\u00e9lateur coffre \u00e0 deux portes.<\/li>\n<li>Capacit\u00e9 de 17,1 pi3 (484,2 litres) : Grande capacit\u00e9 pour faire le plein d&#8217;aliments surgel\u00e9s.<\/li>\n<li>Thermostat m\u00e9canique mont\u00e9 \u00e0 l&#8217;avant : Plage de temp\u00e9rature variable, facile \u00e0 utiliser et r\u00e9glable.<\/li>\n<li>2 paniers de rangement amovibles en fil m\u00e9tallique : Restez organis\u00e9 gr\u00e2ce aux paniers amovibles qui permettent de garder vos aliments surgel\u00e9s pr\u00e9f\u00e9r\u00e9s \u00e0 port\u00e9e de main.<\/li>\n<li>Des lumi\u00e8res LED dans chaque porte pour vous aider \u00e0 trouver ce dont vous avez besoin.<\/li>\n<li>Une serrure et une cl\u00e9 pour chaque porte afin de s\u00e9curiser le contenu de votre cong\u00e9lateur.<\/li>\n<li>T\u00e9moin lumineux de mise sous tension : vous permet de savoir que votre cong\u00e9lateur fonctionne.<\/li>\n<li>Pr\u00eat pour le garage : Le cong\u00e9lateur peut fonctionner \u00e0 des temp\u00e9ratures allant de 0\u00b0F \u00e0 110\u00b0F (-17\u00b0C \u00e0 43\u00b0C).<\/li>\n<\/ul>\n","protected":false},"featured_media":34976,"comment_status":"closed","ping_status":"open","template":"","meta":{"_acf_changed":false},"product_brand":[],"product_cat":[27],"product_tag":[],"class_list":{"0":"post-4770","1":"product","2":"type-product","3":"status-publish","4":"has-post-thumbnail","6":"product_cat-congelateurs","8":"first","9":"instock","10":"taxable","11":"shipping-taxable","12":"purchasable","13":"product-type-simple"},"acf":[],"yoast_head":"<!-- This site is optimized with the Yoast SEO plugin v26.7 - https:\/\/yoast.com\/wordpress\/plugins\/seo\/ -->\n<title>Danby Cong\u00e9lateur coffre 2 portes de 17,1 pi3 en blanc - DCFM171A1WDB | Danby Canada<\/title>\n<meta name=\"description\" content=\"Voici le cong\u00e9lateur coffre \u00e0 deux portes de Danby. Offrant une g\u00e9n\u00e9reuse capacit\u00e9 de stockage de 484,2 L (17,1 pi3), il est id\u00e9al pour les familles nombreuses. Situ\u00e9 \u00e0 l&#039;avant, un thermostat m\u00e9canique est mont\u00e9 pour plus de commodit\u00e9, offrant une plage de temp\u00e9rature variable r\u00e9glable. Tous vos aliments pr\u00e9f\u00e9r\u00e9s peuvent \u00eatre rang\u00e9s pr\u00e8s du sommet gr\u00e2ce \u00e0 deux paniers de rangement pratiques, permettant de garder vos plats surgel\u00e9s pr\u00e9f\u00e9r\u00e9s accessibles et organis\u00e9s. \u00c9quip\u00e9 de voyants lumineux dans chaque porte pour vous aider \u00e0 trouver ce dont vous avez besoin et d&#039;un t\u00e9moin lumineux de mise sous tension pour vous indiquer que votre cong\u00e9lateur fonctionne en continu. Sont \u00e9galement inclus un verrou de cong\u00e9lateur et une cl\u00e9 pour s\u00e9curiser votre contenu et six roulettes pour un transport sans effort. Ce mod\u00e8le est pr\u00eat pour le garage : le cong\u00e9lateur peut fonctionner \u00e0 des temp\u00e9ratures allant de 0\u00b0F \u00e0 110\u00b0F (-17\u00b0C \u00e0 43\u00b0C). Ce cong\u00e9lateur est \u00e9galement couvert par une garantie de 5 ans sur les pi\u00e8ces et la main d&#039;\u0153uvre avec service \u00e0 domicile.\" \/>\n<meta name=\"robots\" content=\"index, follow, max-snippet:-1, max-image-preview:large, max-video-preview:-1\" \/>\n<link rel=\"canonical\" href=\"https:\/\/www.danby.com\/fr\/products\/congelateurs\/dcfm171a1wdb\/\" \/>\n<meta property=\"og:locale\" content=\"fr_CA\" \/>\n<meta property=\"og:type\" content=\"article\" \/>\n<meta property=\"og:title\" content=\"Danby Cong\u00e9lateur coffre 2 portes de 17,1 pi3 en blanc - DCFM171A1WDB | Danby Canada\" \/>\n<meta property=\"og:description\" content=\"Voici le cong\u00e9lateur coffre \u00e0 deux portes de Danby. Offrant une g\u00e9n\u00e9reuse capacit\u00e9 de stockage de 484,2 L (17,1 pi3), il est id\u00e9al pour les familles nombreuses. Situ\u00e9 \u00e0 l&#039;avant, un thermostat m\u00e9canique est mont\u00e9 pour plus de commodit\u00e9, offrant une plage de temp\u00e9rature variable r\u00e9glable. Tous vos aliments pr\u00e9f\u00e9r\u00e9s peuvent \u00eatre rang\u00e9s pr\u00e8s du sommet gr\u00e2ce \u00e0 deux paniers de rangement pratiques, permettant de garder vos plats surgel\u00e9s pr\u00e9f\u00e9r\u00e9s accessibles et organis\u00e9s. \u00c9quip\u00e9 de voyants lumineux dans chaque porte pour vous aider \u00e0 trouver ce dont vous avez besoin et d&#039;un t\u00e9moin lumineux de mise sous tension pour vous indiquer que votre cong\u00e9lateur fonctionne en continu. Sont \u00e9galement inclus un verrou de cong\u00e9lateur et une cl\u00e9 pour s\u00e9curiser votre contenu et six roulettes pour un transport sans effort. Ce mod\u00e8le est pr\u00eat pour le garage : le cong\u00e9lateur peut fonctionner \u00e0 des temp\u00e9ratures allant de 0\u00b0F \u00e0 110\u00b0F (-17\u00b0C \u00e0 43\u00b0C). Ce cong\u00e9lateur est \u00e9galement couvert par une garantie de 5 ans sur les pi\u00e8ces et la main d&#039;\u0153uvre avec service \u00e0 domicile.\" \/>\n<meta property=\"og:url\" content=\"https:\/\/www.danby.com\/fr\/products\/congelateurs\/dcfm171a1wdb\/\" \/>\n<meta property=\"og:site_name\" content=\"Danby - Canada - French\" \/>\n<meta property=\"article:publisher\" content=\"https:\/\/www.facebook.com\/DanbyAppliances\" \/>\n<meta property=\"article:modified_time\" content=\"2026-04-08T10:06:13+00:00\" \/>\n<meta property=\"og:image\" content=\"https:\/\/cdnweb.danby.com\/wp-content\/uploads\/sites\/2\/2023\/11\/22144308\/Thumbnail__0031_DCFM171A1WDB.jpg\" \/>\n\t<meta property=\"og:image:width\" content=\"1125\" \/>\n\t<meta property=\"og:image:height\" content=\"1500\" \/>\n\t<meta property=\"og:image:type\" content=\"image\/jpeg\" \/>\n<meta name=\"twitter:card\" content=\"summary_large_image\" \/>\n<meta name=\"twitter:site\" content=\"@DanbyAppliance\" \/>\n<script type=\"application\/ld+json\" class=\"yoast-schema-graph\">{\"@context\":\"https:\/\/schema.org\",\"@graph\":[{\"@type\":[\"WebPage\",\"ItemPage\"],\"url\":\"https:\/\/www.danby.com\/fr\/products\/congelateurs\/dcfm171a1wdb\/\",\"name\":\"Danby Cong\u00e9lateur coffre 2 portes de 17,1 pi3 en blanc - DCFM171A1WDB | Danby Canada\",\"isPartOf\":[],\"primaryImageOfPage\":[],\"image\":[],\"thumbnailUrl\":\"https:\/\/www.danby.com\/fr\/wp-content\/uploads\/sites\/2\/2025\/09\/dcfm171a1wdb-front.jpg\",\"datePublished\":\"2022-02-03T19:15:19+00:00\",\"dateModified\":\"2026-04-08T10:06:13+00:00\",\"description\":\"Voici le cong\u00e9lateur coffre \u00e0 deux portes de Danby. Offrant une g\u00e9n\u00e9reuse capacit\u00e9 de stockage de 484,2 L (17,1 pi3), il est id\u00e9al pour les familles nombreuses. Situ\u00e9 \u00e0 l'avant, un thermostat m\u00e9canique est mont\u00e9 pour plus de commodit\u00e9, offrant une plage de temp\u00e9rature variable r\u00e9glable. Tous vos aliments pr\u00e9f\u00e9r\u00e9s peuvent \u00eatre rang\u00e9s pr\u00e8s du sommet gr\u00e2ce \u00e0 deux paniers de rangement pratiques, permettant de garder vos plats surgel\u00e9s pr\u00e9f\u00e9r\u00e9s accessibles et organis\u00e9s. \u00c9quip\u00e9 de voyants lumineux dans chaque porte pour vous aider \u00e0 trouver ce dont vous avez besoin et d'un t\u00e9moin lumineux de mise sous tension pour vous indiquer que votre cong\u00e9lateur fonctionne en continu. Sont \u00e9galement inclus un verrou de cong\u00e9lateur et une cl\u00e9 pour s\u00e9curiser votre contenu et six roulettes pour un transport sans effort. Ce mod\u00e8le est pr\u00eat pour le garage : le cong\u00e9lateur peut fonctionner \u00e0 des temp\u00e9ratures allant de 0\u00b0F \u00e0 110\u00b0F (-17\u00b0C \u00e0 43\u00b0C). Ce cong\u00e9lateur est \u00e9galement couvert par une garantie de 5 ans sur les pi\u00e8ces et la main d'\u0153uvre avec service \u00e0 domicile.\",\"breadcrumb\":[],\"inLanguage\":\"fr-CA\",\"potentialAction\":[{\"@type\":\"ReadAction\",\"target\":[\"https:\/\/www.danby.com\/fr\/products\/congelateurs\/dcfm171a1wdb\/\"]}]},{\"@type\":\"ImageObject\",\"inLanguage\":\"fr-CA\",\"url\":\"https:\/\/www.danby.com\/fr\/wp-content\/uploads\/sites\/2\/2025\/09\/dcfm171a1wdb-front.jpg\",\"contentUrl\":\"https:\/\/www.danby.com\/fr\/wp-content\/uploads\/sites\/2\/2025\/09\/dcfm171a1wdb-front.jpg\",\"width\":768,\"height\":1024},{\"@type\":\"BreadcrumbList\",\"itemListElement\":[{\"@type\":\"ListItem\",\"position\":1,\"name\":\"Home\",\"item\":\"https:\/\/www.danby.com\/fr\/\"},{\"@type\":\"ListItem\",\"position\":2,\"name\":\"Boutique\",\"item\":\"https:\/\/www.danby.com\/fr\/boutique\/\"},{\"@type\":\"ListItem\",\"position\":3,\"name\":\"Danby Cong\u00e9lateur coffre 2 portes de 17,1 pi3 en blanc\"}]},{\"@type\":\"WebSite\",\"url\":\"https:\/\/www.danby.com\/fr\/\",\"name\":\"Danby - Canada - French\",\"description\":\"Leader dans le domaine de la r\u00e9frig\u00e9ration et des appareils sp\u00e9cialis\u00e9s\",\"publisher\":[],\"potentialAction\":[{\"@type\":\"SearchAction\",\"target\":{\"@type\":\"EntryPoint\",\"urlTemplate\":\"https:\/\/www.danby.com\/fr\/?s={search_term_string}\"},\"query-input\":{\"@type\":\"PropertyValueSpecification\",\"valueRequired\":true,\"valueName\":\"search_term_string\"}}],\"inLanguage\":\"fr-CA\"},{\"@type\":\"Organization\",\"name\":\"Danby Appliances\",\"url\":\"https:\/\/www.danby.com\/fr\/\",\"logo\":{\"@type\":\"ImageObject\",\"inLanguage\":\"fr-CA\",\"url\":\"https:\/\/cdnweb.danby.com\/wp-content\/uploads\/sites\/2\/2022\/02\/10141906\/Danby75Ans_Blue.png\",\"contentUrl\":\"https:\/\/cdnweb.danby.com\/wp-content\/uploads\/sites\/2\/2022\/02\/10141906\/Danby75Ans_Blue.png\",\"width\":470,\"height\":110,\"caption\":\"Danby Appliances\"},\"image\":[],\"sameAs\":[\"https:\/\/www.facebook.com\/DanbyAppliances\",\"https:\/\/x.com\/DanbyAppliance\",\"https:\/\/instagram.com\/danbyappliances\/\",\"https:\/\/www.linkedin.com\/company\/danbyappliances\",\"https:\/\/www.pinterest.ca\/danbyappliances\/\",\"https:\/\/www.youtube.com\/user\/DanbyProducts\",\"https:\/\/en.wikipedia.org\/wiki\/Danby_(appliances)\"]}]}<\/script>\n<!-- \/ Yoast SEO plugin. -->","yoast_head_json":{"title":"Danby Cong\u00e9lateur coffre 2 portes de 17,1 pi3 en blanc - DCFM171A1WDB | Danby Canada","description":"Voici le cong\u00e9lateur coffre \u00e0 deux portes de Danby. Offrant une g\u00e9n\u00e9reuse capacit\u00e9 de stockage de 484,2 L (17,1 pi3), il est id\u00e9al pour les familles nombreuses. Situ\u00e9 \u00e0 l'avant, un thermostat m\u00e9canique est mont\u00e9 pour plus de commodit\u00e9, offrant une plage de temp\u00e9rature variable r\u00e9glable. Tous vos aliments pr\u00e9f\u00e9r\u00e9s peuvent \u00eatre rang\u00e9s pr\u00e8s du sommet gr\u00e2ce \u00e0 deux paniers de rangement pratiques, permettant de garder vos plats surgel\u00e9s pr\u00e9f\u00e9r\u00e9s accessibles et organis\u00e9s. \u00c9quip\u00e9 de voyants lumineux dans chaque porte pour vous aider \u00e0 trouver ce dont vous avez besoin et d'un t\u00e9moin lumineux de mise sous tension pour vous indiquer que votre cong\u00e9lateur fonctionne en continu. Sont \u00e9galement inclus un verrou de cong\u00e9lateur et une cl\u00e9 pour s\u00e9curiser votre contenu et six roulettes pour un transport sans effort. Ce mod\u00e8le est pr\u00eat pour le garage : le cong\u00e9lateur peut fonctionner \u00e0 des temp\u00e9ratures allant de 0\u00b0F \u00e0 110\u00b0F (-17\u00b0C \u00e0 43\u00b0C). Ce cong\u00e9lateur est \u00e9galement couvert par une garantie de 5 ans sur les pi\u00e8ces et la main d'\u0153uvre avec service \u00e0 domicile.","robots":{"index":"index","follow":"follow","max-snippet":"max-snippet:-1","max-image-preview":"max-image-preview:large","max-video-preview":"max-video-preview:-1"},"canonical":"https:\/\/www.danby.com\/fr\/products\/congelateurs\/dcfm171a1wdb\/","og_locale":"fr_CA","og_type":"article","og_title":"Danby Cong\u00e9lateur coffre 2 portes de 17,1 pi3 en blanc - DCFM171A1WDB | Danby Canada","og_description":"Voici le cong\u00e9lateur coffre \u00e0 deux portes de Danby. Offrant une g\u00e9n\u00e9reuse capacit\u00e9 de stockage de 484,2 L (17,1 pi3), il est id\u00e9al pour les familles nombreuses. Situ\u00e9 \u00e0 l'avant, un thermostat m\u00e9canique est mont\u00e9 pour plus de commodit\u00e9, offrant une plage de temp\u00e9rature variable r\u00e9glable. Tous vos aliments pr\u00e9f\u00e9r\u00e9s peuvent \u00eatre rang\u00e9s pr\u00e8s du sommet gr\u00e2ce \u00e0 deux paniers de rangement pratiques, permettant de garder vos plats surgel\u00e9s pr\u00e9f\u00e9r\u00e9s accessibles et organis\u00e9s. \u00c9quip\u00e9 de voyants lumineux dans chaque porte pour vous aider \u00e0 trouver ce dont vous avez besoin et d'un t\u00e9moin lumineux de mise sous tension pour vous indiquer que votre cong\u00e9lateur fonctionne en continu. Sont \u00e9galement inclus un verrou de cong\u00e9lateur et une cl\u00e9 pour s\u00e9curiser votre contenu et six roulettes pour un transport sans effort. Ce mod\u00e8le est pr\u00eat pour le garage : le cong\u00e9lateur peut fonctionner \u00e0 des temp\u00e9ratures allant de 0\u00b0F \u00e0 110\u00b0F (-17\u00b0C \u00e0 43\u00b0C). Ce cong\u00e9lateur est \u00e9galement couvert par une garantie de 5 ans sur les pi\u00e8ces et la main d'\u0153uvre avec service \u00e0 domicile.","og_url":"https:\/\/www.danby.com\/fr\/products\/congelateurs\/dcfm171a1wdb\/","og_site_name":"Danby - Canada - French","article_publisher":"https:\/\/www.facebook.com\/DanbyAppliances","article_modified_time":"2026-04-08T10:06:13+00:00","og_image":[{"width":1125,"height":1500,"url":"https:\/\/cdnweb.danby.com\/wp-content\/uploads\/sites\/2\/2023\/11\/22144308\/Thumbnail__0031_DCFM171A1WDB.jpg","type":"image\/jpeg"}],"twitter_card":"summary_large_image","twitter_site":"@DanbyAppliance","schema":{"@context":"https:\/\/schema.org","@graph":[{"@type":["WebPage","ItemPage"],"url":"https:\/\/www.danby.com\/fr\/products\/congelateurs\/dcfm171a1wdb\/","name":"Danby Cong\u00e9lateur coffre 2 portes de 17,1 pi3 en blanc - DCFM171A1WDB | Danby Canada","isPartOf":[],"primaryImageOfPage":[],"image":[],"thumbnailUrl":"https:\/\/www.danby.com\/fr\/wp-content\/uploads\/sites\/2\/2025\/09\/dcfm171a1wdb-front.jpg","datePublished":"2022-02-03T19:15:19+00:00","dateModified":"2026-04-08T10:06:13+00:00","description":"Voici le cong\u00e9lateur coffre \u00e0 deux portes de Danby. Offrant une g\u00e9n\u00e9reuse capacit\u00e9 de stockage de 484,2 L (17,1 pi3), il est id\u00e9al pour les familles nombreuses. Situ\u00e9 \u00e0 l'avant, un thermostat m\u00e9canique est mont\u00e9 pour plus de commodit\u00e9, offrant une plage de temp\u00e9rature variable r\u00e9glable. Tous vos aliments pr\u00e9f\u00e9r\u00e9s peuvent \u00eatre rang\u00e9s pr\u00e8s du sommet gr\u00e2ce \u00e0 deux paniers de rangement pratiques, permettant de garder vos plats surgel\u00e9s pr\u00e9f\u00e9r\u00e9s accessibles et organis\u00e9s. \u00c9quip\u00e9 de voyants lumineux dans chaque porte pour vous aider \u00e0 trouver ce dont vous avez besoin et d'un t\u00e9moin lumineux de mise sous tension pour vous indiquer que votre cong\u00e9lateur fonctionne en continu. Sont \u00e9galement inclus un verrou de cong\u00e9lateur et une cl\u00e9 pour s\u00e9curiser votre contenu et six roulettes pour un transport sans effort. Ce mod\u00e8le est pr\u00eat pour le garage : le cong\u00e9lateur peut fonctionner \u00e0 des temp\u00e9ratures allant de 0\u00b0F \u00e0 110\u00b0F (-17\u00b0C \u00e0 43\u00b0C). Ce cong\u00e9lateur est \u00e9galement couvert par une garantie de 5 ans sur les pi\u00e8ces et la main d'\u0153uvre avec service \u00e0 domicile.","breadcrumb":[],"inLanguage":"fr-CA","potentialAction":[{"@type":"ReadAction","target":["https:\/\/www.danby.com\/fr\/products\/congelateurs\/dcfm171a1wdb\/"]}]},{"@type":"ImageObject","inLanguage":"fr-CA","url":"https:\/\/www.danby.com\/fr\/wp-content\/uploads\/sites\/2\/2025\/09\/dcfm171a1wdb-front.jpg","contentUrl":"https:\/\/www.danby.com\/fr\/wp-content\/uploads\/sites\/2\/2025\/09\/dcfm171a1wdb-front.jpg","width":768,"height":1024},{"@type":"BreadcrumbList","itemListElement":[{"@type":"ListItem","position":1,"name":"Home","item":"https:\/\/www.danby.com\/fr\/"},{"@type":"ListItem","position":2,"name":"Boutique","item":"https:\/\/www.danby.com\/fr\/boutique\/"},{"@type":"ListItem","position":3,"name":"Danby Cong\u00e9lateur coffre 2 portes de 17,1 pi3 en blanc"}]},{"@type":"WebSite","url":"https:\/\/www.danby.com\/fr\/","name":"Danby - Canada - French","description":"Leader dans le domaine de la r\u00e9frig\u00e9ration et des appareils sp\u00e9cialis\u00e9s","publisher":[],"potentialAction":[{"@type":"SearchAction","target":{"@type":"EntryPoint","urlTemplate":"https:\/\/www.danby.com\/fr\/?s={search_term_string}"},"query-input":{"@type":"PropertyValueSpecification","valueRequired":true,"valueName":"search_term_string"}}],"inLanguage":"fr-CA"},{"@type":"Organization","name":"Danby Appliances","url":"https:\/\/www.danby.com\/fr\/","logo":{"@type":"ImageObject","inLanguage":"fr-CA","url":"https:\/\/cdnweb.danby.com\/wp-content\/uploads\/sites\/2\/2022\/02\/10141906\/Danby75Ans_Blue.png","contentUrl":"https:\/\/cdnweb.danby.com\/wp-content\/uploads\/sites\/2\/2022\/02\/10141906\/Danby75Ans_Blue.png","width":470,"height":110,"caption":"Danby Appliances"},"image":[],"sameAs":["https:\/\/www.facebook.com\/DanbyAppliances","https:\/\/x.com\/DanbyAppliance","https:\/\/instagram.com\/danbyappliances\/","https:\/\/www.linkedin.com\/company\/danbyappliances","https:\/\/www.pinterest.ca\/danbyappliances\/","https:\/\/www.youtube.com\/user\/DanbyProducts","https:\/\/en.wikipedia.org\/wiki\/Danby_(appliances)"]}]}},"post_mailing_queue_ids":[],"_links":{"self":[{"href":"https:\/\/www.danby.com\/fr\/wp-json\/wp\/v2\/product\/4770","targetHints":{"allow":["GET"]}}],"collection":[{"href":"https:\/\/www.danby.com\/fr\/wp-json\/wp\/v2\/product"}],"about":[{"href":"https:\/\/www.danby.com\/fr\/wp-json\/wp\/v2\/types\/product"}],"replies":[{"embeddable":true,"href":"https:\/\/www.danby.com\/fr\/wp-json\/wp\/v2\/comments?post=4770"}],"wp:featuredmedia":[{"embeddable":true,"href":"https:\/\/www.danby.com\/fr\/wp-json\/wp\/v2\/media\/34976"}],"wp:attachment":[{"href":"https:\/\/www.danby.com\/fr\/wp-json\/wp\/v2\/media?parent=4770"}],"wp:term":[{"taxonomy":"product_brand","embeddable":true,"href":"https:\/\/www.danby.com\/fr\/wp-json\/wp\/v2\/product_brand?post=4770"},{"taxonomy":"product_cat","embeddable":true,"href":"https:\/\/www.danby.com\/fr\/wp-json\/wp\/v2\/product_cat?post=4770"},{"taxonomy":"product_tag","embeddable":true,"href":"https:\/\/www.danby.com\/fr\/wp-json\/wp\/v2\/product_tag?post=4770"}],"curies":[{"name":"wp","href":"https:\/\/api.w.org\/{rel}","templated":true}]}}