{"id":4768,"date":"2022-02-03T19:15:19","date_gmt":"2022-02-03T19:15:19","guid":{"rendered":"https:\/\/www.danby.com\/fr\/product\/dcfm142wdd\/"},"modified":"2026-04-19T10:07:15","modified_gmt":"2026-04-19T10:07:15","slug":"dcfm142wdd","status":"publish","type":"product","link":"https:\/\/www.danby.com\/fr\/products\/congelateurs\/dcfm142wdd\/","title":{"rendered":"Danby Designer 5  Cong\u00e9lateur"},"content":{"rendered":"","protected":false},"excerpt":{"rendered":"<ul>\n<li>Cong\u00e9lateur coffre d&#8217;une capacit\u00e9 de 142 litres (5,0 pi3)<\/li>\n<li>Cot\u00e9 Energy Star\u00ae, ne consommant que 194 Kwh\/an<\/li>\n<li>Thermostat m\u00e9canique \u00e0 montage frontal facile d&#8217;acc\u00e8s<\/li>\n<li>Drain \u00e0 montage frontal pour un entretien de d\u00e9givrage rapide et facile<\/li>\n<li>1 panier de rangement pour les petits articles fr\u00e9quemment utilis\u00e9s<\/li>\n<li>Dessus lisse<\/li>\n<\/ul>\n","protected":false},"featured_media":5518,"comment_status":"closed","ping_status":"open","template":"","meta":{"_acf_changed":false},"product_brand":[],"product_cat":[27],"product_tag":[],"class_list":{"0":"post-4768","1":"product","2":"type-product","3":"status-publish","4":"has-post-thumbnail","6":"product_cat-congelateurs","8":"first","9":"outofstock","10":"taxable","11":"shipping-taxable","12":"product-type-simple"},"acf":[],"yoast_head":"<!-- This site is optimized with the Yoast SEO plugin v26.7 - https:\/\/yoast.com\/wordpress\/plugins\/seo\/ -->\n<title>Danby Designer 5 Cong\u00e9lateur - DCFM142WDD | Danby Canada<\/title>\n<meta name=\"description\" content=\"En mati\u00e8re de praticabilit\u00e9 et de fiabilit\u00e9, personne ne peut prendre le pas sur ce moderne cong\u00e9lateur bahut compact de Danby. Malgr\u00e9 ses dimensions r\u00e9duites, de 33 pouces de largeur et de 22 pouces de profondeur, il dispose d\u2019un espace de cong\u00e9lation g\u00e9n\u00e9reux de 142 litres (5 pieds cubes). Gr\u00e2ce \u00e0 cet appareil homologu\u00e9 Energy Star, qui fonctionne efficacement et en douceur avec une modeste consommation annuelle de 194 kWh, vos factures \u00e9nerg\u00e9tiques prendront une pause. Le thermostat m\u00e9canique de pointe, install\u00e9 sur la fa\u00e7ade de l\u2019appareil est facile \u00e0 atteindre, \u00e0 programmer et \u00e0 contr\u00f4ler. Le drain de d\u00e9givrage, est lui aussi install\u00e9 en fa\u00e7ade, de mani\u00e8re \u00e0 permettre un processus de d\u00e9givrage rapide et facile. Les aliments congel\u00e9s de petit format et fr\u00e9quemment utilis\u00e9s, peuvent \u00eatre rang\u00e9s dans le panier d\u2019entreposage int\u00e9rieur pratique, de mani\u00e8re \u00e0 \u00eatre plus facilement accessibles. De plus, le panneau arri\u00e8re lisse autorise une installation de l\u2019appareil contre un mur. Ce cong\u00e9lateur moderne dispose aussi d\u2019une garantie sans tracas de 18 mois sur les pi\u00e8ces et la main-d\u2019\u0153uvre. \u00a0\" \/>\n<meta name=\"robots\" content=\"index, follow, max-snippet:-1, max-image-preview:large, max-video-preview:-1\" \/>\n<link rel=\"canonical\" href=\"https:\/\/www.danby.com\/fr\/products\/congelateurs\/dcfm142wdd\/\" \/>\n<meta property=\"og:locale\" content=\"fr_CA\" \/>\n<meta property=\"og:type\" content=\"article\" \/>\n<meta property=\"og:title\" content=\"Danby Designer 5 Cong\u00e9lateur - DCFM142WDD | Danby Canada\" \/>\n<meta property=\"og:description\" content=\"En mati\u00e8re de praticabilit\u00e9 et de fiabilit\u00e9, personne ne peut prendre le pas sur ce moderne cong\u00e9lateur bahut compact de Danby. Malgr\u00e9 ses dimensions r\u00e9duites, de 33 pouces de largeur et de 22 pouces de profondeur, il dispose d\u2019un espace de cong\u00e9lation g\u00e9n\u00e9reux de 142 litres (5 pieds cubes). Gr\u00e2ce \u00e0 cet appareil homologu\u00e9 Energy Star, qui fonctionne efficacement et en douceur avec une modeste consommation annuelle de 194 kWh, vos factures \u00e9nerg\u00e9tiques prendront une pause. Le thermostat m\u00e9canique de pointe, install\u00e9 sur la fa\u00e7ade de l\u2019appareil est facile \u00e0 atteindre, \u00e0 programmer et \u00e0 contr\u00f4ler. Le drain de d\u00e9givrage, est lui aussi install\u00e9 en fa\u00e7ade, de mani\u00e8re \u00e0 permettre un processus de d\u00e9givrage rapide et facile. Les aliments congel\u00e9s de petit format et fr\u00e9quemment utilis\u00e9s, peuvent \u00eatre rang\u00e9s dans le panier d\u2019entreposage int\u00e9rieur pratique, de mani\u00e8re \u00e0 \u00eatre plus facilement accessibles. De plus, le panneau arri\u00e8re lisse autorise une installation de l\u2019appareil contre un mur. Ce cong\u00e9lateur moderne dispose aussi d\u2019une garantie sans tracas de 18 mois sur les pi\u00e8ces et la main-d\u2019\u0153uvre. \u00a0\" \/>\n<meta property=\"og:url\" content=\"https:\/\/www.danby.com\/fr\/products\/congelateurs\/dcfm142wdd\/\" \/>\n<meta property=\"og:site_name\" content=\"Danby - Canada - French\" \/>\n<meta property=\"article:publisher\" content=\"https:\/\/www.facebook.com\/DanbyAppliances\" \/>\n<meta property=\"article:modified_time\" content=\"2026-04-19T10:07:15+00:00\" \/>\n<meta property=\"og:image\" content=\"https:\/\/cdnweb.danby.com\/wp-content\/uploads\/sites\/2\/2022\/02\/08180931\/proMed-dcfm142wdd.jpg\" \/>\n\t<meta property=\"og:image:width\" content=\"300\" \/>\n\t<meta property=\"og:image:height\" content=\"272\" \/>\n\t<meta property=\"og:image:type\" content=\"image\/jpeg\" \/>\n<meta name=\"twitter:card\" content=\"summary_large_image\" \/>\n<meta name=\"twitter:site\" content=\"@DanbyAppliance\" \/>\n<script type=\"application\/ld+json\" class=\"yoast-schema-graph\">{\"@context\":\"https:\/\/schema.org\",\"@graph\":[{\"@type\":[\"WebPage\",\"ItemPage\"],\"url\":\"https:\/\/www.danby.com\/fr\/products\/congelateurs\/dcfm142wdd\/\",\"name\":\"Danby Designer 5 Cong\u00e9lateur - DCFM142WDD | Danby Canada\",\"isPartOf\":[],\"primaryImageOfPage\":[],\"image\":[],\"thumbnailUrl\":\"https:\/\/cdnweb.danby.com\/wp-content\/uploads\/sites\/2\/2022\/02\/08180931\/proMed-dcfm142wdd.jpg\",\"datePublished\":\"2022-02-03T19:15:19+00:00\",\"dateModified\":\"2026-04-19T10:07:15+00:00\",\"description\":\"En mati\u00e8re de praticabilit\u00e9 et de fiabilit\u00e9, personne ne peut prendre le pas sur ce moderne cong\u00e9lateur bahut compact de Danby. Malgr\u00e9 ses dimensions r\u00e9duites, de 33 pouces de largeur et de 22 pouces de profondeur, il dispose d\u2019un espace de cong\u00e9lation g\u00e9n\u00e9reux de 142 litres (5 pieds cubes). Gr\u00e2ce \u00e0 cet appareil homologu\u00e9 Energy Star, qui fonctionne efficacement et en douceur avec une modeste consommation annuelle de 194 kWh, vos factures \u00e9nerg\u00e9tiques prendront une pause. Le thermostat m\u00e9canique de pointe, install\u00e9 sur la fa\u00e7ade de l\u2019appareil est facile \u00e0 atteindre, \u00e0 programmer et \u00e0 contr\u00f4ler. Le drain de d\u00e9givrage, est lui aussi install\u00e9 en fa\u00e7ade, de mani\u00e8re \u00e0 permettre un processus de d\u00e9givrage rapide et facile. Les aliments congel\u00e9s de petit format et fr\u00e9quemment utilis\u00e9s, peuvent \u00eatre rang\u00e9s dans le panier d\u2019entreposage int\u00e9rieur pratique, de mani\u00e8re \u00e0 \u00eatre plus facilement accessibles. De plus, le panneau arri\u00e8re lisse autorise une installation de l\u2019appareil contre un mur. Ce cong\u00e9lateur moderne dispose aussi d\u2019une garantie sans tracas de 18 mois sur les pi\u00e8ces et la main-d\u2019\u0153uvre. \u00a0\",\"breadcrumb\":[],\"inLanguage\":\"fr-CA\",\"potentialAction\":[{\"@type\":\"ReadAction\",\"target\":[\"https:\/\/www.danby.com\/fr\/products\/congelateurs\/dcfm142wdd\/\"]}]},{\"@type\":\"ImageObject\",\"inLanguage\":\"fr-CA\",\"url\":\"https:\/\/cdnweb.danby.com\/wp-content\/uploads\/sites\/2\/2022\/02\/08180931\/proMed-dcfm142wdd.jpg\",\"contentUrl\":\"https:\/\/cdnweb.danby.com\/wp-content\/uploads\/sites\/2\/2022\/02\/08180931\/proMed-dcfm142wdd.jpg\",\"width\":300,\"height\":272},{\"@type\":\"BreadcrumbList\",\"itemListElement\":[{\"@type\":\"ListItem\",\"position\":1,\"name\":\"Home\",\"item\":\"https:\/\/www.danby.com\/fr\/\"},{\"@type\":\"ListItem\",\"position\":2,\"name\":\"Boutique\",\"item\":\"https:\/\/www.danby.com\/fr\/boutique\/\"},{\"@type\":\"ListItem\",\"position\":3,\"name\":\"Danby Designer 5 Cong\u00e9lateur\"}]},{\"@type\":\"WebSite\",\"url\":\"https:\/\/www.danby.com\/fr\/\",\"name\":\"Danby - Canada - French\",\"description\":\"Leader dans le domaine de la r\u00e9frig\u00e9ration et des appareils sp\u00e9cialis\u00e9s\",\"publisher\":[],\"potentialAction\":[{\"@type\":\"SearchAction\",\"target\":{\"@type\":\"EntryPoint\",\"urlTemplate\":\"https:\/\/www.danby.com\/fr\/?s={search_term_string}\"},\"query-input\":{\"@type\":\"PropertyValueSpecification\",\"valueRequired\":true,\"valueName\":\"search_term_string\"}}],\"inLanguage\":\"fr-CA\"},{\"@type\":\"Organization\",\"name\":\"Danby Appliances\",\"url\":\"https:\/\/www.danby.com\/fr\/\",\"logo\":{\"@type\":\"ImageObject\",\"inLanguage\":\"fr-CA\",\"url\":\"https:\/\/cdnweb.danby.com\/wp-content\/uploads\/sites\/2\/2022\/02\/10141906\/Danby75Ans_Blue.png\",\"contentUrl\":\"https:\/\/cdnweb.danby.com\/wp-content\/uploads\/sites\/2\/2022\/02\/10141906\/Danby75Ans_Blue.png\",\"width\":470,\"height\":110,\"caption\":\"Danby Appliances\"},\"image\":[],\"sameAs\":[\"https:\/\/www.facebook.com\/DanbyAppliances\",\"https:\/\/x.com\/DanbyAppliance\",\"https:\/\/instagram.com\/danbyappliances\/\",\"https:\/\/www.linkedin.com\/company\/danbyappliances\",\"https:\/\/www.pinterest.ca\/danbyappliances\/\",\"https:\/\/www.youtube.com\/user\/DanbyProducts\",\"https:\/\/en.wikipedia.org\/wiki\/Danby_(appliances)\"]}]}<\/script>\n<!-- \/ Yoast SEO plugin. -->","yoast_head_json":{"title":"Danby Designer 5 Cong\u00e9lateur - DCFM142WDD | Danby Canada","description":"En mati\u00e8re de praticabilit\u00e9 et de fiabilit\u00e9, personne ne peut prendre le pas sur ce moderne cong\u00e9lateur bahut compact de Danby. Malgr\u00e9 ses dimensions r\u00e9duites, de 33 pouces de largeur et de 22 pouces de profondeur, il dispose d\u2019un espace de cong\u00e9lation g\u00e9n\u00e9reux de 142 litres (5 pieds cubes). Gr\u00e2ce \u00e0 cet appareil homologu\u00e9 Energy Star, qui fonctionne efficacement et en douceur avec une modeste consommation annuelle de 194 kWh, vos factures \u00e9nerg\u00e9tiques prendront une pause. Le thermostat m\u00e9canique de pointe, install\u00e9 sur la fa\u00e7ade de l\u2019appareil est facile \u00e0 atteindre, \u00e0 programmer et \u00e0 contr\u00f4ler. Le drain de d\u00e9givrage, est lui aussi install\u00e9 en fa\u00e7ade, de mani\u00e8re \u00e0 permettre un processus de d\u00e9givrage rapide et facile. Les aliments congel\u00e9s de petit format et fr\u00e9quemment utilis\u00e9s, peuvent \u00eatre rang\u00e9s dans le panier d\u2019entreposage int\u00e9rieur pratique, de mani\u00e8re \u00e0 \u00eatre plus facilement accessibles. De plus, le panneau arri\u00e8re lisse autorise une installation de l\u2019appareil contre un mur. Ce cong\u00e9lateur moderne dispose aussi d\u2019une garantie sans tracas de 18 mois sur les pi\u00e8ces et la main-d\u2019\u0153uvre. \u00a0","robots":{"index":"index","follow":"follow","max-snippet":"max-snippet:-1","max-image-preview":"max-image-preview:large","max-video-preview":"max-video-preview:-1"},"canonical":"https:\/\/www.danby.com\/fr\/products\/congelateurs\/dcfm142wdd\/","og_locale":"fr_CA","og_type":"article","og_title":"Danby Designer 5 Cong\u00e9lateur - DCFM142WDD | Danby Canada","og_description":"En mati\u00e8re de praticabilit\u00e9 et de fiabilit\u00e9, personne ne peut prendre le pas sur ce moderne cong\u00e9lateur bahut compact de Danby. Malgr\u00e9 ses dimensions r\u00e9duites, de 33 pouces de largeur et de 22 pouces de profondeur, il dispose d\u2019un espace de cong\u00e9lation g\u00e9n\u00e9reux de 142 litres (5 pieds cubes). Gr\u00e2ce \u00e0 cet appareil homologu\u00e9 Energy Star, qui fonctionne efficacement et en douceur avec une modeste consommation annuelle de 194 kWh, vos factures \u00e9nerg\u00e9tiques prendront une pause. Le thermostat m\u00e9canique de pointe, install\u00e9 sur la fa\u00e7ade de l\u2019appareil est facile \u00e0 atteindre, \u00e0 programmer et \u00e0 contr\u00f4ler. Le drain de d\u00e9givrage, est lui aussi install\u00e9 en fa\u00e7ade, de mani\u00e8re \u00e0 permettre un processus de d\u00e9givrage rapide et facile. Les aliments congel\u00e9s de petit format et fr\u00e9quemment utilis\u00e9s, peuvent \u00eatre rang\u00e9s dans le panier d\u2019entreposage int\u00e9rieur pratique, de mani\u00e8re \u00e0 \u00eatre plus facilement accessibles. De plus, le panneau arri\u00e8re lisse autorise une installation de l\u2019appareil contre un mur. Ce cong\u00e9lateur moderne dispose aussi d\u2019une garantie sans tracas de 18 mois sur les pi\u00e8ces et la main-d\u2019\u0153uvre. \u00a0","og_url":"https:\/\/www.danby.com\/fr\/products\/congelateurs\/dcfm142wdd\/","og_site_name":"Danby - Canada - French","article_publisher":"https:\/\/www.facebook.com\/DanbyAppliances","article_modified_time":"2026-04-19T10:07:15+00:00","og_image":[{"width":300,"height":272,"url":"https:\/\/cdnweb.danby.com\/wp-content\/uploads\/sites\/2\/2022\/02\/08180931\/proMed-dcfm142wdd.jpg","type":"image\/jpeg"}],"twitter_card":"summary_large_image","twitter_site":"@DanbyAppliance","schema":{"@context":"https:\/\/schema.org","@graph":[{"@type":["WebPage","ItemPage"],"url":"https:\/\/www.danby.com\/fr\/products\/congelateurs\/dcfm142wdd\/","name":"Danby Designer 5 Cong\u00e9lateur - DCFM142WDD | Danby Canada","isPartOf":[],"primaryImageOfPage":[],"image":[],"thumbnailUrl":"https:\/\/cdnweb.danby.com\/wp-content\/uploads\/sites\/2\/2022\/02\/08180931\/proMed-dcfm142wdd.jpg","datePublished":"2022-02-03T19:15:19+00:00","dateModified":"2026-04-19T10:07:15+00:00","description":"En mati\u00e8re de praticabilit\u00e9 et de fiabilit\u00e9, personne ne peut prendre le pas sur ce moderne cong\u00e9lateur bahut compact de Danby. Malgr\u00e9 ses dimensions r\u00e9duites, de 33 pouces de largeur et de 22 pouces de profondeur, il dispose d\u2019un espace de cong\u00e9lation g\u00e9n\u00e9reux de 142 litres (5 pieds cubes). Gr\u00e2ce \u00e0 cet appareil homologu\u00e9 Energy Star, qui fonctionne efficacement et en douceur avec une modeste consommation annuelle de 194 kWh, vos factures \u00e9nerg\u00e9tiques prendront une pause. Le thermostat m\u00e9canique de pointe, install\u00e9 sur la fa\u00e7ade de l\u2019appareil est facile \u00e0 atteindre, \u00e0 programmer et \u00e0 contr\u00f4ler. Le drain de d\u00e9givrage, est lui aussi install\u00e9 en fa\u00e7ade, de mani\u00e8re \u00e0 permettre un processus de d\u00e9givrage rapide et facile. Les aliments congel\u00e9s de petit format et fr\u00e9quemment utilis\u00e9s, peuvent \u00eatre rang\u00e9s dans le panier d\u2019entreposage int\u00e9rieur pratique, de mani\u00e8re \u00e0 \u00eatre plus facilement accessibles. De plus, le panneau arri\u00e8re lisse autorise une installation de l\u2019appareil contre un mur. Ce cong\u00e9lateur moderne dispose aussi d\u2019une garantie sans tracas de 18 mois sur les pi\u00e8ces et la main-d\u2019\u0153uvre. \u00a0","breadcrumb":[],"inLanguage":"fr-CA","potentialAction":[{"@type":"ReadAction","target":["https:\/\/www.danby.com\/fr\/products\/congelateurs\/dcfm142wdd\/"]}]},{"@type":"ImageObject","inLanguage":"fr-CA","url":"https:\/\/cdnweb.danby.com\/wp-content\/uploads\/sites\/2\/2022\/02\/08180931\/proMed-dcfm142wdd.jpg","contentUrl":"https:\/\/cdnweb.danby.com\/wp-content\/uploads\/sites\/2\/2022\/02\/08180931\/proMed-dcfm142wdd.jpg","width":300,"height":272},{"@type":"BreadcrumbList","itemListElement":[{"@type":"ListItem","position":1,"name":"Home","item":"https:\/\/www.danby.com\/fr\/"},{"@type":"ListItem","position":2,"name":"Boutique","item":"https:\/\/www.danby.com\/fr\/boutique\/"},{"@type":"ListItem","position":3,"name":"Danby Designer 5 Cong\u00e9lateur"}]},{"@type":"WebSite","url":"https:\/\/www.danby.com\/fr\/","name":"Danby - Canada - French","description":"Leader dans le domaine de la r\u00e9frig\u00e9ration et des appareils sp\u00e9cialis\u00e9s","publisher":[],"potentialAction":[{"@type":"SearchAction","target":{"@type":"EntryPoint","urlTemplate":"https:\/\/www.danby.com\/fr\/?s={search_term_string}"},"query-input":{"@type":"PropertyValueSpecification","valueRequired":true,"valueName":"search_term_string"}}],"inLanguage":"fr-CA"},{"@type":"Organization","name":"Danby Appliances","url":"https:\/\/www.danby.com\/fr\/","logo":{"@type":"ImageObject","inLanguage":"fr-CA","url":"https:\/\/cdnweb.danby.com\/wp-content\/uploads\/sites\/2\/2022\/02\/10141906\/Danby75Ans_Blue.png","contentUrl":"https:\/\/cdnweb.danby.com\/wp-content\/uploads\/sites\/2\/2022\/02\/10141906\/Danby75Ans_Blue.png","width":470,"height":110,"caption":"Danby Appliances"},"image":[],"sameAs":["https:\/\/www.facebook.com\/DanbyAppliances","https:\/\/x.com\/DanbyAppliance","https:\/\/instagram.com\/danbyappliances\/","https:\/\/www.linkedin.com\/company\/danbyappliances","https:\/\/www.pinterest.ca\/danbyappliances\/","https:\/\/www.youtube.com\/user\/DanbyProducts","https:\/\/en.wikipedia.org\/wiki\/Danby_(appliances)"]}]}},"post_mailing_queue_ids":[],"_links":{"self":[{"href":"https:\/\/www.danby.com\/fr\/wp-json\/wp\/v2\/product\/4768","targetHints":{"allow":["GET"]}}],"collection":[{"href":"https:\/\/www.danby.com\/fr\/wp-json\/wp\/v2\/product"}],"about":[{"href":"https:\/\/www.danby.com\/fr\/wp-json\/wp\/v2\/types\/product"}],"replies":[{"embeddable":true,"href":"https:\/\/www.danby.com\/fr\/wp-json\/wp\/v2\/comments?post=4768"}],"wp:featuredmedia":[{"embeddable":true,"href":"https:\/\/www.danby.com\/fr\/wp-json\/wp\/v2\/media\/5518"}],"wp:attachment":[{"href":"https:\/\/www.danby.com\/fr\/wp-json\/wp\/v2\/media?parent=4768"}],"wp:term":[{"taxonomy":"product_brand","embeddable":true,"href":"https:\/\/www.danby.com\/fr\/wp-json\/wp\/v2\/product_brand?post=4768"},{"taxonomy":"product_cat","embeddable":true,"href":"https:\/\/www.danby.com\/fr\/wp-json\/wp\/v2\/product_cat?post=4768"},{"taxonomy":"product_tag","embeddable":true,"href":"https:\/\/www.danby.com\/fr\/wp-json\/wp\/v2\/product_tag?post=4768"}],"curies":[{"name":"wp","href":"https:\/\/api.w.org\/{rel}","templated":true}]}}