{"id":4765,"date":"2022-02-03T19:15:19","date_gmt":"2022-02-03T19:15:19","guid":{"rendered":"https:\/\/www.danby.com\/fr\/product\/dcfm102a2wdd\/"},"modified":"2026-05-01T10:07:18","modified_gmt":"2026-05-01T10:07:18","slug":"dcfm102a2wdd","status":"publish","type":"product","link":"https:\/\/www.danby.com\/fr\/products\/congelateurs\/dcfm102a2wdd\/","title":{"rendered":"Danby Designer 10.2 pi3 Cong\u00e9lateur"},"content":{"rendered":"","protected":false},"excerpt":{"rendered":"<ul>\n<li>Cong\u00e9lateur coffre d&#8217;une capacit\u00e9 de 10,2 pi3. (289 litres)<\/li>\n<li>Cat\u00e9gorie Energy Star\u00ae<\/li>\n<li>Coffre et couvercle isol\u00e9s par de la mousse \u00e0 haut rendement \u00e9nerg\u00e9tique<\/li>\n<li>D\u00e9givrage manuel<\/li>\n<li>2 paniers m\u00e9talliques blancs r\u00e9glables<\/li>\n<li>Diviseur de 1 compartiment pour une organisation facile l&#8217;organisation<\/li>\n<li>La doublure int\u00e9rieure facile \u00e0 nettoyer<\/li>\n<li>Le design arrondi du couvercle<\/li>\n<li>L&#8217;\u00e9vacuation du d\u00e9givrage<\/li>\n<li>Le thermostat m\u00e9canique mont\u00e9 \u00e0 l&#8217;avant<\/li>\n<li>Le design lisse de l&#8217;arri\u00e8re<\/li>\n<li>2 roulettes arri\u00e8re pour une portabilit\u00e9 facile<\/li>\n<\/ul>\n","protected":false},"featured_media":5545,"comment_status":"closed","ping_status":"open","template":"","meta":{"_acf_changed":false},"product_brand":[],"product_cat":[27],"product_tag":[],"class_list":{"0":"post-4765","1":"product","2":"type-product","3":"status-publish","4":"has-post-thumbnail","6":"product_cat-congelateurs","8":"first","9":"outofstock","10":"taxable","11":"shipping-taxable","12":"product-type-simple"},"acf":[],"yoast_head":"<!-- This site is optimized with the Yoast SEO plugin v27.5 - https:\/\/yoast.com\/product\/yoast-seo-wordpress\/ -->\n<title>Danby Designer 10.2 pi3 Cong\u00e9lateur - DCFM102A2WDD | Danby Canada<\/title>\n<meta name=\"description\" content=\"L\u2019efficacit\u00e9, l\u2019espace et la fiabilit\u00e9, voil\u00e0 trois des nombreux avantages offerts par ce populaire cong\u00e9lateur bahut Danby. Cet appareil spacieux fournit aux familles un grand espace de cong\u00e9lation de 289 litres (10,2 pieds cubes) permettant d\u2019entreposer leurs aliments et collations congel\u00e9s pr\u00e9f\u00e9r\u00e9s. L\u2019air froid reste \u00e0 l\u2019int\u00e9rieur et l\u2019air chaud est refoul\u00e9 \u00e0 l\u2019ext\u00e9rieur, gr\u00e2ce au caisson et au couvercle isol\u00e9s en mousse \u00e9conerg\u00e9tique. De plus, l\u2019homologation Energy Star prim\u00e9e permet de gagner la bataille contre les co\u00fbts d\u2019\u00e9lectricit\u00e9 \u00e9lev\u00e9s. L\u2019organisation de vos denr\u00e9es favorites se fait sans effort, gr\u00e2ce au s\u00e9parateur de compartiment pratique et \u00e0 deux paniers robustes en treillis m\u00e9tallique blanc r\u00e9glables. Ce mod\u00e8le tendance est pourvu d\u2019un couvercle classique aux coins arrondis et d\u2019un habillage int\u00e9rieur facile \u00e0 nettoyer. Cet appareil dispose d\u2019un syst\u00e8me de d\u00e9givrage manuel commode ainsi que d\u2019un dispositif de drainage et il est command\u00e9 par un thermostat m\u00e9canique pratique install\u00e9 \u00e0 l\u2019avant.\u00a0 Cet attrayant cong\u00e9lateur bahut est assorti d\u2019une garantie de 18 mois sur les pi\u00e8ces et la main-d\u2019\u0153uvre.\" \/>\n<meta name=\"robots\" content=\"index, follow, max-snippet:-1, max-image-preview:large, max-video-preview:-1\" \/>\n<link rel=\"canonical\" href=\"https:\/\/www.danby.com\/fr\/products\/congelateurs\/dcfm102a2wdd\/\" \/>\n<meta property=\"og:locale\" content=\"fr_CA\" \/>\n<meta property=\"og:type\" content=\"article\" \/>\n<meta property=\"og:title\" content=\"Danby Designer 10.2 pi3 Cong\u00e9lateur - DCFM102A2WDD | Danby Canada\" \/>\n<meta property=\"og:description\" content=\"L\u2019efficacit\u00e9, l\u2019espace et la fiabilit\u00e9, voil\u00e0 trois des nombreux avantages offerts par ce populaire cong\u00e9lateur bahut Danby. Cet appareil spacieux fournit aux familles un grand espace de cong\u00e9lation de 289 litres (10,2 pieds cubes) permettant d\u2019entreposer leurs aliments et collations congel\u00e9s pr\u00e9f\u00e9r\u00e9s. L\u2019air froid reste \u00e0 l\u2019int\u00e9rieur et l\u2019air chaud est refoul\u00e9 \u00e0 l\u2019ext\u00e9rieur, gr\u00e2ce au caisson et au couvercle isol\u00e9s en mousse \u00e9conerg\u00e9tique. De plus, l\u2019homologation Energy Star prim\u00e9e permet de gagner la bataille contre les co\u00fbts d\u2019\u00e9lectricit\u00e9 \u00e9lev\u00e9s. L\u2019organisation de vos denr\u00e9es favorites se fait sans effort, gr\u00e2ce au s\u00e9parateur de compartiment pratique et \u00e0 deux paniers robustes en treillis m\u00e9tallique blanc r\u00e9glables. Ce mod\u00e8le tendance est pourvu d\u2019un couvercle classique aux coins arrondis et d\u2019un habillage int\u00e9rieur facile \u00e0 nettoyer. Cet appareil dispose d\u2019un syst\u00e8me de d\u00e9givrage manuel commode ainsi que d\u2019un dispositif de drainage et il est command\u00e9 par un thermostat m\u00e9canique pratique install\u00e9 \u00e0 l\u2019avant.\u00a0 Cet attrayant cong\u00e9lateur bahut est assorti d\u2019une garantie de 18 mois sur les pi\u00e8ces et la main-d\u2019\u0153uvre.\" \/>\n<meta property=\"og:url\" content=\"https:\/\/www.danby.com\/fr\/products\/congelateurs\/dcfm102a2wdd\/\" \/>\n<meta property=\"og:site_name\" content=\"Danby - Canada - French\" \/>\n<meta property=\"article:publisher\" content=\"https:\/\/www.facebook.com\/DanbyAppliances\" \/>\n<meta property=\"article:modified_time\" content=\"2026-05-01T10:07:18+00:00\" \/>\n<meta property=\"og:image\" content=\"https:\/\/cdnweb.danby.com\/wp-content\/uploads\/sites\/2\/2022\/02\/08181248\/Medium-DCFM102A2WDD3.jpg\" \/>\n\t<meta property=\"og:image:width\" content=\"300\" \/>\n\t<meta property=\"og:image:height\" content=\"272\" \/>\n\t<meta property=\"og:image:type\" content=\"image\/jpeg\" \/>\n<meta name=\"twitter:card\" content=\"summary_large_image\" \/>\n<meta name=\"twitter:site\" content=\"@DanbyAppliance\" \/>\n<script type=\"application\/ld+json\" class=\"yoast-schema-graph\">{\"@context\":\"https:\\\/\\\/schema.org\",\"@graph\":[{\"@type\":[\"WebPage\",\"ItemPage\"],\"url\":\"https:\\\/\\\/www.danby.com\\\/fr\\\/products\\\/congelateurs\\\/dcfm102a2wdd\\\/\",\"name\":\"Danby Designer 10.2 pi3 Cong\u00e9lateur - DCFM102A2WDD | Danby Canada\",\"isPartOf\":[],\"primaryImageOfPage\":[],\"image\":[],\"thumbnailUrl\":\"https:\\\/\\\/cdnweb.danby.com\\\/wp-content\\\/uploads\\\/sites\\\/2\\\/2022\\\/02\\\/08181248\\\/Medium-DCFM102A2WDD3.jpg\",\"datePublished\":\"2022-02-03T19:15:19+00:00\",\"dateModified\":\"2026-05-01T10:07:18+00:00\",\"description\":\"L\u2019efficacit\u00e9, l\u2019espace et la fiabilit\u00e9, voil\u00e0 trois des nombreux avantages offerts par ce populaire cong\u00e9lateur bahut Danby. Cet appareil spacieux fournit aux familles un grand espace de cong\u00e9lation de 289 litres (10,2 pieds cubes) permettant d\u2019entreposer leurs aliments et collations congel\u00e9s pr\u00e9f\u00e9r\u00e9s. L\u2019air froid reste \u00e0 l\u2019int\u00e9rieur et l\u2019air chaud est refoul\u00e9 \u00e0 l\u2019ext\u00e9rieur, gr\u00e2ce au caisson et au couvercle isol\u00e9s en mousse \u00e9conerg\u00e9tique. De plus, l\u2019homologation Energy Star prim\u00e9e permet de gagner la bataille contre les co\u00fbts d\u2019\u00e9lectricit\u00e9 \u00e9lev\u00e9s. L\u2019organisation de vos denr\u00e9es favorites se fait sans effort, gr\u00e2ce au s\u00e9parateur de compartiment pratique et \u00e0 deux paniers robustes en treillis m\u00e9tallique blanc r\u00e9glables. Ce mod\u00e8le tendance est pourvu d\u2019un couvercle classique aux coins arrondis et d\u2019un habillage int\u00e9rieur facile \u00e0 nettoyer. Cet appareil dispose d\u2019un syst\u00e8me de d\u00e9givrage manuel commode ainsi que d\u2019un dispositif de drainage et il est command\u00e9 par un thermostat m\u00e9canique pratique install\u00e9 \u00e0 l\u2019avant.\u00a0 Cet attrayant cong\u00e9lateur bahut est assorti d\u2019une garantie de 18 mois sur les pi\u00e8ces et la main-d\u2019\u0153uvre.\",\"breadcrumb\":[],\"inLanguage\":\"fr-CA\",\"potentialAction\":[{\"@type\":\"ReadAction\",\"target\":[\"https:\\\/\\\/www.danby.com\\\/fr\\\/products\\\/congelateurs\\\/dcfm102a2wdd\\\/\"]}]},{\"@type\":\"ImageObject\",\"inLanguage\":\"fr-CA\",\"url\":\"https:\\\/\\\/cdnweb.danby.com\\\/wp-content\\\/uploads\\\/sites\\\/2\\\/2022\\\/02\\\/08181248\\\/Medium-DCFM102A2WDD3.jpg\",\"contentUrl\":\"https:\\\/\\\/cdnweb.danby.com\\\/wp-content\\\/uploads\\\/sites\\\/2\\\/2022\\\/02\\\/08181248\\\/Medium-DCFM102A2WDD3.jpg\",\"width\":300,\"height\":272},{\"@type\":\"BreadcrumbList\",\"itemListElement\":[{\"@type\":\"ListItem\",\"position\":1,\"name\":\"Home\",\"item\":\"https:\\\/\\\/www.danby.com\\\/fr\\\/\"},{\"@type\":\"ListItem\",\"position\":2,\"name\":\"Boutique\",\"item\":\"https:\\\/\\\/www.danby.com\\\/fr\\\/boutique\\\/\"},{\"@type\":\"ListItem\",\"position\":3,\"name\":\"Danby Designer 10.2 pi3 Cong\u00e9lateur\"}]},{\"@type\":\"WebSite\",\"url\":\"https:\\\/\\\/www.danby.com\\\/fr\\\/\",\"name\":\"Danby - Canada - French\",\"description\":\"Leader dans le domaine de la r\u00e9frig\u00e9ration et des appareils sp\u00e9cialis\u00e9s\",\"publisher\":[],\"potentialAction\":[{\"@type\":\"SearchAction\",\"target\":{\"@type\":\"EntryPoint\",\"urlTemplate\":\"https:\\\/\\\/www.danby.com\\\/fr\\\/?s={search_term_string}\"},\"query-input\":{\"@type\":\"PropertyValueSpecification\",\"valueRequired\":true,\"valueName\":\"search_term_string\"}}],\"inLanguage\":\"fr-CA\"},{\"@type\":\"Organization\",\"name\":\"Danby Appliances\",\"url\":\"https:\\\/\\\/www.danby.com\\\/fr\\\/\",\"logo\":{\"@type\":\"ImageObject\",\"inLanguage\":\"fr-CA\",\"url\":\"https:\\\/\\\/cdnweb.danby.com\\\/wp-content\\\/uploads\\\/sites\\\/2\\\/2022\\\/02\\\/10141906\\\/Danby75Ans_Blue.png\",\"contentUrl\":\"https:\\\/\\\/cdnweb.danby.com\\\/wp-content\\\/uploads\\\/sites\\\/2\\\/2022\\\/02\\\/10141906\\\/Danby75Ans_Blue.png\",\"width\":470,\"height\":110,\"caption\":\"Danby Appliances\"},\"image\":[],\"sameAs\":[\"https:\\\/\\\/www.facebook.com\\\/DanbyAppliances\",\"https:\\\/\\\/x.com\\\/DanbyAppliance\",\"https:\\\/\\\/instagram.com\\\/danbyappliances\\\/\",\"https:\\\/\\\/www.linkedin.com\\\/company\\\/danbyappliances\",\"https:\\\/\\\/www.pinterest.ca\\\/danbyappliances\\\/\",\"https:\\\/\\\/www.youtube.com\\\/user\\\/DanbyProducts\",\"https:\\\/\\\/en.wikipedia.org\\\/wiki\\\/Danby_(appliances)\"]}]}<\/script>\n<!-- \/ Yoast SEO plugin. -->","yoast_head_json":{"title":"Danby Designer 10.2 pi3 Cong\u00e9lateur - DCFM102A2WDD | Danby Canada","description":"L\u2019efficacit\u00e9, l\u2019espace et la fiabilit\u00e9, voil\u00e0 trois des nombreux avantages offerts par ce populaire cong\u00e9lateur bahut Danby. Cet appareil spacieux fournit aux familles un grand espace de cong\u00e9lation de 289 litres (10,2 pieds cubes) permettant d\u2019entreposer leurs aliments et collations congel\u00e9s pr\u00e9f\u00e9r\u00e9s. L\u2019air froid reste \u00e0 l\u2019int\u00e9rieur et l\u2019air chaud est refoul\u00e9 \u00e0 l\u2019ext\u00e9rieur, gr\u00e2ce au caisson et au couvercle isol\u00e9s en mousse \u00e9conerg\u00e9tique. De plus, l\u2019homologation Energy Star prim\u00e9e permet de gagner la bataille contre les co\u00fbts d\u2019\u00e9lectricit\u00e9 \u00e9lev\u00e9s. L\u2019organisation de vos denr\u00e9es favorites se fait sans effort, gr\u00e2ce au s\u00e9parateur de compartiment pratique et \u00e0 deux paniers robustes en treillis m\u00e9tallique blanc r\u00e9glables. Ce mod\u00e8le tendance est pourvu d\u2019un couvercle classique aux coins arrondis et d\u2019un habillage int\u00e9rieur facile \u00e0 nettoyer. Cet appareil dispose d\u2019un syst\u00e8me de d\u00e9givrage manuel commode ainsi que d\u2019un dispositif de drainage et il est command\u00e9 par un thermostat m\u00e9canique pratique install\u00e9 \u00e0 l\u2019avant.\u00a0 Cet attrayant cong\u00e9lateur bahut est assorti d\u2019une garantie de 18 mois sur les pi\u00e8ces et la main-d\u2019\u0153uvre.","robots":{"index":"index","follow":"follow","max-snippet":"max-snippet:-1","max-image-preview":"max-image-preview:large","max-video-preview":"max-video-preview:-1"},"canonical":"https:\/\/www.danby.com\/fr\/products\/congelateurs\/dcfm102a2wdd\/","og_locale":"fr_CA","og_type":"article","og_title":"Danby Designer 10.2 pi3 Cong\u00e9lateur - DCFM102A2WDD | Danby Canada","og_description":"L\u2019efficacit\u00e9, l\u2019espace et la fiabilit\u00e9, voil\u00e0 trois des nombreux avantages offerts par ce populaire cong\u00e9lateur bahut Danby. Cet appareil spacieux fournit aux familles un grand espace de cong\u00e9lation de 289 litres (10,2 pieds cubes) permettant d\u2019entreposer leurs aliments et collations congel\u00e9s pr\u00e9f\u00e9r\u00e9s. L\u2019air froid reste \u00e0 l\u2019int\u00e9rieur et l\u2019air chaud est refoul\u00e9 \u00e0 l\u2019ext\u00e9rieur, gr\u00e2ce au caisson et au couvercle isol\u00e9s en mousse \u00e9conerg\u00e9tique. De plus, l\u2019homologation Energy Star prim\u00e9e permet de gagner la bataille contre les co\u00fbts d\u2019\u00e9lectricit\u00e9 \u00e9lev\u00e9s. L\u2019organisation de vos denr\u00e9es favorites se fait sans effort, gr\u00e2ce au s\u00e9parateur de compartiment pratique et \u00e0 deux paniers robustes en treillis m\u00e9tallique blanc r\u00e9glables. Ce mod\u00e8le tendance est pourvu d\u2019un couvercle classique aux coins arrondis et d\u2019un habillage int\u00e9rieur facile \u00e0 nettoyer. Cet appareil dispose d\u2019un syst\u00e8me de d\u00e9givrage manuel commode ainsi que d\u2019un dispositif de drainage et il est command\u00e9 par un thermostat m\u00e9canique pratique install\u00e9 \u00e0 l\u2019avant.\u00a0 Cet attrayant cong\u00e9lateur bahut est assorti d\u2019une garantie de 18 mois sur les pi\u00e8ces et la main-d\u2019\u0153uvre.","og_url":"https:\/\/www.danby.com\/fr\/products\/congelateurs\/dcfm102a2wdd\/","og_site_name":"Danby - Canada - French","article_publisher":"https:\/\/www.facebook.com\/DanbyAppliances","article_modified_time":"2026-05-01T10:07:18+00:00","og_image":[{"width":300,"height":272,"url":"https:\/\/cdnweb.danby.com\/wp-content\/uploads\/sites\/2\/2022\/02\/08181248\/Medium-DCFM102A2WDD3.jpg","type":"image\/jpeg"}],"twitter_card":"summary_large_image","twitter_site":"@DanbyAppliance","schema":{"@context":"https:\/\/schema.org","@graph":[{"@type":["WebPage","ItemPage"],"url":"https:\/\/www.danby.com\/fr\/products\/congelateurs\/dcfm102a2wdd\/","name":"Danby Designer 10.2 pi3 Cong\u00e9lateur - DCFM102A2WDD | Danby Canada","isPartOf":[],"primaryImageOfPage":[],"image":[],"thumbnailUrl":"https:\/\/cdnweb.danby.com\/wp-content\/uploads\/sites\/2\/2022\/02\/08181248\/Medium-DCFM102A2WDD3.jpg","datePublished":"2022-02-03T19:15:19+00:00","dateModified":"2026-05-01T10:07:18+00:00","description":"L\u2019efficacit\u00e9, l\u2019espace et la fiabilit\u00e9, voil\u00e0 trois des nombreux avantages offerts par ce populaire cong\u00e9lateur bahut Danby. Cet appareil spacieux fournit aux familles un grand espace de cong\u00e9lation de 289 litres (10,2 pieds cubes) permettant d\u2019entreposer leurs aliments et collations congel\u00e9s pr\u00e9f\u00e9r\u00e9s. L\u2019air froid reste \u00e0 l\u2019int\u00e9rieur et l\u2019air chaud est refoul\u00e9 \u00e0 l\u2019ext\u00e9rieur, gr\u00e2ce au caisson et au couvercle isol\u00e9s en mousse \u00e9conerg\u00e9tique. De plus, l\u2019homologation Energy Star prim\u00e9e permet de gagner la bataille contre les co\u00fbts d\u2019\u00e9lectricit\u00e9 \u00e9lev\u00e9s. L\u2019organisation de vos denr\u00e9es favorites se fait sans effort, gr\u00e2ce au s\u00e9parateur de compartiment pratique et \u00e0 deux paniers robustes en treillis m\u00e9tallique blanc r\u00e9glables. Ce mod\u00e8le tendance est pourvu d\u2019un couvercle classique aux coins arrondis et d\u2019un habillage int\u00e9rieur facile \u00e0 nettoyer. Cet appareil dispose d\u2019un syst\u00e8me de d\u00e9givrage manuel commode ainsi que d\u2019un dispositif de drainage et il est command\u00e9 par un thermostat m\u00e9canique pratique install\u00e9 \u00e0 l\u2019avant.\u00a0 Cet attrayant cong\u00e9lateur bahut est assorti d\u2019une garantie de 18 mois sur les pi\u00e8ces et la main-d\u2019\u0153uvre.","breadcrumb":[],"inLanguage":"fr-CA","potentialAction":[{"@type":"ReadAction","target":["https:\/\/www.danby.com\/fr\/products\/congelateurs\/dcfm102a2wdd\/"]}]},{"@type":"ImageObject","inLanguage":"fr-CA","url":"https:\/\/cdnweb.danby.com\/wp-content\/uploads\/sites\/2\/2022\/02\/08181248\/Medium-DCFM102A2WDD3.jpg","contentUrl":"https:\/\/cdnweb.danby.com\/wp-content\/uploads\/sites\/2\/2022\/02\/08181248\/Medium-DCFM102A2WDD3.jpg","width":300,"height":272},{"@type":"BreadcrumbList","itemListElement":[{"@type":"ListItem","position":1,"name":"Home","item":"https:\/\/www.danby.com\/fr\/"},{"@type":"ListItem","position":2,"name":"Boutique","item":"https:\/\/www.danby.com\/fr\/boutique\/"},{"@type":"ListItem","position":3,"name":"Danby Designer 10.2 pi3 Cong\u00e9lateur"}]},{"@type":"WebSite","url":"https:\/\/www.danby.com\/fr\/","name":"Danby - Canada - French","description":"Leader dans le domaine de la r\u00e9frig\u00e9ration et des appareils sp\u00e9cialis\u00e9s","publisher":[],"potentialAction":[{"@type":"SearchAction","target":{"@type":"EntryPoint","urlTemplate":"https:\/\/www.danby.com\/fr\/?s={search_term_string}"},"query-input":{"@type":"PropertyValueSpecification","valueRequired":true,"valueName":"search_term_string"}}],"inLanguage":"fr-CA"},{"@type":"Organization","name":"Danby Appliances","url":"https:\/\/www.danby.com\/fr\/","logo":{"@type":"ImageObject","inLanguage":"fr-CA","url":"https:\/\/cdnweb.danby.com\/wp-content\/uploads\/sites\/2\/2022\/02\/10141906\/Danby75Ans_Blue.png","contentUrl":"https:\/\/cdnweb.danby.com\/wp-content\/uploads\/sites\/2\/2022\/02\/10141906\/Danby75Ans_Blue.png","width":470,"height":110,"caption":"Danby Appliances"},"image":[],"sameAs":["https:\/\/www.facebook.com\/DanbyAppliances","https:\/\/x.com\/DanbyAppliance","https:\/\/instagram.com\/danbyappliances\/","https:\/\/www.linkedin.com\/company\/danbyappliances","https:\/\/www.pinterest.ca\/danbyappliances\/","https:\/\/www.youtube.com\/user\/DanbyProducts","https:\/\/en.wikipedia.org\/wiki\/Danby_(appliances)"]}]}},"post_mailing_queue_ids":[],"_links":{"self":[{"href":"https:\/\/www.danby.com\/fr\/wp-json\/wp\/v2\/product\/4765","targetHints":{"allow":["GET"]}}],"collection":[{"href":"https:\/\/www.danby.com\/fr\/wp-json\/wp\/v2\/product"}],"about":[{"href":"https:\/\/www.danby.com\/fr\/wp-json\/wp\/v2\/types\/product"}],"replies":[{"embeddable":true,"href":"https:\/\/www.danby.com\/fr\/wp-json\/wp\/v2\/comments?post=4765"}],"wp:featuredmedia":[{"embeddable":true,"href":"https:\/\/www.danby.com\/fr\/wp-json\/wp\/v2\/media\/5545"}],"wp:attachment":[{"href":"https:\/\/www.danby.com\/fr\/wp-json\/wp\/v2\/media?parent=4765"}],"wp:term":[{"taxonomy":"product_brand","embeddable":true,"href":"https:\/\/www.danby.com\/fr\/wp-json\/wp\/v2\/product_brand?post=4765"},{"taxonomy":"product_cat","embeddable":true,"href":"https:\/\/www.danby.com\/fr\/wp-json\/wp\/v2\/product_cat?post=4765"},{"taxonomy":"product_tag","embeddable":true,"href":"https:\/\/www.danby.com\/fr\/wp-json\/wp\/v2\/product_tag?post=4765"}],"curies":[{"name":"wp","href":"https:\/\/api.w.org\/{rel}","templated":true}]}}