{"id":4761,"date":"2022-02-03T19:15:05","date_gmt":"2022-02-03T19:15:05","guid":{"rendered":"https:\/\/www.danby.com\/fr\/product\/dcfm070a1wsp\/"},"modified":"2026-04-30T10:05:36","modified_gmt":"2026-04-30T10:05:36","slug":"dcfm070a1wsp","status":"publish","type":"product","link":"https:\/\/www.danby.com\/fr\/products\/congelateurs\/dcfm070a1wsp\/","title":{"rendered":"Simplicity 7  Cong\u00e9lateur"},"content":{"rendered":"","protected":false},"excerpt":{"rendered":"<ul>\n<li>Cong\u00e9lateur coffre d&#8217;une capacit\u00e9 de 7 pi3. (198 litres)<\/li>\n<li>Cabinet et couvercle \u00e0 isolation en mousse \u00e9conome en \u00e9nergie<\/li>\n<li>D\u00e9givrage manuel<\/li>\n<li>Un panier en fil blanc<\/li>\n<li>Doublure int\u00e9rieure facile \u00e0 nettoyer<\/li>\n<li>Conception de couvercle arrondi<\/li>\n<li>Drain de d\u00e9givrage<\/li>\n<li>Thermostat m\u00e9canique mont\u00e9 \u00e0 l&#8217;avant<\/li>\n<li>Temp\u00e9rature variable de -12\u00b0C \u00e0 -25\u00b0C (10.4\u00b0F \u00e0 -13\u00b0F)<\/li>\n<\/ul>\n","protected":false},"featured_media":5541,"comment_status":"closed","ping_status":"open","template":"","meta":{"_acf_changed":false},"product_brand":[],"product_cat":[27],"product_tag":[],"class_list":{"0":"post-4761","1":"product","2":"type-product","3":"status-publish","4":"has-post-thumbnail","6":"product_cat-congelateurs","8":"first","9":"outofstock","10":"taxable","11":"shipping-taxable","12":"product-type-simple"},"acf":[],"yoast_head":"<!-- This site is optimized with the Yoast SEO plugin v27.5 - https:\/\/yoast.com\/product\/yoast-seo-wordpress\/ -->\n<title>Simplicity 7 Cong\u00e9lateur - DCFM070A1WSP | Danby Canada<\/title>\n<meta name=\"description\" content=\"Efficacit\u00e9, espace d\u2019entreposage et style sont la marque de commerce de cet \u00e9l\u00e9gant cong\u00e9lateur bahut \u00e9conomique Danby. Avec ses 198,2 litres (7 pieds cubes) d\u2019espace d\u2019entreposage, ce cong\u00e9lateur dispose d\u2019une surface spacieuse, pour tous les types d\u2019aliments congel\u00e9s. Le caisson et le couvercle arrondi tapiss\u00e9s de mousse isolante permettent de garder l\u2019appareil aussi froid que possible, tout en refusant l\u2019acc\u00e8s \u00e0 l\u2019air chaud ext\u00e9rieur et font de ce cong\u00e9lateur, un champion de l\u2019efficacit\u00e9 \u00e9nerg\u00e9tique et de l\u2019\u00e9conomie. Le robuste panier en treillis m\u00e9tallique blanc inclus vous permet de conserver s\u00e9par\u00e9ment vos aliments les plus populaires et plus utilis\u00e9s. Le rev\u00eatement int\u00e9rieur du cong\u00e9lateur a \u00e9t\u00e9 sp\u00e9cifiquement con\u00e7u pour \u00eatre facile et rapide \u00e0 nettoyer et le processus de d\u00e9givrage manuel est simple comme bonjour, gr\u00e2ce au pratique drain de d\u00e9givrage. Le thermostat m\u00e9canique de pr\u00e9cision est facile \u00e0 programmer et \u00e0 contr\u00f4ler, car il est install\u00e9 en fa\u00e7ade et il peut \u00eatre r\u00e9gl\u00e9 dans une plage de temp\u00e9rature comprise entre -12\u00b0C et -25\u00b0C (10.4\u00b0F et -13\u00b0F). Ce cong\u00e9lateur de style est aussi offert avec une populaire garantie de 24 mois sur les pi\u00e8ces et la main-d\u2019\u0153uvre, incluant le service \u00e0 domicile.\" \/>\n<meta name=\"robots\" content=\"index, follow, max-snippet:-1, max-image-preview:large, max-video-preview:-1\" \/>\n<link rel=\"canonical\" href=\"https:\/\/www.danby.com\/fr\/products\/congelateurs\/dcfm070a1wsp\/\" \/>\n<meta property=\"og:locale\" content=\"fr_CA\" \/>\n<meta property=\"og:type\" content=\"article\" \/>\n<meta property=\"og:title\" content=\"Simplicity 7 Cong\u00e9lateur - DCFM070A1WSP | Danby Canada\" \/>\n<meta property=\"og:description\" content=\"Efficacit\u00e9, espace d\u2019entreposage et style sont la marque de commerce de cet \u00e9l\u00e9gant cong\u00e9lateur bahut \u00e9conomique Danby. Avec ses 198,2 litres (7 pieds cubes) d\u2019espace d\u2019entreposage, ce cong\u00e9lateur dispose d\u2019une surface spacieuse, pour tous les types d\u2019aliments congel\u00e9s. Le caisson et le couvercle arrondi tapiss\u00e9s de mousse isolante permettent de garder l\u2019appareil aussi froid que possible, tout en refusant l\u2019acc\u00e8s \u00e0 l\u2019air chaud ext\u00e9rieur et font de ce cong\u00e9lateur, un champion de l\u2019efficacit\u00e9 \u00e9nerg\u00e9tique et de l\u2019\u00e9conomie. Le robuste panier en treillis m\u00e9tallique blanc inclus vous permet de conserver s\u00e9par\u00e9ment vos aliments les plus populaires et plus utilis\u00e9s. Le rev\u00eatement int\u00e9rieur du cong\u00e9lateur a \u00e9t\u00e9 sp\u00e9cifiquement con\u00e7u pour \u00eatre facile et rapide \u00e0 nettoyer et le processus de d\u00e9givrage manuel est simple comme bonjour, gr\u00e2ce au pratique drain de d\u00e9givrage. Le thermostat m\u00e9canique de pr\u00e9cision est facile \u00e0 programmer et \u00e0 contr\u00f4ler, car il est install\u00e9 en fa\u00e7ade et il peut \u00eatre r\u00e9gl\u00e9 dans une plage de temp\u00e9rature comprise entre -12\u00b0C et -25\u00b0C (10.4\u00b0F et -13\u00b0F). Ce cong\u00e9lateur de style est aussi offert avec une populaire garantie de 24 mois sur les pi\u00e8ces et la main-d\u2019\u0153uvre, incluant le service \u00e0 domicile.\" \/>\n<meta property=\"og:url\" content=\"https:\/\/www.danby.com\/fr\/products\/congelateurs\/dcfm070a1wsp\/\" \/>\n<meta property=\"og:site_name\" content=\"Danby - Canada - French\" \/>\n<meta property=\"article:publisher\" content=\"https:\/\/www.facebook.com\/DanbyAppliances\" \/>\n<meta property=\"article:modified_time\" content=\"2026-04-30T10:05:36+00:00\" \/>\n<meta property=\"og:image\" content=\"https:\/\/cdnweb.danby.com\/wp-content\/uploads\/sites\/2\/2022\/02\/08181242\/Medium-DCFM070A1WSP.jpg\" \/>\n\t<meta property=\"og:image:width\" content=\"300\" \/>\n\t<meta property=\"og:image:height\" content=\"272\" \/>\n\t<meta property=\"og:image:type\" content=\"image\/jpeg\" \/>\n<meta name=\"twitter:card\" content=\"summary_large_image\" \/>\n<meta name=\"twitter:site\" content=\"@DanbyAppliance\" \/>\n<script type=\"application\/ld+json\" class=\"yoast-schema-graph\">{\"@context\":\"https:\\\/\\\/schema.org\",\"@graph\":[{\"@type\":[\"WebPage\",\"ItemPage\"],\"url\":\"https:\\\/\\\/www.danby.com\\\/fr\\\/products\\\/congelateurs\\\/dcfm070a1wsp\\\/\",\"name\":\"Simplicity 7 Cong\u00e9lateur - DCFM070A1WSP | Danby Canada\",\"isPartOf\":[],\"primaryImageOfPage\":[],\"image\":[],\"thumbnailUrl\":\"https:\\\/\\\/cdnweb.danby.com\\\/wp-content\\\/uploads\\\/sites\\\/2\\\/2022\\\/02\\\/08181242\\\/Medium-DCFM070A1WSP.jpg\",\"datePublished\":\"2022-02-03T19:15:05+00:00\",\"dateModified\":\"2026-04-30T10:05:36+00:00\",\"description\":\"Efficacit\u00e9, espace d\u2019entreposage et style sont la marque de commerce de cet \u00e9l\u00e9gant cong\u00e9lateur bahut \u00e9conomique Danby. Avec ses 198,2 litres (7 pieds cubes) d\u2019espace d\u2019entreposage, ce cong\u00e9lateur dispose d\u2019une surface spacieuse, pour tous les types d\u2019aliments congel\u00e9s. Le caisson et le couvercle arrondi tapiss\u00e9s de mousse isolante permettent de garder l\u2019appareil aussi froid que possible, tout en refusant l\u2019acc\u00e8s \u00e0 l\u2019air chaud ext\u00e9rieur et font de ce cong\u00e9lateur, un champion de l\u2019efficacit\u00e9 \u00e9nerg\u00e9tique et de l\u2019\u00e9conomie. Le robuste panier en treillis m\u00e9tallique blanc inclus vous permet de conserver s\u00e9par\u00e9ment vos aliments les plus populaires et plus utilis\u00e9s. Le rev\u00eatement int\u00e9rieur du cong\u00e9lateur a \u00e9t\u00e9 sp\u00e9cifiquement con\u00e7u pour \u00eatre facile et rapide \u00e0 nettoyer et le processus de d\u00e9givrage manuel est simple comme bonjour, gr\u00e2ce au pratique drain de d\u00e9givrage. Le thermostat m\u00e9canique de pr\u00e9cision est facile \u00e0 programmer et \u00e0 contr\u00f4ler, car il est install\u00e9 en fa\u00e7ade et il peut \u00eatre r\u00e9gl\u00e9 dans une plage de temp\u00e9rature comprise entre -12\u00b0C et -25\u00b0C (10.4\u00b0F et -13\u00b0F). Ce cong\u00e9lateur de style est aussi offert avec une populaire garantie de 24 mois sur les pi\u00e8ces et la main-d\u2019\u0153uvre, incluant le service \u00e0 domicile.\",\"breadcrumb\":[],\"inLanguage\":\"fr-CA\",\"potentialAction\":[{\"@type\":\"ReadAction\",\"target\":[\"https:\\\/\\\/www.danby.com\\\/fr\\\/products\\\/congelateurs\\\/dcfm070a1wsp\\\/\"]}]},{\"@type\":\"ImageObject\",\"inLanguage\":\"fr-CA\",\"url\":\"https:\\\/\\\/cdnweb.danby.com\\\/wp-content\\\/uploads\\\/sites\\\/2\\\/2022\\\/02\\\/08181242\\\/Medium-DCFM070A1WSP.jpg\",\"contentUrl\":\"https:\\\/\\\/cdnweb.danby.com\\\/wp-content\\\/uploads\\\/sites\\\/2\\\/2022\\\/02\\\/08181242\\\/Medium-DCFM070A1WSP.jpg\",\"width\":300,\"height\":272},{\"@type\":\"BreadcrumbList\",\"itemListElement\":[{\"@type\":\"ListItem\",\"position\":1,\"name\":\"Home\",\"item\":\"https:\\\/\\\/www.danby.com\\\/fr\\\/\"},{\"@type\":\"ListItem\",\"position\":2,\"name\":\"Boutique\",\"item\":\"https:\\\/\\\/www.danby.com\\\/fr\\\/boutique\\\/\"},{\"@type\":\"ListItem\",\"position\":3,\"name\":\"Simplicity 7 Cong\u00e9lateur\"}]},{\"@type\":\"WebSite\",\"url\":\"https:\\\/\\\/www.danby.com\\\/fr\\\/\",\"name\":\"Danby - Canada - French\",\"description\":\"Leader dans le domaine de la r\u00e9frig\u00e9ration et des appareils sp\u00e9cialis\u00e9s\",\"publisher\":[],\"potentialAction\":[{\"@type\":\"SearchAction\",\"target\":{\"@type\":\"EntryPoint\",\"urlTemplate\":\"https:\\\/\\\/www.danby.com\\\/fr\\\/?s={search_term_string}\"},\"query-input\":{\"@type\":\"PropertyValueSpecification\",\"valueRequired\":true,\"valueName\":\"search_term_string\"}}],\"inLanguage\":\"fr-CA\"},{\"@type\":\"Organization\",\"name\":\"Danby Appliances\",\"url\":\"https:\\\/\\\/www.danby.com\\\/fr\\\/\",\"logo\":{\"@type\":\"ImageObject\",\"inLanguage\":\"fr-CA\",\"url\":\"https:\\\/\\\/cdnweb.danby.com\\\/wp-content\\\/uploads\\\/sites\\\/2\\\/2022\\\/02\\\/10141906\\\/Danby75Ans_Blue.png\",\"contentUrl\":\"https:\\\/\\\/cdnweb.danby.com\\\/wp-content\\\/uploads\\\/sites\\\/2\\\/2022\\\/02\\\/10141906\\\/Danby75Ans_Blue.png\",\"width\":470,\"height\":110,\"caption\":\"Danby Appliances\"},\"image\":[],\"sameAs\":[\"https:\\\/\\\/www.facebook.com\\\/DanbyAppliances\",\"https:\\\/\\\/x.com\\\/DanbyAppliance\",\"https:\\\/\\\/instagram.com\\\/danbyappliances\\\/\",\"https:\\\/\\\/www.linkedin.com\\\/company\\\/danbyappliances\",\"https:\\\/\\\/www.pinterest.ca\\\/danbyappliances\\\/\",\"https:\\\/\\\/www.youtube.com\\\/user\\\/DanbyProducts\",\"https:\\\/\\\/en.wikipedia.org\\\/wiki\\\/Danby_(appliances)\"]}]}<\/script>\n<!-- \/ Yoast SEO plugin. -->","yoast_head_json":{"title":"Simplicity 7 Cong\u00e9lateur - DCFM070A1WSP | Danby Canada","description":"Efficacit\u00e9, espace d\u2019entreposage et style sont la marque de commerce de cet \u00e9l\u00e9gant cong\u00e9lateur bahut \u00e9conomique Danby. Avec ses 198,2 litres (7 pieds cubes) d\u2019espace d\u2019entreposage, ce cong\u00e9lateur dispose d\u2019une surface spacieuse, pour tous les types d\u2019aliments congel\u00e9s. Le caisson et le couvercle arrondi tapiss\u00e9s de mousse isolante permettent de garder l\u2019appareil aussi froid que possible, tout en refusant l\u2019acc\u00e8s \u00e0 l\u2019air chaud ext\u00e9rieur et font de ce cong\u00e9lateur, un champion de l\u2019efficacit\u00e9 \u00e9nerg\u00e9tique et de l\u2019\u00e9conomie. Le robuste panier en treillis m\u00e9tallique blanc inclus vous permet de conserver s\u00e9par\u00e9ment vos aliments les plus populaires et plus utilis\u00e9s. Le rev\u00eatement int\u00e9rieur du cong\u00e9lateur a \u00e9t\u00e9 sp\u00e9cifiquement con\u00e7u pour \u00eatre facile et rapide \u00e0 nettoyer et le processus de d\u00e9givrage manuel est simple comme bonjour, gr\u00e2ce au pratique drain de d\u00e9givrage. Le thermostat m\u00e9canique de pr\u00e9cision est facile \u00e0 programmer et \u00e0 contr\u00f4ler, car il est install\u00e9 en fa\u00e7ade et il peut \u00eatre r\u00e9gl\u00e9 dans une plage de temp\u00e9rature comprise entre -12\u00b0C et -25\u00b0C (10.4\u00b0F et -13\u00b0F). Ce cong\u00e9lateur de style est aussi offert avec une populaire garantie de 24 mois sur les pi\u00e8ces et la main-d\u2019\u0153uvre, incluant le service \u00e0 domicile.","robots":{"index":"index","follow":"follow","max-snippet":"max-snippet:-1","max-image-preview":"max-image-preview:large","max-video-preview":"max-video-preview:-1"},"canonical":"https:\/\/www.danby.com\/fr\/products\/congelateurs\/dcfm070a1wsp\/","og_locale":"fr_CA","og_type":"article","og_title":"Simplicity 7 Cong\u00e9lateur - DCFM070A1WSP | Danby Canada","og_description":"Efficacit\u00e9, espace d\u2019entreposage et style sont la marque de commerce de cet \u00e9l\u00e9gant cong\u00e9lateur bahut \u00e9conomique Danby. Avec ses 198,2 litres (7 pieds cubes) d\u2019espace d\u2019entreposage, ce cong\u00e9lateur dispose d\u2019une surface spacieuse, pour tous les types d\u2019aliments congel\u00e9s. Le caisson et le couvercle arrondi tapiss\u00e9s de mousse isolante permettent de garder l\u2019appareil aussi froid que possible, tout en refusant l\u2019acc\u00e8s \u00e0 l\u2019air chaud ext\u00e9rieur et font de ce cong\u00e9lateur, un champion de l\u2019efficacit\u00e9 \u00e9nerg\u00e9tique et de l\u2019\u00e9conomie. Le robuste panier en treillis m\u00e9tallique blanc inclus vous permet de conserver s\u00e9par\u00e9ment vos aliments les plus populaires et plus utilis\u00e9s. Le rev\u00eatement int\u00e9rieur du cong\u00e9lateur a \u00e9t\u00e9 sp\u00e9cifiquement con\u00e7u pour \u00eatre facile et rapide \u00e0 nettoyer et le processus de d\u00e9givrage manuel est simple comme bonjour, gr\u00e2ce au pratique drain de d\u00e9givrage. Le thermostat m\u00e9canique de pr\u00e9cision est facile \u00e0 programmer et \u00e0 contr\u00f4ler, car il est install\u00e9 en fa\u00e7ade et il peut \u00eatre r\u00e9gl\u00e9 dans une plage de temp\u00e9rature comprise entre -12\u00b0C et -25\u00b0C (10.4\u00b0F et -13\u00b0F). Ce cong\u00e9lateur de style est aussi offert avec une populaire garantie de 24 mois sur les pi\u00e8ces et la main-d\u2019\u0153uvre, incluant le service \u00e0 domicile.","og_url":"https:\/\/www.danby.com\/fr\/products\/congelateurs\/dcfm070a1wsp\/","og_site_name":"Danby - Canada - French","article_publisher":"https:\/\/www.facebook.com\/DanbyAppliances","article_modified_time":"2026-04-30T10:05:36+00:00","og_image":[{"width":300,"height":272,"url":"https:\/\/cdnweb.danby.com\/wp-content\/uploads\/sites\/2\/2022\/02\/08181242\/Medium-DCFM070A1WSP.jpg","type":"image\/jpeg"}],"twitter_card":"summary_large_image","twitter_site":"@DanbyAppliance","schema":{"@context":"https:\/\/schema.org","@graph":[{"@type":["WebPage","ItemPage"],"url":"https:\/\/www.danby.com\/fr\/products\/congelateurs\/dcfm070a1wsp\/","name":"Simplicity 7 Cong\u00e9lateur - DCFM070A1WSP | Danby Canada","isPartOf":[],"primaryImageOfPage":[],"image":[],"thumbnailUrl":"https:\/\/cdnweb.danby.com\/wp-content\/uploads\/sites\/2\/2022\/02\/08181242\/Medium-DCFM070A1WSP.jpg","datePublished":"2022-02-03T19:15:05+00:00","dateModified":"2026-04-30T10:05:36+00:00","description":"Efficacit\u00e9, espace d\u2019entreposage et style sont la marque de commerce de cet \u00e9l\u00e9gant cong\u00e9lateur bahut \u00e9conomique Danby. Avec ses 198,2 litres (7 pieds cubes) d\u2019espace d\u2019entreposage, ce cong\u00e9lateur dispose d\u2019une surface spacieuse, pour tous les types d\u2019aliments congel\u00e9s. Le caisson et le couvercle arrondi tapiss\u00e9s de mousse isolante permettent de garder l\u2019appareil aussi froid que possible, tout en refusant l\u2019acc\u00e8s \u00e0 l\u2019air chaud ext\u00e9rieur et font de ce cong\u00e9lateur, un champion de l\u2019efficacit\u00e9 \u00e9nerg\u00e9tique et de l\u2019\u00e9conomie. Le robuste panier en treillis m\u00e9tallique blanc inclus vous permet de conserver s\u00e9par\u00e9ment vos aliments les plus populaires et plus utilis\u00e9s. Le rev\u00eatement int\u00e9rieur du cong\u00e9lateur a \u00e9t\u00e9 sp\u00e9cifiquement con\u00e7u pour \u00eatre facile et rapide \u00e0 nettoyer et le processus de d\u00e9givrage manuel est simple comme bonjour, gr\u00e2ce au pratique drain de d\u00e9givrage. Le thermostat m\u00e9canique de pr\u00e9cision est facile \u00e0 programmer et \u00e0 contr\u00f4ler, car il est install\u00e9 en fa\u00e7ade et il peut \u00eatre r\u00e9gl\u00e9 dans une plage de temp\u00e9rature comprise entre -12\u00b0C et -25\u00b0C (10.4\u00b0F et -13\u00b0F). Ce cong\u00e9lateur de style est aussi offert avec une populaire garantie de 24 mois sur les pi\u00e8ces et la main-d\u2019\u0153uvre, incluant le service \u00e0 domicile.","breadcrumb":[],"inLanguage":"fr-CA","potentialAction":[{"@type":"ReadAction","target":["https:\/\/www.danby.com\/fr\/products\/congelateurs\/dcfm070a1wsp\/"]}]},{"@type":"ImageObject","inLanguage":"fr-CA","url":"https:\/\/cdnweb.danby.com\/wp-content\/uploads\/sites\/2\/2022\/02\/08181242\/Medium-DCFM070A1WSP.jpg","contentUrl":"https:\/\/cdnweb.danby.com\/wp-content\/uploads\/sites\/2\/2022\/02\/08181242\/Medium-DCFM070A1WSP.jpg","width":300,"height":272},{"@type":"BreadcrumbList","itemListElement":[{"@type":"ListItem","position":1,"name":"Home","item":"https:\/\/www.danby.com\/fr\/"},{"@type":"ListItem","position":2,"name":"Boutique","item":"https:\/\/www.danby.com\/fr\/boutique\/"},{"@type":"ListItem","position":3,"name":"Simplicity 7 Cong\u00e9lateur"}]},{"@type":"WebSite","url":"https:\/\/www.danby.com\/fr\/","name":"Danby - Canada - French","description":"Leader dans le domaine de la r\u00e9frig\u00e9ration et des appareils sp\u00e9cialis\u00e9s","publisher":[],"potentialAction":[{"@type":"SearchAction","target":{"@type":"EntryPoint","urlTemplate":"https:\/\/www.danby.com\/fr\/?s={search_term_string}"},"query-input":{"@type":"PropertyValueSpecification","valueRequired":true,"valueName":"search_term_string"}}],"inLanguage":"fr-CA"},{"@type":"Organization","name":"Danby Appliances","url":"https:\/\/www.danby.com\/fr\/","logo":{"@type":"ImageObject","inLanguage":"fr-CA","url":"https:\/\/cdnweb.danby.com\/wp-content\/uploads\/sites\/2\/2022\/02\/10141906\/Danby75Ans_Blue.png","contentUrl":"https:\/\/cdnweb.danby.com\/wp-content\/uploads\/sites\/2\/2022\/02\/10141906\/Danby75Ans_Blue.png","width":470,"height":110,"caption":"Danby Appliances"},"image":[],"sameAs":["https:\/\/www.facebook.com\/DanbyAppliances","https:\/\/x.com\/DanbyAppliance","https:\/\/instagram.com\/danbyappliances\/","https:\/\/www.linkedin.com\/company\/danbyappliances","https:\/\/www.pinterest.ca\/danbyappliances\/","https:\/\/www.youtube.com\/user\/DanbyProducts","https:\/\/en.wikipedia.org\/wiki\/Danby_(appliances)"]}]}},"post_mailing_queue_ids":[],"_links":{"self":[{"href":"https:\/\/www.danby.com\/fr\/wp-json\/wp\/v2\/product\/4761","targetHints":{"allow":["GET"]}}],"collection":[{"href":"https:\/\/www.danby.com\/fr\/wp-json\/wp\/v2\/product"}],"about":[{"href":"https:\/\/www.danby.com\/fr\/wp-json\/wp\/v2\/types\/product"}],"replies":[{"embeddable":true,"href":"https:\/\/www.danby.com\/fr\/wp-json\/wp\/v2\/comments?post=4761"}],"wp:featuredmedia":[{"embeddable":true,"href":"https:\/\/www.danby.com\/fr\/wp-json\/wp\/v2\/media\/5541"}],"wp:attachment":[{"href":"https:\/\/www.danby.com\/fr\/wp-json\/wp\/v2\/media?parent=4761"}],"wp:term":[{"taxonomy":"product_brand","embeddable":true,"href":"https:\/\/www.danby.com\/fr\/wp-json\/wp\/v2\/product_brand?post=4761"},{"taxonomy":"product_cat","embeddable":true,"href":"https:\/\/www.danby.com\/fr\/wp-json\/wp\/v2\/product_cat?post=4761"},{"taxonomy":"product_tag","embeddable":true,"href":"https:\/\/www.danby.com\/fr\/wp-json\/wp\/v2\/product_tag?post=4761"}],"curies":[{"name":"wp","href":"https:\/\/api.w.org\/{rel}","templated":true}]}}