{"id":4758,"date":"2022-02-03T19:15:05","date_gmt":"2022-02-03T19:15:05","guid":{"rendered":"https:\/\/www.danby.com\/fr\/product\/dcfm050a1wsp\/"},"modified":"2026-04-19T10:07:14","modified_gmt":"2026-04-19T10:07:14","slug":"dcfm050a1wsp","status":"publish","type":"product","link":"https:\/\/www.danby.com\/fr\/products\/congelateurs\/dcfm050a1wsp\/","title":{"rendered":"Simplicity 5 pi3 Cong\u00e9lateur"},"content":{"rendered":"","protected":false},"excerpt":{"rendered":"<ul>\n<li>Cong\u00e9lateur coffre d&#8217;une capacit\u00e9 de 5,0 cu.pi (142 litres)<\/li>\n<li>Cabinet et couvercle \u00e0 isolation en mousse \u00e9conome en \u00e9nergie<\/li>\n<li>D\u00e9givrage manuel<\/li>\n<li>Un panier en fil blanc<\/li>\n<li>Doublure int\u00e9rieure facile \u00e0 nettoyer<\/li>\n<li>Conception de couvercle arrondi<\/li>\n<li>Drain de d\u00e9givrage \u00e0 montage frontal<\/li>\n<li>Thermostat m\u00e9canique \u00e0 montage frontal<\/li>\n<li>Temp\u00e9rature variable de -12\u00b0C \u00e0 -25\u00b0C (10.4\u00b0F \u00e0 -13\u00b0F)<\/li>\n<\/ul>\n","protected":false},"featured_media":5536,"comment_status":"closed","ping_status":"open","template":"","meta":{"_acf_changed":false},"product_brand":[],"product_cat":[27],"product_tag":[],"class_list":{"0":"post-4758","1":"product","2":"type-product","3":"status-publish","4":"has-post-thumbnail","6":"product_cat-congelateurs","8":"first","9":"outofstock","10":"taxable","11":"shipping-taxable","12":"product-type-simple"},"acf":[],"yoast_head":"<!-- This site is optimized with the Yoast SEO plugin v26.7 - https:\/\/yoast.com\/wordpress\/plugins\/seo\/ -->\n<title>Simplicity 5 pi3 Cong\u00e9lateur - DCFM050A1WSP | Danby Canada<\/title>\n<meta name=\"description\" content=\"Lorsque l\u2019espace est restreint, inutile de s\u2019en faire, ce cong\u00e9lateur bahut compact sophistiqu\u00e9 ne fait que 33 pouces de largeur et 22 pouces de profondeur, tout en vous fournissant un g\u00e9n\u00e9reux espace d\u2019entreposage de 142 litres (5 pieds cubes). Il peut donc \u00eatre facilement install\u00e9 n\u2019importe o\u00f9 et ses dimensions en font le mod\u00e8le id\u00e9al pour les bureaux, chalets, appartements, copropri\u00e9t\u00e9s, etc. L\u2019op\u00e9ration et l\u2019entretien de l\u2019appareil sont simplifi\u00e9s gr\u00e2ce \u00e0 son syst\u00e8me de d\u00e9givrage manuel, son drain de d\u00e9givrage install\u00e9 en fa\u00e7ade et son rev\u00eatement int\u00e9rieur d\u2019entretien facile. Le caisson et le couvercle arrondi \u00e9conerg\u00e9tiques sont tous deux doubl\u00e9s de mousse isolante, de mani\u00e8re \u00e0 n\u2019avoir qu\u2019une incidence minimale sur vos factures d\u2019\u00e9lectricit\u00e9. Il vous sera facile de trouver vos aliments congel\u00e9s favoris gr\u00e2ce au robuste panier en treillis m\u00e9tallique blanc inclus. Le thermostat m\u00e9canique tr\u00e8s efficace est install\u00e9 sur la fa\u00e7ade, afin d\u2019en simplifier l\u2019usage et sa plage de temp\u00e9rature est comprise entre -12\u00b0C et -25\u00b0C (10,4\u00b0F et -13\u00b0F). Ce mod\u00e8le populaire comporte aussi une garantie sans tracas de 24 mois sur les pi\u00e8ces et la main-d\u2019\u0153uvre, incluant le service \u00e0 domicile. \u00a0\" \/>\n<meta name=\"robots\" content=\"index, follow, max-snippet:-1, max-image-preview:large, max-video-preview:-1\" \/>\n<link rel=\"canonical\" href=\"https:\/\/www.danby.com\/fr\/products\/congelateurs\/dcfm050a1wsp\/\" \/>\n<meta property=\"og:locale\" content=\"fr_CA\" \/>\n<meta property=\"og:type\" content=\"article\" \/>\n<meta property=\"og:title\" content=\"Simplicity 5 pi3 Cong\u00e9lateur - DCFM050A1WSP | Danby Canada\" \/>\n<meta property=\"og:description\" content=\"Lorsque l\u2019espace est restreint, inutile de s\u2019en faire, ce cong\u00e9lateur bahut compact sophistiqu\u00e9 ne fait que 33 pouces de largeur et 22 pouces de profondeur, tout en vous fournissant un g\u00e9n\u00e9reux espace d\u2019entreposage de 142 litres (5 pieds cubes). Il peut donc \u00eatre facilement install\u00e9 n\u2019importe o\u00f9 et ses dimensions en font le mod\u00e8le id\u00e9al pour les bureaux, chalets, appartements, copropri\u00e9t\u00e9s, etc. L\u2019op\u00e9ration et l\u2019entretien de l\u2019appareil sont simplifi\u00e9s gr\u00e2ce \u00e0 son syst\u00e8me de d\u00e9givrage manuel, son drain de d\u00e9givrage install\u00e9 en fa\u00e7ade et son rev\u00eatement int\u00e9rieur d\u2019entretien facile. Le caisson et le couvercle arrondi \u00e9conerg\u00e9tiques sont tous deux doubl\u00e9s de mousse isolante, de mani\u00e8re \u00e0 n\u2019avoir qu\u2019une incidence minimale sur vos factures d\u2019\u00e9lectricit\u00e9. Il vous sera facile de trouver vos aliments congel\u00e9s favoris gr\u00e2ce au robuste panier en treillis m\u00e9tallique blanc inclus. Le thermostat m\u00e9canique tr\u00e8s efficace est install\u00e9 sur la fa\u00e7ade, afin d\u2019en simplifier l\u2019usage et sa plage de temp\u00e9rature est comprise entre -12\u00b0C et -25\u00b0C (10,4\u00b0F et -13\u00b0F). Ce mod\u00e8le populaire comporte aussi une garantie sans tracas de 24 mois sur les pi\u00e8ces et la main-d\u2019\u0153uvre, incluant le service \u00e0 domicile. \u00a0\" \/>\n<meta property=\"og:url\" content=\"https:\/\/www.danby.com\/fr\/products\/congelateurs\/dcfm050a1wsp\/\" \/>\n<meta property=\"og:site_name\" content=\"Danby - Canada - French\" \/>\n<meta property=\"article:publisher\" content=\"https:\/\/www.facebook.com\/DanbyAppliances\" \/>\n<meta property=\"article:modified_time\" content=\"2026-04-19T10:07:14+00:00\" \/>\n<meta property=\"og:image\" content=\"https:\/\/cdnweb.danby.com\/wp-content\/uploads\/sites\/2\/2022\/02\/08181233\/Medium-DCFM050A1WSP.jpg\" \/>\n\t<meta property=\"og:image:width\" content=\"300\" \/>\n\t<meta property=\"og:image:height\" content=\"272\" \/>\n\t<meta property=\"og:image:type\" content=\"image\/jpeg\" \/>\n<meta name=\"twitter:card\" content=\"summary_large_image\" \/>\n<meta name=\"twitter:site\" content=\"@DanbyAppliance\" \/>\n<script type=\"application\/ld+json\" class=\"yoast-schema-graph\">{\"@context\":\"https:\/\/schema.org\",\"@graph\":[{\"@type\":[\"WebPage\",\"ItemPage\"],\"url\":\"https:\/\/www.danby.com\/fr\/products\/congelateurs\/dcfm050a1wsp\/\",\"name\":\"Simplicity 5 pi3 Cong\u00e9lateur - DCFM050A1WSP | Danby Canada\",\"isPartOf\":[],\"primaryImageOfPage\":[],\"image\":[],\"thumbnailUrl\":\"https:\/\/cdnweb.danby.com\/wp-content\/uploads\/sites\/2\/2022\/02\/08181233\/Medium-DCFM050A1WSP.jpg\",\"datePublished\":\"2022-02-03T19:15:05+00:00\",\"dateModified\":\"2026-04-19T10:07:14+00:00\",\"description\":\"Lorsque l\u2019espace est restreint, inutile de s\u2019en faire, ce cong\u00e9lateur bahut compact sophistiqu\u00e9 ne fait que 33 pouces de largeur et 22 pouces de profondeur, tout en vous fournissant un g\u00e9n\u00e9reux espace d\u2019entreposage de 142 litres (5 pieds cubes). Il peut donc \u00eatre facilement install\u00e9 n\u2019importe o\u00f9 et ses dimensions en font le mod\u00e8le id\u00e9al pour les bureaux, chalets, appartements, copropri\u00e9t\u00e9s, etc. L\u2019op\u00e9ration et l\u2019entretien de l\u2019appareil sont simplifi\u00e9s gr\u00e2ce \u00e0 son syst\u00e8me de d\u00e9givrage manuel, son drain de d\u00e9givrage install\u00e9 en fa\u00e7ade et son rev\u00eatement int\u00e9rieur d\u2019entretien facile. Le caisson et le couvercle arrondi \u00e9conerg\u00e9tiques sont tous deux doubl\u00e9s de mousse isolante, de mani\u00e8re \u00e0 n\u2019avoir qu\u2019une incidence minimale sur vos factures d\u2019\u00e9lectricit\u00e9. Il vous sera facile de trouver vos aliments congel\u00e9s favoris gr\u00e2ce au robuste panier en treillis m\u00e9tallique blanc inclus. Le thermostat m\u00e9canique tr\u00e8s efficace est install\u00e9 sur la fa\u00e7ade, afin d\u2019en simplifier l\u2019usage et sa plage de temp\u00e9rature est comprise entre -12\u00b0C et -25\u00b0C (10,4\u00b0F et -13\u00b0F). Ce mod\u00e8le populaire comporte aussi une garantie sans tracas de 24 mois sur les pi\u00e8ces et la main-d\u2019\u0153uvre, incluant le service \u00e0 domicile. \u00a0\",\"breadcrumb\":[],\"inLanguage\":\"fr-CA\",\"potentialAction\":[{\"@type\":\"ReadAction\",\"target\":[\"https:\/\/www.danby.com\/fr\/products\/congelateurs\/dcfm050a1wsp\/\"]}]},{\"@type\":\"ImageObject\",\"inLanguage\":\"fr-CA\",\"url\":\"https:\/\/cdnweb.danby.com\/wp-content\/uploads\/sites\/2\/2022\/02\/08181233\/Medium-DCFM050A1WSP.jpg\",\"contentUrl\":\"https:\/\/cdnweb.danby.com\/wp-content\/uploads\/sites\/2\/2022\/02\/08181233\/Medium-DCFM050A1WSP.jpg\",\"width\":300,\"height\":272},{\"@type\":\"BreadcrumbList\",\"itemListElement\":[{\"@type\":\"ListItem\",\"position\":1,\"name\":\"Home\",\"item\":\"https:\/\/www.danby.com\/fr\/\"},{\"@type\":\"ListItem\",\"position\":2,\"name\":\"Boutique\",\"item\":\"https:\/\/www.danby.com\/fr\/boutique\/\"},{\"@type\":\"ListItem\",\"position\":3,\"name\":\"Simplicity 5 pi3 Cong\u00e9lateur\"}]},{\"@type\":\"WebSite\",\"url\":\"https:\/\/www.danby.com\/fr\/\",\"name\":\"Danby - Canada - French\",\"description\":\"Leader dans le domaine de la r\u00e9frig\u00e9ration et des appareils sp\u00e9cialis\u00e9s\",\"publisher\":[],\"potentialAction\":[{\"@type\":\"SearchAction\",\"target\":{\"@type\":\"EntryPoint\",\"urlTemplate\":\"https:\/\/www.danby.com\/fr\/?s={search_term_string}\"},\"query-input\":{\"@type\":\"PropertyValueSpecification\",\"valueRequired\":true,\"valueName\":\"search_term_string\"}}],\"inLanguage\":\"fr-CA\"},{\"@type\":\"Organization\",\"name\":\"Danby Appliances\",\"url\":\"https:\/\/www.danby.com\/fr\/\",\"logo\":{\"@type\":\"ImageObject\",\"inLanguage\":\"fr-CA\",\"url\":\"https:\/\/cdnweb.danby.com\/wp-content\/uploads\/sites\/2\/2022\/02\/10141906\/Danby75Ans_Blue.png\",\"contentUrl\":\"https:\/\/cdnweb.danby.com\/wp-content\/uploads\/sites\/2\/2022\/02\/10141906\/Danby75Ans_Blue.png\",\"width\":470,\"height\":110,\"caption\":\"Danby Appliances\"},\"image\":[],\"sameAs\":[\"https:\/\/www.facebook.com\/DanbyAppliances\",\"https:\/\/x.com\/DanbyAppliance\",\"https:\/\/instagram.com\/danbyappliances\/\",\"https:\/\/www.linkedin.com\/company\/danbyappliances\",\"https:\/\/www.pinterest.ca\/danbyappliances\/\",\"https:\/\/www.youtube.com\/user\/DanbyProducts\",\"https:\/\/en.wikipedia.org\/wiki\/Danby_(appliances)\"]}]}<\/script>\n<!-- \/ Yoast SEO plugin. -->","yoast_head_json":{"title":"Simplicity 5 pi3 Cong\u00e9lateur - DCFM050A1WSP | Danby Canada","description":"Lorsque l\u2019espace est restreint, inutile de s\u2019en faire, ce cong\u00e9lateur bahut compact sophistiqu\u00e9 ne fait que 33 pouces de largeur et 22 pouces de profondeur, tout en vous fournissant un g\u00e9n\u00e9reux espace d\u2019entreposage de 142 litres (5 pieds cubes). Il peut donc \u00eatre facilement install\u00e9 n\u2019importe o\u00f9 et ses dimensions en font le mod\u00e8le id\u00e9al pour les bureaux, chalets, appartements, copropri\u00e9t\u00e9s, etc. L\u2019op\u00e9ration et l\u2019entretien de l\u2019appareil sont simplifi\u00e9s gr\u00e2ce \u00e0 son syst\u00e8me de d\u00e9givrage manuel, son drain de d\u00e9givrage install\u00e9 en fa\u00e7ade et son rev\u00eatement int\u00e9rieur d\u2019entretien facile. Le caisson et le couvercle arrondi \u00e9conerg\u00e9tiques sont tous deux doubl\u00e9s de mousse isolante, de mani\u00e8re \u00e0 n\u2019avoir qu\u2019une incidence minimale sur vos factures d\u2019\u00e9lectricit\u00e9. Il vous sera facile de trouver vos aliments congel\u00e9s favoris gr\u00e2ce au robuste panier en treillis m\u00e9tallique blanc inclus. Le thermostat m\u00e9canique tr\u00e8s efficace est install\u00e9 sur la fa\u00e7ade, afin d\u2019en simplifier l\u2019usage et sa plage de temp\u00e9rature est comprise entre -12\u00b0C et -25\u00b0C (10,4\u00b0F et -13\u00b0F). Ce mod\u00e8le populaire comporte aussi une garantie sans tracas de 24 mois sur les pi\u00e8ces et la main-d\u2019\u0153uvre, incluant le service \u00e0 domicile. \u00a0","robots":{"index":"index","follow":"follow","max-snippet":"max-snippet:-1","max-image-preview":"max-image-preview:large","max-video-preview":"max-video-preview:-1"},"canonical":"https:\/\/www.danby.com\/fr\/products\/congelateurs\/dcfm050a1wsp\/","og_locale":"fr_CA","og_type":"article","og_title":"Simplicity 5 pi3 Cong\u00e9lateur - DCFM050A1WSP | Danby Canada","og_description":"Lorsque l\u2019espace est restreint, inutile de s\u2019en faire, ce cong\u00e9lateur bahut compact sophistiqu\u00e9 ne fait que 33 pouces de largeur et 22 pouces de profondeur, tout en vous fournissant un g\u00e9n\u00e9reux espace d\u2019entreposage de 142 litres (5 pieds cubes). Il peut donc \u00eatre facilement install\u00e9 n\u2019importe o\u00f9 et ses dimensions en font le mod\u00e8le id\u00e9al pour les bureaux, chalets, appartements, copropri\u00e9t\u00e9s, etc. L\u2019op\u00e9ration et l\u2019entretien de l\u2019appareil sont simplifi\u00e9s gr\u00e2ce \u00e0 son syst\u00e8me de d\u00e9givrage manuel, son drain de d\u00e9givrage install\u00e9 en fa\u00e7ade et son rev\u00eatement int\u00e9rieur d\u2019entretien facile. Le caisson et le couvercle arrondi \u00e9conerg\u00e9tiques sont tous deux doubl\u00e9s de mousse isolante, de mani\u00e8re \u00e0 n\u2019avoir qu\u2019une incidence minimale sur vos factures d\u2019\u00e9lectricit\u00e9. Il vous sera facile de trouver vos aliments congel\u00e9s favoris gr\u00e2ce au robuste panier en treillis m\u00e9tallique blanc inclus. Le thermostat m\u00e9canique tr\u00e8s efficace est install\u00e9 sur la fa\u00e7ade, afin d\u2019en simplifier l\u2019usage et sa plage de temp\u00e9rature est comprise entre -12\u00b0C et -25\u00b0C (10,4\u00b0F et -13\u00b0F). Ce mod\u00e8le populaire comporte aussi une garantie sans tracas de 24 mois sur les pi\u00e8ces et la main-d\u2019\u0153uvre, incluant le service \u00e0 domicile. \u00a0","og_url":"https:\/\/www.danby.com\/fr\/products\/congelateurs\/dcfm050a1wsp\/","og_site_name":"Danby - Canada - French","article_publisher":"https:\/\/www.facebook.com\/DanbyAppliances","article_modified_time":"2026-04-19T10:07:14+00:00","og_image":[{"width":300,"height":272,"url":"https:\/\/cdnweb.danby.com\/wp-content\/uploads\/sites\/2\/2022\/02\/08181233\/Medium-DCFM050A1WSP.jpg","type":"image\/jpeg"}],"twitter_card":"summary_large_image","twitter_site":"@DanbyAppliance","schema":{"@context":"https:\/\/schema.org","@graph":[{"@type":["WebPage","ItemPage"],"url":"https:\/\/www.danby.com\/fr\/products\/congelateurs\/dcfm050a1wsp\/","name":"Simplicity 5 pi3 Cong\u00e9lateur - DCFM050A1WSP | Danby Canada","isPartOf":[],"primaryImageOfPage":[],"image":[],"thumbnailUrl":"https:\/\/cdnweb.danby.com\/wp-content\/uploads\/sites\/2\/2022\/02\/08181233\/Medium-DCFM050A1WSP.jpg","datePublished":"2022-02-03T19:15:05+00:00","dateModified":"2026-04-19T10:07:14+00:00","description":"Lorsque l\u2019espace est restreint, inutile de s\u2019en faire, ce cong\u00e9lateur bahut compact sophistiqu\u00e9 ne fait que 33 pouces de largeur et 22 pouces de profondeur, tout en vous fournissant un g\u00e9n\u00e9reux espace d\u2019entreposage de 142 litres (5 pieds cubes). Il peut donc \u00eatre facilement install\u00e9 n\u2019importe o\u00f9 et ses dimensions en font le mod\u00e8le id\u00e9al pour les bureaux, chalets, appartements, copropri\u00e9t\u00e9s, etc. L\u2019op\u00e9ration et l\u2019entretien de l\u2019appareil sont simplifi\u00e9s gr\u00e2ce \u00e0 son syst\u00e8me de d\u00e9givrage manuel, son drain de d\u00e9givrage install\u00e9 en fa\u00e7ade et son rev\u00eatement int\u00e9rieur d\u2019entretien facile. Le caisson et le couvercle arrondi \u00e9conerg\u00e9tiques sont tous deux doubl\u00e9s de mousse isolante, de mani\u00e8re \u00e0 n\u2019avoir qu\u2019une incidence minimale sur vos factures d\u2019\u00e9lectricit\u00e9. Il vous sera facile de trouver vos aliments congel\u00e9s favoris gr\u00e2ce au robuste panier en treillis m\u00e9tallique blanc inclus. Le thermostat m\u00e9canique tr\u00e8s efficace est install\u00e9 sur la fa\u00e7ade, afin d\u2019en simplifier l\u2019usage et sa plage de temp\u00e9rature est comprise entre -12\u00b0C et -25\u00b0C (10,4\u00b0F et -13\u00b0F). Ce mod\u00e8le populaire comporte aussi une garantie sans tracas de 24 mois sur les pi\u00e8ces et la main-d\u2019\u0153uvre, incluant le service \u00e0 domicile. \u00a0","breadcrumb":[],"inLanguage":"fr-CA","potentialAction":[{"@type":"ReadAction","target":["https:\/\/www.danby.com\/fr\/products\/congelateurs\/dcfm050a1wsp\/"]}]},{"@type":"ImageObject","inLanguage":"fr-CA","url":"https:\/\/cdnweb.danby.com\/wp-content\/uploads\/sites\/2\/2022\/02\/08181233\/Medium-DCFM050A1WSP.jpg","contentUrl":"https:\/\/cdnweb.danby.com\/wp-content\/uploads\/sites\/2\/2022\/02\/08181233\/Medium-DCFM050A1WSP.jpg","width":300,"height":272},{"@type":"BreadcrumbList","itemListElement":[{"@type":"ListItem","position":1,"name":"Home","item":"https:\/\/www.danby.com\/fr\/"},{"@type":"ListItem","position":2,"name":"Boutique","item":"https:\/\/www.danby.com\/fr\/boutique\/"},{"@type":"ListItem","position":3,"name":"Simplicity 5 pi3 Cong\u00e9lateur"}]},{"@type":"WebSite","url":"https:\/\/www.danby.com\/fr\/","name":"Danby - Canada - French","description":"Leader dans le domaine de la r\u00e9frig\u00e9ration et des appareils sp\u00e9cialis\u00e9s","publisher":[],"potentialAction":[{"@type":"SearchAction","target":{"@type":"EntryPoint","urlTemplate":"https:\/\/www.danby.com\/fr\/?s={search_term_string}"},"query-input":{"@type":"PropertyValueSpecification","valueRequired":true,"valueName":"search_term_string"}}],"inLanguage":"fr-CA"},{"@type":"Organization","name":"Danby Appliances","url":"https:\/\/www.danby.com\/fr\/","logo":{"@type":"ImageObject","inLanguage":"fr-CA","url":"https:\/\/cdnweb.danby.com\/wp-content\/uploads\/sites\/2\/2022\/02\/10141906\/Danby75Ans_Blue.png","contentUrl":"https:\/\/cdnweb.danby.com\/wp-content\/uploads\/sites\/2\/2022\/02\/10141906\/Danby75Ans_Blue.png","width":470,"height":110,"caption":"Danby Appliances"},"image":[],"sameAs":["https:\/\/www.facebook.com\/DanbyAppliances","https:\/\/x.com\/DanbyAppliance","https:\/\/instagram.com\/danbyappliances\/","https:\/\/www.linkedin.com\/company\/danbyappliances","https:\/\/www.pinterest.ca\/danbyappliances\/","https:\/\/www.youtube.com\/user\/DanbyProducts","https:\/\/en.wikipedia.org\/wiki\/Danby_(appliances)"]}]}},"post_mailing_queue_ids":[],"_links":{"self":[{"href":"https:\/\/www.danby.com\/fr\/wp-json\/wp\/v2\/product\/4758","targetHints":{"allow":["GET"]}}],"collection":[{"href":"https:\/\/www.danby.com\/fr\/wp-json\/wp\/v2\/product"}],"about":[{"href":"https:\/\/www.danby.com\/fr\/wp-json\/wp\/v2\/types\/product"}],"replies":[{"embeddable":true,"href":"https:\/\/www.danby.com\/fr\/wp-json\/wp\/v2\/comments?post=4758"}],"wp:featuredmedia":[{"embeddable":true,"href":"https:\/\/www.danby.com\/fr\/wp-json\/wp\/v2\/media\/5536"}],"wp:attachment":[{"href":"https:\/\/www.danby.com\/fr\/wp-json\/wp\/v2\/media?parent=4758"}],"wp:term":[{"taxonomy":"product_brand","embeddable":true,"href":"https:\/\/www.danby.com\/fr\/wp-json\/wp\/v2\/product_brand?post=4758"},{"taxonomy":"product_cat","embeddable":true,"href":"https:\/\/www.danby.com\/fr\/wp-json\/wp\/v2\/product_cat?post=4758"},{"taxonomy":"product_tag","embeddable":true,"href":"https:\/\/www.danby.com\/fr\/wp-json\/wp\/v2\/product_tag?post=4758"}],"curies":[{"name":"wp","href":"https:\/\/api.w.org\/{rel}","templated":true}]}}