{"id":4749,"date":"2022-02-03T19:15:05","date_gmt":"2022-02-03T19:15:05","guid":{"rendered":"https:\/\/www.danby.com\/fr\/product\/dcf401w\/"},"modified":"2026-04-21T10:10:50","modified_gmt":"2026-04-21T10:10:50","slug":"dcf401w","status":"publish","type":"product","link":"https:\/\/www.danby.com\/fr\/products\/congelateurs\/dcf401w\/","title":{"rendered":"Danby 3.6 pi3 Cong\u00e9lateur"},"content":{"rendered":"","protected":false},"excerpt":{"rendered":"<ul>\n<li>Cong\u00e9lateur coffre d&#8217;une capacit\u00e9 de 101,9 litres (3,6 pi3)<\/li>\n<li>Cabinet et couvercle \u00e0 isolation en mousse \u00e9conome en \u00e9nergie<\/li>\n<li>D\u00e9givrage manuel<\/li>\n<li>Un panier \u00e0 rev\u00eatement en vinyle<\/li>\n<li>Doublure int\u00e9rieure facile \u00e0 nettoyer<\/li>\n<li>Conception du couvercle arrondi<\/li>\n<li>Drain de d\u00e9givrage<\/li>\n<li>Thermostat m\u00e9canique \u00e0 montage frontal<\/li>\n<\/ul>\n","protected":false},"featured_media":5924,"comment_status":"closed","ping_status":"open","template":"","meta":{"_acf_changed":false},"product_brand":[],"product_cat":[27],"product_tag":[],"class_list":{"0":"post-4749","1":"product","2":"type-product","3":"status-publish","4":"has-post-thumbnail","6":"product_cat-congelateurs","8":"first","9":"outofstock","10":"taxable","11":"shipping-taxable","12":"product-type-simple"},"acf":[],"yoast_head":"<!-- This site is optimized with the Yoast SEO plugin v26.7 - https:\/\/yoast.com\/wordpress\/plugins\/seo\/ -->\n<title>Danby 3.6 pi3 Cong\u00e9lateur - DCF401W | Danby Canada<\/title>\n<meta name=\"description\" content=\"Ce cong\u00e9lateur est le compl\u00e9ment id\u00e9al pour tout type de m\u00e9nage. Vos co\u00fbts d&#039;\u00e9nergie seront r\u00e9duits, gr\u00e2ce \u00e0 la mousse isolante intelligente et efficace qui tapisse le caisson ainsi que le couvercle bomb\u00e9 et le thermostat m\u00e9canique install\u00e9 \u00e0 l\u2019avant de l\u2019appareil vous permet de programmer facilement la temp\u00e9rature d\u00e9sir\u00e9e. Ce cong\u00e9lateur bahut compact ajoutera une touche de classe \u00e0 n&#039;importe quelle pi\u00e8ce, appartement ou copropri\u00e9t\u00e9. Il offre environ 4 pieds cubes d&#039;espace de stockage sans prendre trop de place. Ce mod\u00e8le dispose d&#039;un syst\u00e8me de d\u00e9givrage manuel et de drainage pratiques et il vient avec un panier recouvert de vinyle pour stocker les denr\u00e9es fr\u00e9quemment utilis\u00e9es. Le rev\u00eatement est con\u00e7u pour faciliter le nettoyage et l&#039;ensemble du cong\u00e9lateur b\u00e9n\u00e9ficie d\u2019une garantie d&#039;un an sur les pi\u00e8ces et la main-d\u2019\u0153uvre.\" \/>\n<meta name=\"robots\" content=\"index, follow, max-snippet:-1, max-image-preview:large, max-video-preview:-1\" \/>\n<link rel=\"canonical\" href=\"https:\/\/www.danby.com\/fr\/products\/congelateurs\/dcf401w\/\" \/>\n<meta property=\"og:locale\" content=\"fr_CA\" \/>\n<meta property=\"og:type\" content=\"article\" \/>\n<meta property=\"og:title\" content=\"Danby 3.6 pi3 Cong\u00e9lateur - DCF401W | Danby Canada\" \/>\n<meta property=\"og:description\" content=\"Ce cong\u00e9lateur est le compl\u00e9ment id\u00e9al pour tout type de m\u00e9nage. Vos co\u00fbts d&#039;\u00e9nergie seront r\u00e9duits, gr\u00e2ce \u00e0 la mousse isolante intelligente et efficace qui tapisse le caisson ainsi que le couvercle bomb\u00e9 et le thermostat m\u00e9canique install\u00e9 \u00e0 l\u2019avant de l\u2019appareil vous permet de programmer facilement la temp\u00e9rature d\u00e9sir\u00e9e. Ce cong\u00e9lateur bahut compact ajoutera une touche de classe \u00e0 n&#039;importe quelle pi\u00e8ce, appartement ou copropri\u00e9t\u00e9. Il offre environ 4 pieds cubes d&#039;espace de stockage sans prendre trop de place. Ce mod\u00e8le dispose d&#039;un syst\u00e8me de d\u00e9givrage manuel et de drainage pratiques et il vient avec un panier recouvert de vinyle pour stocker les denr\u00e9es fr\u00e9quemment utilis\u00e9es. Le rev\u00eatement est con\u00e7u pour faciliter le nettoyage et l&#039;ensemble du cong\u00e9lateur b\u00e9n\u00e9ficie d\u2019une garantie d&#039;un an sur les pi\u00e8ces et la main-d\u2019\u0153uvre.\" \/>\n<meta property=\"og:url\" content=\"https:\/\/www.danby.com\/fr\/products\/congelateurs\/dcf401w\/\" \/>\n<meta property=\"og:site_name\" content=\"Danby - Canada - French\" \/>\n<meta property=\"article:publisher\" content=\"https:\/\/www.facebook.com\/DanbyAppliances\" \/>\n<meta property=\"article:modified_time\" content=\"2026-04-21T10:10:50+00:00\" \/>\n<meta property=\"og:image\" content=\"https:\/\/cdnweb.danby.com\/wp-content\/uploads\/sites\/2\/2022\/02\/08182425\/proMed-dcf401w_closed4.jpg\" \/>\n\t<meta property=\"og:image:width\" content=\"303\" \/>\n\t<meta property=\"og:image:height\" content=\"275\" \/>\n\t<meta property=\"og:image:type\" content=\"image\/jpeg\" \/>\n<meta name=\"twitter:card\" content=\"summary_large_image\" \/>\n<meta name=\"twitter:site\" content=\"@DanbyAppliance\" \/>\n<script type=\"application\/ld+json\" class=\"yoast-schema-graph\">{\"@context\":\"https:\/\/schema.org\",\"@graph\":[{\"@type\":[\"WebPage\",\"ItemPage\"],\"url\":\"https:\/\/www.danby.com\/fr\/products\/congelateurs\/dcf401w\/\",\"name\":\"Danby 3.6 pi3 Cong\u00e9lateur - DCF401W | Danby Canada\",\"isPartOf\":[],\"primaryImageOfPage\":[],\"image\":[],\"thumbnailUrl\":\"https:\/\/cdnweb.danby.com\/wp-content\/uploads\/sites\/2\/2022\/02\/08182425\/proMed-dcf401w_closed4.jpg\",\"datePublished\":\"2022-02-03T19:15:05+00:00\",\"dateModified\":\"2026-04-21T10:10:50+00:00\",\"description\":\"Ce cong\u00e9lateur est le compl\u00e9ment id\u00e9al pour tout type de m\u00e9nage. Vos co\u00fbts d'\u00e9nergie seront r\u00e9duits, gr\u00e2ce \u00e0 la mousse isolante intelligente et efficace qui tapisse le caisson ainsi que le couvercle bomb\u00e9 et le thermostat m\u00e9canique install\u00e9 \u00e0 l\u2019avant de l\u2019appareil vous permet de programmer facilement la temp\u00e9rature d\u00e9sir\u00e9e. Ce cong\u00e9lateur bahut compact ajoutera une touche de classe \u00e0 n'importe quelle pi\u00e8ce, appartement ou copropri\u00e9t\u00e9. Il offre environ 4 pieds cubes d'espace de stockage sans prendre trop de place. Ce mod\u00e8le dispose d'un syst\u00e8me de d\u00e9givrage manuel et de drainage pratiques et il vient avec un panier recouvert de vinyle pour stocker les denr\u00e9es fr\u00e9quemment utilis\u00e9es. Le rev\u00eatement est con\u00e7u pour faciliter le nettoyage et l'ensemble du cong\u00e9lateur b\u00e9n\u00e9ficie d\u2019une garantie d'un an sur les pi\u00e8ces et la main-d\u2019\u0153uvre.\",\"breadcrumb\":[],\"inLanguage\":\"fr-CA\",\"potentialAction\":[{\"@type\":\"ReadAction\",\"target\":[\"https:\/\/www.danby.com\/fr\/products\/congelateurs\/dcf401w\/\"]}]},{\"@type\":\"ImageObject\",\"inLanguage\":\"fr-CA\",\"url\":\"https:\/\/cdnweb.danby.com\/wp-content\/uploads\/sites\/2\/2022\/02\/08182425\/proMed-dcf401w_closed4.jpg\",\"contentUrl\":\"https:\/\/cdnweb.danby.com\/wp-content\/uploads\/sites\/2\/2022\/02\/08182425\/proMed-dcf401w_closed4.jpg\",\"width\":303,\"height\":275},{\"@type\":\"BreadcrumbList\",\"itemListElement\":[{\"@type\":\"ListItem\",\"position\":1,\"name\":\"Home\",\"item\":\"https:\/\/www.danby.com\/fr\/\"},{\"@type\":\"ListItem\",\"position\":2,\"name\":\"Boutique\",\"item\":\"https:\/\/www.danby.com\/fr\/boutique\/\"},{\"@type\":\"ListItem\",\"position\":3,\"name\":\"Danby 3.6 pi3 Cong\u00e9lateur\"}]},{\"@type\":\"WebSite\",\"url\":\"https:\/\/www.danby.com\/fr\/\",\"name\":\"Danby - Canada - French\",\"description\":\"Leader dans le domaine de la r\u00e9frig\u00e9ration et des appareils sp\u00e9cialis\u00e9s\",\"publisher\":[],\"potentialAction\":[{\"@type\":\"SearchAction\",\"target\":{\"@type\":\"EntryPoint\",\"urlTemplate\":\"https:\/\/www.danby.com\/fr\/?s={search_term_string}\"},\"query-input\":{\"@type\":\"PropertyValueSpecification\",\"valueRequired\":true,\"valueName\":\"search_term_string\"}}],\"inLanguage\":\"fr-CA\"},{\"@type\":\"Organization\",\"name\":\"Danby Appliances\",\"url\":\"https:\/\/www.danby.com\/fr\/\",\"logo\":{\"@type\":\"ImageObject\",\"inLanguage\":\"fr-CA\",\"url\":\"https:\/\/cdnweb.danby.com\/wp-content\/uploads\/sites\/2\/2022\/02\/10141906\/Danby75Ans_Blue.png\",\"contentUrl\":\"https:\/\/cdnweb.danby.com\/wp-content\/uploads\/sites\/2\/2022\/02\/10141906\/Danby75Ans_Blue.png\",\"width\":470,\"height\":110,\"caption\":\"Danby Appliances\"},\"image\":[],\"sameAs\":[\"https:\/\/www.facebook.com\/DanbyAppliances\",\"https:\/\/x.com\/DanbyAppliance\",\"https:\/\/instagram.com\/danbyappliances\/\",\"https:\/\/www.linkedin.com\/company\/danbyappliances\",\"https:\/\/www.pinterest.ca\/danbyappliances\/\",\"https:\/\/www.youtube.com\/user\/DanbyProducts\",\"https:\/\/en.wikipedia.org\/wiki\/Danby_(appliances)\"]}]}<\/script>\n<!-- \/ Yoast SEO plugin. -->","yoast_head_json":{"title":"Danby 3.6 pi3 Cong\u00e9lateur - DCF401W | Danby Canada","description":"Ce cong\u00e9lateur est le compl\u00e9ment id\u00e9al pour tout type de m\u00e9nage. Vos co\u00fbts d'\u00e9nergie seront r\u00e9duits, gr\u00e2ce \u00e0 la mousse isolante intelligente et efficace qui tapisse le caisson ainsi que le couvercle bomb\u00e9 et le thermostat m\u00e9canique install\u00e9 \u00e0 l\u2019avant de l\u2019appareil vous permet de programmer facilement la temp\u00e9rature d\u00e9sir\u00e9e. Ce cong\u00e9lateur bahut compact ajoutera une touche de classe \u00e0 n'importe quelle pi\u00e8ce, appartement ou copropri\u00e9t\u00e9. Il offre environ 4 pieds cubes d'espace de stockage sans prendre trop de place. Ce mod\u00e8le dispose d'un syst\u00e8me de d\u00e9givrage manuel et de drainage pratiques et il vient avec un panier recouvert de vinyle pour stocker les denr\u00e9es fr\u00e9quemment utilis\u00e9es. Le rev\u00eatement est con\u00e7u pour faciliter le nettoyage et l'ensemble du cong\u00e9lateur b\u00e9n\u00e9ficie d\u2019une garantie d'un an sur les pi\u00e8ces et la main-d\u2019\u0153uvre.","robots":{"index":"index","follow":"follow","max-snippet":"max-snippet:-1","max-image-preview":"max-image-preview:large","max-video-preview":"max-video-preview:-1"},"canonical":"https:\/\/www.danby.com\/fr\/products\/congelateurs\/dcf401w\/","og_locale":"fr_CA","og_type":"article","og_title":"Danby 3.6 pi3 Cong\u00e9lateur - DCF401W | Danby Canada","og_description":"Ce cong\u00e9lateur est le compl\u00e9ment id\u00e9al pour tout type de m\u00e9nage. Vos co\u00fbts d'\u00e9nergie seront r\u00e9duits, gr\u00e2ce \u00e0 la mousse isolante intelligente et efficace qui tapisse le caisson ainsi que le couvercle bomb\u00e9 et le thermostat m\u00e9canique install\u00e9 \u00e0 l\u2019avant de l\u2019appareil vous permet de programmer facilement la temp\u00e9rature d\u00e9sir\u00e9e. Ce cong\u00e9lateur bahut compact ajoutera une touche de classe \u00e0 n'importe quelle pi\u00e8ce, appartement ou copropri\u00e9t\u00e9. Il offre environ 4 pieds cubes d'espace de stockage sans prendre trop de place. Ce mod\u00e8le dispose d'un syst\u00e8me de d\u00e9givrage manuel et de drainage pratiques et il vient avec un panier recouvert de vinyle pour stocker les denr\u00e9es fr\u00e9quemment utilis\u00e9es. Le rev\u00eatement est con\u00e7u pour faciliter le nettoyage et l'ensemble du cong\u00e9lateur b\u00e9n\u00e9ficie d\u2019une garantie d'un an sur les pi\u00e8ces et la main-d\u2019\u0153uvre.","og_url":"https:\/\/www.danby.com\/fr\/products\/congelateurs\/dcf401w\/","og_site_name":"Danby - Canada - French","article_publisher":"https:\/\/www.facebook.com\/DanbyAppliances","article_modified_time":"2026-04-21T10:10:50+00:00","og_image":[{"width":303,"height":275,"url":"https:\/\/cdnweb.danby.com\/wp-content\/uploads\/sites\/2\/2022\/02\/08182425\/proMed-dcf401w_closed4.jpg","type":"image\/jpeg"}],"twitter_card":"summary_large_image","twitter_site":"@DanbyAppliance","schema":{"@context":"https:\/\/schema.org","@graph":[{"@type":["WebPage","ItemPage"],"url":"https:\/\/www.danby.com\/fr\/products\/congelateurs\/dcf401w\/","name":"Danby 3.6 pi3 Cong\u00e9lateur - DCF401W | Danby Canada","isPartOf":[],"primaryImageOfPage":[],"image":[],"thumbnailUrl":"https:\/\/cdnweb.danby.com\/wp-content\/uploads\/sites\/2\/2022\/02\/08182425\/proMed-dcf401w_closed4.jpg","datePublished":"2022-02-03T19:15:05+00:00","dateModified":"2026-04-21T10:10:50+00:00","description":"Ce cong\u00e9lateur est le compl\u00e9ment id\u00e9al pour tout type de m\u00e9nage. Vos co\u00fbts d'\u00e9nergie seront r\u00e9duits, gr\u00e2ce \u00e0 la mousse isolante intelligente et efficace qui tapisse le caisson ainsi que le couvercle bomb\u00e9 et le thermostat m\u00e9canique install\u00e9 \u00e0 l\u2019avant de l\u2019appareil vous permet de programmer facilement la temp\u00e9rature d\u00e9sir\u00e9e. Ce cong\u00e9lateur bahut compact ajoutera une touche de classe \u00e0 n'importe quelle pi\u00e8ce, appartement ou copropri\u00e9t\u00e9. Il offre environ 4 pieds cubes d'espace de stockage sans prendre trop de place. Ce mod\u00e8le dispose d'un syst\u00e8me de d\u00e9givrage manuel et de drainage pratiques et il vient avec un panier recouvert de vinyle pour stocker les denr\u00e9es fr\u00e9quemment utilis\u00e9es. Le rev\u00eatement est con\u00e7u pour faciliter le nettoyage et l'ensemble du cong\u00e9lateur b\u00e9n\u00e9ficie d\u2019une garantie d'un an sur les pi\u00e8ces et la main-d\u2019\u0153uvre.","breadcrumb":[],"inLanguage":"fr-CA","potentialAction":[{"@type":"ReadAction","target":["https:\/\/www.danby.com\/fr\/products\/congelateurs\/dcf401w\/"]}]},{"@type":"ImageObject","inLanguage":"fr-CA","url":"https:\/\/cdnweb.danby.com\/wp-content\/uploads\/sites\/2\/2022\/02\/08182425\/proMed-dcf401w_closed4.jpg","contentUrl":"https:\/\/cdnweb.danby.com\/wp-content\/uploads\/sites\/2\/2022\/02\/08182425\/proMed-dcf401w_closed4.jpg","width":303,"height":275},{"@type":"BreadcrumbList","itemListElement":[{"@type":"ListItem","position":1,"name":"Home","item":"https:\/\/www.danby.com\/fr\/"},{"@type":"ListItem","position":2,"name":"Boutique","item":"https:\/\/www.danby.com\/fr\/boutique\/"},{"@type":"ListItem","position":3,"name":"Danby 3.6 pi3 Cong\u00e9lateur"}]},{"@type":"WebSite","url":"https:\/\/www.danby.com\/fr\/","name":"Danby - Canada - French","description":"Leader dans le domaine de la r\u00e9frig\u00e9ration et des appareils sp\u00e9cialis\u00e9s","publisher":[],"potentialAction":[{"@type":"SearchAction","target":{"@type":"EntryPoint","urlTemplate":"https:\/\/www.danby.com\/fr\/?s={search_term_string}"},"query-input":{"@type":"PropertyValueSpecification","valueRequired":true,"valueName":"search_term_string"}}],"inLanguage":"fr-CA"},{"@type":"Organization","name":"Danby Appliances","url":"https:\/\/www.danby.com\/fr\/","logo":{"@type":"ImageObject","inLanguage":"fr-CA","url":"https:\/\/cdnweb.danby.com\/wp-content\/uploads\/sites\/2\/2022\/02\/10141906\/Danby75Ans_Blue.png","contentUrl":"https:\/\/cdnweb.danby.com\/wp-content\/uploads\/sites\/2\/2022\/02\/10141906\/Danby75Ans_Blue.png","width":470,"height":110,"caption":"Danby Appliances"},"image":[],"sameAs":["https:\/\/www.facebook.com\/DanbyAppliances","https:\/\/x.com\/DanbyAppliance","https:\/\/instagram.com\/danbyappliances\/","https:\/\/www.linkedin.com\/company\/danbyappliances","https:\/\/www.pinterest.ca\/danbyappliances\/","https:\/\/www.youtube.com\/user\/DanbyProducts","https:\/\/en.wikipedia.org\/wiki\/Danby_(appliances)"]}]}},"post_mailing_queue_ids":[],"_links":{"self":[{"href":"https:\/\/www.danby.com\/fr\/wp-json\/wp\/v2\/product\/4749","targetHints":{"allow":["GET"]}}],"collection":[{"href":"https:\/\/www.danby.com\/fr\/wp-json\/wp\/v2\/product"}],"about":[{"href":"https:\/\/www.danby.com\/fr\/wp-json\/wp\/v2\/types\/product"}],"replies":[{"embeddable":true,"href":"https:\/\/www.danby.com\/fr\/wp-json\/wp\/v2\/comments?post=4749"}],"wp:featuredmedia":[{"embeddable":true,"href":"https:\/\/www.danby.com\/fr\/wp-json\/wp\/v2\/media\/5924"}],"wp:attachment":[{"href":"https:\/\/www.danby.com\/fr\/wp-json\/wp\/v2\/media?parent=4749"}],"wp:term":[{"taxonomy":"product_brand","embeddable":true,"href":"https:\/\/www.danby.com\/fr\/wp-json\/wp\/v2\/product_brand?post=4749"},{"taxonomy":"product_cat","embeddable":true,"href":"https:\/\/www.danby.com\/fr\/wp-json\/wp\/v2\/product_cat?post=4749"},{"taxonomy":"product_tag","embeddable":true,"href":"https:\/\/www.danby.com\/fr\/wp-json\/wp\/v2\/product_tag?post=4749"}],"curies":[{"name":"wp","href":"https:\/\/api.w.org\/{rel}","templated":true}]}}