{"id":4748,"date":"2022-02-03T19:15:05","date_gmt":"2022-02-03T19:15:05","guid":{"rendered":"https:\/\/www.danby.com\/fr\/product\/dcf145a3wdb\/"},"modified":"2026-04-08T10:06:10","modified_gmt":"2026-04-08T10:06:10","slug":"dcf145a3wdb","status":"publish","type":"product","link":"https:\/\/www.danby.com\/fr\/products\/congelateurs\/dcf145a3wdb\/","title":{"rendered":"Danby Cong\u00e9lateur coffre de 14,5 pi3 en Blanc"},"content":{"rendered":"","protected":false},"excerpt":{"rendered":"<ul>\n<li>Cong\u00e9lateur coffre de grande capacit\u00e9 (14,5 pi3) convenant aux familles de quatre personnes ou plus<\/li>\n<li>D\u00e9givrage manuel avec drain de d\u00e9givrage mont\u00e9 \u00e0 l&#8217;avant<\/li>\n<li>Pr\u00eat pour le garage : Le cong\u00e9lateur peut fonctionner \u00e0 des temp\u00e9ratures allant de  0\u00b0F \u00e0 110\u00b0F (-17\u00b0C \u00e0 43\u00b0C).<\/li>\n<li>Thermostat \u00e0 montage frontal avec t\u00e9moin lumineux de mise sous tension<\/li>\n<li>La conception \u00e9conome en \u00e9nergie maintient des temp\u00e9ratures de cong\u00e9lation optimales de 10,4 \u00b0F \u00e0 -11 \u00b0F (-12 \u00b0C \u00e0 -24 \u00b0C)<\/li>\n<li>Deux paniers en fil m\u00e9tallique r\u00e9sistant et un s\u00e9parateur de compartiment en fil m\u00e9tallique<\/li>\n<li>Mont\u00e9 sur des rouleaux<\/li>\n<li>Lumi\u00e8re blanche int\u00e9rieure LED \u00e0 faible consommation d&#8217;\u00e9nergie<\/li>\n<li>Int\u00e9rieur en aluminium durable avec coins arrondis pour un nettoyage facile<\/li>\n<\/ul>\n","protected":false},"featured_media":35094,"comment_status":"closed","ping_status":"closed","template":"","meta":{"_acf_changed":false},"product_brand":[],"product_cat":[27],"product_tag":[],"class_list":{"0":"post-4748","1":"product","2":"type-product","3":"status-publish","4":"has-post-thumbnail","6":"product_cat-congelateurs","8":"first","9":"instock","10":"taxable","11":"shipping-taxable","12":"purchasable","13":"product-type-simple"},"acf":[],"yoast_head":"<!-- This site is optimized with the Yoast SEO plugin v26.7 - https:\/\/yoast.com\/wordpress\/plugins\/seo\/ -->\n<title>Danby Cong\u00e9lateur coffre de 14,5 pi3 en Blanc - DCF145A3WDB | Danby Canada<\/title>\n<meta name=\"description\" content=\"Si vous \u00eates \u00e0 la recherche d&#039;un cong\u00e9lateur coffre d&#039;une capacit\u00e9 de 412 litres, vous trouverez ce mod\u00e8le parmi les plus populaires. Il offre un espace de stockage \u00e9norme. Cet appareil est dot\u00e9 d&#039;un couvercle et d&#039;une armoire isol\u00e9s et \u00e9conomes en \u00e9nergie, qui sont \u00e9galement r\u00e9sistants aux \u00e9raflures. Il y a deux paniers de rangement pour vos aliments pr\u00e9f\u00e9r\u00e9s et le rev\u00eatement int\u00e9rieur est con\u00e7u pour un nettoyage facile. Le thermostat \u00e0 montage frontal est une unit\u00e9 \u00e0 plusieurs positions et un drain de d\u00e9givrage pratique est \u00e9galement fourni. Ce mod\u00e8le blanc attrayant b\u00e9n\u00e9ficie \u00e9galement d&#039;une garantie de 5 ans sur les pi\u00e8ces et la main d&#039;\u0153uvre.\" \/>\n<meta name=\"robots\" content=\"index, follow, max-snippet:-1, max-image-preview:large, max-video-preview:-1\" \/>\n<link rel=\"canonical\" href=\"https:\/\/www.danby.com\/fr\/products\/congelateurs\/dcf145a3wdb\/\" \/>\n<meta property=\"og:locale\" content=\"fr_CA\" \/>\n<meta property=\"og:type\" content=\"article\" \/>\n<meta property=\"og:title\" content=\"Danby Cong\u00e9lateur coffre de 14,5 pi3 en Blanc - DCF145A3WDB | Danby Canada\" \/>\n<meta property=\"og:description\" content=\"Si vous \u00eates \u00e0 la recherche d&#039;un cong\u00e9lateur coffre d&#039;une capacit\u00e9 de 412 litres, vous trouverez ce mod\u00e8le parmi les plus populaires. Il offre un espace de stockage \u00e9norme. Cet appareil est dot\u00e9 d&#039;un couvercle et d&#039;une armoire isol\u00e9s et \u00e9conomes en \u00e9nergie, qui sont \u00e9galement r\u00e9sistants aux \u00e9raflures. Il y a deux paniers de rangement pour vos aliments pr\u00e9f\u00e9r\u00e9s et le rev\u00eatement int\u00e9rieur est con\u00e7u pour un nettoyage facile. Le thermostat \u00e0 montage frontal est une unit\u00e9 \u00e0 plusieurs positions et un drain de d\u00e9givrage pratique est \u00e9galement fourni. Ce mod\u00e8le blanc attrayant b\u00e9n\u00e9ficie \u00e9galement d&#039;une garantie de 5 ans sur les pi\u00e8ces et la main d&#039;\u0153uvre.\" \/>\n<meta property=\"og:url\" content=\"https:\/\/www.danby.com\/fr\/products\/congelateurs\/dcf145a3wdb\/\" \/>\n<meta property=\"og:site_name\" content=\"Danby - Canada - French\" \/>\n<meta property=\"article:publisher\" content=\"https:\/\/www.facebook.com\/DanbyAppliances\" \/>\n<meta property=\"article:modified_time\" content=\"2026-04-08T10:06:10+00:00\" \/>\n<meta property=\"og:image\" content=\"https:\/\/cdnweb.danby.com\/wp-content\/uploads\/sites\/2\/2023\/11\/22143804\/Thumbnail__0037_DCF145A3WDB.jpg\" \/>\n\t<meta property=\"og:image:width\" content=\"1125\" \/>\n\t<meta property=\"og:image:height\" content=\"1500\" \/>\n\t<meta property=\"og:image:type\" content=\"image\/jpeg\" \/>\n<meta name=\"twitter:card\" content=\"summary_large_image\" \/>\n<meta name=\"twitter:site\" content=\"@DanbyAppliance\" \/>\n<script type=\"application\/ld+json\" class=\"yoast-schema-graph\">{\"@context\":\"https:\/\/schema.org\",\"@graph\":[{\"@type\":[\"WebPage\",\"ItemPage\"],\"url\":\"https:\/\/www.danby.com\/fr\/products\/congelateurs\/dcf145a3wdb\/\",\"name\":\"Danby Cong\u00e9lateur coffre de 14,5 pi3 en Blanc - DCF145A3WDB | Danby Canada\",\"isPartOf\":[],\"primaryImageOfPage\":[],\"image\":[],\"thumbnailUrl\":\"https:\/\/www.danby.com\/fr\/wp-content\/uploads\/sites\/2\/2025\/09\/dcf145a3wdb-front.jpg\",\"datePublished\":\"2022-02-03T19:15:05+00:00\",\"dateModified\":\"2026-04-08T10:06:10+00:00\",\"description\":\"Si vous \u00eates \u00e0 la recherche d'un cong\u00e9lateur coffre d'une capacit\u00e9 de 412 litres, vous trouverez ce mod\u00e8le parmi les plus populaires. Il offre un espace de stockage \u00e9norme. Cet appareil est dot\u00e9 d'un couvercle et d'une armoire isol\u00e9s et \u00e9conomes en \u00e9nergie, qui sont \u00e9galement r\u00e9sistants aux \u00e9raflures. Il y a deux paniers de rangement pour vos aliments pr\u00e9f\u00e9r\u00e9s et le rev\u00eatement int\u00e9rieur est con\u00e7u pour un nettoyage facile. Le thermostat \u00e0 montage frontal est une unit\u00e9 \u00e0 plusieurs positions et un drain de d\u00e9givrage pratique est \u00e9galement fourni. Ce mod\u00e8le blanc attrayant b\u00e9n\u00e9ficie \u00e9galement d'une garantie de 5 ans sur les pi\u00e8ces et la main d'\u0153uvre.\",\"breadcrumb\":[],\"inLanguage\":\"fr-CA\",\"potentialAction\":[{\"@type\":\"ReadAction\",\"target\":[\"https:\/\/www.danby.com\/fr\/products\/congelateurs\/dcf145a3wdb\/\"]}]},{\"@type\":\"ImageObject\",\"inLanguage\":\"fr-CA\",\"url\":\"https:\/\/www.danby.com\/fr\/wp-content\/uploads\/sites\/2\/2025\/09\/dcf145a3wdb-front.jpg\",\"contentUrl\":\"https:\/\/www.danby.com\/fr\/wp-content\/uploads\/sites\/2\/2025\/09\/dcf145a3wdb-front.jpg\",\"width\":810,\"height\":1080},{\"@type\":\"BreadcrumbList\",\"itemListElement\":[{\"@type\":\"ListItem\",\"position\":1,\"name\":\"Home\",\"item\":\"https:\/\/www.danby.com\/fr\/\"},{\"@type\":\"ListItem\",\"position\":2,\"name\":\"Boutique\",\"item\":\"https:\/\/www.danby.com\/fr\/boutique\/\"},{\"@type\":\"ListItem\",\"position\":3,\"name\":\"Danby Cong\u00e9lateur coffre de 14,5 pi3 en Blanc\"}]},{\"@type\":\"WebSite\",\"url\":\"https:\/\/www.danby.com\/fr\/\",\"name\":\"Danby - Canada - French\",\"description\":\"Leader dans le domaine de la r\u00e9frig\u00e9ration et des appareils sp\u00e9cialis\u00e9s\",\"publisher\":[],\"potentialAction\":[{\"@type\":\"SearchAction\",\"target\":{\"@type\":\"EntryPoint\",\"urlTemplate\":\"https:\/\/www.danby.com\/fr\/?s={search_term_string}\"},\"query-input\":{\"@type\":\"PropertyValueSpecification\",\"valueRequired\":true,\"valueName\":\"search_term_string\"}}],\"inLanguage\":\"fr-CA\"},{\"@type\":\"Organization\",\"name\":\"Danby Appliances\",\"url\":\"https:\/\/www.danby.com\/fr\/\",\"logo\":{\"@type\":\"ImageObject\",\"inLanguage\":\"fr-CA\",\"url\":\"https:\/\/cdnweb.danby.com\/wp-content\/uploads\/sites\/2\/2022\/02\/10141906\/Danby75Ans_Blue.png\",\"contentUrl\":\"https:\/\/cdnweb.danby.com\/wp-content\/uploads\/sites\/2\/2022\/02\/10141906\/Danby75Ans_Blue.png\",\"width\":470,\"height\":110,\"caption\":\"Danby Appliances\"},\"image\":[],\"sameAs\":[\"https:\/\/www.facebook.com\/DanbyAppliances\",\"https:\/\/x.com\/DanbyAppliance\",\"https:\/\/instagram.com\/danbyappliances\/\",\"https:\/\/www.linkedin.com\/company\/danbyappliances\",\"https:\/\/www.pinterest.ca\/danbyappliances\/\",\"https:\/\/www.youtube.com\/user\/DanbyProducts\",\"https:\/\/en.wikipedia.org\/wiki\/Danby_(appliances)\"]}]}<\/script>\n<!-- \/ Yoast SEO plugin. -->","yoast_head_json":{"title":"Danby Cong\u00e9lateur coffre de 14,5 pi3 en Blanc - DCF145A3WDB | Danby Canada","description":"Si vous \u00eates \u00e0 la recherche d'un cong\u00e9lateur coffre d'une capacit\u00e9 de 412 litres, vous trouverez ce mod\u00e8le parmi les plus populaires. Il offre un espace de stockage \u00e9norme. Cet appareil est dot\u00e9 d'un couvercle et d'une armoire isol\u00e9s et \u00e9conomes en \u00e9nergie, qui sont \u00e9galement r\u00e9sistants aux \u00e9raflures. Il y a deux paniers de rangement pour vos aliments pr\u00e9f\u00e9r\u00e9s et le rev\u00eatement int\u00e9rieur est con\u00e7u pour un nettoyage facile. Le thermostat \u00e0 montage frontal est une unit\u00e9 \u00e0 plusieurs positions et un drain de d\u00e9givrage pratique est \u00e9galement fourni. Ce mod\u00e8le blanc attrayant b\u00e9n\u00e9ficie \u00e9galement d'une garantie de 5 ans sur les pi\u00e8ces et la main d'\u0153uvre.","robots":{"index":"index","follow":"follow","max-snippet":"max-snippet:-1","max-image-preview":"max-image-preview:large","max-video-preview":"max-video-preview:-1"},"canonical":"https:\/\/www.danby.com\/fr\/products\/congelateurs\/dcf145a3wdb\/","og_locale":"fr_CA","og_type":"article","og_title":"Danby Cong\u00e9lateur coffre de 14,5 pi3 en Blanc - DCF145A3WDB | Danby Canada","og_description":"Si vous \u00eates \u00e0 la recherche d'un cong\u00e9lateur coffre d'une capacit\u00e9 de 412 litres, vous trouverez ce mod\u00e8le parmi les plus populaires. Il offre un espace de stockage \u00e9norme. Cet appareil est dot\u00e9 d'un couvercle et d'une armoire isol\u00e9s et \u00e9conomes en \u00e9nergie, qui sont \u00e9galement r\u00e9sistants aux \u00e9raflures. Il y a deux paniers de rangement pour vos aliments pr\u00e9f\u00e9r\u00e9s et le rev\u00eatement int\u00e9rieur est con\u00e7u pour un nettoyage facile. Le thermostat \u00e0 montage frontal est une unit\u00e9 \u00e0 plusieurs positions et un drain de d\u00e9givrage pratique est \u00e9galement fourni. Ce mod\u00e8le blanc attrayant b\u00e9n\u00e9ficie \u00e9galement d'une garantie de 5 ans sur les pi\u00e8ces et la main d'\u0153uvre.","og_url":"https:\/\/www.danby.com\/fr\/products\/congelateurs\/dcf145a3wdb\/","og_site_name":"Danby - Canada - French","article_publisher":"https:\/\/www.facebook.com\/DanbyAppliances","article_modified_time":"2026-04-08T10:06:10+00:00","og_image":[{"width":1125,"height":1500,"url":"https:\/\/cdnweb.danby.com\/wp-content\/uploads\/sites\/2\/2023\/11\/22143804\/Thumbnail__0037_DCF145A3WDB.jpg","type":"image\/jpeg"}],"twitter_card":"summary_large_image","twitter_site":"@DanbyAppliance","schema":{"@context":"https:\/\/schema.org","@graph":[{"@type":["WebPage","ItemPage"],"url":"https:\/\/www.danby.com\/fr\/products\/congelateurs\/dcf145a3wdb\/","name":"Danby Cong\u00e9lateur coffre de 14,5 pi3 en Blanc - DCF145A3WDB | Danby Canada","isPartOf":[],"primaryImageOfPage":[],"image":[],"thumbnailUrl":"https:\/\/www.danby.com\/fr\/wp-content\/uploads\/sites\/2\/2025\/09\/dcf145a3wdb-front.jpg","datePublished":"2022-02-03T19:15:05+00:00","dateModified":"2026-04-08T10:06:10+00:00","description":"Si vous \u00eates \u00e0 la recherche d'un cong\u00e9lateur coffre d'une capacit\u00e9 de 412 litres, vous trouverez ce mod\u00e8le parmi les plus populaires. Il offre un espace de stockage \u00e9norme. Cet appareil est dot\u00e9 d'un couvercle et d'une armoire isol\u00e9s et \u00e9conomes en \u00e9nergie, qui sont \u00e9galement r\u00e9sistants aux \u00e9raflures. Il y a deux paniers de rangement pour vos aliments pr\u00e9f\u00e9r\u00e9s et le rev\u00eatement int\u00e9rieur est con\u00e7u pour un nettoyage facile. Le thermostat \u00e0 montage frontal est une unit\u00e9 \u00e0 plusieurs positions et un drain de d\u00e9givrage pratique est \u00e9galement fourni. Ce mod\u00e8le blanc attrayant b\u00e9n\u00e9ficie \u00e9galement d'une garantie de 5 ans sur les pi\u00e8ces et la main d'\u0153uvre.","breadcrumb":[],"inLanguage":"fr-CA","potentialAction":[{"@type":"ReadAction","target":["https:\/\/www.danby.com\/fr\/products\/congelateurs\/dcf145a3wdb\/"]}]},{"@type":"ImageObject","inLanguage":"fr-CA","url":"https:\/\/www.danby.com\/fr\/wp-content\/uploads\/sites\/2\/2025\/09\/dcf145a3wdb-front.jpg","contentUrl":"https:\/\/www.danby.com\/fr\/wp-content\/uploads\/sites\/2\/2025\/09\/dcf145a3wdb-front.jpg","width":810,"height":1080},{"@type":"BreadcrumbList","itemListElement":[{"@type":"ListItem","position":1,"name":"Home","item":"https:\/\/www.danby.com\/fr\/"},{"@type":"ListItem","position":2,"name":"Boutique","item":"https:\/\/www.danby.com\/fr\/boutique\/"},{"@type":"ListItem","position":3,"name":"Danby Cong\u00e9lateur coffre de 14,5 pi3 en Blanc"}]},{"@type":"WebSite","url":"https:\/\/www.danby.com\/fr\/","name":"Danby - Canada - French","description":"Leader dans le domaine de la r\u00e9frig\u00e9ration et des appareils sp\u00e9cialis\u00e9s","publisher":[],"potentialAction":[{"@type":"SearchAction","target":{"@type":"EntryPoint","urlTemplate":"https:\/\/www.danby.com\/fr\/?s={search_term_string}"},"query-input":{"@type":"PropertyValueSpecification","valueRequired":true,"valueName":"search_term_string"}}],"inLanguage":"fr-CA"},{"@type":"Organization","name":"Danby Appliances","url":"https:\/\/www.danby.com\/fr\/","logo":{"@type":"ImageObject","inLanguage":"fr-CA","url":"https:\/\/cdnweb.danby.com\/wp-content\/uploads\/sites\/2\/2022\/02\/10141906\/Danby75Ans_Blue.png","contentUrl":"https:\/\/cdnweb.danby.com\/wp-content\/uploads\/sites\/2\/2022\/02\/10141906\/Danby75Ans_Blue.png","width":470,"height":110,"caption":"Danby Appliances"},"image":[],"sameAs":["https:\/\/www.facebook.com\/DanbyAppliances","https:\/\/x.com\/DanbyAppliance","https:\/\/instagram.com\/danbyappliances\/","https:\/\/www.linkedin.com\/company\/danbyappliances","https:\/\/www.pinterest.ca\/danbyappliances\/","https:\/\/www.youtube.com\/user\/DanbyProducts","https:\/\/en.wikipedia.org\/wiki\/Danby_(appliances)"]}]}},"post_mailing_queue_ids":[],"_links":{"self":[{"href":"https:\/\/www.danby.com\/fr\/wp-json\/wp\/v2\/product\/4748","targetHints":{"allow":["GET"]}}],"collection":[{"href":"https:\/\/www.danby.com\/fr\/wp-json\/wp\/v2\/product"}],"about":[{"href":"https:\/\/www.danby.com\/fr\/wp-json\/wp\/v2\/types\/product"}],"replies":[{"embeddable":true,"href":"https:\/\/www.danby.com\/fr\/wp-json\/wp\/v2\/comments?post=4748"}],"wp:featuredmedia":[{"embeddable":true,"href":"https:\/\/www.danby.com\/fr\/wp-json\/wp\/v2\/media\/35094"}],"wp:attachment":[{"href":"https:\/\/www.danby.com\/fr\/wp-json\/wp\/v2\/media?parent=4748"}],"wp:term":[{"taxonomy":"product_brand","embeddable":true,"href":"https:\/\/www.danby.com\/fr\/wp-json\/wp\/v2\/product_brand?post=4748"},{"taxonomy":"product_cat","embeddable":true,"href":"https:\/\/www.danby.com\/fr\/wp-json\/wp\/v2\/product_cat?post=4748"},{"taxonomy":"product_tag","embeddable":true,"href":"https:\/\/www.danby.com\/fr\/wp-json\/wp\/v2\/product_tag?post=4748"}],"curies":[{"name":"wp","href":"https:\/\/api.w.org\/{rel}","templated":true}]}}