{"id":4747,"date":"2022-02-03T19:15:05","date_gmt":"2022-02-03T19:15:05","guid":{"rendered":"https:\/\/www.danby.com\/fr\/product\/dcf145a1wdd\/"},"modified":"2026-04-15T10:06:06","modified_gmt":"2026-04-15T10:06:06","slug":"dcf145a1wdd","status":"publish","type":"product","link":"https:\/\/www.danby.com\/fr\/products\/congelateurs\/dcf145a1wdd\/","title":{"rendered":"Danby Designer 14.50 pi3 Cong\u00e9lateur"},"content":{"rendered":"","protected":false},"excerpt":{"rendered":"<ul>\n<li>Vaste cong\u00e9lateur bahut d&#8217;une capacit\u00e9 de 14,5 pieds cubes, convenant aux familles de quatre personnes ou plus<\/li>\n<li>Syst\u00e8me de d\u00e9givrage manuel pourvu d&#8217;un pratique tuyau d&#8217;\u00e9coulement install\u00e9 \u00e0 l&#8217;avant<\/li>\n<li>Thermostat install\u00e9 \u00e0 l&#8217;avant et muni d&#8217;un voyant d&#8217;alimentation<\/li>\n<li>Conception \u00e9conerg\u00e9tique permettant le maintien de temp\u00e9ratures de cong\u00e9lation optimales allant de -12\u00b0C (10\u00b0F) \u00e0 -25\u00b0C ( -13\u00b0F)<\/li>\n<li>Deux robustes paniers en treillis m\u00e9tallique et un s\u00e9parateur de compartiment de fil m\u00e9tallique<\/li>\n<li>Roulettes int\u00e9gr\u00e9es<\/li>\n<li>Couvercle s\u00e9curitaire pourvu d&#8217;une serrure int\u00e9gr\u00e9e<\/li>\n<li>Syst\u00e8me d&#8217;\u00e9clairage int\u00e9rieur \u00e9conerg\u00e9tique \u00e0 DEL blanche<\/li>\n<li>Rev\u00eatement int\u00e9rieur d&#8217;aluminium r\u00e9sistant avec coins arrondis facilitant le nettoyage<\/li>\n<\/ul>\n","protected":false},"featured_media":8443,"comment_status":"closed","ping_status":"open","template":"","meta":{"_acf_changed":false},"product_brand":[],"product_cat":[27],"product_tag":[],"class_list":{"0":"post-4747","1":"product","2":"type-product","3":"status-publish","4":"has-post-thumbnail","6":"product_cat-congelateurs","8":"first","9":"outofstock","10":"taxable","11":"shipping-taxable","12":"product-type-simple"},"acf":[],"yoast_head":"<!-- This site is optimized with the Yoast SEO plugin v26.7 - https:\/\/yoast.com\/wordpress\/plugins\/seo\/ -->\n<title>Danby Designer 14.50 pi3 Cong\u00e9lateur - DCF145A1WDD | Danby Canada<\/title>\n<meta name=\"description\" content=\"Si vous \u00eates \u00e0 la recherche d\u2019un grand cong\u00e9lateur bahut d\u2019une capacit\u00e9 de 14,5 pieds cubes (412 litres), nul doute que ce populaire mod\u00e8le saura vous satisfaire. Il dispose d&#039;un gigantesque espace de stockage. Cette unit\u00e9 dispose d&#039;un couvercle isol\u00e9 efficacit\u00e9 \u00e9nerg\u00e9tique et le cabinet qui sont \u00e9galement r\u00e9sistants aux \u00e9raflures . Il y a deux paniers de rangement pour vos aliments pr\u00e9f\u00e9r\u00e9s et le rev\u00eatement int\u00e9rieur est con\u00e7u pour \u00eatre simple \u00e0 nettoyer. L\u2019appareil est \u00e9quip\u00e9 d\u2019un thermostat multi-positions et d\u2019un drainage de d\u00e9givrage pratique. L&#039;appareil peut \u00eatre s\u00e9curis\u00e9 gr\u00e2ce \u00e0 sa serrure \u00e0 pression. Cet attrayant mod\u00e8le blanc comprend \u00e9galement une garantie de 18 mois sur les pi\u00e8ces et la main d&#039;\u0153uvre.\" \/>\n<meta name=\"robots\" content=\"index, follow, max-snippet:-1, max-image-preview:large, max-video-preview:-1\" \/>\n<link rel=\"canonical\" href=\"https:\/\/www.danby.com\/fr\/products\/congelateurs\/dcf145a1wdd\/\" \/>\n<meta property=\"og:locale\" content=\"fr_CA\" \/>\n<meta property=\"og:type\" content=\"article\" \/>\n<meta property=\"og:title\" content=\"Danby Designer 14.50 pi3 Cong\u00e9lateur - DCF145A1WDD | Danby Canada\" \/>\n<meta property=\"og:description\" content=\"Si vous \u00eates \u00e0 la recherche d\u2019un grand cong\u00e9lateur bahut d\u2019une capacit\u00e9 de 14,5 pieds cubes (412 litres), nul doute que ce populaire mod\u00e8le saura vous satisfaire. Il dispose d&#039;un gigantesque espace de stockage. Cette unit\u00e9 dispose d&#039;un couvercle isol\u00e9 efficacit\u00e9 \u00e9nerg\u00e9tique et le cabinet qui sont \u00e9galement r\u00e9sistants aux \u00e9raflures . Il y a deux paniers de rangement pour vos aliments pr\u00e9f\u00e9r\u00e9s et le rev\u00eatement int\u00e9rieur est con\u00e7u pour \u00eatre simple \u00e0 nettoyer. L\u2019appareil est \u00e9quip\u00e9 d\u2019un thermostat multi-positions et d\u2019un drainage de d\u00e9givrage pratique. L&#039;appareil peut \u00eatre s\u00e9curis\u00e9 gr\u00e2ce \u00e0 sa serrure \u00e0 pression. Cet attrayant mod\u00e8le blanc comprend \u00e9galement une garantie de 18 mois sur les pi\u00e8ces et la main d&#039;\u0153uvre.\" \/>\n<meta property=\"og:url\" content=\"https:\/\/www.danby.com\/fr\/products\/congelateurs\/dcf145a1wdd\/\" \/>\n<meta property=\"og:site_name\" content=\"Danby - Canada - French\" \/>\n<meta property=\"article:publisher\" content=\"https:\/\/www.facebook.com\/DanbyAppliances\" \/>\n<meta property=\"article:modified_time\" content=\"2026-04-15T10:06:06+00:00\" \/>\n<meta property=\"og:image\" content=\"https:\/\/cdnweb.danby.com\/wp-content\/uploads\/sites\/2\/2022\/02\/08204528\/DCF145A1WDD_HighAngle_Right.jpg\" \/>\n\t<meta property=\"og:image:width\" content=\"1954\" \/>\n\t<meta property=\"og:image:height\" content=\"1500\" \/>\n\t<meta property=\"og:image:type\" content=\"image\/jpeg\" \/>\n<meta name=\"twitter:card\" content=\"summary_large_image\" \/>\n<meta name=\"twitter:site\" content=\"@DanbyAppliance\" \/>\n<script type=\"application\/ld+json\" class=\"yoast-schema-graph\">{\"@context\":\"https:\/\/schema.org\",\"@graph\":[{\"@type\":[\"WebPage\",\"ItemPage\"],\"url\":\"https:\/\/www.danby.com\/fr\/products\/congelateurs\/dcf145a1wdd\/\",\"name\":\"Danby Designer 14.50 pi3 Cong\u00e9lateur - DCF145A1WDD | Danby Canada\",\"isPartOf\":[],\"primaryImageOfPage\":[],\"image\":[],\"thumbnailUrl\":\"https:\/\/cdnweb.danby.com\/wp-content\/uploads\/sites\/2\/2022\/02\/08204528\/DCF145A1WDD_HighAngle_Right.jpg\",\"datePublished\":\"2022-02-03T19:15:05+00:00\",\"dateModified\":\"2026-04-15T10:06:06+00:00\",\"description\":\"Si vous \u00eates \u00e0 la recherche d\u2019un grand cong\u00e9lateur bahut d\u2019une capacit\u00e9 de 14,5 pieds cubes (412 litres), nul doute que ce populaire mod\u00e8le saura vous satisfaire. Il dispose d'un gigantesque espace de stockage. Cette unit\u00e9 dispose d'un couvercle isol\u00e9 efficacit\u00e9 \u00e9nerg\u00e9tique et le cabinet qui sont \u00e9galement r\u00e9sistants aux \u00e9raflures . Il y a deux paniers de rangement pour vos aliments pr\u00e9f\u00e9r\u00e9s et le rev\u00eatement int\u00e9rieur est con\u00e7u pour \u00eatre simple \u00e0 nettoyer. L\u2019appareil est \u00e9quip\u00e9 d\u2019un thermostat multi-positions et d\u2019un drainage de d\u00e9givrage pratique. L'appareil peut \u00eatre s\u00e9curis\u00e9 gr\u00e2ce \u00e0 sa serrure \u00e0 pression. Cet attrayant mod\u00e8le blanc comprend \u00e9galement une garantie de 18 mois sur les pi\u00e8ces et la main d'\u0153uvre.\",\"breadcrumb\":[],\"inLanguage\":\"fr-CA\",\"potentialAction\":[{\"@type\":\"ReadAction\",\"target\":[\"https:\/\/www.danby.com\/fr\/products\/congelateurs\/dcf145a1wdd\/\"]}]},{\"@type\":\"ImageObject\",\"inLanguage\":\"fr-CA\",\"url\":\"https:\/\/cdnweb.danby.com\/wp-content\/uploads\/sites\/2\/2022\/02\/08204528\/DCF145A1WDD_HighAngle_Right.jpg\",\"contentUrl\":\"https:\/\/cdnweb.danby.com\/wp-content\/uploads\/sites\/2\/2022\/02\/08204528\/DCF145A1WDD_HighAngle_Right.jpg\",\"width\":1954,\"height\":1500},{\"@type\":\"BreadcrumbList\",\"itemListElement\":[{\"@type\":\"ListItem\",\"position\":1,\"name\":\"Home\",\"item\":\"https:\/\/www.danby.com\/fr\/\"},{\"@type\":\"ListItem\",\"position\":2,\"name\":\"Boutique\",\"item\":\"https:\/\/www.danby.com\/fr\/boutique\/\"},{\"@type\":\"ListItem\",\"position\":3,\"name\":\"Danby Designer 14.50 pi3 Cong\u00e9lateur\"}]},{\"@type\":\"WebSite\",\"url\":\"https:\/\/www.danby.com\/fr\/\",\"name\":\"Danby - Canada - French\",\"description\":\"Leader dans le domaine de la r\u00e9frig\u00e9ration et des appareils sp\u00e9cialis\u00e9s\",\"publisher\":[],\"potentialAction\":[{\"@type\":\"SearchAction\",\"target\":{\"@type\":\"EntryPoint\",\"urlTemplate\":\"https:\/\/www.danby.com\/fr\/?s={search_term_string}\"},\"query-input\":{\"@type\":\"PropertyValueSpecification\",\"valueRequired\":true,\"valueName\":\"search_term_string\"}}],\"inLanguage\":\"fr-CA\"},{\"@type\":\"Organization\",\"name\":\"Danby Appliances\",\"url\":\"https:\/\/www.danby.com\/fr\/\",\"logo\":{\"@type\":\"ImageObject\",\"inLanguage\":\"fr-CA\",\"url\":\"https:\/\/cdnweb.danby.com\/wp-content\/uploads\/sites\/2\/2022\/02\/10141906\/Danby75Ans_Blue.png\",\"contentUrl\":\"https:\/\/cdnweb.danby.com\/wp-content\/uploads\/sites\/2\/2022\/02\/10141906\/Danby75Ans_Blue.png\",\"width\":470,\"height\":110,\"caption\":\"Danby Appliances\"},\"image\":[],\"sameAs\":[\"https:\/\/www.facebook.com\/DanbyAppliances\",\"https:\/\/x.com\/DanbyAppliance\",\"https:\/\/instagram.com\/danbyappliances\/\",\"https:\/\/www.linkedin.com\/company\/danbyappliances\",\"https:\/\/www.pinterest.ca\/danbyappliances\/\",\"https:\/\/www.youtube.com\/user\/DanbyProducts\",\"https:\/\/en.wikipedia.org\/wiki\/Danby_(appliances)\"]}]}<\/script>\n<!-- \/ Yoast SEO plugin. -->","yoast_head_json":{"title":"Danby Designer 14.50 pi3 Cong\u00e9lateur - DCF145A1WDD | Danby Canada","description":"Si vous \u00eates \u00e0 la recherche d\u2019un grand cong\u00e9lateur bahut d\u2019une capacit\u00e9 de 14,5 pieds cubes (412 litres), nul doute que ce populaire mod\u00e8le saura vous satisfaire. Il dispose d'un gigantesque espace de stockage. Cette unit\u00e9 dispose d'un couvercle isol\u00e9 efficacit\u00e9 \u00e9nerg\u00e9tique et le cabinet qui sont \u00e9galement r\u00e9sistants aux \u00e9raflures . Il y a deux paniers de rangement pour vos aliments pr\u00e9f\u00e9r\u00e9s et le rev\u00eatement int\u00e9rieur est con\u00e7u pour \u00eatre simple \u00e0 nettoyer. L\u2019appareil est \u00e9quip\u00e9 d\u2019un thermostat multi-positions et d\u2019un drainage de d\u00e9givrage pratique. L'appareil peut \u00eatre s\u00e9curis\u00e9 gr\u00e2ce \u00e0 sa serrure \u00e0 pression. Cet attrayant mod\u00e8le blanc comprend \u00e9galement une garantie de 18 mois sur les pi\u00e8ces et la main d'\u0153uvre.","robots":{"index":"index","follow":"follow","max-snippet":"max-snippet:-1","max-image-preview":"max-image-preview:large","max-video-preview":"max-video-preview:-1"},"canonical":"https:\/\/www.danby.com\/fr\/products\/congelateurs\/dcf145a1wdd\/","og_locale":"fr_CA","og_type":"article","og_title":"Danby Designer 14.50 pi3 Cong\u00e9lateur - DCF145A1WDD | Danby Canada","og_description":"Si vous \u00eates \u00e0 la recherche d\u2019un grand cong\u00e9lateur bahut d\u2019une capacit\u00e9 de 14,5 pieds cubes (412 litres), nul doute que ce populaire mod\u00e8le saura vous satisfaire. Il dispose d'un gigantesque espace de stockage. Cette unit\u00e9 dispose d'un couvercle isol\u00e9 efficacit\u00e9 \u00e9nerg\u00e9tique et le cabinet qui sont \u00e9galement r\u00e9sistants aux \u00e9raflures . Il y a deux paniers de rangement pour vos aliments pr\u00e9f\u00e9r\u00e9s et le rev\u00eatement int\u00e9rieur est con\u00e7u pour \u00eatre simple \u00e0 nettoyer. L\u2019appareil est \u00e9quip\u00e9 d\u2019un thermostat multi-positions et d\u2019un drainage de d\u00e9givrage pratique. L'appareil peut \u00eatre s\u00e9curis\u00e9 gr\u00e2ce \u00e0 sa serrure \u00e0 pression. Cet attrayant mod\u00e8le blanc comprend \u00e9galement une garantie de 18 mois sur les pi\u00e8ces et la main d'\u0153uvre.","og_url":"https:\/\/www.danby.com\/fr\/products\/congelateurs\/dcf145a1wdd\/","og_site_name":"Danby - Canada - French","article_publisher":"https:\/\/www.facebook.com\/DanbyAppliances","article_modified_time":"2026-04-15T10:06:06+00:00","og_image":[{"width":1954,"height":1500,"url":"https:\/\/cdnweb.danby.com\/wp-content\/uploads\/sites\/2\/2022\/02\/08204528\/DCF145A1WDD_HighAngle_Right.jpg","type":"image\/jpeg"}],"twitter_card":"summary_large_image","twitter_site":"@DanbyAppliance","schema":{"@context":"https:\/\/schema.org","@graph":[{"@type":["WebPage","ItemPage"],"url":"https:\/\/www.danby.com\/fr\/products\/congelateurs\/dcf145a1wdd\/","name":"Danby Designer 14.50 pi3 Cong\u00e9lateur - DCF145A1WDD | Danby Canada","isPartOf":[],"primaryImageOfPage":[],"image":[],"thumbnailUrl":"https:\/\/cdnweb.danby.com\/wp-content\/uploads\/sites\/2\/2022\/02\/08204528\/DCF145A1WDD_HighAngle_Right.jpg","datePublished":"2022-02-03T19:15:05+00:00","dateModified":"2026-04-15T10:06:06+00:00","description":"Si vous \u00eates \u00e0 la recherche d\u2019un grand cong\u00e9lateur bahut d\u2019une capacit\u00e9 de 14,5 pieds cubes (412 litres), nul doute que ce populaire mod\u00e8le saura vous satisfaire. Il dispose d'un gigantesque espace de stockage. Cette unit\u00e9 dispose d'un couvercle isol\u00e9 efficacit\u00e9 \u00e9nerg\u00e9tique et le cabinet qui sont \u00e9galement r\u00e9sistants aux \u00e9raflures . Il y a deux paniers de rangement pour vos aliments pr\u00e9f\u00e9r\u00e9s et le rev\u00eatement int\u00e9rieur est con\u00e7u pour \u00eatre simple \u00e0 nettoyer. L\u2019appareil est \u00e9quip\u00e9 d\u2019un thermostat multi-positions et d\u2019un drainage de d\u00e9givrage pratique. L'appareil peut \u00eatre s\u00e9curis\u00e9 gr\u00e2ce \u00e0 sa serrure \u00e0 pression. Cet attrayant mod\u00e8le blanc comprend \u00e9galement une garantie de 18 mois sur les pi\u00e8ces et la main d'\u0153uvre.","breadcrumb":[],"inLanguage":"fr-CA","potentialAction":[{"@type":"ReadAction","target":["https:\/\/www.danby.com\/fr\/products\/congelateurs\/dcf145a1wdd\/"]}]},{"@type":"ImageObject","inLanguage":"fr-CA","url":"https:\/\/cdnweb.danby.com\/wp-content\/uploads\/sites\/2\/2022\/02\/08204528\/DCF145A1WDD_HighAngle_Right.jpg","contentUrl":"https:\/\/cdnweb.danby.com\/wp-content\/uploads\/sites\/2\/2022\/02\/08204528\/DCF145A1WDD_HighAngle_Right.jpg","width":1954,"height":1500},{"@type":"BreadcrumbList","itemListElement":[{"@type":"ListItem","position":1,"name":"Home","item":"https:\/\/www.danby.com\/fr\/"},{"@type":"ListItem","position":2,"name":"Boutique","item":"https:\/\/www.danby.com\/fr\/boutique\/"},{"@type":"ListItem","position":3,"name":"Danby Designer 14.50 pi3 Cong\u00e9lateur"}]},{"@type":"WebSite","url":"https:\/\/www.danby.com\/fr\/","name":"Danby - Canada - French","description":"Leader dans le domaine de la r\u00e9frig\u00e9ration et des appareils sp\u00e9cialis\u00e9s","publisher":[],"potentialAction":[{"@type":"SearchAction","target":{"@type":"EntryPoint","urlTemplate":"https:\/\/www.danby.com\/fr\/?s={search_term_string}"},"query-input":{"@type":"PropertyValueSpecification","valueRequired":true,"valueName":"search_term_string"}}],"inLanguage":"fr-CA"},{"@type":"Organization","name":"Danby Appliances","url":"https:\/\/www.danby.com\/fr\/","logo":{"@type":"ImageObject","inLanguage":"fr-CA","url":"https:\/\/cdnweb.danby.com\/wp-content\/uploads\/sites\/2\/2022\/02\/10141906\/Danby75Ans_Blue.png","contentUrl":"https:\/\/cdnweb.danby.com\/wp-content\/uploads\/sites\/2\/2022\/02\/10141906\/Danby75Ans_Blue.png","width":470,"height":110,"caption":"Danby Appliances"},"image":[],"sameAs":["https:\/\/www.facebook.com\/DanbyAppliances","https:\/\/x.com\/DanbyAppliance","https:\/\/instagram.com\/danbyappliances\/","https:\/\/www.linkedin.com\/company\/danbyappliances","https:\/\/www.pinterest.ca\/danbyappliances\/","https:\/\/www.youtube.com\/user\/DanbyProducts","https:\/\/en.wikipedia.org\/wiki\/Danby_(appliances)"]}]}},"post_mailing_queue_ids":[],"_links":{"self":[{"href":"https:\/\/www.danby.com\/fr\/wp-json\/wp\/v2\/product\/4747","targetHints":{"allow":["GET"]}}],"collection":[{"href":"https:\/\/www.danby.com\/fr\/wp-json\/wp\/v2\/product"}],"about":[{"href":"https:\/\/www.danby.com\/fr\/wp-json\/wp\/v2\/types\/product"}],"replies":[{"embeddable":true,"href":"https:\/\/www.danby.com\/fr\/wp-json\/wp\/v2\/comments?post=4747"}],"wp:featuredmedia":[{"embeddable":true,"href":"https:\/\/www.danby.com\/fr\/wp-json\/wp\/v2\/media\/8443"}],"wp:attachment":[{"href":"https:\/\/www.danby.com\/fr\/wp-json\/wp\/v2\/media?parent=4747"}],"wp:term":[{"taxonomy":"product_brand","embeddable":true,"href":"https:\/\/www.danby.com\/fr\/wp-json\/wp\/v2\/product_brand?post=4747"},{"taxonomy":"product_cat","embeddable":true,"href":"https:\/\/www.danby.com\/fr\/wp-json\/wp\/v2\/product_cat?post=4747"},{"taxonomy":"product_tag","embeddable":true,"href":"https:\/\/www.danby.com\/fr\/wp-json\/wp\/v2\/product_tag?post=4747"}],"curies":[{"name":"wp","href":"https:\/\/api.w.org\/{rel}","templated":true}]}}