{"id":4744,"date":"2022-02-03T19:14:52","date_gmt":"2022-02-03T19:14:52","guid":{"rendered":"https:\/\/www.danby.com\/fr\/product\/dcf087b1wm\/"},"modified":"2026-04-12T10:05:03","modified_gmt":"2026-04-12T10:05:03","slug":"dcf087b1wm","status":"publish","type":"product","link":"https:\/\/www.danby.com\/fr\/products\/congelateurs\/dcf087b1wm\/","title":{"rendered":"Cong\u00e9lateur coffre Danby de 8,7 pi3 en blanc"},"content":{"rendered":"","protected":false},"excerpt":{"rendered":"<ul>\n<li>Capacit\u00e9 de 8,7 pi3 (246 L) : Stockez davantage de vos aliments surgel\u00e9s pr\u00e9f\u00e9r\u00e9s et maximisez le stockage des aliments en vrac.<\/li>\n<li>Conforme au DOE : Efficacit\u00e9 \u00e9nerg\u00e9tique pour vous aider \u00e0 \u00e9conomiser de l&#8217;argent<\/li>\n<li>Pr\u00eat pour le garage : le cong\u00e9lateur peut fonctionner \u00e0 des temp\u00e9ratures allant de 0\u00b0F \u00e0 110\u00b0F (-17\u00b0C \u00e0 43\u00b0C)<\/li>\n<li>Thermostat m\u00e9canique : Facile \u00e0 utiliser pour r\u00e9gler la plage de temp\u00e9rature variable<\/li>\n<li>Panier de rangement en fil m\u00e9tallique : 1 panier de rangement en fil m\u00e9tallique r\u00e9glable pour les petits objets fr\u00e9quemment utilis\u00e9s.<\/li>\n<li>D\u00e9givrage manuel : Le drain mont\u00e9 \u00e0 l&#8217;avant permet une \u00e9vacuation facile pendant le d\u00e9givrage manuel.<\/li>\n<li>T\u00e9moin lumineux d&#8217;alimentation : vous permet de savoir que votre cong\u00e9lateur fonctionne.<\/li>\n<li>Pieds de mise \u00e0 niveau r\u00e9glables : Permet une installation facile sur des sols irr\u00e9guliers<\/li>\n<li>Garantie de 12 mois sur les pi\u00e8ces et la main d&#8217;\u0153uvre avec le service de portage.<\/li>\n<\/ul>\n","protected":false},"featured_media":25713,"comment_status":"closed","ping_status":"open","template":"","meta":{"_acf_changed":false},"product_brand":[],"product_cat":[27],"product_tag":[],"class_list":{"0":"post-4744","1":"product","2":"type-product","3":"status-publish","4":"has-post-thumbnail","6":"product_cat-congelateurs","8":"first","9":"outofstock","10":"taxable","11":"shipping-taxable","12":"product-type-simple"},"acf":[],"yoast_head":"<!-- This site is optimized with the Yoast SEO plugin v26.7 - https:\/\/yoast.com\/wordpress\/plugins\/seo\/ -->\n<title>Cong\u00e9lateur coffre Danby de 8,7 pi3 en blanc - DCF087B1WM | Danby Canada<\/title>\n<meta name=\"description\" content=\"Ajoutez un espace de stockage suppl\u00e9mentaire pour les articles m\u00e9nagers congel\u00e9s en vrac avec ce cong\u00e9lateur coffre de Danby Diplomat, id\u00e9al pour un sous-sol, une cuisine ou un garage. La conception de ce petit cong\u00e9lateur occupe un minimum d&#039;espace. Ce mod\u00e8le est pr\u00eat pour le garage et peut fonctionner \u00e0 des temp\u00e9ratures de 0\u00b0F \u00e0 110\u00b0F (-17\u00b0C \u00e0 43\u00b0C). Profitez d&#039;un espace de cong\u00e9lation g\u00e9n\u00e9reux de 8,7 pieds cubes (246 L), ce qui en fait la capacit\u00e9 parfaite pour les couples et les petites familles. Ce mod\u00e8le est une plainte DOE qui vous permet d&#039;\u00e9conomiser de l&#039;\u00e9nergie et de l&#039;argent. Un thermostat m\u00e9canique est situ\u00e9 \u00e0 l&#039;avant pour plus de commodit\u00e9, et le drain est \u00e9galement mont\u00e9 \u00e0 l&#039;avant, ce qui rend le processus de d\u00e9givrage rapide et facile. Il est \u00e9quip\u00e9 d&#039;un t\u00e9moin lumineux de mise sous tension pour vous indiquer que votre cong\u00e9lateur fonctionne en continu. En outre, tous vos petits aliments fr\u00e9quents peuvent \u00eatre rang\u00e9s pr\u00e8s du sommet gr\u00e2ce \u00e0 un panier de rangement, ce qui permet de garder vos plats congel\u00e9s pr\u00e9f\u00e9r\u00e9s accessibles et organis\u00e9s.\" \/>\n<meta name=\"robots\" content=\"index, follow, max-snippet:-1, max-image-preview:large, max-video-preview:-1\" \/>\n<link rel=\"canonical\" href=\"https:\/\/www.danby.com\/fr\/products\/congelateurs\/dcf087b1wm\/\" \/>\n<meta property=\"og:locale\" content=\"fr_CA\" \/>\n<meta property=\"og:type\" content=\"article\" \/>\n<meta property=\"og:title\" content=\"Cong\u00e9lateur coffre Danby de 8,7 pi3 en blanc - DCF087B1WM | Danby Canada\" \/>\n<meta property=\"og:description\" content=\"Ajoutez un espace de stockage suppl\u00e9mentaire pour les articles m\u00e9nagers congel\u00e9s en vrac avec ce cong\u00e9lateur coffre de Danby Diplomat, id\u00e9al pour un sous-sol, une cuisine ou un garage. La conception de ce petit cong\u00e9lateur occupe un minimum d&#039;espace. Ce mod\u00e8le est pr\u00eat pour le garage et peut fonctionner \u00e0 des temp\u00e9ratures de 0\u00b0F \u00e0 110\u00b0F (-17\u00b0C \u00e0 43\u00b0C). Profitez d&#039;un espace de cong\u00e9lation g\u00e9n\u00e9reux de 8,7 pieds cubes (246 L), ce qui en fait la capacit\u00e9 parfaite pour les couples et les petites familles. Ce mod\u00e8le est une plainte DOE qui vous permet d&#039;\u00e9conomiser de l&#039;\u00e9nergie et de l&#039;argent. Un thermostat m\u00e9canique est situ\u00e9 \u00e0 l&#039;avant pour plus de commodit\u00e9, et le drain est \u00e9galement mont\u00e9 \u00e0 l&#039;avant, ce qui rend le processus de d\u00e9givrage rapide et facile. Il est \u00e9quip\u00e9 d&#039;un t\u00e9moin lumineux de mise sous tension pour vous indiquer que votre cong\u00e9lateur fonctionne en continu. En outre, tous vos petits aliments fr\u00e9quents peuvent \u00eatre rang\u00e9s pr\u00e8s du sommet gr\u00e2ce \u00e0 un panier de rangement, ce qui permet de garder vos plats congel\u00e9s pr\u00e9f\u00e9r\u00e9s accessibles et organis\u00e9s.\" \/>\n<meta property=\"og:url\" content=\"https:\/\/www.danby.com\/fr\/products\/congelateurs\/dcf087b1wm\/\" \/>\n<meta property=\"og:site_name\" content=\"Danby - Canada - French\" \/>\n<meta property=\"article:publisher\" content=\"https:\/\/www.facebook.com\/DanbyAppliances\" \/>\n<meta property=\"article:modified_time\" content=\"2026-04-12T10:05:03+00:00\" \/>\n<meta property=\"og:image\" content=\"https:\/\/cdnweb.danby.com\/wp-content\/uploads\/sites\/2\/2023\/07\/04170721\/DCF087B1WM_Right-scaled-1.jpg\" \/>\n\t<meta property=\"og:image:width\" content=\"1500\" \/>\n\t<meta property=\"og:image:height\" content=\"2000\" \/>\n\t<meta property=\"og:image:type\" content=\"image\/jpeg\" \/>\n<meta name=\"twitter:card\" content=\"summary_large_image\" \/>\n<meta name=\"twitter:site\" content=\"@DanbyAppliance\" \/>\n<script type=\"application\/ld+json\" class=\"yoast-schema-graph\">{\"@context\":\"https:\/\/schema.org\",\"@graph\":[{\"@type\":[\"WebPage\",\"ItemPage\"],\"url\":\"https:\/\/www.danby.com\/fr\/products\/congelateurs\/dcf087b1wm\/\",\"name\":\"Cong\u00e9lateur coffre Danby de 8,7 pi3 en blanc - DCF087B1WM | Danby Canada\",\"isPartOf\":[],\"primaryImageOfPage\":[],\"image\":[],\"thumbnailUrl\":\"https:\/\/cdnweb.danby.com\/wp-content\/uploads\/sites\/2\/2023\/11\/22144243\/Thumbnail__0032_DCF087B1WM.jpg\",\"datePublished\":\"2022-02-03T19:14:52+00:00\",\"dateModified\":\"2026-04-12T10:05:03+00:00\",\"description\":\"Ajoutez un espace de stockage suppl\u00e9mentaire pour les articles m\u00e9nagers congel\u00e9s en vrac avec ce cong\u00e9lateur coffre de Danby Diplomat, id\u00e9al pour un sous-sol, une cuisine ou un garage. La conception de ce petit cong\u00e9lateur occupe un minimum d'espace. Ce mod\u00e8le est pr\u00eat pour le garage et peut fonctionner \u00e0 des temp\u00e9ratures de 0\u00b0F \u00e0 110\u00b0F (-17\u00b0C \u00e0 43\u00b0C). Profitez d'un espace de cong\u00e9lation g\u00e9n\u00e9reux de 8,7 pieds cubes (246 L), ce qui en fait la capacit\u00e9 parfaite pour les couples et les petites familles. Ce mod\u00e8le est une plainte DOE qui vous permet d'\u00e9conomiser de l'\u00e9nergie et de l'argent. Un thermostat m\u00e9canique est situ\u00e9 \u00e0 l'avant pour plus de commodit\u00e9, et le drain est \u00e9galement mont\u00e9 \u00e0 l'avant, ce qui rend le processus de d\u00e9givrage rapide et facile. Il est \u00e9quip\u00e9 d'un t\u00e9moin lumineux de mise sous tension pour vous indiquer que votre cong\u00e9lateur fonctionne en continu. En outre, tous vos petits aliments fr\u00e9quents peuvent \u00eatre rang\u00e9s pr\u00e8s du sommet gr\u00e2ce \u00e0 un panier de rangement, ce qui permet de garder vos plats congel\u00e9s pr\u00e9f\u00e9r\u00e9s accessibles et organis\u00e9s.\",\"breadcrumb\":[],\"inLanguage\":\"fr-CA\",\"potentialAction\":[{\"@type\":\"ReadAction\",\"target\":[\"https:\/\/www.danby.com\/fr\/products\/congelateurs\/dcf087b1wm\/\"]}]},{\"@type\":\"ImageObject\",\"inLanguage\":\"fr-CA\",\"url\":\"https:\/\/cdnweb.danby.com\/wp-content\/uploads\/sites\/2\/2023\/11\/22144243\/Thumbnail__0032_DCF087B1WM.jpg\",\"contentUrl\":\"https:\/\/cdnweb.danby.com\/wp-content\/uploads\/sites\/2\/2023\/11\/22144243\/Thumbnail__0032_DCF087B1WM.jpg\",\"width\":1125,\"height\":1500},{\"@type\":\"BreadcrumbList\",\"itemListElement\":[{\"@type\":\"ListItem\",\"position\":1,\"name\":\"Home\",\"item\":\"https:\/\/www.danby.com\/fr\/\"},{\"@type\":\"ListItem\",\"position\":2,\"name\":\"Boutique\",\"item\":\"https:\/\/www.danby.com\/fr\/boutique\/\"},{\"@type\":\"ListItem\",\"position\":3,\"name\":\"Cong\u00e9lateur coffre Danby de 8,7 pi3 en blanc\"}]},{\"@type\":\"WebSite\",\"url\":\"https:\/\/www.danby.com\/fr\/\",\"name\":\"Danby - Canada - French\",\"description\":\"Leader dans le domaine de la r\u00e9frig\u00e9ration et des appareils sp\u00e9cialis\u00e9s\",\"publisher\":[],\"potentialAction\":[{\"@type\":\"SearchAction\",\"target\":{\"@type\":\"EntryPoint\",\"urlTemplate\":\"https:\/\/www.danby.com\/fr\/?s={search_term_string}\"},\"query-input\":{\"@type\":\"PropertyValueSpecification\",\"valueRequired\":true,\"valueName\":\"search_term_string\"}}],\"inLanguage\":\"fr-CA\"},{\"@type\":\"Organization\",\"name\":\"Danby Appliances\",\"url\":\"https:\/\/www.danby.com\/fr\/\",\"logo\":{\"@type\":\"ImageObject\",\"inLanguage\":\"fr-CA\",\"url\":\"https:\/\/cdnweb.danby.com\/wp-content\/uploads\/sites\/2\/2022\/02\/10141906\/Danby75Ans_Blue.png\",\"contentUrl\":\"https:\/\/cdnweb.danby.com\/wp-content\/uploads\/sites\/2\/2022\/02\/10141906\/Danby75Ans_Blue.png\",\"width\":470,\"height\":110,\"caption\":\"Danby Appliances\"},\"image\":[],\"sameAs\":[\"https:\/\/www.facebook.com\/DanbyAppliances\",\"https:\/\/x.com\/DanbyAppliance\",\"https:\/\/instagram.com\/danbyappliances\/\",\"https:\/\/www.linkedin.com\/company\/danbyappliances\",\"https:\/\/www.pinterest.ca\/danbyappliances\/\",\"https:\/\/www.youtube.com\/user\/DanbyProducts\",\"https:\/\/en.wikipedia.org\/wiki\/Danby_(appliances)\"]}]}<\/script>\n<!-- \/ Yoast SEO plugin. -->","yoast_head_json":{"title":"Cong\u00e9lateur coffre Danby de 8,7 pi3 en blanc - DCF087B1WM | Danby Canada","description":"Ajoutez un espace de stockage suppl\u00e9mentaire pour les articles m\u00e9nagers congel\u00e9s en vrac avec ce cong\u00e9lateur coffre de Danby Diplomat, id\u00e9al pour un sous-sol, une cuisine ou un garage. La conception de ce petit cong\u00e9lateur occupe un minimum d'espace. Ce mod\u00e8le est pr\u00eat pour le garage et peut fonctionner \u00e0 des temp\u00e9ratures de 0\u00b0F \u00e0 110\u00b0F (-17\u00b0C \u00e0 43\u00b0C). Profitez d'un espace de cong\u00e9lation g\u00e9n\u00e9reux de 8,7 pieds cubes (246 L), ce qui en fait la capacit\u00e9 parfaite pour les couples et les petites familles. Ce mod\u00e8le est une plainte DOE qui vous permet d'\u00e9conomiser de l'\u00e9nergie et de l'argent. Un thermostat m\u00e9canique est situ\u00e9 \u00e0 l'avant pour plus de commodit\u00e9, et le drain est \u00e9galement mont\u00e9 \u00e0 l'avant, ce qui rend le processus de d\u00e9givrage rapide et facile. Il est \u00e9quip\u00e9 d'un t\u00e9moin lumineux de mise sous tension pour vous indiquer que votre cong\u00e9lateur fonctionne en continu. En outre, tous vos petits aliments fr\u00e9quents peuvent \u00eatre rang\u00e9s pr\u00e8s du sommet gr\u00e2ce \u00e0 un panier de rangement, ce qui permet de garder vos plats congel\u00e9s pr\u00e9f\u00e9r\u00e9s accessibles et organis\u00e9s.","robots":{"index":"index","follow":"follow","max-snippet":"max-snippet:-1","max-image-preview":"max-image-preview:large","max-video-preview":"max-video-preview:-1"},"canonical":"https:\/\/www.danby.com\/fr\/products\/congelateurs\/dcf087b1wm\/","og_locale":"fr_CA","og_type":"article","og_title":"Cong\u00e9lateur coffre Danby de 8,7 pi3 en blanc - DCF087B1WM | Danby Canada","og_description":"Ajoutez un espace de stockage suppl\u00e9mentaire pour les articles m\u00e9nagers congel\u00e9s en vrac avec ce cong\u00e9lateur coffre de Danby Diplomat, id\u00e9al pour un sous-sol, une cuisine ou un garage. La conception de ce petit cong\u00e9lateur occupe un minimum d'espace. Ce mod\u00e8le est pr\u00eat pour le garage et peut fonctionner \u00e0 des temp\u00e9ratures de 0\u00b0F \u00e0 110\u00b0F (-17\u00b0C \u00e0 43\u00b0C). Profitez d'un espace de cong\u00e9lation g\u00e9n\u00e9reux de 8,7 pieds cubes (246 L), ce qui en fait la capacit\u00e9 parfaite pour les couples et les petites familles. Ce mod\u00e8le est une plainte DOE qui vous permet d'\u00e9conomiser de l'\u00e9nergie et de l'argent. Un thermostat m\u00e9canique est situ\u00e9 \u00e0 l'avant pour plus de commodit\u00e9, et le drain est \u00e9galement mont\u00e9 \u00e0 l'avant, ce qui rend le processus de d\u00e9givrage rapide et facile. Il est \u00e9quip\u00e9 d'un t\u00e9moin lumineux de mise sous tension pour vous indiquer que votre cong\u00e9lateur fonctionne en continu. En outre, tous vos petits aliments fr\u00e9quents peuvent \u00eatre rang\u00e9s pr\u00e8s du sommet gr\u00e2ce \u00e0 un panier de rangement, ce qui permet de garder vos plats congel\u00e9s pr\u00e9f\u00e9r\u00e9s accessibles et organis\u00e9s.","og_url":"https:\/\/www.danby.com\/fr\/products\/congelateurs\/dcf087b1wm\/","og_site_name":"Danby - Canada - French","article_publisher":"https:\/\/www.facebook.com\/DanbyAppliances","article_modified_time":"2026-04-12T10:05:03+00:00","og_image":[{"width":1500,"height":2000,"url":"https:\/\/cdnweb.danby.com\/wp-content\/uploads\/sites\/2\/2023\/07\/04170721\/DCF087B1WM_Right-scaled-1.jpg","type":"image\/jpeg"}],"twitter_card":"summary_large_image","twitter_site":"@DanbyAppliance","schema":{"@context":"https:\/\/schema.org","@graph":[{"@type":["WebPage","ItemPage"],"url":"https:\/\/www.danby.com\/fr\/products\/congelateurs\/dcf087b1wm\/","name":"Cong\u00e9lateur coffre Danby de 8,7 pi3 en blanc - DCF087B1WM | Danby Canada","isPartOf":[],"primaryImageOfPage":[],"image":[],"thumbnailUrl":"https:\/\/cdnweb.danby.com\/wp-content\/uploads\/sites\/2\/2023\/11\/22144243\/Thumbnail__0032_DCF087B1WM.jpg","datePublished":"2022-02-03T19:14:52+00:00","dateModified":"2026-04-12T10:05:03+00:00","description":"Ajoutez un espace de stockage suppl\u00e9mentaire pour les articles m\u00e9nagers congel\u00e9s en vrac avec ce cong\u00e9lateur coffre de Danby Diplomat, id\u00e9al pour un sous-sol, une cuisine ou un garage. La conception de ce petit cong\u00e9lateur occupe un minimum d'espace. Ce mod\u00e8le est pr\u00eat pour le garage et peut fonctionner \u00e0 des temp\u00e9ratures de 0\u00b0F \u00e0 110\u00b0F (-17\u00b0C \u00e0 43\u00b0C). Profitez d'un espace de cong\u00e9lation g\u00e9n\u00e9reux de 8,7 pieds cubes (246 L), ce qui en fait la capacit\u00e9 parfaite pour les couples et les petites familles. Ce mod\u00e8le est une plainte DOE qui vous permet d'\u00e9conomiser de l'\u00e9nergie et de l'argent. Un thermostat m\u00e9canique est situ\u00e9 \u00e0 l'avant pour plus de commodit\u00e9, et le drain est \u00e9galement mont\u00e9 \u00e0 l'avant, ce qui rend le processus de d\u00e9givrage rapide et facile. Il est \u00e9quip\u00e9 d'un t\u00e9moin lumineux de mise sous tension pour vous indiquer que votre cong\u00e9lateur fonctionne en continu. En outre, tous vos petits aliments fr\u00e9quents peuvent \u00eatre rang\u00e9s pr\u00e8s du sommet gr\u00e2ce \u00e0 un panier de rangement, ce qui permet de garder vos plats congel\u00e9s pr\u00e9f\u00e9r\u00e9s accessibles et organis\u00e9s.","breadcrumb":[],"inLanguage":"fr-CA","potentialAction":[{"@type":"ReadAction","target":["https:\/\/www.danby.com\/fr\/products\/congelateurs\/dcf087b1wm\/"]}]},{"@type":"ImageObject","inLanguage":"fr-CA","url":"https:\/\/cdnweb.danby.com\/wp-content\/uploads\/sites\/2\/2023\/11\/22144243\/Thumbnail__0032_DCF087B1WM.jpg","contentUrl":"https:\/\/cdnweb.danby.com\/wp-content\/uploads\/sites\/2\/2023\/11\/22144243\/Thumbnail__0032_DCF087B1WM.jpg","width":1125,"height":1500},{"@type":"BreadcrumbList","itemListElement":[{"@type":"ListItem","position":1,"name":"Home","item":"https:\/\/www.danby.com\/fr\/"},{"@type":"ListItem","position":2,"name":"Boutique","item":"https:\/\/www.danby.com\/fr\/boutique\/"},{"@type":"ListItem","position":3,"name":"Cong\u00e9lateur coffre Danby de 8,7 pi3 en blanc"}]},{"@type":"WebSite","url":"https:\/\/www.danby.com\/fr\/","name":"Danby - Canada - French","description":"Leader dans le domaine de la r\u00e9frig\u00e9ration et des appareils sp\u00e9cialis\u00e9s","publisher":[],"potentialAction":[{"@type":"SearchAction","target":{"@type":"EntryPoint","urlTemplate":"https:\/\/www.danby.com\/fr\/?s={search_term_string}"},"query-input":{"@type":"PropertyValueSpecification","valueRequired":true,"valueName":"search_term_string"}}],"inLanguage":"fr-CA"},{"@type":"Organization","name":"Danby Appliances","url":"https:\/\/www.danby.com\/fr\/","logo":{"@type":"ImageObject","inLanguage":"fr-CA","url":"https:\/\/cdnweb.danby.com\/wp-content\/uploads\/sites\/2\/2022\/02\/10141906\/Danby75Ans_Blue.png","contentUrl":"https:\/\/cdnweb.danby.com\/wp-content\/uploads\/sites\/2\/2022\/02\/10141906\/Danby75Ans_Blue.png","width":470,"height":110,"caption":"Danby Appliances"},"image":[],"sameAs":["https:\/\/www.facebook.com\/DanbyAppliances","https:\/\/x.com\/DanbyAppliance","https:\/\/instagram.com\/danbyappliances\/","https:\/\/www.linkedin.com\/company\/danbyappliances","https:\/\/www.pinterest.ca\/danbyappliances\/","https:\/\/www.youtube.com\/user\/DanbyProducts","https:\/\/en.wikipedia.org\/wiki\/Danby_(appliances)"]}]}},"post_mailing_queue_ids":[],"_links":{"self":[{"href":"https:\/\/www.danby.com\/fr\/wp-json\/wp\/v2\/product\/4744","targetHints":{"allow":["GET"]}}],"collection":[{"href":"https:\/\/www.danby.com\/fr\/wp-json\/wp\/v2\/product"}],"about":[{"href":"https:\/\/www.danby.com\/fr\/wp-json\/wp\/v2\/types\/product"}],"replies":[{"embeddable":true,"href":"https:\/\/www.danby.com\/fr\/wp-json\/wp\/v2\/comments?post=4744"}],"wp:featuredmedia":[{"embeddable":true,"href":"https:\/\/www.danby.com\/fr\/wp-json\/wp\/v2\/media\/25713"}],"wp:attachment":[{"href":"https:\/\/www.danby.com\/fr\/wp-json\/wp\/v2\/media?parent=4744"}],"wp:term":[{"taxonomy":"product_brand","embeddable":true,"href":"https:\/\/www.danby.com\/fr\/wp-json\/wp\/v2\/product_brand?post=4744"},{"taxonomy":"product_cat","embeddable":true,"href":"https:\/\/www.danby.com\/fr\/wp-json\/wp\/v2\/product_cat?post=4744"},{"taxonomy":"product_tag","embeddable":true,"href":"https:\/\/www.danby.com\/fr\/wp-json\/wp\/v2\/product_tag?post=4744"}],"curies":[{"name":"wp","href":"https:\/\/api.w.org\/{rel}","templated":true}]}}