{"id":4742,"date":"2022-02-03T19:14:52","date_gmt":"2022-02-03T19:14:52","guid":{"rendered":"https:\/\/www.danby.com\/fr\/product\/dcf072a4wp\/"},"modified":"2026-05-01T10:07:14","modified_gmt":"2026-05-01T10:07:14","slug":"dcf072a4wp","status":"publish","type":"product","link":"https:\/\/www.danby.com\/fr\/products\/congelateurs\/dcf072a4wp\/","title":{"rendered":"Cong\u00e9lateur coffre de 7,2 pi3 de Danby"},"content":{"rendered":"","protected":false},"excerpt":{"rendered":"<ul>\n<li>Cong\u00e9lateur coffre d&#8217;une capacit\u00e9 de 7,2 pi3. (204 L) capacit\u00e9 cong\u00e9lateur coffre <\/li>\n<li>Frigorig\u00e8ne R600a respectueux de l&#8217;environnement <\/li>\n<li>Pr\u00eat pour le garage : le cong\u00e9lateur peut fonctionner \u00e0 des temp\u00e9ratures de 0\u00b0F \u00e0 110\u00b0F (-17\u00b0C \u00e0 43\u00b0C) <\/li>\n<li>Cabinet et couvercle \u00e0 isolation en mousse \u00e9conome en \u00e9nergie <\/li>\n<li>1 panier m\u00e9tallique blanc r\u00e9glable <\/li>\n<li>1 diviseur de compartiment pour une organisation facile <\/li>\n<li>Thermostat m\u00e9canique mont\u00e9 \u00e0 l&#8217;avant avec t\u00e9moin de &#8220;mise sous tension&#8221;<\/li>\n<li>Thermostat m\u00e9canique mont\u00e9 \u00e0 l&#8217;avant avec t\u00e9moin lumineux &#8220;power- on&#8221;<\/li>\n<li>Drain de d\u00e9givrage mont\u00e9 \u00e0 l&#8217;avant<\/li>\n<li>Conception du couvercle arrondi<\/li>\n<li>Liner int\u00e9rieur facile \u00e0 nettoyer<\/li>\n<li>Maintient des temp\u00e9ratures de cong\u00e9lation optimales de -12\u00baC (10.<\/li>\n<li>Maintient des temp\u00e9ratures de cong\u00e9lation optimales de -12\u00baC (10. 4\u00baF) \u00e0 -24\u00baC (-11.2\u00baF)<\/li>\n<li>Garantie de 5 ans sur les pi\u00e8ces et la main d&#8217;\u0153uvre, la meilleure du secteur, avec service \u00e0 domicile <\/li>\n<\/ul>\n","protected":false},"featured_media":10576,"comment_status":"closed","ping_status":"open","template":"","meta":{"_acf_changed":false},"product_brand":[],"product_cat":[27],"product_tag":[],"class_list":{"0":"post-4742","1":"product","2":"type-product","3":"status-publish","4":"has-post-thumbnail","6":"product_cat-congelateurs","7":"pa_capacite-pi3-7-7-9","8":"pa_couleur-blanc","9":"pa_duree-de-la-garantie-en-mois-60-months","11":"first","12":"outofstock","13":"taxable","14":"shipping-taxable","15":"product-type-simple"},"acf":[],"yoast_head":"<!-- This site is optimized with the Yoast SEO plugin v27.5 - https:\/\/yoast.com\/product\/yoast-seo-wordpress\/ -->\n<title>Cong\u00e9lateur coffre de 7,2 pi3 de Danby - DCF072A4WP | Danby Canada<\/title>\n<meta name=\"description\" content=\"Ajoutez un espace de stockage suppl\u00e9mentaire pour les articles m\u00e9nagers congel\u00e9s en vrac avec ce cong\u00e9lateur coffre de Danby Premiere, id\u00e9al pour un sous-sol, une cuisine ou un garage. La conception de ce petit cong\u00e9lateur occupe un minimum d&#039;espace. Ce mod\u00e8le est pr\u00eat pour le garage et peut fonctionner \u00e0 des temp\u00e9ratures de 0\u00b0F \u00e0 110\u00b0F (-17\u00b0C \u00e0 43\u00b0C). Profitez d&#039;un espace de cong\u00e9lation g\u00e9n\u00e9reux de 204 litres (7,2 pieds cubes), ce qui en fait la capacit\u00e9 parfaite pour les couples et les petites familles. L&#039;efficacit\u00e9 de l&#039;armoire et du couvercle du cong\u00e9lateur, isol\u00e9s par de la mousse, garantit que l&#039;air chaud ext\u00e9rieur n&#039;envahira pas la zone de stockage, r\u00e9duisant ainsi les co\u00fbts \u00e9nerg\u00e9tiques. Un thermostat m\u00e9canique est situ\u00e9 \u00e0 l&#039;avant pour plus de commodit\u00e9, et la vidange est \u00e9galement mont\u00e9e \u00e0 l&#039;avant, ce qui rend le processus de d\u00e9givrage rapide et facile. Le rev\u00eatement int\u00e9rieur du cong\u00e9lateur a \u00e9t\u00e9 sp\u00e9cialement con\u00e7u pour un nettoyage rapide et facile. Il est \u00e9quip\u00e9 d&#039;un t\u00e9moin lumineux de mise sous tension qui vous indique que votre cong\u00e9lateur fonctionne en continu. Un s\u00e9parateur de compartiment pratique rend l&#039;organisation des aliments beaucoup plus simple. En outre, tous vos petits aliments fr\u00e9quents peuvent \u00eatre rang\u00e9s pr\u00e8s du sommet gr\u00e2ce \u00e0 un panier de rangement, ce qui permet de garder vos plats congel\u00e9s pr\u00e9f\u00e9r\u00e9s accessibles et organis\u00e9s. L&#039;appareil est assorti d&#039;une garantie de 5 ans sur les pi\u00e8ces et la main-d&#039;\u0153uvre, la meilleure du secteur, avec service \u00e0 domicile.\" \/>\n<meta name=\"robots\" content=\"index, follow, max-snippet:-1, max-image-preview:large, max-video-preview:-1\" \/>\n<link rel=\"canonical\" href=\"https:\/\/www.danby.com\/fr\/products\/congelateurs\/dcf072a4wp\/\" \/>\n<meta property=\"og:locale\" content=\"fr_CA\" \/>\n<meta property=\"og:type\" content=\"article\" \/>\n<meta property=\"og:title\" content=\"Cong\u00e9lateur coffre de 7,2 pi3 de Danby - DCF072A4WP | Danby Canada\" \/>\n<meta property=\"og:description\" content=\"Ajoutez un espace de stockage suppl\u00e9mentaire pour les articles m\u00e9nagers congel\u00e9s en vrac avec ce cong\u00e9lateur coffre de Danby Premiere, id\u00e9al pour un sous-sol, une cuisine ou un garage. La conception de ce petit cong\u00e9lateur occupe un minimum d&#039;espace. Ce mod\u00e8le est pr\u00eat pour le garage et peut fonctionner \u00e0 des temp\u00e9ratures de 0\u00b0F \u00e0 110\u00b0F (-17\u00b0C \u00e0 43\u00b0C). Profitez d&#039;un espace de cong\u00e9lation g\u00e9n\u00e9reux de 204 litres (7,2 pieds cubes), ce qui en fait la capacit\u00e9 parfaite pour les couples et les petites familles. L&#039;efficacit\u00e9 de l&#039;armoire et du couvercle du cong\u00e9lateur, isol\u00e9s par de la mousse, garantit que l&#039;air chaud ext\u00e9rieur n&#039;envahira pas la zone de stockage, r\u00e9duisant ainsi les co\u00fbts \u00e9nerg\u00e9tiques. Un thermostat m\u00e9canique est situ\u00e9 \u00e0 l&#039;avant pour plus de commodit\u00e9, et la vidange est \u00e9galement mont\u00e9e \u00e0 l&#039;avant, ce qui rend le processus de d\u00e9givrage rapide et facile. Le rev\u00eatement int\u00e9rieur du cong\u00e9lateur a \u00e9t\u00e9 sp\u00e9cialement con\u00e7u pour un nettoyage rapide et facile. Il est \u00e9quip\u00e9 d&#039;un t\u00e9moin lumineux de mise sous tension qui vous indique que votre cong\u00e9lateur fonctionne en continu. Un s\u00e9parateur de compartiment pratique rend l&#039;organisation des aliments beaucoup plus simple. En outre, tous vos petits aliments fr\u00e9quents peuvent \u00eatre rang\u00e9s pr\u00e8s du sommet gr\u00e2ce \u00e0 un panier de rangement, ce qui permet de garder vos plats congel\u00e9s pr\u00e9f\u00e9r\u00e9s accessibles et organis\u00e9s. L&#039;appareil est assorti d&#039;une garantie de 5 ans sur les pi\u00e8ces et la main-d&#039;\u0153uvre, la meilleure du secteur, avec service \u00e0 domicile.\" \/>\n<meta property=\"og:url\" content=\"https:\/\/www.danby.com\/fr\/products\/congelateurs\/dcf072a4wp\/\" \/>\n<meta property=\"og:site_name\" content=\"Danby - Canada - French\" \/>\n<meta property=\"article:publisher\" content=\"https:\/\/www.facebook.com\/DanbyAppliances\" \/>\n<meta property=\"article:modified_time\" content=\"2026-05-01T10:07:14+00:00\" \/>\n<meta property=\"og:image\" content=\"https:\/\/cdnweb.danby.com\/wp-content\/uploads\/sites\/2\/2022\/02\/08232211\/DCF072A4WP-Featured.jpg\" \/>\n\t<meta property=\"og:image:width\" content=\"1440\" \/>\n\t<meta property=\"og:image:height\" content=\"1920\" \/>\n\t<meta property=\"og:image:type\" content=\"image\/jpeg\" \/>\n<meta name=\"twitter:card\" content=\"summary_large_image\" \/>\n<meta name=\"twitter:site\" content=\"@DanbyAppliance\" \/>\n<script type=\"application\/ld+json\" class=\"yoast-schema-graph\">{\"@context\":\"https:\\\/\\\/schema.org\",\"@graph\":[{\"@type\":[\"WebPage\",\"ItemPage\"],\"url\":\"https:\\\/\\\/www.danby.com\\\/fr\\\/products\\\/congelateurs\\\/dcf072a4wp\\\/\",\"name\":\"Cong\u00e9lateur coffre de 7,2 pi3 de Danby - DCF072A4WP | Danby Canada\",\"isPartOf\":[],\"primaryImageOfPage\":[],\"image\":[],\"thumbnailUrl\":\"https:\\\/\\\/cdnweb.danby.com\\\/wp-content\\\/uploads\\\/sites\\\/2\\\/2022\\\/02\\\/08232211\\\/DCF072A4WP-Featured.jpg\",\"datePublished\":\"2022-02-03T19:14:52+00:00\",\"dateModified\":\"2026-05-01T10:07:14+00:00\",\"description\":\"Ajoutez un espace de stockage suppl\u00e9mentaire pour les articles m\u00e9nagers congel\u00e9s en vrac avec ce cong\u00e9lateur coffre de Danby Premiere, id\u00e9al pour un sous-sol, une cuisine ou un garage. La conception de ce petit cong\u00e9lateur occupe un minimum d'espace. Ce mod\u00e8le est pr\u00eat pour le garage et peut fonctionner \u00e0 des temp\u00e9ratures de 0\u00b0F \u00e0 110\u00b0F (-17\u00b0C \u00e0 43\u00b0C). Profitez d'un espace de cong\u00e9lation g\u00e9n\u00e9reux de 204 litres (7,2 pieds cubes), ce qui en fait la capacit\u00e9 parfaite pour les couples et les petites familles. L'efficacit\u00e9 de l'armoire et du couvercle du cong\u00e9lateur, isol\u00e9s par de la mousse, garantit que l'air chaud ext\u00e9rieur n'envahira pas la zone de stockage, r\u00e9duisant ainsi les co\u00fbts \u00e9nerg\u00e9tiques. Un thermostat m\u00e9canique est situ\u00e9 \u00e0 l'avant pour plus de commodit\u00e9, et la vidange est \u00e9galement mont\u00e9e \u00e0 l'avant, ce qui rend le processus de d\u00e9givrage rapide et facile. Le rev\u00eatement int\u00e9rieur du cong\u00e9lateur a \u00e9t\u00e9 sp\u00e9cialement con\u00e7u pour un nettoyage rapide et facile. Il est \u00e9quip\u00e9 d'un t\u00e9moin lumineux de mise sous tension qui vous indique que votre cong\u00e9lateur fonctionne en continu. Un s\u00e9parateur de compartiment pratique rend l'organisation des aliments beaucoup plus simple. En outre, tous vos petits aliments fr\u00e9quents peuvent \u00eatre rang\u00e9s pr\u00e8s du sommet gr\u00e2ce \u00e0 un panier de rangement, ce qui permet de garder vos plats congel\u00e9s pr\u00e9f\u00e9r\u00e9s accessibles et organis\u00e9s. L'appareil est assorti d'une garantie de 5 ans sur les pi\u00e8ces et la main-d'\u0153uvre, la meilleure du secteur, avec service \u00e0 domicile.\",\"breadcrumb\":[],\"inLanguage\":\"fr-CA\",\"potentialAction\":[{\"@type\":\"ReadAction\",\"target\":[\"https:\\\/\\\/www.danby.com\\\/fr\\\/products\\\/congelateurs\\\/dcf072a4wp\\\/\"]}]},{\"@type\":\"ImageObject\",\"inLanguage\":\"fr-CA\",\"url\":\"https:\\\/\\\/cdnweb.danby.com\\\/wp-content\\\/uploads\\\/sites\\\/2\\\/2022\\\/02\\\/08232211\\\/DCF072A4WP-Featured.jpg\",\"contentUrl\":\"https:\\\/\\\/cdnweb.danby.com\\\/wp-content\\\/uploads\\\/sites\\\/2\\\/2022\\\/02\\\/08232211\\\/DCF072A4WP-Featured.jpg\",\"width\":1440,\"height\":1920},{\"@type\":\"BreadcrumbList\",\"itemListElement\":[{\"@type\":\"ListItem\",\"position\":1,\"name\":\"Home\",\"item\":\"https:\\\/\\\/www.danby.com\\\/fr\\\/\"},{\"@type\":\"ListItem\",\"position\":2,\"name\":\"Boutique\",\"item\":\"https:\\\/\\\/www.danby.com\\\/fr\\\/boutique\\\/\"},{\"@type\":\"ListItem\",\"position\":3,\"name\":\"Cong\u00e9lateur coffre de 7,2 pi3 de Danby\"}]},{\"@type\":\"WebSite\",\"url\":\"https:\\\/\\\/www.danby.com\\\/fr\\\/\",\"name\":\"Danby - Canada - French\",\"description\":\"Leader dans le domaine de la r\u00e9frig\u00e9ration et des appareils sp\u00e9cialis\u00e9s\",\"publisher\":[],\"potentialAction\":[{\"@type\":\"SearchAction\",\"target\":{\"@type\":\"EntryPoint\",\"urlTemplate\":\"https:\\\/\\\/www.danby.com\\\/fr\\\/?s={search_term_string}\"},\"query-input\":{\"@type\":\"PropertyValueSpecification\",\"valueRequired\":true,\"valueName\":\"search_term_string\"}}],\"inLanguage\":\"fr-CA\"},{\"@type\":\"Organization\",\"name\":\"Danby Appliances\",\"url\":\"https:\\\/\\\/www.danby.com\\\/fr\\\/\",\"logo\":{\"@type\":\"ImageObject\",\"inLanguage\":\"fr-CA\",\"url\":\"https:\\\/\\\/cdnweb.danby.com\\\/wp-content\\\/uploads\\\/sites\\\/2\\\/2022\\\/02\\\/10141906\\\/Danby75Ans_Blue.png\",\"contentUrl\":\"https:\\\/\\\/cdnweb.danby.com\\\/wp-content\\\/uploads\\\/sites\\\/2\\\/2022\\\/02\\\/10141906\\\/Danby75Ans_Blue.png\",\"width\":470,\"height\":110,\"caption\":\"Danby Appliances\"},\"image\":[],\"sameAs\":[\"https:\\\/\\\/www.facebook.com\\\/DanbyAppliances\",\"https:\\\/\\\/x.com\\\/DanbyAppliance\",\"https:\\\/\\\/instagram.com\\\/danbyappliances\\\/\",\"https:\\\/\\\/www.linkedin.com\\\/company\\\/danbyappliances\",\"https:\\\/\\\/www.pinterest.ca\\\/danbyappliances\\\/\",\"https:\\\/\\\/www.youtube.com\\\/user\\\/DanbyProducts\",\"https:\\\/\\\/en.wikipedia.org\\\/wiki\\\/Danby_(appliances)\"]}]}<\/script>\n<!-- \/ Yoast SEO plugin. -->","yoast_head_json":{"title":"Cong\u00e9lateur coffre de 7,2 pi3 de Danby - DCF072A4WP | Danby Canada","description":"Ajoutez un espace de stockage suppl\u00e9mentaire pour les articles m\u00e9nagers congel\u00e9s en vrac avec ce cong\u00e9lateur coffre de Danby Premiere, id\u00e9al pour un sous-sol, une cuisine ou un garage. La conception de ce petit cong\u00e9lateur occupe un minimum d'espace. Ce mod\u00e8le est pr\u00eat pour le garage et peut fonctionner \u00e0 des temp\u00e9ratures de 0\u00b0F \u00e0 110\u00b0F (-17\u00b0C \u00e0 43\u00b0C). Profitez d'un espace de cong\u00e9lation g\u00e9n\u00e9reux de 204 litres (7,2 pieds cubes), ce qui en fait la capacit\u00e9 parfaite pour les couples et les petites familles. L'efficacit\u00e9 de l'armoire et du couvercle du cong\u00e9lateur, isol\u00e9s par de la mousse, garantit que l'air chaud ext\u00e9rieur n'envahira pas la zone de stockage, r\u00e9duisant ainsi les co\u00fbts \u00e9nerg\u00e9tiques. Un thermostat m\u00e9canique est situ\u00e9 \u00e0 l'avant pour plus de commodit\u00e9, et la vidange est \u00e9galement mont\u00e9e \u00e0 l'avant, ce qui rend le processus de d\u00e9givrage rapide et facile. Le rev\u00eatement int\u00e9rieur du cong\u00e9lateur a \u00e9t\u00e9 sp\u00e9cialement con\u00e7u pour un nettoyage rapide et facile. Il est \u00e9quip\u00e9 d'un t\u00e9moin lumineux de mise sous tension qui vous indique que votre cong\u00e9lateur fonctionne en continu. Un s\u00e9parateur de compartiment pratique rend l'organisation des aliments beaucoup plus simple. En outre, tous vos petits aliments fr\u00e9quents peuvent \u00eatre rang\u00e9s pr\u00e8s du sommet gr\u00e2ce \u00e0 un panier de rangement, ce qui permet de garder vos plats congel\u00e9s pr\u00e9f\u00e9r\u00e9s accessibles et organis\u00e9s. L'appareil est assorti d'une garantie de 5 ans sur les pi\u00e8ces et la main-d'\u0153uvre, la meilleure du secteur, avec service \u00e0 domicile.","robots":{"index":"index","follow":"follow","max-snippet":"max-snippet:-1","max-image-preview":"max-image-preview:large","max-video-preview":"max-video-preview:-1"},"canonical":"https:\/\/www.danby.com\/fr\/products\/congelateurs\/dcf072a4wp\/","og_locale":"fr_CA","og_type":"article","og_title":"Cong\u00e9lateur coffre de 7,2 pi3 de Danby - DCF072A4WP | Danby Canada","og_description":"Ajoutez un espace de stockage suppl\u00e9mentaire pour les articles m\u00e9nagers congel\u00e9s en vrac avec ce cong\u00e9lateur coffre de Danby Premiere, id\u00e9al pour un sous-sol, une cuisine ou un garage. La conception de ce petit cong\u00e9lateur occupe un minimum d'espace. Ce mod\u00e8le est pr\u00eat pour le garage et peut fonctionner \u00e0 des temp\u00e9ratures de 0\u00b0F \u00e0 110\u00b0F (-17\u00b0C \u00e0 43\u00b0C). Profitez d'un espace de cong\u00e9lation g\u00e9n\u00e9reux de 204 litres (7,2 pieds cubes), ce qui en fait la capacit\u00e9 parfaite pour les couples et les petites familles. L'efficacit\u00e9 de l'armoire et du couvercle du cong\u00e9lateur, isol\u00e9s par de la mousse, garantit que l'air chaud ext\u00e9rieur n'envahira pas la zone de stockage, r\u00e9duisant ainsi les co\u00fbts \u00e9nerg\u00e9tiques. Un thermostat m\u00e9canique est situ\u00e9 \u00e0 l'avant pour plus de commodit\u00e9, et la vidange est \u00e9galement mont\u00e9e \u00e0 l'avant, ce qui rend le processus de d\u00e9givrage rapide et facile. Le rev\u00eatement int\u00e9rieur du cong\u00e9lateur a \u00e9t\u00e9 sp\u00e9cialement con\u00e7u pour un nettoyage rapide et facile. Il est \u00e9quip\u00e9 d'un t\u00e9moin lumineux de mise sous tension qui vous indique que votre cong\u00e9lateur fonctionne en continu. Un s\u00e9parateur de compartiment pratique rend l'organisation des aliments beaucoup plus simple. En outre, tous vos petits aliments fr\u00e9quents peuvent \u00eatre rang\u00e9s pr\u00e8s du sommet gr\u00e2ce \u00e0 un panier de rangement, ce qui permet de garder vos plats congel\u00e9s pr\u00e9f\u00e9r\u00e9s accessibles et organis\u00e9s. L'appareil est assorti d'une garantie de 5 ans sur les pi\u00e8ces et la main-d'\u0153uvre, la meilleure du secteur, avec service \u00e0 domicile.","og_url":"https:\/\/www.danby.com\/fr\/products\/congelateurs\/dcf072a4wp\/","og_site_name":"Danby - Canada - French","article_publisher":"https:\/\/www.facebook.com\/DanbyAppliances","article_modified_time":"2026-05-01T10:07:14+00:00","og_image":[{"width":1440,"height":1920,"url":"https:\/\/cdnweb.danby.com\/wp-content\/uploads\/sites\/2\/2022\/02\/08232211\/DCF072A4WP-Featured.jpg","type":"image\/jpeg"}],"twitter_card":"summary_large_image","twitter_site":"@DanbyAppliance","schema":{"@context":"https:\/\/schema.org","@graph":[{"@type":["WebPage","ItemPage"],"url":"https:\/\/www.danby.com\/fr\/products\/congelateurs\/dcf072a4wp\/","name":"Cong\u00e9lateur coffre de 7,2 pi3 de Danby - DCF072A4WP | Danby Canada","isPartOf":[],"primaryImageOfPage":[],"image":[],"thumbnailUrl":"https:\/\/cdnweb.danby.com\/wp-content\/uploads\/sites\/2\/2022\/02\/08232211\/DCF072A4WP-Featured.jpg","datePublished":"2022-02-03T19:14:52+00:00","dateModified":"2026-05-01T10:07:14+00:00","description":"Ajoutez un espace de stockage suppl\u00e9mentaire pour les articles m\u00e9nagers congel\u00e9s en vrac avec ce cong\u00e9lateur coffre de Danby Premiere, id\u00e9al pour un sous-sol, une cuisine ou un garage. La conception de ce petit cong\u00e9lateur occupe un minimum d'espace. Ce mod\u00e8le est pr\u00eat pour le garage et peut fonctionner \u00e0 des temp\u00e9ratures de 0\u00b0F \u00e0 110\u00b0F (-17\u00b0C \u00e0 43\u00b0C). Profitez d'un espace de cong\u00e9lation g\u00e9n\u00e9reux de 204 litres (7,2 pieds cubes), ce qui en fait la capacit\u00e9 parfaite pour les couples et les petites familles. L'efficacit\u00e9 de l'armoire et du couvercle du cong\u00e9lateur, isol\u00e9s par de la mousse, garantit que l'air chaud ext\u00e9rieur n'envahira pas la zone de stockage, r\u00e9duisant ainsi les co\u00fbts \u00e9nerg\u00e9tiques. Un thermostat m\u00e9canique est situ\u00e9 \u00e0 l'avant pour plus de commodit\u00e9, et la vidange est \u00e9galement mont\u00e9e \u00e0 l'avant, ce qui rend le processus de d\u00e9givrage rapide et facile. Le rev\u00eatement int\u00e9rieur du cong\u00e9lateur a \u00e9t\u00e9 sp\u00e9cialement con\u00e7u pour un nettoyage rapide et facile. Il est \u00e9quip\u00e9 d'un t\u00e9moin lumineux de mise sous tension qui vous indique que votre cong\u00e9lateur fonctionne en continu. Un s\u00e9parateur de compartiment pratique rend l'organisation des aliments beaucoup plus simple. En outre, tous vos petits aliments fr\u00e9quents peuvent \u00eatre rang\u00e9s pr\u00e8s du sommet gr\u00e2ce \u00e0 un panier de rangement, ce qui permet de garder vos plats congel\u00e9s pr\u00e9f\u00e9r\u00e9s accessibles et organis\u00e9s. L'appareil est assorti d'une garantie de 5 ans sur les pi\u00e8ces et la main-d'\u0153uvre, la meilleure du secteur, avec service \u00e0 domicile.","breadcrumb":[],"inLanguage":"fr-CA","potentialAction":[{"@type":"ReadAction","target":["https:\/\/www.danby.com\/fr\/products\/congelateurs\/dcf072a4wp\/"]}]},{"@type":"ImageObject","inLanguage":"fr-CA","url":"https:\/\/cdnweb.danby.com\/wp-content\/uploads\/sites\/2\/2022\/02\/08232211\/DCF072A4WP-Featured.jpg","contentUrl":"https:\/\/cdnweb.danby.com\/wp-content\/uploads\/sites\/2\/2022\/02\/08232211\/DCF072A4WP-Featured.jpg","width":1440,"height":1920},{"@type":"BreadcrumbList","itemListElement":[{"@type":"ListItem","position":1,"name":"Home","item":"https:\/\/www.danby.com\/fr\/"},{"@type":"ListItem","position":2,"name":"Boutique","item":"https:\/\/www.danby.com\/fr\/boutique\/"},{"@type":"ListItem","position":3,"name":"Cong\u00e9lateur coffre de 7,2 pi3 de Danby"}]},{"@type":"WebSite","url":"https:\/\/www.danby.com\/fr\/","name":"Danby - Canada - French","description":"Leader dans le domaine de la r\u00e9frig\u00e9ration et des appareils sp\u00e9cialis\u00e9s","publisher":[],"potentialAction":[{"@type":"SearchAction","target":{"@type":"EntryPoint","urlTemplate":"https:\/\/www.danby.com\/fr\/?s={search_term_string}"},"query-input":{"@type":"PropertyValueSpecification","valueRequired":true,"valueName":"search_term_string"}}],"inLanguage":"fr-CA"},{"@type":"Organization","name":"Danby Appliances","url":"https:\/\/www.danby.com\/fr\/","logo":{"@type":"ImageObject","inLanguage":"fr-CA","url":"https:\/\/cdnweb.danby.com\/wp-content\/uploads\/sites\/2\/2022\/02\/10141906\/Danby75Ans_Blue.png","contentUrl":"https:\/\/cdnweb.danby.com\/wp-content\/uploads\/sites\/2\/2022\/02\/10141906\/Danby75Ans_Blue.png","width":470,"height":110,"caption":"Danby Appliances"},"image":[],"sameAs":["https:\/\/www.facebook.com\/DanbyAppliances","https:\/\/x.com\/DanbyAppliance","https:\/\/instagram.com\/danbyappliances\/","https:\/\/www.linkedin.com\/company\/danbyappliances","https:\/\/www.pinterest.ca\/danbyappliances\/","https:\/\/www.youtube.com\/user\/DanbyProducts","https:\/\/en.wikipedia.org\/wiki\/Danby_(appliances)"]}]}},"post_mailing_queue_ids":[],"_links":{"self":[{"href":"https:\/\/www.danby.com\/fr\/wp-json\/wp\/v2\/product\/4742","targetHints":{"allow":["GET"]}}],"collection":[{"href":"https:\/\/www.danby.com\/fr\/wp-json\/wp\/v2\/product"}],"about":[{"href":"https:\/\/www.danby.com\/fr\/wp-json\/wp\/v2\/types\/product"}],"replies":[{"embeddable":true,"href":"https:\/\/www.danby.com\/fr\/wp-json\/wp\/v2\/comments?post=4742"}],"wp:featuredmedia":[{"embeddable":true,"href":"https:\/\/www.danby.com\/fr\/wp-json\/wp\/v2\/media\/10576"}],"wp:attachment":[{"href":"https:\/\/www.danby.com\/fr\/wp-json\/wp\/v2\/media?parent=4742"}],"wp:term":[{"taxonomy":"product_brand","embeddable":true,"href":"https:\/\/www.danby.com\/fr\/wp-json\/wp\/v2\/product_brand?post=4742"},{"taxonomy":"product_cat","embeddable":true,"href":"https:\/\/www.danby.com\/fr\/wp-json\/wp\/v2\/product_cat?post=4742"},{"taxonomy":"product_tag","embeddable":true,"href":"https:\/\/www.danby.com\/fr\/wp-json\/wp\/v2\/product_tag?post=4742"}],"curies":[{"name":"wp","href":"https:\/\/api.w.org\/{rel}","templated":true}]}}