{"id":4741,"date":"2022-02-03T19:14:52","date_gmt":"2022-02-03T19:14:52","guid":{"rendered":"https:\/\/www.danby.com\/fr\/product\/dcf072a3wdb-6\/"},"modified":"2026-04-10T10:05:38","modified_gmt":"2026-04-10T10:05:38","slug":"dcf072a3wdb-6","status":"publish","type":"product","link":"https:\/\/www.danby.com\/fr\/products\/congelateurs\/dcf072a3wdb-6\/","title":{"rendered":"Danby Cong\u00e9lateur coffre de 7,2 pi3 en Blanc"},"content":{"rendered":"","protected":false},"excerpt":{"rendered":"<ul>\n<li>Cong\u00e9lateur coffre d&#8217;une capacit\u00e9 de 204 litres (7,2 pi3)<\/li>\n<li>R\u00e9frig\u00e9rant R600a respectueux de l&#8217;environnement<\/li>\n<li>Pr\u00eat pour le garage : Le cong\u00e9lateur peut fonctionner \u00e0 des temp\u00e9ratures allant de 0\u00b0F \u00e0 110\u00b0F (-17\u00b0C \u00e0 43\u00b0C)<\/li>\n<li>Armoire et couvercle isol\u00e9s par de la mousse \u00e0 haut rendement \u00e9nerg\u00e9tique<\/li>\n<li>Le thermostat m\u00e9canique \u00e0 montage frontal est plac\u00e9 de fa\u00e7on pratique pour un contr\u00f4le facile de la temp\u00e9rature<\/li>\n<li>Le drain mont\u00e9 \u00e0 l&#8217;avant permet un drainage facile pendant le d\u00e9givrage manuel<\/li>\n<li>1 panier de rangement r\u00e9glable en fil m\u00e9tallique pour les petits objets fr\u00e9quemment utilis\u00e9s<\/li>\n<li>Les roulettes arri\u00e8re et les pieds de nivellement avant permettent une installation facile<\/li>\n<li>Couvercle arrondi pour un look moderne<\/li>\n<li>Doublure int\u00e9rieure facile \u00e0 nettoyer<\/li>\n<\/ul>\n","protected":false},"featured_media":22497,"comment_status":"closed","ping_status":"open","template":"","meta":{"_acf_changed":false},"product_brand":[],"product_cat":[27],"product_tag":[],"class_list":{"0":"post-4741","1":"product","2":"type-product","3":"status-publish","4":"has-post-thumbnail","6":"product_cat-congelateurs","7":"pa_capacite-pi3-7-7-9","8":"pa_couleur-blanc","9":"pa_duree-de-la-garantie-en-mois-60-months","11":"first","12":"outofstock","13":"taxable","14":"shipping-taxable","15":"product-type-simple"},"acf":[],"yoast_head":"<!-- This site is optimized with the Yoast SEO plugin v26.7 - https:\/\/yoast.com\/wordpress\/plugins\/seo\/ -->\n<title>Danby Cong\u00e9lateur coffre de 7,2 pi3 en Blanc - DCF072A3WDB-6 | Danby Canada<\/title>\n<meta name=\"description\" content=\"Ce cong\u00e9lateur coffre fiable de Danby est l&#039;ajout parfait \u00e0 tout type de m\u00e9nage ou de chalet. Vos factures d&#039;\u00e9lectricit\u00e9 seront sensiblement r\u00e9duites gr\u00e2ce \u00e0 son armoire efficace et intelligente, isol\u00e9e par de la mousse, et \u00e0 son couvercle arrondi. Le thermostat m\u00e9canique \u00e0 montage frontal, facile d&#039;acc\u00e8s, vous permet de programmer facilement et rapidement l&#039;appareil \u00e0 la temp\u00e9rature souhait\u00e9e. Il y a plus qu&#039;assez d&#039;espace de rangement dans cet \u00e9l\u00e9gant appareil, car cette unit\u00e9 spacieuse offre 7,2 pieds cubes (204 litres) d&#039;espace sans prendre trop de place. Ce mod\u00e8le populaire est \u00e9quip\u00e9 d&#039;un syst\u00e8me de d\u00e9cong\u00e9lation manuelle pratique et d&#039;un drain, ainsi que d&#039;un panier solide recouvert de vinyle pour s\u00e9parer et stocker vos aliments les plus populaires. Le rev\u00eatement int\u00e9rieur est con\u00e7u pour un nettoyage facile et le cong\u00e9lateur est assorti d&#039;une garantie sans souci de 5 ans sur les pi\u00e8ces et la main-d&#039;\u0153uvre ainsi que d&#039;un service \u00e0 domicile pratique.\" \/>\n<meta name=\"robots\" content=\"index, follow, max-snippet:-1, max-image-preview:large, max-video-preview:-1\" \/>\n<link rel=\"canonical\" href=\"https:\/\/www.danby.com\/fr\/products\/congelateurs\/dcf072a3wdb-6\/\" \/>\n<meta property=\"og:locale\" content=\"fr_CA\" \/>\n<meta property=\"og:type\" content=\"article\" \/>\n<meta property=\"og:title\" content=\"Danby Cong\u00e9lateur coffre de 7,2 pi3 en Blanc - DCF072A3WDB-6 | Danby Canada\" \/>\n<meta property=\"og:description\" content=\"Ce cong\u00e9lateur coffre fiable de Danby est l&#039;ajout parfait \u00e0 tout type de m\u00e9nage ou de chalet. Vos factures d&#039;\u00e9lectricit\u00e9 seront sensiblement r\u00e9duites gr\u00e2ce \u00e0 son armoire efficace et intelligente, isol\u00e9e par de la mousse, et \u00e0 son couvercle arrondi. Le thermostat m\u00e9canique \u00e0 montage frontal, facile d&#039;acc\u00e8s, vous permet de programmer facilement et rapidement l&#039;appareil \u00e0 la temp\u00e9rature souhait\u00e9e. Il y a plus qu&#039;assez d&#039;espace de rangement dans cet \u00e9l\u00e9gant appareil, car cette unit\u00e9 spacieuse offre 7,2 pieds cubes (204 litres) d&#039;espace sans prendre trop de place. Ce mod\u00e8le populaire est \u00e9quip\u00e9 d&#039;un syst\u00e8me de d\u00e9cong\u00e9lation manuelle pratique et d&#039;un drain, ainsi que d&#039;un panier solide recouvert de vinyle pour s\u00e9parer et stocker vos aliments les plus populaires. Le rev\u00eatement int\u00e9rieur est con\u00e7u pour un nettoyage facile et le cong\u00e9lateur est assorti d&#039;une garantie sans souci de 5 ans sur les pi\u00e8ces et la main-d&#039;\u0153uvre ainsi que d&#039;un service \u00e0 domicile pratique.\" \/>\n<meta property=\"og:url\" content=\"https:\/\/www.danby.com\/fr\/products\/congelateurs\/dcf072a3wdb-6\/\" \/>\n<meta property=\"og:site_name\" content=\"Danby - Canada - French\" \/>\n<meta property=\"article:publisher\" content=\"https:\/\/www.facebook.com\/DanbyAppliances\" \/>\n<meta property=\"article:modified_time\" content=\"2026-04-10T10:05:38+00:00\" \/>\n<meta property=\"og:image\" content=\"https:\/\/cdnweb.danby.com\/wp-content\/uploads\/sites\/2\/2023\/05\/16142409\/DCF072A3WDB-6_Right-scaled.jpg\" \/>\n\t<meta property=\"og:image:width\" content=\"2560\" \/>\n\t<meta property=\"og:image:height\" content=\"1973\" \/>\n\t<meta property=\"og:image:type\" content=\"image\/jpeg\" \/>\n<meta name=\"twitter:card\" content=\"summary_large_image\" \/>\n<meta name=\"twitter:site\" content=\"@DanbyAppliance\" \/>\n<script type=\"application\/ld+json\" class=\"yoast-schema-graph\">{\"@context\":\"https:\/\/schema.org\",\"@graph\":[{\"@type\":[\"WebPage\",\"ItemPage\"],\"url\":\"https:\/\/www.danby.com\/fr\/products\/congelateurs\/dcf072a3wdb-6\/\",\"name\":\"Danby Cong\u00e9lateur coffre de 7,2 pi3 en Blanc - DCF072A3WDB-6 | Danby Canada\",\"isPartOf\":[],\"primaryImageOfPage\":[],\"image\":[],\"thumbnailUrl\":\"https:\/\/cdnweb.danby.com\/wp-content\/uploads\/sites\/2\/2023\/05\/16142409\/DCF072A3WDB-6_Right-scaled.jpg\",\"datePublished\":\"2022-02-03T19:14:52+00:00\",\"dateModified\":\"2026-04-10T10:05:38+00:00\",\"description\":\"Ce cong\u00e9lateur coffre fiable de Danby est l'ajout parfait \u00e0 tout type de m\u00e9nage ou de chalet. Vos factures d'\u00e9lectricit\u00e9 seront sensiblement r\u00e9duites gr\u00e2ce \u00e0 son armoire efficace et intelligente, isol\u00e9e par de la mousse, et \u00e0 son couvercle arrondi. Le thermostat m\u00e9canique \u00e0 montage frontal, facile d'acc\u00e8s, vous permet de programmer facilement et rapidement l'appareil \u00e0 la temp\u00e9rature souhait\u00e9e. Il y a plus qu'assez d'espace de rangement dans cet \u00e9l\u00e9gant appareil, car cette unit\u00e9 spacieuse offre 7,2 pieds cubes (204 litres) d'espace sans prendre trop de place. Ce mod\u00e8le populaire est \u00e9quip\u00e9 d'un syst\u00e8me de d\u00e9cong\u00e9lation manuelle pratique et d'un drain, ainsi que d'un panier solide recouvert de vinyle pour s\u00e9parer et stocker vos aliments les plus populaires. Le rev\u00eatement int\u00e9rieur est con\u00e7u pour un nettoyage facile et le cong\u00e9lateur est assorti d'une garantie sans souci de 5 ans sur les pi\u00e8ces et la main-d'\u0153uvre ainsi que d'un service \u00e0 domicile pratique.\",\"breadcrumb\":[],\"inLanguage\":\"fr-CA\",\"potentialAction\":[{\"@type\":\"ReadAction\",\"target\":[\"https:\/\/www.danby.com\/fr\/products\/congelateurs\/dcf072a3wdb-6\/\"]}]},{\"@type\":\"ImageObject\",\"inLanguage\":\"fr-CA\",\"url\":\"https:\/\/cdnweb.danby.com\/wp-content\/uploads\/sites\/2\/2023\/05\/16142409\/DCF072A3WDB-6_Right-scaled.jpg\",\"contentUrl\":\"https:\/\/cdnweb.danby.com\/wp-content\/uploads\/sites\/2\/2023\/05\/16142409\/DCF072A3WDB-6_Right-scaled.jpg\",\"width\":2560,\"height\":1973},{\"@type\":\"BreadcrumbList\",\"itemListElement\":[{\"@type\":\"ListItem\",\"position\":1,\"name\":\"Home\",\"item\":\"https:\/\/www.danby.com\/fr\/\"},{\"@type\":\"ListItem\",\"position\":2,\"name\":\"Boutique\",\"item\":\"https:\/\/www.danby.com\/fr\/boutique\/\"},{\"@type\":\"ListItem\",\"position\":3,\"name\":\"Danby Cong\u00e9lateur coffre de 7,2 pi3 en Blanc\"}]},{\"@type\":\"WebSite\",\"url\":\"https:\/\/www.danby.com\/fr\/\",\"name\":\"Danby - Canada - French\",\"description\":\"Leader dans le domaine de la r\u00e9frig\u00e9ration et des appareils sp\u00e9cialis\u00e9s\",\"publisher\":[],\"potentialAction\":[{\"@type\":\"SearchAction\",\"target\":{\"@type\":\"EntryPoint\",\"urlTemplate\":\"https:\/\/www.danby.com\/fr\/?s={search_term_string}\"},\"query-input\":{\"@type\":\"PropertyValueSpecification\",\"valueRequired\":true,\"valueName\":\"search_term_string\"}}],\"inLanguage\":\"fr-CA\"},{\"@type\":\"Organization\",\"name\":\"Danby Appliances\",\"url\":\"https:\/\/www.danby.com\/fr\/\",\"logo\":{\"@type\":\"ImageObject\",\"inLanguage\":\"fr-CA\",\"url\":\"https:\/\/cdnweb.danby.com\/wp-content\/uploads\/sites\/2\/2022\/02\/10141906\/Danby75Ans_Blue.png\",\"contentUrl\":\"https:\/\/cdnweb.danby.com\/wp-content\/uploads\/sites\/2\/2022\/02\/10141906\/Danby75Ans_Blue.png\",\"width\":470,\"height\":110,\"caption\":\"Danby Appliances\"},\"image\":[],\"sameAs\":[\"https:\/\/www.facebook.com\/DanbyAppliances\",\"https:\/\/x.com\/DanbyAppliance\",\"https:\/\/instagram.com\/danbyappliances\/\",\"https:\/\/www.linkedin.com\/company\/danbyappliances\",\"https:\/\/www.pinterest.ca\/danbyappliances\/\",\"https:\/\/www.youtube.com\/user\/DanbyProducts\",\"https:\/\/en.wikipedia.org\/wiki\/Danby_(appliances)\"]}]}<\/script>\n<!-- \/ Yoast SEO plugin. -->","yoast_head_json":{"title":"Danby Cong\u00e9lateur coffre de 7,2 pi3 en Blanc - DCF072A3WDB-6 | Danby Canada","description":"Ce cong\u00e9lateur coffre fiable de Danby est l'ajout parfait \u00e0 tout type de m\u00e9nage ou de chalet. Vos factures d'\u00e9lectricit\u00e9 seront sensiblement r\u00e9duites gr\u00e2ce \u00e0 son armoire efficace et intelligente, isol\u00e9e par de la mousse, et \u00e0 son couvercle arrondi. Le thermostat m\u00e9canique \u00e0 montage frontal, facile d'acc\u00e8s, vous permet de programmer facilement et rapidement l'appareil \u00e0 la temp\u00e9rature souhait\u00e9e. Il y a plus qu'assez d'espace de rangement dans cet \u00e9l\u00e9gant appareil, car cette unit\u00e9 spacieuse offre 7,2 pieds cubes (204 litres) d'espace sans prendre trop de place. Ce mod\u00e8le populaire est \u00e9quip\u00e9 d'un syst\u00e8me de d\u00e9cong\u00e9lation manuelle pratique et d'un drain, ainsi que d'un panier solide recouvert de vinyle pour s\u00e9parer et stocker vos aliments les plus populaires. Le rev\u00eatement int\u00e9rieur est con\u00e7u pour un nettoyage facile et le cong\u00e9lateur est assorti d'une garantie sans souci de 5 ans sur les pi\u00e8ces et la main-d'\u0153uvre ainsi que d'un service \u00e0 domicile pratique.","robots":{"index":"index","follow":"follow","max-snippet":"max-snippet:-1","max-image-preview":"max-image-preview:large","max-video-preview":"max-video-preview:-1"},"canonical":"https:\/\/www.danby.com\/fr\/products\/congelateurs\/dcf072a3wdb-6\/","og_locale":"fr_CA","og_type":"article","og_title":"Danby Cong\u00e9lateur coffre de 7,2 pi3 en Blanc - DCF072A3WDB-6 | Danby Canada","og_description":"Ce cong\u00e9lateur coffre fiable de Danby est l'ajout parfait \u00e0 tout type de m\u00e9nage ou de chalet. Vos factures d'\u00e9lectricit\u00e9 seront sensiblement r\u00e9duites gr\u00e2ce \u00e0 son armoire efficace et intelligente, isol\u00e9e par de la mousse, et \u00e0 son couvercle arrondi. Le thermostat m\u00e9canique \u00e0 montage frontal, facile d'acc\u00e8s, vous permet de programmer facilement et rapidement l'appareil \u00e0 la temp\u00e9rature souhait\u00e9e. Il y a plus qu'assez d'espace de rangement dans cet \u00e9l\u00e9gant appareil, car cette unit\u00e9 spacieuse offre 7,2 pieds cubes (204 litres) d'espace sans prendre trop de place. Ce mod\u00e8le populaire est \u00e9quip\u00e9 d'un syst\u00e8me de d\u00e9cong\u00e9lation manuelle pratique et d'un drain, ainsi que d'un panier solide recouvert de vinyle pour s\u00e9parer et stocker vos aliments les plus populaires. Le rev\u00eatement int\u00e9rieur est con\u00e7u pour un nettoyage facile et le cong\u00e9lateur est assorti d'une garantie sans souci de 5 ans sur les pi\u00e8ces et la main-d'\u0153uvre ainsi que d'un service \u00e0 domicile pratique.","og_url":"https:\/\/www.danby.com\/fr\/products\/congelateurs\/dcf072a3wdb-6\/","og_site_name":"Danby - Canada - French","article_publisher":"https:\/\/www.facebook.com\/DanbyAppliances","article_modified_time":"2026-04-10T10:05:38+00:00","og_image":[{"width":2560,"height":1973,"url":"https:\/\/cdnweb.danby.com\/wp-content\/uploads\/sites\/2\/2023\/05\/16142409\/DCF072A3WDB-6_Right-scaled.jpg","type":"image\/jpeg"}],"twitter_card":"summary_large_image","twitter_site":"@DanbyAppliance","schema":{"@context":"https:\/\/schema.org","@graph":[{"@type":["WebPage","ItemPage"],"url":"https:\/\/www.danby.com\/fr\/products\/congelateurs\/dcf072a3wdb-6\/","name":"Danby Cong\u00e9lateur coffre de 7,2 pi3 en Blanc - DCF072A3WDB-6 | Danby Canada","isPartOf":[],"primaryImageOfPage":[],"image":[],"thumbnailUrl":"https:\/\/cdnweb.danby.com\/wp-content\/uploads\/sites\/2\/2023\/05\/16142409\/DCF072A3WDB-6_Right-scaled.jpg","datePublished":"2022-02-03T19:14:52+00:00","dateModified":"2026-04-10T10:05:38+00:00","description":"Ce cong\u00e9lateur coffre fiable de Danby est l'ajout parfait \u00e0 tout type de m\u00e9nage ou de chalet. Vos factures d'\u00e9lectricit\u00e9 seront sensiblement r\u00e9duites gr\u00e2ce \u00e0 son armoire efficace et intelligente, isol\u00e9e par de la mousse, et \u00e0 son couvercle arrondi. Le thermostat m\u00e9canique \u00e0 montage frontal, facile d'acc\u00e8s, vous permet de programmer facilement et rapidement l'appareil \u00e0 la temp\u00e9rature souhait\u00e9e. Il y a plus qu'assez d'espace de rangement dans cet \u00e9l\u00e9gant appareil, car cette unit\u00e9 spacieuse offre 7,2 pieds cubes (204 litres) d'espace sans prendre trop de place. Ce mod\u00e8le populaire est \u00e9quip\u00e9 d'un syst\u00e8me de d\u00e9cong\u00e9lation manuelle pratique et d'un drain, ainsi que d'un panier solide recouvert de vinyle pour s\u00e9parer et stocker vos aliments les plus populaires. Le rev\u00eatement int\u00e9rieur est con\u00e7u pour un nettoyage facile et le cong\u00e9lateur est assorti d'une garantie sans souci de 5 ans sur les pi\u00e8ces et la main-d'\u0153uvre ainsi que d'un service \u00e0 domicile pratique.","breadcrumb":[],"inLanguage":"fr-CA","potentialAction":[{"@type":"ReadAction","target":["https:\/\/www.danby.com\/fr\/products\/congelateurs\/dcf072a3wdb-6\/"]}]},{"@type":"ImageObject","inLanguage":"fr-CA","url":"https:\/\/cdnweb.danby.com\/wp-content\/uploads\/sites\/2\/2023\/05\/16142409\/DCF072A3WDB-6_Right-scaled.jpg","contentUrl":"https:\/\/cdnweb.danby.com\/wp-content\/uploads\/sites\/2\/2023\/05\/16142409\/DCF072A3WDB-6_Right-scaled.jpg","width":2560,"height":1973},{"@type":"BreadcrumbList","itemListElement":[{"@type":"ListItem","position":1,"name":"Home","item":"https:\/\/www.danby.com\/fr\/"},{"@type":"ListItem","position":2,"name":"Boutique","item":"https:\/\/www.danby.com\/fr\/boutique\/"},{"@type":"ListItem","position":3,"name":"Danby Cong\u00e9lateur coffre de 7,2 pi3 en Blanc"}]},{"@type":"WebSite","url":"https:\/\/www.danby.com\/fr\/","name":"Danby - Canada - French","description":"Leader dans le domaine de la r\u00e9frig\u00e9ration et des appareils sp\u00e9cialis\u00e9s","publisher":[],"potentialAction":[{"@type":"SearchAction","target":{"@type":"EntryPoint","urlTemplate":"https:\/\/www.danby.com\/fr\/?s={search_term_string}"},"query-input":{"@type":"PropertyValueSpecification","valueRequired":true,"valueName":"search_term_string"}}],"inLanguage":"fr-CA"},{"@type":"Organization","name":"Danby Appliances","url":"https:\/\/www.danby.com\/fr\/","logo":{"@type":"ImageObject","inLanguage":"fr-CA","url":"https:\/\/cdnweb.danby.com\/wp-content\/uploads\/sites\/2\/2022\/02\/10141906\/Danby75Ans_Blue.png","contentUrl":"https:\/\/cdnweb.danby.com\/wp-content\/uploads\/sites\/2\/2022\/02\/10141906\/Danby75Ans_Blue.png","width":470,"height":110,"caption":"Danby Appliances"},"image":[],"sameAs":["https:\/\/www.facebook.com\/DanbyAppliances","https:\/\/x.com\/DanbyAppliance","https:\/\/instagram.com\/danbyappliances\/","https:\/\/www.linkedin.com\/company\/danbyappliances","https:\/\/www.pinterest.ca\/danbyappliances\/","https:\/\/www.youtube.com\/user\/DanbyProducts","https:\/\/en.wikipedia.org\/wiki\/Danby_(appliances)"]}]}},"post_mailing_queue_ids":[],"_links":{"self":[{"href":"https:\/\/www.danby.com\/fr\/wp-json\/wp\/v2\/product\/4741","targetHints":{"allow":["GET"]}}],"collection":[{"href":"https:\/\/www.danby.com\/fr\/wp-json\/wp\/v2\/product"}],"about":[{"href":"https:\/\/www.danby.com\/fr\/wp-json\/wp\/v2\/types\/product"}],"replies":[{"embeddable":true,"href":"https:\/\/www.danby.com\/fr\/wp-json\/wp\/v2\/comments?post=4741"}],"wp:featuredmedia":[{"embeddable":true,"href":"https:\/\/www.danby.com\/fr\/wp-json\/wp\/v2\/media\/22497"}],"wp:attachment":[{"href":"https:\/\/www.danby.com\/fr\/wp-json\/wp\/v2\/media?parent=4741"}],"wp:term":[{"taxonomy":"product_brand","embeddable":true,"href":"https:\/\/www.danby.com\/fr\/wp-json\/wp\/v2\/product_brand?post=4741"},{"taxonomy":"product_cat","embeddable":true,"href":"https:\/\/www.danby.com\/fr\/wp-json\/wp\/v2\/product_cat?post=4741"},{"taxonomy":"product_tag","embeddable":true,"href":"https:\/\/www.danby.com\/fr\/wp-json\/wp\/v2\/product_tag?post=4741"}],"curies":[{"name":"wp","href":"https:\/\/api.w.org\/{rel}","templated":true}]}}