{"id":4737,"date":"2022-02-03T19:14:52","date_gmt":"2022-02-03T19:14:52","guid":{"rendered":"https:\/\/www.danby.com\/fr\/product\/dcf072a2wdb1\/"},"modified":"2026-04-17T10:02:48","modified_gmt":"2026-04-17T10:02:48","slug":"dcf072a2wdb1","status":"publish","type":"product","link":"https:\/\/www.danby.com\/fr\/products\/congelateurs\/dcf072a2wdb1\/","title":{"rendered":"Danby 7.2 pi3 Cong\u00e9lateur"},"content":{"rendered":"","protected":false},"excerpt":{"rendered":"<ul>\n<li>Cong\u00e9lateur coffre d&#8217;une capacit\u00e9 de 7,2 pi3 (204 L) <\/li>\n<li>R\u00e9frig\u00e9rant R600a respectueux de l&#8217;environnement <\/li>\n<li>Porte et cabinet isol\u00e9s \u00e0 la mousse pour l&#8217;\u00e9conomie de l&#8217;\u00e9nergie <\/li>\n<li>D\u00e9givrage manuel <\/li>\n<li>1 panier fil blanc r\u00e9glable <\/li>\n<li>Diviseur d&#8217;un compartiment, pour une organisation facile <\/li>\n<li>Thermostat m\u00e9canique install\u00e9 \u00e0 l&#8217;avant <\/li>\n<li>Vidange de d\u00e9givrage install\u00e9 \u00e0 l&#8217;avant <\/li>\n<li>Chemise int\u00e9rieur de nettoyage ais\u00e9 <\/li>\n<li>Conception arrondie du couvercle <\/li>\n<li>Arri\u00e8re de conception \u00e9gale<\/li>\n<\/ul>\n","protected":false},"featured_media":6029,"comment_status":"closed","ping_status":"open","template":"","meta":{"_acf_changed":false},"product_brand":[],"product_cat":[27],"product_tag":[],"class_list":{"0":"post-4737","1":"product","2":"type-product","3":"status-publish","4":"has-post-thumbnail","6":"product_cat-congelateurs","8":"first","9":"outofstock","10":"taxable","11":"shipping-taxable","12":"product-type-simple"},"acf":[],"yoast_head":"<!-- This site is optimized with the Yoast SEO plugin v26.7 - https:\/\/yoast.com\/wordpress\/plugins\/seo\/ -->\n<title>Danby 7.2 pi3 Cong\u00e9lateur - DCF072A2WDB1 | Danby Canada<\/title>\n<meta name=\"description\" content=\"Ce cong\u00e9lateur bahut fiable Danby repr\u00e9sente le parfait ajout \u00e0 n\u2019importe quel type de r\u00e9sidence ou de chalet. L\u2019efficace et ing\u00e9nieuse mousse isolante, qui tapisse le caisson et le couvercle arrondi, contribuera \u00e0 r\u00e9duire notablement vos factures d\u2019\u00e9lectricit\u00e9. Le thermostat m\u00e9canique d\u2019acc\u00e8s facile, install\u00e9 en fa\u00e7ade, vous permettra de programmer facilement et rapidement l\u2019appareil \u00e0 la temp\u00e9rature d\u00e9sir\u00e9e. Cet \u00e9l\u00e9gant mod\u00e8le rec\u00e8le des tr\u00e9sors de surface d\u2019entreposage, il dispose en effet d\u2019un spacieux 204 litres (7.2 pieds cubes) d\u2019espace, tout en occupant peu de place. Ce mod\u00e8le populaire, comporte un syst\u00e8me pratique de d\u00e9givrage manuel ainsi qu\u2019un drain et gr\u00e2ce \u00e0 son robuste panier d\u2019entreposage recouvert de vinyle, vous serez en mesure de conserver s\u00e9par\u00e9ment vos aliments pr\u00e9f\u00e9r\u00e9s. Le recouvrement int\u00e9rieur est con\u00e7u pour \u00eatre d\u2019entretien facile et ce cong\u00e9lateur est pourvu d\u2019une garantie sans tracas de 12 mois sur les pi\u00e8ces et la main-d\u2019\u0153uvre, incluant le service \u00e0 domicile.\" \/>\n<meta name=\"robots\" content=\"index, follow, max-snippet:-1, max-image-preview:large, max-video-preview:-1\" \/>\n<link rel=\"canonical\" href=\"https:\/\/www.danby.com\/fr\/products\/congelateurs\/dcf072a2wdb1\/\" \/>\n<meta property=\"og:locale\" content=\"fr_CA\" \/>\n<meta property=\"og:type\" content=\"article\" \/>\n<meta property=\"og:title\" content=\"Danby 7.2 pi3 Cong\u00e9lateur - DCF072A2WDB1 | Danby Canada\" \/>\n<meta property=\"og:description\" content=\"Ce cong\u00e9lateur bahut fiable Danby repr\u00e9sente le parfait ajout \u00e0 n\u2019importe quel type de r\u00e9sidence ou de chalet. L\u2019efficace et ing\u00e9nieuse mousse isolante, qui tapisse le caisson et le couvercle arrondi, contribuera \u00e0 r\u00e9duire notablement vos factures d\u2019\u00e9lectricit\u00e9. Le thermostat m\u00e9canique d\u2019acc\u00e8s facile, install\u00e9 en fa\u00e7ade, vous permettra de programmer facilement et rapidement l\u2019appareil \u00e0 la temp\u00e9rature d\u00e9sir\u00e9e. Cet \u00e9l\u00e9gant mod\u00e8le rec\u00e8le des tr\u00e9sors de surface d\u2019entreposage, il dispose en effet d\u2019un spacieux 204 litres (7.2 pieds cubes) d\u2019espace, tout en occupant peu de place. Ce mod\u00e8le populaire, comporte un syst\u00e8me pratique de d\u00e9givrage manuel ainsi qu\u2019un drain et gr\u00e2ce \u00e0 son robuste panier d\u2019entreposage recouvert de vinyle, vous serez en mesure de conserver s\u00e9par\u00e9ment vos aliments pr\u00e9f\u00e9r\u00e9s. Le recouvrement int\u00e9rieur est con\u00e7u pour \u00eatre d\u2019entretien facile et ce cong\u00e9lateur est pourvu d\u2019une garantie sans tracas de 12 mois sur les pi\u00e8ces et la main-d\u2019\u0153uvre, incluant le service \u00e0 domicile.\" \/>\n<meta property=\"og:url\" content=\"https:\/\/www.danby.com\/fr\/products\/congelateurs\/dcf072a2wdb1\/\" \/>\n<meta property=\"og:site_name\" content=\"Danby - Canada - French\" \/>\n<meta property=\"article:publisher\" content=\"https:\/\/www.facebook.com\/DanbyAppliances\" \/>\n<meta property=\"article:modified_time\" content=\"2026-04-17T10:02:48+00:00\" \/>\n<meta property=\"og:image\" content=\"https:\/\/cdnweb.danby.com\/wp-content\/uploads\/sites\/2\/2022\/02\/08182759\/proMed-dcf700w.jpg\" \/>\n\t<meta property=\"og:image:width\" content=\"300\" \/>\n\t<meta property=\"og:image:height\" content=\"272\" \/>\n\t<meta property=\"og:image:type\" content=\"image\/jpeg\" \/>\n<meta name=\"twitter:card\" content=\"summary_large_image\" \/>\n<meta name=\"twitter:site\" content=\"@DanbyAppliance\" \/>\n<script type=\"application\/ld+json\" class=\"yoast-schema-graph\">{\"@context\":\"https:\/\/schema.org\",\"@graph\":[{\"@type\":[\"WebPage\",\"ItemPage\"],\"url\":\"https:\/\/www.danby.com\/fr\/products\/congelateurs\/dcf072a2wdb1\/\",\"name\":\"Danby 7.2 pi3 Cong\u00e9lateur - DCF072A2WDB1 | Danby Canada\",\"isPartOf\":[],\"primaryImageOfPage\":[],\"image\":[],\"thumbnailUrl\":\"https:\/\/cdnweb.danby.com\/wp-content\/uploads\/sites\/2\/2022\/02\/08182759\/proMed-dcf700w.jpg\",\"datePublished\":\"2022-02-03T19:14:52+00:00\",\"dateModified\":\"2026-04-17T10:02:48+00:00\",\"description\":\"Ce cong\u00e9lateur bahut fiable Danby repr\u00e9sente le parfait ajout \u00e0 n\u2019importe quel type de r\u00e9sidence ou de chalet. L\u2019efficace et ing\u00e9nieuse mousse isolante, qui tapisse le caisson et le couvercle arrondi, contribuera \u00e0 r\u00e9duire notablement vos factures d\u2019\u00e9lectricit\u00e9. Le thermostat m\u00e9canique d\u2019acc\u00e8s facile, install\u00e9 en fa\u00e7ade, vous permettra de programmer facilement et rapidement l\u2019appareil \u00e0 la temp\u00e9rature d\u00e9sir\u00e9e. Cet \u00e9l\u00e9gant mod\u00e8le rec\u00e8le des tr\u00e9sors de surface d\u2019entreposage, il dispose en effet d\u2019un spacieux 204 litres (7.2 pieds cubes) d\u2019espace, tout en occupant peu de place. Ce mod\u00e8le populaire, comporte un syst\u00e8me pratique de d\u00e9givrage manuel ainsi qu\u2019un drain et gr\u00e2ce \u00e0 son robuste panier d\u2019entreposage recouvert de vinyle, vous serez en mesure de conserver s\u00e9par\u00e9ment vos aliments pr\u00e9f\u00e9r\u00e9s. Le recouvrement int\u00e9rieur est con\u00e7u pour \u00eatre d\u2019entretien facile et ce cong\u00e9lateur est pourvu d\u2019une garantie sans tracas de 12 mois sur les pi\u00e8ces et la main-d\u2019\u0153uvre, incluant le service \u00e0 domicile.\",\"breadcrumb\":[],\"inLanguage\":\"fr-CA\",\"potentialAction\":[{\"@type\":\"ReadAction\",\"target\":[\"https:\/\/www.danby.com\/fr\/products\/congelateurs\/dcf072a2wdb1\/\"]}]},{\"@type\":\"ImageObject\",\"inLanguage\":\"fr-CA\",\"url\":\"https:\/\/cdnweb.danby.com\/wp-content\/uploads\/sites\/2\/2022\/02\/08182759\/proMed-dcf700w.jpg\",\"contentUrl\":\"https:\/\/cdnweb.danby.com\/wp-content\/uploads\/sites\/2\/2022\/02\/08182759\/proMed-dcf700w.jpg\",\"width\":300,\"height\":272},{\"@type\":\"BreadcrumbList\",\"itemListElement\":[{\"@type\":\"ListItem\",\"position\":1,\"name\":\"Home\",\"item\":\"https:\/\/www.danby.com\/fr\/\"},{\"@type\":\"ListItem\",\"position\":2,\"name\":\"Boutique\",\"item\":\"https:\/\/www.danby.com\/fr\/boutique\/\"},{\"@type\":\"ListItem\",\"position\":3,\"name\":\"Danby 7.2 pi3 Cong\u00e9lateur\"}]},{\"@type\":\"WebSite\",\"url\":\"https:\/\/www.danby.com\/fr\/\",\"name\":\"Danby - Canada - French\",\"description\":\"Leader dans le domaine de la r\u00e9frig\u00e9ration et des appareils sp\u00e9cialis\u00e9s\",\"publisher\":[],\"potentialAction\":[{\"@type\":\"SearchAction\",\"target\":{\"@type\":\"EntryPoint\",\"urlTemplate\":\"https:\/\/www.danby.com\/fr\/?s={search_term_string}\"},\"query-input\":{\"@type\":\"PropertyValueSpecification\",\"valueRequired\":true,\"valueName\":\"search_term_string\"}}],\"inLanguage\":\"fr-CA\"},{\"@type\":\"Organization\",\"name\":\"Danby Appliances\",\"url\":\"https:\/\/www.danby.com\/fr\/\",\"logo\":{\"@type\":\"ImageObject\",\"inLanguage\":\"fr-CA\",\"url\":\"https:\/\/cdnweb.danby.com\/wp-content\/uploads\/sites\/2\/2022\/02\/10141906\/Danby75Ans_Blue.png\",\"contentUrl\":\"https:\/\/cdnweb.danby.com\/wp-content\/uploads\/sites\/2\/2022\/02\/10141906\/Danby75Ans_Blue.png\",\"width\":470,\"height\":110,\"caption\":\"Danby Appliances\"},\"image\":[],\"sameAs\":[\"https:\/\/www.facebook.com\/DanbyAppliances\",\"https:\/\/x.com\/DanbyAppliance\",\"https:\/\/instagram.com\/danbyappliances\/\",\"https:\/\/www.linkedin.com\/company\/danbyappliances\",\"https:\/\/www.pinterest.ca\/danbyappliances\/\",\"https:\/\/www.youtube.com\/user\/DanbyProducts\",\"https:\/\/en.wikipedia.org\/wiki\/Danby_(appliances)\"]}]}<\/script>\n<!-- \/ Yoast SEO plugin. -->","yoast_head_json":{"title":"Danby 7.2 pi3 Cong\u00e9lateur - DCF072A2WDB1 | Danby Canada","description":"Ce cong\u00e9lateur bahut fiable Danby repr\u00e9sente le parfait ajout \u00e0 n\u2019importe quel type de r\u00e9sidence ou de chalet. L\u2019efficace et ing\u00e9nieuse mousse isolante, qui tapisse le caisson et le couvercle arrondi, contribuera \u00e0 r\u00e9duire notablement vos factures d\u2019\u00e9lectricit\u00e9. Le thermostat m\u00e9canique d\u2019acc\u00e8s facile, install\u00e9 en fa\u00e7ade, vous permettra de programmer facilement et rapidement l\u2019appareil \u00e0 la temp\u00e9rature d\u00e9sir\u00e9e. Cet \u00e9l\u00e9gant mod\u00e8le rec\u00e8le des tr\u00e9sors de surface d\u2019entreposage, il dispose en effet d\u2019un spacieux 204 litres (7.2 pieds cubes) d\u2019espace, tout en occupant peu de place. Ce mod\u00e8le populaire, comporte un syst\u00e8me pratique de d\u00e9givrage manuel ainsi qu\u2019un drain et gr\u00e2ce \u00e0 son robuste panier d\u2019entreposage recouvert de vinyle, vous serez en mesure de conserver s\u00e9par\u00e9ment vos aliments pr\u00e9f\u00e9r\u00e9s. Le recouvrement int\u00e9rieur est con\u00e7u pour \u00eatre d\u2019entretien facile et ce cong\u00e9lateur est pourvu d\u2019une garantie sans tracas de 12 mois sur les pi\u00e8ces et la main-d\u2019\u0153uvre, incluant le service \u00e0 domicile.","robots":{"index":"index","follow":"follow","max-snippet":"max-snippet:-1","max-image-preview":"max-image-preview:large","max-video-preview":"max-video-preview:-1"},"canonical":"https:\/\/www.danby.com\/fr\/products\/congelateurs\/dcf072a2wdb1\/","og_locale":"fr_CA","og_type":"article","og_title":"Danby 7.2 pi3 Cong\u00e9lateur - DCF072A2WDB1 | Danby Canada","og_description":"Ce cong\u00e9lateur bahut fiable Danby repr\u00e9sente le parfait ajout \u00e0 n\u2019importe quel type de r\u00e9sidence ou de chalet. L\u2019efficace et ing\u00e9nieuse mousse isolante, qui tapisse le caisson et le couvercle arrondi, contribuera \u00e0 r\u00e9duire notablement vos factures d\u2019\u00e9lectricit\u00e9. Le thermostat m\u00e9canique d\u2019acc\u00e8s facile, install\u00e9 en fa\u00e7ade, vous permettra de programmer facilement et rapidement l\u2019appareil \u00e0 la temp\u00e9rature d\u00e9sir\u00e9e. Cet \u00e9l\u00e9gant mod\u00e8le rec\u00e8le des tr\u00e9sors de surface d\u2019entreposage, il dispose en effet d\u2019un spacieux 204 litres (7.2 pieds cubes) d\u2019espace, tout en occupant peu de place. Ce mod\u00e8le populaire, comporte un syst\u00e8me pratique de d\u00e9givrage manuel ainsi qu\u2019un drain et gr\u00e2ce \u00e0 son robuste panier d\u2019entreposage recouvert de vinyle, vous serez en mesure de conserver s\u00e9par\u00e9ment vos aliments pr\u00e9f\u00e9r\u00e9s. Le recouvrement int\u00e9rieur est con\u00e7u pour \u00eatre d\u2019entretien facile et ce cong\u00e9lateur est pourvu d\u2019une garantie sans tracas de 12 mois sur les pi\u00e8ces et la main-d\u2019\u0153uvre, incluant le service \u00e0 domicile.","og_url":"https:\/\/www.danby.com\/fr\/products\/congelateurs\/dcf072a2wdb1\/","og_site_name":"Danby - Canada - French","article_publisher":"https:\/\/www.facebook.com\/DanbyAppliances","article_modified_time":"2026-04-17T10:02:48+00:00","og_image":[{"width":300,"height":272,"url":"https:\/\/cdnweb.danby.com\/wp-content\/uploads\/sites\/2\/2022\/02\/08182759\/proMed-dcf700w.jpg","type":"image\/jpeg"}],"twitter_card":"summary_large_image","twitter_site":"@DanbyAppliance","schema":{"@context":"https:\/\/schema.org","@graph":[{"@type":["WebPage","ItemPage"],"url":"https:\/\/www.danby.com\/fr\/products\/congelateurs\/dcf072a2wdb1\/","name":"Danby 7.2 pi3 Cong\u00e9lateur - DCF072A2WDB1 | Danby Canada","isPartOf":[],"primaryImageOfPage":[],"image":[],"thumbnailUrl":"https:\/\/cdnweb.danby.com\/wp-content\/uploads\/sites\/2\/2022\/02\/08182759\/proMed-dcf700w.jpg","datePublished":"2022-02-03T19:14:52+00:00","dateModified":"2026-04-17T10:02:48+00:00","description":"Ce cong\u00e9lateur bahut fiable Danby repr\u00e9sente le parfait ajout \u00e0 n\u2019importe quel type de r\u00e9sidence ou de chalet. L\u2019efficace et ing\u00e9nieuse mousse isolante, qui tapisse le caisson et le couvercle arrondi, contribuera \u00e0 r\u00e9duire notablement vos factures d\u2019\u00e9lectricit\u00e9. Le thermostat m\u00e9canique d\u2019acc\u00e8s facile, install\u00e9 en fa\u00e7ade, vous permettra de programmer facilement et rapidement l\u2019appareil \u00e0 la temp\u00e9rature d\u00e9sir\u00e9e. Cet \u00e9l\u00e9gant mod\u00e8le rec\u00e8le des tr\u00e9sors de surface d\u2019entreposage, il dispose en effet d\u2019un spacieux 204 litres (7.2 pieds cubes) d\u2019espace, tout en occupant peu de place. Ce mod\u00e8le populaire, comporte un syst\u00e8me pratique de d\u00e9givrage manuel ainsi qu\u2019un drain et gr\u00e2ce \u00e0 son robuste panier d\u2019entreposage recouvert de vinyle, vous serez en mesure de conserver s\u00e9par\u00e9ment vos aliments pr\u00e9f\u00e9r\u00e9s. Le recouvrement int\u00e9rieur est con\u00e7u pour \u00eatre d\u2019entretien facile et ce cong\u00e9lateur est pourvu d\u2019une garantie sans tracas de 12 mois sur les pi\u00e8ces et la main-d\u2019\u0153uvre, incluant le service \u00e0 domicile.","breadcrumb":[],"inLanguage":"fr-CA","potentialAction":[{"@type":"ReadAction","target":["https:\/\/www.danby.com\/fr\/products\/congelateurs\/dcf072a2wdb1\/"]}]},{"@type":"ImageObject","inLanguage":"fr-CA","url":"https:\/\/cdnweb.danby.com\/wp-content\/uploads\/sites\/2\/2022\/02\/08182759\/proMed-dcf700w.jpg","contentUrl":"https:\/\/cdnweb.danby.com\/wp-content\/uploads\/sites\/2\/2022\/02\/08182759\/proMed-dcf700w.jpg","width":300,"height":272},{"@type":"BreadcrumbList","itemListElement":[{"@type":"ListItem","position":1,"name":"Home","item":"https:\/\/www.danby.com\/fr\/"},{"@type":"ListItem","position":2,"name":"Boutique","item":"https:\/\/www.danby.com\/fr\/boutique\/"},{"@type":"ListItem","position":3,"name":"Danby 7.2 pi3 Cong\u00e9lateur"}]},{"@type":"WebSite","url":"https:\/\/www.danby.com\/fr\/","name":"Danby - Canada - French","description":"Leader dans le domaine de la r\u00e9frig\u00e9ration et des appareils sp\u00e9cialis\u00e9s","publisher":[],"potentialAction":[{"@type":"SearchAction","target":{"@type":"EntryPoint","urlTemplate":"https:\/\/www.danby.com\/fr\/?s={search_term_string}"},"query-input":{"@type":"PropertyValueSpecification","valueRequired":true,"valueName":"search_term_string"}}],"inLanguage":"fr-CA"},{"@type":"Organization","name":"Danby Appliances","url":"https:\/\/www.danby.com\/fr\/","logo":{"@type":"ImageObject","inLanguage":"fr-CA","url":"https:\/\/cdnweb.danby.com\/wp-content\/uploads\/sites\/2\/2022\/02\/10141906\/Danby75Ans_Blue.png","contentUrl":"https:\/\/cdnweb.danby.com\/wp-content\/uploads\/sites\/2\/2022\/02\/10141906\/Danby75Ans_Blue.png","width":470,"height":110,"caption":"Danby Appliances"},"image":[],"sameAs":["https:\/\/www.facebook.com\/DanbyAppliances","https:\/\/x.com\/DanbyAppliance","https:\/\/instagram.com\/danbyappliances\/","https:\/\/www.linkedin.com\/company\/danbyappliances","https:\/\/www.pinterest.ca\/danbyappliances\/","https:\/\/www.youtube.com\/user\/DanbyProducts","https:\/\/en.wikipedia.org\/wiki\/Danby_(appliances)"]}]}},"post_mailing_queue_ids":[],"_links":{"self":[{"href":"https:\/\/www.danby.com\/fr\/wp-json\/wp\/v2\/product\/4737","targetHints":{"allow":["GET"]}}],"collection":[{"href":"https:\/\/www.danby.com\/fr\/wp-json\/wp\/v2\/product"}],"about":[{"href":"https:\/\/www.danby.com\/fr\/wp-json\/wp\/v2\/types\/product"}],"replies":[{"embeddable":true,"href":"https:\/\/www.danby.com\/fr\/wp-json\/wp\/v2\/comments?post=4737"}],"wp:featuredmedia":[{"embeddable":true,"href":"https:\/\/www.danby.com\/fr\/wp-json\/wp\/v2\/media\/6029"}],"wp:attachment":[{"href":"https:\/\/www.danby.com\/fr\/wp-json\/wp\/v2\/media?parent=4737"}],"wp:term":[{"taxonomy":"product_brand","embeddable":true,"href":"https:\/\/www.danby.com\/fr\/wp-json\/wp\/v2\/product_brand?post=4737"},{"taxonomy":"product_cat","embeddable":true,"href":"https:\/\/www.danby.com\/fr\/wp-json\/wp\/v2\/product_cat?post=4737"},{"taxonomy":"product_tag","embeddable":true,"href":"https:\/\/www.danby.com\/fr\/wp-json\/wp\/v2\/product_tag?post=4737"}],"curies":[{"name":"wp","href":"https:\/\/api.w.org\/{rel}","templated":true}]}}