{"id":4735,"date":"2022-02-03T19:14:52","date_gmt":"2022-02-03T19:14:52","guid":{"rendered":"https:\/\/www.danby.com\/fr\/product\/dcf072a1wdb\/"},"modified":"2026-04-29T10:22:17","modified_gmt":"2026-04-29T10:22:17","slug":"dcf072a1wdb","status":"publish","type":"product","link":"https:\/\/www.danby.com\/fr\/products\/congelateurs\/dcf072a1wdb\/","title":{"rendered":"Danby Diplomat 7.2 cu.ft. Cong\u00e9lateur coffre"},"content":{"rendered":"","protected":false},"excerpt":{"rendered":"<ul>\n<li>Capacit\u00e9 de 7,2 pi3 (205 L) : Stockez davantage de vos aliments surgel\u00e9s pr\u00e9f\u00e9r\u00e9s et optimisez le stockage des aliments en vrac.<\/li>\n<li>Energy Star : Efficacit\u00e9 \u00e9nerg\u00e9tique pour vous aider \u00e0 \u00e9conomiser de l&#8217;argent.<\/li>\n<li>Thermostat m\u00e9canique : Facilit\u00e9 d&#8217;utilisation dans le r\u00e9glage de la plage de temp\u00e9rature variable.<\/li>\n<li>Panier de rangement en fil m\u00e9tallique : 1 paniers de rangement en fil m\u00e9tallique r\u00e9glables pour les articles plus petits et fr\u00e9quemment utilis\u00e9s.<\/li>\n<li>D\u00e9givrage manuel : Le drain mont\u00e9 \u00e0 l&#8217;avant permet une \u00e9vacuation facile pendant le d\u00e9givrage manuel.<\/li>\n<li>Voyant de mise sous tension : vous permet de savoir que votre cong\u00e9lateur fonctionne.<\/li>\n<li>Jambes de mise \u00e0 niveau r\u00e9glables : Permet une installation facile sur des sols in\u00e9gaux.<\/li>\n<li>Pr\u00eat pour le garage : Le cong\u00e9lateur peut fonctionner \u00e0 des temp\u00e9ratures allant de 10,4oF \u00e0 -11,2oF (-12oC \u00e0 -24oC).<\/li>\n<li>24 mois pi\u00e8ces et main d&#8217;\u0153uvre port\u00e9s en garantie.<\/li>\n<\/ul>\n","protected":false},"featured_media":12254,"comment_status":"closed","ping_status":"closed","template":"","meta":{"_acf_changed":false},"product_brand":[],"product_cat":[27],"product_tag":[],"class_list":{"0":"post-4735","1":"product","2":"type-product","3":"status-publish","4":"has-post-thumbnail","6":"product_cat-congelateurs","7":"pa_capacite-pi3-7-2","8":"pa_couleur-white","9":"pa_duree-de-la-garantie-en-mois-1181","11":"first","12":"outofstock","13":"taxable","14":"shipping-taxable","15":"product-type-simple"},"acf":[],"yoast_head":"<!-- This site is optimized with the Yoast SEO plugin v27.5 - https:\/\/yoast.com\/product\/yoast-seo-wordpress\/ -->\n<title>Danby Diplomat 7.2 cu.ft. Cong\u00e9lateur coffre - DCF072A1WDB | Danby Canada<\/title>\n<meta name=\"description\" content=\"Conservez davantage de vos aliments surgel\u00e9s pr\u00e9f\u00e9r\u00e9s et optimisez le stockage des aliments en vrac avec ce cong\u00e9lateur coffre de Danby. Id\u00e9al pour les sous-sols, les cuisines ou les garages. Profitez d&#039;un g\u00e9n\u00e9reux espace de cong\u00e9lation de 7,2 pieds cubes (205 L), ce qui en fait la capacit\u00e9 parfaite pour les couples et les petites familles. Pour plus de commodit\u00e9, un thermostat m\u00e9canique mont\u00e9 \u00e0 l&#039;avant offre une plage de temp\u00e9rature variable r\u00e9glable. Tous vos aliments fr\u00e9quemment utilis\u00e9s peuvent \u00eatre rang\u00e9s pr\u00e8s du sommet gr\u00e2ce \u00e0 deux paniers de rangement pratiques, ce qui permet de garder vos plats congel\u00e9s accessibles et organis\u00e9s. \u00c9quip\u00e9 d&#039;un t\u00e9moin lumineux de mise sous tension pour vous indiquer que votre cong\u00e9lateur fonctionne en continu et de pieds de mise \u00e0 niveau r\u00e9glables pour faciliter l&#039;installation sur des sols irr\u00e9guliers. \u00c9conomisez de l&#039;argent et de l&#039;\u00e9nergie avec ce produit class\u00e9 ENERGY STAR\u00ae. Ce mod\u00e8le est pr\u00eat pour le garage et peut fonctionner \u00e0 des temp\u00e9ratures allant de 10,4oF \u00e0 -11,2oF (12oC \u00e0 -24oC).\" \/>\n<meta name=\"robots\" content=\"index, follow, max-snippet:-1, max-image-preview:large, max-video-preview:-1\" \/>\n<link rel=\"canonical\" href=\"https:\/\/www.danby.com\/fr\/products\/congelateurs\/dcf072a1wdb\/\" \/>\n<meta property=\"og:locale\" content=\"fr_CA\" \/>\n<meta property=\"og:type\" content=\"article\" \/>\n<meta property=\"og:title\" content=\"Danby Diplomat 7.2 cu.ft. Cong\u00e9lateur coffre - DCF072A1WDB | Danby Canada\" \/>\n<meta property=\"og:description\" content=\"Conservez davantage de vos aliments surgel\u00e9s pr\u00e9f\u00e9r\u00e9s et optimisez le stockage des aliments en vrac avec ce cong\u00e9lateur coffre de Danby. Id\u00e9al pour les sous-sols, les cuisines ou les garages. Profitez d&#039;un g\u00e9n\u00e9reux espace de cong\u00e9lation de 7,2 pieds cubes (205 L), ce qui en fait la capacit\u00e9 parfaite pour les couples et les petites familles. Pour plus de commodit\u00e9, un thermostat m\u00e9canique mont\u00e9 \u00e0 l&#039;avant offre une plage de temp\u00e9rature variable r\u00e9glable. Tous vos aliments fr\u00e9quemment utilis\u00e9s peuvent \u00eatre rang\u00e9s pr\u00e8s du sommet gr\u00e2ce \u00e0 deux paniers de rangement pratiques, ce qui permet de garder vos plats congel\u00e9s accessibles et organis\u00e9s. \u00c9quip\u00e9 d&#039;un t\u00e9moin lumineux de mise sous tension pour vous indiquer que votre cong\u00e9lateur fonctionne en continu et de pieds de mise \u00e0 niveau r\u00e9glables pour faciliter l&#039;installation sur des sols irr\u00e9guliers. \u00c9conomisez de l&#039;argent et de l&#039;\u00e9nergie avec ce produit class\u00e9 ENERGY STAR\u00ae. Ce mod\u00e8le est pr\u00eat pour le garage et peut fonctionner \u00e0 des temp\u00e9ratures allant de 10,4oF \u00e0 -11,2oF (12oC \u00e0 -24oC).\" \/>\n<meta property=\"og:url\" content=\"https:\/\/www.danby.com\/fr\/products\/congelateurs\/dcf072a1wdb\/\" \/>\n<meta property=\"og:site_name\" content=\"Danby - Canada - French\" \/>\n<meta property=\"article:publisher\" content=\"https:\/\/www.facebook.com\/DanbyAppliances\" \/>\n<meta property=\"article:modified_time\" content=\"2026-04-29T10:22:17+00:00\" \/>\n<meta property=\"og:image\" content=\"https:\/\/cdnweb.danby.com\/wp-content\/uploads\/sites\/2\/2022\/02\/09151020\/DCF072A1WDB-Featured.jpg\" \/>\n\t<meta property=\"og:image:width\" content=\"1440\" \/>\n\t<meta property=\"og:image:height\" content=\"1920\" \/>\n\t<meta property=\"og:image:type\" content=\"image\/jpeg\" \/>\n<meta name=\"twitter:card\" content=\"summary_large_image\" \/>\n<meta name=\"twitter:site\" content=\"@DanbyAppliance\" \/>\n<meta name=\"twitter:label1\" content=\"Estimation du temps de lecture\" \/>\n\t<meta name=\"twitter:data1\" content=\"1 minute\" \/>\n<script type=\"application\/ld+json\" class=\"yoast-schema-graph\">{\"@context\":\"https:\\\/\\\/schema.org\",\"@graph\":[{\"@type\":[\"WebPage\",\"ItemPage\"],\"url\":\"https:\\\/\\\/www.danby.com\\\/fr\\\/products\\\/congelateurs\\\/dcf072a1wdb\\\/\",\"name\":\"Danby Diplomat 7.2 cu.ft. Cong\u00e9lateur coffre - DCF072A1WDB | Danby Canada\",\"isPartOf\":[],\"primaryImageOfPage\":[],\"image\":[],\"thumbnailUrl\":\"https:\\\/\\\/cdnweb.danby.com\\\/wp-content\\\/uploads\\\/sites\\\/2\\\/2022\\\/02\\\/09151020\\\/DCF072A1WDB-Featured.jpg\",\"datePublished\":\"2022-02-03T19:14:52+00:00\",\"dateModified\":\"2026-04-29T10:22:17+00:00\",\"description\":\"Conservez davantage de vos aliments surgel\u00e9s pr\u00e9f\u00e9r\u00e9s et optimisez le stockage des aliments en vrac avec ce cong\u00e9lateur coffre de Danby. Id\u00e9al pour les sous-sols, les cuisines ou les garages. Profitez d'un g\u00e9n\u00e9reux espace de cong\u00e9lation de 7,2 pieds cubes (205 L), ce qui en fait la capacit\u00e9 parfaite pour les couples et les petites familles. Pour plus de commodit\u00e9, un thermostat m\u00e9canique mont\u00e9 \u00e0 l'avant offre une plage de temp\u00e9rature variable r\u00e9glable. Tous vos aliments fr\u00e9quemment utilis\u00e9s peuvent \u00eatre rang\u00e9s pr\u00e8s du sommet gr\u00e2ce \u00e0 deux paniers de rangement pratiques, ce qui permet de garder vos plats congel\u00e9s accessibles et organis\u00e9s. \u00c9quip\u00e9 d'un t\u00e9moin lumineux de mise sous tension pour vous indiquer que votre cong\u00e9lateur fonctionne en continu et de pieds de mise \u00e0 niveau r\u00e9glables pour faciliter l'installation sur des sols irr\u00e9guliers. \u00c9conomisez de l'argent et de l'\u00e9nergie avec ce produit class\u00e9 ENERGY STAR\u00ae. Ce mod\u00e8le est pr\u00eat pour le garage et peut fonctionner \u00e0 des temp\u00e9ratures allant de 10,4oF \u00e0 -11,2oF (12oC \u00e0 -24oC).\",\"breadcrumb\":[],\"inLanguage\":\"fr-CA\",\"potentialAction\":[{\"@type\":\"ReadAction\",\"target\":[\"https:\\\/\\\/www.danby.com\\\/fr\\\/products\\\/congelateurs\\\/dcf072a1wdb\\\/\"]}]},{\"@type\":\"ImageObject\",\"inLanguage\":\"fr-CA\",\"url\":\"https:\\\/\\\/cdnweb.danby.com\\\/wp-content\\\/uploads\\\/sites\\\/2\\\/2022\\\/02\\\/09151020\\\/DCF072A1WDB-Featured.jpg\",\"contentUrl\":\"https:\\\/\\\/cdnweb.danby.com\\\/wp-content\\\/uploads\\\/sites\\\/2\\\/2022\\\/02\\\/09151020\\\/DCF072A1WDB-Featured.jpg\",\"width\":1440,\"height\":1920},{\"@type\":\"BreadcrumbList\",\"itemListElement\":[{\"@type\":\"ListItem\",\"position\":1,\"name\":\"Home\",\"item\":\"https:\\\/\\\/www.danby.com\\\/fr\\\/\"},{\"@type\":\"ListItem\",\"position\":2,\"name\":\"Boutique\",\"item\":\"https:\\\/\\\/www.danby.com\\\/fr\\\/boutique\\\/\"},{\"@type\":\"ListItem\",\"position\":3,\"name\":\"Danby Diplomat 7.2 cu.ft. Cong\u00e9lateur coffre\"}]},{\"@type\":\"WebSite\",\"url\":\"https:\\\/\\\/www.danby.com\\\/fr\\\/\",\"name\":\"Danby - Canada - French\",\"description\":\"Leader dans le domaine de la r\u00e9frig\u00e9ration et des appareils sp\u00e9cialis\u00e9s\",\"publisher\":[],\"potentialAction\":[{\"@type\":\"SearchAction\",\"target\":{\"@type\":\"EntryPoint\",\"urlTemplate\":\"https:\\\/\\\/www.danby.com\\\/fr\\\/?s={search_term_string}\"},\"query-input\":{\"@type\":\"PropertyValueSpecification\",\"valueRequired\":true,\"valueName\":\"search_term_string\"}}],\"inLanguage\":\"fr-CA\"},{\"@type\":\"Organization\",\"name\":\"Danby Appliances\",\"url\":\"https:\\\/\\\/www.danby.com\\\/fr\\\/\",\"logo\":{\"@type\":\"ImageObject\",\"inLanguage\":\"fr-CA\",\"url\":\"https:\\\/\\\/cdnweb.danby.com\\\/wp-content\\\/uploads\\\/sites\\\/2\\\/2022\\\/02\\\/10141906\\\/Danby75Ans_Blue.png\",\"contentUrl\":\"https:\\\/\\\/cdnweb.danby.com\\\/wp-content\\\/uploads\\\/sites\\\/2\\\/2022\\\/02\\\/10141906\\\/Danby75Ans_Blue.png\",\"width\":470,\"height\":110,\"caption\":\"Danby Appliances\"},\"image\":[],\"sameAs\":[\"https:\\\/\\\/www.facebook.com\\\/DanbyAppliances\",\"https:\\\/\\\/x.com\\\/DanbyAppliance\",\"https:\\\/\\\/instagram.com\\\/danbyappliances\\\/\",\"https:\\\/\\\/www.linkedin.com\\\/company\\\/danbyappliances\",\"https:\\\/\\\/www.pinterest.ca\\\/danbyappliances\\\/\",\"https:\\\/\\\/www.youtube.com\\\/user\\\/DanbyProducts\",\"https:\\\/\\\/en.wikipedia.org\\\/wiki\\\/Danby_(appliances)\"]}]}<\/script>\n<!-- \/ Yoast SEO plugin. -->","yoast_head_json":{"title":"Danby Diplomat 7.2 cu.ft. Cong\u00e9lateur coffre - DCF072A1WDB | Danby Canada","description":"Conservez davantage de vos aliments surgel\u00e9s pr\u00e9f\u00e9r\u00e9s et optimisez le stockage des aliments en vrac avec ce cong\u00e9lateur coffre de Danby. Id\u00e9al pour les sous-sols, les cuisines ou les garages. Profitez d'un g\u00e9n\u00e9reux espace de cong\u00e9lation de 7,2 pieds cubes (205 L), ce qui en fait la capacit\u00e9 parfaite pour les couples et les petites familles. Pour plus de commodit\u00e9, un thermostat m\u00e9canique mont\u00e9 \u00e0 l'avant offre une plage de temp\u00e9rature variable r\u00e9glable. Tous vos aliments fr\u00e9quemment utilis\u00e9s peuvent \u00eatre rang\u00e9s pr\u00e8s du sommet gr\u00e2ce \u00e0 deux paniers de rangement pratiques, ce qui permet de garder vos plats congel\u00e9s accessibles et organis\u00e9s. \u00c9quip\u00e9 d'un t\u00e9moin lumineux de mise sous tension pour vous indiquer que votre cong\u00e9lateur fonctionne en continu et de pieds de mise \u00e0 niveau r\u00e9glables pour faciliter l'installation sur des sols irr\u00e9guliers. \u00c9conomisez de l'argent et de l'\u00e9nergie avec ce produit class\u00e9 ENERGY STAR\u00ae. Ce mod\u00e8le est pr\u00eat pour le garage et peut fonctionner \u00e0 des temp\u00e9ratures allant de 10,4oF \u00e0 -11,2oF (12oC \u00e0 -24oC).","robots":{"index":"index","follow":"follow","max-snippet":"max-snippet:-1","max-image-preview":"max-image-preview:large","max-video-preview":"max-video-preview:-1"},"canonical":"https:\/\/www.danby.com\/fr\/products\/congelateurs\/dcf072a1wdb\/","og_locale":"fr_CA","og_type":"article","og_title":"Danby Diplomat 7.2 cu.ft. Cong\u00e9lateur coffre - DCF072A1WDB | Danby Canada","og_description":"Conservez davantage de vos aliments surgel\u00e9s pr\u00e9f\u00e9r\u00e9s et optimisez le stockage des aliments en vrac avec ce cong\u00e9lateur coffre de Danby. Id\u00e9al pour les sous-sols, les cuisines ou les garages. Profitez d'un g\u00e9n\u00e9reux espace de cong\u00e9lation de 7,2 pieds cubes (205 L), ce qui en fait la capacit\u00e9 parfaite pour les couples et les petites familles. Pour plus de commodit\u00e9, un thermostat m\u00e9canique mont\u00e9 \u00e0 l'avant offre une plage de temp\u00e9rature variable r\u00e9glable. Tous vos aliments fr\u00e9quemment utilis\u00e9s peuvent \u00eatre rang\u00e9s pr\u00e8s du sommet gr\u00e2ce \u00e0 deux paniers de rangement pratiques, ce qui permet de garder vos plats congel\u00e9s accessibles et organis\u00e9s. \u00c9quip\u00e9 d'un t\u00e9moin lumineux de mise sous tension pour vous indiquer que votre cong\u00e9lateur fonctionne en continu et de pieds de mise \u00e0 niveau r\u00e9glables pour faciliter l'installation sur des sols irr\u00e9guliers. \u00c9conomisez de l'argent et de l'\u00e9nergie avec ce produit class\u00e9 ENERGY STAR\u00ae. Ce mod\u00e8le est pr\u00eat pour le garage et peut fonctionner \u00e0 des temp\u00e9ratures allant de 10,4oF \u00e0 -11,2oF (12oC \u00e0 -24oC).","og_url":"https:\/\/www.danby.com\/fr\/products\/congelateurs\/dcf072a1wdb\/","og_site_name":"Danby - Canada - French","article_publisher":"https:\/\/www.facebook.com\/DanbyAppliances","article_modified_time":"2026-04-29T10:22:17+00:00","og_image":[{"width":1440,"height":1920,"url":"https:\/\/cdnweb.danby.com\/wp-content\/uploads\/sites\/2\/2022\/02\/09151020\/DCF072A1WDB-Featured.jpg","type":"image\/jpeg"}],"twitter_card":"summary_large_image","twitter_site":"@DanbyAppliance","twitter_misc":{"Estimation du temps de lecture":"1 minute"},"schema":{"@context":"https:\/\/schema.org","@graph":[{"@type":["WebPage","ItemPage"],"url":"https:\/\/www.danby.com\/fr\/products\/congelateurs\/dcf072a1wdb\/","name":"Danby Diplomat 7.2 cu.ft. Cong\u00e9lateur coffre - DCF072A1WDB | Danby Canada","isPartOf":[],"primaryImageOfPage":[],"image":[],"thumbnailUrl":"https:\/\/cdnweb.danby.com\/wp-content\/uploads\/sites\/2\/2022\/02\/09151020\/DCF072A1WDB-Featured.jpg","datePublished":"2022-02-03T19:14:52+00:00","dateModified":"2026-04-29T10:22:17+00:00","description":"Conservez davantage de vos aliments surgel\u00e9s pr\u00e9f\u00e9r\u00e9s et optimisez le stockage des aliments en vrac avec ce cong\u00e9lateur coffre de Danby. Id\u00e9al pour les sous-sols, les cuisines ou les garages. Profitez d'un g\u00e9n\u00e9reux espace de cong\u00e9lation de 7,2 pieds cubes (205 L), ce qui en fait la capacit\u00e9 parfaite pour les couples et les petites familles. Pour plus de commodit\u00e9, un thermostat m\u00e9canique mont\u00e9 \u00e0 l'avant offre une plage de temp\u00e9rature variable r\u00e9glable. Tous vos aliments fr\u00e9quemment utilis\u00e9s peuvent \u00eatre rang\u00e9s pr\u00e8s du sommet gr\u00e2ce \u00e0 deux paniers de rangement pratiques, ce qui permet de garder vos plats congel\u00e9s accessibles et organis\u00e9s. \u00c9quip\u00e9 d'un t\u00e9moin lumineux de mise sous tension pour vous indiquer que votre cong\u00e9lateur fonctionne en continu et de pieds de mise \u00e0 niveau r\u00e9glables pour faciliter l'installation sur des sols irr\u00e9guliers. \u00c9conomisez de l'argent et de l'\u00e9nergie avec ce produit class\u00e9 ENERGY STAR\u00ae. Ce mod\u00e8le est pr\u00eat pour le garage et peut fonctionner \u00e0 des temp\u00e9ratures allant de 10,4oF \u00e0 -11,2oF (12oC \u00e0 -24oC).","breadcrumb":[],"inLanguage":"fr-CA","potentialAction":[{"@type":"ReadAction","target":["https:\/\/www.danby.com\/fr\/products\/congelateurs\/dcf072a1wdb\/"]}]},{"@type":"ImageObject","inLanguage":"fr-CA","url":"https:\/\/cdnweb.danby.com\/wp-content\/uploads\/sites\/2\/2022\/02\/09151020\/DCF072A1WDB-Featured.jpg","contentUrl":"https:\/\/cdnweb.danby.com\/wp-content\/uploads\/sites\/2\/2022\/02\/09151020\/DCF072A1WDB-Featured.jpg","width":1440,"height":1920},{"@type":"BreadcrumbList","itemListElement":[{"@type":"ListItem","position":1,"name":"Home","item":"https:\/\/www.danby.com\/fr\/"},{"@type":"ListItem","position":2,"name":"Boutique","item":"https:\/\/www.danby.com\/fr\/boutique\/"},{"@type":"ListItem","position":3,"name":"Danby Diplomat 7.2 cu.ft. Cong\u00e9lateur coffre"}]},{"@type":"WebSite","url":"https:\/\/www.danby.com\/fr\/","name":"Danby - Canada - French","description":"Leader dans le domaine de la r\u00e9frig\u00e9ration et des appareils sp\u00e9cialis\u00e9s","publisher":[],"potentialAction":[{"@type":"SearchAction","target":{"@type":"EntryPoint","urlTemplate":"https:\/\/www.danby.com\/fr\/?s={search_term_string}"},"query-input":{"@type":"PropertyValueSpecification","valueRequired":true,"valueName":"search_term_string"}}],"inLanguage":"fr-CA"},{"@type":"Organization","name":"Danby Appliances","url":"https:\/\/www.danby.com\/fr\/","logo":{"@type":"ImageObject","inLanguage":"fr-CA","url":"https:\/\/cdnweb.danby.com\/wp-content\/uploads\/sites\/2\/2022\/02\/10141906\/Danby75Ans_Blue.png","contentUrl":"https:\/\/cdnweb.danby.com\/wp-content\/uploads\/sites\/2\/2022\/02\/10141906\/Danby75Ans_Blue.png","width":470,"height":110,"caption":"Danby Appliances"},"image":[],"sameAs":["https:\/\/www.facebook.com\/DanbyAppliances","https:\/\/x.com\/DanbyAppliance","https:\/\/instagram.com\/danbyappliances\/","https:\/\/www.linkedin.com\/company\/danbyappliances","https:\/\/www.pinterest.ca\/danbyappliances\/","https:\/\/www.youtube.com\/user\/DanbyProducts","https:\/\/en.wikipedia.org\/wiki\/Danby_(appliances)"]}]}},"post_mailing_queue_ids":[],"_links":{"self":[{"href":"https:\/\/www.danby.com\/fr\/wp-json\/wp\/v2\/product\/4735","targetHints":{"allow":["GET"]}}],"collection":[{"href":"https:\/\/www.danby.com\/fr\/wp-json\/wp\/v2\/product"}],"about":[{"href":"https:\/\/www.danby.com\/fr\/wp-json\/wp\/v2\/types\/product"}],"replies":[{"embeddable":true,"href":"https:\/\/www.danby.com\/fr\/wp-json\/wp\/v2\/comments?post=4735"}],"wp:featuredmedia":[{"embeddable":true,"href":"https:\/\/www.danby.com\/fr\/wp-json\/wp\/v2\/media\/12254"}],"wp:attachment":[{"href":"https:\/\/www.danby.com\/fr\/wp-json\/wp\/v2\/media?parent=4735"}],"wp:term":[{"taxonomy":"product_brand","embeddable":true,"href":"https:\/\/www.danby.com\/fr\/wp-json\/wp\/v2\/product_brand?post=4735"},{"taxonomy":"product_cat","embeddable":true,"href":"https:\/\/www.danby.com\/fr\/wp-json\/wp\/v2\/product_cat?post=4735"},{"taxonomy":"product_tag","embeddable":true,"href":"https:\/\/www.danby.com\/fr\/wp-json\/wp\/v2\/product_tag?post=4735"}],"curies":[{"name":"wp","href":"https:\/\/api.w.org\/{rel}","templated":true}]}}