{"id":4730,"date":"2022-02-03T19:14:52","date_gmt":"2022-02-03T19:14:52","guid":{"rendered":"https:\/\/www.danby.com\/fr\/product\/dcf070a1bdb\/"},"modified":"2026-04-12T10:04:59","modified_gmt":"2026-04-12T10:04:59","slug":"dcf070a1bdb","status":"publish","type":"product","link":"https:\/\/www.danby.com\/fr\/products\/congelateurs\/dcf070a1bdb\/","title":{"rendered":"Danby 7 pi3 Cong\u00e9lateur"},"content":{"rendered":"","protected":false},"excerpt":{"rendered":"<ul>\n<li>Cong\u00e9lateur coffre d&#8217;une capacit\u00e9 de 7 pi3. (198,2 litres) de capacit\u00e9 cong\u00e9lateur coffre<\/li>\n<li>Tableau de temp\u00e9rature de -12\u00b0C \u00e0 -25\u00b0C (10.4\u00b0F \u00e0 -13\u00b0F)<\/li>\n<li>D\u00e9givrage manuel<\/li>\n<li>1 panier en fil m\u00e9tallique blanc r\u00e9glable<\/li>\n<li>1 compartiment Diviseur pour une organisation facile<\/li>\n<li>Thermostat m\u00e9canique<\/li>\n<li>Drain de d\u00e9givrage mont\u00e9 \u00e0 l&#8217;avant<\/li>\n<li>Rev\u00eatement int\u00e9rieur facile \u00e0 nettoyer<\/li>\n<li>Voyant d&#8217;alimentation<\/li>\n<\/ul>\n","protected":false},"featured_media":5871,"comment_status":"closed","ping_status":"open","template":"","meta":{"_acf_changed":false},"product_brand":[],"product_cat":[27],"product_tag":[],"class_list":{"0":"post-4730","1":"product","2":"type-product","3":"status-publish","4":"has-post-thumbnail","6":"product_cat-congelateurs","8":"first","9":"outofstock","10":"taxable","11":"shipping-taxable","12":"product-type-simple"},"acf":[],"yoast_head":"<!-- This site is optimized with the Yoast SEO plugin v26.7 - https:\/\/yoast.com\/wordpress\/plugins\/seo\/ -->\n<title>Danby 7 pi3 Cong\u00e9lateur - DCF070A1BDB | Danby Canada<\/title>\n<meta name=\"description\" content=\"Vous n\u2019aurez jamais plus \u00e0 vous soucier de manquer d\u2019espace d\u2019entreposage pour vos aliments congel\u00e9s, gr\u00e2ce \u00e0 ce cong\u00e9lateur bahut de 198,2 litres (7 pieds cubes). Vous pourriez aussi avoir l\u2019agr\u00e9able surprise de constater une diminution de vos co\u00fbts d\u2019\u00e9lectricit\u00e9, \u00e9tant donn\u00e9 que ce mod\u00e8le dispose d\u2019un caisson et d\u2019un couvercle \u00e9conerg\u00e9tiques, doubl\u00e9s de mousse isolante. Cet appareil est \u00e9quip\u00e9 d\u2019un thermostat m\u00e9canique, install\u00e9 en fa\u00e7ade, pour un acc\u00e8s facile et disposant d\u2019une plage de temp\u00e9ratures comprise entre -12\u00b0C et -25\u00b0C (10.4\u00b0F et -13\u00b0F) et le rev\u00eatement int\u00e9rieur antirouille ne demande qu\u2019un minimum d\u2019entretien. Le drain de d\u00e9givrage est lui aussi install\u00e9 en fa\u00e7ade, afin de rendre le processus de d\u00e9givrage manuel aussi rapide et simple que possible. Gr\u00e2ce au pratique panier en treillis m\u00e9tallique blanc r\u00e9glable, tous vos aliments congel\u00e9s les plus populaires pourront \u00eatre entrepos\u00e9s pr\u00e8s de la surface du cong\u00e9lateur, ce qui en facilitera l\u2019acc\u00e8s. \u00c0 cela, il faut ajouter un s\u00e9parateur de compartiment pratique, qui contribue aussi \u00e0 simplifier la gestion des aliments. Ce cong\u00e9lateur bahut spacieux et \u00e9l\u00e9gant est assorti d\u2019un voyant d\u2019alimentation intelligent et d\u2019une garantie de 12 mois sur les pi\u00e8ces et la main-d\u2019\u0153uvre, incluant le service \u00e0 domicile.\" \/>\n<meta name=\"robots\" content=\"index, follow, max-snippet:-1, max-image-preview:large, max-video-preview:-1\" \/>\n<link rel=\"canonical\" href=\"https:\/\/www.danby.com\/fr\/products\/congelateurs\/dcf070a1bdb\/\" \/>\n<meta property=\"og:locale\" content=\"fr_CA\" \/>\n<meta property=\"og:type\" content=\"article\" \/>\n<meta property=\"og:title\" content=\"Danby 7 pi3 Cong\u00e9lateur - DCF070A1BDB | Danby Canada\" \/>\n<meta property=\"og:description\" content=\"Vous n\u2019aurez jamais plus \u00e0 vous soucier de manquer d\u2019espace d\u2019entreposage pour vos aliments congel\u00e9s, gr\u00e2ce \u00e0 ce cong\u00e9lateur bahut de 198,2 litres (7 pieds cubes). Vous pourriez aussi avoir l\u2019agr\u00e9able surprise de constater une diminution de vos co\u00fbts d\u2019\u00e9lectricit\u00e9, \u00e9tant donn\u00e9 que ce mod\u00e8le dispose d\u2019un caisson et d\u2019un couvercle \u00e9conerg\u00e9tiques, doubl\u00e9s de mousse isolante. Cet appareil est \u00e9quip\u00e9 d\u2019un thermostat m\u00e9canique, install\u00e9 en fa\u00e7ade, pour un acc\u00e8s facile et disposant d\u2019une plage de temp\u00e9ratures comprise entre -12\u00b0C et -25\u00b0C (10.4\u00b0F et -13\u00b0F) et le rev\u00eatement int\u00e9rieur antirouille ne demande qu\u2019un minimum d\u2019entretien. Le drain de d\u00e9givrage est lui aussi install\u00e9 en fa\u00e7ade, afin de rendre le processus de d\u00e9givrage manuel aussi rapide et simple que possible. Gr\u00e2ce au pratique panier en treillis m\u00e9tallique blanc r\u00e9glable, tous vos aliments congel\u00e9s les plus populaires pourront \u00eatre entrepos\u00e9s pr\u00e8s de la surface du cong\u00e9lateur, ce qui en facilitera l\u2019acc\u00e8s. \u00c0 cela, il faut ajouter un s\u00e9parateur de compartiment pratique, qui contribue aussi \u00e0 simplifier la gestion des aliments. Ce cong\u00e9lateur bahut spacieux et \u00e9l\u00e9gant est assorti d\u2019un voyant d\u2019alimentation intelligent et d\u2019une garantie de 12 mois sur les pi\u00e8ces et la main-d\u2019\u0153uvre, incluant le service \u00e0 domicile.\" \/>\n<meta property=\"og:url\" content=\"https:\/\/www.danby.com\/fr\/products\/congelateurs\/dcf070a1bdb\/\" \/>\n<meta property=\"og:site_name\" content=\"Danby - Canada - French\" \/>\n<meta property=\"article:publisher\" content=\"https:\/\/www.facebook.com\/DanbyAppliances\" \/>\n<meta property=\"article:modified_time\" content=\"2026-04-12T10:04:59+00:00\" \/>\n<meta property=\"og:image\" content=\"https:\/\/cdnweb.danby.com\/wp-content\/uploads\/sites\/2\/2022\/02\/08182251\/Medium-DCF070A1BDB_closed2.jpg\" \/>\n\t<meta property=\"og:image:width\" content=\"300\" \/>\n\t<meta property=\"og:image:height\" content=\"272\" \/>\n\t<meta property=\"og:image:type\" content=\"image\/jpeg\" \/>\n<meta name=\"twitter:card\" content=\"summary_large_image\" \/>\n<meta name=\"twitter:site\" content=\"@DanbyAppliance\" \/>\n<script type=\"application\/ld+json\" class=\"yoast-schema-graph\">{\"@context\":\"https:\/\/schema.org\",\"@graph\":[{\"@type\":[\"WebPage\",\"ItemPage\"],\"url\":\"https:\/\/www.danby.com\/fr\/products\/congelateurs\/dcf070a1bdb\/\",\"name\":\"Danby 7 pi3 Cong\u00e9lateur - DCF070A1BDB | Danby Canada\",\"isPartOf\":[],\"primaryImageOfPage\":[],\"image\":[],\"thumbnailUrl\":\"https:\/\/cdnweb.danby.com\/wp-content\/uploads\/sites\/2\/2022\/02\/08182251\/Medium-DCF070A1BDB_closed2.jpg\",\"datePublished\":\"2022-02-03T19:14:52+00:00\",\"dateModified\":\"2026-04-12T10:04:59+00:00\",\"description\":\"Vous n\u2019aurez jamais plus \u00e0 vous soucier de manquer d\u2019espace d\u2019entreposage pour vos aliments congel\u00e9s, gr\u00e2ce \u00e0 ce cong\u00e9lateur bahut de 198,2 litres (7 pieds cubes). Vous pourriez aussi avoir l\u2019agr\u00e9able surprise de constater une diminution de vos co\u00fbts d\u2019\u00e9lectricit\u00e9, \u00e9tant donn\u00e9 que ce mod\u00e8le dispose d\u2019un caisson et d\u2019un couvercle \u00e9conerg\u00e9tiques, doubl\u00e9s de mousse isolante. Cet appareil est \u00e9quip\u00e9 d\u2019un thermostat m\u00e9canique, install\u00e9 en fa\u00e7ade, pour un acc\u00e8s facile et disposant d\u2019une plage de temp\u00e9ratures comprise entre -12\u00b0C et -25\u00b0C (10.4\u00b0F et -13\u00b0F) et le rev\u00eatement int\u00e9rieur antirouille ne demande qu\u2019un minimum d\u2019entretien. Le drain de d\u00e9givrage est lui aussi install\u00e9 en fa\u00e7ade, afin de rendre le processus de d\u00e9givrage manuel aussi rapide et simple que possible. Gr\u00e2ce au pratique panier en treillis m\u00e9tallique blanc r\u00e9glable, tous vos aliments congel\u00e9s les plus populaires pourront \u00eatre entrepos\u00e9s pr\u00e8s de la surface du cong\u00e9lateur, ce qui en facilitera l\u2019acc\u00e8s. \u00c0 cela, il faut ajouter un s\u00e9parateur de compartiment pratique, qui contribue aussi \u00e0 simplifier la gestion des aliments. Ce cong\u00e9lateur bahut spacieux et \u00e9l\u00e9gant est assorti d\u2019un voyant d\u2019alimentation intelligent et d\u2019une garantie de 12 mois sur les pi\u00e8ces et la main-d\u2019\u0153uvre, incluant le service \u00e0 domicile.\",\"breadcrumb\":[],\"inLanguage\":\"fr-CA\",\"potentialAction\":[{\"@type\":\"ReadAction\",\"target\":[\"https:\/\/www.danby.com\/fr\/products\/congelateurs\/dcf070a1bdb\/\"]}]},{\"@type\":\"ImageObject\",\"inLanguage\":\"fr-CA\",\"url\":\"https:\/\/cdnweb.danby.com\/wp-content\/uploads\/sites\/2\/2022\/02\/08182251\/Medium-DCF070A1BDB_closed2.jpg\",\"contentUrl\":\"https:\/\/cdnweb.danby.com\/wp-content\/uploads\/sites\/2\/2022\/02\/08182251\/Medium-DCF070A1BDB_closed2.jpg\",\"width\":300,\"height\":272},{\"@type\":\"BreadcrumbList\",\"itemListElement\":[{\"@type\":\"ListItem\",\"position\":1,\"name\":\"Home\",\"item\":\"https:\/\/www.danby.com\/fr\/\"},{\"@type\":\"ListItem\",\"position\":2,\"name\":\"Boutique\",\"item\":\"https:\/\/www.danby.com\/fr\/boutique\/\"},{\"@type\":\"ListItem\",\"position\":3,\"name\":\"Danby 7 pi3 Cong\u00e9lateur\"}]},{\"@type\":\"WebSite\",\"url\":\"https:\/\/www.danby.com\/fr\/\",\"name\":\"Danby - Canada - French\",\"description\":\"Leader dans le domaine de la r\u00e9frig\u00e9ration et des appareils sp\u00e9cialis\u00e9s\",\"publisher\":[],\"potentialAction\":[{\"@type\":\"SearchAction\",\"target\":{\"@type\":\"EntryPoint\",\"urlTemplate\":\"https:\/\/www.danby.com\/fr\/?s={search_term_string}\"},\"query-input\":{\"@type\":\"PropertyValueSpecification\",\"valueRequired\":true,\"valueName\":\"search_term_string\"}}],\"inLanguage\":\"fr-CA\"},{\"@type\":\"Organization\",\"name\":\"Danby Appliances\",\"url\":\"https:\/\/www.danby.com\/fr\/\",\"logo\":{\"@type\":\"ImageObject\",\"inLanguage\":\"fr-CA\",\"url\":\"https:\/\/cdnweb.danby.com\/wp-content\/uploads\/sites\/2\/2022\/02\/10141906\/Danby75Ans_Blue.png\",\"contentUrl\":\"https:\/\/cdnweb.danby.com\/wp-content\/uploads\/sites\/2\/2022\/02\/10141906\/Danby75Ans_Blue.png\",\"width\":470,\"height\":110,\"caption\":\"Danby Appliances\"},\"image\":[],\"sameAs\":[\"https:\/\/www.facebook.com\/DanbyAppliances\",\"https:\/\/x.com\/DanbyAppliance\",\"https:\/\/instagram.com\/danbyappliances\/\",\"https:\/\/www.linkedin.com\/company\/danbyappliances\",\"https:\/\/www.pinterest.ca\/danbyappliances\/\",\"https:\/\/www.youtube.com\/user\/DanbyProducts\",\"https:\/\/en.wikipedia.org\/wiki\/Danby_(appliances)\"]}]}<\/script>\n<!-- \/ Yoast SEO plugin. -->","yoast_head_json":{"title":"Danby 7 pi3 Cong\u00e9lateur - DCF070A1BDB | Danby Canada","description":"Vous n\u2019aurez jamais plus \u00e0 vous soucier de manquer d\u2019espace d\u2019entreposage pour vos aliments congel\u00e9s, gr\u00e2ce \u00e0 ce cong\u00e9lateur bahut de 198,2 litres (7 pieds cubes). Vous pourriez aussi avoir l\u2019agr\u00e9able surprise de constater une diminution de vos co\u00fbts d\u2019\u00e9lectricit\u00e9, \u00e9tant donn\u00e9 que ce mod\u00e8le dispose d\u2019un caisson et d\u2019un couvercle \u00e9conerg\u00e9tiques, doubl\u00e9s de mousse isolante. Cet appareil est \u00e9quip\u00e9 d\u2019un thermostat m\u00e9canique, install\u00e9 en fa\u00e7ade, pour un acc\u00e8s facile et disposant d\u2019une plage de temp\u00e9ratures comprise entre -12\u00b0C et -25\u00b0C (10.4\u00b0F et -13\u00b0F) et le rev\u00eatement int\u00e9rieur antirouille ne demande qu\u2019un minimum d\u2019entretien. Le drain de d\u00e9givrage est lui aussi install\u00e9 en fa\u00e7ade, afin de rendre le processus de d\u00e9givrage manuel aussi rapide et simple que possible. Gr\u00e2ce au pratique panier en treillis m\u00e9tallique blanc r\u00e9glable, tous vos aliments congel\u00e9s les plus populaires pourront \u00eatre entrepos\u00e9s pr\u00e8s de la surface du cong\u00e9lateur, ce qui en facilitera l\u2019acc\u00e8s. \u00c0 cela, il faut ajouter un s\u00e9parateur de compartiment pratique, qui contribue aussi \u00e0 simplifier la gestion des aliments. Ce cong\u00e9lateur bahut spacieux et \u00e9l\u00e9gant est assorti d\u2019un voyant d\u2019alimentation intelligent et d\u2019une garantie de 12 mois sur les pi\u00e8ces et la main-d\u2019\u0153uvre, incluant le service \u00e0 domicile.","robots":{"index":"index","follow":"follow","max-snippet":"max-snippet:-1","max-image-preview":"max-image-preview:large","max-video-preview":"max-video-preview:-1"},"canonical":"https:\/\/www.danby.com\/fr\/products\/congelateurs\/dcf070a1bdb\/","og_locale":"fr_CA","og_type":"article","og_title":"Danby 7 pi3 Cong\u00e9lateur - DCF070A1BDB | Danby Canada","og_description":"Vous n\u2019aurez jamais plus \u00e0 vous soucier de manquer d\u2019espace d\u2019entreposage pour vos aliments congel\u00e9s, gr\u00e2ce \u00e0 ce cong\u00e9lateur bahut de 198,2 litres (7 pieds cubes). Vous pourriez aussi avoir l\u2019agr\u00e9able surprise de constater une diminution de vos co\u00fbts d\u2019\u00e9lectricit\u00e9, \u00e9tant donn\u00e9 que ce mod\u00e8le dispose d\u2019un caisson et d\u2019un couvercle \u00e9conerg\u00e9tiques, doubl\u00e9s de mousse isolante. Cet appareil est \u00e9quip\u00e9 d\u2019un thermostat m\u00e9canique, install\u00e9 en fa\u00e7ade, pour un acc\u00e8s facile et disposant d\u2019une plage de temp\u00e9ratures comprise entre -12\u00b0C et -25\u00b0C (10.4\u00b0F et -13\u00b0F) et le rev\u00eatement int\u00e9rieur antirouille ne demande qu\u2019un minimum d\u2019entretien. Le drain de d\u00e9givrage est lui aussi install\u00e9 en fa\u00e7ade, afin de rendre le processus de d\u00e9givrage manuel aussi rapide et simple que possible. Gr\u00e2ce au pratique panier en treillis m\u00e9tallique blanc r\u00e9glable, tous vos aliments congel\u00e9s les plus populaires pourront \u00eatre entrepos\u00e9s pr\u00e8s de la surface du cong\u00e9lateur, ce qui en facilitera l\u2019acc\u00e8s. \u00c0 cela, il faut ajouter un s\u00e9parateur de compartiment pratique, qui contribue aussi \u00e0 simplifier la gestion des aliments. Ce cong\u00e9lateur bahut spacieux et \u00e9l\u00e9gant est assorti d\u2019un voyant d\u2019alimentation intelligent et d\u2019une garantie de 12 mois sur les pi\u00e8ces et la main-d\u2019\u0153uvre, incluant le service \u00e0 domicile.","og_url":"https:\/\/www.danby.com\/fr\/products\/congelateurs\/dcf070a1bdb\/","og_site_name":"Danby - Canada - French","article_publisher":"https:\/\/www.facebook.com\/DanbyAppliances","article_modified_time":"2026-04-12T10:04:59+00:00","og_image":[{"width":300,"height":272,"url":"https:\/\/cdnweb.danby.com\/wp-content\/uploads\/sites\/2\/2022\/02\/08182251\/Medium-DCF070A1BDB_closed2.jpg","type":"image\/jpeg"}],"twitter_card":"summary_large_image","twitter_site":"@DanbyAppliance","schema":{"@context":"https:\/\/schema.org","@graph":[{"@type":["WebPage","ItemPage"],"url":"https:\/\/www.danby.com\/fr\/products\/congelateurs\/dcf070a1bdb\/","name":"Danby 7 pi3 Cong\u00e9lateur - DCF070A1BDB | Danby Canada","isPartOf":[],"primaryImageOfPage":[],"image":[],"thumbnailUrl":"https:\/\/cdnweb.danby.com\/wp-content\/uploads\/sites\/2\/2022\/02\/08182251\/Medium-DCF070A1BDB_closed2.jpg","datePublished":"2022-02-03T19:14:52+00:00","dateModified":"2026-04-12T10:04:59+00:00","description":"Vous n\u2019aurez jamais plus \u00e0 vous soucier de manquer d\u2019espace d\u2019entreposage pour vos aliments congel\u00e9s, gr\u00e2ce \u00e0 ce cong\u00e9lateur bahut de 198,2 litres (7 pieds cubes). Vous pourriez aussi avoir l\u2019agr\u00e9able surprise de constater une diminution de vos co\u00fbts d\u2019\u00e9lectricit\u00e9, \u00e9tant donn\u00e9 que ce mod\u00e8le dispose d\u2019un caisson et d\u2019un couvercle \u00e9conerg\u00e9tiques, doubl\u00e9s de mousse isolante. Cet appareil est \u00e9quip\u00e9 d\u2019un thermostat m\u00e9canique, install\u00e9 en fa\u00e7ade, pour un acc\u00e8s facile et disposant d\u2019une plage de temp\u00e9ratures comprise entre -12\u00b0C et -25\u00b0C (10.4\u00b0F et -13\u00b0F) et le rev\u00eatement int\u00e9rieur antirouille ne demande qu\u2019un minimum d\u2019entretien. Le drain de d\u00e9givrage est lui aussi install\u00e9 en fa\u00e7ade, afin de rendre le processus de d\u00e9givrage manuel aussi rapide et simple que possible. Gr\u00e2ce au pratique panier en treillis m\u00e9tallique blanc r\u00e9glable, tous vos aliments congel\u00e9s les plus populaires pourront \u00eatre entrepos\u00e9s pr\u00e8s de la surface du cong\u00e9lateur, ce qui en facilitera l\u2019acc\u00e8s. \u00c0 cela, il faut ajouter un s\u00e9parateur de compartiment pratique, qui contribue aussi \u00e0 simplifier la gestion des aliments. Ce cong\u00e9lateur bahut spacieux et \u00e9l\u00e9gant est assorti d\u2019un voyant d\u2019alimentation intelligent et d\u2019une garantie de 12 mois sur les pi\u00e8ces et la main-d\u2019\u0153uvre, incluant le service \u00e0 domicile.","breadcrumb":[],"inLanguage":"fr-CA","potentialAction":[{"@type":"ReadAction","target":["https:\/\/www.danby.com\/fr\/products\/congelateurs\/dcf070a1bdb\/"]}]},{"@type":"ImageObject","inLanguage":"fr-CA","url":"https:\/\/cdnweb.danby.com\/wp-content\/uploads\/sites\/2\/2022\/02\/08182251\/Medium-DCF070A1BDB_closed2.jpg","contentUrl":"https:\/\/cdnweb.danby.com\/wp-content\/uploads\/sites\/2\/2022\/02\/08182251\/Medium-DCF070A1BDB_closed2.jpg","width":300,"height":272},{"@type":"BreadcrumbList","itemListElement":[{"@type":"ListItem","position":1,"name":"Home","item":"https:\/\/www.danby.com\/fr\/"},{"@type":"ListItem","position":2,"name":"Boutique","item":"https:\/\/www.danby.com\/fr\/boutique\/"},{"@type":"ListItem","position":3,"name":"Danby 7 pi3 Cong\u00e9lateur"}]},{"@type":"WebSite","url":"https:\/\/www.danby.com\/fr\/","name":"Danby - Canada - French","description":"Leader dans le domaine de la r\u00e9frig\u00e9ration et des appareils sp\u00e9cialis\u00e9s","publisher":[],"potentialAction":[{"@type":"SearchAction","target":{"@type":"EntryPoint","urlTemplate":"https:\/\/www.danby.com\/fr\/?s={search_term_string}"},"query-input":{"@type":"PropertyValueSpecification","valueRequired":true,"valueName":"search_term_string"}}],"inLanguage":"fr-CA"},{"@type":"Organization","name":"Danby Appliances","url":"https:\/\/www.danby.com\/fr\/","logo":{"@type":"ImageObject","inLanguage":"fr-CA","url":"https:\/\/cdnweb.danby.com\/wp-content\/uploads\/sites\/2\/2022\/02\/10141906\/Danby75Ans_Blue.png","contentUrl":"https:\/\/cdnweb.danby.com\/wp-content\/uploads\/sites\/2\/2022\/02\/10141906\/Danby75Ans_Blue.png","width":470,"height":110,"caption":"Danby Appliances"},"image":[],"sameAs":["https:\/\/www.facebook.com\/DanbyAppliances","https:\/\/x.com\/DanbyAppliance","https:\/\/instagram.com\/danbyappliances\/","https:\/\/www.linkedin.com\/company\/danbyappliances","https:\/\/www.pinterest.ca\/danbyappliances\/","https:\/\/www.youtube.com\/user\/DanbyProducts","https:\/\/en.wikipedia.org\/wiki\/Danby_(appliances)"]}]}},"post_mailing_queue_ids":[],"_links":{"self":[{"href":"https:\/\/www.danby.com\/fr\/wp-json\/wp\/v2\/product\/4730","targetHints":{"allow":["GET"]}}],"collection":[{"href":"https:\/\/www.danby.com\/fr\/wp-json\/wp\/v2\/product"}],"about":[{"href":"https:\/\/www.danby.com\/fr\/wp-json\/wp\/v2\/types\/product"}],"replies":[{"embeddable":true,"href":"https:\/\/www.danby.com\/fr\/wp-json\/wp\/v2\/comments?post=4730"}],"wp:featuredmedia":[{"embeddable":true,"href":"https:\/\/www.danby.com\/fr\/wp-json\/wp\/v2\/media\/5871"}],"wp:attachment":[{"href":"https:\/\/www.danby.com\/fr\/wp-json\/wp\/v2\/media?parent=4730"}],"wp:term":[{"taxonomy":"product_brand","embeddable":true,"href":"https:\/\/www.danby.com\/fr\/wp-json\/wp\/v2\/product_brand?post=4730"},{"taxonomy":"product_cat","embeddable":true,"href":"https:\/\/www.danby.com\/fr\/wp-json\/wp\/v2\/product_cat?post=4730"},{"taxonomy":"product_tag","embeddable":true,"href":"https:\/\/www.danby.com\/fr\/wp-json\/wp\/v2\/product_tag?post=4730"}],"curies":[{"name":"wp","href":"https:\/\/api.w.org\/{rel}","templated":true}]}}