{"id":4729,"date":"2022-02-03T19:14:52","date_gmt":"2022-02-03T19:14:52","guid":{"rendered":"https:\/\/www.danby.com\/fr\/product\/dcf055a2wdb-3\/"},"modified":"2026-04-29T09:09:51","modified_gmt":"2026-04-29T09:09:51","slug":"dcf055a2wdb-3","status":"publish","type":"product","link":"https:\/\/www.danby.com\/fr\/products\/congelateurs\/dcf055a2wdb-3\/","title":{"rendered":"Danby Cong\u00e9lateur coffre de 5,5 pi3 en Blanc"},"content":{"rendered":"","protected":false},"excerpt":{"rendered":"<ul>\n<li>Pr\u00eat pour le garage : Le cong\u00e9lateur peut fonctionner \u00e0 des temp\u00e9ratures allant de 0\u00b0F \u00e0 110\u00b0F (-17\u00b0C \u00e0 43\u00b0C)<\/li>\n<li>R\u00e9frig\u00e9rant R600a respectueux de l&#8217;environnement<\/li>\n<li>Armoire et couvercle isol\u00e9s par de la mousse \u00e0 haut rendement \u00e9nerg\u00e9tique<\/li>\n<li>Le thermostat m\u00e9canique \u00e0 montage frontal est plac\u00e9 de fa\u00e7on pratique pour un contr\u00f4le facile de la temp\u00e9rature<\/li>\n<li>Le drain mont\u00e9 \u00e0 l&#8217;avant permet un drainage facile pendant le d\u00e9givrage manuel<\/li>\n<li>1 panier de rangement r\u00e9glable en fil m\u00e9tallique pour les petits objets fr\u00e9quemment utilis\u00e9s<\/li>\n<li>Les roulettes arri\u00e8re et les pieds de nivellement avant permettent une installation facile<\/li>\n<li>Couvercle arrondi pour un look moderne<\/li>\n<li>Doublure int\u00e9rieure facile \u00e0 nettoyer<\/li>\n<\/ul>\n","protected":false},"featured_media":24212,"comment_status":"closed","ping_status":"open","template":"","meta":{"_acf_changed":false},"product_brand":[],"product_cat":[27],"product_tag":[],"class_list":{"0":"post-4729","1":"product","2":"type-product","3":"status-publish","4":"has-post-thumbnail","6":"product_cat-congelateurs","7":"pa_capacite-pi3-5-5","8":"pa_couleur-white","9":"pa_duree-de-la-garantie-en-mois-1181","11":"first","12":"outofstock","13":"taxable","14":"shipping-taxable","15":"product-type-simple"},"acf":[],"yoast_head":"<!-- This site is optimized with the Yoast SEO plugin v27.5 - https:\/\/yoast.com\/product\/yoast-seo-wordpress\/ -->\n<title>Danby Cong\u00e9lateur coffre de 5,5 pi3 en Blanc - DCF055A2WDB-3 | Danby Canada<\/title>\n<meta name=\"description\" content=\"Si vous \u00eates \u00e0 la recherche d&#039;un cong\u00e9lateur coffre compact, l\u00e9ger et polyvalent, ne cherchez plus. Ce mod\u00e8le exceptionnel de Danby offre 5,5 pieds cubes (156 litres) d&#039;espace de cong\u00e9lation et est con\u00e7u pour prendre un minimum d&#039;espace. C&#039;est l&#039;appareil id\u00e9al pour les maisons, les bureaux, les appartements, les condos et les chalets. Le panier recouvert de vinyle vous permet de s\u00e9parer vos aliments pr\u00e9f\u00e9r\u00e9s et ceux que vous utilisez le plus, tandis que le rev\u00eatement int\u00e9rieur a \u00e9t\u00e9 sp\u00e9cialement con\u00e7u pour un nettoyage facile. Vos factures d&#039;\u00e9nergie ne grimperont pas en fl\u00e8che avec cet appareil hautement efficace, car l&#039;armoire et le couvercle arrondi sont construits avec de la mousse isolante pour emp\u00eacher le froid d&#039;entrer et la chaleur de sortir. Le thermostat m\u00e9canique moderne peut \u00eatre facilement r\u00e9gl\u00e9 et contr\u00f4l\u00e9 gr\u00e2ce \u00e0 sa conception en fa\u00e7ade et le drain de d\u00e9givrage pratique facilite l&#039;entretien. Ce cong\u00e9lateur \u00e9l\u00e9gant offre \u00e9galement une garantie de 5 ans sur les pi\u00e8ces et la main d&#039;\u0153uvre avec un service \u00e0 domicile pratique.\" \/>\n<meta name=\"robots\" content=\"index, follow, max-snippet:-1, max-image-preview:large, max-video-preview:-1\" \/>\n<link rel=\"canonical\" href=\"https:\/\/www.danby.com\/fr\/products\/congelateurs\/dcf055a2wdb-3\/\" \/>\n<meta property=\"og:locale\" content=\"fr_CA\" \/>\n<meta property=\"og:type\" content=\"article\" \/>\n<meta property=\"og:title\" content=\"Danby Cong\u00e9lateur coffre de 5,5 pi3 en Blanc - DCF055A2WDB-3 | Danby Canada\" \/>\n<meta property=\"og:description\" content=\"Si vous \u00eates \u00e0 la recherche d&#039;un cong\u00e9lateur coffre compact, l\u00e9ger et polyvalent, ne cherchez plus. Ce mod\u00e8le exceptionnel de Danby offre 5,5 pieds cubes (156 litres) d&#039;espace de cong\u00e9lation et est con\u00e7u pour prendre un minimum d&#039;espace. C&#039;est l&#039;appareil id\u00e9al pour les maisons, les bureaux, les appartements, les condos et les chalets. Le panier recouvert de vinyle vous permet de s\u00e9parer vos aliments pr\u00e9f\u00e9r\u00e9s et ceux que vous utilisez le plus, tandis que le rev\u00eatement int\u00e9rieur a \u00e9t\u00e9 sp\u00e9cialement con\u00e7u pour un nettoyage facile. Vos factures d&#039;\u00e9nergie ne grimperont pas en fl\u00e8che avec cet appareil hautement efficace, car l&#039;armoire et le couvercle arrondi sont construits avec de la mousse isolante pour emp\u00eacher le froid d&#039;entrer et la chaleur de sortir. Le thermostat m\u00e9canique moderne peut \u00eatre facilement r\u00e9gl\u00e9 et contr\u00f4l\u00e9 gr\u00e2ce \u00e0 sa conception en fa\u00e7ade et le drain de d\u00e9givrage pratique facilite l&#039;entretien. Ce cong\u00e9lateur \u00e9l\u00e9gant offre \u00e9galement une garantie de 5 ans sur les pi\u00e8ces et la main d&#039;\u0153uvre avec un service \u00e0 domicile pratique.\" \/>\n<meta property=\"og:url\" content=\"https:\/\/www.danby.com\/fr\/products\/congelateurs\/dcf055a2wdb-3\/\" \/>\n<meta property=\"og:site_name\" content=\"Danby - Canada - French\" \/>\n<meta property=\"article:publisher\" content=\"https:\/\/www.facebook.com\/DanbyAppliances\" \/>\n<meta property=\"article:modified_time\" content=\"2026-04-29T09:09:51+00:00\" \/>\n<meta property=\"og:image\" content=\"https:\/\/cdnweb.danby.com\/wp-content\/uploads\/sites\/2\/2023\/07\/12150826\/DCF055A1WDB_closed.jpg\" \/>\n\t<meta property=\"og:image:width\" content=\"1587\" \/>\n\t<meta property=\"og:image:height\" content=\"2116\" \/>\n\t<meta property=\"og:image:type\" content=\"image\/jpeg\" \/>\n<meta name=\"twitter:card\" content=\"summary_large_image\" \/>\n<meta name=\"twitter:site\" content=\"@DanbyAppliance\" \/>\n<script type=\"application\/ld+json\" class=\"yoast-schema-graph\">{\"@context\":\"https:\\\/\\\/schema.org\",\"@graph\":[{\"@type\":[\"WebPage\",\"ItemPage\"],\"url\":\"https:\\\/\\\/www.danby.com\\\/fr\\\/products\\\/congelateurs\\\/dcf055a2wdb-3\\\/\",\"name\":\"Danby Cong\u00e9lateur coffre de 5,5 pi3 en Blanc - DCF055A2WDB-3 | Danby Canada\",\"isPartOf\":[],\"primaryImageOfPage\":[],\"image\":[],\"thumbnailUrl\":\"https:\\\/\\\/cdnweb.danby.com\\\/wp-content\\\/uploads\\\/sites\\\/2\\\/2023\\\/07\\\/12150826\\\/DCF055A1WDB_closed.jpg\",\"datePublished\":\"2022-02-03T19:14:52+00:00\",\"dateModified\":\"2026-04-29T09:09:51+00:00\",\"description\":\"Si vous \u00eates \u00e0 la recherche d'un cong\u00e9lateur coffre compact, l\u00e9ger et polyvalent, ne cherchez plus. Ce mod\u00e8le exceptionnel de Danby offre 5,5 pieds cubes (156 litres) d'espace de cong\u00e9lation et est con\u00e7u pour prendre un minimum d'espace. C'est l'appareil id\u00e9al pour les maisons, les bureaux, les appartements, les condos et les chalets. Le panier recouvert de vinyle vous permet de s\u00e9parer vos aliments pr\u00e9f\u00e9r\u00e9s et ceux que vous utilisez le plus, tandis que le rev\u00eatement int\u00e9rieur a \u00e9t\u00e9 sp\u00e9cialement con\u00e7u pour un nettoyage facile. Vos factures d'\u00e9nergie ne grimperont pas en fl\u00e8che avec cet appareil hautement efficace, car l'armoire et le couvercle arrondi sont construits avec de la mousse isolante pour emp\u00eacher le froid d'entrer et la chaleur de sortir. Le thermostat m\u00e9canique moderne peut \u00eatre facilement r\u00e9gl\u00e9 et contr\u00f4l\u00e9 gr\u00e2ce \u00e0 sa conception en fa\u00e7ade et le drain de d\u00e9givrage pratique facilite l'entretien. Ce cong\u00e9lateur \u00e9l\u00e9gant offre \u00e9galement une garantie de 5 ans sur les pi\u00e8ces et la main d'\u0153uvre avec un service \u00e0 domicile pratique.\",\"breadcrumb\":[],\"inLanguage\":\"fr-CA\",\"potentialAction\":[{\"@type\":\"ReadAction\",\"target\":[\"https:\\\/\\\/www.danby.com\\\/fr\\\/products\\\/congelateurs\\\/dcf055a2wdb-3\\\/\"]}]},{\"@type\":\"ImageObject\",\"inLanguage\":\"fr-CA\",\"url\":\"https:\\\/\\\/cdnweb.danby.com\\\/wp-content\\\/uploads\\\/sites\\\/2\\\/2023\\\/07\\\/12150826\\\/DCF055A1WDB_closed.jpg\",\"contentUrl\":\"https:\\\/\\\/cdnweb.danby.com\\\/wp-content\\\/uploads\\\/sites\\\/2\\\/2023\\\/07\\\/12150826\\\/DCF055A1WDB_closed.jpg\",\"width\":1587,\"height\":2116},{\"@type\":\"BreadcrumbList\",\"itemListElement\":[{\"@type\":\"ListItem\",\"position\":1,\"name\":\"Home\",\"item\":\"https:\\\/\\\/www.danby.com\\\/fr\\\/\"},{\"@type\":\"ListItem\",\"position\":2,\"name\":\"Boutique\",\"item\":\"https:\\\/\\\/www.danby.com\\\/fr\\\/boutique\\\/\"},{\"@type\":\"ListItem\",\"position\":3,\"name\":\"Danby Cong\u00e9lateur coffre de 5,5 pi3 en Blanc\"}]},{\"@type\":\"WebSite\",\"url\":\"https:\\\/\\\/www.danby.com\\\/fr\\\/\",\"name\":\"Danby - Canada - French\",\"description\":\"Leader dans le domaine de la r\u00e9frig\u00e9ration et des appareils sp\u00e9cialis\u00e9s\",\"publisher\":[],\"potentialAction\":[{\"@type\":\"SearchAction\",\"target\":{\"@type\":\"EntryPoint\",\"urlTemplate\":\"https:\\\/\\\/www.danby.com\\\/fr\\\/?s={search_term_string}\"},\"query-input\":{\"@type\":\"PropertyValueSpecification\",\"valueRequired\":true,\"valueName\":\"search_term_string\"}}],\"inLanguage\":\"fr-CA\"},{\"@type\":\"Organization\",\"name\":\"Danby Appliances\",\"url\":\"https:\\\/\\\/www.danby.com\\\/fr\\\/\",\"logo\":{\"@type\":\"ImageObject\",\"inLanguage\":\"fr-CA\",\"url\":\"https:\\\/\\\/cdnweb.danby.com\\\/wp-content\\\/uploads\\\/sites\\\/2\\\/2022\\\/02\\\/10141906\\\/Danby75Ans_Blue.png\",\"contentUrl\":\"https:\\\/\\\/cdnweb.danby.com\\\/wp-content\\\/uploads\\\/sites\\\/2\\\/2022\\\/02\\\/10141906\\\/Danby75Ans_Blue.png\",\"width\":470,\"height\":110,\"caption\":\"Danby Appliances\"},\"image\":[],\"sameAs\":[\"https:\\\/\\\/www.facebook.com\\\/DanbyAppliances\",\"https:\\\/\\\/x.com\\\/DanbyAppliance\",\"https:\\\/\\\/instagram.com\\\/danbyappliances\\\/\",\"https:\\\/\\\/www.linkedin.com\\\/company\\\/danbyappliances\",\"https:\\\/\\\/www.pinterest.ca\\\/danbyappliances\\\/\",\"https:\\\/\\\/www.youtube.com\\\/user\\\/DanbyProducts\",\"https:\\\/\\\/en.wikipedia.org\\\/wiki\\\/Danby_(appliances)\"]}]}<\/script>\n<!-- \/ Yoast SEO plugin. -->","yoast_head_json":{"title":"Danby Cong\u00e9lateur coffre de 5,5 pi3 en Blanc - DCF055A2WDB-3 | Danby Canada","description":"Si vous \u00eates \u00e0 la recherche d'un cong\u00e9lateur coffre compact, l\u00e9ger et polyvalent, ne cherchez plus. Ce mod\u00e8le exceptionnel de Danby offre 5,5 pieds cubes (156 litres) d'espace de cong\u00e9lation et est con\u00e7u pour prendre un minimum d'espace. C'est l'appareil id\u00e9al pour les maisons, les bureaux, les appartements, les condos et les chalets. Le panier recouvert de vinyle vous permet de s\u00e9parer vos aliments pr\u00e9f\u00e9r\u00e9s et ceux que vous utilisez le plus, tandis que le rev\u00eatement int\u00e9rieur a \u00e9t\u00e9 sp\u00e9cialement con\u00e7u pour un nettoyage facile. Vos factures d'\u00e9nergie ne grimperont pas en fl\u00e8che avec cet appareil hautement efficace, car l'armoire et le couvercle arrondi sont construits avec de la mousse isolante pour emp\u00eacher le froid d'entrer et la chaleur de sortir. Le thermostat m\u00e9canique moderne peut \u00eatre facilement r\u00e9gl\u00e9 et contr\u00f4l\u00e9 gr\u00e2ce \u00e0 sa conception en fa\u00e7ade et le drain de d\u00e9givrage pratique facilite l'entretien. Ce cong\u00e9lateur \u00e9l\u00e9gant offre \u00e9galement une garantie de 5 ans sur les pi\u00e8ces et la main d'\u0153uvre avec un service \u00e0 domicile pratique.","robots":{"index":"index","follow":"follow","max-snippet":"max-snippet:-1","max-image-preview":"max-image-preview:large","max-video-preview":"max-video-preview:-1"},"canonical":"https:\/\/www.danby.com\/fr\/products\/congelateurs\/dcf055a2wdb-3\/","og_locale":"fr_CA","og_type":"article","og_title":"Danby Cong\u00e9lateur coffre de 5,5 pi3 en Blanc - DCF055A2WDB-3 | Danby Canada","og_description":"Si vous \u00eates \u00e0 la recherche d'un cong\u00e9lateur coffre compact, l\u00e9ger et polyvalent, ne cherchez plus. Ce mod\u00e8le exceptionnel de Danby offre 5,5 pieds cubes (156 litres) d'espace de cong\u00e9lation et est con\u00e7u pour prendre un minimum d'espace. C'est l'appareil id\u00e9al pour les maisons, les bureaux, les appartements, les condos et les chalets. Le panier recouvert de vinyle vous permet de s\u00e9parer vos aliments pr\u00e9f\u00e9r\u00e9s et ceux que vous utilisez le plus, tandis que le rev\u00eatement int\u00e9rieur a \u00e9t\u00e9 sp\u00e9cialement con\u00e7u pour un nettoyage facile. Vos factures d'\u00e9nergie ne grimperont pas en fl\u00e8che avec cet appareil hautement efficace, car l'armoire et le couvercle arrondi sont construits avec de la mousse isolante pour emp\u00eacher le froid d'entrer et la chaleur de sortir. Le thermostat m\u00e9canique moderne peut \u00eatre facilement r\u00e9gl\u00e9 et contr\u00f4l\u00e9 gr\u00e2ce \u00e0 sa conception en fa\u00e7ade et le drain de d\u00e9givrage pratique facilite l'entretien. Ce cong\u00e9lateur \u00e9l\u00e9gant offre \u00e9galement une garantie de 5 ans sur les pi\u00e8ces et la main d'\u0153uvre avec un service \u00e0 domicile pratique.","og_url":"https:\/\/www.danby.com\/fr\/products\/congelateurs\/dcf055a2wdb-3\/","og_site_name":"Danby - Canada - French","article_publisher":"https:\/\/www.facebook.com\/DanbyAppliances","article_modified_time":"2026-04-29T09:09:51+00:00","og_image":[{"width":1587,"height":2116,"url":"https:\/\/cdnweb.danby.com\/wp-content\/uploads\/sites\/2\/2023\/07\/12150826\/DCF055A1WDB_closed.jpg","type":"image\/jpeg"}],"twitter_card":"summary_large_image","twitter_site":"@DanbyAppliance","schema":{"@context":"https:\/\/schema.org","@graph":[{"@type":["WebPage","ItemPage"],"url":"https:\/\/www.danby.com\/fr\/products\/congelateurs\/dcf055a2wdb-3\/","name":"Danby Cong\u00e9lateur coffre de 5,5 pi3 en Blanc - DCF055A2WDB-3 | Danby Canada","isPartOf":[],"primaryImageOfPage":[],"image":[],"thumbnailUrl":"https:\/\/cdnweb.danby.com\/wp-content\/uploads\/sites\/2\/2023\/07\/12150826\/DCF055A1WDB_closed.jpg","datePublished":"2022-02-03T19:14:52+00:00","dateModified":"2026-04-29T09:09:51+00:00","description":"Si vous \u00eates \u00e0 la recherche d'un cong\u00e9lateur coffre compact, l\u00e9ger et polyvalent, ne cherchez plus. Ce mod\u00e8le exceptionnel de Danby offre 5,5 pieds cubes (156 litres) d'espace de cong\u00e9lation et est con\u00e7u pour prendre un minimum d'espace. C'est l'appareil id\u00e9al pour les maisons, les bureaux, les appartements, les condos et les chalets. Le panier recouvert de vinyle vous permet de s\u00e9parer vos aliments pr\u00e9f\u00e9r\u00e9s et ceux que vous utilisez le plus, tandis que le rev\u00eatement int\u00e9rieur a \u00e9t\u00e9 sp\u00e9cialement con\u00e7u pour un nettoyage facile. Vos factures d'\u00e9nergie ne grimperont pas en fl\u00e8che avec cet appareil hautement efficace, car l'armoire et le couvercle arrondi sont construits avec de la mousse isolante pour emp\u00eacher le froid d'entrer et la chaleur de sortir. Le thermostat m\u00e9canique moderne peut \u00eatre facilement r\u00e9gl\u00e9 et contr\u00f4l\u00e9 gr\u00e2ce \u00e0 sa conception en fa\u00e7ade et le drain de d\u00e9givrage pratique facilite l'entretien. Ce cong\u00e9lateur \u00e9l\u00e9gant offre \u00e9galement une garantie de 5 ans sur les pi\u00e8ces et la main d'\u0153uvre avec un service \u00e0 domicile pratique.","breadcrumb":[],"inLanguage":"fr-CA","potentialAction":[{"@type":"ReadAction","target":["https:\/\/www.danby.com\/fr\/products\/congelateurs\/dcf055a2wdb-3\/"]}]},{"@type":"ImageObject","inLanguage":"fr-CA","url":"https:\/\/cdnweb.danby.com\/wp-content\/uploads\/sites\/2\/2023\/07\/12150826\/DCF055A1WDB_closed.jpg","contentUrl":"https:\/\/cdnweb.danby.com\/wp-content\/uploads\/sites\/2\/2023\/07\/12150826\/DCF055A1WDB_closed.jpg","width":1587,"height":2116},{"@type":"BreadcrumbList","itemListElement":[{"@type":"ListItem","position":1,"name":"Home","item":"https:\/\/www.danby.com\/fr\/"},{"@type":"ListItem","position":2,"name":"Boutique","item":"https:\/\/www.danby.com\/fr\/boutique\/"},{"@type":"ListItem","position":3,"name":"Danby Cong\u00e9lateur coffre de 5,5 pi3 en Blanc"}]},{"@type":"WebSite","url":"https:\/\/www.danby.com\/fr\/","name":"Danby - Canada - French","description":"Leader dans le domaine de la r\u00e9frig\u00e9ration et des appareils sp\u00e9cialis\u00e9s","publisher":[],"potentialAction":[{"@type":"SearchAction","target":{"@type":"EntryPoint","urlTemplate":"https:\/\/www.danby.com\/fr\/?s={search_term_string}"},"query-input":{"@type":"PropertyValueSpecification","valueRequired":true,"valueName":"search_term_string"}}],"inLanguage":"fr-CA"},{"@type":"Organization","name":"Danby Appliances","url":"https:\/\/www.danby.com\/fr\/","logo":{"@type":"ImageObject","inLanguage":"fr-CA","url":"https:\/\/cdnweb.danby.com\/wp-content\/uploads\/sites\/2\/2022\/02\/10141906\/Danby75Ans_Blue.png","contentUrl":"https:\/\/cdnweb.danby.com\/wp-content\/uploads\/sites\/2\/2022\/02\/10141906\/Danby75Ans_Blue.png","width":470,"height":110,"caption":"Danby Appliances"},"image":[],"sameAs":["https:\/\/www.facebook.com\/DanbyAppliances","https:\/\/x.com\/DanbyAppliance","https:\/\/instagram.com\/danbyappliances\/","https:\/\/www.linkedin.com\/company\/danbyappliances","https:\/\/www.pinterest.ca\/danbyappliances\/","https:\/\/www.youtube.com\/user\/DanbyProducts","https:\/\/en.wikipedia.org\/wiki\/Danby_(appliances)"]}]}},"post_mailing_queue_ids":[],"_links":{"self":[{"href":"https:\/\/www.danby.com\/fr\/wp-json\/wp\/v2\/product\/4729","targetHints":{"allow":["GET"]}}],"collection":[{"href":"https:\/\/www.danby.com\/fr\/wp-json\/wp\/v2\/product"}],"about":[{"href":"https:\/\/www.danby.com\/fr\/wp-json\/wp\/v2\/types\/product"}],"replies":[{"embeddable":true,"href":"https:\/\/www.danby.com\/fr\/wp-json\/wp\/v2\/comments?post=4729"}],"wp:featuredmedia":[{"embeddable":true,"href":"https:\/\/www.danby.com\/fr\/wp-json\/wp\/v2\/media\/24212"}],"wp:attachment":[{"href":"https:\/\/www.danby.com\/fr\/wp-json\/wp\/v2\/media?parent=4729"}],"wp:term":[{"taxonomy":"product_brand","embeddable":true,"href":"https:\/\/www.danby.com\/fr\/wp-json\/wp\/v2\/product_brand?post=4729"},{"taxonomy":"product_cat","embeddable":true,"href":"https:\/\/www.danby.com\/fr\/wp-json\/wp\/v2\/product_cat?post=4729"},{"taxonomy":"product_tag","embeddable":true,"href":"https:\/\/www.danby.com\/fr\/wp-json\/wp\/v2\/product_tag?post=4729"}],"curies":[{"name":"wp","href":"https:\/\/api.w.org\/{rel}","templated":true}]}}