{"id":4724,"date":"2022-02-03T19:14:38","date_gmt":"2022-02-03T19:14:38","guid":{"rendered":"https:\/\/www.danby.com\/fr\/product\/dcf053a1wm\/"},"modified":"2026-04-14T09:59:57","modified_gmt":"2026-04-14T09:59:57","slug":"dcf053a1wm","status":"publish","type":"product","link":"https:\/\/www.danby.com\/fr\/products\/congelateurs\/dcf053a1wm\/","title":{"rendered":"Diplomat 5.3 pi3 Cong\u00e9lateur"},"content":{"rendered":"","protected":false},"excerpt":{"rendered":"<ul>\n<li>Capacit\u00e9 de 5,3 pi3. (150 L)<\/li>\n<li>R\u00e9frig\u00e9rant R600a \u00e9cologique<\/li>\n<li>Cabinet et couvercle isol\u00e9s par de la mousse \u00e0 haut rendement \u00e9nerg\u00e9tique<\/li>\n<li>D\u00e9givrage manuel<\/li>\n<li>Diviseur de 1 compartiment pour une organisation facile l&#8217;organisation<\/li>\n<li>Thermostat m\u00e9canique mont\u00e9 \u00e0 l&#8217;avant<\/li>\n<li>Drain de d\u00e9givrage mont\u00e9 \u00e0 l&#8217;avant<\/li>\n<li>Doublure int\u00e9rieure facile \u00e0 nettoyer<\/li>\n<li>Conception de couvercle arrondi<\/li>\n<li>Conception de dos lisse<\/li>\n<\/ul>\n","protected":false},"featured_media":5944,"comment_status":"closed","ping_status":"open","template":"","meta":{"_acf_changed":false},"product_brand":[],"product_cat":[27],"product_tag":[],"class_list":{"0":"post-4724","1":"product","2":"type-product","3":"status-publish","4":"has-post-thumbnail","6":"product_cat-congelateurs","8":"first","9":"outofstock","10":"taxable","11":"shipping-taxable","12":"product-type-simple"},"acf":[],"yoast_head":"<!-- This site is optimized with the Yoast SEO plugin v26.7 - https:\/\/yoast.com\/wordpress\/plugins\/seo\/ -->\n<title>Diplomat 5.3 pi3 Cong\u00e9lateur - DCF053A1WM | Danby Canada<\/title>\n<meta name=\"description\" content=\"Ce cong\u00e9lateur bahut Danby compact versatile et durable est dot\u00e9 d\u2019un espace de refroidissement de 150 litres (5,3 pieds cubes), et est id\u00e9al pour les appartements, copropri\u00e9t\u00e9s, chalets et tout autre surface habitable de petites dimensions. L\u2019isolation en mousse du caisson et du couvercle de ce mod\u00e8le pratique contribuera \u00e0 garder vos co\u00fbts d\u2019\u00e9lectricit\u00e9 sous contr\u00f4le. Cet appareil est \u00e9quip\u00e9 d\u2019un super rev\u00eatement int\u00e9rieur antirouille d\u2019entretien facile, qui demande peu d\u2019entretien. Le thermostat m\u00e9canique est install\u00e9 en fa\u00e7ade, afin d\u2019en faciliter l\u2019acc\u00e8s et le drain, aussi install\u00e9 en fa\u00e7ade, permet un d\u00e9givrage facile et rapide.\u00a0 La garantie de 12 mois sur les pi\u00e8ces et la main-d\u2019\u0153uvre, incluant le service \u00e0 domicile, vous assure une tranquillit\u00e9 d\u2019esprit.\" \/>\n<meta name=\"robots\" content=\"index, follow, max-snippet:-1, max-image-preview:large, max-video-preview:-1\" \/>\n<link rel=\"canonical\" href=\"https:\/\/www.danby.com\/fr\/products\/congelateurs\/dcf053a1wm\/\" \/>\n<meta property=\"og:locale\" content=\"fr_CA\" \/>\n<meta property=\"og:type\" content=\"article\" \/>\n<meta property=\"og:title\" content=\"Diplomat 5.3 pi3 Cong\u00e9lateur - DCF053A1WM | Danby Canada\" \/>\n<meta property=\"og:description\" content=\"Ce cong\u00e9lateur bahut Danby compact versatile et durable est dot\u00e9 d\u2019un espace de refroidissement de 150 litres (5,3 pieds cubes), et est id\u00e9al pour les appartements, copropri\u00e9t\u00e9s, chalets et tout autre surface habitable de petites dimensions. L\u2019isolation en mousse du caisson et du couvercle de ce mod\u00e8le pratique contribuera \u00e0 garder vos co\u00fbts d\u2019\u00e9lectricit\u00e9 sous contr\u00f4le. Cet appareil est \u00e9quip\u00e9 d\u2019un super rev\u00eatement int\u00e9rieur antirouille d\u2019entretien facile, qui demande peu d\u2019entretien. Le thermostat m\u00e9canique est install\u00e9 en fa\u00e7ade, afin d\u2019en faciliter l\u2019acc\u00e8s et le drain, aussi install\u00e9 en fa\u00e7ade, permet un d\u00e9givrage facile et rapide.\u00a0 La garantie de 12 mois sur les pi\u00e8ces et la main-d\u2019\u0153uvre, incluant le service \u00e0 domicile, vous assure une tranquillit\u00e9 d\u2019esprit.\" \/>\n<meta property=\"og:url\" content=\"https:\/\/www.danby.com\/fr\/products\/congelateurs\/dcf053a1wm\/\" \/>\n<meta property=\"og:site_name\" content=\"Danby - Canada - French\" \/>\n<meta property=\"article:publisher\" content=\"https:\/\/www.facebook.com\/DanbyAppliances\" \/>\n<meta property=\"article:modified_time\" content=\"2026-04-14T09:59:57+00:00\" \/>\n<meta property=\"og:image\" content=\"https:\/\/cdnweb.danby.com\/wp-content\/uploads\/sites\/2\/2022\/02\/08182456\/proMed-dcf500w_closed.jpg\" \/>\n\t<meta property=\"og:image:width\" content=\"303\" \/>\n\t<meta property=\"og:image:height\" content=\"275\" \/>\n\t<meta property=\"og:image:type\" content=\"image\/jpeg\" \/>\n<meta name=\"twitter:card\" content=\"summary_large_image\" \/>\n<meta name=\"twitter:site\" content=\"@DanbyAppliance\" \/>\n<script type=\"application\/ld+json\" class=\"yoast-schema-graph\">{\"@context\":\"https:\/\/schema.org\",\"@graph\":[{\"@type\":[\"WebPage\",\"ItemPage\"],\"url\":\"https:\/\/www.danby.com\/fr\/products\/congelateurs\/dcf053a1wm\/\",\"name\":\"Diplomat 5.3 pi3 Cong\u00e9lateur - DCF053A1WM | Danby Canada\",\"isPartOf\":[],\"primaryImageOfPage\":[],\"image\":[],\"thumbnailUrl\":\"https:\/\/cdnweb.danby.com\/wp-content\/uploads\/sites\/2\/2022\/02\/08182456\/proMed-dcf500w_closed.jpg\",\"datePublished\":\"2022-02-03T19:14:38+00:00\",\"dateModified\":\"2026-04-14T09:59:57+00:00\",\"description\":\"Ce cong\u00e9lateur bahut Danby compact versatile et durable est dot\u00e9 d\u2019un espace de refroidissement de 150 litres (5,3 pieds cubes), et est id\u00e9al pour les appartements, copropri\u00e9t\u00e9s, chalets et tout autre surface habitable de petites dimensions. L\u2019isolation en mousse du caisson et du couvercle de ce mod\u00e8le pratique contribuera \u00e0 garder vos co\u00fbts d\u2019\u00e9lectricit\u00e9 sous contr\u00f4le. Cet appareil est \u00e9quip\u00e9 d\u2019un super rev\u00eatement int\u00e9rieur antirouille d\u2019entretien facile, qui demande peu d\u2019entretien. Le thermostat m\u00e9canique est install\u00e9 en fa\u00e7ade, afin d\u2019en faciliter l\u2019acc\u00e8s et le drain, aussi install\u00e9 en fa\u00e7ade, permet un d\u00e9givrage facile et rapide.\u00a0 La garantie de 12 mois sur les pi\u00e8ces et la main-d\u2019\u0153uvre, incluant le service \u00e0 domicile, vous assure une tranquillit\u00e9 d\u2019esprit.\",\"breadcrumb\":[],\"inLanguage\":\"fr-CA\",\"potentialAction\":[{\"@type\":\"ReadAction\",\"target\":[\"https:\/\/www.danby.com\/fr\/products\/congelateurs\/dcf053a1wm\/\"]}]},{\"@type\":\"ImageObject\",\"inLanguage\":\"fr-CA\",\"url\":\"https:\/\/cdnweb.danby.com\/wp-content\/uploads\/sites\/2\/2022\/02\/08182456\/proMed-dcf500w_closed.jpg\",\"contentUrl\":\"https:\/\/cdnweb.danby.com\/wp-content\/uploads\/sites\/2\/2022\/02\/08182456\/proMed-dcf500w_closed.jpg\",\"width\":303,\"height\":275},{\"@type\":\"BreadcrumbList\",\"itemListElement\":[{\"@type\":\"ListItem\",\"position\":1,\"name\":\"Home\",\"item\":\"https:\/\/www.danby.com\/fr\/\"},{\"@type\":\"ListItem\",\"position\":2,\"name\":\"Boutique\",\"item\":\"https:\/\/www.danby.com\/fr\/boutique\/\"},{\"@type\":\"ListItem\",\"position\":3,\"name\":\"Diplomat 5.3 pi3 Cong\u00e9lateur\"}]},{\"@type\":\"WebSite\",\"url\":\"https:\/\/www.danby.com\/fr\/\",\"name\":\"Danby - Canada - French\",\"description\":\"Leader dans le domaine de la r\u00e9frig\u00e9ration et des appareils sp\u00e9cialis\u00e9s\",\"publisher\":[],\"potentialAction\":[{\"@type\":\"SearchAction\",\"target\":{\"@type\":\"EntryPoint\",\"urlTemplate\":\"https:\/\/www.danby.com\/fr\/?s={search_term_string}\"},\"query-input\":{\"@type\":\"PropertyValueSpecification\",\"valueRequired\":true,\"valueName\":\"search_term_string\"}}],\"inLanguage\":\"fr-CA\"},{\"@type\":\"Organization\",\"name\":\"Danby Appliances\",\"url\":\"https:\/\/www.danby.com\/fr\/\",\"logo\":{\"@type\":\"ImageObject\",\"inLanguage\":\"fr-CA\",\"url\":\"https:\/\/cdnweb.danby.com\/wp-content\/uploads\/sites\/2\/2022\/02\/10141906\/Danby75Ans_Blue.png\",\"contentUrl\":\"https:\/\/cdnweb.danby.com\/wp-content\/uploads\/sites\/2\/2022\/02\/10141906\/Danby75Ans_Blue.png\",\"width\":470,\"height\":110,\"caption\":\"Danby Appliances\"},\"image\":[],\"sameAs\":[\"https:\/\/www.facebook.com\/DanbyAppliances\",\"https:\/\/x.com\/DanbyAppliance\",\"https:\/\/instagram.com\/danbyappliances\/\",\"https:\/\/www.linkedin.com\/company\/danbyappliances\",\"https:\/\/www.pinterest.ca\/danbyappliances\/\",\"https:\/\/www.youtube.com\/user\/DanbyProducts\",\"https:\/\/en.wikipedia.org\/wiki\/Danby_(appliances)\"]}]}<\/script>\n<!-- \/ Yoast SEO plugin. -->","yoast_head_json":{"title":"Diplomat 5.3 pi3 Cong\u00e9lateur - DCF053A1WM | Danby Canada","description":"Ce cong\u00e9lateur bahut Danby compact versatile et durable est dot\u00e9 d\u2019un espace de refroidissement de 150 litres (5,3 pieds cubes), et est id\u00e9al pour les appartements, copropri\u00e9t\u00e9s, chalets et tout autre surface habitable de petites dimensions. L\u2019isolation en mousse du caisson et du couvercle de ce mod\u00e8le pratique contribuera \u00e0 garder vos co\u00fbts d\u2019\u00e9lectricit\u00e9 sous contr\u00f4le. Cet appareil est \u00e9quip\u00e9 d\u2019un super rev\u00eatement int\u00e9rieur antirouille d\u2019entretien facile, qui demande peu d\u2019entretien. Le thermostat m\u00e9canique est install\u00e9 en fa\u00e7ade, afin d\u2019en faciliter l\u2019acc\u00e8s et le drain, aussi install\u00e9 en fa\u00e7ade, permet un d\u00e9givrage facile et rapide.\u00a0 La garantie de 12 mois sur les pi\u00e8ces et la main-d\u2019\u0153uvre, incluant le service \u00e0 domicile, vous assure une tranquillit\u00e9 d\u2019esprit.","robots":{"index":"index","follow":"follow","max-snippet":"max-snippet:-1","max-image-preview":"max-image-preview:large","max-video-preview":"max-video-preview:-1"},"canonical":"https:\/\/www.danby.com\/fr\/products\/congelateurs\/dcf053a1wm\/","og_locale":"fr_CA","og_type":"article","og_title":"Diplomat 5.3 pi3 Cong\u00e9lateur - DCF053A1WM | Danby Canada","og_description":"Ce cong\u00e9lateur bahut Danby compact versatile et durable est dot\u00e9 d\u2019un espace de refroidissement de 150 litres (5,3 pieds cubes), et est id\u00e9al pour les appartements, copropri\u00e9t\u00e9s, chalets et tout autre surface habitable de petites dimensions. L\u2019isolation en mousse du caisson et du couvercle de ce mod\u00e8le pratique contribuera \u00e0 garder vos co\u00fbts d\u2019\u00e9lectricit\u00e9 sous contr\u00f4le. Cet appareil est \u00e9quip\u00e9 d\u2019un super rev\u00eatement int\u00e9rieur antirouille d\u2019entretien facile, qui demande peu d\u2019entretien. Le thermostat m\u00e9canique est install\u00e9 en fa\u00e7ade, afin d\u2019en faciliter l\u2019acc\u00e8s et le drain, aussi install\u00e9 en fa\u00e7ade, permet un d\u00e9givrage facile et rapide.\u00a0 La garantie de 12 mois sur les pi\u00e8ces et la main-d\u2019\u0153uvre, incluant le service \u00e0 domicile, vous assure une tranquillit\u00e9 d\u2019esprit.","og_url":"https:\/\/www.danby.com\/fr\/products\/congelateurs\/dcf053a1wm\/","og_site_name":"Danby - Canada - French","article_publisher":"https:\/\/www.facebook.com\/DanbyAppliances","article_modified_time":"2026-04-14T09:59:57+00:00","og_image":[{"width":303,"height":275,"url":"https:\/\/cdnweb.danby.com\/wp-content\/uploads\/sites\/2\/2022\/02\/08182456\/proMed-dcf500w_closed.jpg","type":"image\/jpeg"}],"twitter_card":"summary_large_image","twitter_site":"@DanbyAppliance","schema":{"@context":"https:\/\/schema.org","@graph":[{"@type":["WebPage","ItemPage"],"url":"https:\/\/www.danby.com\/fr\/products\/congelateurs\/dcf053a1wm\/","name":"Diplomat 5.3 pi3 Cong\u00e9lateur - DCF053A1WM | Danby Canada","isPartOf":[],"primaryImageOfPage":[],"image":[],"thumbnailUrl":"https:\/\/cdnweb.danby.com\/wp-content\/uploads\/sites\/2\/2022\/02\/08182456\/proMed-dcf500w_closed.jpg","datePublished":"2022-02-03T19:14:38+00:00","dateModified":"2026-04-14T09:59:57+00:00","description":"Ce cong\u00e9lateur bahut Danby compact versatile et durable est dot\u00e9 d\u2019un espace de refroidissement de 150 litres (5,3 pieds cubes), et est id\u00e9al pour les appartements, copropri\u00e9t\u00e9s, chalets et tout autre surface habitable de petites dimensions. L\u2019isolation en mousse du caisson et du couvercle de ce mod\u00e8le pratique contribuera \u00e0 garder vos co\u00fbts d\u2019\u00e9lectricit\u00e9 sous contr\u00f4le. Cet appareil est \u00e9quip\u00e9 d\u2019un super rev\u00eatement int\u00e9rieur antirouille d\u2019entretien facile, qui demande peu d\u2019entretien. Le thermostat m\u00e9canique est install\u00e9 en fa\u00e7ade, afin d\u2019en faciliter l\u2019acc\u00e8s et le drain, aussi install\u00e9 en fa\u00e7ade, permet un d\u00e9givrage facile et rapide.\u00a0 La garantie de 12 mois sur les pi\u00e8ces et la main-d\u2019\u0153uvre, incluant le service \u00e0 domicile, vous assure une tranquillit\u00e9 d\u2019esprit.","breadcrumb":[],"inLanguage":"fr-CA","potentialAction":[{"@type":"ReadAction","target":["https:\/\/www.danby.com\/fr\/products\/congelateurs\/dcf053a1wm\/"]}]},{"@type":"ImageObject","inLanguage":"fr-CA","url":"https:\/\/cdnweb.danby.com\/wp-content\/uploads\/sites\/2\/2022\/02\/08182456\/proMed-dcf500w_closed.jpg","contentUrl":"https:\/\/cdnweb.danby.com\/wp-content\/uploads\/sites\/2\/2022\/02\/08182456\/proMed-dcf500w_closed.jpg","width":303,"height":275},{"@type":"BreadcrumbList","itemListElement":[{"@type":"ListItem","position":1,"name":"Home","item":"https:\/\/www.danby.com\/fr\/"},{"@type":"ListItem","position":2,"name":"Boutique","item":"https:\/\/www.danby.com\/fr\/boutique\/"},{"@type":"ListItem","position":3,"name":"Diplomat 5.3 pi3 Cong\u00e9lateur"}]},{"@type":"WebSite","url":"https:\/\/www.danby.com\/fr\/","name":"Danby - Canada - French","description":"Leader dans le domaine de la r\u00e9frig\u00e9ration et des appareils sp\u00e9cialis\u00e9s","publisher":[],"potentialAction":[{"@type":"SearchAction","target":{"@type":"EntryPoint","urlTemplate":"https:\/\/www.danby.com\/fr\/?s={search_term_string}"},"query-input":{"@type":"PropertyValueSpecification","valueRequired":true,"valueName":"search_term_string"}}],"inLanguage":"fr-CA"},{"@type":"Organization","name":"Danby Appliances","url":"https:\/\/www.danby.com\/fr\/","logo":{"@type":"ImageObject","inLanguage":"fr-CA","url":"https:\/\/cdnweb.danby.com\/wp-content\/uploads\/sites\/2\/2022\/02\/10141906\/Danby75Ans_Blue.png","contentUrl":"https:\/\/cdnweb.danby.com\/wp-content\/uploads\/sites\/2\/2022\/02\/10141906\/Danby75Ans_Blue.png","width":470,"height":110,"caption":"Danby Appliances"},"image":[],"sameAs":["https:\/\/www.facebook.com\/DanbyAppliances","https:\/\/x.com\/DanbyAppliance","https:\/\/instagram.com\/danbyappliances\/","https:\/\/www.linkedin.com\/company\/danbyappliances","https:\/\/www.pinterest.ca\/danbyappliances\/","https:\/\/www.youtube.com\/user\/DanbyProducts","https:\/\/en.wikipedia.org\/wiki\/Danby_(appliances)"]}]}},"post_mailing_queue_ids":[],"_links":{"self":[{"href":"https:\/\/www.danby.com\/fr\/wp-json\/wp\/v2\/product\/4724","targetHints":{"allow":["GET"]}}],"collection":[{"href":"https:\/\/www.danby.com\/fr\/wp-json\/wp\/v2\/product"}],"about":[{"href":"https:\/\/www.danby.com\/fr\/wp-json\/wp\/v2\/types\/product"}],"replies":[{"embeddable":true,"href":"https:\/\/www.danby.com\/fr\/wp-json\/wp\/v2\/comments?post=4724"}],"wp:featuredmedia":[{"embeddable":true,"href":"https:\/\/www.danby.com\/fr\/wp-json\/wp\/v2\/media\/5944"}],"wp:attachment":[{"href":"https:\/\/www.danby.com\/fr\/wp-json\/wp\/v2\/media?parent=4724"}],"wp:term":[{"taxonomy":"product_brand","embeddable":true,"href":"https:\/\/www.danby.com\/fr\/wp-json\/wp\/v2\/product_brand?post=4724"},{"taxonomy":"product_cat","embeddable":true,"href":"https:\/\/www.danby.com\/fr\/wp-json\/wp\/v2\/product_cat?post=4724"},{"taxonomy":"product_tag","embeddable":true,"href":"https:\/\/www.danby.com\/fr\/wp-json\/wp\/v2\/product_tag?post=4724"}],"curies":[{"name":"wp","href":"https:\/\/api.w.org\/{rel}","templated":true}]}}