{"id":4723,"date":"2022-02-03T19:14:38","date_gmt":"2022-02-03T19:14:38","guid":{"rendered":"https:\/\/www.danby.com\/fr\/product\/dcf051a3wdd\/"},"modified":"2026-04-16T10:06:54","modified_gmt":"2026-04-16T10:06:54","slug":"dcf051a3wdd","status":"publish","type":"product","link":"https:\/\/www.danby.com\/fr\/products\/congelateurs\/dcf051a3wdd\/","title":{"rendered":"Danby Designer 5.1 cu. ft. Cong\u00e9lateur"},"content":{"rendered":"","protected":false},"excerpt":{"rendered":"<ul>\n<li>Cong\u00e9lateur coffre d&#8217;une capacit\u00e9 de 144 L (5,1 pi3)<\/li>\n<li>Plainte ENERGY STAR\u00ae, \u00e9conome en \u00e9nergie pour vous aider \u00e0 \u00e9conomiser de l&#8217;argent sans sacrifier la performance<\/li>\n<li>Pr\u00eat pour le garage : le cong\u00e9lateur peut fonctionner \u00e0 des temp\u00e9ratures de 0\u00b0F \u00e0 110\u00b0F (-17\u00b0C \u00e0 43\u00b0C)<\/li>\n<li>Le thermostat num\u00e9rique intuitif permet un contr\u00f4le plus pr\u00e9cis de la temp\u00e9rature<\/li>\n<li>Fonction de cong\u00e9lation rapide : Le fonctionnement continu cong\u00e8le plus rapidement de grandes quantit\u00e9s d&#8217;aliments<\/li>\n<li>Fluide frigorig\u00e8ne R600a respectueux de l&#8217;environnement<\/li>\n<li>Coffret et couvercle isol\u00e9s par de la mousse \u00e0 haut rendement \u00e9nerg\u00e9tique<\/li>\n<li>Le drain mont\u00e9 \u00e0 l&#8217;avant permet un drainage facile pendant le d\u00e9givrage manuel<\/li>\n<li>1 panier de rangement en fil m\u00e9tallique r\u00e9glable pour les plus petits, articles fr\u00e9quemment utilis\u00e9s<\/li>\n<li>Les roulettes arri\u00e8re et les pieds de mise \u00e0 niveau avant permettent une installation facile<\/li>\n<li>Le design arrondi du couvercle pour un look moderne<\/li>\n<li>La doublure int\u00e9rieure facile \u00e0 nettoyer<\/li>\n<li>Garantie de 5 ans sur les pi\u00e8ces et la main d&#8217;\u0153uvre, la meilleure du secteur, avec un service \u00e0 domicile<\/li>\n<\/ul>\n","protected":false},"featured_media":9660,"comment_status":"closed","ping_status":"closed","template":"","meta":{"_acf_changed":false},"product_brand":[],"product_cat":[27],"product_tag":[],"class_list":{"0":"post-4723","1":"product","2":"type-product","3":"status-publish","4":"has-post-thumbnail","6":"product_cat-congelateurs","7":"pa_capacite-pi3-5-1","8":"pa_couleur-white","9":"pa_duree-de-la-garantie-en-mois-1181","11":"first","12":"outofstock","13":"taxable","14":"shipping-taxable","15":"product-type-simple"},"acf":[],"yoast_head":"<!-- This site is optimized with the Yoast SEO plugin v26.7 - https:\/\/yoast.com\/wordpress\/plugins\/seo\/ -->\n<title>Danby Designer 5.1 cu. ft. Cong\u00e9lateur - DCF051A3WDD | Danby Canada<\/title>\n<meta name=\"description\" content=\"Ajoutez un espace de stockage suppl\u00e9mentaire pour les articles m\u00e9nagers congel\u00e9s en vrac avec ce cong\u00e9lateur coffre de Danby Designer, id\u00e9al pour un sous-sol, une cuisine ou un garage. La conception de ce petit cong\u00e9lateur occupe un minimum d&#039;espace. Ce mod\u00e8le est pr\u00eat pour le garage et peut fonctionner \u00e0 des temp\u00e9ratures de 0\u00b0F \u00e0 110\u00b0F (-17\u00b0C \u00e0 43\u00b0C). Profitez de 5,1 pieds cubes (144 L) d&#039;espace de cong\u00e9lation. Cet appareil est certifi\u00e9 ENERGY STAR\u00ae et tr\u00e8s \u00e9conomique. L&#039;int\u00e9rieur et le couvercle arrondi sont construits avec de la mousse isolante pour garder l&#039;appareil aussi frais que possible tout en \u00e9loignant l&#039;air chaud. Le rev\u00eatement int\u00e9rieur du cong\u00e9lateur a \u00e9t\u00e9 sp\u00e9cialement con\u00e7u pour un nettoyage rapide et facile. Le processus de d\u00e9givrage manuel est un jeu d&#039;enfant gr\u00e2ce \u00e0 l&#039;orifice de d\u00e9givrage situ\u00e9 \u00e0 l&#039;avant. Le thermostat num\u00e9rique pr\u00e9cis est simple \u00e0 programmer et \u00e0 surveiller puisqu&#039;il est mont\u00e9 \u00e0 l&#039;avant de l&#039;unit\u00e9 de cong\u00e9lation. La fonction de cong\u00e9lation rapide est excellente pour congeler rapidement de grandes quantit\u00e9s de produits frais. En outre, tous vos petits aliments fr\u00e9quents peuvent \u00eatre rang\u00e9s pr\u00e8s du sommet gr\u00e2ce \u00e0 un panier de rangement, ce qui permet de garder vos plats congel\u00e9s pr\u00e9f\u00e9r\u00e9s accessibles et organis\u00e9s. L&#039;appareil est assorti d&#039;une garantie de 5 ans sur les pi\u00e8ces et la main-d&#039;\u0153uvre, la meilleure du secteur, avec service \u00e0 domicile.\" \/>\n<meta name=\"robots\" content=\"index, follow, max-snippet:-1, max-image-preview:large, max-video-preview:-1\" \/>\n<link rel=\"canonical\" href=\"https:\/\/www.danby.com\/fr\/products\/congelateurs\/dcf051a3wdd\/\" \/>\n<meta property=\"og:locale\" content=\"fr_CA\" \/>\n<meta property=\"og:type\" content=\"article\" \/>\n<meta property=\"og:title\" content=\"Danby Designer 5.1 cu. ft. Cong\u00e9lateur - DCF051A3WDD | Danby Canada\" \/>\n<meta property=\"og:description\" content=\"Ajoutez un espace de stockage suppl\u00e9mentaire pour les articles m\u00e9nagers congel\u00e9s en vrac avec ce cong\u00e9lateur coffre de Danby Designer, id\u00e9al pour un sous-sol, une cuisine ou un garage. La conception de ce petit cong\u00e9lateur occupe un minimum d&#039;espace. Ce mod\u00e8le est pr\u00eat pour le garage et peut fonctionner \u00e0 des temp\u00e9ratures de 0\u00b0F \u00e0 110\u00b0F (-17\u00b0C \u00e0 43\u00b0C). Profitez de 5,1 pieds cubes (144 L) d&#039;espace de cong\u00e9lation. Cet appareil est certifi\u00e9 ENERGY STAR\u00ae et tr\u00e8s \u00e9conomique. L&#039;int\u00e9rieur et le couvercle arrondi sont construits avec de la mousse isolante pour garder l&#039;appareil aussi frais que possible tout en \u00e9loignant l&#039;air chaud. Le rev\u00eatement int\u00e9rieur du cong\u00e9lateur a \u00e9t\u00e9 sp\u00e9cialement con\u00e7u pour un nettoyage rapide et facile. Le processus de d\u00e9givrage manuel est un jeu d&#039;enfant gr\u00e2ce \u00e0 l&#039;orifice de d\u00e9givrage situ\u00e9 \u00e0 l&#039;avant. Le thermostat num\u00e9rique pr\u00e9cis est simple \u00e0 programmer et \u00e0 surveiller puisqu&#039;il est mont\u00e9 \u00e0 l&#039;avant de l&#039;unit\u00e9 de cong\u00e9lation. La fonction de cong\u00e9lation rapide est excellente pour congeler rapidement de grandes quantit\u00e9s de produits frais. En outre, tous vos petits aliments fr\u00e9quents peuvent \u00eatre rang\u00e9s pr\u00e8s du sommet gr\u00e2ce \u00e0 un panier de rangement, ce qui permet de garder vos plats congel\u00e9s pr\u00e9f\u00e9r\u00e9s accessibles et organis\u00e9s. L&#039;appareil est assorti d&#039;une garantie de 5 ans sur les pi\u00e8ces et la main-d&#039;\u0153uvre, la meilleure du secteur, avec service \u00e0 domicile.\" \/>\n<meta property=\"og:url\" content=\"https:\/\/www.danby.com\/fr\/products\/congelateurs\/dcf051a3wdd\/\" \/>\n<meta property=\"og:site_name\" content=\"Danby - Canada - French\" \/>\n<meta property=\"article:publisher\" content=\"https:\/\/www.facebook.com\/DanbyAppliances\" \/>\n<meta property=\"article:modified_time\" content=\"2026-04-16T10:06:54+00:00\" \/>\n<meta property=\"og:image\" content=\"https:\/\/cdnweb.danby.com\/wp-content\/uploads\/sites\/2\/2022\/02\/08222051\/DCF051A3WDD-Featured.jpg\" \/>\n\t<meta property=\"og:image:width\" content=\"1440\" \/>\n\t<meta property=\"og:image:height\" content=\"1920\" \/>\n\t<meta property=\"og:image:type\" content=\"image\/jpeg\" \/>\n<meta name=\"twitter:card\" content=\"summary_large_image\" \/>\n<meta name=\"twitter:site\" content=\"@DanbyAppliance\" \/>\n<script type=\"application\/ld+json\" class=\"yoast-schema-graph\">{\"@context\":\"https:\/\/schema.org\",\"@graph\":[{\"@type\":[\"WebPage\",\"ItemPage\"],\"url\":\"https:\/\/www.danby.com\/fr\/products\/congelateurs\/dcf051a3wdd\/\",\"name\":\"Danby Designer 5.1 cu. ft. Cong\u00e9lateur - DCF051A3WDD | Danby Canada\",\"isPartOf\":[],\"primaryImageOfPage\":[],\"image\":[],\"thumbnailUrl\":\"https:\/\/cdnweb.danby.com\/wp-content\/uploads\/sites\/2\/2022\/02\/08222051\/DCF051A3WDD-Featured.jpg\",\"datePublished\":\"2022-02-03T19:14:38+00:00\",\"dateModified\":\"2026-04-16T10:06:54+00:00\",\"description\":\"Ajoutez un espace de stockage suppl\u00e9mentaire pour les articles m\u00e9nagers congel\u00e9s en vrac avec ce cong\u00e9lateur coffre de Danby Designer, id\u00e9al pour un sous-sol, une cuisine ou un garage. La conception de ce petit cong\u00e9lateur occupe un minimum d'espace. Ce mod\u00e8le est pr\u00eat pour le garage et peut fonctionner \u00e0 des temp\u00e9ratures de 0\u00b0F \u00e0 110\u00b0F (-17\u00b0C \u00e0 43\u00b0C). Profitez de 5,1 pieds cubes (144 L) d'espace de cong\u00e9lation. Cet appareil est certifi\u00e9 ENERGY STAR\u00ae et tr\u00e8s \u00e9conomique. L'int\u00e9rieur et le couvercle arrondi sont construits avec de la mousse isolante pour garder l'appareil aussi frais que possible tout en \u00e9loignant l'air chaud. Le rev\u00eatement int\u00e9rieur du cong\u00e9lateur a \u00e9t\u00e9 sp\u00e9cialement con\u00e7u pour un nettoyage rapide et facile. Le processus de d\u00e9givrage manuel est un jeu d'enfant gr\u00e2ce \u00e0 l'orifice de d\u00e9givrage situ\u00e9 \u00e0 l'avant. Le thermostat num\u00e9rique pr\u00e9cis est simple \u00e0 programmer et \u00e0 surveiller puisqu'il est mont\u00e9 \u00e0 l'avant de l'unit\u00e9 de cong\u00e9lation. La fonction de cong\u00e9lation rapide est excellente pour congeler rapidement de grandes quantit\u00e9s de produits frais. En outre, tous vos petits aliments fr\u00e9quents peuvent \u00eatre rang\u00e9s pr\u00e8s du sommet gr\u00e2ce \u00e0 un panier de rangement, ce qui permet de garder vos plats congel\u00e9s pr\u00e9f\u00e9r\u00e9s accessibles et organis\u00e9s. L'appareil est assorti d'une garantie de 5 ans sur les pi\u00e8ces et la main-d'\u0153uvre, la meilleure du secteur, avec service \u00e0 domicile.\",\"breadcrumb\":[],\"inLanguage\":\"fr-CA\",\"potentialAction\":[{\"@type\":\"ReadAction\",\"target\":[\"https:\/\/www.danby.com\/fr\/products\/congelateurs\/dcf051a3wdd\/\"]}]},{\"@type\":\"ImageObject\",\"inLanguage\":\"fr-CA\",\"url\":\"https:\/\/cdnweb.danby.com\/wp-content\/uploads\/sites\/2\/2022\/02\/08222051\/DCF051A3WDD-Featured.jpg\",\"contentUrl\":\"https:\/\/cdnweb.danby.com\/wp-content\/uploads\/sites\/2\/2022\/02\/08222051\/DCF051A3WDD-Featured.jpg\",\"width\":1440,\"height\":1920},{\"@type\":\"BreadcrumbList\",\"itemListElement\":[{\"@type\":\"ListItem\",\"position\":1,\"name\":\"Home\",\"item\":\"https:\/\/www.danby.com\/fr\/\"},{\"@type\":\"ListItem\",\"position\":2,\"name\":\"Boutique\",\"item\":\"https:\/\/www.danby.com\/fr\/boutique\/\"},{\"@type\":\"ListItem\",\"position\":3,\"name\":\"Danby Designer 5.1 cu. ft. Cong\u00e9lateur\"}]},{\"@type\":\"WebSite\",\"url\":\"https:\/\/www.danby.com\/fr\/\",\"name\":\"Danby - Canada - French\",\"description\":\"Leader dans le domaine de la r\u00e9frig\u00e9ration et des appareils sp\u00e9cialis\u00e9s\",\"publisher\":[],\"potentialAction\":[{\"@type\":\"SearchAction\",\"target\":{\"@type\":\"EntryPoint\",\"urlTemplate\":\"https:\/\/www.danby.com\/fr\/?s={search_term_string}\"},\"query-input\":{\"@type\":\"PropertyValueSpecification\",\"valueRequired\":true,\"valueName\":\"search_term_string\"}}],\"inLanguage\":\"fr-CA\"},{\"@type\":\"Organization\",\"name\":\"Danby Appliances\",\"url\":\"https:\/\/www.danby.com\/fr\/\",\"logo\":{\"@type\":\"ImageObject\",\"inLanguage\":\"fr-CA\",\"url\":\"https:\/\/cdnweb.danby.com\/wp-content\/uploads\/sites\/2\/2022\/02\/10141906\/Danby75Ans_Blue.png\",\"contentUrl\":\"https:\/\/cdnweb.danby.com\/wp-content\/uploads\/sites\/2\/2022\/02\/10141906\/Danby75Ans_Blue.png\",\"width\":470,\"height\":110,\"caption\":\"Danby Appliances\"},\"image\":[],\"sameAs\":[\"https:\/\/www.facebook.com\/DanbyAppliances\",\"https:\/\/x.com\/DanbyAppliance\",\"https:\/\/instagram.com\/danbyappliances\/\",\"https:\/\/www.linkedin.com\/company\/danbyappliances\",\"https:\/\/www.pinterest.ca\/danbyappliances\/\",\"https:\/\/www.youtube.com\/user\/DanbyProducts\",\"https:\/\/en.wikipedia.org\/wiki\/Danby_(appliances)\"]}]}<\/script>\n<!-- \/ Yoast SEO plugin. -->","yoast_head_json":{"title":"Danby Designer 5.1 cu. ft. Cong\u00e9lateur - DCF051A3WDD | Danby Canada","description":"Ajoutez un espace de stockage suppl\u00e9mentaire pour les articles m\u00e9nagers congel\u00e9s en vrac avec ce cong\u00e9lateur coffre de Danby Designer, id\u00e9al pour un sous-sol, une cuisine ou un garage. La conception de ce petit cong\u00e9lateur occupe un minimum d'espace. Ce mod\u00e8le est pr\u00eat pour le garage et peut fonctionner \u00e0 des temp\u00e9ratures de 0\u00b0F \u00e0 110\u00b0F (-17\u00b0C \u00e0 43\u00b0C). Profitez de 5,1 pieds cubes (144 L) d'espace de cong\u00e9lation. Cet appareil est certifi\u00e9 ENERGY STAR\u00ae et tr\u00e8s \u00e9conomique. L'int\u00e9rieur et le couvercle arrondi sont construits avec de la mousse isolante pour garder l'appareil aussi frais que possible tout en \u00e9loignant l'air chaud. Le rev\u00eatement int\u00e9rieur du cong\u00e9lateur a \u00e9t\u00e9 sp\u00e9cialement con\u00e7u pour un nettoyage rapide et facile. Le processus de d\u00e9givrage manuel est un jeu d'enfant gr\u00e2ce \u00e0 l'orifice de d\u00e9givrage situ\u00e9 \u00e0 l'avant. Le thermostat num\u00e9rique pr\u00e9cis est simple \u00e0 programmer et \u00e0 surveiller puisqu'il est mont\u00e9 \u00e0 l'avant de l'unit\u00e9 de cong\u00e9lation. La fonction de cong\u00e9lation rapide est excellente pour congeler rapidement de grandes quantit\u00e9s de produits frais. En outre, tous vos petits aliments fr\u00e9quents peuvent \u00eatre rang\u00e9s pr\u00e8s du sommet gr\u00e2ce \u00e0 un panier de rangement, ce qui permet de garder vos plats congel\u00e9s pr\u00e9f\u00e9r\u00e9s accessibles et organis\u00e9s. L'appareil est assorti d'une garantie de 5 ans sur les pi\u00e8ces et la main-d'\u0153uvre, la meilleure du secteur, avec service \u00e0 domicile.","robots":{"index":"index","follow":"follow","max-snippet":"max-snippet:-1","max-image-preview":"max-image-preview:large","max-video-preview":"max-video-preview:-1"},"canonical":"https:\/\/www.danby.com\/fr\/products\/congelateurs\/dcf051a3wdd\/","og_locale":"fr_CA","og_type":"article","og_title":"Danby Designer 5.1 cu. ft. Cong\u00e9lateur - DCF051A3WDD | Danby Canada","og_description":"Ajoutez un espace de stockage suppl\u00e9mentaire pour les articles m\u00e9nagers congel\u00e9s en vrac avec ce cong\u00e9lateur coffre de Danby Designer, id\u00e9al pour un sous-sol, une cuisine ou un garage. La conception de ce petit cong\u00e9lateur occupe un minimum d'espace. Ce mod\u00e8le est pr\u00eat pour le garage et peut fonctionner \u00e0 des temp\u00e9ratures de 0\u00b0F \u00e0 110\u00b0F (-17\u00b0C \u00e0 43\u00b0C). Profitez de 5,1 pieds cubes (144 L) d'espace de cong\u00e9lation. Cet appareil est certifi\u00e9 ENERGY STAR\u00ae et tr\u00e8s \u00e9conomique. L'int\u00e9rieur et le couvercle arrondi sont construits avec de la mousse isolante pour garder l'appareil aussi frais que possible tout en \u00e9loignant l'air chaud. Le rev\u00eatement int\u00e9rieur du cong\u00e9lateur a \u00e9t\u00e9 sp\u00e9cialement con\u00e7u pour un nettoyage rapide et facile. Le processus de d\u00e9givrage manuel est un jeu d'enfant gr\u00e2ce \u00e0 l'orifice de d\u00e9givrage situ\u00e9 \u00e0 l'avant. Le thermostat num\u00e9rique pr\u00e9cis est simple \u00e0 programmer et \u00e0 surveiller puisqu'il est mont\u00e9 \u00e0 l'avant de l'unit\u00e9 de cong\u00e9lation. La fonction de cong\u00e9lation rapide est excellente pour congeler rapidement de grandes quantit\u00e9s de produits frais. En outre, tous vos petits aliments fr\u00e9quents peuvent \u00eatre rang\u00e9s pr\u00e8s du sommet gr\u00e2ce \u00e0 un panier de rangement, ce qui permet de garder vos plats congel\u00e9s pr\u00e9f\u00e9r\u00e9s accessibles et organis\u00e9s. L'appareil est assorti d'une garantie de 5 ans sur les pi\u00e8ces et la main-d'\u0153uvre, la meilleure du secteur, avec service \u00e0 domicile.","og_url":"https:\/\/www.danby.com\/fr\/products\/congelateurs\/dcf051a3wdd\/","og_site_name":"Danby - Canada - French","article_publisher":"https:\/\/www.facebook.com\/DanbyAppliances","article_modified_time":"2026-04-16T10:06:54+00:00","og_image":[{"width":1440,"height":1920,"url":"https:\/\/cdnweb.danby.com\/wp-content\/uploads\/sites\/2\/2022\/02\/08222051\/DCF051A3WDD-Featured.jpg","type":"image\/jpeg"}],"twitter_card":"summary_large_image","twitter_site":"@DanbyAppliance","schema":{"@context":"https:\/\/schema.org","@graph":[{"@type":["WebPage","ItemPage"],"url":"https:\/\/www.danby.com\/fr\/products\/congelateurs\/dcf051a3wdd\/","name":"Danby Designer 5.1 cu. ft. Cong\u00e9lateur - DCF051A3WDD | Danby Canada","isPartOf":[],"primaryImageOfPage":[],"image":[],"thumbnailUrl":"https:\/\/cdnweb.danby.com\/wp-content\/uploads\/sites\/2\/2022\/02\/08222051\/DCF051A3WDD-Featured.jpg","datePublished":"2022-02-03T19:14:38+00:00","dateModified":"2026-04-16T10:06:54+00:00","description":"Ajoutez un espace de stockage suppl\u00e9mentaire pour les articles m\u00e9nagers congel\u00e9s en vrac avec ce cong\u00e9lateur coffre de Danby Designer, id\u00e9al pour un sous-sol, une cuisine ou un garage. La conception de ce petit cong\u00e9lateur occupe un minimum d'espace. Ce mod\u00e8le est pr\u00eat pour le garage et peut fonctionner \u00e0 des temp\u00e9ratures de 0\u00b0F \u00e0 110\u00b0F (-17\u00b0C \u00e0 43\u00b0C). Profitez de 5,1 pieds cubes (144 L) d'espace de cong\u00e9lation. Cet appareil est certifi\u00e9 ENERGY STAR\u00ae et tr\u00e8s \u00e9conomique. L'int\u00e9rieur et le couvercle arrondi sont construits avec de la mousse isolante pour garder l'appareil aussi frais que possible tout en \u00e9loignant l'air chaud. Le rev\u00eatement int\u00e9rieur du cong\u00e9lateur a \u00e9t\u00e9 sp\u00e9cialement con\u00e7u pour un nettoyage rapide et facile. Le processus de d\u00e9givrage manuel est un jeu d'enfant gr\u00e2ce \u00e0 l'orifice de d\u00e9givrage situ\u00e9 \u00e0 l'avant. Le thermostat num\u00e9rique pr\u00e9cis est simple \u00e0 programmer et \u00e0 surveiller puisqu'il est mont\u00e9 \u00e0 l'avant de l'unit\u00e9 de cong\u00e9lation. La fonction de cong\u00e9lation rapide est excellente pour congeler rapidement de grandes quantit\u00e9s de produits frais. En outre, tous vos petits aliments fr\u00e9quents peuvent \u00eatre rang\u00e9s pr\u00e8s du sommet gr\u00e2ce \u00e0 un panier de rangement, ce qui permet de garder vos plats congel\u00e9s pr\u00e9f\u00e9r\u00e9s accessibles et organis\u00e9s. L'appareil est assorti d'une garantie de 5 ans sur les pi\u00e8ces et la main-d'\u0153uvre, la meilleure du secteur, avec service \u00e0 domicile.","breadcrumb":[],"inLanguage":"fr-CA","potentialAction":[{"@type":"ReadAction","target":["https:\/\/www.danby.com\/fr\/products\/congelateurs\/dcf051a3wdd\/"]}]},{"@type":"ImageObject","inLanguage":"fr-CA","url":"https:\/\/cdnweb.danby.com\/wp-content\/uploads\/sites\/2\/2022\/02\/08222051\/DCF051A3WDD-Featured.jpg","contentUrl":"https:\/\/cdnweb.danby.com\/wp-content\/uploads\/sites\/2\/2022\/02\/08222051\/DCF051A3WDD-Featured.jpg","width":1440,"height":1920},{"@type":"BreadcrumbList","itemListElement":[{"@type":"ListItem","position":1,"name":"Home","item":"https:\/\/www.danby.com\/fr\/"},{"@type":"ListItem","position":2,"name":"Boutique","item":"https:\/\/www.danby.com\/fr\/boutique\/"},{"@type":"ListItem","position":3,"name":"Danby Designer 5.1 cu. ft. Cong\u00e9lateur"}]},{"@type":"WebSite","url":"https:\/\/www.danby.com\/fr\/","name":"Danby - Canada - French","description":"Leader dans le domaine de la r\u00e9frig\u00e9ration et des appareils sp\u00e9cialis\u00e9s","publisher":[],"potentialAction":[{"@type":"SearchAction","target":{"@type":"EntryPoint","urlTemplate":"https:\/\/www.danby.com\/fr\/?s={search_term_string}"},"query-input":{"@type":"PropertyValueSpecification","valueRequired":true,"valueName":"search_term_string"}}],"inLanguage":"fr-CA"},{"@type":"Organization","name":"Danby Appliances","url":"https:\/\/www.danby.com\/fr\/","logo":{"@type":"ImageObject","inLanguage":"fr-CA","url":"https:\/\/cdnweb.danby.com\/wp-content\/uploads\/sites\/2\/2022\/02\/10141906\/Danby75Ans_Blue.png","contentUrl":"https:\/\/cdnweb.danby.com\/wp-content\/uploads\/sites\/2\/2022\/02\/10141906\/Danby75Ans_Blue.png","width":470,"height":110,"caption":"Danby Appliances"},"image":[],"sameAs":["https:\/\/www.facebook.com\/DanbyAppliances","https:\/\/x.com\/DanbyAppliance","https:\/\/instagram.com\/danbyappliances\/","https:\/\/www.linkedin.com\/company\/danbyappliances","https:\/\/www.pinterest.ca\/danbyappliances\/","https:\/\/www.youtube.com\/user\/DanbyProducts","https:\/\/en.wikipedia.org\/wiki\/Danby_(appliances)"]}]}},"post_mailing_queue_ids":[],"_links":{"self":[{"href":"https:\/\/www.danby.com\/fr\/wp-json\/wp\/v2\/product\/4723","targetHints":{"allow":["GET"]}}],"collection":[{"href":"https:\/\/www.danby.com\/fr\/wp-json\/wp\/v2\/product"}],"about":[{"href":"https:\/\/www.danby.com\/fr\/wp-json\/wp\/v2\/types\/product"}],"replies":[{"embeddable":true,"href":"https:\/\/www.danby.com\/fr\/wp-json\/wp\/v2\/comments?post=4723"}],"wp:featuredmedia":[{"embeddable":true,"href":"https:\/\/www.danby.com\/fr\/wp-json\/wp\/v2\/media\/9660"}],"wp:attachment":[{"href":"https:\/\/www.danby.com\/fr\/wp-json\/wp\/v2\/media?parent=4723"}],"wp:term":[{"taxonomy":"product_brand","embeddable":true,"href":"https:\/\/www.danby.com\/fr\/wp-json\/wp\/v2\/product_brand?post=4723"},{"taxonomy":"product_cat","embeddable":true,"href":"https:\/\/www.danby.com\/fr\/wp-json\/wp\/v2\/product_cat?post=4723"},{"taxonomy":"product_tag","embeddable":true,"href":"https:\/\/www.danby.com\/fr\/wp-json\/wp\/v2\/product_tag?post=4723"}],"curies":[{"name":"wp","href":"https:\/\/api.w.org\/{rel}","templated":true}]}}