{"id":4721,"date":"2022-02-03T19:14:38","date_gmt":"2022-02-03T19:14:38","guid":{"rendered":"https:\/\/www.danby.com\/fr\/product\/dcf050b1wm\/"},"modified":"2026-05-01T10:07:10","modified_gmt":"2026-05-01T10:07:10","slug":"dcf050b1wm","status":"publish","type":"product","link":"https:\/\/www.danby.com\/fr\/products\/congelateurs\/dcf050b1wm\/","title":{"rendered":"Cong\u00e9lateur coffre Danby de 5,0 pi3 en Blanc"},"content":{"rendered":"","protected":false},"excerpt":{"rendered":"<ul>\n<li>Capacit\u00e9 de 5.0 cu ft. (142 Litres)<\/li>\n<li>Cote \u00e9nerg\u00e9tique DOE<\/li>\n<li>Pr\u00eat pour le garage : Le cong\u00e9lateur peut fonctionner \u00e0 des temp\u00e9ratures allant de 0\u00b0F \u00e0 110\u00b0F (-17\u00b0C \u00e0 43\u00b0C)<\/li>\n<li>Thermostat m\u00e9canique<\/li>\n<li>D\u00e9givrage manuel avec drain frontal<\/li>\n<li>1 panier de rangement en fil m\u00e9tallique<\/li>\n<li>Pied de mise \u00e0 niveau r\u00e9glable<\/li>\n<\/ul>\n","protected":false},"featured_media":22986,"comment_status":"closed","ping_status":"open","template":"","meta":{"_acf_changed":false},"product_brand":[],"product_cat":[27],"product_tag":[],"class_list":{"0":"post-4721","1":"product","2":"type-product","3":"status-publish","4":"has-post-thumbnail","6":"product_cat-congelateurs","8":"first","9":"outofstock","10":"taxable","11":"shipping-taxable","12":"product-type-simple"},"acf":[],"yoast_head":"<!-- This site is optimized with the Yoast SEO plugin v27.5 - https:\/\/yoast.com\/product\/yoast-seo-wordpress\/ -->\n<title>Cong\u00e9lateur coffre Danby de 5,0 pi3 en Blanc - DCF050B1WM | Danby Canada<\/title>\n<meta name=\"description\" content=\"Si vous disposez de peu d&#039;espace, ne vous inqui\u00e9tez pas car ce cong\u00e9lateur coffre compact sophistiqu\u00e9 ne mesure que 27,75 pouces de largeur et 21,65 pouces de profondeur. Il vous offre n\u00e9anmoins un g\u00e9n\u00e9reux espace de stockage de 141,6 litres (5 pieds cubes) et peut facilement \u00eatre install\u00e9 dans n&#039;importe quelle pi\u00e8ce, ce qui en fait le mod\u00e8le parfait pour les bureaux, les chalets, les appartements et les condominiums, etc. Le fonctionnement et l&#039;entretien de l&#039;appareil sont simplifi\u00e9s par le syst\u00e8me de d\u00e9givrage manuel, le drain de d\u00e9givrage mont\u00e9 \u00e0 l&#039;avant et le rev\u00eatement int\u00e9rieur facile \u00e0 nettoyer. Le cong\u00e9lateur et le couvercle arrondi sont tous deux isol\u00e9s par de la mousse afin de r\u00e9duire au maximum vos factures d&#039;\u00e9lectricit\u00e9. La recherche de vos aliments congel\u00e9s pr\u00e9f\u00e9r\u00e9s est simplifi\u00e9e gr\u00e2ce au panier en fil blanc solide fourni. Le thermostat m\u00e9canique \u00e0 haut rendement est \u00e9galement mont\u00e9 \u00e0 l&#039;avant pour faciliter son utilisation et sa plage de temp\u00e9rature variable se situe entre -12,9\u00b0C et -23\u00b0C (8,78\u00b0F et 9,4\u00b0F).\" \/>\n<meta name=\"robots\" content=\"index, follow, max-snippet:-1, max-image-preview:large, max-video-preview:-1\" \/>\n<link rel=\"canonical\" href=\"https:\/\/www.danby.com\/fr\/products\/congelateurs\/dcf050b1wm\/\" \/>\n<meta property=\"og:locale\" content=\"fr_CA\" \/>\n<meta property=\"og:type\" content=\"article\" \/>\n<meta property=\"og:title\" content=\"Cong\u00e9lateur coffre Danby de 5,0 pi3 en Blanc - DCF050B1WM | Danby Canada\" \/>\n<meta property=\"og:description\" content=\"Si vous disposez de peu d&#039;espace, ne vous inqui\u00e9tez pas car ce cong\u00e9lateur coffre compact sophistiqu\u00e9 ne mesure que 27,75 pouces de largeur et 21,65 pouces de profondeur. Il vous offre n\u00e9anmoins un g\u00e9n\u00e9reux espace de stockage de 141,6 litres (5 pieds cubes) et peut facilement \u00eatre install\u00e9 dans n&#039;importe quelle pi\u00e8ce, ce qui en fait le mod\u00e8le parfait pour les bureaux, les chalets, les appartements et les condominiums, etc. Le fonctionnement et l&#039;entretien de l&#039;appareil sont simplifi\u00e9s par le syst\u00e8me de d\u00e9givrage manuel, le drain de d\u00e9givrage mont\u00e9 \u00e0 l&#039;avant et le rev\u00eatement int\u00e9rieur facile \u00e0 nettoyer. Le cong\u00e9lateur et le couvercle arrondi sont tous deux isol\u00e9s par de la mousse afin de r\u00e9duire au maximum vos factures d&#039;\u00e9lectricit\u00e9. La recherche de vos aliments congel\u00e9s pr\u00e9f\u00e9r\u00e9s est simplifi\u00e9e gr\u00e2ce au panier en fil blanc solide fourni. Le thermostat m\u00e9canique \u00e0 haut rendement est \u00e9galement mont\u00e9 \u00e0 l&#039;avant pour faciliter son utilisation et sa plage de temp\u00e9rature variable se situe entre -12,9\u00b0C et -23\u00b0C (8,78\u00b0F et 9,4\u00b0F).\" \/>\n<meta property=\"og:url\" content=\"https:\/\/www.danby.com\/fr\/products\/congelateurs\/dcf050b1wm\/\" \/>\n<meta property=\"og:site_name\" content=\"Danby - Canada - French\" \/>\n<meta property=\"article:publisher\" content=\"https:\/\/www.facebook.com\/DanbyAppliances\" \/>\n<meta property=\"article:modified_time\" content=\"2026-05-01T10:07:10+00:00\" \/>\n<meta property=\"og:image\" content=\"https:\/\/cdnweb.danby.com\/wp-content\/uploads\/sites\/2\/2023\/05\/30153740\/DCF050B1WM_Front-scaled.jpg\" \/>\n\t<meta property=\"og:image:width\" content=\"1920\" \/>\n\t<meta property=\"og:image:height\" content=\"2560\" \/>\n\t<meta property=\"og:image:type\" content=\"image\/jpeg\" \/>\n<meta name=\"twitter:card\" content=\"summary_large_image\" \/>\n<meta name=\"twitter:site\" content=\"@DanbyAppliance\" \/>\n<script type=\"application\/ld+json\" class=\"yoast-schema-graph\">{\"@context\":\"https:\\\/\\\/schema.org\",\"@graph\":[{\"@type\":[\"WebPage\",\"ItemPage\"],\"url\":\"https:\\\/\\\/www.danby.com\\\/fr\\\/products\\\/congelateurs\\\/dcf050b1wm\\\/\",\"name\":\"Cong\u00e9lateur coffre Danby de 5,0 pi3 en Blanc - DCF050B1WM | Danby Canada\",\"isPartOf\":[],\"primaryImageOfPage\":[],\"image\":[],\"thumbnailUrl\":\"https:\\\/\\\/cdnweb.danby.com\\\/wp-content\\\/uploads\\\/sites\\\/2\\\/2023\\\/05\\\/30153740\\\/DCF050B1WM_Front-scaled.jpg\",\"datePublished\":\"2022-02-03T19:14:38+00:00\",\"dateModified\":\"2026-05-01T10:07:10+00:00\",\"description\":\"Si vous disposez de peu d'espace, ne vous inqui\u00e9tez pas car ce cong\u00e9lateur coffre compact sophistiqu\u00e9 ne mesure que 27,75 pouces de largeur et 21,65 pouces de profondeur. Il vous offre n\u00e9anmoins un g\u00e9n\u00e9reux espace de stockage de 141,6 litres (5 pieds cubes) et peut facilement \u00eatre install\u00e9 dans n'importe quelle pi\u00e8ce, ce qui en fait le mod\u00e8le parfait pour les bureaux, les chalets, les appartements et les condominiums, etc. Le fonctionnement et l'entretien de l'appareil sont simplifi\u00e9s par le syst\u00e8me de d\u00e9givrage manuel, le drain de d\u00e9givrage mont\u00e9 \u00e0 l'avant et le rev\u00eatement int\u00e9rieur facile \u00e0 nettoyer. Le cong\u00e9lateur et le couvercle arrondi sont tous deux isol\u00e9s par de la mousse afin de r\u00e9duire au maximum vos factures d'\u00e9lectricit\u00e9. La recherche de vos aliments congel\u00e9s pr\u00e9f\u00e9r\u00e9s est simplifi\u00e9e gr\u00e2ce au panier en fil blanc solide fourni. Le thermostat m\u00e9canique \u00e0 haut rendement est \u00e9galement mont\u00e9 \u00e0 l'avant pour faciliter son utilisation et sa plage de temp\u00e9rature variable se situe entre -12,9\u00b0C et -23\u00b0C (8,78\u00b0F et 9,4\u00b0F).\",\"breadcrumb\":[],\"inLanguage\":\"fr-CA\",\"potentialAction\":[{\"@type\":\"ReadAction\",\"target\":[\"https:\\\/\\\/www.danby.com\\\/fr\\\/products\\\/congelateurs\\\/dcf050b1wm\\\/\"]}]},{\"@type\":\"ImageObject\",\"inLanguage\":\"fr-CA\",\"url\":\"https:\\\/\\\/cdnweb.danby.com\\\/wp-content\\\/uploads\\\/sites\\\/2\\\/2023\\\/05\\\/30153740\\\/DCF050B1WM_Front-scaled.jpg\",\"contentUrl\":\"https:\\\/\\\/cdnweb.danby.com\\\/wp-content\\\/uploads\\\/sites\\\/2\\\/2023\\\/05\\\/30153740\\\/DCF050B1WM_Front-scaled.jpg\",\"width\":1920,\"height\":2560},{\"@type\":\"BreadcrumbList\",\"itemListElement\":[{\"@type\":\"ListItem\",\"position\":1,\"name\":\"Home\",\"item\":\"https:\\\/\\\/www.danby.com\\\/fr\\\/\"},{\"@type\":\"ListItem\",\"position\":2,\"name\":\"Boutique\",\"item\":\"https:\\\/\\\/www.danby.com\\\/fr\\\/boutique\\\/\"},{\"@type\":\"ListItem\",\"position\":3,\"name\":\"Cong\u00e9lateur coffre Danby de 5,0 pi3 en Blanc\"}]},{\"@type\":\"WebSite\",\"url\":\"https:\\\/\\\/www.danby.com\\\/fr\\\/\",\"name\":\"Danby - Canada - French\",\"description\":\"Leader dans le domaine de la r\u00e9frig\u00e9ration et des appareils sp\u00e9cialis\u00e9s\",\"publisher\":[],\"potentialAction\":[{\"@type\":\"SearchAction\",\"target\":{\"@type\":\"EntryPoint\",\"urlTemplate\":\"https:\\\/\\\/www.danby.com\\\/fr\\\/?s={search_term_string}\"},\"query-input\":{\"@type\":\"PropertyValueSpecification\",\"valueRequired\":true,\"valueName\":\"search_term_string\"}}],\"inLanguage\":\"fr-CA\"},{\"@type\":\"Organization\",\"name\":\"Danby Appliances\",\"url\":\"https:\\\/\\\/www.danby.com\\\/fr\\\/\",\"logo\":{\"@type\":\"ImageObject\",\"inLanguage\":\"fr-CA\",\"url\":\"https:\\\/\\\/cdnweb.danby.com\\\/wp-content\\\/uploads\\\/sites\\\/2\\\/2022\\\/02\\\/10141906\\\/Danby75Ans_Blue.png\",\"contentUrl\":\"https:\\\/\\\/cdnweb.danby.com\\\/wp-content\\\/uploads\\\/sites\\\/2\\\/2022\\\/02\\\/10141906\\\/Danby75Ans_Blue.png\",\"width\":470,\"height\":110,\"caption\":\"Danby Appliances\"},\"image\":[],\"sameAs\":[\"https:\\\/\\\/www.facebook.com\\\/DanbyAppliances\",\"https:\\\/\\\/x.com\\\/DanbyAppliance\",\"https:\\\/\\\/instagram.com\\\/danbyappliances\\\/\",\"https:\\\/\\\/www.linkedin.com\\\/company\\\/danbyappliances\",\"https:\\\/\\\/www.pinterest.ca\\\/danbyappliances\\\/\",\"https:\\\/\\\/www.youtube.com\\\/user\\\/DanbyProducts\",\"https:\\\/\\\/en.wikipedia.org\\\/wiki\\\/Danby_(appliances)\"]}]}<\/script>\n<!-- \/ Yoast SEO plugin. -->","yoast_head_json":{"title":"Cong\u00e9lateur coffre Danby de 5,0 pi3 en Blanc - DCF050B1WM | Danby Canada","description":"Si vous disposez de peu d'espace, ne vous inqui\u00e9tez pas car ce cong\u00e9lateur coffre compact sophistiqu\u00e9 ne mesure que 27,75 pouces de largeur et 21,65 pouces de profondeur. Il vous offre n\u00e9anmoins un g\u00e9n\u00e9reux espace de stockage de 141,6 litres (5 pieds cubes) et peut facilement \u00eatre install\u00e9 dans n'importe quelle pi\u00e8ce, ce qui en fait le mod\u00e8le parfait pour les bureaux, les chalets, les appartements et les condominiums, etc. Le fonctionnement et l'entretien de l'appareil sont simplifi\u00e9s par le syst\u00e8me de d\u00e9givrage manuel, le drain de d\u00e9givrage mont\u00e9 \u00e0 l'avant et le rev\u00eatement int\u00e9rieur facile \u00e0 nettoyer. Le cong\u00e9lateur et le couvercle arrondi sont tous deux isol\u00e9s par de la mousse afin de r\u00e9duire au maximum vos factures d'\u00e9lectricit\u00e9. La recherche de vos aliments congel\u00e9s pr\u00e9f\u00e9r\u00e9s est simplifi\u00e9e gr\u00e2ce au panier en fil blanc solide fourni. Le thermostat m\u00e9canique \u00e0 haut rendement est \u00e9galement mont\u00e9 \u00e0 l'avant pour faciliter son utilisation et sa plage de temp\u00e9rature variable se situe entre -12,9\u00b0C et -23\u00b0C (8,78\u00b0F et 9,4\u00b0F).","robots":{"index":"index","follow":"follow","max-snippet":"max-snippet:-1","max-image-preview":"max-image-preview:large","max-video-preview":"max-video-preview:-1"},"canonical":"https:\/\/www.danby.com\/fr\/products\/congelateurs\/dcf050b1wm\/","og_locale":"fr_CA","og_type":"article","og_title":"Cong\u00e9lateur coffre Danby de 5,0 pi3 en Blanc - DCF050B1WM | Danby Canada","og_description":"Si vous disposez de peu d'espace, ne vous inqui\u00e9tez pas car ce cong\u00e9lateur coffre compact sophistiqu\u00e9 ne mesure que 27,75 pouces de largeur et 21,65 pouces de profondeur. Il vous offre n\u00e9anmoins un g\u00e9n\u00e9reux espace de stockage de 141,6 litres (5 pieds cubes) et peut facilement \u00eatre install\u00e9 dans n'importe quelle pi\u00e8ce, ce qui en fait le mod\u00e8le parfait pour les bureaux, les chalets, les appartements et les condominiums, etc. Le fonctionnement et l'entretien de l'appareil sont simplifi\u00e9s par le syst\u00e8me de d\u00e9givrage manuel, le drain de d\u00e9givrage mont\u00e9 \u00e0 l'avant et le rev\u00eatement int\u00e9rieur facile \u00e0 nettoyer. Le cong\u00e9lateur et le couvercle arrondi sont tous deux isol\u00e9s par de la mousse afin de r\u00e9duire au maximum vos factures d'\u00e9lectricit\u00e9. La recherche de vos aliments congel\u00e9s pr\u00e9f\u00e9r\u00e9s est simplifi\u00e9e gr\u00e2ce au panier en fil blanc solide fourni. Le thermostat m\u00e9canique \u00e0 haut rendement est \u00e9galement mont\u00e9 \u00e0 l'avant pour faciliter son utilisation et sa plage de temp\u00e9rature variable se situe entre -12,9\u00b0C et -23\u00b0C (8,78\u00b0F et 9,4\u00b0F).","og_url":"https:\/\/www.danby.com\/fr\/products\/congelateurs\/dcf050b1wm\/","og_site_name":"Danby - Canada - French","article_publisher":"https:\/\/www.facebook.com\/DanbyAppliances","article_modified_time":"2026-05-01T10:07:10+00:00","og_image":[{"width":1920,"height":2560,"url":"https:\/\/cdnweb.danby.com\/wp-content\/uploads\/sites\/2\/2023\/05\/30153740\/DCF050B1WM_Front-scaled.jpg","type":"image\/jpeg"}],"twitter_card":"summary_large_image","twitter_site":"@DanbyAppliance","schema":{"@context":"https:\/\/schema.org","@graph":[{"@type":["WebPage","ItemPage"],"url":"https:\/\/www.danby.com\/fr\/products\/congelateurs\/dcf050b1wm\/","name":"Cong\u00e9lateur coffre Danby de 5,0 pi3 en Blanc - DCF050B1WM | Danby Canada","isPartOf":[],"primaryImageOfPage":[],"image":[],"thumbnailUrl":"https:\/\/cdnweb.danby.com\/wp-content\/uploads\/sites\/2\/2023\/05\/30153740\/DCF050B1WM_Front-scaled.jpg","datePublished":"2022-02-03T19:14:38+00:00","dateModified":"2026-05-01T10:07:10+00:00","description":"Si vous disposez de peu d'espace, ne vous inqui\u00e9tez pas car ce cong\u00e9lateur coffre compact sophistiqu\u00e9 ne mesure que 27,75 pouces de largeur et 21,65 pouces de profondeur. Il vous offre n\u00e9anmoins un g\u00e9n\u00e9reux espace de stockage de 141,6 litres (5 pieds cubes) et peut facilement \u00eatre install\u00e9 dans n'importe quelle pi\u00e8ce, ce qui en fait le mod\u00e8le parfait pour les bureaux, les chalets, les appartements et les condominiums, etc. Le fonctionnement et l'entretien de l'appareil sont simplifi\u00e9s par le syst\u00e8me de d\u00e9givrage manuel, le drain de d\u00e9givrage mont\u00e9 \u00e0 l'avant et le rev\u00eatement int\u00e9rieur facile \u00e0 nettoyer. Le cong\u00e9lateur et le couvercle arrondi sont tous deux isol\u00e9s par de la mousse afin de r\u00e9duire au maximum vos factures d'\u00e9lectricit\u00e9. La recherche de vos aliments congel\u00e9s pr\u00e9f\u00e9r\u00e9s est simplifi\u00e9e gr\u00e2ce au panier en fil blanc solide fourni. Le thermostat m\u00e9canique \u00e0 haut rendement est \u00e9galement mont\u00e9 \u00e0 l'avant pour faciliter son utilisation et sa plage de temp\u00e9rature variable se situe entre -12,9\u00b0C et -23\u00b0C (8,78\u00b0F et 9,4\u00b0F).","breadcrumb":[],"inLanguage":"fr-CA","potentialAction":[{"@type":"ReadAction","target":["https:\/\/www.danby.com\/fr\/products\/congelateurs\/dcf050b1wm\/"]}]},{"@type":"ImageObject","inLanguage":"fr-CA","url":"https:\/\/cdnweb.danby.com\/wp-content\/uploads\/sites\/2\/2023\/05\/30153740\/DCF050B1WM_Front-scaled.jpg","contentUrl":"https:\/\/cdnweb.danby.com\/wp-content\/uploads\/sites\/2\/2023\/05\/30153740\/DCF050B1WM_Front-scaled.jpg","width":1920,"height":2560},{"@type":"BreadcrumbList","itemListElement":[{"@type":"ListItem","position":1,"name":"Home","item":"https:\/\/www.danby.com\/fr\/"},{"@type":"ListItem","position":2,"name":"Boutique","item":"https:\/\/www.danby.com\/fr\/boutique\/"},{"@type":"ListItem","position":3,"name":"Cong\u00e9lateur coffre Danby de 5,0 pi3 en Blanc"}]},{"@type":"WebSite","url":"https:\/\/www.danby.com\/fr\/","name":"Danby - Canada - French","description":"Leader dans le domaine de la r\u00e9frig\u00e9ration et des appareils sp\u00e9cialis\u00e9s","publisher":[],"potentialAction":[{"@type":"SearchAction","target":{"@type":"EntryPoint","urlTemplate":"https:\/\/www.danby.com\/fr\/?s={search_term_string}"},"query-input":{"@type":"PropertyValueSpecification","valueRequired":true,"valueName":"search_term_string"}}],"inLanguage":"fr-CA"},{"@type":"Organization","name":"Danby Appliances","url":"https:\/\/www.danby.com\/fr\/","logo":{"@type":"ImageObject","inLanguage":"fr-CA","url":"https:\/\/cdnweb.danby.com\/wp-content\/uploads\/sites\/2\/2022\/02\/10141906\/Danby75Ans_Blue.png","contentUrl":"https:\/\/cdnweb.danby.com\/wp-content\/uploads\/sites\/2\/2022\/02\/10141906\/Danby75Ans_Blue.png","width":470,"height":110,"caption":"Danby Appliances"},"image":[],"sameAs":["https:\/\/www.facebook.com\/DanbyAppliances","https:\/\/x.com\/DanbyAppliance","https:\/\/instagram.com\/danbyappliances\/","https:\/\/www.linkedin.com\/company\/danbyappliances","https:\/\/www.pinterest.ca\/danbyappliances\/","https:\/\/www.youtube.com\/user\/DanbyProducts","https:\/\/en.wikipedia.org\/wiki\/Danby_(appliances)"]}]}},"post_mailing_queue_ids":[],"_links":{"self":[{"href":"https:\/\/www.danby.com\/fr\/wp-json\/wp\/v2\/product\/4721","targetHints":{"allow":["GET"]}}],"collection":[{"href":"https:\/\/www.danby.com\/fr\/wp-json\/wp\/v2\/product"}],"about":[{"href":"https:\/\/www.danby.com\/fr\/wp-json\/wp\/v2\/types\/product"}],"replies":[{"embeddable":true,"href":"https:\/\/www.danby.com\/fr\/wp-json\/wp\/v2\/comments?post=4721"}],"wp:featuredmedia":[{"embeddable":true,"href":"https:\/\/www.danby.com\/fr\/wp-json\/wp\/v2\/media\/22986"}],"wp:attachment":[{"href":"https:\/\/www.danby.com\/fr\/wp-json\/wp\/v2\/media?parent=4721"}],"wp:term":[{"taxonomy":"product_brand","embeddable":true,"href":"https:\/\/www.danby.com\/fr\/wp-json\/wp\/v2\/product_brand?post=4721"},{"taxonomy":"product_cat","embeddable":true,"href":"https:\/\/www.danby.com\/fr\/wp-json\/wp\/v2\/product_cat?post=4721"},{"taxonomy":"product_tag","embeddable":true,"href":"https:\/\/www.danby.com\/fr\/wp-json\/wp\/v2\/product_tag?post=4721"}],"curies":[{"name":"wp","href":"https:\/\/api.w.org\/{rel}","templated":true}]}}