{"id":4716,"date":"2022-02-03T19:14:38","date_gmt":"2022-02-03T19:14:38","guid":{"rendered":"https:\/\/www.danby.com\/fr\/product\/dcf038a1wdb1\/"},"modified":"2026-04-21T10:10:43","modified_gmt":"2026-04-21T10:10:43","slug":"dcf038a1wdb1","status":"publish","type":"product","link":"https:\/\/www.danby.com\/fr\/products\/congelateurs\/dcf038a1wdb1\/","title":{"rendered":"Danby cong\u00e9lateur coffre de 3,8 pi3 Cong\u00e9lateur coffre"},"content":{"rendered":"","protected":false},"excerpt":{"rendered":"<ul>\n<li>Cong\u00e9lateur coffre d&#8217;une capacit\u00e9 de 3,8 cu.ft (108 L) <\/li>\n<li>R\u00e9frig\u00e9rant R600a respectueux de l&#8217;environnement <\/li>\n<li>D\u00e9givrage manuel avec drain de d\u00e9givrage mont\u00e9 \u00e0 l&#8217;avant <\/li>\n<li>Thermostat m\u00e9canique mont\u00e9 \u00e0 l&#8217;avant avec t\u00e9moin lumineux de mise sous tension <\/li>\n<li>Coffret et couvercle isol\u00e9s par de la mousse \u00e0 haut rendement \u00e9nerg\u00e9tique <\/li>\n<li>Conception du couvercle arrondi <\/li>\n<li>1 panier m\u00e9tallique r\u00e9glable <\/li>\n<li>Maintient des temp\u00e9ratures de cong\u00e9lation optimales de -12\u00baC (10.4\u00baF) \u00e0 -24\u00baC (-11.2\u00baF) <\/li>\n<li>La doublure int\u00e9rieure facile \u00e0 nettoyer <\/li>\n<\/ul>\n","protected":false},"featured_media":5928,"comment_status":"closed","ping_status":"open","template":"","meta":{"_acf_changed":false},"product_brand":[],"product_cat":[27],"product_tag":[],"class_list":{"0":"post-4716","1":"product","2":"type-product","3":"status-publish","4":"has-post-thumbnail","6":"product_cat-congelateurs","8":"first","9":"outofstock","10":"taxable","11":"shipping-taxable","12":"product-type-simple"},"acf":[],"yoast_head":"<!-- This site is optimized with the Yoast SEO plugin v26.7 - https:\/\/yoast.com\/wordpress\/plugins\/seo\/ -->\n<title>Danby cong\u00e9lateur coffre de 3,8 pi3 Cong\u00e9lateur coffre - DCF038A1WDB1 | Danby Canada<\/title>\n<meta name=\"description\" content=\"Si vous disposez de peu d&#039;espace, ne vous inqui\u00e9tez pas car ce cong\u00e9lateur coffre compact sophistiqu\u00e9 ne mesure que 25 pouces de largeur et 22 pouces de profondeur. Il vous offre n\u00e9anmoins un g\u00e9n\u00e9reux espace de rangement de 108 litres (3,8 pieds cubes) et peut facilement \u00eatre install\u00e9 dans n&#039;importe quelle pi\u00e8ce, ce qui en fait le mod\u00e8le parfait pour les bureaux, les chalets, les appartements et les condominiums. Le fonctionnement et l&#039;entretien de l&#039;appareil sont simplifi\u00e9s par le syst\u00e8me de d\u00e9givrage manuel, le drain de d\u00e9givrage mont\u00e9 \u00e0 l&#039;avant et le rev\u00eatement int\u00e9rieur facile \u00e0 nettoyer. Le cong\u00e9lateur et le couvercle arrondi sont tous deux isol\u00e9s par de la mousse afin de r\u00e9duire au maximum vos factures d&#039;\u00e9lectricit\u00e9. La recherche de vos aliments congel\u00e9s pr\u00e9f\u00e9r\u00e9s est simplifi\u00e9e gr\u00e2ce au panier en fil blanc solide fourni. Le thermostat m\u00e9canique \u00e0 haut rendement est \u00e9galement mont\u00e9 \u00e0 l&#039;avant pour faciliter l&#039;utilisation et sa plage de temp\u00e9rature variable se situe entre -12\u00b0C et -24\u00b0C (10,4\u00b0F et -11,2\u00b0F). Ce cong\u00e9lateur populaire est \u00e9galement assorti d&#039;une garantie sans souci de 12 mois sur les pi\u00e8ces et la main-d&#039;\u0153uvre et d&#039;un service \u00e0 domicile pratique.\" \/>\n<meta name=\"robots\" content=\"index, follow, max-snippet:-1, max-image-preview:large, max-video-preview:-1\" \/>\n<link rel=\"canonical\" href=\"https:\/\/www.danby.com\/fr\/products\/congelateurs\/dcf038a1wdb1\/\" \/>\n<meta property=\"og:locale\" content=\"fr_CA\" \/>\n<meta property=\"og:type\" content=\"article\" \/>\n<meta property=\"og:title\" content=\"Danby cong\u00e9lateur coffre de 3,8 pi3 Cong\u00e9lateur coffre - DCF038A1WDB1 | Danby Canada\" \/>\n<meta property=\"og:description\" content=\"Si vous disposez de peu d&#039;espace, ne vous inqui\u00e9tez pas car ce cong\u00e9lateur coffre compact sophistiqu\u00e9 ne mesure que 25 pouces de largeur et 22 pouces de profondeur. Il vous offre n\u00e9anmoins un g\u00e9n\u00e9reux espace de rangement de 108 litres (3,8 pieds cubes) et peut facilement \u00eatre install\u00e9 dans n&#039;importe quelle pi\u00e8ce, ce qui en fait le mod\u00e8le parfait pour les bureaux, les chalets, les appartements et les condominiums. Le fonctionnement et l&#039;entretien de l&#039;appareil sont simplifi\u00e9s par le syst\u00e8me de d\u00e9givrage manuel, le drain de d\u00e9givrage mont\u00e9 \u00e0 l&#039;avant et le rev\u00eatement int\u00e9rieur facile \u00e0 nettoyer. Le cong\u00e9lateur et le couvercle arrondi sont tous deux isol\u00e9s par de la mousse afin de r\u00e9duire au maximum vos factures d&#039;\u00e9lectricit\u00e9. La recherche de vos aliments congel\u00e9s pr\u00e9f\u00e9r\u00e9s est simplifi\u00e9e gr\u00e2ce au panier en fil blanc solide fourni. Le thermostat m\u00e9canique \u00e0 haut rendement est \u00e9galement mont\u00e9 \u00e0 l&#039;avant pour faciliter l&#039;utilisation et sa plage de temp\u00e9rature variable se situe entre -12\u00b0C et -24\u00b0C (10,4\u00b0F et -11,2\u00b0F). Ce cong\u00e9lateur populaire est \u00e9galement assorti d&#039;une garantie sans souci de 12 mois sur les pi\u00e8ces et la main-d&#039;\u0153uvre et d&#039;un service \u00e0 domicile pratique.\" \/>\n<meta property=\"og:url\" content=\"https:\/\/www.danby.com\/fr\/products\/congelateurs\/dcf038a1wdb1\/\" \/>\n<meta property=\"og:site_name\" content=\"Danby - Canada - French\" \/>\n<meta property=\"article:publisher\" content=\"https:\/\/www.facebook.com\/DanbyAppliances\" \/>\n<meta property=\"article:modified_time\" content=\"2026-04-21T10:10:43+00:00\" \/>\n<meta property=\"og:image\" content=\"https:\/\/cdnweb.danby.com\/wp-content\/uploads\/sites\/2\/2022\/02\/08182431\/proMed-dcf401w_closed.jpg\" \/>\n\t<meta property=\"og:image:width\" content=\"303\" \/>\n\t<meta property=\"og:image:height\" content=\"275\" \/>\n\t<meta property=\"og:image:type\" content=\"image\/jpeg\" \/>\n<meta name=\"twitter:card\" content=\"summary_large_image\" \/>\n<meta name=\"twitter:site\" content=\"@DanbyAppliance\" \/>\n<script type=\"application\/ld+json\" class=\"yoast-schema-graph\">{\"@context\":\"https:\/\/schema.org\",\"@graph\":[{\"@type\":[\"WebPage\",\"ItemPage\"],\"url\":\"https:\/\/www.danby.com\/fr\/products\/congelateurs\/dcf038a1wdb1\/\",\"name\":\"Danby cong\u00e9lateur coffre de 3,8 pi3 Cong\u00e9lateur coffre - DCF038A1WDB1 | Danby Canada\",\"isPartOf\":[],\"primaryImageOfPage\":[],\"image\":[],\"thumbnailUrl\":\"https:\/\/cdnweb.danby.com\/wp-content\/uploads\/sites\/2\/2022\/02\/08182431\/proMed-dcf401w_closed.jpg\",\"datePublished\":\"2022-02-03T19:14:38+00:00\",\"dateModified\":\"2026-04-21T10:10:43+00:00\",\"description\":\"Si vous disposez de peu d'espace, ne vous inqui\u00e9tez pas car ce cong\u00e9lateur coffre compact sophistiqu\u00e9 ne mesure que 25 pouces de largeur et 22 pouces de profondeur. Il vous offre n\u00e9anmoins un g\u00e9n\u00e9reux espace de rangement de 108 litres (3,8 pieds cubes) et peut facilement \u00eatre install\u00e9 dans n'importe quelle pi\u00e8ce, ce qui en fait le mod\u00e8le parfait pour les bureaux, les chalets, les appartements et les condominiums. Le fonctionnement et l'entretien de l'appareil sont simplifi\u00e9s par le syst\u00e8me de d\u00e9givrage manuel, le drain de d\u00e9givrage mont\u00e9 \u00e0 l'avant et le rev\u00eatement int\u00e9rieur facile \u00e0 nettoyer. Le cong\u00e9lateur et le couvercle arrondi sont tous deux isol\u00e9s par de la mousse afin de r\u00e9duire au maximum vos factures d'\u00e9lectricit\u00e9. La recherche de vos aliments congel\u00e9s pr\u00e9f\u00e9r\u00e9s est simplifi\u00e9e gr\u00e2ce au panier en fil blanc solide fourni. Le thermostat m\u00e9canique \u00e0 haut rendement est \u00e9galement mont\u00e9 \u00e0 l'avant pour faciliter l'utilisation et sa plage de temp\u00e9rature variable se situe entre -12\u00b0C et -24\u00b0C (10,4\u00b0F et -11,2\u00b0F). Ce cong\u00e9lateur populaire est \u00e9galement assorti d'une garantie sans souci de 12 mois sur les pi\u00e8ces et la main-d'\u0153uvre et d'un service \u00e0 domicile pratique.\",\"breadcrumb\":[],\"inLanguage\":\"fr-CA\",\"potentialAction\":[{\"@type\":\"ReadAction\",\"target\":[\"https:\/\/www.danby.com\/fr\/products\/congelateurs\/dcf038a1wdb1\/\"]}]},{\"@type\":\"ImageObject\",\"inLanguage\":\"fr-CA\",\"url\":\"https:\/\/cdnweb.danby.com\/wp-content\/uploads\/sites\/2\/2022\/02\/08182431\/proMed-dcf401w_closed.jpg\",\"contentUrl\":\"https:\/\/cdnweb.danby.com\/wp-content\/uploads\/sites\/2\/2022\/02\/08182431\/proMed-dcf401w_closed.jpg\",\"width\":303,\"height\":275},{\"@type\":\"BreadcrumbList\",\"itemListElement\":[{\"@type\":\"ListItem\",\"position\":1,\"name\":\"Home\",\"item\":\"https:\/\/www.danby.com\/fr\/\"},{\"@type\":\"ListItem\",\"position\":2,\"name\":\"Boutique\",\"item\":\"https:\/\/www.danby.com\/fr\/boutique\/\"},{\"@type\":\"ListItem\",\"position\":3,\"name\":\"Danby cong\u00e9lateur coffre de 3,8 pi3 Cong\u00e9lateur coffre\"}]},{\"@type\":\"WebSite\",\"url\":\"https:\/\/www.danby.com\/fr\/\",\"name\":\"Danby - Canada - French\",\"description\":\"Leader dans le domaine de la r\u00e9frig\u00e9ration et des appareils sp\u00e9cialis\u00e9s\",\"publisher\":[],\"potentialAction\":[{\"@type\":\"SearchAction\",\"target\":{\"@type\":\"EntryPoint\",\"urlTemplate\":\"https:\/\/www.danby.com\/fr\/?s={search_term_string}\"},\"query-input\":{\"@type\":\"PropertyValueSpecification\",\"valueRequired\":true,\"valueName\":\"search_term_string\"}}],\"inLanguage\":\"fr-CA\"},{\"@type\":\"Organization\",\"name\":\"Danby Appliances\",\"url\":\"https:\/\/www.danby.com\/fr\/\",\"logo\":{\"@type\":\"ImageObject\",\"inLanguage\":\"fr-CA\",\"url\":\"https:\/\/cdnweb.danby.com\/wp-content\/uploads\/sites\/2\/2022\/02\/10141906\/Danby75Ans_Blue.png\",\"contentUrl\":\"https:\/\/cdnweb.danby.com\/wp-content\/uploads\/sites\/2\/2022\/02\/10141906\/Danby75Ans_Blue.png\",\"width\":470,\"height\":110,\"caption\":\"Danby Appliances\"},\"image\":[],\"sameAs\":[\"https:\/\/www.facebook.com\/DanbyAppliances\",\"https:\/\/x.com\/DanbyAppliance\",\"https:\/\/instagram.com\/danbyappliances\/\",\"https:\/\/www.linkedin.com\/company\/danbyappliances\",\"https:\/\/www.pinterest.ca\/danbyappliances\/\",\"https:\/\/www.youtube.com\/user\/DanbyProducts\",\"https:\/\/en.wikipedia.org\/wiki\/Danby_(appliances)\"]}]}<\/script>\n<!-- \/ Yoast SEO plugin. -->","yoast_head_json":{"title":"Danby cong\u00e9lateur coffre de 3,8 pi3 Cong\u00e9lateur coffre - DCF038A1WDB1 | Danby Canada","description":"Si vous disposez de peu d'espace, ne vous inqui\u00e9tez pas car ce cong\u00e9lateur coffre compact sophistiqu\u00e9 ne mesure que 25 pouces de largeur et 22 pouces de profondeur. Il vous offre n\u00e9anmoins un g\u00e9n\u00e9reux espace de rangement de 108 litres (3,8 pieds cubes) et peut facilement \u00eatre install\u00e9 dans n'importe quelle pi\u00e8ce, ce qui en fait le mod\u00e8le parfait pour les bureaux, les chalets, les appartements et les condominiums. Le fonctionnement et l'entretien de l'appareil sont simplifi\u00e9s par le syst\u00e8me de d\u00e9givrage manuel, le drain de d\u00e9givrage mont\u00e9 \u00e0 l'avant et le rev\u00eatement int\u00e9rieur facile \u00e0 nettoyer. Le cong\u00e9lateur et le couvercle arrondi sont tous deux isol\u00e9s par de la mousse afin de r\u00e9duire au maximum vos factures d'\u00e9lectricit\u00e9. La recherche de vos aliments congel\u00e9s pr\u00e9f\u00e9r\u00e9s est simplifi\u00e9e gr\u00e2ce au panier en fil blanc solide fourni. Le thermostat m\u00e9canique \u00e0 haut rendement est \u00e9galement mont\u00e9 \u00e0 l'avant pour faciliter l'utilisation et sa plage de temp\u00e9rature variable se situe entre -12\u00b0C et -24\u00b0C (10,4\u00b0F et -11,2\u00b0F). Ce cong\u00e9lateur populaire est \u00e9galement assorti d'une garantie sans souci de 12 mois sur les pi\u00e8ces et la main-d'\u0153uvre et d'un service \u00e0 domicile pratique.","robots":{"index":"index","follow":"follow","max-snippet":"max-snippet:-1","max-image-preview":"max-image-preview:large","max-video-preview":"max-video-preview:-1"},"canonical":"https:\/\/www.danby.com\/fr\/products\/congelateurs\/dcf038a1wdb1\/","og_locale":"fr_CA","og_type":"article","og_title":"Danby cong\u00e9lateur coffre de 3,8 pi3 Cong\u00e9lateur coffre - DCF038A1WDB1 | Danby Canada","og_description":"Si vous disposez de peu d'espace, ne vous inqui\u00e9tez pas car ce cong\u00e9lateur coffre compact sophistiqu\u00e9 ne mesure que 25 pouces de largeur et 22 pouces de profondeur. Il vous offre n\u00e9anmoins un g\u00e9n\u00e9reux espace de rangement de 108 litres (3,8 pieds cubes) et peut facilement \u00eatre install\u00e9 dans n'importe quelle pi\u00e8ce, ce qui en fait le mod\u00e8le parfait pour les bureaux, les chalets, les appartements et les condominiums. Le fonctionnement et l'entretien de l'appareil sont simplifi\u00e9s par le syst\u00e8me de d\u00e9givrage manuel, le drain de d\u00e9givrage mont\u00e9 \u00e0 l'avant et le rev\u00eatement int\u00e9rieur facile \u00e0 nettoyer. Le cong\u00e9lateur et le couvercle arrondi sont tous deux isol\u00e9s par de la mousse afin de r\u00e9duire au maximum vos factures d'\u00e9lectricit\u00e9. La recherche de vos aliments congel\u00e9s pr\u00e9f\u00e9r\u00e9s est simplifi\u00e9e gr\u00e2ce au panier en fil blanc solide fourni. Le thermostat m\u00e9canique \u00e0 haut rendement est \u00e9galement mont\u00e9 \u00e0 l'avant pour faciliter l'utilisation et sa plage de temp\u00e9rature variable se situe entre -12\u00b0C et -24\u00b0C (10,4\u00b0F et -11,2\u00b0F). Ce cong\u00e9lateur populaire est \u00e9galement assorti d'une garantie sans souci de 12 mois sur les pi\u00e8ces et la main-d'\u0153uvre et d'un service \u00e0 domicile pratique.","og_url":"https:\/\/www.danby.com\/fr\/products\/congelateurs\/dcf038a1wdb1\/","og_site_name":"Danby - Canada - French","article_publisher":"https:\/\/www.facebook.com\/DanbyAppliances","article_modified_time":"2026-04-21T10:10:43+00:00","og_image":[{"width":303,"height":275,"url":"https:\/\/cdnweb.danby.com\/wp-content\/uploads\/sites\/2\/2022\/02\/08182431\/proMed-dcf401w_closed.jpg","type":"image\/jpeg"}],"twitter_card":"summary_large_image","twitter_site":"@DanbyAppliance","schema":{"@context":"https:\/\/schema.org","@graph":[{"@type":["WebPage","ItemPage"],"url":"https:\/\/www.danby.com\/fr\/products\/congelateurs\/dcf038a1wdb1\/","name":"Danby cong\u00e9lateur coffre de 3,8 pi3 Cong\u00e9lateur coffre - DCF038A1WDB1 | Danby Canada","isPartOf":[],"primaryImageOfPage":[],"image":[],"thumbnailUrl":"https:\/\/cdnweb.danby.com\/wp-content\/uploads\/sites\/2\/2022\/02\/08182431\/proMed-dcf401w_closed.jpg","datePublished":"2022-02-03T19:14:38+00:00","dateModified":"2026-04-21T10:10:43+00:00","description":"Si vous disposez de peu d'espace, ne vous inqui\u00e9tez pas car ce cong\u00e9lateur coffre compact sophistiqu\u00e9 ne mesure que 25 pouces de largeur et 22 pouces de profondeur. Il vous offre n\u00e9anmoins un g\u00e9n\u00e9reux espace de rangement de 108 litres (3,8 pieds cubes) et peut facilement \u00eatre install\u00e9 dans n'importe quelle pi\u00e8ce, ce qui en fait le mod\u00e8le parfait pour les bureaux, les chalets, les appartements et les condominiums. Le fonctionnement et l'entretien de l'appareil sont simplifi\u00e9s par le syst\u00e8me de d\u00e9givrage manuel, le drain de d\u00e9givrage mont\u00e9 \u00e0 l'avant et le rev\u00eatement int\u00e9rieur facile \u00e0 nettoyer. Le cong\u00e9lateur et le couvercle arrondi sont tous deux isol\u00e9s par de la mousse afin de r\u00e9duire au maximum vos factures d'\u00e9lectricit\u00e9. La recherche de vos aliments congel\u00e9s pr\u00e9f\u00e9r\u00e9s est simplifi\u00e9e gr\u00e2ce au panier en fil blanc solide fourni. Le thermostat m\u00e9canique \u00e0 haut rendement est \u00e9galement mont\u00e9 \u00e0 l'avant pour faciliter l'utilisation et sa plage de temp\u00e9rature variable se situe entre -12\u00b0C et -24\u00b0C (10,4\u00b0F et -11,2\u00b0F). Ce cong\u00e9lateur populaire est \u00e9galement assorti d'une garantie sans souci de 12 mois sur les pi\u00e8ces et la main-d'\u0153uvre et d'un service \u00e0 domicile pratique.","breadcrumb":[],"inLanguage":"fr-CA","potentialAction":[{"@type":"ReadAction","target":["https:\/\/www.danby.com\/fr\/products\/congelateurs\/dcf038a1wdb1\/"]}]},{"@type":"ImageObject","inLanguage":"fr-CA","url":"https:\/\/cdnweb.danby.com\/wp-content\/uploads\/sites\/2\/2022\/02\/08182431\/proMed-dcf401w_closed.jpg","contentUrl":"https:\/\/cdnweb.danby.com\/wp-content\/uploads\/sites\/2\/2022\/02\/08182431\/proMed-dcf401w_closed.jpg","width":303,"height":275},{"@type":"BreadcrumbList","itemListElement":[{"@type":"ListItem","position":1,"name":"Home","item":"https:\/\/www.danby.com\/fr\/"},{"@type":"ListItem","position":2,"name":"Boutique","item":"https:\/\/www.danby.com\/fr\/boutique\/"},{"@type":"ListItem","position":3,"name":"Danby cong\u00e9lateur coffre de 3,8 pi3 Cong\u00e9lateur coffre"}]},{"@type":"WebSite","url":"https:\/\/www.danby.com\/fr\/","name":"Danby - Canada - French","description":"Leader dans le domaine de la r\u00e9frig\u00e9ration et des appareils sp\u00e9cialis\u00e9s","publisher":[],"potentialAction":[{"@type":"SearchAction","target":{"@type":"EntryPoint","urlTemplate":"https:\/\/www.danby.com\/fr\/?s={search_term_string}"},"query-input":{"@type":"PropertyValueSpecification","valueRequired":true,"valueName":"search_term_string"}}],"inLanguage":"fr-CA"},{"@type":"Organization","name":"Danby Appliances","url":"https:\/\/www.danby.com\/fr\/","logo":{"@type":"ImageObject","inLanguage":"fr-CA","url":"https:\/\/cdnweb.danby.com\/wp-content\/uploads\/sites\/2\/2022\/02\/10141906\/Danby75Ans_Blue.png","contentUrl":"https:\/\/cdnweb.danby.com\/wp-content\/uploads\/sites\/2\/2022\/02\/10141906\/Danby75Ans_Blue.png","width":470,"height":110,"caption":"Danby Appliances"},"image":[],"sameAs":["https:\/\/www.facebook.com\/DanbyAppliances","https:\/\/x.com\/DanbyAppliance","https:\/\/instagram.com\/danbyappliances\/","https:\/\/www.linkedin.com\/company\/danbyappliances","https:\/\/www.pinterest.ca\/danbyappliances\/","https:\/\/www.youtube.com\/user\/DanbyProducts","https:\/\/en.wikipedia.org\/wiki\/Danby_(appliances)"]}]}},"post_mailing_queue_ids":[],"_links":{"self":[{"href":"https:\/\/www.danby.com\/fr\/wp-json\/wp\/v2\/product\/4716","targetHints":{"allow":["GET"]}}],"collection":[{"href":"https:\/\/www.danby.com\/fr\/wp-json\/wp\/v2\/product"}],"about":[{"href":"https:\/\/www.danby.com\/fr\/wp-json\/wp\/v2\/types\/product"}],"replies":[{"embeddable":true,"href":"https:\/\/www.danby.com\/fr\/wp-json\/wp\/v2\/comments?post=4716"}],"wp:featuredmedia":[{"embeddable":true,"href":"https:\/\/www.danby.com\/fr\/wp-json\/wp\/v2\/media\/5928"}],"wp:attachment":[{"href":"https:\/\/www.danby.com\/fr\/wp-json\/wp\/v2\/media?parent=4716"}],"wp:term":[{"taxonomy":"product_brand","embeddable":true,"href":"https:\/\/www.danby.com\/fr\/wp-json\/wp\/v2\/product_brand?post=4716"},{"taxonomy":"product_cat","embeddable":true,"href":"https:\/\/www.danby.com\/fr\/wp-json\/wp\/v2\/product_cat?post=4716"},{"taxonomy":"product_tag","embeddable":true,"href":"https:\/\/www.danby.com\/fr\/wp-json\/wp\/v2\/product_tag?post=4716"}],"curies":[{"name":"wp","href":"https:\/\/api.w.org\/{rel}","templated":true}]}}