{"id":4715,"date":"2022-02-03T19:14:38","date_gmt":"2022-02-03T19:14:38","guid":{"rendered":"https:\/\/www.danby.com\/fr\/product\/dcf038a1wdb-3\/"},"modified":"2026-04-19T10:07:03","modified_gmt":"2026-04-19T10:07:03","slug":"dcf038a1wdb-3","status":"publish","type":"product","link":"https:\/\/www.danby.com\/fr\/products\/congelateurs\/dcf038a1wdb-3\/","title":{"rendered":"Danby Health 3.8 cu. ft."},"content":{"rendered":"","protected":false},"excerpt":{"rendered":"<ul>\n<li>Cong\u00e9lateur coffre d&#8217;une capacit\u00e9 de 3,8 cu.pi (108 L)<\/li>\n<li>R\u00e9frig\u00e9rant R600a \u00e9cologique<\/li>\n<li>Coffre et couvercle isol\u00e9s par de la mousse \u00e0 haut rendement \u00e9nerg\u00e9tique<\/li>\n<li>D\u00e9givrage manuel<\/li>\n<li>1 panier en fil blanc r\u00e9glable<\/li>\n<li>Thermostat m\u00e9canique mont\u00e9 \u00e0 l&#8217;avant<\/li>\n<li>Vidange de d\u00e9givrage mont\u00e9e \u00e0 l&#8217;avant<\/li>\n<li>Panier arrondi r\u00e9glable de couleur blanche<\/li>\n<li>Thermostat m\u00e9canique mont\u00e9 \u00e0 l&#8217;avant<\/li>\n<li>Vidange de d\u00e9givrage mont\u00e9e \u00e0 l&#8217;avant<\/li>\n<li>Couvercle arrondi<\/li>\n<li>Doublure int\u00e9rieure facile \u00e0 nettoyer<\/li>\n<li>Dossier lisse<\/li>\n<\/ul>\n","protected":false},"featured_media":7498,"comment_status":"closed","ping_status":"open","template":"","meta":{"_acf_changed":false},"product_brand":[],"product_cat":[27],"product_tag":[],"class_list":{"0":"post-4715","1":"product","2":"type-product","3":"status-publish","4":"has-post-thumbnail","6":"product_cat-congelateurs","8":"first","9":"outofstock","10":"taxable","11":"shipping-taxable","12":"product-type-simple"},"acf":[],"yoast_head":"<!-- This site is optimized with the Yoast SEO plugin v26.7 - https:\/\/yoast.com\/wordpress\/plugins\/seo\/ -->\n<title>Danby Health 3.8 cu. ft. - DCF038A1WDB-3 | Danby Canada<\/title>\n<meta name=\"description\" content=\"Si vous \u00eates \u00e0 la recherche d&#039;un cong\u00e9lateur coffre moderne et compact, votre recherche peut s&#039;arr\u00eater ici. Ce mod\u00e8le offre un espace de stockage de 108 litres (3,8 pieds cubes) et est dot\u00e9 d&#039;un couvercle et d&#039;une armoire \u00e0 haut rendement \u00e9nerg\u00e9tique avec une isolation en mousse pour r\u00e9duire les factures d&#039;\u00e9lectricit\u00e9. Le thermostat m\u00e9canique est mont\u00e9 \u00e0 l&#039;avant de l&#039;appareil pour un acc\u00e8s facile et le drain est \u00e9galement mont\u00e9 \u00e0 l&#039;avant, ce qui rend le processus de d\u00e9givrage rapide et facile. L&#039;appareil est dot\u00e9 d&#039;un panier de rangement sur le dessus pour les articles plus petits et plus fr\u00e9quemment utilis\u00e9s. Le cong\u00e9lateur est con\u00e7u pour s&#039;encastrer contre le mur gr\u00e2ce \u00e0 sa construction \u00e0 dos lisse. Vous serez ravi de la garantie de 12 mois sur les pi\u00e8ces et la main d&#039;\u0153uvre et du service \u00e0 domicile.\" \/>\n<meta name=\"robots\" content=\"index, follow, max-snippet:-1, max-image-preview:large, max-video-preview:-1\" \/>\n<link rel=\"canonical\" href=\"https:\/\/www.danby.com\/fr\/products\/congelateurs\/dcf038a1wdb-3\/\" \/>\n<meta property=\"og:locale\" content=\"fr_CA\" \/>\n<meta property=\"og:type\" content=\"article\" \/>\n<meta property=\"og:title\" content=\"Danby Health 3.8 cu. ft. - DCF038A1WDB-3 | Danby Canada\" \/>\n<meta property=\"og:description\" content=\"Si vous \u00eates \u00e0 la recherche d&#039;un cong\u00e9lateur coffre moderne et compact, votre recherche peut s&#039;arr\u00eater ici. Ce mod\u00e8le offre un espace de stockage de 108 litres (3,8 pieds cubes) et est dot\u00e9 d&#039;un couvercle et d&#039;une armoire \u00e0 haut rendement \u00e9nerg\u00e9tique avec une isolation en mousse pour r\u00e9duire les factures d&#039;\u00e9lectricit\u00e9. Le thermostat m\u00e9canique est mont\u00e9 \u00e0 l&#039;avant de l&#039;appareil pour un acc\u00e8s facile et le drain est \u00e9galement mont\u00e9 \u00e0 l&#039;avant, ce qui rend le processus de d\u00e9givrage rapide et facile. L&#039;appareil est dot\u00e9 d&#039;un panier de rangement sur le dessus pour les articles plus petits et plus fr\u00e9quemment utilis\u00e9s. Le cong\u00e9lateur est con\u00e7u pour s&#039;encastrer contre le mur gr\u00e2ce \u00e0 sa construction \u00e0 dos lisse. Vous serez ravi de la garantie de 12 mois sur les pi\u00e8ces et la main d&#039;\u0153uvre et du service \u00e0 domicile.\" \/>\n<meta property=\"og:url\" content=\"https:\/\/www.danby.com\/fr\/products\/congelateurs\/dcf038a1wdb-3\/\" \/>\n<meta property=\"og:site_name\" content=\"Danby - Canada - French\" \/>\n<meta property=\"article:publisher\" content=\"https:\/\/www.facebook.com\/DanbyAppliances\" \/>\n<meta property=\"article:modified_time\" content=\"2026-04-19T10:07:03+00:00\" \/>\n<meta property=\"og:image\" content=\"https:\/\/cdnweb.danby.com\/wp-content\/uploads\/sites\/2\/2022\/02\/08193522\/proMed-dcf401w_closed2.jpg\" \/>\n\t<meta property=\"og:image:width\" content=\"303\" \/>\n\t<meta property=\"og:image:height\" content=\"275\" \/>\n\t<meta property=\"og:image:type\" content=\"image\/jpeg\" \/>\n<meta name=\"twitter:card\" content=\"summary_large_image\" \/>\n<meta name=\"twitter:site\" content=\"@DanbyAppliance\" \/>\n<script type=\"application\/ld+json\" class=\"yoast-schema-graph\">{\"@context\":\"https:\/\/schema.org\",\"@graph\":[{\"@type\":[\"WebPage\",\"ItemPage\"],\"url\":\"https:\/\/www.danby.com\/fr\/products\/congelateurs\/dcf038a1wdb-3\/\",\"name\":\"Danby Health 3.8 cu. ft. - DCF038A1WDB-3 | Danby Canada\",\"isPartOf\":[],\"primaryImageOfPage\":[],\"image\":[],\"thumbnailUrl\":\"https:\/\/cdnweb.danby.com\/wp-content\/uploads\/sites\/2\/2022\/02\/08193522\/proMed-dcf401w_closed2.jpg\",\"datePublished\":\"2022-02-03T19:14:38+00:00\",\"dateModified\":\"2026-04-19T10:07:03+00:00\",\"description\":\"Si vous \u00eates \u00e0 la recherche d'un cong\u00e9lateur coffre moderne et compact, votre recherche peut s'arr\u00eater ici. Ce mod\u00e8le offre un espace de stockage de 108 litres (3,8 pieds cubes) et est dot\u00e9 d'un couvercle et d'une armoire \u00e0 haut rendement \u00e9nerg\u00e9tique avec une isolation en mousse pour r\u00e9duire les factures d'\u00e9lectricit\u00e9. Le thermostat m\u00e9canique est mont\u00e9 \u00e0 l'avant de l'appareil pour un acc\u00e8s facile et le drain est \u00e9galement mont\u00e9 \u00e0 l'avant, ce qui rend le processus de d\u00e9givrage rapide et facile. L'appareil est dot\u00e9 d'un panier de rangement sur le dessus pour les articles plus petits et plus fr\u00e9quemment utilis\u00e9s. Le cong\u00e9lateur est con\u00e7u pour s'encastrer contre le mur gr\u00e2ce \u00e0 sa construction \u00e0 dos lisse. Vous serez ravi de la garantie de 12 mois sur les pi\u00e8ces et la main d'\u0153uvre et du service \u00e0 domicile.\",\"breadcrumb\":[],\"inLanguage\":\"fr-CA\",\"potentialAction\":[{\"@type\":\"ReadAction\",\"target\":[\"https:\/\/www.danby.com\/fr\/products\/congelateurs\/dcf038a1wdb-3\/\"]}]},{\"@type\":\"ImageObject\",\"inLanguage\":\"fr-CA\",\"url\":\"https:\/\/cdnweb.danby.com\/wp-content\/uploads\/sites\/2\/2022\/02\/08193522\/proMed-dcf401w_closed2.jpg\",\"contentUrl\":\"https:\/\/cdnweb.danby.com\/wp-content\/uploads\/sites\/2\/2022\/02\/08193522\/proMed-dcf401w_closed2.jpg\",\"width\":303,\"height\":275},{\"@type\":\"BreadcrumbList\",\"itemListElement\":[{\"@type\":\"ListItem\",\"position\":1,\"name\":\"Home\",\"item\":\"https:\/\/www.danby.com\/fr\/\"},{\"@type\":\"ListItem\",\"position\":2,\"name\":\"Boutique\",\"item\":\"https:\/\/www.danby.com\/fr\/boutique\/\"},{\"@type\":\"ListItem\",\"position\":3,\"name\":\"Danby Health 3.8 cu. ft.\"}]},{\"@type\":\"WebSite\",\"url\":\"https:\/\/www.danby.com\/fr\/\",\"name\":\"Danby - Canada - French\",\"description\":\"Leader dans le domaine de la r\u00e9frig\u00e9ration et des appareils sp\u00e9cialis\u00e9s\",\"publisher\":[],\"potentialAction\":[{\"@type\":\"SearchAction\",\"target\":{\"@type\":\"EntryPoint\",\"urlTemplate\":\"https:\/\/www.danby.com\/fr\/?s={search_term_string}\"},\"query-input\":{\"@type\":\"PropertyValueSpecification\",\"valueRequired\":true,\"valueName\":\"search_term_string\"}}],\"inLanguage\":\"fr-CA\"},{\"@type\":\"Organization\",\"name\":\"Danby Appliances\",\"url\":\"https:\/\/www.danby.com\/fr\/\",\"logo\":{\"@type\":\"ImageObject\",\"inLanguage\":\"fr-CA\",\"url\":\"https:\/\/cdnweb.danby.com\/wp-content\/uploads\/sites\/2\/2022\/02\/10141906\/Danby75Ans_Blue.png\",\"contentUrl\":\"https:\/\/cdnweb.danby.com\/wp-content\/uploads\/sites\/2\/2022\/02\/10141906\/Danby75Ans_Blue.png\",\"width\":470,\"height\":110,\"caption\":\"Danby Appliances\"},\"image\":[],\"sameAs\":[\"https:\/\/www.facebook.com\/DanbyAppliances\",\"https:\/\/x.com\/DanbyAppliance\",\"https:\/\/instagram.com\/danbyappliances\/\",\"https:\/\/www.linkedin.com\/company\/danbyappliances\",\"https:\/\/www.pinterest.ca\/danbyappliances\/\",\"https:\/\/www.youtube.com\/user\/DanbyProducts\",\"https:\/\/en.wikipedia.org\/wiki\/Danby_(appliances)\"]}]}<\/script>\n<!-- \/ Yoast SEO plugin. -->","yoast_head_json":{"title":"Danby Health 3.8 cu. ft. - DCF038A1WDB-3 | Danby Canada","description":"Si vous \u00eates \u00e0 la recherche d'un cong\u00e9lateur coffre moderne et compact, votre recherche peut s'arr\u00eater ici. Ce mod\u00e8le offre un espace de stockage de 108 litres (3,8 pieds cubes) et est dot\u00e9 d'un couvercle et d'une armoire \u00e0 haut rendement \u00e9nerg\u00e9tique avec une isolation en mousse pour r\u00e9duire les factures d'\u00e9lectricit\u00e9. Le thermostat m\u00e9canique est mont\u00e9 \u00e0 l'avant de l'appareil pour un acc\u00e8s facile et le drain est \u00e9galement mont\u00e9 \u00e0 l'avant, ce qui rend le processus de d\u00e9givrage rapide et facile. L'appareil est dot\u00e9 d'un panier de rangement sur le dessus pour les articles plus petits et plus fr\u00e9quemment utilis\u00e9s. Le cong\u00e9lateur est con\u00e7u pour s'encastrer contre le mur gr\u00e2ce \u00e0 sa construction \u00e0 dos lisse. Vous serez ravi de la garantie de 12 mois sur les pi\u00e8ces et la main d'\u0153uvre et du service \u00e0 domicile.","robots":{"index":"index","follow":"follow","max-snippet":"max-snippet:-1","max-image-preview":"max-image-preview:large","max-video-preview":"max-video-preview:-1"},"canonical":"https:\/\/www.danby.com\/fr\/products\/congelateurs\/dcf038a1wdb-3\/","og_locale":"fr_CA","og_type":"article","og_title":"Danby Health 3.8 cu. ft. - DCF038A1WDB-3 | Danby Canada","og_description":"Si vous \u00eates \u00e0 la recherche d'un cong\u00e9lateur coffre moderne et compact, votre recherche peut s'arr\u00eater ici. Ce mod\u00e8le offre un espace de stockage de 108 litres (3,8 pieds cubes) et est dot\u00e9 d'un couvercle et d'une armoire \u00e0 haut rendement \u00e9nerg\u00e9tique avec une isolation en mousse pour r\u00e9duire les factures d'\u00e9lectricit\u00e9. Le thermostat m\u00e9canique est mont\u00e9 \u00e0 l'avant de l'appareil pour un acc\u00e8s facile et le drain est \u00e9galement mont\u00e9 \u00e0 l'avant, ce qui rend le processus de d\u00e9givrage rapide et facile. L'appareil est dot\u00e9 d'un panier de rangement sur le dessus pour les articles plus petits et plus fr\u00e9quemment utilis\u00e9s. Le cong\u00e9lateur est con\u00e7u pour s'encastrer contre le mur gr\u00e2ce \u00e0 sa construction \u00e0 dos lisse. Vous serez ravi de la garantie de 12 mois sur les pi\u00e8ces et la main d'\u0153uvre et du service \u00e0 domicile.","og_url":"https:\/\/www.danby.com\/fr\/products\/congelateurs\/dcf038a1wdb-3\/","og_site_name":"Danby - Canada - French","article_publisher":"https:\/\/www.facebook.com\/DanbyAppliances","article_modified_time":"2026-04-19T10:07:03+00:00","og_image":[{"width":303,"height":275,"url":"https:\/\/cdnweb.danby.com\/wp-content\/uploads\/sites\/2\/2022\/02\/08193522\/proMed-dcf401w_closed2.jpg","type":"image\/jpeg"}],"twitter_card":"summary_large_image","twitter_site":"@DanbyAppliance","schema":{"@context":"https:\/\/schema.org","@graph":[{"@type":["WebPage","ItemPage"],"url":"https:\/\/www.danby.com\/fr\/products\/congelateurs\/dcf038a1wdb-3\/","name":"Danby Health 3.8 cu. ft. - DCF038A1WDB-3 | Danby Canada","isPartOf":[],"primaryImageOfPage":[],"image":[],"thumbnailUrl":"https:\/\/cdnweb.danby.com\/wp-content\/uploads\/sites\/2\/2022\/02\/08193522\/proMed-dcf401w_closed2.jpg","datePublished":"2022-02-03T19:14:38+00:00","dateModified":"2026-04-19T10:07:03+00:00","description":"Si vous \u00eates \u00e0 la recherche d'un cong\u00e9lateur coffre moderne et compact, votre recherche peut s'arr\u00eater ici. Ce mod\u00e8le offre un espace de stockage de 108 litres (3,8 pieds cubes) et est dot\u00e9 d'un couvercle et d'une armoire \u00e0 haut rendement \u00e9nerg\u00e9tique avec une isolation en mousse pour r\u00e9duire les factures d'\u00e9lectricit\u00e9. Le thermostat m\u00e9canique est mont\u00e9 \u00e0 l'avant de l'appareil pour un acc\u00e8s facile et le drain est \u00e9galement mont\u00e9 \u00e0 l'avant, ce qui rend le processus de d\u00e9givrage rapide et facile. L'appareil est dot\u00e9 d'un panier de rangement sur le dessus pour les articles plus petits et plus fr\u00e9quemment utilis\u00e9s. Le cong\u00e9lateur est con\u00e7u pour s'encastrer contre le mur gr\u00e2ce \u00e0 sa construction \u00e0 dos lisse. Vous serez ravi de la garantie de 12 mois sur les pi\u00e8ces et la main d'\u0153uvre et du service \u00e0 domicile.","breadcrumb":[],"inLanguage":"fr-CA","potentialAction":[{"@type":"ReadAction","target":["https:\/\/www.danby.com\/fr\/products\/congelateurs\/dcf038a1wdb-3\/"]}]},{"@type":"ImageObject","inLanguage":"fr-CA","url":"https:\/\/cdnweb.danby.com\/wp-content\/uploads\/sites\/2\/2022\/02\/08193522\/proMed-dcf401w_closed2.jpg","contentUrl":"https:\/\/cdnweb.danby.com\/wp-content\/uploads\/sites\/2\/2022\/02\/08193522\/proMed-dcf401w_closed2.jpg","width":303,"height":275},{"@type":"BreadcrumbList","itemListElement":[{"@type":"ListItem","position":1,"name":"Home","item":"https:\/\/www.danby.com\/fr\/"},{"@type":"ListItem","position":2,"name":"Boutique","item":"https:\/\/www.danby.com\/fr\/boutique\/"},{"@type":"ListItem","position":3,"name":"Danby Health 3.8 cu. ft."}]},{"@type":"WebSite","url":"https:\/\/www.danby.com\/fr\/","name":"Danby - Canada - French","description":"Leader dans le domaine de la r\u00e9frig\u00e9ration et des appareils sp\u00e9cialis\u00e9s","publisher":[],"potentialAction":[{"@type":"SearchAction","target":{"@type":"EntryPoint","urlTemplate":"https:\/\/www.danby.com\/fr\/?s={search_term_string}"},"query-input":{"@type":"PropertyValueSpecification","valueRequired":true,"valueName":"search_term_string"}}],"inLanguage":"fr-CA"},{"@type":"Organization","name":"Danby Appliances","url":"https:\/\/www.danby.com\/fr\/","logo":{"@type":"ImageObject","inLanguage":"fr-CA","url":"https:\/\/cdnweb.danby.com\/wp-content\/uploads\/sites\/2\/2022\/02\/10141906\/Danby75Ans_Blue.png","contentUrl":"https:\/\/cdnweb.danby.com\/wp-content\/uploads\/sites\/2\/2022\/02\/10141906\/Danby75Ans_Blue.png","width":470,"height":110,"caption":"Danby Appliances"},"image":[],"sameAs":["https:\/\/www.facebook.com\/DanbyAppliances","https:\/\/x.com\/DanbyAppliance","https:\/\/instagram.com\/danbyappliances\/","https:\/\/www.linkedin.com\/company\/danbyappliances","https:\/\/www.pinterest.ca\/danbyappliances\/","https:\/\/www.youtube.com\/user\/DanbyProducts","https:\/\/en.wikipedia.org\/wiki\/Danby_(appliances)"]}]}},"post_mailing_queue_ids":[],"_links":{"self":[{"href":"https:\/\/www.danby.com\/fr\/wp-json\/wp\/v2\/product\/4715","targetHints":{"allow":["GET"]}}],"collection":[{"href":"https:\/\/www.danby.com\/fr\/wp-json\/wp\/v2\/product"}],"about":[{"href":"https:\/\/www.danby.com\/fr\/wp-json\/wp\/v2\/types\/product"}],"replies":[{"embeddable":true,"href":"https:\/\/www.danby.com\/fr\/wp-json\/wp\/v2\/comments?post=4715"}],"wp:featuredmedia":[{"embeddable":true,"href":"https:\/\/www.danby.com\/fr\/wp-json\/wp\/v2\/media\/7498"}],"wp:attachment":[{"href":"https:\/\/www.danby.com\/fr\/wp-json\/wp\/v2\/media?parent=4715"}],"wp:term":[{"taxonomy":"product_brand","embeddable":true,"href":"https:\/\/www.danby.com\/fr\/wp-json\/wp\/v2\/product_brand?post=4715"},{"taxonomy":"product_cat","embeddable":true,"href":"https:\/\/www.danby.com\/fr\/wp-json\/wp\/v2\/product_cat?post=4715"},{"taxonomy":"product_tag","embeddable":true,"href":"https:\/\/www.danby.com\/fr\/wp-json\/wp\/v2\/product_tag?post=4715"}],"curies":[{"name":"wp","href":"https:\/\/api.w.org\/{rel}","templated":true}]}}