{"id":4711,"date":"2022-02-03T19:14:38","date_gmt":"2022-02-03T19:14:38","guid":{"rendered":"https:\/\/www.danby.com\/fr\/product\/dbto0412bbss\/"},"modified":"2026-04-28T09:07:29","modified_gmt":"2026-04-28T09:07:29","slug":"dbto0412bbss","status":"publish","type":"product","link":"https:\/\/www.danby.com\/fr\/products\/fours-grille-pains\/dbto0412bbss\/","title":{"rendered":"Danby Grille-pain de comptoir \u00e0 4 tranches de 0,4 pi3\/12L en acier inoxydable"},"content":{"rendered":"","protected":false},"excerpt":{"rendered":"<ul>\n<li>La capacit\u00e9 de 12 litres (0,4 pi3) peut contenir jusqu&#8217;\u00e0 4 tranches de pain ou une pizza de 9 pouces.<\/li>\n<li>Fonctions Toast, Bake, Broil, Keep Warm<\/li>\n<li>Trois boutons de commande m\u00e9caniques faciles \u00e0 utiliser pour le temps, les fonctions et la temp\u00e9rature.<\/li>\n<li>Puissance de 1100 watts pour un chauffage rapide et une cuisson uniforme.<\/li>\n<li>Plage de temp\u00e9rature 150 &#8211; 450F<\/li>\n<li>T\u00e9moin lumineux de mise sous tension<\/li>\n<li>Minuterie de 30 minutes<\/li>\n<li>Comprend un moule, une grille et un ramasse-miettes.<\/li>\n<li>Aspect acier inoxydable<\/li>\n<\/ul>\n","protected":false},"featured_media":34907,"comment_status":"closed","ping_status":"closed","template":"","meta":{"_acf_changed":false},"product_brand":[],"product_cat":[38],"product_tag":[],"class_list":{"0":"post-4711","1":"product","2":"type-product","3":"status-publish","4":"has-post-thumbnail","6":"product_cat-fours-grille-pains","8":"first","9":"instock","10":"taxable","11":"shipping-taxable","12":"purchasable","13":"product-type-simple"},"acf":[],"yoast_head":"<!-- This site is optimized with the Yoast SEO plugin v27.4 - https:\/\/yoast.com\/product\/yoast-seo-wordpress\/ -->\n<title>Danby Grille-pain de comptoir \u00e0 4 tranches de 0,4 pi3\/12L en acier inoxydable - DBTO0412BBSS | Danby Canada<\/title>\n<meta name=\"description\" content=\"Avec ses multiples options de cuisson, ce grille-pain four en acier inoxydable sera un ajout compact et polyvalent \u00e0 votre comptoir ! Choisissez parmi 4 fonctions de cuisson pr\u00e9programm\u00e9es - griller, cuire, griller et garder au chaud - le tout dans l&#039;espace d&#039;un grille-pain. Dot\u00e9 de 1 100 watts, d&#039;une capacit\u00e9 g\u00e9n\u00e9reuse et d&#039;une plage de temp\u00e9rature de 150 \u00e0 450 \u00baF, ce four peut griller 4 tranches de pain, cuire une pizza de 9 po ou griller des morceaux de poulet. Nous avons inclus une grille, une plaque de cuisson et un ramasse-miettes, alors vous \u00eates pr\u00eat \u00e0 commencer \u00e0 cuisiner. Vous recevez? Aucun probl\u00e8me. Avec ce grille-pain four \u00e9l\u00e9gant et facile \u00e0 utiliser de Danby, vous venez de gagner une capacit\u00e9 de cuisson suppl\u00e9mentaire.\" \/>\n<meta name=\"robots\" content=\"index, follow, max-snippet:-1, max-image-preview:large, max-video-preview:-1\" \/>\n<link rel=\"canonical\" href=\"https:\/\/www.danby.com\/fr\/products\/fours-grille-pains\/dbto0412bbss\/\" \/>\n<meta property=\"og:locale\" content=\"fr_CA\" \/>\n<meta property=\"og:type\" content=\"article\" \/>\n<meta property=\"og:title\" content=\"Danby Grille-pain de comptoir \u00e0 4 tranches de 0,4 pi3\/12L en acier inoxydable - DBTO0412BBSS | Danby Canada\" \/>\n<meta property=\"og:description\" content=\"Avec ses multiples options de cuisson, ce grille-pain four en acier inoxydable sera un ajout compact et polyvalent \u00e0 votre comptoir ! Choisissez parmi 4 fonctions de cuisson pr\u00e9programm\u00e9es - griller, cuire, griller et garder au chaud - le tout dans l&#039;espace d&#039;un grille-pain. Dot\u00e9 de 1 100 watts, d&#039;une capacit\u00e9 g\u00e9n\u00e9reuse et d&#039;une plage de temp\u00e9rature de 150 \u00e0 450 \u00baF, ce four peut griller 4 tranches de pain, cuire une pizza de 9 po ou griller des morceaux de poulet. Nous avons inclus une grille, une plaque de cuisson et un ramasse-miettes, alors vous \u00eates pr\u00eat \u00e0 commencer \u00e0 cuisiner. Vous recevez? Aucun probl\u00e8me. Avec ce grille-pain four \u00e9l\u00e9gant et facile \u00e0 utiliser de Danby, vous venez de gagner une capacit\u00e9 de cuisson suppl\u00e9mentaire.\" \/>\n<meta property=\"og:url\" content=\"https:\/\/www.danby.com\/fr\/products\/fours-grille-pains\/dbto0412bbss\/\" \/>\n<meta property=\"og:site_name\" content=\"Danby - Canada - French\" \/>\n<meta property=\"article:publisher\" content=\"https:\/\/www.facebook.com\/DanbyAppliances\" \/>\n<meta property=\"article:modified_time\" content=\"2026-04-28T09:07:29+00:00\" \/>\n<meta property=\"og:image\" content=\"https:\/\/cdnweb.danby.com\/wp-content\/uploads\/sites\/2\/2023\/06\/02140831\/DBTO0412BBSS_Frontt.jpg\" \/>\n\t<meta property=\"og:image:width\" content=\"1323\" \/>\n\t<meta property=\"og:image:height\" content=\"1765\" \/>\n\t<meta property=\"og:image:type\" content=\"image\/jpeg\" \/>\n<meta name=\"twitter:card\" content=\"summary_large_image\" \/>\n<meta name=\"twitter:site\" content=\"@DanbyAppliance\" \/>\n<script type=\"application\/ld+json\" class=\"yoast-schema-graph\">{\"@context\":\"https:\\\/\\\/schema.org\",\"@graph\":[{\"@type\":[\"WebPage\",\"ItemPage\"],\"url\":\"https:\\\/\\\/www.danby.com\\\/fr\\\/products\\\/fours-grille-pains\\\/dbto0412bbss\\\/\",\"name\":\"Danby Grille-pain de comptoir \u00e0 4 tranches de 0,4 pi3\\\/12L en acier inoxydable - DBTO0412BBSS | Danby Canada\",\"isPartOf\":[],\"primaryImageOfPage\":[],\"image\":[],\"thumbnailUrl\":\"https:\\\/\\\/www.danby.com\\\/fr\\\/wp-content\\\/uploads\\\/sites\\\/2\\\/2025\\\/09\\\/dbto0412bbss-thumbnail.jpg\",\"datePublished\":\"2022-02-03T19:14:38+00:00\",\"dateModified\":\"2026-04-28T09:07:29+00:00\",\"description\":\"Avec ses multiples options de cuisson, ce grille-pain four en acier inoxydable sera un ajout compact et polyvalent \u00e0 votre comptoir ! Choisissez parmi 4 fonctions de cuisson pr\u00e9programm\u00e9es - griller, cuire, griller et garder au chaud - le tout dans l'espace d'un grille-pain. Dot\u00e9 de 1 100 watts, d'une capacit\u00e9 g\u00e9n\u00e9reuse et d'une plage de temp\u00e9rature de 150 \u00e0 450 \u00baF, ce four peut griller 4 tranches de pain, cuire une pizza de 9 po ou griller des morceaux de poulet. Nous avons inclus une grille, une plaque de cuisson et un ramasse-miettes, alors vous \u00eates pr\u00eat \u00e0 commencer \u00e0 cuisiner. Vous recevez? Aucun probl\u00e8me. Avec ce grille-pain four \u00e9l\u00e9gant et facile \u00e0 utiliser de Danby, vous venez de gagner une capacit\u00e9 de cuisson suppl\u00e9mentaire.\",\"breadcrumb\":[],\"inLanguage\":\"fr-CA\",\"potentialAction\":[{\"@type\":\"ReadAction\",\"target\":[\"https:\\\/\\\/www.danby.com\\\/fr\\\/products\\\/fours-grille-pains\\\/dbto0412bbss\\\/\"]}]},{\"@type\":\"ImageObject\",\"inLanguage\":\"fr-CA\",\"url\":\"https:\\\/\\\/www.danby.com\\\/fr\\\/wp-content\\\/uploads\\\/sites\\\/2\\\/2025\\\/09\\\/dbto0412bbss-thumbnail.jpg\",\"contentUrl\":\"https:\\\/\\\/www.danby.com\\\/fr\\\/wp-content\\\/uploads\\\/sites\\\/2\\\/2025\\\/09\\\/dbto0412bbss-thumbnail.jpg\",\"width\":768,\"height\":1024},{\"@type\":\"BreadcrumbList\",\"itemListElement\":[{\"@type\":\"ListItem\",\"position\":1,\"name\":\"Home\",\"item\":\"https:\\\/\\\/www.danby.com\\\/fr\\\/\"},{\"@type\":\"ListItem\",\"position\":2,\"name\":\"Boutique\",\"item\":\"https:\\\/\\\/www.danby.com\\\/fr\\\/boutique\\\/\"},{\"@type\":\"ListItem\",\"position\":3,\"name\":\"Danby Grille-pain de comptoir \u00e0 4 tranches de 0,4 pi3\\\/12L en acier inoxydable\"}]},{\"@type\":\"WebSite\",\"url\":\"https:\\\/\\\/www.danby.com\\\/fr\\\/\",\"name\":\"Danby - Canada - French\",\"description\":\"Leader dans le domaine de la r\u00e9frig\u00e9ration et des appareils sp\u00e9cialis\u00e9s\",\"publisher\":[],\"potentialAction\":[{\"@type\":\"SearchAction\",\"target\":{\"@type\":\"EntryPoint\",\"urlTemplate\":\"https:\\\/\\\/www.danby.com\\\/fr\\\/?s={search_term_string}\"},\"query-input\":{\"@type\":\"PropertyValueSpecification\",\"valueRequired\":true,\"valueName\":\"search_term_string\"}}],\"inLanguage\":\"fr-CA\"},{\"@type\":\"Organization\",\"name\":\"Danby Appliances\",\"url\":\"https:\\\/\\\/www.danby.com\\\/fr\\\/\",\"logo\":{\"@type\":\"ImageObject\",\"inLanguage\":\"fr-CA\",\"url\":\"https:\\\/\\\/cdnweb.danby.com\\\/wp-content\\\/uploads\\\/sites\\\/2\\\/2022\\\/02\\\/10141906\\\/Danby75Ans_Blue.png\",\"contentUrl\":\"https:\\\/\\\/cdnweb.danby.com\\\/wp-content\\\/uploads\\\/sites\\\/2\\\/2022\\\/02\\\/10141906\\\/Danby75Ans_Blue.png\",\"width\":470,\"height\":110,\"caption\":\"Danby Appliances\"},\"image\":[],\"sameAs\":[\"https:\\\/\\\/www.facebook.com\\\/DanbyAppliances\",\"https:\\\/\\\/x.com\\\/DanbyAppliance\",\"https:\\\/\\\/instagram.com\\\/danbyappliances\\\/\",\"https:\\\/\\\/www.linkedin.com\\\/company\\\/danbyappliances\",\"https:\\\/\\\/www.pinterest.ca\\\/danbyappliances\\\/\",\"https:\\\/\\\/www.youtube.com\\\/user\\\/DanbyProducts\",\"https:\\\/\\\/en.wikipedia.org\\\/wiki\\\/Danby_(appliances)\"]}]}<\/script>\n<!-- \/ Yoast SEO plugin. -->","yoast_head_json":{"title":"Danby Grille-pain de comptoir \u00e0 4 tranches de 0,4 pi3\/12L en acier inoxydable - DBTO0412BBSS | Danby Canada","description":"Avec ses multiples options de cuisson, ce grille-pain four en acier inoxydable sera un ajout compact et polyvalent \u00e0 votre comptoir ! Choisissez parmi 4 fonctions de cuisson pr\u00e9programm\u00e9es - griller, cuire, griller et garder au chaud - le tout dans l'espace d'un grille-pain. Dot\u00e9 de 1 100 watts, d'une capacit\u00e9 g\u00e9n\u00e9reuse et d'une plage de temp\u00e9rature de 150 \u00e0 450 \u00baF, ce four peut griller 4 tranches de pain, cuire une pizza de 9 po ou griller des morceaux de poulet. Nous avons inclus une grille, une plaque de cuisson et un ramasse-miettes, alors vous \u00eates pr\u00eat \u00e0 commencer \u00e0 cuisiner. Vous recevez? Aucun probl\u00e8me. Avec ce grille-pain four \u00e9l\u00e9gant et facile \u00e0 utiliser de Danby, vous venez de gagner une capacit\u00e9 de cuisson suppl\u00e9mentaire.","robots":{"index":"index","follow":"follow","max-snippet":"max-snippet:-1","max-image-preview":"max-image-preview:large","max-video-preview":"max-video-preview:-1"},"canonical":"https:\/\/www.danby.com\/fr\/products\/fours-grille-pains\/dbto0412bbss\/","og_locale":"fr_CA","og_type":"article","og_title":"Danby Grille-pain de comptoir \u00e0 4 tranches de 0,4 pi3\/12L en acier inoxydable - DBTO0412BBSS | Danby Canada","og_description":"Avec ses multiples options de cuisson, ce grille-pain four en acier inoxydable sera un ajout compact et polyvalent \u00e0 votre comptoir ! Choisissez parmi 4 fonctions de cuisson pr\u00e9programm\u00e9es - griller, cuire, griller et garder au chaud - le tout dans l'espace d'un grille-pain. Dot\u00e9 de 1 100 watts, d'une capacit\u00e9 g\u00e9n\u00e9reuse et d'une plage de temp\u00e9rature de 150 \u00e0 450 \u00baF, ce four peut griller 4 tranches de pain, cuire une pizza de 9 po ou griller des morceaux de poulet. Nous avons inclus une grille, une plaque de cuisson et un ramasse-miettes, alors vous \u00eates pr\u00eat \u00e0 commencer \u00e0 cuisiner. Vous recevez? Aucun probl\u00e8me. Avec ce grille-pain four \u00e9l\u00e9gant et facile \u00e0 utiliser de Danby, vous venez de gagner une capacit\u00e9 de cuisson suppl\u00e9mentaire.","og_url":"https:\/\/www.danby.com\/fr\/products\/fours-grille-pains\/dbto0412bbss\/","og_site_name":"Danby - Canada - French","article_publisher":"https:\/\/www.facebook.com\/DanbyAppliances","article_modified_time":"2026-04-28T09:07:29+00:00","og_image":[{"width":1323,"height":1765,"url":"https:\/\/cdnweb.danby.com\/wp-content\/uploads\/sites\/2\/2023\/06\/02140831\/DBTO0412BBSS_Frontt.jpg","type":"image\/jpeg"}],"twitter_card":"summary_large_image","twitter_site":"@DanbyAppliance","schema":{"@context":"https:\/\/schema.org","@graph":[{"@type":["WebPage","ItemPage"],"url":"https:\/\/www.danby.com\/fr\/products\/fours-grille-pains\/dbto0412bbss\/","name":"Danby Grille-pain de comptoir \u00e0 4 tranches de 0,4 pi3\/12L en acier inoxydable - DBTO0412BBSS | Danby Canada","isPartOf":[],"primaryImageOfPage":[],"image":[],"thumbnailUrl":"https:\/\/www.danby.com\/fr\/wp-content\/uploads\/sites\/2\/2025\/09\/dbto0412bbss-thumbnail.jpg","datePublished":"2022-02-03T19:14:38+00:00","dateModified":"2026-04-28T09:07:29+00:00","description":"Avec ses multiples options de cuisson, ce grille-pain four en acier inoxydable sera un ajout compact et polyvalent \u00e0 votre comptoir ! Choisissez parmi 4 fonctions de cuisson pr\u00e9programm\u00e9es - griller, cuire, griller et garder au chaud - le tout dans l'espace d'un grille-pain. Dot\u00e9 de 1 100 watts, d'une capacit\u00e9 g\u00e9n\u00e9reuse et d'une plage de temp\u00e9rature de 150 \u00e0 450 \u00baF, ce four peut griller 4 tranches de pain, cuire une pizza de 9 po ou griller des morceaux de poulet. Nous avons inclus une grille, une plaque de cuisson et un ramasse-miettes, alors vous \u00eates pr\u00eat \u00e0 commencer \u00e0 cuisiner. Vous recevez? Aucun probl\u00e8me. Avec ce grille-pain four \u00e9l\u00e9gant et facile \u00e0 utiliser de Danby, vous venez de gagner une capacit\u00e9 de cuisson suppl\u00e9mentaire.","breadcrumb":[],"inLanguage":"fr-CA","potentialAction":[{"@type":"ReadAction","target":["https:\/\/www.danby.com\/fr\/products\/fours-grille-pains\/dbto0412bbss\/"]}]},{"@type":"ImageObject","inLanguage":"fr-CA","url":"https:\/\/www.danby.com\/fr\/wp-content\/uploads\/sites\/2\/2025\/09\/dbto0412bbss-thumbnail.jpg","contentUrl":"https:\/\/www.danby.com\/fr\/wp-content\/uploads\/sites\/2\/2025\/09\/dbto0412bbss-thumbnail.jpg","width":768,"height":1024},{"@type":"BreadcrumbList","itemListElement":[{"@type":"ListItem","position":1,"name":"Home","item":"https:\/\/www.danby.com\/fr\/"},{"@type":"ListItem","position":2,"name":"Boutique","item":"https:\/\/www.danby.com\/fr\/boutique\/"},{"@type":"ListItem","position":3,"name":"Danby Grille-pain de comptoir \u00e0 4 tranches de 0,4 pi3\/12L en acier inoxydable"}]},{"@type":"WebSite","url":"https:\/\/www.danby.com\/fr\/","name":"Danby - Canada - French","description":"Leader dans le domaine de la r\u00e9frig\u00e9ration et des appareils sp\u00e9cialis\u00e9s","publisher":[],"potentialAction":[{"@type":"SearchAction","target":{"@type":"EntryPoint","urlTemplate":"https:\/\/www.danby.com\/fr\/?s={search_term_string}"},"query-input":{"@type":"PropertyValueSpecification","valueRequired":true,"valueName":"search_term_string"}}],"inLanguage":"fr-CA"},{"@type":"Organization","name":"Danby Appliances","url":"https:\/\/www.danby.com\/fr\/","logo":{"@type":"ImageObject","inLanguage":"fr-CA","url":"https:\/\/cdnweb.danby.com\/wp-content\/uploads\/sites\/2\/2022\/02\/10141906\/Danby75Ans_Blue.png","contentUrl":"https:\/\/cdnweb.danby.com\/wp-content\/uploads\/sites\/2\/2022\/02\/10141906\/Danby75Ans_Blue.png","width":470,"height":110,"caption":"Danby Appliances"},"image":[],"sameAs":["https:\/\/www.facebook.com\/DanbyAppliances","https:\/\/x.com\/DanbyAppliance","https:\/\/instagram.com\/danbyappliances\/","https:\/\/www.linkedin.com\/company\/danbyappliances","https:\/\/www.pinterest.ca\/danbyappliances\/","https:\/\/www.youtube.com\/user\/DanbyProducts","https:\/\/en.wikipedia.org\/wiki\/Danby_(appliances)"]}]}},"post_mailing_queue_ids":[],"_links":{"self":[{"href":"https:\/\/www.danby.com\/fr\/wp-json\/wp\/v2\/product\/4711","targetHints":{"allow":["GET"]}}],"collection":[{"href":"https:\/\/www.danby.com\/fr\/wp-json\/wp\/v2\/product"}],"about":[{"href":"https:\/\/www.danby.com\/fr\/wp-json\/wp\/v2\/types\/product"}],"replies":[{"embeddable":true,"href":"https:\/\/www.danby.com\/fr\/wp-json\/wp\/v2\/comments?post=4711"}],"wp:featuredmedia":[{"embeddable":true,"href":"https:\/\/www.danby.com\/fr\/wp-json\/wp\/v2\/media\/34907"}],"wp:attachment":[{"href":"https:\/\/www.danby.com\/fr\/wp-json\/wp\/v2\/media?parent=4711"}],"wp:term":[{"taxonomy":"product_brand","embeddable":true,"href":"https:\/\/www.danby.com\/fr\/wp-json\/wp\/v2\/product_brand?post=4711"},{"taxonomy":"product_cat","embeddable":true,"href":"https:\/\/www.danby.com\/fr\/wp-json\/wp\/v2\/product_cat?post=4711"},{"taxonomy":"product_tag","embeddable":true,"href":"https:\/\/www.danby.com\/fr\/wp-json\/wp\/v2\/product_tag?post=4711"}],"curies":[{"name":"wp","href":"https:\/\/api.w.org\/{rel}","templated":true}]}}