{"id":4704,"date":"2022-02-03T19:14:23","date_gmt":"2022-02-03T19:14:23","guid":{"rendered":"https:\/\/www.danby.com\/fr\/product\/dbmw0720bww\/"},"modified":"2026-04-08T10:05:58","modified_gmt":"2026-04-08T10:05:58","slug":"dbmw0720bww","status":"publish","type":"product","link":"https:\/\/www.danby.com\/fr\/products\/fours-a-micro-ondes\/dbmw0720bww\/","title":{"rendered":"Danby Micro-ondes de comptoir de 0,7 pi3 en Blanc"},"content":{"rendered":"","protected":false},"excerpt":{"rendered":"<ul>\n<li>Capacit\u00e9 de 0,7 pi3, 700 Watts 10 niveaux de puissance<\/li>\n<li>6 options pratiques de cuisson automatique : Popcorn, pomme de terre, pizza, l\u00e9gumes surgel\u00e9s, boisson, assiette creuse<\/li>\n<li>Boutons de cuisson express : 1 &#8211; 6 minutes<\/li>\n<li>Ajouter 30 secondes : ajoutez 30 secondes au temps de cuisson<\/li>\n<li>Options de d\u00e9cong\u00e9lation automatique : D\u00e9cong\u00e9lation par temps ou par poids<\/li>\n<li>Temps de cuisson : Cuire selon le temps de cuisson souhait\u00e9<\/li>\n<li>Option de verrouillage des enfants\/de la commande : verrouillez le panneau de commande en appuyant sur STOP pendant 3 secondes<\/li>\n<li>Plateau tournant en verre de 10 pouces<\/li>\n<li>Longueur du cordon : 59&#8243;<\/li>\n<\/ul>\n","protected":false},"featured_media":35310,"comment_status":"closed","ping_status":"closed","template":"","meta":{"_acf_changed":false},"product_brand":[],"product_cat":[32,1449],"product_tag":[],"class_list":{"0":"post-4704","1":"product","2":"type-product","3":"status-publish","4":"has-post-thumbnail","6":"product_cat-fours-a-micro-ondes","7":"product_cat-sales","9":"first","10":"instock","11":"sale","12":"taxable","13":"shipping-taxable","14":"purchasable","15":"product-type-simple"},"acf":[],"yoast_head":"<!-- This site is optimized with the Yoast SEO plugin v26.7 - https:\/\/yoast.com\/wordpress\/plugins\/seo\/ -->\n<title>Danby Micro-ondes de comptoir de 0,7 pi3 en Blanc - DBMW0720BWW | Danby Canada<\/title>\n<meta name=\"description\" content=\"Les micro-ondes de comptoir de Danby ne sont pas seulement pratiques et \u00e9conomiques, ils sont aussi \u00e9l\u00e9gants ! Offerts en blanc, en noir et en acier inoxydable, il y a un mod\u00e8le qui convient \u00e0 tous les d\u00e9cors. Offerts avec une vari\u00e9t\u00e9 de caract\u00e9ristiques les plus populaires d&#039;aujourd&#039;hui et d&#039;une taille allant de 0,7 pi3 \u00e0 1,4 pi3, les fours \u00e0 micro-ondes Danby conviennent bien au dortoir, au bureau, au chalet ou \u00e0 la cuisine.\" \/>\n<meta name=\"robots\" content=\"index, follow, max-snippet:-1, max-image-preview:large, max-video-preview:-1\" \/>\n<link rel=\"canonical\" href=\"https:\/\/www.danby.com\/fr\/products\/fours-a-micro-ondes\/dbmw0720bww\/\" \/>\n<meta property=\"og:locale\" content=\"fr_CA\" \/>\n<meta property=\"og:type\" content=\"article\" \/>\n<meta property=\"og:title\" content=\"Danby Micro-ondes de comptoir de 0,7 pi3 en Blanc - DBMW0720BWW | Danby Canada\" \/>\n<meta property=\"og:description\" content=\"Les micro-ondes de comptoir de Danby ne sont pas seulement pratiques et \u00e9conomiques, ils sont aussi \u00e9l\u00e9gants ! Offerts en blanc, en noir et en acier inoxydable, il y a un mod\u00e8le qui convient \u00e0 tous les d\u00e9cors. Offerts avec une vari\u00e9t\u00e9 de caract\u00e9ristiques les plus populaires d&#039;aujourd&#039;hui et d&#039;une taille allant de 0,7 pi3 \u00e0 1,4 pi3, les fours \u00e0 micro-ondes Danby conviennent bien au dortoir, au bureau, au chalet ou \u00e0 la cuisine.\" \/>\n<meta property=\"og:url\" content=\"https:\/\/www.danby.com\/fr\/products\/fours-a-micro-ondes\/dbmw0720bww\/\" \/>\n<meta property=\"og:site_name\" content=\"Danby - Canada - French\" \/>\n<meta property=\"article:publisher\" content=\"https:\/\/www.facebook.com\/DanbyAppliances\" \/>\n<meta property=\"article:modified_time\" content=\"2026-04-08T10:05:58+00:00\" \/>\n<meta property=\"og:image\" content=\"https:\/\/cdnweb.danby.com\/wp-content\/uploads\/sites\/2\/2022\/02\/09142827\/DBMW0720BWW-Featured.jpg\" \/>\n\t<meta property=\"og:image:width\" content=\"1440\" \/>\n\t<meta property=\"og:image:height\" content=\"1920\" \/>\n\t<meta property=\"og:image:type\" content=\"image\/jpeg\" \/>\n<meta name=\"twitter:card\" content=\"summary_large_image\" \/>\n<meta name=\"twitter:site\" content=\"@DanbyAppliance\" \/>\n<script type=\"application\/ld+json\" class=\"yoast-schema-graph\">{\"@context\":\"https:\/\/schema.org\",\"@graph\":[{\"@type\":[\"WebPage\",\"ItemPage\"],\"url\":\"https:\/\/www.danby.com\/fr\/products\/fours-a-micro-ondes\/dbmw0720bww\/\",\"name\":\"Danby Micro-ondes de comptoir de 0,7 pi3 en Blanc - DBMW0720BWW | Danby Canada\",\"isPartOf\":[],\"primaryImageOfPage\":[],\"image\":[],\"thumbnailUrl\":\"https:\/\/www.danby.com\/fr\/wp-content\/uploads\/sites\/2\/2025\/10\/dbmw0720bww-thumbnail.jpg\",\"datePublished\":\"2022-02-03T19:14:23+00:00\",\"dateModified\":\"2026-04-08T10:05:58+00:00\",\"description\":\"Les micro-ondes de comptoir de Danby ne sont pas seulement pratiques et \u00e9conomiques, ils sont aussi \u00e9l\u00e9gants ! Offerts en blanc, en noir et en acier inoxydable, il y a un mod\u00e8le qui convient \u00e0 tous les d\u00e9cors. Offerts avec une vari\u00e9t\u00e9 de caract\u00e9ristiques les plus populaires d'aujourd'hui et d'une taille allant de 0,7 pi3 \u00e0 1,4 pi3, les fours \u00e0 micro-ondes Danby conviennent bien au dortoir, au bureau, au chalet ou \u00e0 la cuisine.\",\"breadcrumb\":[],\"inLanguage\":\"fr-CA\",\"potentialAction\":[{\"@type\":\"ReadAction\",\"target\":[\"https:\/\/www.danby.com\/fr\/products\/fours-a-micro-ondes\/dbmw0720bww\/\"]}]},{\"@type\":\"ImageObject\",\"inLanguage\":\"fr-CA\",\"url\":\"https:\/\/www.danby.com\/fr\/wp-content\/uploads\/sites\/2\/2025\/10\/dbmw0720bww-thumbnail.jpg\",\"contentUrl\":\"https:\/\/www.danby.com\/fr\/wp-content\/uploads\/sites\/2\/2025\/10\/dbmw0720bww-thumbnail.jpg\",\"width\":768,\"height\":1024},{\"@type\":\"BreadcrumbList\",\"itemListElement\":[{\"@type\":\"ListItem\",\"position\":1,\"name\":\"Home\",\"item\":\"https:\/\/www.danby.com\/fr\/\"},{\"@type\":\"ListItem\",\"position\":2,\"name\":\"Boutique\",\"item\":\"https:\/\/www.danby.com\/fr\/boutique\/\"},{\"@type\":\"ListItem\",\"position\":3,\"name\":\"Danby 0,7 pi3 Micro-ondes blanc avec commandes de cuisson pratiques\"}]},{\"@type\":\"WebSite\",\"url\":\"https:\/\/www.danby.com\/fr\/\",\"name\":\"Danby - Canada - French\",\"description\":\"Leader dans le domaine de la r\u00e9frig\u00e9ration et des appareils sp\u00e9cialis\u00e9s\",\"publisher\":[],\"potentialAction\":[{\"@type\":\"SearchAction\",\"target\":{\"@type\":\"EntryPoint\",\"urlTemplate\":\"https:\/\/www.danby.com\/fr\/?s={search_term_string}\"},\"query-input\":{\"@type\":\"PropertyValueSpecification\",\"valueRequired\":true,\"valueName\":\"search_term_string\"}}],\"inLanguage\":\"fr-CA\"},{\"@type\":\"Organization\",\"name\":\"Danby Appliances\",\"url\":\"https:\/\/www.danby.com\/fr\/\",\"logo\":{\"@type\":\"ImageObject\",\"inLanguage\":\"fr-CA\",\"url\":\"https:\/\/cdnweb.danby.com\/wp-content\/uploads\/sites\/2\/2022\/02\/10141906\/Danby75Ans_Blue.png\",\"contentUrl\":\"https:\/\/cdnweb.danby.com\/wp-content\/uploads\/sites\/2\/2022\/02\/10141906\/Danby75Ans_Blue.png\",\"width\":470,\"height\":110,\"caption\":\"Danby Appliances\"},\"image\":[],\"sameAs\":[\"https:\/\/www.facebook.com\/DanbyAppliances\",\"https:\/\/x.com\/DanbyAppliance\",\"https:\/\/instagram.com\/danbyappliances\/\",\"https:\/\/www.linkedin.com\/company\/danbyappliances\",\"https:\/\/www.pinterest.ca\/danbyappliances\/\",\"https:\/\/www.youtube.com\/user\/DanbyProducts\",\"https:\/\/en.wikipedia.org\/wiki\/Danby_(appliances)\"]}]}<\/script>\n<!-- \/ Yoast SEO plugin. -->","yoast_head_json":{"title":"Danby Micro-ondes de comptoir de 0,7 pi3 en Blanc - DBMW0720BWW | Danby Canada","description":"Les micro-ondes de comptoir de Danby ne sont pas seulement pratiques et \u00e9conomiques, ils sont aussi \u00e9l\u00e9gants ! Offerts en blanc, en noir et en acier inoxydable, il y a un mod\u00e8le qui convient \u00e0 tous les d\u00e9cors. Offerts avec une vari\u00e9t\u00e9 de caract\u00e9ristiques les plus populaires d'aujourd'hui et d'une taille allant de 0,7 pi3 \u00e0 1,4 pi3, les fours \u00e0 micro-ondes Danby conviennent bien au dortoir, au bureau, au chalet ou \u00e0 la cuisine.","robots":{"index":"index","follow":"follow","max-snippet":"max-snippet:-1","max-image-preview":"max-image-preview:large","max-video-preview":"max-video-preview:-1"},"canonical":"https:\/\/www.danby.com\/fr\/products\/fours-a-micro-ondes\/dbmw0720bww\/","og_locale":"fr_CA","og_type":"article","og_title":"Danby Micro-ondes de comptoir de 0,7 pi3 en Blanc - DBMW0720BWW | Danby Canada","og_description":"Les micro-ondes de comptoir de Danby ne sont pas seulement pratiques et \u00e9conomiques, ils sont aussi \u00e9l\u00e9gants ! Offerts en blanc, en noir et en acier inoxydable, il y a un mod\u00e8le qui convient \u00e0 tous les d\u00e9cors. Offerts avec une vari\u00e9t\u00e9 de caract\u00e9ristiques les plus populaires d'aujourd'hui et d'une taille allant de 0,7 pi3 \u00e0 1,4 pi3, les fours \u00e0 micro-ondes Danby conviennent bien au dortoir, au bureau, au chalet ou \u00e0 la cuisine.","og_url":"https:\/\/www.danby.com\/fr\/products\/fours-a-micro-ondes\/dbmw0720bww\/","og_site_name":"Danby - Canada - French","article_publisher":"https:\/\/www.facebook.com\/DanbyAppliances","article_modified_time":"2026-04-08T10:05:58+00:00","og_image":[{"width":1440,"height":1920,"url":"https:\/\/cdnweb.danby.com\/wp-content\/uploads\/sites\/2\/2022\/02\/09142827\/DBMW0720BWW-Featured.jpg","type":"image\/jpeg"}],"twitter_card":"summary_large_image","twitter_site":"@DanbyAppliance","schema":{"@context":"https:\/\/schema.org","@graph":[{"@type":["WebPage","ItemPage"],"url":"https:\/\/www.danby.com\/fr\/products\/fours-a-micro-ondes\/dbmw0720bww\/","name":"Danby Micro-ondes de comptoir de 0,7 pi3 en Blanc - DBMW0720BWW | Danby Canada","isPartOf":[],"primaryImageOfPage":[],"image":[],"thumbnailUrl":"https:\/\/www.danby.com\/fr\/wp-content\/uploads\/sites\/2\/2025\/10\/dbmw0720bww-thumbnail.jpg","datePublished":"2022-02-03T19:14:23+00:00","dateModified":"2026-04-08T10:05:58+00:00","description":"Les micro-ondes de comptoir de Danby ne sont pas seulement pratiques et \u00e9conomiques, ils sont aussi \u00e9l\u00e9gants ! Offerts en blanc, en noir et en acier inoxydable, il y a un mod\u00e8le qui convient \u00e0 tous les d\u00e9cors. Offerts avec une vari\u00e9t\u00e9 de caract\u00e9ristiques les plus populaires d'aujourd'hui et d'une taille allant de 0,7 pi3 \u00e0 1,4 pi3, les fours \u00e0 micro-ondes Danby conviennent bien au dortoir, au bureau, au chalet ou \u00e0 la cuisine.","breadcrumb":[],"inLanguage":"fr-CA","potentialAction":[{"@type":"ReadAction","target":["https:\/\/www.danby.com\/fr\/products\/fours-a-micro-ondes\/dbmw0720bww\/"]}]},{"@type":"ImageObject","inLanguage":"fr-CA","url":"https:\/\/www.danby.com\/fr\/wp-content\/uploads\/sites\/2\/2025\/10\/dbmw0720bww-thumbnail.jpg","contentUrl":"https:\/\/www.danby.com\/fr\/wp-content\/uploads\/sites\/2\/2025\/10\/dbmw0720bww-thumbnail.jpg","width":768,"height":1024},{"@type":"BreadcrumbList","itemListElement":[{"@type":"ListItem","position":1,"name":"Home","item":"https:\/\/www.danby.com\/fr\/"},{"@type":"ListItem","position":2,"name":"Boutique","item":"https:\/\/www.danby.com\/fr\/boutique\/"},{"@type":"ListItem","position":3,"name":"Danby 0,7 pi3 Micro-ondes blanc avec commandes de cuisson pratiques"}]},{"@type":"WebSite","url":"https:\/\/www.danby.com\/fr\/","name":"Danby - Canada - French","description":"Leader dans le domaine de la r\u00e9frig\u00e9ration et des appareils sp\u00e9cialis\u00e9s","publisher":[],"potentialAction":[{"@type":"SearchAction","target":{"@type":"EntryPoint","urlTemplate":"https:\/\/www.danby.com\/fr\/?s={search_term_string}"},"query-input":{"@type":"PropertyValueSpecification","valueRequired":true,"valueName":"search_term_string"}}],"inLanguage":"fr-CA"},{"@type":"Organization","name":"Danby Appliances","url":"https:\/\/www.danby.com\/fr\/","logo":{"@type":"ImageObject","inLanguage":"fr-CA","url":"https:\/\/cdnweb.danby.com\/wp-content\/uploads\/sites\/2\/2022\/02\/10141906\/Danby75Ans_Blue.png","contentUrl":"https:\/\/cdnweb.danby.com\/wp-content\/uploads\/sites\/2\/2022\/02\/10141906\/Danby75Ans_Blue.png","width":470,"height":110,"caption":"Danby Appliances"},"image":[],"sameAs":["https:\/\/www.facebook.com\/DanbyAppliances","https:\/\/x.com\/DanbyAppliance","https:\/\/instagram.com\/danbyappliances\/","https:\/\/www.linkedin.com\/company\/danbyappliances","https:\/\/www.pinterest.ca\/danbyappliances\/","https:\/\/www.youtube.com\/user\/DanbyProducts","https:\/\/en.wikipedia.org\/wiki\/Danby_(appliances)"]}]}},"post_mailing_queue_ids":[],"_links":{"self":[{"href":"https:\/\/www.danby.com\/fr\/wp-json\/wp\/v2\/product\/4704","targetHints":{"allow":["GET"]}}],"collection":[{"href":"https:\/\/www.danby.com\/fr\/wp-json\/wp\/v2\/product"}],"about":[{"href":"https:\/\/www.danby.com\/fr\/wp-json\/wp\/v2\/types\/product"}],"replies":[{"embeddable":true,"href":"https:\/\/www.danby.com\/fr\/wp-json\/wp\/v2\/comments?post=4704"}],"wp:featuredmedia":[{"embeddable":true,"href":"https:\/\/www.danby.com\/fr\/wp-json\/wp\/v2\/media\/35310"}],"wp:attachment":[{"href":"https:\/\/www.danby.com\/fr\/wp-json\/wp\/v2\/media?parent=4704"}],"wp:term":[{"taxonomy":"product_brand","embeddable":true,"href":"https:\/\/www.danby.com\/fr\/wp-json\/wp\/v2\/product_brand?post=4704"},{"taxonomy":"product_cat","embeddable":true,"href":"https:\/\/www.danby.com\/fr\/wp-json\/wp\/v2\/product_cat?post=4704"},{"taxonomy":"product_tag","embeddable":true,"href":"https:\/\/www.danby.com\/fr\/wp-json\/wp\/v2\/product_tag?post=4704"}],"curies":[{"name":"wp","href":"https:\/\/api.w.org\/{rel}","templated":true}]}}