{"id":4701,"date":"2022-02-03T19:14:23","date_gmt":"2022-02-03T19:14:23","guid":{"rendered":"https:\/\/www.danby.com\/fr\/product\/dbmf100c1sldb\/"},"modified":"2026-04-25T10:08:42","modified_gmt":"2026-04-25T10:08:42","slug":"dbmf100c1sldb","status":"publish","type":"product","link":"https:\/\/www.danby.com\/fr\/products\/refrigerateurs-pour-petites-surfaces\/dbmf100c1sldb\/","title":{"rendered":"Danby R\u00e9frig\u00e9rateur d&#8217;appartement \u00e0 montage par le bas de 10 pi3 en acier inoxydable"},"content":{"rendered":"","protected":false},"excerpt":{"rendered":"<ul>\n<li>R\u00e9frig\u00e9rateur d&#8217;une capacit\u00e9 de 283 litres (10 pi3)<\/li>\n<li>Certifi\u00e9 ENERGY STAR\u00ae : efficacit\u00e9 \u00e9nerg\u00e9tique pour vous aider \u00e0 \u00e9conomiser de l&#8217;argent sans sacrifier les performances<\/li>\n<li>R\u00e9frig\u00e9rant R600a respectueux de l&#8217;environnement<\/li>\n<li>1 \u00e9tag\u00e8re en verre r\u00e9glable sur toute la largeur et 3 sur la moiti\u00e9 de la largeur pour une polyvalence de rangement maximale.<\/li>\n<li>\u00c9tag\u00e8res de porte int\u00e9gr\u00e9es avec 1 \u00e9tag\u00e8re de porte compl\u00e8te et 3 \u00e9tag\u00e8res de porte partielle<\/li>\n<li>Bac \u00e0 l\u00e9gumes et couvercle<\/li>\n<li>3 lumi\u00e8res LED \u00e9clairent l&#8217;inter<\/li>\n<li>Poign\u00e9e de porte int\u00e9gr\u00e9e<\/li>\n<li>Une charni\u00e8re de porte r\u00e9versible vous permet de r\u00e9gler l&#8217;ouverture de la porte pour les gauchers ou les droitiers.<\/li>\n<\/ul>\n","protected":false},"featured_media":27884,"comment_status":"closed","ping_status":"closed","template":"","meta":{"_acf_changed":false},"product_brand":[],"product_cat":[20],"product_tag":[],"class_list":{"0":"post-4701","1":"product","2":"type-product","3":"status-publish","4":"has-post-thumbnail","6":"product_cat-refrigerateurs-pour-petites-surfaces","7":"pa_capacite-pi3-1068","8":"pa_couleur-stainless-steel","9":"pa_duree-de-la-garantie-en-mois-1173","11":"first","12":"outofstock","13":"taxable","14":"shipping-taxable","15":"product-type-simple"},"acf":[],"yoast_head":"<!-- This site is optimized with the Yoast SEO plugin v27.4 - https:\/\/yoast.com\/product\/yoast-seo-wordpress\/ -->\n<title>Danby R\u00e9frig\u00e9rateur d&#039;appartement \u00e0 montage par le bas de 10 pi3 en acier inoxydable - DBMF100C1SLDB | Danby Canada<\/title>\n<meta name=\"description\" content=\"D\u00e9couvrez le style et la simplicit\u00e9 du r\u00e9frig\u00e9rateur en acier inoxydable de 10 pieds cubes (283 L) de Danby, parfait pour les petits espaces de vie dans un condo, un appartement ou une maison en rang\u00e9e ! R\u00e9duisez votre facture d&#039;\u00e9lectricit\u00e9 et \u00e9conomisez sur l&#039;\u00e9nergie avec ce mod\u00e8le class\u00e9 ENERGY STAR\u00ae. R\u00e9duisez le d\u00e9sordre gr\u00e2ce \u00e0 deux tablettes r\u00e9glables, quatre tablettes de porte et un tiroir \u00e0 l\u00e9gumes offrant une polyvalence de rangement maximale. Tous vos produits surgel\u00e9s pr\u00e9f\u00e9r\u00e9s peuvent \u00eatre rang\u00e9s gr\u00e2ce \u00e0 deux tiroirs pratiques, ce qui permet de garder votre cong\u00e9lateur accessible et organis\u00e9. Trouvez facilement vos \u0153ufs, l\u00e9gumes ou fruits gr\u00e2ce au syst\u00e8me d&#039;\u00e9clairage int\u00e9rieur \u00e0 DEL. Une porte r\u00e9versible pour une ouverture \u00e0 gauche ou \u00e0 droite, ainsi qu&#039;un dos affleurant pour que vous puissiez le placer n&#039;importe o\u00f9 dans votre maison. Ce mod\u00e8le peut servir de r\u00e9frig\u00e9rateur principal ou de deuxi\u00e8me option pour augmenter la capacit\u00e9 de stockage.\" \/>\n<meta name=\"robots\" content=\"index, follow, max-snippet:-1, max-image-preview:large, max-video-preview:-1\" \/>\n<link rel=\"canonical\" href=\"https:\/\/www.danby.com\/fr\/products\/refrigerateurs-pour-petites-surfaces\/dbmf100c1sldb\/\" \/>\n<meta property=\"og:locale\" content=\"fr_CA\" \/>\n<meta property=\"og:type\" content=\"article\" \/>\n<meta property=\"og:title\" content=\"Danby R\u00e9frig\u00e9rateur d&#039;appartement \u00e0 montage par le bas de 10 pi3 en acier inoxydable - DBMF100C1SLDB | Danby Canada\" \/>\n<meta property=\"og:description\" content=\"D\u00e9couvrez le style et la simplicit\u00e9 du r\u00e9frig\u00e9rateur en acier inoxydable de 10 pieds cubes (283 L) de Danby, parfait pour les petits espaces de vie dans un condo, un appartement ou une maison en rang\u00e9e ! R\u00e9duisez votre facture d&#039;\u00e9lectricit\u00e9 et \u00e9conomisez sur l&#039;\u00e9nergie avec ce mod\u00e8le class\u00e9 ENERGY STAR\u00ae. R\u00e9duisez le d\u00e9sordre gr\u00e2ce \u00e0 deux tablettes r\u00e9glables, quatre tablettes de porte et un tiroir \u00e0 l\u00e9gumes offrant une polyvalence de rangement maximale. Tous vos produits surgel\u00e9s pr\u00e9f\u00e9r\u00e9s peuvent \u00eatre rang\u00e9s gr\u00e2ce \u00e0 deux tiroirs pratiques, ce qui permet de garder votre cong\u00e9lateur accessible et organis\u00e9. Trouvez facilement vos \u0153ufs, l\u00e9gumes ou fruits gr\u00e2ce au syst\u00e8me d&#039;\u00e9clairage int\u00e9rieur \u00e0 DEL. Une porte r\u00e9versible pour une ouverture \u00e0 gauche ou \u00e0 droite, ainsi qu&#039;un dos affleurant pour que vous puissiez le placer n&#039;importe o\u00f9 dans votre maison. Ce mod\u00e8le peut servir de r\u00e9frig\u00e9rateur principal ou de deuxi\u00e8me option pour augmenter la capacit\u00e9 de stockage.\" \/>\n<meta property=\"og:url\" content=\"https:\/\/www.danby.com\/fr\/products\/refrigerateurs-pour-petites-surfaces\/dbmf100c1sldb\/\" \/>\n<meta property=\"og:site_name\" content=\"Danby - Canada - French\" \/>\n<meta property=\"article:publisher\" content=\"https:\/\/www.facebook.com\/DanbyAppliances\" \/>\n<meta property=\"article:modified_time\" content=\"2026-04-25T10:08:42+00:00\" \/>\n<meta property=\"og:image\" content=\"https:\/\/cdnweb.danby.com\/wp-content\/uploads\/sites\/2\/2024\/07\/17195503\/Fridge_Thumbnail__0036_DBMF100C1SLDB.jpg\" \/>\n\t<meta property=\"og:image:width\" content=\"1125\" \/>\n\t<meta property=\"og:image:height\" content=\"1500\" \/>\n\t<meta property=\"og:image:type\" content=\"image\/jpeg\" \/>\n<meta name=\"twitter:card\" content=\"summary_large_image\" \/>\n<meta name=\"twitter:site\" content=\"@DanbyAppliance\" \/>\n<meta name=\"twitter:label1\" content=\"Estimation du temps de lecture\" \/>\n\t<meta name=\"twitter:data1\" content=\"1 minute\" \/>\n<script type=\"application\/ld+json\" class=\"yoast-schema-graph\">{\"@context\":\"https:\\\/\\\/schema.org\",\"@graph\":[{\"@type\":[\"WebPage\",\"ItemPage\"],\"url\":\"https:\\\/\\\/www.danby.com\\\/fr\\\/products\\\/refrigerateurs-pour-petites-surfaces\\\/dbmf100c1sldb\\\/\",\"name\":\"Danby R\u00e9frig\u00e9rateur d'appartement \u00e0 montage par le bas de 10 pi3 en acier inoxydable - DBMF100C1SLDB | Danby Canada\",\"isPartOf\":[],\"primaryImageOfPage\":[],\"image\":[],\"thumbnailUrl\":\"https:\\\/\\\/cdnweb.danby.com\\\/wp-content\\\/uploads\\\/sites\\\/2\\\/2024\\\/07\\\/17195503\\\/Fridge_Thumbnail__0036_DBMF100C1SLDB.jpg\",\"datePublished\":\"2022-02-03T19:14:23+00:00\",\"dateModified\":\"2026-04-25T10:08:42+00:00\",\"description\":\"D\u00e9couvrez le style et la simplicit\u00e9 du r\u00e9frig\u00e9rateur en acier inoxydable de 10 pieds cubes (283 L) de Danby, parfait pour les petits espaces de vie dans un condo, un appartement ou une maison en rang\u00e9e ! R\u00e9duisez votre facture d'\u00e9lectricit\u00e9 et \u00e9conomisez sur l'\u00e9nergie avec ce mod\u00e8le class\u00e9 ENERGY STAR\u00ae. R\u00e9duisez le d\u00e9sordre gr\u00e2ce \u00e0 deux tablettes r\u00e9glables, quatre tablettes de porte et un tiroir \u00e0 l\u00e9gumes offrant une polyvalence de rangement maximale. Tous vos produits surgel\u00e9s pr\u00e9f\u00e9r\u00e9s peuvent \u00eatre rang\u00e9s gr\u00e2ce \u00e0 deux tiroirs pratiques, ce qui permet de garder votre cong\u00e9lateur accessible et organis\u00e9. Trouvez facilement vos \u0153ufs, l\u00e9gumes ou fruits gr\u00e2ce au syst\u00e8me d'\u00e9clairage int\u00e9rieur \u00e0 DEL. Une porte r\u00e9versible pour une ouverture \u00e0 gauche ou \u00e0 droite, ainsi qu'un dos affleurant pour que vous puissiez le placer n'importe o\u00f9 dans votre maison. Ce mod\u00e8le peut servir de r\u00e9frig\u00e9rateur principal ou de deuxi\u00e8me option pour augmenter la capacit\u00e9 de stockage.\",\"breadcrumb\":[],\"inLanguage\":\"fr-CA\",\"potentialAction\":[{\"@type\":\"ReadAction\",\"target\":[\"https:\\\/\\\/www.danby.com\\\/fr\\\/products\\\/refrigerateurs-pour-petites-surfaces\\\/dbmf100c1sldb\\\/\"]}]},{\"@type\":\"ImageObject\",\"inLanguage\":\"fr-CA\",\"url\":\"https:\\\/\\\/cdnweb.danby.com\\\/wp-content\\\/uploads\\\/sites\\\/2\\\/2024\\\/07\\\/17195503\\\/Fridge_Thumbnail__0036_DBMF100C1SLDB.jpg\",\"contentUrl\":\"https:\\\/\\\/cdnweb.danby.com\\\/wp-content\\\/uploads\\\/sites\\\/2\\\/2024\\\/07\\\/17195503\\\/Fridge_Thumbnail__0036_DBMF100C1SLDB.jpg\",\"width\":1125,\"height\":1500},{\"@type\":\"BreadcrumbList\",\"itemListElement\":[{\"@type\":\"ListItem\",\"position\":1,\"name\":\"Home\",\"item\":\"https:\\\/\\\/www.danby.com\\\/fr\\\/\"},{\"@type\":\"ListItem\",\"position\":2,\"name\":\"Boutique\",\"item\":\"https:\\\/\\\/www.danby.com\\\/fr\\\/boutique\\\/\"},{\"@type\":\"ListItem\",\"position\":3,\"name\":\"Danby R\u00e9frig\u00e9rateur d&#8217;appartement \u00e0 montage par le bas de 10 pi3 en acier inoxydable\"}]},{\"@type\":\"WebSite\",\"url\":\"https:\\\/\\\/www.danby.com\\\/fr\\\/\",\"name\":\"Danby - Canada - French\",\"description\":\"Leader dans le domaine de la r\u00e9frig\u00e9ration et des appareils sp\u00e9cialis\u00e9s\",\"publisher\":[],\"potentialAction\":[{\"@type\":\"SearchAction\",\"target\":{\"@type\":\"EntryPoint\",\"urlTemplate\":\"https:\\\/\\\/www.danby.com\\\/fr\\\/?s={search_term_string}\"},\"query-input\":{\"@type\":\"PropertyValueSpecification\",\"valueRequired\":true,\"valueName\":\"search_term_string\"}}],\"inLanguage\":\"fr-CA\"},{\"@type\":\"Organization\",\"name\":\"Danby Appliances\",\"url\":\"https:\\\/\\\/www.danby.com\\\/fr\\\/\",\"logo\":{\"@type\":\"ImageObject\",\"inLanguage\":\"fr-CA\",\"url\":\"https:\\\/\\\/cdnweb.danby.com\\\/wp-content\\\/uploads\\\/sites\\\/2\\\/2022\\\/02\\\/10141906\\\/Danby75Ans_Blue.png\",\"contentUrl\":\"https:\\\/\\\/cdnweb.danby.com\\\/wp-content\\\/uploads\\\/sites\\\/2\\\/2022\\\/02\\\/10141906\\\/Danby75Ans_Blue.png\",\"width\":470,\"height\":110,\"caption\":\"Danby Appliances\"},\"image\":[],\"sameAs\":[\"https:\\\/\\\/www.facebook.com\\\/DanbyAppliances\",\"https:\\\/\\\/x.com\\\/DanbyAppliance\",\"https:\\\/\\\/instagram.com\\\/danbyappliances\\\/\",\"https:\\\/\\\/www.linkedin.com\\\/company\\\/danbyappliances\",\"https:\\\/\\\/www.pinterest.ca\\\/danbyappliances\\\/\",\"https:\\\/\\\/www.youtube.com\\\/user\\\/DanbyProducts\",\"https:\\\/\\\/en.wikipedia.org\\\/wiki\\\/Danby_(appliances)\"]}]}<\/script>\n<!-- \/ Yoast SEO plugin. -->","yoast_head_json":{"title":"Danby R\u00e9frig\u00e9rateur d'appartement \u00e0 montage par le bas de 10 pi3 en acier inoxydable - DBMF100C1SLDB | Danby Canada","description":"D\u00e9couvrez le style et la simplicit\u00e9 du r\u00e9frig\u00e9rateur en acier inoxydable de 10 pieds cubes (283 L) de Danby, parfait pour les petits espaces de vie dans un condo, un appartement ou une maison en rang\u00e9e ! R\u00e9duisez votre facture d'\u00e9lectricit\u00e9 et \u00e9conomisez sur l'\u00e9nergie avec ce mod\u00e8le class\u00e9 ENERGY STAR\u00ae. R\u00e9duisez le d\u00e9sordre gr\u00e2ce \u00e0 deux tablettes r\u00e9glables, quatre tablettes de porte et un tiroir \u00e0 l\u00e9gumes offrant une polyvalence de rangement maximale. Tous vos produits surgel\u00e9s pr\u00e9f\u00e9r\u00e9s peuvent \u00eatre rang\u00e9s gr\u00e2ce \u00e0 deux tiroirs pratiques, ce qui permet de garder votre cong\u00e9lateur accessible et organis\u00e9. Trouvez facilement vos \u0153ufs, l\u00e9gumes ou fruits gr\u00e2ce au syst\u00e8me d'\u00e9clairage int\u00e9rieur \u00e0 DEL. Une porte r\u00e9versible pour une ouverture \u00e0 gauche ou \u00e0 droite, ainsi qu'un dos affleurant pour que vous puissiez le placer n'importe o\u00f9 dans votre maison. Ce mod\u00e8le peut servir de r\u00e9frig\u00e9rateur principal ou de deuxi\u00e8me option pour augmenter la capacit\u00e9 de stockage.","robots":{"index":"index","follow":"follow","max-snippet":"max-snippet:-1","max-image-preview":"max-image-preview:large","max-video-preview":"max-video-preview:-1"},"canonical":"https:\/\/www.danby.com\/fr\/products\/refrigerateurs-pour-petites-surfaces\/dbmf100c1sldb\/","og_locale":"fr_CA","og_type":"article","og_title":"Danby R\u00e9frig\u00e9rateur d'appartement \u00e0 montage par le bas de 10 pi3 en acier inoxydable - DBMF100C1SLDB | Danby Canada","og_description":"D\u00e9couvrez le style et la simplicit\u00e9 du r\u00e9frig\u00e9rateur en acier inoxydable de 10 pieds cubes (283 L) de Danby, parfait pour les petits espaces de vie dans un condo, un appartement ou une maison en rang\u00e9e ! R\u00e9duisez votre facture d'\u00e9lectricit\u00e9 et \u00e9conomisez sur l'\u00e9nergie avec ce mod\u00e8le class\u00e9 ENERGY STAR\u00ae. R\u00e9duisez le d\u00e9sordre gr\u00e2ce \u00e0 deux tablettes r\u00e9glables, quatre tablettes de porte et un tiroir \u00e0 l\u00e9gumes offrant une polyvalence de rangement maximale. Tous vos produits surgel\u00e9s pr\u00e9f\u00e9r\u00e9s peuvent \u00eatre rang\u00e9s gr\u00e2ce \u00e0 deux tiroirs pratiques, ce qui permet de garder votre cong\u00e9lateur accessible et organis\u00e9. Trouvez facilement vos \u0153ufs, l\u00e9gumes ou fruits gr\u00e2ce au syst\u00e8me d'\u00e9clairage int\u00e9rieur \u00e0 DEL. Une porte r\u00e9versible pour une ouverture \u00e0 gauche ou \u00e0 droite, ainsi qu'un dos affleurant pour que vous puissiez le placer n'importe o\u00f9 dans votre maison. Ce mod\u00e8le peut servir de r\u00e9frig\u00e9rateur principal ou de deuxi\u00e8me option pour augmenter la capacit\u00e9 de stockage.","og_url":"https:\/\/www.danby.com\/fr\/products\/refrigerateurs-pour-petites-surfaces\/dbmf100c1sldb\/","og_site_name":"Danby - Canada - French","article_publisher":"https:\/\/www.facebook.com\/DanbyAppliances","article_modified_time":"2026-04-25T10:08:42+00:00","og_image":[{"width":1125,"height":1500,"url":"https:\/\/cdnweb.danby.com\/wp-content\/uploads\/sites\/2\/2024\/07\/17195503\/Fridge_Thumbnail__0036_DBMF100C1SLDB.jpg","type":"image\/jpeg"}],"twitter_card":"summary_large_image","twitter_site":"@DanbyAppliance","twitter_misc":{"Estimation du temps de lecture":"1 minute"},"schema":{"@context":"https:\/\/schema.org","@graph":[{"@type":["WebPage","ItemPage"],"url":"https:\/\/www.danby.com\/fr\/products\/refrigerateurs-pour-petites-surfaces\/dbmf100c1sldb\/","name":"Danby R\u00e9frig\u00e9rateur d'appartement \u00e0 montage par le bas de 10 pi3 en acier inoxydable - DBMF100C1SLDB | Danby Canada","isPartOf":[],"primaryImageOfPage":[],"image":[],"thumbnailUrl":"https:\/\/cdnweb.danby.com\/wp-content\/uploads\/sites\/2\/2024\/07\/17195503\/Fridge_Thumbnail__0036_DBMF100C1SLDB.jpg","datePublished":"2022-02-03T19:14:23+00:00","dateModified":"2026-04-25T10:08:42+00:00","description":"D\u00e9couvrez le style et la simplicit\u00e9 du r\u00e9frig\u00e9rateur en acier inoxydable de 10 pieds cubes (283 L) de Danby, parfait pour les petits espaces de vie dans un condo, un appartement ou une maison en rang\u00e9e ! R\u00e9duisez votre facture d'\u00e9lectricit\u00e9 et \u00e9conomisez sur l'\u00e9nergie avec ce mod\u00e8le class\u00e9 ENERGY STAR\u00ae. R\u00e9duisez le d\u00e9sordre gr\u00e2ce \u00e0 deux tablettes r\u00e9glables, quatre tablettes de porte et un tiroir \u00e0 l\u00e9gumes offrant une polyvalence de rangement maximale. Tous vos produits surgel\u00e9s pr\u00e9f\u00e9r\u00e9s peuvent \u00eatre rang\u00e9s gr\u00e2ce \u00e0 deux tiroirs pratiques, ce qui permet de garder votre cong\u00e9lateur accessible et organis\u00e9. Trouvez facilement vos \u0153ufs, l\u00e9gumes ou fruits gr\u00e2ce au syst\u00e8me d'\u00e9clairage int\u00e9rieur \u00e0 DEL. Une porte r\u00e9versible pour une ouverture \u00e0 gauche ou \u00e0 droite, ainsi qu'un dos affleurant pour que vous puissiez le placer n'importe o\u00f9 dans votre maison. Ce mod\u00e8le peut servir de r\u00e9frig\u00e9rateur principal ou de deuxi\u00e8me option pour augmenter la capacit\u00e9 de stockage.","breadcrumb":[],"inLanguage":"fr-CA","potentialAction":[{"@type":"ReadAction","target":["https:\/\/www.danby.com\/fr\/products\/refrigerateurs-pour-petites-surfaces\/dbmf100c1sldb\/"]}]},{"@type":"ImageObject","inLanguage":"fr-CA","url":"https:\/\/cdnweb.danby.com\/wp-content\/uploads\/sites\/2\/2024\/07\/17195503\/Fridge_Thumbnail__0036_DBMF100C1SLDB.jpg","contentUrl":"https:\/\/cdnweb.danby.com\/wp-content\/uploads\/sites\/2\/2024\/07\/17195503\/Fridge_Thumbnail__0036_DBMF100C1SLDB.jpg","width":1125,"height":1500},{"@type":"BreadcrumbList","itemListElement":[{"@type":"ListItem","position":1,"name":"Home","item":"https:\/\/www.danby.com\/fr\/"},{"@type":"ListItem","position":2,"name":"Boutique","item":"https:\/\/www.danby.com\/fr\/boutique\/"},{"@type":"ListItem","position":3,"name":"Danby R\u00e9frig\u00e9rateur d&#8217;appartement \u00e0 montage par le bas de 10 pi3 en acier inoxydable"}]},{"@type":"WebSite","url":"https:\/\/www.danby.com\/fr\/","name":"Danby - Canada - French","description":"Leader dans le domaine de la r\u00e9frig\u00e9ration et des appareils sp\u00e9cialis\u00e9s","publisher":[],"potentialAction":[{"@type":"SearchAction","target":{"@type":"EntryPoint","urlTemplate":"https:\/\/www.danby.com\/fr\/?s={search_term_string}"},"query-input":{"@type":"PropertyValueSpecification","valueRequired":true,"valueName":"search_term_string"}}],"inLanguage":"fr-CA"},{"@type":"Organization","name":"Danby Appliances","url":"https:\/\/www.danby.com\/fr\/","logo":{"@type":"ImageObject","inLanguage":"fr-CA","url":"https:\/\/cdnweb.danby.com\/wp-content\/uploads\/sites\/2\/2022\/02\/10141906\/Danby75Ans_Blue.png","contentUrl":"https:\/\/cdnweb.danby.com\/wp-content\/uploads\/sites\/2\/2022\/02\/10141906\/Danby75Ans_Blue.png","width":470,"height":110,"caption":"Danby Appliances"},"image":[],"sameAs":["https:\/\/www.facebook.com\/DanbyAppliances","https:\/\/x.com\/DanbyAppliance","https:\/\/instagram.com\/danbyappliances\/","https:\/\/www.linkedin.com\/company\/danbyappliances","https:\/\/www.pinterest.ca\/danbyappliances\/","https:\/\/www.youtube.com\/user\/DanbyProducts","https:\/\/en.wikipedia.org\/wiki\/Danby_(appliances)"]}]}},"post_mailing_queue_ids":[],"_links":{"self":[{"href":"https:\/\/www.danby.com\/fr\/wp-json\/wp\/v2\/product\/4701","targetHints":{"allow":["GET"]}}],"collection":[{"href":"https:\/\/www.danby.com\/fr\/wp-json\/wp\/v2\/product"}],"about":[{"href":"https:\/\/www.danby.com\/fr\/wp-json\/wp\/v2\/types\/product"}],"replies":[{"embeddable":true,"href":"https:\/\/www.danby.com\/fr\/wp-json\/wp\/v2\/comments?post=4701"}],"wp:featuredmedia":[{"embeddable":true,"href":"https:\/\/www.danby.com\/fr\/wp-json\/wp\/v2\/media\/27884"}],"wp:attachment":[{"href":"https:\/\/www.danby.com\/fr\/wp-json\/wp\/v2\/media?parent=4701"}],"wp:term":[{"taxonomy":"product_brand","embeddable":true,"href":"https:\/\/www.danby.com\/fr\/wp-json\/wp\/v2\/product_brand?post=4701"},{"taxonomy":"product_cat","embeddable":true,"href":"https:\/\/www.danby.com\/fr\/wp-json\/wp\/v2\/product_cat?post=4701"},{"taxonomy":"product_tag","embeddable":true,"href":"https:\/\/www.danby.com\/fr\/wp-json\/wp\/v2\/product_tag?post=4701"}],"curies":[{"name":"wp","href":"https:\/\/api.w.org\/{rel}","templated":true}]}}