{"id":4700,"date":"2022-02-03T19:14:23","date_gmt":"2022-02-03T19:14:23","guid":{"rendered":"https:\/\/www.danby.com\/fr\/product\/dbmf100b1wdb\/"},"modified":"2026-04-20T10:06:43","modified_gmt":"2026-04-20T10:06:43","slug":"dbmf100b1wdb","status":"publish","type":"product","link":"https:\/\/www.danby.com\/fr\/products\/refrigerateurs-pour-petites-surfaces\/dbmf100b1wdb\/","title":{"rendered":"Danby R\u00e9frig\u00e9rateur d&#8217;appartement \u00e0 montage par le bas de 10 pi3 en Blanc"},"content":{"rendered":"","protected":false},"excerpt":{"rendered":"<ul>\n<li>R\u00e9frig\u00e9rateur de fond d&#8217;une capacit\u00e9 de 291 L (10,3 pi3)<\/li>\n<li>certifi\u00e9 ENERGY STAR\u00ae<\/li>\n<li>R\u00e9frig\u00e9rant R600a <\/li>\n<li>2 tablettes en verre r\u00e9glables sur toute la largeur et 1 demi-largeur pour un rangement maximal<\/li>\n<li>3 \u00e9tag\u00e8res de porte<\/li>\n<li>Bac \u00e0 l\u00e9gumes et couvercle en verre tremp\u00e9<\/li>\n<li>Un \u00e9clairage LED blanc brillant illumine l&#8217;int\u00e9rieur<\/li>\n<li>La porte r\u00e9versible peut \u00eatre modifi\u00e9e pour une ouverture \u00e0 gauche ou \u00e0 droite<\/li>\n<li>Poign\u00e9e de porte int\u00e9gr\u00e9e<\/li>\n<li>Thermostat \u00e9lectronique<\/li>\n<\/ul>\n","protected":false},"featured_media":37657,"comment_status":"closed","ping_status":"open","template":"","meta":{"_acf_changed":false},"product_brand":[],"product_cat":[20],"product_tag":[],"class_list":{"0":"post-4700","1":"product","2":"type-product","3":"status-publish","4":"has-post-thumbnail","6":"product_cat-refrigerateurs-pour-petites-surfaces","8":"first","9":"instock","10":"taxable","11":"shipping-taxable","12":"purchasable","13":"product-type-simple"},"acf":[],"yoast_head":"<!-- This site is optimized with the Yoast SEO plugin v26.7 - https:\/\/yoast.com\/wordpress\/plugins\/seo\/ -->\n<title>Danby R\u00e9frig\u00e9rateur d&#039;appartement \u00e0 montage par le bas de 10 pi3 en Blanc - DBMF100B1WDB | Danby Canada<\/title>\n<meta name=\"description\" content=\"Parfait pour les appartements, les bureaux et les petits espaces de vie, ce r\u00e9frig\u00e9rateur de taille moyenne avec un cong\u00e9lateur en bas offre 10,3 pi3 (291 L) d&#039;espace de rangement. L&#039;int\u00e9rieur comprend trois tablettes de porte, deux tablettes et demie en verre dans le r\u00e9frig\u00e9rateur et un bac \u00e0 l\u00e9gumes, le tout \u00e9clair\u00e9 par un \u00e9clairage \u00e0 DEL. L&#039;ext\u00e9rieur \u00e9l\u00e9gant en acier inoxydable pr\u00e9sente un design fin, une ouverture sans poign\u00e9e, une porte r\u00e9versible pour une ouverture \u00e0 gauche ou \u00e0 droite, ainsi qu&#039;un dos affleurant, ce qui vous permet de le placer n&#039;importe o\u00f9 dans votre maison. Ce mod\u00e8le peut facilement servir de r\u00e9frig\u00e9rateur principal, ou de deuxi\u00e8me option pour augmenter la capacit\u00e9 de stockage. Il b\u00e9n\u00e9ficie d&#039;une garantie de 12 mois sur les pi\u00e8ces et la main-d&#039;\u0153uvre avec service \u00e0 domicile.\" \/>\n<meta name=\"robots\" content=\"index, follow, max-snippet:-1, max-image-preview:large, max-video-preview:-1\" \/>\n<link rel=\"canonical\" href=\"https:\/\/www.danby.com\/fr\/products\/refrigerateurs-pour-petites-surfaces\/dbmf100b1wdb\/\" \/>\n<meta property=\"og:locale\" content=\"fr_CA\" \/>\n<meta property=\"og:type\" content=\"article\" \/>\n<meta property=\"og:title\" content=\"Danby R\u00e9frig\u00e9rateur d&#039;appartement \u00e0 montage par le bas de 10 pi3 en Blanc - DBMF100B1WDB | Danby Canada\" \/>\n<meta property=\"og:description\" content=\"Parfait pour les appartements, les bureaux et les petits espaces de vie, ce r\u00e9frig\u00e9rateur de taille moyenne avec un cong\u00e9lateur en bas offre 10,3 pi3 (291 L) d&#039;espace de rangement. L&#039;int\u00e9rieur comprend trois tablettes de porte, deux tablettes et demie en verre dans le r\u00e9frig\u00e9rateur et un bac \u00e0 l\u00e9gumes, le tout \u00e9clair\u00e9 par un \u00e9clairage \u00e0 DEL. L&#039;ext\u00e9rieur \u00e9l\u00e9gant en acier inoxydable pr\u00e9sente un design fin, une ouverture sans poign\u00e9e, une porte r\u00e9versible pour une ouverture \u00e0 gauche ou \u00e0 droite, ainsi qu&#039;un dos affleurant, ce qui vous permet de le placer n&#039;importe o\u00f9 dans votre maison. Ce mod\u00e8le peut facilement servir de r\u00e9frig\u00e9rateur principal, ou de deuxi\u00e8me option pour augmenter la capacit\u00e9 de stockage. Il b\u00e9n\u00e9ficie d&#039;une garantie de 12 mois sur les pi\u00e8ces et la main-d&#039;\u0153uvre avec service \u00e0 domicile.\" \/>\n<meta property=\"og:url\" content=\"https:\/\/www.danby.com\/fr\/products\/refrigerateurs-pour-petites-surfaces\/dbmf100b1wdb\/\" \/>\n<meta property=\"og:site_name\" content=\"Danby - Canada - French\" \/>\n<meta property=\"article:publisher\" content=\"https:\/\/www.facebook.com\/DanbyAppliances\" \/>\n<meta property=\"article:modified_time\" content=\"2026-04-20T10:06:43+00:00\" \/>\n<meta property=\"og:image\" content=\"https:\/\/cdnweb.danby.com\/wp-content\/uploads\/sites\/2\/2023\/04\/28163138\/DBMF100B1WDB_FrontClosed-scaled.jpg\" \/>\n\t<meta property=\"og:image:width\" content=\"1707\" \/>\n\t<meta property=\"og:image:height\" content=\"2560\" \/>\n\t<meta property=\"og:image:type\" content=\"image\/jpeg\" \/>\n<meta name=\"twitter:card\" content=\"summary_large_image\" \/>\n<meta name=\"twitter:site\" content=\"@DanbyAppliance\" \/>\n<script type=\"application\/ld+json\" class=\"yoast-schema-graph\">{\"@context\":\"https:\/\/schema.org\",\"@graph\":[{\"@type\":[\"WebPage\",\"ItemPage\"],\"url\":\"https:\/\/www.danby.com\/fr\/products\/refrigerateurs-pour-petites-surfaces\/dbmf100b1wdb\/\",\"name\":\"Danby R\u00e9frig\u00e9rateur d'appartement \u00e0 montage par le bas de 10 pi3 en Blanc - DBMF100B1WDB | Danby Canada\",\"isPartOf\":[],\"primaryImageOfPage\":[],\"image\":[],\"thumbnailUrl\":\"https:\/\/www.danby.com\/fr\/wp-content\/uploads\/sites\/2\/2025\/12\/dbmf100b1wdb-front-closed.jpg\",\"datePublished\":\"2022-02-03T19:14:23+00:00\",\"dateModified\":\"2026-04-20T10:06:43+00:00\",\"description\":\"Parfait pour les appartements, les bureaux et les petits espaces de vie, ce r\u00e9frig\u00e9rateur de taille moyenne avec un cong\u00e9lateur en bas offre 10,3 pi3 (291 L) d'espace de rangement. L'int\u00e9rieur comprend trois tablettes de porte, deux tablettes et demie en verre dans le r\u00e9frig\u00e9rateur et un bac \u00e0 l\u00e9gumes, le tout \u00e9clair\u00e9 par un \u00e9clairage \u00e0 DEL. L'ext\u00e9rieur \u00e9l\u00e9gant en acier inoxydable pr\u00e9sente un design fin, une ouverture sans poign\u00e9e, une porte r\u00e9versible pour une ouverture \u00e0 gauche ou \u00e0 droite, ainsi qu'un dos affleurant, ce qui vous permet de le placer n'importe o\u00f9 dans votre maison. Ce mod\u00e8le peut facilement servir de r\u00e9frig\u00e9rateur principal, ou de deuxi\u00e8me option pour augmenter la capacit\u00e9 de stockage. Il b\u00e9n\u00e9ficie d'une garantie de 12 mois sur les pi\u00e8ces et la main-d'\u0153uvre avec service \u00e0 domicile.\",\"breadcrumb\":[],\"inLanguage\":\"fr-CA\",\"potentialAction\":[{\"@type\":\"ReadAction\",\"target\":[\"https:\/\/www.danby.com\/fr\/products\/refrigerateurs-pour-petites-surfaces\/dbmf100b1wdb\/\"]}]},{\"@type\":\"ImageObject\",\"inLanguage\":\"fr-CA\",\"url\":\"https:\/\/www.danby.com\/fr\/wp-content\/uploads\/sites\/2\/2025\/12\/dbmf100b1wdb-front-closed.jpg\",\"contentUrl\":\"https:\/\/www.danby.com\/fr\/wp-content\/uploads\/sites\/2\/2025\/12\/dbmf100b1wdb-front-closed.jpg\",\"width\":810,\"height\":1080},{\"@type\":\"BreadcrumbList\",\"itemListElement\":[{\"@type\":\"ListItem\",\"position\":1,\"name\":\"Home\",\"item\":\"https:\/\/www.danby.com\/fr\/\"},{\"@type\":\"ListItem\",\"position\":2,\"name\":\"Boutique\",\"item\":\"https:\/\/www.danby.com\/fr\/boutique\/\"},{\"@type\":\"ListItem\",\"position\":3,\"name\":\"Danby R\u00e9frig\u00e9rateur d&#8217;appartement \u00e0 montage par le bas de 10 pi3 en blanc\"}]},{\"@type\":\"WebSite\",\"url\":\"https:\/\/www.danby.com\/fr\/\",\"name\":\"Danby - Canada - French\",\"description\":\"Leader dans le domaine de la r\u00e9frig\u00e9ration et des appareils sp\u00e9cialis\u00e9s\",\"publisher\":[],\"potentialAction\":[{\"@type\":\"SearchAction\",\"target\":{\"@type\":\"EntryPoint\",\"urlTemplate\":\"https:\/\/www.danby.com\/fr\/?s={search_term_string}\"},\"query-input\":{\"@type\":\"PropertyValueSpecification\",\"valueRequired\":true,\"valueName\":\"search_term_string\"}}],\"inLanguage\":\"fr-CA\"},{\"@type\":\"Organization\",\"name\":\"Danby Appliances\",\"url\":\"https:\/\/www.danby.com\/fr\/\",\"logo\":{\"@type\":\"ImageObject\",\"inLanguage\":\"fr-CA\",\"url\":\"https:\/\/cdnweb.danby.com\/wp-content\/uploads\/sites\/2\/2022\/02\/10141906\/Danby75Ans_Blue.png\",\"contentUrl\":\"https:\/\/cdnweb.danby.com\/wp-content\/uploads\/sites\/2\/2022\/02\/10141906\/Danby75Ans_Blue.png\",\"width\":470,\"height\":110,\"caption\":\"Danby Appliances\"},\"image\":[],\"sameAs\":[\"https:\/\/www.facebook.com\/DanbyAppliances\",\"https:\/\/x.com\/DanbyAppliance\",\"https:\/\/instagram.com\/danbyappliances\/\",\"https:\/\/www.linkedin.com\/company\/danbyappliances\",\"https:\/\/www.pinterest.ca\/danbyappliances\/\",\"https:\/\/www.youtube.com\/user\/DanbyProducts\",\"https:\/\/en.wikipedia.org\/wiki\/Danby_(appliances)\"]}]}<\/script>\n<!-- \/ Yoast SEO plugin. -->","yoast_head_json":{"title":"Danby R\u00e9frig\u00e9rateur d'appartement \u00e0 montage par le bas de 10 pi3 en Blanc - DBMF100B1WDB | Danby Canada","description":"Parfait pour les appartements, les bureaux et les petits espaces de vie, ce r\u00e9frig\u00e9rateur de taille moyenne avec un cong\u00e9lateur en bas offre 10,3 pi3 (291 L) d'espace de rangement. L'int\u00e9rieur comprend trois tablettes de porte, deux tablettes et demie en verre dans le r\u00e9frig\u00e9rateur et un bac \u00e0 l\u00e9gumes, le tout \u00e9clair\u00e9 par un \u00e9clairage \u00e0 DEL. L'ext\u00e9rieur \u00e9l\u00e9gant en acier inoxydable pr\u00e9sente un design fin, une ouverture sans poign\u00e9e, une porte r\u00e9versible pour une ouverture \u00e0 gauche ou \u00e0 droite, ainsi qu'un dos affleurant, ce qui vous permet de le placer n'importe o\u00f9 dans votre maison. Ce mod\u00e8le peut facilement servir de r\u00e9frig\u00e9rateur principal, ou de deuxi\u00e8me option pour augmenter la capacit\u00e9 de stockage. Il b\u00e9n\u00e9ficie d'une garantie de 12 mois sur les pi\u00e8ces et la main-d'\u0153uvre avec service \u00e0 domicile.","robots":{"index":"index","follow":"follow","max-snippet":"max-snippet:-1","max-image-preview":"max-image-preview:large","max-video-preview":"max-video-preview:-1"},"canonical":"https:\/\/www.danby.com\/fr\/products\/refrigerateurs-pour-petites-surfaces\/dbmf100b1wdb\/","og_locale":"fr_CA","og_type":"article","og_title":"Danby R\u00e9frig\u00e9rateur d'appartement \u00e0 montage par le bas de 10 pi3 en Blanc - DBMF100B1WDB | Danby Canada","og_description":"Parfait pour les appartements, les bureaux et les petits espaces de vie, ce r\u00e9frig\u00e9rateur de taille moyenne avec un cong\u00e9lateur en bas offre 10,3 pi3 (291 L) d'espace de rangement. L'int\u00e9rieur comprend trois tablettes de porte, deux tablettes et demie en verre dans le r\u00e9frig\u00e9rateur et un bac \u00e0 l\u00e9gumes, le tout \u00e9clair\u00e9 par un \u00e9clairage \u00e0 DEL. L'ext\u00e9rieur \u00e9l\u00e9gant en acier inoxydable pr\u00e9sente un design fin, une ouverture sans poign\u00e9e, une porte r\u00e9versible pour une ouverture \u00e0 gauche ou \u00e0 droite, ainsi qu'un dos affleurant, ce qui vous permet de le placer n'importe o\u00f9 dans votre maison. Ce mod\u00e8le peut facilement servir de r\u00e9frig\u00e9rateur principal, ou de deuxi\u00e8me option pour augmenter la capacit\u00e9 de stockage. Il b\u00e9n\u00e9ficie d'une garantie de 12 mois sur les pi\u00e8ces et la main-d'\u0153uvre avec service \u00e0 domicile.","og_url":"https:\/\/www.danby.com\/fr\/products\/refrigerateurs-pour-petites-surfaces\/dbmf100b1wdb\/","og_site_name":"Danby - Canada - French","article_publisher":"https:\/\/www.facebook.com\/DanbyAppliances","article_modified_time":"2026-04-20T10:06:43+00:00","og_image":[{"width":1707,"height":2560,"url":"https:\/\/cdnweb.danby.com\/wp-content\/uploads\/sites\/2\/2023\/04\/28163138\/DBMF100B1WDB_FrontClosed-scaled.jpg","type":"image\/jpeg"}],"twitter_card":"summary_large_image","twitter_site":"@DanbyAppliance","schema":{"@context":"https:\/\/schema.org","@graph":[{"@type":["WebPage","ItemPage"],"url":"https:\/\/www.danby.com\/fr\/products\/refrigerateurs-pour-petites-surfaces\/dbmf100b1wdb\/","name":"Danby R\u00e9frig\u00e9rateur d'appartement \u00e0 montage par le bas de 10 pi3 en Blanc - DBMF100B1WDB | Danby Canada","isPartOf":[],"primaryImageOfPage":[],"image":[],"thumbnailUrl":"https:\/\/www.danby.com\/fr\/wp-content\/uploads\/sites\/2\/2025\/12\/dbmf100b1wdb-front-closed.jpg","datePublished":"2022-02-03T19:14:23+00:00","dateModified":"2026-04-20T10:06:43+00:00","description":"Parfait pour les appartements, les bureaux et les petits espaces de vie, ce r\u00e9frig\u00e9rateur de taille moyenne avec un cong\u00e9lateur en bas offre 10,3 pi3 (291 L) d'espace de rangement. L'int\u00e9rieur comprend trois tablettes de porte, deux tablettes et demie en verre dans le r\u00e9frig\u00e9rateur et un bac \u00e0 l\u00e9gumes, le tout \u00e9clair\u00e9 par un \u00e9clairage \u00e0 DEL. L'ext\u00e9rieur \u00e9l\u00e9gant en acier inoxydable pr\u00e9sente un design fin, une ouverture sans poign\u00e9e, une porte r\u00e9versible pour une ouverture \u00e0 gauche ou \u00e0 droite, ainsi qu'un dos affleurant, ce qui vous permet de le placer n'importe o\u00f9 dans votre maison. Ce mod\u00e8le peut facilement servir de r\u00e9frig\u00e9rateur principal, ou de deuxi\u00e8me option pour augmenter la capacit\u00e9 de stockage. Il b\u00e9n\u00e9ficie d'une garantie de 12 mois sur les pi\u00e8ces et la main-d'\u0153uvre avec service \u00e0 domicile.","breadcrumb":[],"inLanguage":"fr-CA","potentialAction":[{"@type":"ReadAction","target":["https:\/\/www.danby.com\/fr\/products\/refrigerateurs-pour-petites-surfaces\/dbmf100b1wdb\/"]}]},{"@type":"ImageObject","inLanguage":"fr-CA","url":"https:\/\/www.danby.com\/fr\/wp-content\/uploads\/sites\/2\/2025\/12\/dbmf100b1wdb-front-closed.jpg","contentUrl":"https:\/\/www.danby.com\/fr\/wp-content\/uploads\/sites\/2\/2025\/12\/dbmf100b1wdb-front-closed.jpg","width":810,"height":1080},{"@type":"BreadcrumbList","itemListElement":[{"@type":"ListItem","position":1,"name":"Home","item":"https:\/\/www.danby.com\/fr\/"},{"@type":"ListItem","position":2,"name":"Boutique","item":"https:\/\/www.danby.com\/fr\/boutique\/"},{"@type":"ListItem","position":3,"name":"Danby R\u00e9frig\u00e9rateur d&#8217;appartement \u00e0 montage par le bas de 10 pi3 en blanc"}]},{"@type":"WebSite","url":"https:\/\/www.danby.com\/fr\/","name":"Danby - Canada - French","description":"Leader dans le domaine de la r\u00e9frig\u00e9ration et des appareils sp\u00e9cialis\u00e9s","publisher":[],"potentialAction":[{"@type":"SearchAction","target":{"@type":"EntryPoint","urlTemplate":"https:\/\/www.danby.com\/fr\/?s={search_term_string}"},"query-input":{"@type":"PropertyValueSpecification","valueRequired":true,"valueName":"search_term_string"}}],"inLanguage":"fr-CA"},{"@type":"Organization","name":"Danby Appliances","url":"https:\/\/www.danby.com\/fr\/","logo":{"@type":"ImageObject","inLanguage":"fr-CA","url":"https:\/\/cdnweb.danby.com\/wp-content\/uploads\/sites\/2\/2022\/02\/10141906\/Danby75Ans_Blue.png","contentUrl":"https:\/\/cdnweb.danby.com\/wp-content\/uploads\/sites\/2\/2022\/02\/10141906\/Danby75Ans_Blue.png","width":470,"height":110,"caption":"Danby Appliances"},"image":[],"sameAs":["https:\/\/www.facebook.com\/DanbyAppliances","https:\/\/x.com\/DanbyAppliance","https:\/\/instagram.com\/danbyappliances\/","https:\/\/www.linkedin.com\/company\/danbyappliances","https:\/\/www.pinterest.ca\/danbyappliances\/","https:\/\/www.youtube.com\/user\/DanbyProducts","https:\/\/en.wikipedia.org\/wiki\/Danby_(appliances)"]}]}},"post_mailing_queue_ids":[],"_links":{"self":[{"href":"https:\/\/www.danby.com\/fr\/wp-json\/wp\/v2\/product\/4700","targetHints":{"allow":["GET"]}}],"collection":[{"href":"https:\/\/www.danby.com\/fr\/wp-json\/wp\/v2\/product"}],"about":[{"href":"https:\/\/www.danby.com\/fr\/wp-json\/wp\/v2\/types\/product"}],"replies":[{"embeddable":true,"href":"https:\/\/www.danby.com\/fr\/wp-json\/wp\/v2\/comments?post=4700"}],"wp:featuredmedia":[{"embeddable":true,"href":"https:\/\/www.danby.com\/fr\/wp-json\/wp\/v2\/media\/37657"}],"wp:attachment":[{"href":"https:\/\/www.danby.com\/fr\/wp-json\/wp\/v2\/media?parent=4700"}],"wp:term":[{"taxonomy":"product_brand","embeddable":true,"href":"https:\/\/www.danby.com\/fr\/wp-json\/wp\/v2\/product_brand?post=4700"},{"taxonomy":"product_cat","embeddable":true,"href":"https:\/\/www.danby.com\/fr\/wp-json\/wp\/v2\/product_cat?post=4700"},{"taxonomy":"product_tag","embeddable":true,"href":"https:\/\/www.danby.com\/fr\/wp-json\/wp\/v2\/product_tag?post=4700"}],"curies":[{"name":"wp","href":"https:\/\/api.w.org\/{rel}","templated":true}]}}