{"id":4697,"date":"2022-02-03T19:14:23","date_gmt":"2022-02-03T19:14:23","guid":{"rendered":"https:\/\/www.danby.com\/fr\/product\/dbm187e1ssdb\/"},"modified":"2026-05-02T10:07:52","modified_gmt":"2026-05-02T10:07:52","slug":"dbm187e1ssdb","status":"publish","type":"product","link":"https:\/\/www.danby.com\/fr\/products\/refrigerateurs-pour-petites-surfaces\/dbm187e1ssdb\/","title":{"rendered":"Danby Designer R\u00e9frig\u00e9rateur d&#8217;appartement de 18,7 pi3 \u00e0 montage par le bas en acier inoxydable"},"content":{"rendered":"","protected":false},"excerpt":{"rendered":"<ul>\n<li>Capacit\u00e9 familiale de 530 L (18,7 pi3) avec cong\u00e9lateur en bas.<\/li>\n<li>Certifi\u00e9 ENERGY STAR\u00ae, efficacit\u00e9 \u00e9nerg\u00e9tique pour vous aider \u00e0 \u00e9conomiser de l&#8217;argent sans sacrifier les performances<\/li>\n<li>La capacit\u00e9 du r\u00e9frig\u00e9rateur est de 13,07 pi3 et celle du cong\u00e9lateur de 5,62 pi3.<\/li>\n<li>Le refroidissement par ventilateur sans givre assure des temp\u00e9ratures uniformes dans tout le b\u00e2timent.<\/li>\n<li>Personnalisez et organisez avec 2 \u00e9tag\u00e8res en verre r\u00e9glables et 3 \u00e9tag\u00e8res de porte pour les articles fr\u00e9quemment utilis\u00e9s.<\/li>\n<li>Le compartiment cong\u00e9lateur comprend 2 \u00e9tag\u00e8res de porte et une \u00e9tag\u00e8re en fil m\u00e9tallique.<\/li>\n<li>Il comprend un tiroir \u00e0 l\u00e9gumes transparent pour les fruits et l\u00e9gumes.<\/li>\n<li>Thermostat \u00e9lectronique facile d&#8217;acc\u00e8s situ\u00e9 \u00e0 l&#8217;avant au centre<\/li>\n<li>Des lumi\u00e8res blanches \u00e0 2 LED \u00e9clairent l&#8217;int\u00e9rieur.<\/li>\n<li>Une charni\u00e8re de porte r\u00e9versible vous permet de r\u00e9gler l&#8217;ouverture de la porte pour les gauchers ou les droitiers.<\/li>\n<li>Tiroir de cong\u00e9lation extractible<\/li>\n<li>Garantie de 12 mois sur les pi\u00e8ces et la main d&#8217;\u0153uvre avec un service \u00e0 domicile.<\/li>\n<\/ul>\n","protected":false},"featured_media":37631,"comment_status":"closed","ping_status":"closed","template":"","meta":{"_acf_changed":false},"product_brand":[],"product_cat":[20],"product_tag":[],"class_list":{"0":"post-4697","1":"product","2":"type-product","3":"status-publish","4":"has-post-thumbnail","6":"product_cat-refrigerateurs-pour-petites-surfaces","8":"first","9":"instock","10":"taxable","11":"shipping-taxable","12":"product-type-simple"},"acf":[],"yoast_head":"<!-- This site is optimized with the Yoast SEO plugin v27.5 - https:\/\/yoast.com\/product\/yoast-seo-wordpress\/ -->\n<title>Danby Designer R\u00e9frig\u00e9rateur d&#039;appartement de 18,7 pi3 \u00e0 montage par le bas en acier inoxydable - DBM187E1SSDB | Danby Canada<\/title>\n<meta name=\"description\" content=\"D\u00e9couvrez le style et la simplicit\u00e9 du r\u00e9frig\u00e9rateur Danby de 18,7 pieds cubes (530 L) en acier inoxydable \u00e0 montage par le bas, parfait pour une grande famille dans un appartement, une maison de ville ou une maison ! R\u00e9duisez votre facture d&#039;\u00e9lectricit\u00e9 et faites des \u00e9conomies d&#039;\u00e9nergie avec ce mod\u00e8le class\u00e9 ENERGY STAR\u00ae. Le thermostat \u00e9lectronique est situ\u00e9 \u00e0 l&#039;avant et au centre et ce mod\u00e8le est dot\u00e9 d&#039;un syst\u00e8me de refroidissement par ventilateur sans givre, qui assure une temp\u00e9rature uniforme partout. \u00c9vitez l&#039;encombrement gr\u00e2ce aux deux tablettes r\u00e9glables et aux trois portes, qui offrent une polyvalence de rangement maximale. Prolongez la dur\u00e9e de conservation de vos produits en les rangeant dans les deux tiroirs \u00e0 l\u00e9gumes. Tous vos produits surgel\u00e9s pr\u00e9f\u00e9r\u00e9s peuvent \u00eatre rang\u00e9s gr\u00e2ce \u00e0 une \u00e9tag\u00e8re m\u00e9tallique pratique et \u00e0 des \u00e9tag\u00e8res \u00e0 deux portes, ce qui permet de garder votre cong\u00e9lateur accessible et organis\u00e9. Trouvez facilement vos \u0153ufs, l\u00e9gumes ou fruits gr\u00e2ce au syst\u00e8me d&#039;\u00e9clairage int\u00e9rieur \u00e0 DEL. L&#039;alarme d&#039;entreb\u00e2illement de la porte emp\u00eache la d\u00e9t\u00e9rioration des aliments dans le cas o\u00f9 la porte ne serait pas correctement ferm\u00e9e. Enfin, cet appareil \u00e9l\u00e9gant dispose d&#039;une charni\u00e8re r\u00e9versible astucieuse qui vous permet de le r\u00e9gler pour une ouverture \u00e0 droite ou \u00e0 gauche.\" \/>\n<meta name=\"robots\" content=\"index, follow, max-snippet:-1, max-image-preview:large, max-video-preview:-1\" \/>\n<link rel=\"canonical\" href=\"https:\/\/www.danby.com\/fr\/products\/refrigerateurs-pour-petites-surfaces\/dbm187e1ssdb\/\" \/>\n<meta property=\"og:locale\" content=\"fr_CA\" \/>\n<meta property=\"og:type\" content=\"article\" \/>\n<meta property=\"og:title\" content=\"Danby Designer R\u00e9frig\u00e9rateur d&#039;appartement de 18,7 pi3 \u00e0 montage par le bas en acier inoxydable - DBM187E1SSDB | Danby Canada\" \/>\n<meta property=\"og:description\" content=\"D\u00e9couvrez le style et la simplicit\u00e9 du r\u00e9frig\u00e9rateur Danby de 18,7 pieds cubes (530 L) en acier inoxydable \u00e0 montage par le bas, parfait pour une grande famille dans un appartement, une maison de ville ou une maison ! R\u00e9duisez votre facture d&#039;\u00e9lectricit\u00e9 et faites des \u00e9conomies d&#039;\u00e9nergie avec ce mod\u00e8le class\u00e9 ENERGY STAR\u00ae. Le thermostat \u00e9lectronique est situ\u00e9 \u00e0 l&#039;avant et au centre et ce mod\u00e8le est dot\u00e9 d&#039;un syst\u00e8me de refroidissement par ventilateur sans givre, qui assure une temp\u00e9rature uniforme partout. \u00c9vitez l&#039;encombrement gr\u00e2ce aux deux tablettes r\u00e9glables et aux trois portes, qui offrent une polyvalence de rangement maximale. Prolongez la dur\u00e9e de conservation de vos produits en les rangeant dans les deux tiroirs \u00e0 l\u00e9gumes. Tous vos produits surgel\u00e9s pr\u00e9f\u00e9r\u00e9s peuvent \u00eatre rang\u00e9s gr\u00e2ce \u00e0 une \u00e9tag\u00e8re m\u00e9tallique pratique et \u00e0 des \u00e9tag\u00e8res \u00e0 deux portes, ce qui permet de garder votre cong\u00e9lateur accessible et organis\u00e9. Trouvez facilement vos \u0153ufs, l\u00e9gumes ou fruits gr\u00e2ce au syst\u00e8me d&#039;\u00e9clairage int\u00e9rieur \u00e0 DEL. L&#039;alarme d&#039;entreb\u00e2illement de la porte emp\u00eache la d\u00e9t\u00e9rioration des aliments dans le cas o\u00f9 la porte ne serait pas correctement ferm\u00e9e. Enfin, cet appareil \u00e9l\u00e9gant dispose d&#039;une charni\u00e8re r\u00e9versible astucieuse qui vous permet de le r\u00e9gler pour une ouverture \u00e0 droite ou \u00e0 gauche.\" \/>\n<meta property=\"og:url\" content=\"https:\/\/www.danby.com\/fr\/products\/refrigerateurs-pour-petites-surfaces\/dbm187e1ssdb\/\" \/>\n<meta property=\"og:site_name\" content=\"Danby - Canada - French\" \/>\n<meta property=\"article:publisher\" content=\"https:\/\/www.facebook.com\/DanbyAppliances\" \/>\n<meta property=\"article:modified_time\" content=\"2026-05-02T10:07:52+00:00\" \/>\n<meta property=\"og:image\" content=\"https:\/\/cdnweb.danby.com\/wp-content\/uploads\/sites\/2\/2023\/04\/28195102\/DBM187E1SSDB_Front-scaled.jpg\" \/>\n\t<meta property=\"og:image:width\" content=\"1643\" \/>\n\t<meta property=\"og:image:height\" content=\"2560\" \/>\n\t<meta property=\"og:image:type\" content=\"image\/jpeg\" \/>\n<meta name=\"twitter:card\" content=\"summary_large_image\" \/>\n<meta name=\"twitter:site\" content=\"@DanbyAppliance\" \/>\n<script type=\"application\/ld+json\" class=\"yoast-schema-graph\">{\"@context\":\"https:\\\/\\\/schema.org\",\"@graph\":[{\"@type\":[\"WebPage\",\"ItemPage\"],\"url\":\"https:\\\/\\\/www.danby.com\\\/fr\\\/products\\\/refrigerateurs-pour-petites-surfaces\\\/dbm187e1ssdb\\\/\",\"name\":\"Danby Designer R\u00e9frig\u00e9rateur d'appartement de 18,7 pi3 \u00e0 montage par le bas en acier inoxydable - DBM187E1SSDB | Danby Canada\",\"isPartOf\":[],\"primaryImageOfPage\":[],\"image\":[],\"thumbnailUrl\":\"https:\\\/\\\/www.danby.com\\\/fr\\\/wp-content\\\/uploads\\\/sites\\\/2\\\/2025\\\/12\\\/dbm187e1ssdb-front.jpg\",\"datePublished\":\"2022-02-03T19:14:23+00:00\",\"dateModified\":\"2026-05-02T10:07:52+00:00\",\"description\":\"D\u00e9couvrez le style et la simplicit\u00e9 du r\u00e9frig\u00e9rateur Danby de 18,7 pieds cubes (530 L) en acier inoxydable \u00e0 montage par le bas, parfait pour une grande famille dans un appartement, une maison de ville ou une maison ! R\u00e9duisez votre facture d'\u00e9lectricit\u00e9 et faites des \u00e9conomies d'\u00e9nergie avec ce mod\u00e8le class\u00e9 ENERGY STAR\u00ae. Le thermostat \u00e9lectronique est situ\u00e9 \u00e0 l'avant et au centre et ce mod\u00e8le est dot\u00e9 d'un syst\u00e8me de refroidissement par ventilateur sans givre, qui assure une temp\u00e9rature uniforme partout. \u00c9vitez l'encombrement gr\u00e2ce aux deux tablettes r\u00e9glables et aux trois portes, qui offrent une polyvalence de rangement maximale. Prolongez la dur\u00e9e de conservation de vos produits en les rangeant dans les deux tiroirs \u00e0 l\u00e9gumes. Tous vos produits surgel\u00e9s pr\u00e9f\u00e9r\u00e9s peuvent \u00eatre rang\u00e9s gr\u00e2ce \u00e0 une \u00e9tag\u00e8re m\u00e9tallique pratique et \u00e0 des \u00e9tag\u00e8res \u00e0 deux portes, ce qui permet de garder votre cong\u00e9lateur accessible et organis\u00e9. Trouvez facilement vos \u0153ufs, l\u00e9gumes ou fruits gr\u00e2ce au syst\u00e8me d'\u00e9clairage int\u00e9rieur \u00e0 DEL. L'alarme d'entreb\u00e2illement de la porte emp\u00eache la d\u00e9t\u00e9rioration des aliments dans le cas o\u00f9 la porte ne serait pas correctement ferm\u00e9e. Enfin, cet appareil \u00e9l\u00e9gant dispose d'une charni\u00e8re r\u00e9versible astucieuse qui vous permet de le r\u00e9gler pour une ouverture \u00e0 droite ou \u00e0 gauche.\",\"breadcrumb\":[],\"inLanguage\":\"fr-CA\",\"potentialAction\":[{\"@type\":\"ReadAction\",\"target\":[\"https:\\\/\\\/www.danby.com\\\/fr\\\/products\\\/refrigerateurs-pour-petites-surfaces\\\/dbm187e1ssdb\\\/\"]}]},{\"@type\":\"ImageObject\",\"inLanguage\":\"fr-CA\",\"url\":\"https:\\\/\\\/www.danby.com\\\/fr\\\/wp-content\\\/uploads\\\/sites\\\/2\\\/2025\\\/12\\\/dbm187e1ssdb-front.jpg\",\"contentUrl\":\"https:\\\/\\\/www.danby.com\\\/fr\\\/wp-content\\\/uploads\\\/sites\\\/2\\\/2025\\\/12\\\/dbm187e1ssdb-front.jpg\",\"width\":810,\"height\":1080},{\"@type\":\"BreadcrumbList\",\"itemListElement\":[{\"@type\":\"ListItem\",\"position\":1,\"name\":\"Home\",\"item\":\"https:\\\/\\\/www.danby.com\\\/fr\\\/\"},{\"@type\":\"ListItem\",\"position\":2,\"name\":\"Boutique\",\"item\":\"https:\\\/\\\/www.danby.com\\\/fr\\\/boutique\\\/\"},{\"@type\":\"ListItem\",\"position\":3,\"name\":\"Danby Designer R\u00e9frig\u00e9rateur d&#8217;appartement de 18,7 pi3 \u00e0 montage par le bas en acier inoxydable\"}]},{\"@type\":\"WebSite\",\"url\":\"https:\\\/\\\/www.danby.com\\\/fr\\\/\",\"name\":\"Danby - Canada - French\",\"description\":\"Leader dans le domaine de la r\u00e9frig\u00e9ration et des appareils sp\u00e9cialis\u00e9s\",\"publisher\":[],\"potentialAction\":[{\"@type\":\"SearchAction\",\"target\":{\"@type\":\"EntryPoint\",\"urlTemplate\":\"https:\\\/\\\/www.danby.com\\\/fr\\\/?s={search_term_string}\"},\"query-input\":{\"@type\":\"PropertyValueSpecification\",\"valueRequired\":true,\"valueName\":\"search_term_string\"}}],\"inLanguage\":\"fr-CA\"},{\"@type\":\"Organization\",\"name\":\"Danby Appliances\",\"url\":\"https:\\\/\\\/www.danby.com\\\/fr\\\/\",\"logo\":{\"@type\":\"ImageObject\",\"inLanguage\":\"fr-CA\",\"url\":\"https:\\\/\\\/cdnweb.danby.com\\\/wp-content\\\/uploads\\\/sites\\\/2\\\/2022\\\/02\\\/10141906\\\/Danby75Ans_Blue.png\",\"contentUrl\":\"https:\\\/\\\/cdnweb.danby.com\\\/wp-content\\\/uploads\\\/sites\\\/2\\\/2022\\\/02\\\/10141906\\\/Danby75Ans_Blue.png\",\"width\":470,\"height\":110,\"caption\":\"Danby Appliances\"},\"image\":[],\"sameAs\":[\"https:\\\/\\\/www.facebook.com\\\/DanbyAppliances\",\"https:\\\/\\\/x.com\\\/DanbyAppliance\",\"https:\\\/\\\/instagram.com\\\/danbyappliances\\\/\",\"https:\\\/\\\/www.linkedin.com\\\/company\\\/danbyappliances\",\"https:\\\/\\\/www.pinterest.ca\\\/danbyappliances\\\/\",\"https:\\\/\\\/www.youtube.com\\\/user\\\/DanbyProducts\",\"https:\\\/\\\/en.wikipedia.org\\\/wiki\\\/Danby_(appliances)\"]}]}<\/script>\n<!-- \/ Yoast SEO plugin. -->","yoast_head_json":{"title":"Danby Designer R\u00e9frig\u00e9rateur d'appartement de 18,7 pi3 \u00e0 montage par le bas en acier inoxydable - DBM187E1SSDB | Danby Canada","description":"D\u00e9couvrez le style et la simplicit\u00e9 du r\u00e9frig\u00e9rateur Danby de 18,7 pieds cubes (530 L) en acier inoxydable \u00e0 montage par le bas, parfait pour une grande famille dans un appartement, une maison de ville ou une maison ! R\u00e9duisez votre facture d'\u00e9lectricit\u00e9 et faites des \u00e9conomies d'\u00e9nergie avec ce mod\u00e8le class\u00e9 ENERGY STAR\u00ae. Le thermostat \u00e9lectronique est situ\u00e9 \u00e0 l'avant et au centre et ce mod\u00e8le est dot\u00e9 d'un syst\u00e8me de refroidissement par ventilateur sans givre, qui assure une temp\u00e9rature uniforme partout. \u00c9vitez l'encombrement gr\u00e2ce aux deux tablettes r\u00e9glables et aux trois portes, qui offrent une polyvalence de rangement maximale. Prolongez la dur\u00e9e de conservation de vos produits en les rangeant dans les deux tiroirs \u00e0 l\u00e9gumes. Tous vos produits surgel\u00e9s pr\u00e9f\u00e9r\u00e9s peuvent \u00eatre rang\u00e9s gr\u00e2ce \u00e0 une \u00e9tag\u00e8re m\u00e9tallique pratique et \u00e0 des \u00e9tag\u00e8res \u00e0 deux portes, ce qui permet de garder votre cong\u00e9lateur accessible et organis\u00e9. Trouvez facilement vos \u0153ufs, l\u00e9gumes ou fruits gr\u00e2ce au syst\u00e8me d'\u00e9clairage int\u00e9rieur \u00e0 DEL. L'alarme d'entreb\u00e2illement de la porte emp\u00eache la d\u00e9t\u00e9rioration des aliments dans le cas o\u00f9 la porte ne serait pas correctement ferm\u00e9e. Enfin, cet appareil \u00e9l\u00e9gant dispose d'une charni\u00e8re r\u00e9versible astucieuse qui vous permet de le r\u00e9gler pour une ouverture \u00e0 droite ou \u00e0 gauche.","robots":{"index":"index","follow":"follow","max-snippet":"max-snippet:-1","max-image-preview":"max-image-preview:large","max-video-preview":"max-video-preview:-1"},"canonical":"https:\/\/www.danby.com\/fr\/products\/refrigerateurs-pour-petites-surfaces\/dbm187e1ssdb\/","og_locale":"fr_CA","og_type":"article","og_title":"Danby Designer R\u00e9frig\u00e9rateur d'appartement de 18,7 pi3 \u00e0 montage par le bas en acier inoxydable - DBM187E1SSDB | Danby Canada","og_description":"D\u00e9couvrez le style et la simplicit\u00e9 du r\u00e9frig\u00e9rateur Danby de 18,7 pieds cubes (530 L) en acier inoxydable \u00e0 montage par le bas, parfait pour une grande famille dans un appartement, une maison de ville ou une maison ! R\u00e9duisez votre facture d'\u00e9lectricit\u00e9 et faites des \u00e9conomies d'\u00e9nergie avec ce mod\u00e8le class\u00e9 ENERGY STAR\u00ae. Le thermostat \u00e9lectronique est situ\u00e9 \u00e0 l'avant et au centre et ce mod\u00e8le est dot\u00e9 d'un syst\u00e8me de refroidissement par ventilateur sans givre, qui assure une temp\u00e9rature uniforme partout. \u00c9vitez l'encombrement gr\u00e2ce aux deux tablettes r\u00e9glables et aux trois portes, qui offrent une polyvalence de rangement maximale. Prolongez la dur\u00e9e de conservation de vos produits en les rangeant dans les deux tiroirs \u00e0 l\u00e9gumes. Tous vos produits surgel\u00e9s pr\u00e9f\u00e9r\u00e9s peuvent \u00eatre rang\u00e9s gr\u00e2ce \u00e0 une \u00e9tag\u00e8re m\u00e9tallique pratique et \u00e0 des \u00e9tag\u00e8res \u00e0 deux portes, ce qui permet de garder votre cong\u00e9lateur accessible et organis\u00e9. Trouvez facilement vos \u0153ufs, l\u00e9gumes ou fruits gr\u00e2ce au syst\u00e8me d'\u00e9clairage int\u00e9rieur \u00e0 DEL. L'alarme d'entreb\u00e2illement de la porte emp\u00eache la d\u00e9t\u00e9rioration des aliments dans le cas o\u00f9 la porte ne serait pas correctement ferm\u00e9e. Enfin, cet appareil \u00e9l\u00e9gant dispose d'une charni\u00e8re r\u00e9versible astucieuse qui vous permet de le r\u00e9gler pour une ouverture \u00e0 droite ou \u00e0 gauche.","og_url":"https:\/\/www.danby.com\/fr\/products\/refrigerateurs-pour-petites-surfaces\/dbm187e1ssdb\/","og_site_name":"Danby - Canada - French","article_publisher":"https:\/\/www.facebook.com\/DanbyAppliances","article_modified_time":"2026-05-02T10:07:52+00:00","og_image":[{"width":1643,"height":2560,"url":"https:\/\/cdnweb.danby.com\/wp-content\/uploads\/sites\/2\/2023\/04\/28195102\/DBM187E1SSDB_Front-scaled.jpg","type":"image\/jpeg"}],"twitter_card":"summary_large_image","twitter_site":"@DanbyAppliance","schema":{"@context":"https:\/\/schema.org","@graph":[{"@type":["WebPage","ItemPage"],"url":"https:\/\/www.danby.com\/fr\/products\/refrigerateurs-pour-petites-surfaces\/dbm187e1ssdb\/","name":"Danby Designer R\u00e9frig\u00e9rateur d'appartement de 18,7 pi3 \u00e0 montage par le bas en acier inoxydable - DBM187E1SSDB | Danby Canada","isPartOf":[],"primaryImageOfPage":[],"image":[],"thumbnailUrl":"https:\/\/www.danby.com\/fr\/wp-content\/uploads\/sites\/2\/2025\/12\/dbm187e1ssdb-front.jpg","datePublished":"2022-02-03T19:14:23+00:00","dateModified":"2026-05-02T10:07:52+00:00","description":"D\u00e9couvrez le style et la simplicit\u00e9 du r\u00e9frig\u00e9rateur Danby de 18,7 pieds cubes (530 L) en acier inoxydable \u00e0 montage par le bas, parfait pour une grande famille dans un appartement, une maison de ville ou une maison ! R\u00e9duisez votre facture d'\u00e9lectricit\u00e9 et faites des \u00e9conomies d'\u00e9nergie avec ce mod\u00e8le class\u00e9 ENERGY STAR\u00ae. Le thermostat \u00e9lectronique est situ\u00e9 \u00e0 l'avant et au centre et ce mod\u00e8le est dot\u00e9 d'un syst\u00e8me de refroidissement par ventilateur sans givre, qui assure une temp\u00e9rature uniforme partout. \u00c9vitez l'encombrement gr\u00e2ce aux deux tablettes r\u00e9glables et aux trois portes, qui offrent une polyvalence de rangement maximale. Prolongez la dur\u00e9e de conservation de vos produits en les rangeant dans les deux tiroirs \u00e0 l\u00e9gumes. Tous vos produits surgel\u00e9s pr\u00e9f\u00e9r\u00e9s peuvent \u00eatre rang\u00e9s gr\u00e2ce \u00e0 une \u00e9tag\u00e8re m\u00e9tallique pratique et \u00e0 des \u00e9tag\u00e8res \u00e0 deux portes, ce qui permet de garder votre cong\u00e9lateur accessible et organis\u00e9. Trouvez facilement vos \u0153ufs, l\u00e9gumes ou fruits gr\u00e2ce au syst\u00e8me d'\u00e9clairage int\u00e9rieur \u00e0 DEL. L'alarme d'entreb\u00e2illement de la porte emp\u00eache la d\u00e9t\u00e9rioration des aliments dans le cas o\u00f9 la porte ne serait pas correctement ferm\u00e9e. Enfin, cet appareil \u00e9l\u00e9gant dispose d'une charni\u00e8re r\u00e9versible astucieuse qui vous permet de le r\u00e9gler pour une ouverture \u00e0 droite ou \u00e0 gauche.","breadcrumb":[],"inLanguage":"fr-CA","potentialAction":[{"@type":"ReadAction","target":["https:\/\/www.danby.com\/fr\/products\/refrigerateurs-pour-petites-surfaces\/dbm187e1ssdb\/"]}]},{"@type":"ImageObject","inLanguage":"fr-CA","url":"https:\/\/www.danby.com\/fr\/wp-content\/uploads\/sites\/2\/2025\/12\/dbm187e1ssdb-front.jpg","contentUrl":"https:\/\/www.danby.com\/fr\/wp-content\/uploads\/sites\/2\/2025\/12\/dbm187e1ssdb-front.jpg","width":810,"height":1080},{"@type":"BreadcrumbList","itemListElement":[{"@type":"ListItem","position":1,"name":"Home","item":"https:\/\/www.danby.com\/fr\/"},{"@type":"ListItem","position":2,"name":"Boutique","item":"https:\/\/www.danby.com\/fr\/boutique\/"},{"@type":"ListItem","position":3,"name":"Danby Designer R\u00e9frig\u00e9rateur d&#8217;appartement de 18,7 pi3 \u00e0 montage par le bas en acier inoxydable"}]},{"@type":"WebSite","url":"https:\/\/www.danby.com\/fr\/","name":"Danby - Canada - French","description":"Leader dans le domaine de la r\u00e9frig\u00e9ration et des appareils sp\u00e9cialis\u00e9s","publisher":[],"potentialAction":[{"@type":"SearchAction","target":{"@type":"EntryPoint","urlTemplate":"https:\/\/www.danby.com\/fr\/?s={search_term_string}"},"query-input":{"@type":"PropertyValueSpecification","valueRequired":true,"valueName":"search_term_string"}}],"inLanguage":"fr-CA"},{"@type":"Organization","name":"Danby Appliances","url":"https:\/\/www.danby.com\/fr\/","logo":{"@type":"ImageObject","inLanguage":"fr-CA","url":"https:\/\/cdnweb.danby.com\/wp-content\/uploads\/sites\/2\/2022\/02\/10141906\/Danby75Ans_Blue.png","contentUrl":"https:\/\/cdnweb.danby.com\/wp-content\/uploads\/sites\/2\/2022\/02\/10141906\/Danby75Ans_Blue.png","width":470,"height":110,"caption":"Danby Appliances"},"image":[],"sameAs":["https:\/\/www.facebook.com\/DanbyAppliances","https:\/\/x.com\/DanbyAppliance","https:\/\/instagram.com\/danbyappliances\/","https:\/\/www.linkedin.com\/company\/danbyappliances","https:\/\/www.pinterest.ca\/danbyappliances\/","https:\/\/www.youtube.com\/user\/DanbyProducts","https:\/\/en.wikipedia.org\/wiki\/Danby_(appliances)"]}]}},"post_mailing_queue_ids":[],"_links":{"self":[{"href":"https:\/\/www.danby.com\/fr\/wp-json\/wp\/v2\/product\/4697","targetHints":{"allow":["GET"]}}],"collection":[{"href":"https:\/\/www.danby.com\/fr\/wp-json\/wp\/v2\/product"}],"about":[{"href":"https:\/\/www.danby.com\/fr\/wp-json\/wp\/v2\/types\/product"}],"replies":[{"embeddable":true,"href":"https:\/\/www.danby.com\/fr\/wp-json\/wp\/v2\/comments?post=4697"}],"wp:featuredmedia":[{"embeddable":true,"href":"https:\/\/www.danby.com\/fr\/wp-json\/wp\/v2\/media\/37631"}],"wp:attachment":[{"href":"https:\/\/www.danby.com\/fr\/wp-json\/wp\/v2\/media?parent=4697"}],"wp:term":[{"taxonomy":"product_brand","embeddable":true,"href":"https:\/\/www.danby.com\/fr\/wp-json\/wp\/v2\/product_brand?post=4697"},{"taxonomy":"product_cat","embeddable":true,"href":"https:\/\/www.danby.com\/fr\/wp-json\/wp\/v2\/product_cat?post=4697"},{"taxonomy":"product_tag","embeddable":true,"href":"https:\/\/www.danby.com\/fr\/wp-json\/wp\/v2\/product_tag?post=4697"}],"curies":[{"name":"wp","href":"https:\/\/api.w.org\/{rel}","templated":true}]}}