{"id":4696,"date":"2022-02-03T19:14:23","date_gmt":"2022-02-03T19:14:23","guid":{"rendered":"https:\/\/www.danby.com\/fr\/product\/dbl25c1bssdb\/"},"modified":"2026-04-25T10:08:42","modified_gmt":"2026-04-25T10:08:42","slug":"dbl25c1bssdb","status":"publish","type":"product","link":"https:\/\/www.danby.com\/fr\/products\/petits-appareils\/dbl25c1bssdb\/","title":{"rendered":"Danby Blender sp\u00e9cial smoothie de 600mL en Acier Inoxydable"},"content":{"rendered":"","protected":false},"excerpt":{"rendered":"<ul>\n<li>250 watts avec des lames en acier inoxydable<\/li>\n<li>Comprend deux bouteilles de sport de 600 ml sans BPA avec couvercles.<\/li>\n<li>Poign\u00e9e pratique sur le couvercle<\/li>\n<li>Bouteilles, couvercles et composants du mixeur lavables au lave-vaisselle pour un nettoyage rapide et facile.<\/li>\n<\/ul>\n","protected":false},"featured_media":35396,"comment_status":"closed","ping_status":"closed","template":"","meta":{"_acf_changed":false},"product_brand":[],"product_cat":[157,1449],"product_tag":[],"class_list":{"0":"post-4696","1":"product","2":"type-product","3":"status-publish","4":"has-post-thumbnail","6":"product_cat-petits-appareils","7":"product_cat-sales","9":"first","10":"instock","11":"sale","12":"taxable","13":"shipping-taxable","14":"purchasable","15":"product-type-simple"},"acf":[],"yoast_head":"<!-- This site is optimized with the Yoast SEO plugin v27.4 - https:\/\/yoast.com\/product\/yoast-seo-wordpress\/ -->\n<title>Danby Blender sp\u00e9cial smoothie de 600mL en Acier Inoxydable - DBL25C1BSSDB | Danby Canada<\/title>\n<meta name=\"description\" content=\"Prendre son petit-d\u00e9jeuner \u00e0 la va-vite ou faire des \u00e9conomies sur sa sant\u00e9 avec les boissons des distributeurs automatiques n&#039;est pas une fa\u00e7on de commencer la journ\u00e9e ou d&#039;avoir un mode de vie sain. Investissez plut\u00f4t dans un m\u00e9langeur de format personnel qui vous permet de prendre facilement une boisson nutritive sur le pouce. En effet, le Danby Smoothie Blender offre toutes les saveurs d\u00e9licieuses des smoothies et des boissons glac\u00e9es des restaurants \u00e0 une fraction du prix. De plus, ce petit blender vous permet de personnaliser vos recettes, de perfectionner vos talents de mixeur et de contr\u00f4ler vos portions - tout cela en un seul appareil. Avec sa puissance de 250 watts, ses lames en acier inoxydable durables et son action de mixage par impulsions, il est parfaitement \u00e9quip\u00e9 pour pr\u00e9parer une vari\u00e9t\u00e9 de smoothies, de shakes et autres boissons savoureuses. Ne vous laissez pas tromper par son design peu encombrant. Le r\u00e9cipient de mixage polyvalent fonctionne comme un pot de m\u00e9lange une minute et se transforme en tasse de voyage portable avec couvercle amovible la minute suivante.\" \/>\n<meta name=\"robots\" content=\"index, follow, max-snippet:-1, max-image-preview:large, max-video-preview:-1\" \/>\n<link rel=\"canonical\" href=\"https:\/\/www.danby.com\/fr\/products\/petits-appareils\/dbl25c1bssdb\/\" \/>\n<meta property=\"og:locale\" content=\"fr_CA\" \/>\n<meta property=\"og:type\" content=\"article\" \/>\n<meta property=\"og:title\" content=\"Danby Blender sp\u00e9cial smoothie de 600mL en Acier Inoxydable - DBL25C1BSSDB | Danby Canada\" \/>\n<meta property=\"og:description\" content=\"Prendre son petit-d\u00e9jeuner \u00e0 la va-vite ou faire des \u00e9conomies sur sa sant\u00e9 avec les boissons des distributeurs automatiques n&#039;est pas une fa\u00e7on de commencer la journ\u00e9e ou d&#039;avoir un mode de vie sain. Investissez plut\u00f4t dans un m\u00e9langeur de format personnel qui vous permet de prendre facilement une boisson nutritive sur le pouce. En effet, le Danby Smoothie Blender offre toutes les saveurs d\u00e9licieuses des smoothies et des boissons glac\u00e9es des restaurants \u00e0 une fraction du prix. De plus, ce petit blender vous permet de personnaliser vos recettes, de perfectionner vos talents de mixeur et de contr\u00f4ler vos portions - tout cela en un seul appareil. Avec sa puissance de 250 watts, ses lames en acier inoxydable durables et son action de mixage par impulsions, il est parfaitement \u00e9quip\u00e9 pour pr\u00e9parer une vari\u00e9t\u00e9 de smoothies, de shakes et autres boissons savoureuses. Ne vous laissez pas tromper par son design peu encombrant. Le r\u00e9cipient de mixage polyvalent fonctionne comme un pot de m\u00e9lange une minute et se transforme en tasse de voyage portable avec couvercle amovible la minute suivante.\" \/>\n<meta property=\"og:url\" content=\"https:\/\/www.danby.com\/fr\/products\/petits-appareils\/dbl25c1bssdb\/\" \/>\n<meta property=\"og:site_name\" content=\"Danby - Canada - French\" \/>\n<meta property=\"article:publisher\" content=\"https:\/\/www.facebook.com\/DanbyAppliances\" \/>\n<meta property=\"article:modified_time\" content=\"2026-04-25T10:08:42+00:00\" \/>\n<meta property=\"og:image\" content=\"https:\/\/cdnweb.danby.com\/wp-content\/uploads\/sites\/2\/2022\/02\/08195943\/DBL25C1BSSDB-Featured.jpg\" \/>\n\t<meta property=\"og:image:width\" content=\"1440\" \/>\n\t<meta property=\"og:image:height\" content=\"1920\" \/>\n\t<meta property=\"og:image:type\" content=\"image\/jpeg\" \/>\n<meta name=\"twitter:card\" content=\"summary_large_image\" \/>\n<meta name=\"twitter:site\" content=\"@DanbyAppliance\" \/>\n<script type=\"application\/ld+json\" class=\"yoast-schema-graph\">{\"@context\":\"https:\\\/\\\/schema.org\",\"@graph\":[{\"@type\":[\"WebPage\",\"ItemPage\"],\"url\":\"https:\\\/\\\/www.danby.com\\\/fr\\\/products\\\/petits-appareils\\\/dbl25c1bssdb\\\/\",\"name\":\"Danby Blender sp\u00e9cial smoothie de 600mL en Acier Inoxydable - DBL25C1BSSDB | Danby Canada\",\"isPartOf\":[],\"primaryImageOfPage\":[],\"image\":[],\"thumbnailUrl\":\"https:\\\/\\\/www.danby.com\\\/fr\\\/wp-content\\\/uploads\\\/sites\\\/2\\\/2025\\\/10\\\/dbl25c1bssdb-thumbnail.jpg\",\"datePublished\":\"2022-02-03T19:14:23+00:00\",\"dateModified\":\"2026-04-25T10:08:42+00:00\",\"description\":\"Prendre son petit-d\u00e9jeuner \u00e0 la va-vite ou faire des \u00e9conomies sur sa sant\u00e9 avec les boissons des distributeurs automatiques n'est pas une fa\u00e7on de commencer la journ\u00e9e ou d'avoir un mode de vie sain. Investissez plut\u00f4t dans un m\u00e9langeur de format personnel qui vous permet de prendre facilement une boisson nutritive sur le pouce. En effet, le Danby Smoothie Blender offre toutes les saveurs d\u00e9licieuses des smoothies et des boissons glac\u00e9es des restaurants \u00e0 une fraction du prix. De plus, ce petit blender vous permet de personnaliser vos recettes, de perfectionner vos talents de mixeur et de contr\u00f4ler vos portions - tout cela en un seul appareil. Avec sa puissance de 250 watts, ses lames en acier inoxydable durables et son action de mixage par impulsions, il est parfaitement \u00e9quip\u00e9 pour pr\u00e9parer une vari\u00e9t\u00e9 de smoothies, de shakes et autres boissons savoureuses. Ne vous laissez pas tromper par son design peu encombrant. Le r\u00e9cipient de mixage polyvalent fonctionne comme un pot de m\u00e9lange une minute et se transforme en tasse de voyage portable avec couvercle amovible la minute suivante.\",\"breadcrumb\":[],\"inLanguage\":\"fr-CA\",\"potentialAction\":[{\"@type\":\"ReadAction\",\"target\":[\"https:\\\/\\\/www.danby.com\\\/fr\\\/products\\\/petits-appareils\\\/dbl25c1bssdb\\\/\"]}]},{\"@type\":\"ImageObject\",\"inLanguage\":\"fr-CA\",\"url\":\"https:\\\/\\\/www.danby.com\\\/fr\\\/wp-content\\\/uploads\\\/sites\\\/2\\\/2025\\\/10\\\/dbl25c1bssdb-thumbnail.jpg\",\"contentUrl\":\"https:\\\/\\\/www.danby.com\\\/fr\\\/wp-content\\\/uploads\\\/sites\\\/2\\\/2025\\\/10\\\/dbl25c1bssdb-thumbnail.jpg\",\"width\":768,\"height\":1024},{\"@type\":\"BreadcrumbList\",\"itemListElement\":[{\"@type\":\"ListItem\",\"position\":1,\"name\":\"Home\",\"item\":\"https:\\\/\\\/www.danby.com\\\/fr\\\/\"},{\"@type\":\"ListItem\",\"position\":2,\"name\":\"Boutique\",\"item\":\"https:\\\/\\\/www.danby.com\\\/fr\\\/boutique\\\/\"},{\"@type\":\"ListItem\",\"position\":3,\"name\":\"M\u00e9langeur \u00e0 smoothie Danby 600mL Sp\u00e9cialit\u00e9\"}]},{\"@type\":\"WebSite\",\"url\":\"https:\\\/\\\/www.danby.com\\\/fr\\\/\",\"name\":\"Danby - Canada - French\",\"description\":\"Leader dans le domaine de la r\u00e9frig\u00e9ration et des appareils sp\u00e9cialis\u00e9s\",\"publisher\":[],\"potentialAction\":[{\"@type\":\"SearchAction\",\"target\":{\"@type\":\"EntryPoint\",\"urlTemplate\":\"https:\\\/\\\/www.danby.com\\\/fr\\\/?s={search_term_string}\"},\"query-input\":{\"@type\":\"PropertyValueSpecification\",\"valueRequired\":true,\"valueName\":\"search_term_string\"}}],\"inLanguage\":\"fr-CA\"},{\"@type\":\"Organization\",\"name\":\"Danby Appliances\",\"url\":\"https:\\\/\\\/www.danby.com\\\/fr\\\/\",\"logo\":{\"@type\":\"ImageObject\",\"inLanguage\":\"fr-CA\",\"url\":\"https:\\\/\\\/cdnweb.danby.com\\\/wp-content\\\/uploads\\\/sites\\\/2\\\/2022\\\/02\\\/10141906\\\/Danby75Ans_Blue.png\",\"contentUrl\":\"https:\\\/\\\/cdnweb.danby.com\\\/wp-content\\\/uploads\\\/sites\\\/2\\\/2022\\\/02\\\/10141906\\\/Danby75Ans_Blue.png\",\"width\":470,\"height\":110,\"caption\":\"Danby Appliances\"},\"image\":[],\"sameAs\":[\"https:\\\/\\\/www.facebook.com\\\/DanbyAppliances\",\"https:\\\/\\\/x.com\\\/DanbyAppliance\",\"https:\\\/\\\/instagram.com\\\/danbyappliances\\\/\",\"https:\\\/\\\/www.linkedin.com\\\/company\\\/danbyappliances\",\"https:\\\/\\\/www.pinterest.ca\\\/danbyappliances\\\/\",\"https:\\\/\\\/www.youtube.com\\\/user\\\/DanbyProducts\",\"https:\\\/\\\/en.wikipedia.org\\\/wiki\\\/Danby_(appliances)\"]}]}<\/script>\n<!-- \/ Yoast SEO plugin. -->","yoast_head_json":{"title":"Danby Blender sp\u00e9cial smoothie de 600mL en Acier Inoxydable - DBL25C1BSSDB | Danby Canada","description":"Prendre son petit-d\u00e9jeuner \u00e0 la va-vite ou faire des \u00e9conomies sur sa sant\u00e9 avec les boissons des distributeurs automatiques n'est pas une fa\u00e7on de commencer la journ\u00e9e ou d'avoir un mode de vie sain. Investissez plut\u00f4t dans un m\u00e9langeur de format personnel qui vous permet de prendre facilement une boisson nutritive sur le pouce. En effet, le Danby Smoothie Blender offre toutes les saveurs d\u00e9licieuses des smoothies et des boissons glac\u00e9es des restaurants \u00e0 une fraction du prix. De plus, ce petit blender vous permet de personnaliser vos recettes, de perfectionner vos talents de mixeur et de contr\u00f4ler vos portions - tout cela en un seul appareil. Avec sa puissance de 250 watts, ses lames en acier inoxydable durables et son action de mixage par impulsions, il est parfaitement \u00e9quip\u00e9 pour pr\u00e9parer une vari\u00e9t\u00e9 de smoothies, de shakes et autres boissons savoureuses. Ne vous laissez pas tromper par son design peu encombrant. Le r\u00e9cipient de mixage polyvalent fonctionne comme un pot de m\u00e9lange une minute et se transforme en tasse de voyage portable avec couvercle amovible la minute suivante.","robots":{"index":"index","follow":"follow","max-snippet":"max-snippet:-1","max-image-preview":"max-image-preview:large","max-video-preview":"max-video-preview:-1"},"canonical":"https:\/\/www.danby.com\/fr\/products\/petits-appareils\/dbl25c1bssdb\/","og_locale":"fr_CA","og_type":"article","og_title":"Danby Blender sp\u00e9cial smoothie de 600mL en Acier Inoxydable - DBL25C1BSSDB | Danby Canada","og_description":"Prendre son petit-d\u00e9jeuner \u00e0 la va-vite ou faire des \u00e9conomies sur sa sant\u00e9 avec les boissons des distributeurs automatiques n'est pas une fa\u00e7on de commencer la journ\u00e9e ou d'avoir un mode de vie sain. Investissez plut\u00f4t dans un m\u00e9langeur de format personnel qui vous permet de prendre facilement une boisson nutritive sur le pouce. En effet, le Danby Smoothie Blender offre toutes les saveurs d\u00e9licieuses des smoothies et des boissons glac\u00e9es des restaurants \u00e0 une fraction du prix. De plus, ce petit blender vous permet de personnaliser vos recettes, de perfectionner vos talents de mixeur et de contr\u00f4ler vos portions - tout cela en un seul appareil. Avec sa puissance de 250 watts, ses lames en acier inoxydable durables et son action de mixage par impulsions, il est parfaitement \u00e9quip\u00e9 pour pr\u00e9parer une vari\u00e9t\u00e9 de smoothies, de shakes et autres boissons savoureuses. Ne vous laissez pas tromper par son design peu encombrant. Le r\u00e9cipient de mixage polyvalent fonctionne comme un pot de m\u00e9lange une minute et se transforme en tasse de voyage portable avec couvercle amovible la minute suivante.","og_url":"https:\/\/www.danby.com\/fr\/products\/petits-appareils\/dbl25c1bssdb\/","og_site_name":"Danby - Canada - French","article_publisher":"https:\/\/www.facebook.com\/DanbyAppliances","article_modified_time":"2026-04-25T10:08:42+00:00","og_image":[{"width":1440,"height":1920,"url":"https:\/\/cdnweb.danby.com\/wp-content\/uploads\/sites\/2\/2022\/02\/08195943\/DBL25C1BSSDB-Featured.jpg","type":"image\/jpeg"}],"twitter_card":"summary_large_image","twitter_site":"@DanbyAppliance","schema":{"@context":"https:\/\/schema.org","@graph":[{"@type":["WebPage","ItemPage"],"url":"https:\/\/www.danby.com\/fr\/products\/petits-appareils\/dbl25c1bssdb\/","name":"Danby Blender sp\u00e9cial smoothie de 600mL en Acier Inoxydable - DBL25C1BSSDB | Danby Canada","isPartOf":[],"primaryImageOfPage":[],"image":[],"thumbnailUrl":"https:\/\/www.danby.com\/fr\/wp-content\/uploads\/sites\/2\/2025\/10\/dbl25c1bssdb-thumbnail.jpg","datePublished":"2022-02-03T19:14:23+00:00","dateModified":"2026-04-25T10:08:42+00:00","description":"Prendre son petit-d\u00e9jeuner \u00e0 la va-vite ou faire des \u00e9conomies sur sa sant\u00e9 avec les boissons des distributeurs automatiques n'est pas une fa\u00e7on de commencer la journ\u00e9e ou d'avoir un mode de vie sain. Investissez plut\u00f4t dans un m\u00e9langeur de format personnel qui vous permet de prendre facilement une boisson nutritive sur le pouce. En effet, le Danby Smoothie Blender offre toutes les saveurs d\u00e9licieuses des smoothies et des boissons glac\u00e9es des restaurants \u00e0 une fraction du prix. De plus, ce petit blender vous permet de personnaliser vos recettes, de perfectionner vos talents de mixeur et de contr\u00f4ler vos portions - tout cela en un seul appareil. Avec sa puissance de 250 watts, ses lames en acier inoxydable durables et son action de mixage par impulsions, il est parfaitement \u00e9quip\u00e9 pour pr\u00e9parer une vari\u00e9t\u00e9 de smoothies, de shakes et autres boissons savoureuses. Ne vous laissez pas tromper par son design peu encombrant. Le r\u00e9cipient de mixage polyvalent fonctionne comme un pot de m\u00e9lange une minute et se transforme en tasse de voyage portable avec couvercle amovible la minute suivante.","breadcrumb":[],"inLanguage":"fr-CA","potentialAction":[{"@type":"ReadAction","target":["https:\/\/www.danby.com\/fr\/products\/petits-appareils\/dbl25c1bssdb\/"]}]},{"@type":"ImageObject","inLanguage":"fr-CA","url":"https:\/\/www.danby.com\/fr\/wp-content\/uploads\/sites\/2\/2025\/10\/dbl25c1bssdb-thumbnail.jpg","contentUrl":"https:\/\/www.danby.com\/fr\/wp-content\/uploads\/sites\/2\/2025\/10\/dbl25c1bssdb-thumbnail.jpg","width":768,"height":1024},{"@type":"BreadcrumbList","itemListElement":[{"@type":"ListItem","position":1,"name":"Home","item":"https:\/\/www.danby.com\/fr\/"},{"@type":"ListItem","position":2,"name":"Boutique","item":"https:\/\/www.danby.com\/fr\/boutique\/"},{"@type":"ListItem","position":3,"name":"M\u00e9langeur \u00e0 smoothie Danby 600mL Sp\u00e9cialit\u00e9"}]},{"@type":"WebSite","url":"https:\/\/www.danby.com\/fr\/","name":"Danby - Canada - French","description":"Leader dans le domaine de la r\u00e9frig\u00e9ration et des appareils sp\u00e9cialis\u00e9s","publisher":[],"potentialAction":[{"@type":"SearchAction","target":{"@type":"EntryPoint","urlTemplate":"https:\/\/www.danby.com\/fr\/?s={search_term_string}"},"query-input":{"@type":"PropertyValueSpecification","valueRequired":true,"valueName":"search_term_string"}}],"inLanguage":"fr-CA"},{"@type":"Organization","name":"Danby Appliances","url":"https:\/\/www.danby.com\/fr\/","logo":{"@type":"ImageObject","inLanguage":"fr-CA","url":"https:\/\/cdnweb.danby.com\/wp-content\/uploads\/sites\/2\/2022\/02\/10141906\/Danby75Ans_Blue.png","contentUrl":"https:\/\/cdnweb.danby.com\/wp-content\/uploads\/sites\/2\/2022\/02\/10141906\/Danby75Ans_Blue.png","width":470,"height":110,"caption":"Danby Appliances"},"image":[],"sameAs":["https:\/\/www.facebook.com\/DanbyAppliances","https:\/\/x.com\/DanbyAppliance","https:\/\/instagram.com\/danbyappliances\/","https:\/\/www.linkedin.com\/company\/danbyappliances","https:\/\/www.pinterest.ca\/danbyappliances\/","https:\/\/www.youtube.com\/user\/DanbyProducts","https:\/\/en.wikipedia.org\/wiki\/Danby_(appliances)"]}]}},"post_mailing_queue_ids":[],"_links":{"self":[{"href":"https:\/\/www.danby.com\/fr\/wp-json\/wp\/v2\/product\/4696","targetHints":{"allow":["GET"]}}],"collection":[{"href":"https:\/\/www.danby.com\/fr\/wp-json\/wp\/v2\/product"}],"about":[{"href":"https:\/\/www.danby.com\/fr\/wp-json\/wp\/v2\/types\/product"}],"replies":[{"embeddable":true,"href":"https:\/\/www.danby.com\/fr\/wp-json\/wp\/v2\/comments?post=4696"}],"wp:featuredmedia":[{"embeddable":true,"href":"https:\/\/www.danby.com\/fr\/wp-json\/wp\/v2\/media\/35396"}],"wp:attachment":[{"href":"https:\/\/www.danby.com\/fr\/wp-json\/wp\/v2\/media?parent=4696"}],"wp:term":[{"taxonomy":"product_brand","embeddable":true,"href":"https:\/\/www.danby.com\/fr\/wp-json\/wp\/v2\/product_brand?post=4696"},{"taxonomy":"product_cat","embeddable":true,"href":"https:\/\/www.danby.com\/fr\/wp-json\/wp\/v2\/product_cat?post=4696"},{"taxonomy":"product_tag","embeddable":true,"href":"https:\/\/www.danby.com\/fr\/wp-json\/wp\/v2\/product_tag?post=4696"}],"curies":[{"name":"wp","href":"https:\/\/api.w.org\/{rel}","templated":true}]}}