{"id":4690,"date":"2022-02-03T19:14:23","date_gmt":"2022-02-03T19:14:23","guid":{"rendered":"https:\/\/www.danby.com\/fr\/product\/dbc120cbls\/"},"modified":"2026-04-09T10:05:58","modified_gmt":"2026-04-09T10:05:58","slug":"dbc120cbls","status":"publish","type":"product","link":"https:\/\/www.danby.com\/fr\/products\/refroidisseurs-de-boissons\/dbc120cbls\/","title":{"rendered":"Centre de boissons Danby d&#8217;une capacit\u00e9 de 120 canettes (355 ml)"},"content":{"rendered":"","protected":false},"excerpt":{"rendered":"<ul>\n<li>Centre de boissons de 3,3 pi3. le centre de boissons peut contenir jusqu&#8217;\u00e0 120 canettes de soda (12 oz \/355 ml)<\/li>\n<li>Tableau de temp\u00e9rature de 6\u00b0C \u00e0 14\u00b0C (43\u00b0F \u00e0 57\u00b0F)<\/li>\n<li>Le refroidissement sup\u00e9rieur par ventilateur forc\u00e9 maintient une temp\u00e9rature interne constante dans toute l&#8217;armoire<\/li>\n<li>Le verrouillage de la porte s\u00e9curise le contenu<\/li>\n<li>Le thermostat m\u00e9canique facile d&#8217;acc\u00e8s<\/li>\n<li>L&#8217;\u00e9clairage int\u00e9rieur LED bleu met en valeur le contenu<\/li>\n<li>Charni\u00e8re de porte r\u00e9versible pour une ouverture \u00e0 gauche ou \u00e0 droite<\/li>\n<li>Porte en verre tremp\u00e9 avec garniture en acier inoxydable<\/li>\n<li>Rangement personnalis\u00e9 avec 4 \u00e9tag\u00e8res r\u00e9glables<\/li>\n<\/ul>\n","protected":false},"featured_media":6913,"comment_status":"closed","ping_status":"open","template":"","meta":{"_acf_changed":false},"product_brand":[],"product_cat":[21],"product_tag":[],"class_list":{"0":"post-4690","1":"product","2":"type-product","3":"status-publish","4":"has-post-thumbnail","6":"product_cat-refroidisseurs-de-boissons","7":"pa_duree-de-la-garantie-en-mois-1173","9":"first","10":"outofstock","11":"taxable","12":"shipping-taxable","13":"product-type-simple"},"acf":[],"yoast_head":"<!-- This site is optimized with the Yoast SEO plugin v26.7 - https:\/\/yoast.com\/wordpress\/plugins\/seo\/ -->\n<title>Centre de boissons Danby d&#039;une capacit\u00e9 de 120 canettes (355 ml) - DBC120CBLS | Danby Canada<\/title>\n<meta name=\"description\" content=\"Lorsque des amis et des parents passent, il est toujours bon d&#039;\u00eatre pr\u00eat \u00e0 servir des boissons fra\u00eeches \u00e0 partir d&#039;un centre de boissons spacieux. Ce mod\u00e8le estim\u00e9 de Danby est la solution parfaite, car il offre un espace de rangement de 93,5 litres (3,3 pieds cubes) et peut contenir jusqu&#039;\u00e0 120 canettes de vos boissons pr\u00e9f\u00e9r\u00e9es, ce qui signifie que vous ne serez jamais \u00e0 court de boissons. Cet appareil glamour est dot\u00e9 d&#039;une porte en verre tremp\u00e9 avec garniture en acier inoxydable qui garde vos boissons au frais en bloquant les rayons ultraviolets. Les 4 \u00e9tag\u00e8res int\u00e9rieures en fil noir ajoutent une touche de classe suppl\u00e9mentaire et le thermostat m\u00e9canique peut \u00eatre r\u00e9gl\u00e9 entre 6\u00b0C et 14\u00b0C (43\u00b0F et 57\u00b0F). Cette unit\u00e9 offre la tranquillit\u00e9 d&#039;esprit et la s\u00e9curit\u00e9 gr\u00e2ce \u00e0 sa fonction de verrouillage et de cl\u00e9 int\u00e9gr\u00e9e et la lumi\u00e8re int\u00e9rieure est activ\u00e9e par la porte. Les gauchers et les droitiers seront ravis de l&#039;ing\u00e9nieuse charni\u00e8re de porte r\u00e9versible qui peut \u00eatre r\u00e9gl\u00e9e pour une ouverture \u00e0 gauche ou \u00e0 droite.\" \/>\n<meta name=\"robots\" content=\"index, follow, max-snippet:-1, max-image-preview:large, max-video-preview:-1\" \/>\n<link rel=\"canonical\" href=\"https:\/\/www.danby.com\/fr\/products\/refroidisseurs-de-boissons\/dbc120cbls\/\" \/>\n<meta property=\"og:locale\" content=\"fr_CA\" \/>\n<meta property=\"og:type\" content=\"article\" \/>\n<meta property=\"og:title\" content=\"Centre de boissons Danby d&#039;une capacit\u00e9 de 120 canettes (355 ml) - DBC120CBLS | Danby Canada\" \/>\n<meta property=\"og:description\" content=\"Lorsque des amis et des parents passent, il est toujours bon d&#039;\u00eatre pr\u00eat \u00e0 servir des boissons fra\u00eeches \u00e0 partir d&#039;un centre de boissons spacieux. Ce mod\u00e8le estim\u00e9 de Danby est la solution parfaite, car il offre un espace de rangement de 93,5 litres (3,3 pieds cubes) et peut contenir jusqu&#039;\u00e0 120 canettes de vos boissons pr\u00e9f\u00e9r\u00e9es, ce qui signifie que vous ne serez jamais \u00e0 court de boissons. Cet appareil glamour est dot\u00e9 d&#039;une porte en verre tremp\u00e9 avec garniture en acier inoxydable qui garde vos boissons au frais en bloquant les rayons ultraviolets. Les 4 \u00e9tag\u00e8res int\u00e9rieures en fil noir ajoutent une touche de classe suppl\u00e9mentaire et le thermostat m\u00e9canique peut \u00eatre r\u00e9gl\u00e9 entre 6\u00b0C et 14\u00b0C (43\u00b0F et 57\u00b0F). Cette unit\u00e9 offre la tranquillit\u00e9 d&#039;esprit et la s\u00e9curit\u00e9 gr\u00e2ce \u00e0 sa fonction de verrouillage et de cl\u00e9 int\u00e9gr\u00e9e et la lumi\u00e8re int\u00e9rieure est activ\u00e9e par la porte. Les gauchers et les droitiers seront ravis de l&#039;ing\u00e9nieuse charni\u00e8re de porte r\u00e9versible qui peut \u00eatre r\u00e9gl\u00e9e pour une ouverture \u00e0 gauche ou \u00e0 droite.\" \/>\n<meta property=\"og:url\" content=\"https:\/\/www.danby.com\/fr\/products\/refroidisseurs-de-boissons\/dbc120cbls\/\" \/>\n<meta property=\"og:site_name\" content=\"Danby - Canada - French\" \/>\n<meta property=\"article:publisher\" content=\"https:\/\/www.facebook.com\/DanbyAppliances\" \/>\n<meta property=\"article:modified_time\" content=\"2026-04-09T10:05:58+00:00\" \/>\n<meta property=\"og:image\" content=\"https:\/\/cdnweb.danby.com\/wp-content\/uploads\/sites\/2\/2022\/02\/08190745\/DBC120CBLS_Right1-693x1024.jpg\" \/>\n\t<meta property=\"og:image:width\" content=\"693\" \/>\n\t<meta property=\"og:image:height\" content=\"1024\" \/>\n\t<meta property=\"og:image:type\" content=\"image\/jpeg\" \/>\n<meta name=\"twitter:card\" content=\"summary_large_image\" \/>\n<meta name=\"twitter:site\" content=\"@DanbyAppliance\" \/>\n<script type=\"application\/ld+json\" class=\"yoast-schema-graph\">{\"@context\":\"https:\/\/schema.org\",\"@graph\":[{\"@type\":[\"WebPage\",\"ItemPage\"],\"url\":\"https:\/\/www.danby.com\/fr\/products\/refroidisseurs-de-boissons\/dbc120cbls\/\",\"name\":\"Centre de boissons Danby d'une capacit\u00e9 de 120 canettes (355 ml) - DBC120CBLS | Danby Canada\",\"isPartOf\":[],\"primaryImageOfPage\":[],\"image\":[],\"thumbnailUrl\":\"https:\/\/cdnweb.danby.com\/wp-content\/uploads\/sites\/2\/2022\/02\/08190745\/DBC120CBLS_Right1.jpg\",\"datePublished\":\"2022-02-03T19:14:23+00:00\",\"dateModified\":\"2026-04-09T10:05:58+00:00\",\"description\":\"Lorsque des amis et des parents passent, il est toujours bon d'\u00eatre pr\u00eat \u00e0 servir des boissons fra\u00eeches \u00e0 partir d'un centre de boissons spacieux. Ce mod\u00e8le estim\u00e9 de Danby est la solution parfaite, car il offre un espace de rangement de 93,5 litres (3,3 pieds cubes) et peut contenir jusqu'\u00e0 120 canettes de vos boissons pr\u00e9f\u00e9r\u00e9es, ce qui signifie que vous ne serez jamais \u00e0 court de boissons. Cet appareil glamour est dot\u00e9 d'une porte en verre tremp\u00e9 avec garniture en acier inoxydable qui garde vos boissons au frais en bloquant les rayons ultraviolets. Les 4 \u00e9tag\u00e8res int\u00e9rieures en fil noir ajoutent une touche de classe suppl\u00e9mentaire et le thermostat m\u00e9canique peut \u00eatre r\u00e9gl\u00e9 entre 6\u00b0C et 14\u00b0C (43\u00b0F et 57\u00b0F). Cette unit\u00e9 offre la tranquillit\u00e9 d'esprit et la s\u00e9curit\u00e9 gr\u00e2ce \u00e0 sa fonction de verrouillage et de cl\u00e9 int\u00e9gr\u00e9e et la lumi\u00e8re int\u00e9rieure est activ\u00e9e par la porte. Les gauchers et les droitiers seront ravis de l'ing\u00e9nieuse charni\u00e8re de porte r\u00e9versible qui peut \u00eatre r\u00e9gl\u00e9e pour une ouverture \u00e0 gauche ou \u00e0 droite.\",\"breadcrumb\":[],\"inLanguage\":\"fr-CA\",\"potentialAction\":[{\"@type\":\"ReadAction\",\"target\":[\"https:\/\/www.danby.com\/fr\/products\/refroidisseurs-de-boissons\/dbc120cbls\/\"]}]},{\"@type\":\"ImageObject\",\"inLanguage\":\"fr-CA\",\"url\":\"https:\/\/cdnweb.danby.com\/wp-content\/uploads\/sites\/2\/2022\/02\/08190745\/DBC120CBLS_Right1.jpg\",\"contentUrl\":\"https:\/\/cdnweb.danby.com\/wp-content\/uploads\/sites\/2\/2022\/02\/08190745\/DBC120CBLS_Right1.jpg\",\"width\":1500,\"height\":2215},{\"@type\":\"BreadcrumbList\",\"itemListElement\":[{\"@type\":\"ListItem\",\"position\":1,\"name\":\"Home\",\"item\":\"https:\/\/www.danby.com\/fr\/\"},{\"@type\":\"ListItem\",\"position\":2,\"name\":\"Boutique\",\"item\":\"https:\/\/www.danby.com\/fr\/boutique\/\"},{\"@type\":\"ListItem\",\"position\":3,\"name\":\"Centre de boissons Danby d&#8217;une capacit\u00e9 de 120 canettes (355 ml)\"}]},{\"@type\":\"WebSite\",\"url\":\"https:\/\/www.danby.com\/fr\/\",\"name\":\"Danby - Canada - French\",\"description\":\"Leader dans le domaine de la r\u00e9frig\u00e9ration et des appareils sp\u00e9cialis\u00e9s\",\"publisher\":[],\"potentialAction\":[{\"@type\":\"SearchAction\",\"target\":{\"@type\":\"EntryPoint\",\"urlTemplate\":\"https:\/\/www.danby.com\/fr\/?s={search_term_string}\"},\"query-input\":{\"@type\":\"PropertyValueSpecification\",\"valueRequired\":true,\"valueName\":\"search_term_string\"}}],\"inLanguage\":\"fr-CA\"},{\"@type\":\"Organization\",\"name\":\"Danby Appliances\",\"url\":\"https:\/\/www.danby.com\/fr\/\",\"logo\":{\"@type\":\"ImageObject\",\"inLanguage\":\"fr-CA\",\"url\":\"https:\/\/cdnweb.danby.com\/wp-content\/uploads\/sites\/2\/2022\/02\/10141906\/Danby75Ans_Blue.png\",\"contentUrl\":\"https:\/\/cdnweb.danby.com\/wp-content\/uploads\/sites\/2\/2022\/02\/10141906\/Danby75Ans_Blue.png\",\"width\":470,\"height\":110,\"caption\":\"Danby Appliances\"},\"image\":[],\"sameAs\":[\"https:\/\/www.facebook.com\/DanbyAppliances\",\"https:\/\/x.com\/DanbyAppliance\",\"https:\/\/instagram.com\/danbyappliances\/\",\"https:\/\/www.linkedin.com\/company\/danbyappliances\",\"https:\/\/www.pinterest.ca\/danbyappliances\/\",\"https:\/\/www.youtube.com\/user\/DanbyProducts\",\"https:\/\/en.wikipedia.org\/wiki\/Danby_(appliances)\"]}]}<\/script>\n<!-- \/ Yoast SEO plugin. -->","yoast_head_json":{"title":"Centre de boissons Danby d'une capacit\u00e9 de 120 canettes (355 ml) - DBC120CBLS | Danby Canada","description":"Lorsque des amis et des parents passent, il est toujours bon d'\u00eatre pr\u00eat \u00e0 servir des boissons fra\u00eeches \u00e0 partir d'un centre de boissons spacieux. Ce mod\u00e8le estim\u00e9 de Danby est la solution parfaite, car il offre un espace de rangement de 93,5 litres (3,3 pieds cubes) et peut contenir jusqu'\u00e0 120 canettes de vos boissons pr\u00e9f\u00e9r\u00e9es, ce qui signifie que vous ne serez jamais \u00e0 court de boissons. Cet appareil glamour est dot\u00e9 d'une porte en verre tremp\u00e9 avec garniture en acier inoxydable qui garde vos boissons au frais en bloquant les rayons ultraviolets. Les 4 \u00e9tag\u00e8res int\u00e9rieures en fil noir ajoutent une touche de classe suppl\u00e9mentaire et le thermostat m\u00e9canique peut \u00eatre r\u00e9gl\u00e9 entre 6\u00b0C et 14\u00b0C (43\u00b0F et 57\u00b0F). Cette unit\u00e9 offre la tranquillit\u00e9 d'esprit et la s\u00e9curit\u00e9 gr\u00e2ce \u00e0 sa fonction de verrouillage et de cl\u00e9 int\u00e9gr\u00e9e et la lumi\u00e8re int\u00e9rieure est activ\u00e9e par la porte. Les gauchers et les droitiers seront ravis de l'ing\u00e9nieuse charni\u00e8re de porte r\u00e9versible qui peut \u00eatre r\u00e9gl\u00e9e pour une ouverture \u00e0 gauche ou \u00e0 droite.","robots":{"index":"index","follow":"follow","max-snippet":"max-snippet:-1","max-image-preview":"max-image-preview:large","max-video-preview":"max-video-preview:-1"},"canonical":"https:\/\/www.danby.com\/fr\/products\/refroidisseurs-de-boissons\/dbc120cbls\/","og_locale":"fr_CA","og_type":"article","og_title":"Centre de boissons Danby d'une capacit\u00e9 de 120 canettes (355 ml) - DBC120CBLS | Danby Canada","og_description":"Lorsque des amis et des parents passent, il est toujours bon d'\u00eatre pr\u00eat \u00e0 servir des boissons fra\u00eeches \u00e0 partir d'un centre de boissons spacieux. Ce mod\u00e8le estim\u00e9 de Danby est la solution parfaite, car il offre un espace de rangement de 93,5 litres (3,3 pieds cubes) et peut contenir jusqu'\u00e0 120 canettes de vos boissons pr\u00e9f\u00e9r\u00e9es, ce qui signifie que vous ne serez jamais \u00e0 court de boissons. Cet appareil glamour est dot\u00e9 d'une porte en verre tremp\u00e9 avec garniture en acier inoxydable qui garde vos boissons au frais en bloquant les rayons ultraviolets. Les 4 \u00e9tag\u00e8res int\u00e9rieures en fil noir ajoutent une touche de classe suppl\u00e9mentaire et le thermostat m\u00e9canique peut \u00eatre r\u00e9gl\u00e9 entre 6\u00b0C et 14\u00b0C (43\u00b0F et 57\u00b0F). Cette unit\u00e9 offre la tranquillit\u00e9 d'esprit et la s\u00e9curit\u00e9 gr\u00e2ce \u00e0 sa fonction de verrouillage et de cl\u00e9 int\u00e9gr\u00e9e et la lumi\u00e8re int\u00e9rieure est activ\u00e9e par la porte. Les gauchers et les droitiers seront ravis de l'ing\u00e9nieuse charni\u00e8re de porte r\u00e9versible qui peut \u00eatre r\u00e9gl\u00e9e pour une ouverture \u00e0 gauche ou \u00e0 droite.","og_url":"https:\/\/www.danby.com\/fr\/products\/refroidisseurs-de-boissons\/dbc120cbls\/","og_site_name":"Danby - Canada - French","article_publisher":"https:\/\/www.facebook.com\/DanbyAppliances","article_modified_time":"2026-04-09T10:05:58+00:00","og_image":[{"width":693,"height":1024,"url":"https:\/\/cdnweb.danby.com\/wp-content\/uploads\/sites\/2\/2022\/02\/08190745\/DBC120CBLS_Right1-693x1024.jpg","type":"image\/jpeg"}],"twitter_card":"summary_large_image","twitter_site":"@DanbyAppliance","schema":{"@context":"https:\/\/schema.org","@graph":[{"@type":["WebPage","ItemPage"],"url":"https:\/\/www.danby.com\/fr\/products\/refroidisseurs-de-boissons\/dbc120cbls\/","name":"Centre de boissons Danby d'une capacit\u00e9 de 120 canettes (355 ml) - DBC120CBLS | Danby Canada","isPartOf":[],"primaryImageOfPage":[],"image":[],"thumbnailUrl":"https:\/\/cdnweb.danby.com\/wp-content\/uploads\/sites\/2\/2022\/02\/08190745\/DBC120CBLS_Right1.jpg","datePublished":"2022-02-03T19:14:23+00:00","dateModified":"2026-04-09T10:05:58+00:00","description":"Lorsque des amis et des parents passent, il est toujours bon d'\u00eatre pr\u00eat \u00e0 servir des boissons fra\u00eeches \u00e0 partir d'un centre de boissons spacieux. Ce mod\u00e8le estim\u00e9 de Danby est la solution parfaite, car il offre un espace de rangement de 93,5 litres (3,3 pieds cubes) et peut contenir jusqu'\u00e0 120 canettes de vos boissons pr\u00e9f\u00e9r\u00e9es, ce qui signifie que vous ne serez jamais \u00e0 court de boissons. Cet appareil glamour est dot\u00e9 d'une porte en verre tremp\u00e9 avec garniture en acier inoxydable qui garde vos boissons au frais en bloquant les rayons ultraviolets. Les 4 \u00e9tag\u00e8res int\u00e9rieures en fil noir ajoutent une touche de classe suppl\u00e9mentaire et le thermostat m\u00e9canique peut \u00eatre r\u00e9gl\u00e9 entre 6\u00b0C et 14\u00b0C (43\u00b0F et 57\u00b0F). Cette unit\u00e9 offre la tranquillit\u00e9 d'esprit et la s\u00e9curit\u00e9 gr\u00e2ce \u00e0 sa fonction de verrouillage et de cl\u00e9 int\u00e9gr\u00e9e et la lumi\u00e8re int\u00e9rieure est activ\u00e9e par la porte. Les gauchers et les droitiers seront ravis de l'ing\u00e9nieuse charni\u00e8re de porte r\u00e9versible qui peut \u00eatre r\u00e9gl\u00e9e pour une ouverture \u00e0 gauche ou \u00e0 droite.","breadcrumb":[],"inLanguage":"fr-CA","potentialAction":[{"@type":"ReadAction","target":["https:\/\/www.danby.com\/fr\/products\/refroidisseurs-de-boissons\/dbc120cbls\/"]}]},{"@type":"ImageObject","inLanguage":"fr-CA","url":"https:\/\/cdnweb.danby.com\/wp-content\/uploads\/sites\/2\/2022\/02\/08190745\/DBC120CBLS_Right1.jpg","contentUrl":"https:\/\/cdnweb.danby.com\/wp-content\/uploads\/sites\/2\/2022\/02\/08190745\/DBC120CBLS_Right1.jpg","width":1500,"height":2215},{"@type":"BreadcrumbList","itemListElement":[{"@type":"ListItem","position":1,"name":"Home","item":"https:\/\/www.danby.com\/fr\/"},{"@type":"ListItem","position":2,"name":"Boutique","item":"https:\/\/www.danby.com\/fr\/boutique\/"},{"@type":"ListItem","position":3,"name":"Centre de boissons Danby d&#8217;une capacit\u00e9 de 120 canettes (355 ml)"}]},{"@type":"WebSite","url":"https:\/\/www.danby.com\/fr\/","name":"Danby - Canada - French","description":"Leader dans le domaine de la r\u00e9frig\u00e9ration et des appareils sp\u00e9cialis\u00e9s","publisher":[],"potentialAction":[{"@type":"SearchAction","target":{"@type":"EntryPoint","urlTemplate":"https:\/\/www.danby.com\/fr\/?s={search_term_string}"},"query-input":{"@type":"PropertyValueSpecification","valueRequired":true,"valueName":"search_term_string"}}],"inLanguage":"fr-CA"},{"@type":"Organization","name":"Danby Appliances","url":"https:\/\/www.danby.com\/fr\/","logo":{"@type":"ImageObject","inLanguage":"fr-CA","url":"https:\/\/cdnweb.danby.com\/wp-content\/uploads\/sites\/2\/2022\/02\/10141906\/Danby75Ans_Blue.png","contentUrl":"https:\/\/cdnweb.danby.com\/wp-content\/uploads\/sites\/2\/2022\/02\/10141906\/Danby75Ans_Blue.png","width":470,"height":110,"caption":"Danby Appliances"},"image":[],"sameAs":["https:\/\/www.facebook.com\/DanbyAppliances","https:\/\/x.com\/DanbyAppliance","https:\/\/instagram.com\/danbyappliances\/","https:\/\/www.linkedin.com\/company\/danbyappliances","https:\/\/www.pinterest.ca\/danbyappliances\/","https:\/\/www.youtube.com\/user\/DanbyProducts","https:\/\/en.wikipedia.org\/wiki\/Danby_(appliances)"]}]}},"post_mailing_queue_ids":[],"_links":{"self":[{"href":"https:\/\/www.danby.com\/fr\/wp-json\/wp\/v2\/product\/4690","targetHints":{"allow":["GET"]}}],"collection":[{"href":"https:\/\/www.danby.com\/fr\/wp-json\/wp\/v2\/product"}],"about":[{"href":"https:\/\/www.danby.com\/fr\/wp-json\/wp\/v2\/types\/product"}],"replies":[{"embeddable":true,"href":"https:\/\/www.danby.com\/fr\/wp-json\/wp\/v2\/comments?post=4690"}],"wp:featuredmedia":[{"embeddable":true,"href":"https:\/\/www.danby.com\/fr\/wp-json\/wp\/v2\/media\/6913"}],"wp:attachment":[{"href":"https:\/\/www.danby.com\/fr\/wp-json\/wp\/v2\/media?parent=4690"}],"wp:term":[{"taxonomy":"product_brand","embeddable":true,"href":"https:\/\/www.danby.com\/fr\/wp-json\/wp\/v2\/product_brand?post=4690"},{"taxonomy":"product_cat","embeddable":true,"href":"https:\/\/www.danby.com\/fr\/wp-json\/wp\/v2\/product_cat?post=4690"},{"taxonomy":"product_tag","embeddable":true,"href":"https:\/\/www.danby.com\/fr\/wp-json\/wp\/v2\/product_tag?post=4690"}],"curies":[{"name":"wp","href":"https:\/\/api.w.org\/{rel}","templated":true}]}}