{"id":4685,"date":"2022-02-03T19:14:08","date_gmt":"2022-02-03T19:14:08","guid":{"rendered":"https:\/\/www.danby.com\/fr\/product\/dbc052a1bss\/"},"modified":"2026-04-18T10:06:01","modified_gmt":"2026-04-18T10:06:01","slug":"dbc052a1bss","status":"publish","type":"product","link":"https:\/\/www.danby.com\/fr\/products\/refroidisseurs-de-boissons\/dbc052a1bss\/","title":{"rendered":"Danby 5,2 pi3 Centre de boissons int\u00e9gr\u00e9 en Acier Inoxydable"},"content":{"rendered":"","protected":false},"excerpt":{"rendered":"<ul>\n<li>Le centre de boissons de 5,2 pi3 peut contenir jusqu&#8217;\u00e0 66 canettes (12 oz \/355 ml) ou 27 bouteilles de vin (750 ml).<\/li>\n<li>La conception de la porte fran\u00e7aise offre des compartiments \u00e0 temp\u00e9rature contr\u00f4l\u00e9e s\u00e9par\u00e9s pour le vin et les boissons.<\/li>\n<li>Plage de temp\u00e9rature : peut \u00eatre r\u00e9gl\u00e9e entre 39\u00b0F &#8211; 64\u00b0F (4\u00b0C -18\u00b0C) pour le compartiment \u00e0 vin et 37\u00b0F &#8211; 64\u00b0F (3\u00b0C -18\u00b0C) pour le compartiment \u00e0 boissons.<\/li>\n<li>Refroidissement forc\u00e9 par ventilateur sup\u00e9rieur : Maintient une temp\u00e9rature interne optimale et constante dans tout l&#8217;appareil.<\/li>\n<li>La m\u00e9moire de temp\u00e9rature revient \u00e0 la derni\u00e8re temp\u00e9rature r\u00e9gl\u00e9e apr\u00e8s une panne de courant.<\/li>\n<li>\u00c9clairage int\u00e9rieur \u00e0 LED : Illumine le contenu sans consommer beaucoup d&#8217;\u00e9nergie.<\/li>\n<li>Thermostat num\u00e9rique avec affichage LED bleu<\/li>\n<li>Cadre de porte en acier inoxydable avec double vitrage et poign\u00e9e assortie<\/li>\n<\/ul>\n","protected":false},"featured_media":34929,"comment_status":"closed","ping_status":"closed","template":"","meta":{"_acf_changed":false},"product_brand":[],"product_cat":[21],"product_tag":[],"class_list":{"0":"post-4685","1":"product","2":"type-product","3":"status-publish","4":"has-post-thumbnail","6":"product_cat-refroidisseurs-de-boissons","8":"first","9":"instock","10":"taxable","11":"shipping-taxable","12":"product-type-external"},"acf":[],"yoast_head":"<!-- This site is optimized with the Yoast SEO plugin v26.7 - https:\/\/yoast.com\/wordpress\/plugins\/seo\/ -->\n<title>Danby 5,2 pi3 Centre de boissons int\u00e9gr\u00e9 en Acier Inoxydable - DBC052A1BSS | Danby Canada<\/title>\n<meta name=\"description\" content=\"Que vous receviez des invit\u00e9s ou que vous ayez besoin d&#039;une r\u00e9frig\u00e9ration plus pratique pour votre famille, ce centre de boissons supr\u00eame offre style et praticit\u00e9. Ce centre de boissons peut \u00eatre plac\u00e9 sous le comptoir ou dans votre \u00eelot de cuisine et est parfait pour recevoir dans des espaces tels que la cuisine, le bar ou la caverne d&#039;homme. \u00c9conomisez l&#039;espace du r\u00e9frig\u00e9rateur pour les aliments ou les restes gr\u00e2ce \u00e0 cette unit\u00e9 spacieuse offrant 5,2 pieds cubes (147L) d&#039;espace de refroidissement et de stockage. Refroidissez jusqu&#039;\u00e0 66 canettes (355 ml) ou 27 bouteilles standard (750 ml) de vos vins pr\u00e9f\u00e9r\u00e9s sur trois \u00e9l\u00e9gantes \u00e9tag\u00e8res en fil noir et verre. Ce petit r\u00e9frig\u00e9rateur est \u00e9quip\u00e9 d&#039;un syst\u00e8me de refroidissement \u00e0 air puls\u00e9, d&#039;un \u00e9cran LED \u00e0 touches sans contact et de compartiments \u00e0 temp\u00e9rature contr\u00f4l\u00e9e offrant une plage de refroidissement r\u00e9glable de 4\u00b0C \u00e0 18\u00b0C pour le vin et de 3\u00b0C \u00e0 18\u00b0C pour les boissons. CARACT\u00c9RISTIQUES\" \/>\n<meta name=\"robots\" content=\"index, follow, max-snippet:-1, max-image-preview:large, max-video-preview:-1\" \/>\n<link rel=\"canonical\" href=\"https:\/\/www.danby.com\/fr\/products\/refroidisseurs-de-boissons\/dbc052a1bss\/\" \/>\n<meta property=\"og:locale\" content=\"fr_CA\" \/>\n<meta property=\"og:type\" content=\"article\" \/>\n<meta property=\"og:title\" content=\"Danby 5,2 pi3 Centre de boissons int\u00e9gr\u00e9 en Acier Inoxydable - DBC052A1BSS | Danby Canada\" \/>\n<meta property=\"og:description\" content=\"Que vous receviez des invit\u00e9s ou que vous ayez besoin d&#039;une r\u00e9frig\u00e9ration plus pratique pour votre famille, ce centre de boissons supr\u00eame offre style et praticit\u00e9. Ce centre de boissons peut \u00eatre plac\u00e9 sous le comptoir ou dans votre \u00eelot de cuisine et est parfait pour recevoir dans des espaces tels que la cuisine, le bar ou la caverne d&#039;homme. \u00c9conomisez l&#039;espace du r\u00e9frig\u00e9rateur pour les aliments ou les restes gr\u00e2ce \u00e0 cette unit\u00e9 spacieuse offrant 5,2 pieds cubes (147L) d&#039;espace de refroidissement et de stockage. Refroidissez jusqu&#039;\u00e0 66 canettes (355 ml) ou 27 bouteilles standard (750 ml) de vos vins pr\u00e9f\u00e9r\u00e9s sur trois \u00e9l\u00e9gantes \u00e9tag\u00e8res en fil noir et verre. Ce petit r\u00e9frig\u00e9rateur est \u00e9quip\u00e9 d&#039;un syst\u00e8me de refroidissement \u00e0 air puls\u00e9, d&#039;un \u00e9cran LED \u00e0 touches sans contact et de compartiments \u00e0 temp\u00e9rature contr\u00f4l\u00e9e offrant une plage de refroidissement r\u00e9glable de 4\u00b0C \u00e0 18\u00b0C pour le vin et de 3\u00b0C \u00e0 18\u00b0C pour les boissons. CARACT\u00c9RISTIQUES\" \/>\n<meta property=\"og:url\" content=\"https:\/\/www.danby.com\/fr\/products\/refroidisseurs-de-boissons\/dbc052a1bss\/\" \/>\n<meta property=\"og:site_name\" content=\"Danby - Canada - French\" \/>\n<meta property=\"article:publisher\" content=\"https:\/\/www.facebook.com\/DanbyAppliances\" \/>\n<meta property=\"article:modified_time\" content=\"2026-04-18T10:06:01+00:00\" \/>\n<meta property=\"og:image\" content=\"https:\/\/cdnweb.danby.com\/wp-content\/uploads\/sites\/2\/2024\/01\/12144405\/Thumbnail__0001_DBC052A1BSS.jpg\" \/>\n\t<meta property=\"og:image:width\" content=\"1125\" \/>\n\t<meta property=\"og:image:height\" content=\"1500\" \/>\n\t<meta property=\"og:image:type\" content=\"image\/jpeg\" \/>\n<meta name=\"twitter:card\" content=\"summary_large_image\" \/>\n<meta name=\"twitter:site\" content=\"@DanbyAppliance\" \/>\n<meta name=\"twitter:label1\" content=\"Estimation du temps de lecture\" \/>\n\t<meta name=\"twitter:data1\" content=\"1 minute\" \/>\n<script type=\"application\/ld+json\" class=\"yoast-schema-graph\">{\"@context\":\"https:\/\/schema.org\",\"@graph\":[{\"@type\":[\"WebPage\",\"ItemPage\"],\"url\":\"https:\/\/www.danby.com\/fr\/products\/refroidisseurs-de-boissons\/dbc052a1bss\/\",\"name\":\"Danby 5,2 pi3 Centre de boissons int\u00e9gr\u00e9 en Acier Inoxydable - DBC052A1BSS | Danby Canada\",\"isPartOf\":[],\"primaryImageOfPage\":[],\"image\":[],\"thumbnailUrl\":\"https:\/\/www.danby.com\/fr\/wp-content\/uploads\/sites\/2\/2025\/09\/dbc052a1bss-thumbnail.jpg\",\"datePublished\":\"2022-02-03T19:14:08+00:00\",\"dateModified\":\"2026-04-18T10:06:01+00:00\",\"description\":\"Que vous receviez des invit\u00e9s ou que vous ayez besoin d'une r\u00e9frig\u00e9ration plus pratique pour votre famille, ce centre de boissons supr\u00eame offre style et praticit\u00e9. Ce centre de boissons peut \u00eatre plac\u00e9 sous le comptoir ou dans votre \u00eelot de cuisine et est parfait pour recevoir dans des espaces tels que la cuisine, le bar ou la caverne d'homme. \u00c9conomisez l'espace du r\u00e9frig\u00e9rateur pour les aliments ou les restes gr\u00e2ce \u00e0 cette unit\u00e9 spacieuse offrant 5,2 pieds cubes (147L) d'espace de refroidissement et de stockage. Refroidissez jusqu'\u00e0 66 canettes (355 ml) ou 27 bouteilles standard (750 ml) de vos vins pr\u00e9f\u00e9r\u00e9s sur trois \u00e9l\u00e9gantes \u00e9tag\u00e8res en fil noir et verre. Ce petit r\u00e9frig\u00e9rateur est \u00e9quip\u00e9 d'un syst\u00e8me de refroidissement \u00e0 air puls\u00e9, d'un \u00e9cran LED \u00e0 touches sans contact et de compartiments \u00e0 temp\u00e9rature contr\u00f4l\u00e9e offrant une plage de refroidissement r\u00e9glable de 4\u00b0C \u00e0 18\u00b0C pour le vin et de 3\u00b0C \u00e0 18\u00b0C pour les boissons. CARACT\u00c9RISTIQUES\",\"breadcrumb\":[],\"inLanguage\":\"fr-CA\",\"potentialAction\":[{\"@type\":\"ReadAction\",\"target\":[\"https:\/\/www.danby.com\/fr\/products\/refroidisseurs-de-boissons\/dbc052a1bss\/\"]}]},{\"@type\":\"ImageObject\",\"inLanguage\":\"fr-CA\",\"url\":\"https:\/\/www.danby.com\/fr\/wp-content\/uploads\/sites\/2\/2025\/09\/dbc052a1bss-thumbnail.jpg\",\"contentUrl\":\"https:\/\/www.danby.com\/fr\/wp-content\/uploads\/sites\/2\/2025\/09\/dbc052a1bss-thumbnail.jpg\",\"width\":768,\"height\":1024},{\"@type\":\"BreadcrumbList\",\"itemListElement\":[{\"@type\":\"ListItem\",\"position\":1,\"name\":\"Home\",\"item\":\"https:\/\/www.danby.com\/fr\/\"},{\"@type\":\"ListItem\",\"position\":2,\"name\":\"Boutique\",\"item\":\"https:\/\/www.danby.com\/fr\/boutique\/\"},{\"@type\":\"ListItem\",\"position\":3,\"name\":\"Danby 5,2 pi3 Centre de boissons int\u00e9gr\u00e9 en acier inoxydable\"}]},{\"@type\":\"WebSite\",\"url\":\"https:\/\/www.danby.com\/fr\/\",\"name\":\"Danby - Canada - French\",\"description\":\"Leader dans le domaine de la r\u00e9frig\u00e9ration et des appareils sp\u00e9cialis\u00e9s\",\"publisher\":[],\"potentialAction\":[{\"@type\":\"SearchAction\",\"target\":{\"@type\":\"EntryPoint\",\"urlTemplate\":\"https:\/\/www.danby.com\/fr\/?s={search_term_string}\"},\"query-input\":{\"@type\":\"PropertyValueSpecification\",\"valueRequired\":true,\"valueName\":\"search_term_string\"}}],\"inLanguage\":\"fr-CA\"},{\"@type\":\"Organization\",\"name\":\"Danby Appliances\",\"url\":\"https:\/\/www.danby.com\/fr\/\",\"logo\":{\"@type\":\"ImageObject\",\"inLanguage\":\"fr-CA\",\"url\":\"https:\/\/cdnweb.danby.com\/wp-content\/uploads\/sites\/2\/2022\/02\/10141906\/Danby75Ans_Blue.png\",\"contentUrl\":\"https:\/\/cdnweb.danby.com\/wp-content\/uploads\/sites\/2\/2022\/02\/10141906\/Danby75Ans_Blue.png\",\"width\":470,\"height\":110,\"caption\":\"Danby Appliances\"},\"image\":[],\"sameAs\":[\"https:\/\/www.facebook.com\/DanbyAppliances\",\"https:\/\/x.com\/DanbyAppliance\",\"https:\/\/instagram.com\/danbyappliances\/\",\"https:\/\/www.linkedin.com\/company\/danbyappliances\",\"https:\/\/www.pinterest.ca\/danbyappliances\/\",\"https:\/\/www.youtube.com\/user\/DanbyProducts\",\"https:\/\/en.wikipedia.org\/wiki\/Danby_(appliances)\"]}]}<\/script>\n<!-- \/ Yoast SEO plugin. -->","yoast_head_json":{"title":"Danby 5,2 pi3 Centre de boissons int\u00e9gr\u00e9 en Acier Inoxydable - DBC052A1BSS | Danby Canada","description":"Que vous receviez des invit\u00e9s ou que vous ayez besoin d'une r\u00e9frig\u00e9ration plus pratique pour votre famille, ce centre de boissons supr\u00eame offre style et praticit\u00e9. Ce centre de boissons peut \u00eatre plac\u00e9 sous le comptoir ou dans votre \u00eelot de cuisine et est parfait pour recevoir dans des espaces tels que la cuisine, le bar ou la caverne d'homme. \u00c9conomisez l'espace du r\u00e9frig\u00e9rateur pour les aliments ou les restes gr\u00e2ce \u00e0 cette unit\u00e9 spacieuse offrant 5,2 pieds cubes (147L) d'espace de refroidissement et de stockage. Refroidissez jusqu'\u00e0 66 canettes (355 ml) ou 27 bouteilles standard (750 ml) de vos vins pr\u00e9f\u00e9r\u00e9s sur trois \u00e9l\u00e9gantes \u00e9tag\u00e8res en fil noir et verre. Ce petit r\u00e9frig\u00e9rateur est \u00e9quip\u00e9 d'un syst\u00e8me de refroidissement \u00e0 air puls\u00e9, d'un \u00e9cran LED \u00e0 touches sans contact et de compartiments \u00e0 temp\u00e9rature contr\u00f4l\u00e9e offrant une plage de refroidissement r\u00e9glable de 4\u00b0C \u00e0 18\u00b0C pour le vin et de 3\u00b0C \u00e0 18\u00b0C pour les boissons. CARACT\u00c9RISTIQUES","robots":{"index":"index","follow":"follow","max-snippet":"max-snippet:-1","max-image-preview":"max-image-preview:large","max-video-preview":"max-video-preview:-1"},"canonical":"https:\/\/www.danby.com\/fr\/products\/refroidisseurs-de-boissons\/dbc052a1bss\/","og_locale":"fr_CA","og_type":"article","og_title":"Danby 5,2 pi3 Centre de boissons int\u00e9gr\u00e9 en Acier Inoxydable - DBC052A1BSS | Danby Canada","og_description":"Que vous receviez des invit\u00e9s ou que vous ayez besoin d'une r\u00e9frig\u00e9ration plus pratique pour votre famille, ce centre de boissons supr\u00eame offre style et praticit\u00e9. Ce centre de boissons peut \u00eatre plac\u00e9 sous le comptoir ou dans votre \u00eelot de cuisine et est parfait pour recevoir dans des espaces tels que la cuisine, le bar ou la caverne d'homme. \u00c9conomisez l'espace du r\u00e9frig\u00e9rateur pour les aliments ou les restes gr\u00e2ce \u00e0 cette unit\u00e9 spacieuse offrant 5,2 pieds cubes (147L) d'espace de refroidissement et de stockage. Refroidissez jusqu'\u00e0 66 canettes (355 ml) ou 27 bouteilles standard (750 ml) de vos vins pr\u00e9f\u00e9r\u00e9s sur trois \u00e9l\u00e9gantes \u00e9tag\u00e8res en fil noir et verre. Ce petit r\u00e9frig\u00e9rateur est \u00e9quip\u00e9 d'un syst\u00e8me de refroidissement \u00e0 air puls\u00e9, d'un \u00e9cran LED \u00e0 touches sans contact et de compartiments \u00e0 temp\u00e9rature contr\u00f4l\u00e9e offrant une plage de refroidissement r\u00e9glable de 4\u00b0C \u00e0 18\u00b0C pour le vin et de 3\u00b0C \u00e0 18\u00b0C pour les boissons. CARACT\u00c9RISTIQUES","og_url":"https:\/\/www.danby.com\/fr\/products\/refroidisseurs-de-boissons\/dbc052a1bss\/","og_site_name":"Danby - Canada - French","article_publisher":"https:\/\/www.facebook.com\/DanbyAppliances","article_modified_time":"2026-04-18T10:06:01+00:00","og_image":[{"width":1125,"height":1500,"url":"https:\/\/cdnweb.danby.com\/wp-content\/uploads\/sites\/2\/2024\/01\/12144405\/Thumbnail__0001_DBC052A1BSS.jpg","type":"image\/jpeg"}],"twitter_card":"summary_large_image","twitter_site":"@DanbyAppliance","twitter_misc":{"Estimation du temps de lecture":"1 minute"},"schema":{"@context":"https:\/\/schema.org","@graph":[{"@type":["WebPage","ItemPage"],"url":"https:\/\/www.danby.com\/fr\/products\/refroidisseurs-de-boissons\/dbc052a1bss\/","name":"Danby 5,2 pi3 Centre de boissons int\u00e9gr\u00e9 en Acier Inoxydable - DBC052A1BSS | Danby Canada","isPartOf":[],"primaryImageOfPage":[],"image":[],"thumbnailUrl":"https:\/\/www.danby.com\/fr\/wp-content\/uploads\/sites\/2\/2025\/09\/dbc052a1bss-thumbnail.jpg","datePublished":"2022-02-03T19:14:08+00:00","dateModified":"2026-04-18T10:06:01+00:00","description":"Que vous receviez des invit\u00e9s ou que vous ayez besoin d'une r\u00e9frig\u00e9ration plus pratique pour votre famille, ce centre de boissons supr\u00eame offre style et praticit\u00e9. Ce centre de boissons peut \u00eatre plac\u00e9 sous le comptoir ou dans votre \u00eelot de cuisine et est parfait pour recevoir dans des espaces tels que la cuisine, le bar ou la caverne d'homme. \u00c9conomisez l'espace du r\u00e9frig\u00e9rateur pour les aliments ou les restes gr\u00e2ce \u00e0 cette unit\u00e9 spacieuse offrant 5,2 pieds cubes (147L) d'espace de refroidissement et de stockage. Refroidissez jusqu'\u00e0 66 canettes (355 ml) ou 27 bouteilles standard (750 ml) de vos vins pr\u00e9f\u00e9r\u00e9s sur trois \u00e9l\u00e9gantes \u00e9tag\u00e8res en fil noir et verre. Ce petit r\u00e9frig\u00e9rateur est \u00e9quip\u00e9 d'un syst\u00e8me de refroidissement \u00e0 air puls\u00e9, d'un \u00e9cran LED \u00e0 touches sans contact et de compartiments \u00e0 temp\u00e9rature contr\u00f4l\u00e9e offrant une plage de refroidissement r\u00e9glable de 4\u00b0C \u00e0 18\u00b0C pour le vin et de 3\u00b0C \u00e0 18\u00b0C pour les boissons. CARACT\u00c9RISTIQUES","breadcrumb":[],"inLanguage":"fr-CA","potentialAction":[{"@type":"ReadAction","target":["https:\/\/www.danby.com\/fr\/products\/refroidisseurs-de-boissons\/dbc052a1bss\/"]}]},{"@type":"ImageObject","inLanguage":"fr-CA","url":"https:\/\/www.danby.com\/fr\/wp-content\/uploads\/sites\/2\/2025\/09\/dbc052a1bss-thumbnail.jpg","contentUrl":"https:\/\/www.danby.com\/fr\/wp-content\/uploads\/sites\/2\/2025\/09\/dbc052a1bss-thumbnail.jpg","width":768,"height":1024},{"@type":"BreadcrumbList","itemListElement":[{"@type":"ListItem","position":1,"name":"Home","item":"https:\/\/www.danby.com\/fr\/"},{"@type":"ListItem","position":2,"name":"Boutique","item":"https:\/\/www.danby.com\/fr\/boutique\/"},{"@type":"ListItem","position":3,"name":"Danby 5,2 pi3 Centre de boissons int\u00e9gr\u00e9 en acier inoxydable"}]},{"@type":"WebSite","url":"https:\/\/www.danby.com\/fr\/","name":"Danby - Canada - French","description":"Leader dans le domaine de la r\u00e9frig\u00e9ration et des appareils sp\u00e9cialis\u00e9s","publisher":[],"potentialAction":[{"@type":"SearchAction","target":{"@type":"EntryPoint","urlTemplate":"https:\/\/www.danby.com\/fr\/?s={search_term_string}"},"query-input":{"@type":"PropertyValueSpecification","valueRequired":true,"valueName":"search_term_string"}}],"inLanguage":"fr-CA"},{"@type":"Organization","name":"Danby Appliances","url":"https:\/\/www.danby.com\/fr\/","logo":{"@type":"ImageObject","inLanguage":"fr-CA","url":"https:\/\/cdnweb.danby.com\/wp-content\/uploads\/sites\/2\/2022\/02\/10141906\/Danby75Ans_Blue.png","contentUrl":"https:\/\/cdnweb.danby.com\/wp-content\/uploads\/sites\/2\/2022\/02\/10141906\/Danby75Ans_Blue.png","width":470,"height":110,"caption":"Danby Appliances"},"image":[],"sameAs":["https:\/\/www.facebook.com\/DanbyAppliances","https:\/\/x.com\/DanbyAppliance","https:\/\/instagram.com\/danbyappliances\/","https:\/\/www.linkedin.com\/company\/danbyappliances","https:\/\/www.pinterest.ca\/danbyappliances\/","https:\/\/www.youtube.com\/user\/DanbyProducts","https:\/\/en.wikipedia.org\/wiki\/Danby_(appliances)"]}]}},"post_mailing_queue_ids":[],"_links":{"self":[{"href":"https:\/\/www.danby.com\/fr\/wp-json\/wp\/v2\/product\/4685","targetHints":{"allow":["GET"]}}],"collection":[{"href":"https:\/\/www.danby.com\/fr\/wp-json\/wp\/v2\/product"}],"about":[{"href":"https:\/\/www.danby.com\/fr\/wp-json\/wp\/v2\/types\/product"}],"replies":[{"embeddable":true,"href":"https:\/\/www.danby.com\/fr\/wp-json\/wp\/v2\/comments?post=4685"}],"wp:featuredmedia":[{"embeddable":true,"href":"https:\/\/www.danby.com\/fr\/wp-json\/wp\/v2\/media\/34929"}],"wp:attachment":[{"href":"https:\/\/www.danby.com\/fr\/wp-json\/wp\/v2\/media?parent=4685"}],"wp:term":[{"taxonomy":"product_brand","embeddable":true,"href":"https:\/\/www.danby.com\/fr\/wp-json\/wp\/v2\/product_brand?post=4685"},{"taxonomy":"product_cat","embeddable":true,"href":"https:\/\/www.danby.com\/fr\/wp-json\/wp\/v2\/product_cat?post=4685"},{"taxonomy":"product_tag","embeddable":true,"href":"https:\/\/www.danby.com\/fr\/wp-json\/wp\/v2\/product_tag?post=4685"}],"curies":[{"name":"wp","href":"https:\/\/api.w.org\/{rel}","templated":true}]}}