{"id":4675,"date":"2022-02-03T19:14:08","date_gmt":"2022-02-03T19:14:08","guid":{"rendered":"https:\/\/www.danby.com\/fr\/product\/das180bahwdb\/"},"modified":"2026-04-09T10:05:55","modified_gmt":"2026-04-09T10:05:55","slug":"das180bahwdb","status":"publish","type":"product","link":"https:\/\/www.danby.com\/fr\/products\/systemes-de-fractionnement-sans-conduit\/das180bahwdb\/","title":{"rendered":"Climatiseur mural Danby de 18 000 BTU avec pompe \u00e0 chaleur et inverseur \u00e0 vitesse variable en blanc"},"content":{"rendered":"","protected":false},"excerpt":{"rendered":"<ul>\n<li>Con\u00e7u pour refroidir et chauffer des pi\u00e8ces jusqu&#8217;\u00e0 750 pieds carr\u00e9s, avec un inverseur \u00e0 vitesse variable garantissant des performances silencieuses et efficaces<\/li>\n<li>Fonctionnement \u00e0 basse temp\u00e9rature : fonctionne \u00e0 des temp\u00e9ratures aussi basses que 5\u00b0F \/ -15\u00b0C, ce qui le rend id\u00e9al pour des situations n\u00e9cessitant un refroidissement toute l&#8217;ann\u00e9e, tandis que la pompe \u00e0 chaleur en fait une solution pour les 4 saisons<\/li>\n<li>D\u00e9tection de fuite de r\u00e9frig\u00e9rant : l&#8217;appareil s&#8217;\u00e9teint automatiquement en cas de fuite<\/li>\n<li>Pr\u00e9gonfl\u00e9 avec du r\u00e9frig\u00e9rant R410-A<\/li>\n<li>Filtre \u00e0 air au charbon actif pour \u00e9liminer les contaminants et impuret\u00e9s de l&#8217;air, ainsi que deux filtres lavables qui assurent une qualit\u00e9 d&#8217;air optimale pour votre maison<\/li>\n<li>Mode Turbo : permet \u00e0 l&#8217;appareil d&#8217;atteindre la temp\u00e9rature pr\u00e9r\u00e9gl\u00e9e dans les plus brefs d\u00e9lais<\/li>\n<li>M\u00e9moire de l&#8217;angle de la grille : lorsque l&#8217;appareil est allum\u00e9, la grille revient automatiquement \u00e0 la derni\u00e8re position enregistr\u00e9e<\/li>\n<li>Anti-courant d&#8217;air froid : la vitesse du ventilateur et l&#8217;angle de la grille s&#8217;ajustent en fonction de la temp\u00e9rature ambiante pour \u00e9viter les courants d&#8217;air froid en mode chauffage<\/li>\n<li>Nous recommandons qu&#8217;un technicien HVAC professionnel installe cet appareil<\/li>\n<li>Garantie limit\u00e9e de 5 ans sur les pi\u00e8ces, \u00e0 l&#8217;exclusion de la main-d&#8217;\u0153uvre. Consultez le manuel de l&#8217;utilisateur pour plus de d\u00e9tails<\/li>\n<\/ul>\n","protected":false},"featured_media":34898,"comment_status":"closed","ping_status":"closed","template":"","meta":{"_acf_changed":false},"product_brand":[],"product_cat":[26],"product_tag":[],"class_list":{"0":"post-4675","1":"product","2":"type-product","3":"status-publish","4":"has-post-thumbnail","6":"product_cat-systemes-de-fractionnement-sans-conduit","7":"pa_duree-de-la-garantie-en-mois-24-months","9":"first","10":"outofstock","11":"taxable","12":"shipping-taxable","13":"product-type-simple"},"acf":[],"yoast_head":"<!-- This site is optimized with the Yoast SEO plugin v26.7 - https:\/\/yoast.com\/wordpress\/plugins\/seo\/ -->\n<title>Climatiseur mural Danby de 18 000 BTU avec pompe \u00e0 chaleur et inverseur \u00e0 vitesse variable en blanc - DAS180BAHWDB | Danby Canada<\/title>\n<meta name=\"description\" content=\"Ce climatiseur mural avec syst\u00e8me de pompe \u00e0 chaleur fournit 18 000 BTU de refroidissement et de chauffage, con\u00e7u pour rafra\u00eechir et chauffer des espaces allant jusqu&#039;\u00e0 750 pieds carr\u00e9s, avec un inverseur \u00e0 vitesse variable garantissant des performances silencieuses et efficaces. Cet appareil est con\u00e7u pour vous faire \u00e9conomiser de l&#039;argent, et son fonctionnement \u00e0 basse temp\u00e9rature ainsi que la pompe \u00e0 chaleur en font une solution id\u00e9ale toute l&#039;ann\u00e9e. Le filtre \u00e0 air actif au charbon \u00e9limine les contaminants et impuret\u00e9s de l&#039;air, tandis que la fonction mode turbo permet \u00e0 l&#039;appareil d&#039;atteindre rapidement les temp\u00e9ratures pr\u00e9r\u00e9gl\u00e9es.\" \/>\n<meta name=\"robots\" content=\"index, follow, max-snippet:-1, max-image-preview:large, max-video-preview:-1\" \/>\n<link rel=\"canonical\" href=\"https:\/\/www.danby.com\/fr\/products\/systemes-de-fractionnement-sans-conduit\/das180bahwdb\/\" \/>\n<meta property=\"og:locale\" content=\"fr_CA\" \/>\n<meta property=\"og:type\" content=\"article\" \/>\n<meta property=\"og:title\" content=\"Climatiseur mural Danby de 18 000 BTU avec pompe \u00e0 chaleur et inverseur \u00e0 vitesse variable en blanc - DAS180BAHWDB | Danby Canada\" \/>\n<meta property=\"og:description\" content=\"Ce climatiseur mural avec syst\u00e8me de pompe \u00e0 chaleur fournit 18 000 BTU de refroidissement et de chauffage, con\u00e7u pour rafra\u00eechir et chauffer des espaces allant jusqu&#039;\u00e0 750 pieds carr\u00e9s, avec un inverseur \u00e0 vitesse variable garantissant des performances silencieuses et efficaces. Cet appareil est con\u00e7u pour vous faire \u00e9conomiser de l&#039;argent, et son fonctionnement \u00e0 basse temp\u00e9rature ainsi que la pompe \u00e0 chaleur en font une solution id\u00e9ale toute l&#039;ann\u00e9e. Le filtre \u00e0 air actif au charbon \u00e9limine les contaminants et impuret\u00e9s de l&#039;air, tandis que la fonction mode turbo permet \u00e0 l&#039;appareil d&#039;atteindre rapidement les temp\u00e9ratures pr\u00e9r\u00e9gl\u00e9es.\" \/>\n<meta property=\"og:url\" content=\"https:\/\/www.danby.com\/fr\/products\/systemes-de-fractionnement-sans-conduit\/das180bahwdb\/\" \/>\n<meta property=\"og:site_name\" content=\"Danby - Canada - French\" \/>\n<meta property=\"article:publisher\" content=\"https:\/\/www.facebook.com\/DanbyAppliances\" \/>\n<meta property=\"article:modified_time\" content=\"2026-04-09T10:05:55+00:00\" \/>\n<meta property=\"og:image\" content=\"https:\/\/cdnweb.danby.com\/wp-content\/uploads\/sites\/2\/2023\/11\/01190517\/DAS180BAHWDB_Warranty_CAD.jpg\" \/>\n\t<meta property=\"og:image:width\" content=\"1500\" \/>\n\t<meta property=\"og:image:height\" content=\"2000\" \/>\n\t<meta property=\"og:image:type\" content=\"image\/jpeg\" \/>\n<meta name=\"twitter:card\" content=\"summary_large_image\" \/>\n<meta name=\"twitter:site\" content=\"@DanbyAppliance\" \/>\n<script type=\"application\/ld+json\" class=\"yoast-schema-graph\">{\"@context\":\"https:\/\/schema.org\",\"@graph\":[{\"@type\":[\"WebPage\",\"ItemPage\"],\"url\":\"https:\/\/www.danby.com\/fr\/products\/systemes-de-fractionnement-sans-conduit\/das180bahwdb\/\",\"name\":\"Climatiseur mural Danby de 18 000 BTU avec pompe \u00e0 chaleur et inverseur \u00e0 vitesse variable en blanc - DAS180BAHWDB | Danby Canada\",\"isPartOf\":[],\"primaryImageOfPage\":[],\"image\":[],\"thumbnailUrl\":\"https:\/\/www.danby.com\/fr\/wp-content\/uploads\/sites\/2\/2025\/09\/das180bahwdb-thumbnail.jpg\",\"datePublished\":\"2022-02-03T19:14:08+00:00\",\"dateModified\":\"2026-04-09T10:05:55+00:00\",\"description\":\"Ce climatiseur mural avec syst\u00e8me de pompe \u00e0 chaleur fournit 18 000 BTU de refroidissement et de chauffage, con\u00e7u pour rafra\u00eechir et chauffer des espaces allant jusqu'\u00e0 750 pieds carr\u00e9s, avec un inverseur \u00e0 vitesse variable garantissant des performances silencieuses et efficaces. Cet appareil est con\u00e7u pour vous faire \u00e9conomiser de l'argent, et son fonctionnement \u00e0 basse temp\u00e9rature ainsi que la pompe \u00e0 chaleur en font une solution id\u00e9ale toute l'ann\u00e9e. Le filtre \u00e0 air actif au charbon \u00e9limine les contaminants et impuret\u00e9s de l'air, tandis que la fonction mode turbo permet \u00e0 l'appareil d'atteindre rapidement les temp\u00e9ratures pr\u00e9r\u00e9gl\u00e9es.\",\"breadcrumb\":[],\"inLanguage\":\"fr-CA\",\"potentialAction\":[{\"@type\":\"ReadAction\",\"target\":[\"https:\/\/www.danby.com\/fr\/products\/systemes-de-fractionnement-sans-conduit\/das180bahwdb\/\"]}]},{\"@type\":\"ImageObject\",\"inLanguage\":\"fr-CA\",\"url\":\"https:\/\/www.danby.com\/fr\/wp-content\/uploads\/sites\/2\/2025\/09\/das180bahwdb-thumbnail.jpg\",\"contentUrl\":\"https:\/\/www.danby.com\/fr\/wp-content\/uploads\/sites\/2\/2025\/09\/das180bahwdb-thumbnail.jpg\",\"width\":768,\"height\":1024},{\"@type\":\"BreadcrumbList\",\"itemListElement\":[{\"@type\":\"ListItem\",\"position\":1,\"name\":\"Home\",\"item\":\"https:\/\/www.danby.com\/fr\/\"},{\"@type\":\"ListItem\",\"position\":2,\"name\":\"Boutique\",\"item\":\"https:\/\/www.danby.com\/fr\/boutique\/\"},{\"@type\":\"ListItem\",\"position\":3,\"name\":\"Climatiseur mini-split Danby 18 000 BTU avec pompe \u00e0 chaleur et variateur de vitesse\"}]},{\"@type\":\"WebSite\",\"url\":\"https:\/\/www.danby.com\/fr\/\",\"name\":\"Danby - Canada - French\",\"description\":\"Leader dans le domaine de la r\u00e9frig\u00e9ration et des appareils sp\u00e9cialis\u00e9s\",\"publisher\":[],\"potentialAction\":[{\"@type\":\"SearchAction\",\"target\":{\"@type\":\"EntryPoint\",\"urlTemplate\":\"https:\/\/www.danby.com\/fr\/?s={search_term_string}\"},\"query-input\":{\"@type\":\"PropertyValueSpecification\",\"valueRequired\":true,\"valueName\":\"search_term_string\"}}],\"inLanguage\":\"fr-CA\"},{\"@type\":\"Organization\",\"name\":\"Danby Appliances\",\"url\":\"https:\/\/www.danby.com\/fr\/\",\"logo\":{\"@type\":\"ImageObject\",\"inLanguage\":\"fr-CA\",\"url\":\"https:\/\/cdnweb.danby.com\/wp-content\/uploads\/sites\/2\/2022\/02\/10141906\/Danby75Ans_Blue.png\",\"contentUrl\":\"https:\/\/cdnweb.danby.com\/wp-content\/uploads\/sites\/2\/2022\/02\/10141906\/Danby75Ans_Blue.png\",\"width\":470,\"height\":110,\"caption\":\"Danby Appliances\"},\"image\":[],\"sameAs\":[\"https:\/\/www.facebook.com\/DanbyAppliances\",\"https:\/\/x.com\/DanbyAppliance\",\"https:\/\/instagram.com\/danbyappliances\/\",\"https:\/\/www.linkedin.com\/company\/danbyappliances\",\"https:\/\/www.pinterest.ca\/danbyappliances\/\",\"https:\/\/www.youtube.com\/user\/DanbyProducts\",\"https:\/\/en.wikipedia.org\/wiki\/Danby_(appliances)\"]}]}<\/script>\n<!-- \/ Yoast SEO plugin. -->","yoast_head_json":{"title":"Climatiseur mural Danby de 18 000 BTU avec pompe \u00e0 chaleur et inverseur \u00e0 vitesse variable en blanc - DAS180BAHWDB | Danby Canada","description":"Ce climatiseur mural avec syst\u00e8me de pompe \u00e0 chaleur fournit 18 000 BTU de refroidissement et de chauffage, con\u00e7u pour rafra\u00eechir et chauffer des espaces allant jusqu'\u00e0 750 pieds carr\u00e9s, avec un inverseur \u00e0 vitesse variable garantissant des performances silencieuses et efficaces. Cet appareil est con\u00e7u pour vous faire \u00e9conomiser de l'argent, et son fonctionnement \u00e0 basse temp\u00e9rature ainsi que la pompe \u00e0 chaleur en font une solution id\u00e9ale toute l'ann\u00e9e. Le filtre \u00e0 air actif au charbon \u00e9limine les contaminants et impuret\u00e9s de l'air, tandis que la fonction mode turbo permet \u00e0 l'appareil d'atteindre rapidement les temp\u00e9ratures pr\u00e9r\u00e9gl\u00e9es.","robots":{"index":"index","follow":"follow","max-snippet":"max-snippet:-1","max-image-preview":"max-image-preview:large","max-video-preview":"max-video-preview:-1"},"canonical":"https:\/\/www.danby.com\/fr\/products\/systemes-de-fractionnement-sans-conduit\/das180bahwdb\/","og_locale":"fr_CA","og_type":"article","og_title":"Climatiseur mural Danby de 18 000 BTU avec pompe \u00e0 chaleur et inverseur \u00e0 vitesse variable en blanc - DAS180BAHWDB | Danby Canada","og_description":"Ce climatiseur mural avec syst\u00e8me de pompe \u00e0 chaleur fournit 18 000 BTU de refroidissement et de chauffage, con\u00e7u pour rafra\u00eechir et chauffer des espaces allant jusqu'\u00e0 750 pieds carr\u00e9s, avec un inverseur \u00e0 vitesse variable garantissant des performances silencieuses et efficaces. Cet appareil est con\u00e7u pour vous faire \u00e9conomiser de l'argent, et son fonctionnement \u00e0 basse temp\u00e9rature ainsi que la pompe \u00e0 chaleur en font une solution id\u00e9ale toute l'ann\u00e9e. Le filtre \u00e0 air actif au charbon \u00e9limine les contaminants et impuret\u00e9s de l'air, tandis que la fonction mode turbo permet \u00e0 l'appareil d'atteindre rapidement les temp\u00e9ratures pr\u00e9r\u00e9gl\u00e9es.","og_url":"https:\/\/www.danby.com\/fr\/products\/systemes-de-fractionnement-sans-conduit\/das180bahwdb\/","og_site_name":"Danby - Canada - French","article_publisher":"https:\/\/www.facebook.com\/DanbyAppliances","article_modified_time":"2026-04-09T10:05:55+00:00","og_image":[{"width":1500,"height":2000,"url":"https:\/\/cdnweb.danby.com\/wp-content\/uploads\/sites\/2\/2023\/11\/01190517\/DAS180BAHWDB_Warranty_CAD.jpg","type":"image\/jpeg"}],"twitter_card":"summary_large_image","twitter_site":"@DanbyAppliance","schema":{"@context":"https:\/\/schema.org","@graph":[{"@type":["WebPage","ItemPage"],"url":"https:\/\/www.danby.com\/fr\/products\/systemes-de-fractionnement-sans-conduit\/das180bahwdb\/","name":"Climatiseur mural Danby de 18 000 BTU avec pompe \u00e0 chaleur et inverseur \u00e0 vitesse variable en blanc - DAS180BAHWDB | Danby Canada","isPartOf":[],"primaryImageOfPage":[],"image":[],"thumbnailUrl":"https:\/\/www.danby.com\/fr\/wp-content\/uploads\/sites\/2\/2025\/09\/das180bahwdb-thumbnail.jpg","datePublished":"2022-02-03T19:14:08+00:00","dateModified":"2026-04-09T10:05:55+00:00","description":"Ce climatiseur mural avec syst\u00e8me de pompe \u00e0 chaleur fournit 18 000 BTU de refroidissement et de chauffage, con\u00e7u pour rafra\u00eechir et chauffer des espaces allant jusqu'\u00e0 750 pieds carr\u00e9s, avec un inverseur \u00e0 vitesse variable garantissant des performances silencieuses et efficaces. Cet appareil est con\u00e7u pour vous faire \u00e9conomiser de l'argent, et son fonctionnement \u00e0 basse temp\u00e9rature ainsi que la pompe \u00e0 chaleur en font une solution id\u00e9ale toute l'ann\u00e9e. Le filtre \u00e0 air actif au charbon \u00e9limine les contaminants et impuret\u00e9s de l'air, tandis que la fonction mode turbo permet \u00e0 l'appareil d'atteindre rapidement les temp\u00e9ratures pr\u00e9r\u00e9gl\u00e9es.","breadcrumb":[],"inLanguage":"fr-CA","potentialAction":[{"@type":"ReadAction","target":["https:\/\/www.danby.com\/fr\/products\/systemes-de-fractionnement-sans-conduit\/das180bahwdb\/"]}]},{"@type":"ImageObject","inLanguage":"fr-CA","url":"https:\/\/www.danby.com\/fr\/wp-content\/uploads\/sites\/2\/2025\/09\/das180bahwdb-thumbnail.jpg","contentUrl":"https:\/\/www.danby.com\/fr\/wp-content\/uploads\/sites\/2\/2025\/09\/das180bahwdb-thumbnail.jpg","width":768,"height":1024},{"@type":"BreadcrumbList","itemListElement":[{"@type":"ListItem","position":1,"name":"Home","item":"https:\/\/www.danby.com\/fr\/"},{"@type":"ListItem","position":2,"name":"Boutique","item":"https:\/\/www.danby.com\/fr\/boutique\/"},{"@type":"ListItem","position":3,"name":"Climatiseur mini-split Danby 18 000 BTU avec pompe \u00e0 chaleur et variateur de vitesse"}]},{"@type":"WebSite","url":"https:\/\/www.danby.com\/fr\/","name":"Danby - Canada - French","description":"Leader dans le domaine de la r\u00e9frig\u00e9ration et des appareils sp\u00e9cialis\u00e9s","publisher":[],"potentialAction":[{"@type":"SearchAction","target":{"@type":"EntryPoint","urlTemplate":"https:\/\/www.danby.com\/fr\/?s={search_term_string}"},"query-input":{"@type":"PropertyValueSpecification","valueRequired":true,"valueName":"search_term_string"}}],"inLanguage":"fr-CA"},{"@type":"Organization","name":"Danby Appliances","url":"https:\/\/www.danby.com\/fr\/","logo":{"@type":"ImageObject","inLanguage":"fr-CA","url":"https:\/\/cdnweb.danby.com\/wp-content\/uploads\/sites\/2\/2022\/02\/10141906\/Danby75Ans_Blue.png","contentUrl":"https:\/\/cdnweb.danby.com\/wp-content\/uploads\/sites\/2\/2022\/02\/10141906\/Danby75Ans_Blue.png","width":470,"height":110,"caption":"Danby Appliances"},"image":[],"sameAs":["https:\/\/www.facebook.com\/DanbyAppliances","https:\/\/x.com\/DanbyAppliance","https:\/\/instagram.com\/danbyappliances\/","https:\/\/www.linkedin.com\/company\/danbyappliances","https:\/\/www.pinterest.ca\/danbyappliances\/","https:\/\/www.youtube.com\/user\/DanbyProducts","https:\/\/en.wikipedia.org\/wiki\/Danby_(appliances)"]}]}},"post_mailing_queue_ids":[],"_links":{"self":[{"href":"https:\/\/www.danby.com\/fr\/wp-json\/wp\/v2\/product\/4675","targetHints":{"allow":["GET"]}}],"collection":[{"href":"https:\/\/www.danby.com\/fr\/wp-json\/wp\/v2\/product"}],"about":[{"href":"https:\/\/www.danby.com\/fr\/wp-json\/wp\/v2\/types\/product"}],"replies":[{"embeddable":true,"href":"https:\/\/www.danby.com\/fr\/wp-json\/wp\/v2\/comments?post=4675"}],"wp:featuredmedia":[{"embeddable":true,"href":"https:\/\/www.danby.com\/fr\/wp-json\/wp\/v2\/media\/34898"}],"wp:attachment":[{"href":"https:\/\/www.danby.com\/fr\/wp-json\/wp\/v2\/media?parent=4675"}],"wp:term":[{"taxonomy":"product_brand","embeddable":true,"href":"https:\/\/www.danby.com\/fr\/wp-json\/wp\/v2\/product_brand?post=4675"},{"taxonomy":"product_cat","embeddable":true,"href":"https:\/\/www.danby.com\/fr\/wp-json\/wp\/v2\/product_cat?post=4675"},{"taxonomy":"product_tag","embeddable":true,"href":"https:\/\/www.danby.com\/fr\/wp-json\/wp\/v2\/product_tag?post=4675"}],"curies":[{"name":"wp","href":"https:\/\/api.w.org\/{rel}","templated":true}]}}