{"id":4672,"date":"2022-02-03T19:14:08","date_gmt":"2022-02-03T19:14:08","guid":{"rendered":"https:\/\/www.danby.com\/fr\/product\/das120eaqhwdb\/"},"modified":"2026-04-10T10:05:19","modified_gmt":"2026-04-10T10:05:19","slug":"das120eaqhwdb","status":"publish","type":"product","link":"https:\/\/www.danby.com\/fr\/products\/systemes-de-fractionnement-sans-conduit\/das120eaqhwdb\/","title":{"rendered":"Danby Mini-Split AC 12000 BTU avec pompe \u00e0 chaleur en blanc"},"content":{"rendered":"","protected":false},"excerpt":{"rendered":"<ul>\n<li>Con\u00e7u pour une performance silencieuse et efficace, cet appareil utilise un inverseur \u00e0 vitesse variable pour refroidir et chauffer des pi\u00e8ces allant jusqu&#8217;\u00e0 550 m\u00b2.<\/li>\n<li>Avec un indice SEER de 21,0 et la certification DOE, cet appareil permet de r\u00e9aliser des \u00e9conomies significatives sur les co\u00fbts de chauffage et de climatisation.<\/li>\n<li>Fonctionne \u00e0 des temp\u00e9ratures aussi basses que -4\u00b0F\/-20\u00b0C, id\u00e9al pour un rafra\u00eechissement tout au long de l&#8217;ann\u00e9e. Sa fonction de pompe \u00e0 chaleur assure le confort en toute saison.<\/li>\n<li>D\u00e9tection des fuites de r\u00e9frig\u00e9rant : Arr\u00eate automatiquement l&#8217;unit\u00e9 si une fuite est d\u00e9tect\u00e9e.<\/li>\n<li>Pr\u00e9charg\u00e9s de r\u00e9frig\u00e9rant R454B, l&#8217;unit\u00e9 int\u00e9rieure, l&#8217;unit\u00e9 ext\u00e9rieure et les tuyaux sont pr\u00eats \u00e0 \u00eatre install\u00e9s.<\/li>\n<li>Comprend un filtre \u00e0 air haute densit\u00e9 qui \u00e9limine les contaminants et les impuret\u00e9s, ainsi que deux filtres lavables pour un entretien continu de la qualit\u00e9 de l&#8217;air.<\/li>\n<li>Mode Turbo : Permet \u00e0 l&#8217;appareil d&#8217;atteindre rapidement la temp\u00e9rature pr\u00e9r\u00e9gl\u00e9e.<\/li>\n<li>M\u00e9moire de l&#8217;angle de la persienne : La persienne se r\u00e8gle automatiquement sur sa derni\u00e8re position lorsque l&#8217;appareil est mis en marche.<\/li>\n<li>La fonction anti-courant d&#8217;air froid ajuste la vitesse du ventilateur et l&#8217;angle de la persienne en fonction de la temp\u00e9rature ambiante, emp\u00eachant l&#8217;air froid de souffler en mode chauffage.<\/li>\n<li>En interne, l&#8217;unit\u00e9 fonctionne \u00e0 seulement 34 dB, ce qui lui conf\u00e8re un fonctionnement ultra-silencieux.<\/li>\n<\/ul>\n","protected":false},"featured_media":27082,"comment_status":"closed","ping_status":"closed","template":"","meta":{"_acf_changed":false},"product_brand":[],"product_cat":[26],"product_tag":[],"class_list":{"0":"post-4672","1":"product","2":"type-product","3":"status-publish","4":"has-post-thumbnail","6":"product_cat-systemes-de-fractionnement-sans-conduit","8":"first","9":"outofstock","10":"taxable","11":"shipping-taxable","12":"product-type-simple"},"acf":[],"yoast_head":"<!-- This site is optimized with the Yoast SEO plugin v26.7 - https:\/\/yoast.com\/wordpress\/plugins\/seo\/ -->\n<title>Danby Mini-Split AC 12000 BTU avec pompe \u00e0 chaleur en blanc - DAS120EAQHWDB | Danby Canada<\/title>\n<meta name=\"description\" content=\"Ce climatiseur mini-split avec pompe \u00e0 chaleur offre une capacit\u00e9 de refroidissement et de chauffage de 12 000 BTU, con\u00e7ue pour refroidir et chauffer des pi\u00e8ces jusqu&#039;\u00e0 550 pieds carr\u00e9s. L&#039;inverseur \u00e0 vitesse variable de ce mod\u00e8le permet d&#039;atteindre cet objectif de mani\u00e8re silencieuse et efficace. Cet appareil est certifi\u00e9 DOE, il est donc con\u00e7u pour vous aider \u00e0 \u00e9conomiser de l&#039;argent, et le fonctionnement \u00e0 basse temp\u00e9rature et la pompe \u00e0 chaleur en font une solution toute l&#039;ann\u00e9e pour votre maison, votre bureau ou votre chalet ! Le filtre \u00e0 air haute densit\u00e9 aide \u00e0 \u00e9liminer les contaminants et les impuret\u00e9s de l&#039;air, et la fonction de mode turbo permet \u00e0 l&#039;appareil d&#039;atteindre rapidement les temp\u00e9ratures pr\u00e9d\u00e9finies. Il existe \u00e9galement une fonction anti-courant d&#039;air froid qui emp\u00eache l&#039;air froid de p\u00e9n\u00e9trer dans votre espace lorsque l&#039;appareil est en mode chauffage.\" \/>\n<meta name=\"robots\" content=\"index, follow, max-snippet:-1, max-image-preview:large, max-video-preview:-1\" \/>\n<link rel=\"canonical\" href=\"https:\/\/www.danby.com\/fr\/products\/systemes-de-fractionnement-sans-conduit\/das120eaqhwdb\/\" \/>\n<meta property=\"og:locale\" content=\"fr_CA\" \/>\n<meta property=\"og:type\" content=\"article\" \/>\n<meta property=\"og:title\" content=\"Danby Mini-Split AC 12000 BTU avec pompe \u00e0 chaleur en blanc - DAS120EAQHWDB | Danby Canada\" \/>\n<meta property=\"og:description\" content=\"Ce climatiseur mini-split avec pompe \u00e0 chaleur offre une capacit\u00e9 de refroidissement et de chauffage de 12 000 BTU, con\u00e7ue pour refroidir et chauffer des pi\u00e8ces jusqu&#039;\u00e0 550 pieds carr\u00e9s. L&#039;inverseur \u00e0 vitesse variable de ce mod\u00e8le permet d&#039;atteindre cet objectif de mani\u00e8re silencieuse et efficace. Cet appareil est certifi\u00e9 DOE, il est donc con\u00e7u pour vous aider \u00e0 \u00e9conomiser de l&#039;argent, et le fonctionnement \u00e0 basse temp\u00e9rature et la pompe \u00e0 chaleur en font une solution toute l&#039;ann\u00e9e pour votre maison, votre bureau ou votre chalet ! Le filtre \u00e0 air haute densit\u00e9 aide \u00e0 \u00e9liminer les contaminants et les impuret\u00e9s de l&#039;air, et la fonction de mode turbo permet \u00e0 l&#039;appareil d&#039;atteindre rapidement les temp\u00e9ratures pr\u00e9d\u00e9finies. Il existe \u00e9galement une fonction anti-courant d&#039;air froid qui emp\u00eache l&#039;air froid de p\u00e9n\u00e9trer dans votre espace lorsque l&#039;appareil est en mode chauffage.\" \/>\n<meta property=\"og:url\" content=\"https:\/\/www.danby.com\/fr\/products\/systemes-de-fractionnement-sans-conduit\/das120eaqhwdb\/\" \/>\n<meta property=\"og:site_name\" content=\"Danby - Canada - French\" \/>\n<meta property=\"article:publisher\" content=\"https:\/\/www.facebook.com\/DanbyAppliances\" \/>\n<meta property=\"article:modified_time\" content=\"2026-04-10T10:05:19+00:00\" \/>\n<meta property=\"og:image\" content=\"https:\/\/cdnweb.danby.com\/wp-content\/uploads\/sites\/2\/2022\/02\/25180505\/DAS180EAQHWDB-I_FrontBadge_Featured.jpg\" \/>\n\t<meta property=\"og:image:width\" content=\"1500\" \/>\n\t<meta property=\"og:image:height\" content=\"2000\" \/>\n\t<meta property=\"og:image:type\" content=\"image\/jpeg\" \/>\n<meta name=\"twitter:card\" content=\"summary_large_image\" \/>\n<meta name=\"twitter:site\" content=\"@DanbyAppliance\" \/>\n<meta name=\"twitter:label1\" content=\"Estimation du temps de lecture\" \/>\n\t<meta name=\"twitter:data1\" content=\"1 minute\" \/>\n<script type=\"application\/ld+json\" class=\"yoast-schema-graph\">{\"@context\":\"https:\/\/schema.org\",\"@graph\":[{\"@type\":[\"WebPage\",\"ItemPage\"],\"url\":\"https:\/\/www.danby.com\/fr\/products\/systemes-de-fractionnement-sans-conduit\/das120eaqhwdb\/\",\"name\":\"Danby Mini-Split AC 12000 BTU avec pompe \u00e0 chaleur en blanc - DAS120EAQHWDB | Danby Canada\",\"isPartOf\":[],\"primaryImageOfPage\":[],\"image\":[],\"thumbnailUrl\":\"https:\/\/cdnweb.danby.com\/wp-content\/uploads\/sites\/2\/2022\/02\/25180505\/DAS180EAQHWDB-I_FrontBadge_Featured.jpg\",\"datePublished\":\"2022-02-03T19:14:08+00:00\",\"dateModified\":\"2026-04-10T10:05:19+00:00\",\"description\":\"Ce climatiseur mini-split avec pompe \u00e0 chaleur offre une capacit\u00e9 de refroidissement et de chauffage de 12 000 BTU, con\u00e7ue pour refroidir et chauffer des pi\u00e8ces jusqu'\u00e0 550 pieds carr\u00e9s. L'inverseur \u00e0 vitesse variable de ce mod\u00e8le permet d'atteindre cet objectif de mani\u00e8re silencieuse et efficace. Cet appareil est certifi\u00e9 DOE, il est donc con\u00e7u pour vous aider \u00e0 \u00e9conomiser de l'argent, et le fonctionnement \u00e0 basse temp\u00e9rature et la pompe \u00e0 chaleur en font une solution toute l'ann\u00e9e pour votre maison, votre bureau ou votre chalet ! Le filtre \u00e0 air haute densit\u00e9 aide \u00e0 \u00e9liminer les contaminants et les impuret\u00e9s de l'air, et la fonction de mode turbo permet \u00e0 l'appareil d'atteindre rapidement les temp\u00e9ratures pr\u00e9d\u00e9finies. Il existe \u00e9galement une fonction anti-courant d'air froid qui emp\u00eache l'air froid de p\u00e9n\u00e9trer dans votre espace lorsque l'appareil est en mode chauffage.\",\"breadcrumb\":[],\"inLanguage\":\"fr-CA\",\"potentialAction\":[{\"@type\":\"ReadAction\",\"target\":[\"https:\/\/www.danby.com\/fr\/products\/systemes-de-fractionnement-sans-conduit\/das120eaqhwdb\/\"]}]},{\"@type\":\"ImageObject\",\"inLanguage\":\"fr-CA\",\"url\":\"https:\/\/cdnweb.danby.com\/wp-content\/uploads\/sites\/2\/2022\/02\/25180505\/DAS180EAQHWDB-I_FrontBadge_Featured.jpg\",\"contentUrl\":\"https:\/\/cdnweb.danby.com\/wp-content\/uploads\/sites\/2\/2022\/02\/25180505\/DAS180EAQHWDB-I_FrontBadge_Featured.jpg\",\"width\":1500,\"height\":2000},{\"@type\":\"BreadcrumbList\",\"itemListElement\":[{\"@type\":\"ListItem\",\"position\":1,\"name\":\"Home\",\"item\":\"https:\/\/www.danby.com\/fr\/\"},{\"@type\":\"ListItem\",\"position\":2,\"name\":\"Boutique\",\"item\":\"https:\/\/www.danby.com\/fr\/boutique\/\"},{\"@type\":\"ListItem\",\"position\":3,\"name\":\"Danby Mini-Split AC 12000 BTU avec pompe \u00e0 chaleur en blanc\"}]},{\"@type\":\"WebSite\",\"url\":\"https:\/\/www.danby.com\/fr\/\",\"name\":\"Danby - Canada - French\",\"description\":\"Leader dans le domaine de la r\u00e9frig\u00e9ration et des appareils sp\u00e9cialis\u00e9s\",\"publisher\":[],\"potentialAction\":[{\"@type\":\"SearchAction\",\"target\":{\"@type\":\"EntryPoint\",\"urlTemplate\":\"https:\/\/www.danby.com\/fr\/?s={search_term_string}\"},\"query-input\":{\"@type\":\"PropertyValueSpecification\",\"valueRequired\":true,\"valueName\":\"search_term_string\"}}],\"inLanguage\":\"fr-CA\"},{\"@type\":\"Organization\",\"name\":\"Danby Appliances\",\"url\":\"https:\/\/www.danby.com\/fr\/\",\"logo\":{\"@type\":\"ImageObject\",\"inLanguage\":\"fr-CA\",\"url\":\"https:\/\/cdnweb.danby.com\/wp-content\/uploads\/sites\/2\/2022\/02\/10141906\/Danby75Ans_Blue.png\",\"contentUrl\":\"https:\/\/cdnweb.danby.com\/wp-content\/uploads\/sites\/2\/2022\/02\/10141906\/Danby75Ans_Blue.png\",\"width\":470,\"height\":110,\"caption\":\"Danby Appliances\"},\"image\":[],\"sameAs\":[\"https:\/\/www.facebook.com\/DanbyAppliances\",\"https:\/\/x.com\/DanbyAppliance\",\"https:\/\/instagram.com\/danbyappliances\/\",\"https:\/\/www.linkedin.com\/company\/danbyappliances\",\"https:\/\/www.pinterest.ca\/danbyappliances\/\",\"https:\/\/www.youtube.com\/user\/DanbyProducts\",\"https:\/\/en.wikipedia.org\/wiki\/Danby_(appliances)\"]}]}<\/script>\n<!-- \/ Yoast SEO plugin. -->","yoast_head_json":{"title":"Danby Mini-Split AC 12000 BTU avec pompe \u00e0 chaleur en blanc - DAS120EAQHWDB | Danby Canada","description":"Ce climatiseur mini-split avec pompe \u00e0 chaleur offre une capacit\u00e9 de refroidissement et de chauffage de 12 000 BTU, con\u00e7ue pour refroidir et chauffer des pi\u00e8ces jusqu'\u00e0 550 pieds carr\u00e9s. L'inverseur \u00e0 vitesse variable de ce mod\u00e8le permet d'atteindre cet objectif de mani\u00e8re silencieuse et efficace. Cet appareil est certifi\u00e9 DOE, il est donc con\u00e7u pour vous aider \u00e0 \u00e9conomiser de l'argent, et le fonctionnement \u00e0 basse temp\u00e9rature et la pompe \u00e0 chaleur en font une solution toute l'ann\u00e9e pour votre maison, votre bureau ou votre chalet ! Le filtre \u00e0 air haute densit\u00e9 aide \u00e0 \u00e9liminer les contaminants et les impuret\u00e9s de l'air, et la fonction de mode turbo permet \u00e0 l'appareil d'atteindre rapidement les temp\u00e9ratures pr\u00e9d\u00e9finies. Il existe \u00e9galement une fonction anti-courant d'air froid qui emp\u00eache l'air froid de p\u00e9n\u00e9trer dans votre espace lorsque l'appareil est en mode chauffage.","robots":{"index":"index","follow":"follow","max-snippet":"max-snippet:-1","max-image-preview":"max-image-preview:large","max-video-preview":"max-video-preview:-1"},"canonical":"https:\/\/www.danby.com\/fr\/products\/systemes-de-fractionnement-sans-conduit\/das120eaqhwdb\/","og_locale":"fr_CA","og_type":"article","og_title":"Danby Mini-Split AC 12000 BTU avec pompe \u00e0 chaleur en blanc - DAS120EAQHWDB | Danby Canada","og_description":"Ce climatiseur mini-split avec pompe \u00e0 chaleur offre une capacit\u00e9 de refroidissement et de chauffage de 12 000 BTU, con\u00e7ue pour refroidir et chauffer des pi\u00e8ces jusqu'\u00e0 550 pieds carr\u00e9s. L'inverseur \u00e0 vitesse variable de ce mod\u00e8le permet d'atteindre cet objectif de mani\u00e8re silencieuse et efficace. Cet appareil est certifi\u00e9 DOE, il est donc con\u00e7u pour vous aider \u00e0 \u00e9conomiser de l'argent, et le fonctionnement \u00e0 basse temp\u00e9rature et la pompe \u00e0 chaleur en font une solution toute l'ann\u00e9e pour votre maison, votre bureau ou votre chalet ! Le filtre \u00e0 air haute densit\u00e9 aide \u00e0 \u00e9liminer les contaminants et les impuret\u00e9s de l'air, et la fonction de mode turbo permet \u00e0 l'appareil d'atteindre rapidement les temp\u00e9ratures pr\u00e9d\u00e9finies. Il existe \u00e9galement une fonction anti-courant d'air froid qui emp\u00eache l'air froid de p\u00e9n\u00e9trer dans votre espace lorsque l'appareil est en mode chauffage.","og_url":"https:\/\/www.danby.com\/fr\/products\/systemes-de-fractionnement-sans-conduit\/das120eaqhwdb\/","og_site_name":"Danby - Canada - French","article_publisher":"https:\/\/www.facebook.com\/DanbyAppliances","article_modified_time":"2026-04-10T10:05:19+00:00","og_image":[{"width":1500,"height":2000,"url":"https:\/\/cdnweb.danby.com\/wp-content\/uploads\/sites\/2\/2022\/02\/25180505\/DAS180EAQHWDB-I_FrontBadge_Featured.jpg","type":"image\/jpeg"}],"twitter_card":"summary_large_image","twitter_site":"@DanbyAppliance","twitter_misc":{"Estimation du temps de lecture":"1 minute"},"schema":{"@context":"https:\/\/schema.org","@graph":[{"@type":["WebPage","ItemPage"],"url":"https:\/\/www.danby.com\/fr\/products\/systemes-de-fractionnement-sans-conduit\/das120eaqhwdb\/","name":"Danby Mini-Split AC 12000 BTU avec pompe \u00e0 chaleur en blanc - DAS120EAQHWDB | Danby Canada","isPartOf":[],"primaryImageOfPage":[],"image":[],"thumbnailUrl":"https:\/\/cdnweb.danby.com\/wp-content\/uploads\/sites\/2\/2022\/02\/25180505\/DAS180EAQHWDB-I_FrontBadge_Featured.jpg","datePublished":"2022-02-03T19:14:08+00:00","dateModified":"2026-04-10T10:05:19+00:00","description":"Ce climatiseur mini-split avec pompe \u00e0 chaleur offre une capacit\u00e9 de refroidissement et de chauffage de 12 000 BTU, con\u00e7ue pour refroidir et chauffer des pi\u00e8ces jusqu'\u00e0 550 pieds carr\u00e9s. L'inverseur \u00e0 vitesse variable de ce mod\u00e8le permet d'atteindre cet objectif de mani\u00e8re silencieuse et efficace. Cet appareil est certifi\u00e9 DOE, il est donc con\u00e7u pour vous aider \u00e0 \u00e9conomiser de l'argent, et le fonctionnement \u00e0 basse temp\u00e9rature et la pompe \u00e0 chaleur en font une solution toute l'ann\u00e9e pour votre maison, votre bureau ou votre chalet ! Le filtre \u00e0 air haute densit\u00e9 aide \u00e0 \u00e9liminer les contaminants et les impuret\u00e9s de l'air, et la fonction de mode turbo permet \u00e0 l'appareil d'atteindre rapidement les temp\u00e9ratures pr\u00e9d\u00e9finies. Il existe \u00e9galement une fonction anti-courant d'air froid qui emp\u00eache l'air froid de p\u00e9n\u00e9trer dans votre espace lorsque l'appareil est en mode chauffage.","breadcrumb":[],"inLanguage":"fr-CA","potentialAction":[{"@type":"ReadAction","target":["https:\/\/www.danby.com\/fr\/products\/systemes-de-fractionnement-sans-conduit\/das120eaqhwdb\/"]}]},{"@type":"ImageObject","inLanguage":"fr-CA","url":"https:\/\/cdnweb.danby.com\/wp-content\/uploads\/sites\/2\/2022\/02\/25180505\/DAS180EAQHWDB-I_FrontBadge_Featured.jpg","contentUrl":"https:\/\/cdnweb.danby.com\/wp-content\/uploads\/sites\/2\/2022\/02\/25180505\/DAS180EAQHWDB-I_FrontBadge_Featured.jpg","width":1500,"height":2000},{"@type":"BreadcrumbList","itemListElement":[{"@type":"ListItem","position":1,"name":"Home","item":"https:\/\/www.danby.com\/fr\/"},{"@type":"ListItem","position":2,"name":"Boutique","item":"https:\/\/www.danby.com\/fr\/boutique\/"},{"@type":"ListItem","position":3,"name":"Danby Mini-Split AC 12000 BTU avec pompe \u00e0 chaleur en blanc"}]},{"@type":"WebSite","url":"https:\/\/www.danby.com\/fr\/","name":"Danby - Canada - French","description":"Leader dans le domaine de la r\u00e9frig\u00e9ration et des appareils sp\u00e9cialis\u00e9s","publisher":[],"potentialAction":[{"@type":"SearchAction","target":{"@type":"EntryPoint","urlTemplate":"https:\/\/www.danby.com\/fr\/?s={search_term_string}"},"query-input":{"@type":"PropertyValueSpecification","valueRequired":true,"valueName":"search_term_string"}}],"inLanguage":"fr-CA"},{"@type":"Organization","name":"Danby Appliances","url":"https:\/\/www.danby.com\/fr\/","logo":{"@type":"ImageObject","inLanguage":"fr-CA","url":"https:\/\/cdnweb.danby.com\/wp-content\/uploads\/sites\/2\/2022\/02\/10141906\/Danby75Ans_Blue.png","contentUrl":"https:\/\/cdnweb.danby.com\/wp-content\/uploads\/sites\/2\/2022\/02\/10141906\/Danby75Ans_Blue.png","width":470,"height":110,"caption":"Danby Appliances"},"image":[],"sameAs":["https:\/\/www.facebook.com\/DanbyAppliances","https:\/\/x.com\/DanbyAppliance","https:\/\/instagram.com\/danbyappliances\/","https:\/\/www.linkedin.com\/company\/danbyappliances","https:\/\/www.pinterest.ca\/danbyappliances\/","https:\/\/www.youtube.com\/user\/DanbyProducts","https:\/\/en.wikipedia.org\/wiki\/Danby_(appliances)"]}]}},"post_mailing_queue_ids":[],"_links":{"self":[{"href":"https:\/\/www.danby.com\/fr\/wp-json\/wp\/v2\/product\/4672","targetHints":{"allow":["GET"]}}],"collection":[{"href":"https:\/\/www.danby.com\/fr\/wp-json\/wp\/v2\/product"}],"about":[{"href":"https:\/\/www.danby.com\/fr\/wp-json\/wp\/v2\/types\/product"}],"replies":[{"embeddable":true,"href":"https:\/\/www.danby.com\/fr\/wp-json\/wp\/v2\/comments?post=4672"}],"wp:featuredmedia":[{"embeddable":true,"href":"https:\/\/www.danby.com\/fr\/wp-json\/wp\/v2\/media\/27082"}],"wp:attachment":[{"href":"https:\/\/www.danby.com\/fr\/wp-json\/wp\/v2\/media?parent=4672"}],"wp:term":[{"taxonomy":"product_brand","embeddable":true,"href":"https:\/\/www.danby.com\/fr\/wp-json\/wp\/v2\/product_brand?post=4672"},{"taxonomy":"product_cat","embeddable":true,"href":"https:\/\/www.danby.com\/fr\/wp-json\/wp\/v2\/product_cat?post=4672"},{"taxonomy":"product_tag","embeddable":true,"href":"https:\/\/www.danby.com\/fr\/wp-json\/wp\/v2\/product_tag?post=4672"}],"curies":[{"name":"wp","href":"https:\/\/api.w.org\/{rel}","templated":true}]}}