{"id":4671,"date":"2022-02-03T19:13:52","date_gmt":"2022-02-03T19:13:52","guid":{"rendered":"https:\/\/www.danby.com\/fr\/product\/das120bahwdb\/"},"modified":"2026-04-16T10:06:42","modified_gmt":"2026-04-16T10:06:42","slug":"das120bahwdb","status":"publish","type":"product","link":"https:\/\/www.danby.com\/fr\/products\/systemes-de-fractionnement-sans-conduit\/das120bahwdb\/","title":{"rendered":"Climatiseur mini-split Danby 12 000 BTU avec pompe \u00e0 chaleur et inverseur \u00e0 vitesse variable"},"content":{"rendered":"","protected":false},"excerpt":{"rendered":"<ul>\n<li>Cote SEER 21,5 Certifi\u00e9 Energy Star : vous permet d&#8217;\u00e9conomiser un montant consid\u00e9rable pour le chauffage et la climatisation.<\/li>\n<li>Con\u00e7u pour refroidir et chauffer des pi\u00e8ces jusqu&#8217;\u00e0 500 pieds carr\u00e9s avec un inverseur \u00e0 vitesse variable assurant que cela est r\u00e9alis\u00e9 silencieusement et efficacement.<\/li>\n<li>Fonctionnement \u00e0 basse temp\u00e9rature : fonctionne \u00e0 des temp\u00e9ratures aussi basses que 5F\/-15C, ce qui le rend id\u00e9al pour les sc\u00e9narios qui n\u00e9cessitent un refroidissement tout au long de l&#8217;ann\u00e9e, tandis que la pompe \u00e0 chaleur en fait une solution 4 saisons<\/li>\n<li>D\u00e9tection des fuites de r\u00e9frig\u00e9rant : l&#8217;unit\u00e9 s&#8217;arr\u00eatera automatiquement en cas de fuite<\/li>\n<li>Vient pr\u00e9-charg\u00e9e avec du r\u00e9frig\u00e9rant R410-A.<\/li>\n<li>Filtre \u00e0 air \u00e0 charbon actif pour \u00e9liminer les contaminants et les impuret\u00e9s dans l&#8217;air et filtres doubles lavables qui fournissent un air de qualit\u00e9 pour votre maison<\/li>\n<li>Mode Turbo : permet \u00e0 l&#8217;unit\u00e9 d&#8217;atteindre la temp\u00e9rature pr\u00e9d\u00e9finie dans le temps le plus court<\/li>\n<li>M\u00e9morisation de l&#8217;angle des persiennes : lorsque l&#8217;unit\u00e9 est allum\u00e9e, les persiennes reviennent automatiquement \u00e0 la derni\u00e8re position m\u00e9moris\u00e9e<\/li>\n<li>Anti-Cold Draft : la vitesse du ventilateur et l&#8217;angle des persiennes s&#8217;ajustent en fonction de la temp\u00e9rature ambiante pour \u00e9viter l&#8217;air froid en mode chauffage<\/li>\n<\/ul>\n","protected":false},"featured_media":11752,"comment_status":"closed","ping_status":"closed","template":"","meta":{"_acf_changed":false},"product_brand":[],"product_cat":[26],"product_tag":[],"class_list":{"0":"post-4671","1":"product","2":"type-product","3":"status-publish","4":"has-post-thumbnail","6":"product_cat-systemes-de-fractionnement-sans-conduit","8":"first","9":"outofstock","10":"taxable","11":"shipping-taxable","12":"product-type-simple"},"acf":[],"yoast_head":"<!-- This site is optimized with the Yoast SEO plugin v26.7 - https:\/\/yoast.com\/wordpress\/plugins\/seo\/ -->\n<title>Climatiseur mini-split Danby 12 000 BTU avec pompe \u00e0 chaleur et inverseur \u00e0 vitesse variable - DAS120BAHWDB | Danby Canada<\/title>\n<meta name=\"description\" content=\"Ce climatiseur Mini-Split avec syst\u00e8me de thermopompe offre 12\u00a0000\u00a0BTU de refroidissement et de chauffage, con\u00e7u pour refroidir et chauffer des pi\u00e8ces de 500\u00a0pi2 et moins avec un onduleur \u00e0 vitesse variable assurant une utilisation efficace et silencieuse. Cet appareil est certifi\u00e9 ENERGY STAR, con\u00e7u pour vous faire \u00e9conomiser de l\u2019argent et son fonctionnement \u00e0 basse temp\u00e9rature et sa thermopompe en font une solution toute l\u2019ann\u00e9e. Le filtre \u00e0 air au charbon actif \u00e9limine les contaminants et les impuret\u00e9s de l\u2019air et le mode turbo permet \u00e0 l\u2019unit\u00e9 d\u2019atteindre rapidement les temp\u00e9ratures pr\u00e9r\u00e9gl\u00e9es.\" \/>\n<meta name=\"robots\" content=\"index, follow, max-snippet:-1, max-image-preview:large, max-video-preview:-1\" \/>\n<link rel=\"canonical\" href=\"https:\/\/www.danby.com\/fr\/products\/systemes-de-fractionnement-sans-conduit\/das120bahwdb\/\" \/>\n<meta property=\"og:locale\" content=\"fr_CA\" \/>\n<meta property=\"og:type\" content=\"article\" \/>\n<meta property=\"og:title\" content=\"Climatiseur mini-split Danby 12 000 BTU avec pompe \u00e0 chaleur et inverseur \u00e0 vitesse variable - DAS120BAHWDB | Danby Canada\" \/>\n<meta property=\"og:description\" content=\"Ce climatiseur Mini-Split avec syst\u00e8me de thermopompe offre 12\u00a0000\u00a0BTU de refroidissement et de chauffage, con\u00e7u pour refroidir et chauffer des pi\u00e8ces de 500\u00a0pi2 et moins avec un onduleur \u00e0 vitesse variable assurant une utilisation efficace et silencieuse. Cet appareil est certifi\u00e9 ENERGY STAR, con\u00e7u pour vous faire \u00e9conomiser de l\u2019argent et son fonctionnement \u00e0 basse temp\u00e9rature et sa thermopompe en font une solution toute l\u2019ann\u00e9e. Le filtre \u00e0 air au charbon actif \u00e9limine les contaminants et les impuret\u00e9s de l\u2019air et le mode turbo permet \u00e0 l\u2019unit\u00e9 d\u2019atteindre rapidement les temp\u00e9ratures pr\u00e9r\u00e9gl\u00e9es.\" \/>\n<meta property=\"og:url\" content=\"https:\/\/www.danby.com\/fr\/products\/systemes-de-fractionnement-sans-conduit\/das120bahwdb\/\" \/>\n<meta property=\"og:site_name\" content=\"Danby - Canada - French\" \/>\n<meta property=\"article:publisher\" content=\"https:\/\/www.facebook.com\/DanbyAppliances\" \/>\n<meta property=\"article:modified_time\" content=\"2026-04-16T10:06:42+00:00\" \/>\n<meta property=\"og:image\" content=\"https:\/\/cdnweb.danby.com\/wp-content\/uploads\/sites\/2\/2022\/02\/09140341\/DAC240BAHWDB_O_I-remote.jpg\" \/>\n\t<meta property=\"og:image:width\" content=\"1200\" \/>\n\t<meta property=\"og:image:height\" content=\"1200\" \/>\n\t<meta property=\"og:image:type\" content=\"image\/jpeg\" \/>\n<meta name=\"twitter:card\" content=\"summary_large_image\" \/>\n<meta name=\"twitter:site\" content=\"@DanbyAppliance\" \/>\n<script type=\"application\/ld+json\" class=\"yoast-schema-graph\">{\"@context\":\"https:\/\/schema.org\",\"@graph\":[{\"@type\":[\"WebPage\",\"ItemPage\"],\"url\":\"https:\/\/www.danby.com\/fr\/products\/systemes-de-fractionnement-sans-conduit\/das120bahwdb\/\",\"name\":\"Climatiseur mini-split Danby 12 000 BTU avec pompe \u00e0 chaleur et inverseur \u00e0 vitesse variable - DAS120BAHWDB | Danby Canada\",\"isPartOf\":[],\"primaryImageOfPage\":[],\"image\":[],\"thumbnailUrl\":\"https:\/\/cdnweb.danby.com\/wp-content\/uploads\/sites\/2\/2022\/02\/09140341\/DAC240BAHWDB_O_I-remote.jpg\",\"datePublished\":\"2022-02-03T19:13:52+00:00\",\"dateModified\":\"2026-04-16T10:06:42+00:00\",\"description\":\"Ce climatiseur Mini-Split avec syst\u00e8me de thermopompe offre 12\u00a0000\u00a0BTU de refroidissement et de chauffage, con\u00e7u pour refroidir et chauffer des pi\u00e8ces de 500\u00a0pi2 et moins avec un onduleur \u00e0 vitesse variable assurant une utilisation efficace et silencieuse. Cet appareil est certifi\u00e9 ENERGY STAR, con\u00e7u pour vous faire \u00e9conomiser de l\u2019argent et son fonctionnement \u00e0 basse temp\u00e9rature et sa thermopompe en font une solution toute l\u2019ann\u00e9e. Le filtre \u00e0 air au charbon actif \u00e9limine les contaminants et les impuret\u00e9s de l\u2019air et le mode turbo permet \u00e0 l\u2019unit\u00e9 d\u2019atteindre rapidement les temp\u00e9ratures pr\u00e9r\u00e9gl\u00e9es.\",\"breadcrumb\":[],\"inLanguage\":\"fr-CA\",\"potentialAction\":[{\"@type\":\"ReadAction\",\"target\":[\"https:\/\/www.danby.com\/fr\/products\/systemes-de-fractionnement-sans-conduit\/das120bahwdb\/\"]}]},{\"@type\":\"ImageObject\",\"inLanguage\":\"fr-CA\",\"url\":\"https:\/\/cdnweb.danby.com\/wp-content\/uploads\/sites\/2\/2022\/02\/09140341\/DAC240BAHWDB_O_I-remote.jpg\",\"contentUrl\":\"https:\/\/cdnweb.danby.com\/wp-content\/uploads\/sites\/2\/2022\/02\/09140341\/DAC240BAHWDB_O_I-remote.jpg\",\"width\":1200,\"height\":1200},{\"@type\":\"BreadcrumbList\",\"itemListElement\":[{\"@type\":\"ListItem\",\"position\":1,\"name\":\"Home\",\"item\":\"https:\/\/www.danby.com\/fr\/\"},{\"@type\":\"ListItem\",\"position\":2,\"name\":\"Boutique\",\"item\":\"https:\/\/www.danby.com\/fr\/boutique\/\"},{\"@type\":\"ListItem\",\"position\":3,\"name\":\"Climatiseur mini-split Danby 12 000 BTU avec pompe \u00e0 chaleur et inverseur \u00e0 vitesse variable\"}]},{\"@type\":\"WebSite\",\"url\":\"https:\/\/www.danby.com\/fr\/\",\"name\":\"Danby - Canada - French\",\"description\":\"Leader dans le domaine de la r\u00e9frig\u00e9ration et des appareils sp\u00e9cialis\u00e9s\",\"publisher\":[],\"potentialAction\":[{\"@type\":\"SearchAction\",\"target\":{\"@type\":\"EntryPoint\",\"urlTemplate\":\"https:\/\/www.danby.com\/fr\/?s={search_term_string}\"},\"query-input\":{\"@type\":\"PropertyValueSpecification\",\"valueRequired\":true,\"valueName\":\"search_term_string\"}}],\"inLanguage\":\"fr-CA\"},{\"@type\":\"Organization\",\"name\":\"Danby Appliances\",\"url\":\"https:\/\/www.danby.com\/fr\/\",\"logo\":{\"@type\":\"ImageObject\",\"inLanguage\":\"fr-CA\",\"url\":\"https:\/\/cdnweb.danby.com\/wp-content\/uploads\/sites\/2\/2022\/02\/10141906\/Danby75Ans_Blue.png\",\"contentUrl\":\"https:\/\/cdnweb.danby.com\/wp-content\/uploads\/sites\/2\/2022\/02\/10141906\/Danby75Ans_Blue.png\",\"width\":470,\"height\":110,\"caption\":\"Danby Appliances\"},\"image\":[],\"sameAs\":[\"https:\/\/www.facebook.com\/DanbyAppliances\",\"https:\/\/x.com\/DanbyAppliance\",\"https:\/\/instagram.com\/danbyappliances\/\",\"https:\/\/www.linkedin.com\/company\/danbyappliances\",\"https:\/\/www.pinterest.ca\/danbyappliances\/\",\"https:\/\/www.youtube.com\/user\/DanbyProducts\",\"https:\/\/en.wikipedia.org\/wiki\/Danby_(appliances)\"]}]}<\/script>\n<!-- \/ Yoast SEO plugin. -->","yoast_head_json":{"title":"Climatiseur mini-split Danby 12 000 BTU avec pompe \u00e0 chaleur et inverseur \u00e0 vitesse variable - DAS120BAHWDB | Danby Canada","description":"Ce climatiseur Mini-Split avec syst\u00e8me de thermopompe offre 12\u00a0000\u00a0BTU de refroidissement et de chauffage, con\u00e7u pour refroidir et chauffer des pi\u00e8ces de 500\u00a0pi2 et moins avec un onduleur \u00e0 vitesse variable assurant une utilisation efficace et silencieuse. Cet appareil est certifi\u00e9 ENERGY STAR, con\u00e7u pour vous faire \u00e9conomiser de l\u2019argent et son fonctionnement \u00e0 basse temp\u00e9rature et sa thermopompe en font une solution toute l\u2019ann\u00e9e. Le filtre \u00e0 air au charbon actif \u00e9limine les contaminants et les impuret\u00e9s de l\u2019air et le mode turbo permet \u00e0 l\u2019unit\u00e9 d\u2019atteindre rapidement les temp\u00e9ratures pr\u00e9r\u00e9gl\u00e9es.","robots":{"index":"index","follow":"follow","max-snippet":"max-snippet:-1","max-image-preview":"max-image-preview:large","max-video-preview":"max-video-preview:-1"},"canonical":"https:\/\/www.danby.com\/fr\/products\/systemes-de-fractionnement-sans-conduit\/das120bahwdb\/","og_locale":"fr_CA","og_type":"article","og_title":"Climatiseur mini-split Danby 12 000 BTU avec pompe \u00e0 chaleur et inverseur \u00e0 vitesse variable - DAS120BAHWDB | Danby Canada","og_description":"Ce climatiseur Mini-Split avec syst\u00e8me de thermopompe offre 12\u00a0000\u00a0BTU de refroidissement et de chauffage, con\u00e7u pour refroidir et chauffer des pi\u00e8ces de 500\u00a0pi2 et moins avec un onduleur \u00e0 vitesse variable assurant une utilisation efficace et silencieuse. Cet appareil est certifi\u00e9 ENERGY STAR, con\u00e7u pour vous faire \u00e9conomiser de l\u2019argent et son fonctionnement \u00e0 basse temp\u00e9rature et sa thermopompe en font une solution toute l\u2019ann\u00e9e. Le filtre \u00e0 air au charbon actif \u00e9limine les contaminants et les impuret\u00e9s de l\u2019air et le mode turbo permet \u00e0 l\u2019unit\u00e9 d\u2019atteindre rapidement les temp\u00e9ratures pr\u00e9r\u00e9gl\u00e9es.","og_url":"https:\/\/www.danby.com\/fr\/products\/systemes-de-fractionnement-sans-conduit\/das120bahwdb\/","og_site_name":"Danby - Canada - French","article_publisher":"https:\/\/www.facebook.com\/DanbyAppliances","article_modified_time":"2026-04-16T10:06:42+00:00","og_image":[{"width":1200,"height":1200,"url":"https:\/\/cdnweb.danby.com\/wp-content\/uploads\/sites\/2\/2022\/02\/09140341\/DAC240BAHWDB_O_I-remote.jpg","type":"image\/jpeg"}],"twitter_card":"summary_large_image","twitter_site":"@DanbyAppliance","schema":{"@context":"https:\/\/schema.org","@graph":[{"@type":["WebPage","ItemPage"],"url":"https:\/\/www.danby.com\/fr\/products\/systemes-de-fractionnement-sans-conduit\/das120bahwdb\/","name":"Climatiseur mini-split Danby 12 000 BTU avec pompe \u00e0 chaleur et inverseur \u00e0 vitesse variable - DAS120BAHWDB | Danby Canada","isPartOf":[],"primaryImageOfPage":[],"image":[],"thumbnailUrl":"https:\/\/cdnweb.danby.com\/wp-content\/uploads\/sites\/2\/2022\/02\/09140341\/DAC240BAHWDB_O_I-remote.jpg","datePublished":"2022-02-03T19:13:52+00:00","dateModified":"2026-04-16T10:06:42+00:00","description":"Ce climatiseur Mini-Split avec syst\u00e8me de thermopompe offre 12\u00a0000\u00a0BTU de refroidissement et de chauffage, con\u00e7u pour refroidir et chauffer des pi\u00e8ces de 500\u00a0pi2 et moins avec un onduleur \u00e0 vitesse variable assurant une utilisation efficace et silencieuse. Cet appareil est certifi\u00e9 ENERGY STAR, con\u00e7u pour vous faire \u00e9conomiser de l\u2019argent et son fonctionnement \u00e0 basse temp\u00e9rature et sa thermopompe en font une solution toute l\u2019ann\u00e9e. Le filtre \u00e0 air au charbon actif \u00e9limine les contaminants et les impuret\u00e9s de l\u2019air et le mode turbo permet \u00e0 l\u2019unit\u00e9 d\u2019atteindre rapidement les temp\u00e9ratures pr\u00e9r\u00e9gl\u00e9es.","breadcrumb":[],"inLanguage":"fr-CA","potentialAction":[{"@type":"ReadAction","target":["https:\/\/www.danby.com\/fr\/products\/systemes-de-fractionnement-sans-conduit\/das120bahwdb\/"]}]},{"@type":"ImageObject","inLanguage":"fr-CA","url":"https:\/\/cdnweb.danby.com\/wp-content\/uploads\/sites\/2\/2022\/02\/09140341\/DAC240BAHWDB_O_I-remote.jpg","contentUrl":"https:\/\/cdnweb.danby.com\/wp-content\/uploads\/sites\/2\/2022\/02\/09140341\/DAC240BAHWDB_O_I-remote.jpg","width":1200,"height":1200},{"@type":"BreadcrumbList","itemListElement":[{"@type":"ListItem","position":1,"name":"Home","item":"https:\/\/www.danby.com\/fr\/"},{"@type":"ListItem","position":2,"name":"Boutique","item":"https:\/\/www.danby.com\/fr\/boutique\/"},{"@type":"ListItem","position":3,"name":"Climatiseur mini-split Danby 12 000 BTU avec pompe \u00e0 chaleur et inverseur \u00e0 vitesse variable"}]},{"@type":"WebSite","url":"https:\/\/www.danby.com\/fr\/","name":"Danby - Canada - French","description":"Leader dans le domaine de la r\u00e9frig\u00e9ration et des appareils sp\u00e9cialis\u00e9s","publisher":[],"potentialAction":[{"@type":"SearchAction","target":{"@type":"EntryPoint","urlTemplate":"https:\/\/www.danby.com\/fr\/?s={search_term_string}"},"query-input":{"@type":"PropertyValueSpecification","valueRequired":true,"valueName":"search_term_string"}}],"inLanguage":"fr-CA"},{"@type":"Organization","name":"Danby Appliances","url":"https:\/\/www.danby.com\/fr\/","logo":{"@type":"ImageObject","inLanguage":"fr-CA","url":"https:\/\/cdnweb.danby.com\/wp-content\/uploads\/sites\/2\/2022\/02\/10141906\/Danby75Ans_Blue.png","contentUrl":"https:\/\/cdnweb.danby.com\/wp-content\/uploads\/sites\/2\/2022\/02\/10141906\/Danby75Ans_Blue.png","width":470,"height":110,"caption":"Danby Appliances"},"image":[],"sameAs":["https:\/\/www.facebook.com\/DanbyAppliances","https:\/\/x.com\/DanbyAppliance","https:\/\/instagram.com\/danbyappliances\/","https:\/\/www.linkedin.com\/company\/danbyappliances","https:\/\/www.pinterest.ca\/danbyappliances\/","https:\/\/www.youtube.com\/user\/DanbyProducts","https:\/\/en.wikipedia.org\/wiki\/Danby_(appliances)"]}]}},"post_mailing_queue_ids":[],"_links":{"self":[{"href":"https:\/\/www.danby.com\/fr\/wp-json\/wp\/v2\/product\/4671","targetHints":{"allow":["GET"]}}],"collection":[{"href":"https:\/\/www.danby.com\/fr\/wp-json\/wp\/v2\/product"}],"about":[{"href":"https:\/\/www.danby.com\/fr\/wp-json\/wp\/v2\/types\/product"}],"replies":[{"embeddable":true,"href":"https:\/\/www.danby.com\/fr\/wp-json\/wp\/v2\/comments?post=4671"}],"wp:featuredmedia":[{"embeddable":true,"href":"https:\/\/www.danby.com\/fr\/wp-json\/wp\/v2\/media\/11752"}],"wp:attachment":[{"href":"https:\/\/www.danby.com\/fr\/wp-json\/wp\/v2\/media?parent=4671"}],"wp:term":[{"taxonomy":"product_brand","embeddable":true,"href":"https:\/\/www.danby.com\/fr\/wp-json\/wp\/v2\/product_brand?post=4671"},{"taxonomy":"product_cat","embeddable":true,"href":"https:\/\/www.danby.com\/fr\/wp-json\/wp\/v2\/product_cat?post=4671"},{"taxonomy":"product_tag","embeddable":true,"href":"https:\/\/www.danby.com\/fr\/wp-json\/wp\/v2\/product_tag?post=4671"}],"curies":[{"name":"wp","href":"https:\/\/api.w.org\/{rel}","templated":true}]}}