{"id":4665,"date":"2022-02-03T19:13:52","date_gmt":"2022-02-03T19:13:52","guid":{"rendered":"https:\/\/www.danby.com\/fr\/product\/dar340w\/"},"modified":"2026-04-30T10:05:11","modified_gmt":"2026-04-30T10:05:11","slug":"dar340w","status":"publish","type":"product","link":"https:\/\/www.danby.com\/fr\/products\/refrigeration-compact\/dar340w\/","title":{"rendered":"R\u00e9frig\u00e9rateur compact Danby Designer 3,3 litres"},"content":{"rendered":"","protected":false},"excerpt":{"rendered":"<ul>\n<li>3.3 cu.ft. (93.4 litres) Tout R\u00e9frig\u00e9rateur<\/li>\n<li>D\u00e9givrage automatique<\/li>\n<li>Gen II CanStor<\/li>\n<li>1 \u00e9tag\u00e8re pleine largeur et 3 \u00e9tag\u00e8res de demi largeur pour une polyvalence de stockage maximale<\/li>\n<li>Rangement de bouteilles hautes rangement pour bouteilles<\/li>\n<li>Charni\u00e8re de porte r\u00e9versible<\/li>\n<li>Lumi\u00e8re int\u00e9rieure<\/li>\n<li>Poign\u00e9e int\u00e9gr\u00e9e<\/li>\n<li>Tableau de travail r\u00e9sistant aux rayures<\/li>\n<li>Dossier lisse<\/li>\n<\/ul>\n","protected":false},"featured_media":5718,"comment_status":"closed","ping_status":"open","template":"","meta":{"_acf_changed":false},"product_brand":[],"product_cat":[22],"product_tag":[],"class_list":{"0":"post-4665","1":"product","2":"type-product","3":"status-publish","4":"has-post-thumbnail","6":"product_cat-refrigeration-compact","8":"first","9":"outofstock","10":"taxable","11":"shipping-taxable","12":"product-type-simple"},"acf":[],"yoast_head":"<!-- This site is optimized with the Yoast SEO plugin v27.5 - https:\/\/yoast.com\/product\/yoast-seo-wordpress\/ -->\n<title>R\u00e9frig\u00e9rateur compact Danby Designer 3,3 litres - DAR340W | Danby Canada<\/title>\n<meta name=\"description\" content=\"Le r\u00e9frig\u00e9rateur compact Danby Designer\u00ae \u00e0 haut rendement \u00e9nerg\u00e9tique a une capacit\u00e9 de 3,3 pi3. Ce mod\u00e8le de comptoir constitue un ajout parfait au dortoir, au bureau ou \u00e0 la salle de jeu. Il comprend notre distributeur de boissons Canstor\u00ae de deuxi\u00e8me g\u00e9n\u00e9ration, des \u00e9tag\u00e8res de porte int\u00e9gr\u00e9es et une lumi\u00e8re int\u00e9rieure.\" \/>\n<meta name=\"robots\" content=\"index, follow, max-snippet:-1, max-image-preview:large, max-video-preview:-1\" \/>\n<link rel=\"canonical\" href=\"https:\/\/www.danby.com\/fr\/products\/refrigeration-compact\/dar340w\/\" \/>\n<meta property=\"og:locale\" content=\"fr_CA\" \/>\n<meta property=\"og:type\" content=\"article\" \/>\n<meta property=\"og:title\" content=\"R\u00e9frig\u00e9rateur compact Danby Designer 3,3 litres - DAR340W | Danby Canada\" \/>\n<meta property=\"og:description\" content=\"Le r\u00e9frig\u00e9rateur compact Danby Designer\u00ae \u00e0 haut rendement \u00e9nerg\u00e9tique a une capacit\u00e9 de 3,3 pi3. Ce mod\u00e8le de comptoir constitue un ajout parfait au dortoir, au bureau ou \u00e0 la salle de jeu. Il comprend notre distributeur de boissons Canstor\u00ae de deuxi\u00e8me g\u00e9n\u00e9ration, des \u00e9tag\u00e8res de porte int\u00e9gr\u00e9es et une lumi\u00e8re int\u00e9rieure.\" \/>\n<meta property=\"og:url\" content=\"https:\/\/www.danby.com\/fr\/products\/refrigeration-compact\/dar340w\/\" \/>\n<meta property=\"og:site_name\" content=\"Danby - Canada - French\" \/>\n<meta property=\"article:publisher\" content=\"https:\/\/www.facebook.com\/DanbyAppliances\" \/>\n<meta property=\"article:modified_time\" content=\"2026-04-30T10:05:11+00:00\" \/>\n<meta property=\"og:image\" content=\"https:\/\/cdnweb.danby.com\/wp-content\/uploads\/sites\/2\/2022\/02\/08181822\/Medium-DAR340W2.jpg\" \/>\n\t<meta property=\"og:image:width\" content=\"300\" \/>\n\t<meta property=\"og:image:height\" content=\"272\" \/>\n\t<meta property=\"og:image:type\" content=\"image\/jpeg\" \/>\n<meta name=\"twitter:card\" content=\"summary_large_image\" \/>\n<meta name=\"twitter:site\" content=\"@DanbyAppliance\" \/>\n<script type=\"application\/ld+json\" class=\"yoast-schema-graph\">{\"@context\":\"https:\\\/\\\/schema.org\",\"@graph\":[{\"@type\":[\"WebPage\",\"ItemPage\"],\"url\":\"https:\\\/\\\/www.danby.com\\\/fr\\\/products\\\/refrigeration-compact\\\/dar340w\\\/\",\"name\":\"R\u00e9frig\u00e9rateur compact Danby Designer 3,3 litres - DAR340W | Danby Canada\",\"isPartOf\":[],\"primaryImageOfPage\":[],\"image\":[],\"thumbnailUrl\":\"https:\\\/\\\/cdnweb.danby.com\\\/wp-content\\\/uploads\\\/sites\\\/2\\\/2022\\\/02\\\/08181822\\\/Medium-DAR340W2.jpg\",\"datePublished\":\"2022-02-03T19:13:52+00:00\",\"dateModified\":\"2026-04-30T10:05:11+00:00\",\"description\":\"Le r\u00e9frig\u00e9rateur compact Danby Designer\u00ae \u00e0 haut rendement \u00e9nerg\u00e9tique a une capacit\u00e9 de 3,3 pi3. Ce mod\u00e8le de comptoir constitue un ajout parfait au dortoir, au bureau ou \u00e0 la salle de jeu. Il comprend notre distributeur de boissons Canstor\u00ae de deuxi\u00e8me g\u00e9n\u00e9ration, des \u00e9tag\u00e8res de porte int\u00e9gr\u00e9es et une lumi\u00e8re int\u00e9rieure.\",\"breadcrumb\":[],\"inLanguage\":\"fr-CA\",\"potentialAction\":[{\"@type\":\"ReadAction\",\"target\":[\"https:\\\/\\\/www.danby.com\\\/fr\\\/products\\\/refrigeration-compact\\\/dar340w\\\/\"]}]},{\"@type\":\"ImageObject\",\"inLanguage\":\"fr-CA\",\"url\":\"https:\\\/\\\/cdnweb.danby.com\\\/wp-content\\\/uploads\\\/sites\\\/2\\\/2022\\\/02\\\/08181822\\\/Medium-DAR340W2.jpg\",\"contentUrl\":\"https:\\\/\\\/cdnweb.danby.com\\\/wp-content\\\/uploads\\\/sites\\\/2\\\/2022\\\/02\\\/08181822\\\/Medium-DAR340W2.jpg\",\"width\":300,\"height\":272},{\"@type\":\"BreadcrumbList\",\"itemListElement\":[{\"@type\":\"ListItem\",\"position\":1,\"name\":\"Home\",\"item\":\"https:\\\/\\\/www.danby.com\\\/fr\\\/\"},{\"@type\":\"ListItem\",\"position\":2,\"name\":\"Boutique\",\"item\":\"https:\\\/\\\/www.danby.com\\\/fr\\\/boutique\\\/\"},{\"@type\":\"ListItem\",\"position\":3,\"name\":\"R\u00e9frig\u00e9rateur compact Danby Designer 3,3 litres\"}]},{\"@type\":\"WebSite\",\"url\":\"https:\\\/\\\/www.danby.com\\\/fr\\\/\",\"name\":\"Danby - Canada - French\",\"description\":\"Leader dans le domaine de la r\u00e9frig\u00e9ration et des appareils sp\u00e9cialis\u00e9s\",\"publisher\":[],\"potentialAction\":[{\"@type\":\"SearchAction\",\"target\":{\"@type\":\"EntryPoint\",\"urlTemplate\":\"https:\\\/\\\/www.danby.com\\\/fr\\\/?s={search_term_string}\"},\"query-input\":{\"@type\":\"PropertyValueSpecification\",\"valueRequired\":true,\"valueName\":\"search_term_string\"}}],\"inLanguage\":\"fr-CA\"},{\"@type\":\"Organization\",\"name\":\"Danby Appliances\",\"url\":\"https:\\\/\\\/www.danby.com\\\/fr\\\/\",\"logo\":{\"@type\":\"ImageObject\",\"inLanguage\":\"fr-CA\",\"url\":\"https:\\\/\\\/cdnweb.danby.com\\\/wp-content\\\/uploads\\\/sites\\\/2\\\/2022\\\/02\\\/10141906\\\/Danby75Ans_Blue.png\",\"contentUrl\":\"https:\\\/\\\/cdnweb.danby.com\\\/wp-content\\\/uploads\\\/sites\\\/2\\\/2022\\\/02\\\/10141906\\\/Danby75Ans_Blue.png\",\"width\":470,\"height\":110,\"caption\":\"Danby Appliances\"},\"image\":[],\"sameAs\":[\"https:\\\/\\\/www.facebook.com\\\/DanbyAppliances\",\"https:\\\/\\\/x.com\\\/DanbyAppliance\",\"https:\\\/\\\/instagram.com\\\/danbyappliances\\\/\",\"https:\\\/\\\/www.linkedin.com\\\/company\\\/danbyappliances\",\"https:\\\/\\\/www.pinterest.ca\\\/danbyappliances\\\/\",\"https:\\\/\\\/www.youtube.com\\\/user\\\/DanbyProducts\",\"https:\\\/\\\/en.wikipedia.org\\\/wiki\\\/Danby_(appliances)\"]}]}<\/script>\n<!-- \/ Yoast SEO plugin. -->","yoast_head_json":{"title":"R\u00e9frig\u00e9rateur compact Danby Designer 3,3 litres - DAR340W | Danby Canada","description":"Le r\u00e9frig\u00e9rateur compact Danby Designer\u00ae \u00e0 haut rendement \u00e9nerg\u00e9tique a une capacit\u00e9 de 3,3 pi3. Ce mod\u00e8le de comptoir constitue un ajout parfait au dortoir, au bureau ou \u00e0 la salle de jeu. Il comprend notre distributeur de boissons Canstor\u00ae de deuxi\u00e8me g\u00e9n\u00e9ration, des \u00e9tag\u00e8res de porte int\u00e9gr\u00e9es et une lumi\u00e8re int\u00e9rieure.","robots":{"index":"index","follow":"follow","max-snippet":"max-snippet:-1","max-image-preview":"max-image-preview:large","max-video-preview":"max-video-preview:-1"},"canonical":"https:\/\/www.danby.com\/fr\/products\/refrigeration-compact\/dar340w\/","og_locale":"fr_CA","og_type":"article","og_title":"R\u00e9frig\u00e9rateur compact Danby Designer 3,3 litres - DAR340W | Danby Canada","og_description":"Le r\u00e9frig\u00e9rateur compact Danby Designer\u00ae \u00e0 haut rendement \u00e9nerg\u00e9tique a une capacit\u00e9 de 3,3 pi3. Ce mod\u00e8le de comptoir constitue un ajout parfait au dortoir, au bureau ou \u00e0 la salle de jeu. Il comprend notre distributeur de boissons Canstor\u00ae de deuxi\u00e8me g\u00e9n\u00e9ration, des \u00e9tag\u00e8res de porte int\u00e9gr\u00e9es et une lumi\u00e8re int\u00e9rieure.","og_url":"https:\/\/www.danby.com\/fr\/products\/refrigeration-compact\/dar340w\/","og_site_name":"Danby - Canada - French","article_publisher":"https:\/\/www.facebook.com\/DanbyAppliances","article_modified_time":"2026-04-30T10:05:11+00:00","og_image":[{"width":300,"height":272,"url":"https:\/\/cdnweb.danby.com\/wp-content\/uploads\/sites\/2\/2022\/02\/08181822\/Medium-DAR340W2.jpg","type":"image\/jpeg"}],"twitter_card":"summary_large_image","twitter_site":"@DanbyAppliance","schema":{"@context":"https:\/\/schema.org","@graph":[{"@type":["WebPage","ItemPage"],"url":"https:\/\/www.danby.com\/fr\/products\/refrigeration-compact\/dar340w\/","name":"R\u00e9frig\u00e9rateur compact Danby Designer 3,3 litres - DAR340W | Danby Canada","isPartOf":[],"primaryImageOfPage":[],"image":[],"thumbnailUrl":"https:\/\/cdnweb.danby.com\/wp-content\/uploads\/sites\/2\/2022\/02\/08181822\/Medium-DAR340W2.jpg","datePublished":"2022-02-03T19:13:52+00:00","dateModified":"2026-04-30T10:05:11+00:00","description":"Le r\u00e9frig\u00e9rateur compact Danby Designer\u00ae \u00e0 haut rendement \u00e9nerg\u00e9tique a une capacit\u00e9 de 3,3 pi3. Ce mod\u00e8le de comptoir constitue un ajout parfait au dortoir, au bureau ou \u00e0 la salle de jeu. Il comprend notre distributeur de boissons Canstor\u00ae de deuxi\u00e8me g\u00e9n\u00e9ration, des \u00e9tag\u00e8res de porte int\u00e9gr\u00e9es et une lumi\u00e8re int\u00e9rieure.","breadcrumb":[],"inLanguage":"fr-CA","potentialAction":[{"@type":"ReadAction","target":["https:\/\/www.danby.com\/fr\/products\/refrigeration-compact\/dar340w\/"]}]},{"@type":"ImageObject","inLanguage":"fr-CA","url":"https:\/\/cdnweb.danby.com\/wp-content\/uploads\/sites\/2\/2022\/02\/08181822\/Medium-DAR340W2.jpg","contentUrl":"https:\/\/cdnweb.danby.com\/wp-content\/uploads\/sites\/2\/2022\/02\/08181822\/Medium-DAR340W2.jpg","width":300,"height":272},{"@type":"BreadcrumbList","itemListElement":[{"@type":"ListItem","position":1,"name":"Home","item":"https:\/\/www.danby.com\/fr\/"},{"@type":"ListItem","position":2,"name":"Boutique","item":"https:\/\/www.danby.com\/fr\/boutique\/"},{"@type":"ListItem","position":3,"name":"R\u00e9frig\u00e9rateur compact Danby Designer 3,3 litres"}]},{"@type":"WebSite","url":"https:\/\/www.danby.com\/fr\/","name":"Danby - Canada - French","description":"Leader dans le domaine de la r\u00e9frig\u00e9ration et des appareils sp\u00e9cialis\u00e9s","publisher":[],"potentialAction":[{"@type":"SearchAction","target":{"@type":"EntryPoint","urlTemplate":"https:\/\/www.danby.com\/fr\/?s={search_term_string}"},"query-input":{"@type":"PropertyValueSpecification","valueRequired":true,"valueName":"search_term_string"}}],"inLanguage":"fr-CA"},{"@type":"Organization","name":"Danby Appliances","url":"https:\/\/www.danby.com\/fr\/","logo":{"@type":"ImageObject","inLanguage":"fr-CA","url":"https:\/\/cdnweb.danby.com\/wp-content\/uploads\/sites\/2\/2022\/02\/10141906\/Danby75Ans_Blue.png","contentUrl":"https:\/\/cdnweb.danby.com\/wp-content\/uploads\/sites\/2\/2022\/02\/10141906\/Danby75Ans_Blue.png","width":470,"height":110,"caption":"Danby Appliances"},"image":[],"sameAs":["https:\/\/www.facebook.com\/DanbyAppliances","https:\/\/x.com\/DanbyAppliance","https:\/\/instagram.com\/danbyappliances\/","https:\/\/www.linkedin.com\/company\/danbyappliances","https:\/\/www.pinterest.ca\/danbyappliances\/","https:\/\/www.youtube.com\/user\/DanbyProducts","https:\/\/en.wikipedia.org\/wiki\/Danby_(appliances)"]}]}},"post_mailing_queue_ids":[],"_links":{"self":[{"href":"https:\/\/www.danby.com\/fr\/wp-json\/wp\/v2\/product\/4665","targetHints":{"allow":["GET"]}}],"collection":[{"href":"https:\/\/www.danby.com\/fr\/wp-json\/wp\/v2\/product"}],"about":[{"href":"https:\/\/www.danby.com\/fr\/wp-json\/wp\/v2\/types\/product"}],"replies":[{"embeddable":true,"href":"https:\/\/www.danby.com\/fr\/wp-json\/wp\/v2\/comments?post=4665"}],"wp:featuredmedia":[{"embeddable":true,"href":"https:\/\/www.danby.com\/fr\/wp-json\/wp\/v2\/media\/5718"}],"wp:attachment":[{"href":"https:\/\/www.danby.com\/fr\/wp-json\/wp\/v2\/media?parent=4665"}],"wp:term":[{"taxonomy":"product_brand","embeddable":true,"href":"https:\/\/www.danby.com\/fr\/wp-json\/wp\/v2\/product_brand?post=4665"},{"taxonomy":"product_cat","embeddable":true,"href":"https:\/\/www.danby.com\/fr\/wp-json\/wp\/v2\/product_cat?post=4665"},{"taxonomy":"product_tag","embeddable":true,"href":"https:\/\/www.danby.com\/fr\/wp-json\/wp\/v2\/product_tag?post=4665"}],"curies":[{"name":"wp","href":"https:\/\/api.w.org\/{rel}","templated":true}]}}