{"id":4660,"date":"2022-02-03T19:13:52","date_gmt":"2022-02-03T19:13:52","guid":{"rendered":"https:\/\/www.danby.com\/fr\/product\/dar170a3bsldd\/"},"modified":"2026-04-05T10:04:50","modified_gmt":"2026-04-05T10:04:50","slug":"dar170a3bsldd","status":"publish","type":"product","link":"https:\/\/www.danby.com\/fr\/products\/refrigerateurs-pour-petites-surfaces\/dar170a3bsldd\/","title":{"rendered":"Danby Designer R\u00e9frig\u00e9rateur d&#8217;appartement de 17,0 pi3 en acier inoxydable"},"content":{"rendered":"","protected":false},"excerpt":{"rendered":"<ul>\n<li>Le r\u00e9frig\u00e9rateur de grande capacit\u00e9 de 17 pi3 offre un espace de rangement suffisant pour tous les besoins de votre famille.<\/li>\n<li>Notre conception pratique sans givre n\u00e9cessite un entretien minimal<\/li>\n<li>Thermostat num\u00e9rique pr\u00e9cis avec affichage LED bleu en 36\u00b0F ou 50\u00b0F, r\u00e9glable entre 2\u00b0C et 10\u00b0C.<\/li>\n<li>Un \u00e9clairage LED \u00e9conome en \u00e9nergie illumine l&#8217;int\u00e9rieur<\/li>\n<li>Les \u00e9tag\u00e8res en verre r\u00e9glables sur toute la largeur et les bacs de porte peuvent \u00eatre personnalis\u00e9s pour r\u00e9pondre \u00e0 vos besoins.<\/li>\n<li>Le grand compartiment \u00e0 bouteilles situ\u00e9 sur la porte est facilement accessible<\/li>\n<li>2 bacs \u00e0 l\u00e9gumes transparents avec contr\u00f4le de l&#8217;humidit\u00e9 pour conserver la fra\u00eecheur des fruits et l\u00e9gumes.<\/li>\n<li>Alarme de porte entrouverte &#8211; emp\u00eache la d\u00e9t\u00e9rioration des aliments dans le cas o\u00f9 la porte ne serait pas correctement ferm\u00e9e. Une alarme sonore se d\u00e9clenche au bout de 3 minutes.<\/li>\n<li>La porte r\u00e9versible pour une ouverture \u00e0 gauche ou \u00e0 droite peut \u00eatre adapt\u00e9e \u00e0 votre espace.<\/li>\n<li>Des roulettes de qualit\u00e9 sup\u00e9rieure permettent de mettre le r\u00e9frig\u00e9rateur en place sans effort.<\/li>\n<li>Certifi\u00e9 ENERGY STAR\u00ae<\/li>\n<\/ul>\n","protected":false},"featured_media":37609,"comment_status":"closed","ping_status":"closed","template":"","meta":{"_acf_changed":false},"product_brand":[],"product_cat":[20],"product_tag":[],"class_list":{"0":"post-4660","1":"product","2":"type-product","3":"status-publish","4":"has-post-thumbnail","6":"product_cat-refrigerateurs-pour-petites-surfaces","8":"first","9":"instock","10":"taxable","11":"shipping-taxable","12":"product-type-simple"},"acf":[],"yoast_head":"<!-- This site is optimized with the Yoast SEO plugin v26.7 - https:\/\/yoast.com\/wordpress\/plugins\/seo\/ -->\n<title>Danby Designer R\u00e9frig\u00e9rateur d&#039;appartement de 17,0 pi3 en acier inoxydable - DAR170A3BSLDD | Danby Canada<\/title>\n<meta name=\"description\" content=\"Bien que ce r\u00e9frig\u00e9rateur \u00e9l\u00e9gant et spacieux de Danby puisse \u00eatre assez grand pour y vivre, nous ne le recommandons pas. En revanche, nous le recommandons aux personnes qui recherchent un r\u00e9frig\u00e9rateur fiable et s\u00fbr sans espace de cong\u00e9lation. Ce r\u00e9frig\u00e9rateur complet offre 17 pieds cubes (480 litres) d&#039;espace de stockage frais et sans givre. Ne laissez pas sa taille vous effrayer : des roulettes de qualit\u00e9 sup\u00e9rieure permettent de d\u00e9placer facilement le r\u00e9frig\u00e9rateur. Cet appareil \u00e9l\u00e9gant est dot\u00e9 d&#039;une porte unique avec une poign\u00e9e int\u00e9gr\u00e9e et d&#039;une charni\u00e8re r\u00e9versible intelligente qui vous permet de la r\u00e9gler pour une ouverture \u00e0 droite ou \u00e0 gauche. L&#039;int\u00e9rieur soign\u00e9 et ordonn\u00e9 est \u00e9clair\u00e9 par un puissant syst\u00e8me d&#039;\u00e9clairage LED qui facilite l&#039;organisation des deux bacs \u00e0 l\u00e9gumes recouverts de verre, des \u00e9tag\u00e8res de porte int\u00e9gr\u00e9es et des quatre \u00e9tag\u00e8res en verre r\u00e9glables. Une alarme sonore int\u00e9gr\u00e9e est \u00e9galement incluse si la porte reste entrouverte. Il y a beaucoup de place pour les grandes bouteilles et cet appareil haut de gamme est accompagn\u00e9 d&#039;une garantie de 18 mois sur les pi\u00e8ces et la main-d&#039;\u0153uvre et d&#039;un service \u00e0 domicile pratique.\" \/>\n<meta name=\"robots\" content=\"index, follow, max-snippet:-1, max-image-preview:large, max-video-preview:-1\" \/>\n<link rel=\"canonical\" href=\"https:\/\/www.danby.com\/fr\/products\/refrigerateurs-pour-petites-surfaces\/dar170a3bsldd\/\" \/>\n<meta property=\"og:locale\" content=\"fr_CA\" \/>\n<meta property=\"og:type\" content=\"article\" \/>\n<meta property=\"og:title\" content=\"Danby Designer R\u00e9frig\u00e9rateur d&#039;appartement de 17,0 pi3 en acier inoxydable - DAR170A3BSLDD | Danby Canada\" \/>\n<meta property=\"og:description\" content=\"Bien que ce r\u00e9frig\u00e9rateur \u00e9l\u00e9gant et spacieux de Danby puisse \u00eatre assez grand pour y vivre, nous ne le recommandons pas. En revanche, nous le recommandons aux personnes qui recherchent un r\u00e9frig\u00e9rateur fiable et s\u00fbr sans espace de cong\u00e9lation. Ce r\u00e9frig\u00e9rateur complet offre 17 pieds cubes (480 litres) d&#039;espace de stockage frais et sans givre. Ne laissez pas sa taille vous effrayer : des roulettes de qualit\u00e9 sup\u00e9rieure permettent de d\u00e9placer facilement le r\u00e9frig\u00e9rateur. Cet appareil \u00e9l\u00e9gant est dot\u00e9 d&#039;une porte unique avec une poign\u00e9e int\u00e9gr\u00e9e et d&#039;une charni\u00e8re r\u00e9versible intelligente qui vous permet de la r\u00e9gler pour une ouverture \u00e0 droite ou \u00e0 gauche. L&#039;int\u00e9rieur soign\u00e9 et ordonn\u00e9 est \u00e9clair\u00e9 par un puissant syst\u00e8me d&#039;\u00e9clairage LED qui facilite l&#039;organisation des deux bacs \u00e0 l\u00e9gumes recouverts de verre, des \u00e9tag\u00e8res de porte int\u00e9gr\u00e9es et des quatre \u00e9tag\u00e8res en verre r\u00e9glables. Une alarme sonore int\u00e9gr\u00e9e est \u00e9galement incluse si la porte reste entrouverte. Il y a beaucoup de place pour les grandes bouteilles et cet appareil haut de gamme est accompagn\u00e9 d&#039;une garantie de 18 mois sur les pi\u00e8ces et la main-d&#039;\u0153uvre et d&#039;un service \u00e0 domicile pratique.\" \/>\n<meta property=\"og:url\" content=\"https:\/\/www.danby.com\/fr\/products\/refrigerateurs-pour-petites-surfaces\/dar170a3bsldd\/\" \/>\n<meta property=\"og:site_name\" content=\"Danby - Canada - French\" \/>\n<meta property=\"article:publisher\" content=\"https:\/\/www.facebook.com\/DanbyAppliances\" \/>\n<meta property=\"article:modified_time\" content=\"2026-04-05T10:04:50+00:00\" \/>\n<meta property=\"og:image\" content=\"https:\/\/cdnweb.danby.com\/wp-content\/uploads\/sites\/2\/2023\/07\/26133635\/DAR170A3BSLD_Right-scaled.jpg\" \/>\n\t<meta property=\"og:image:width\" content=\"1920\" \/>\n\t<meta property=\"og:image:height\" content=\"2560\" \/>\n\t<meta property=\"og:image:type\" content=\"image\/jpeg\" \/>\n<meta name=\"twitter:card\" content=\"summary_large_image\" \/>\n<meta name=\"twitter:site\" content=\"@DanbyAppliance\" \/>\n<script type=\"application\/ld+json\" class=\"yoast-schema-graph\">{\"@context\":\"https:\/\/schema.org\",\"@graph\":[{\"@type\":[\"WebPage\",\"ItemPage\"],\"url\":\"https:\/\/www.danby.com\/fr\/products\/refrigerateurs-pour-petites-surfaces\/dar170a3bsldd\/\",\"name\":\"Danby Designer R\u00e9frig\u00e9rateur d'appartement de 17,0 pi3 en acier inoxydable - DAR170A3BSLDD | Danby Canada\",\"isPartOf\":[],\"primaryImageOfPage\":[],\"image\":[],\"thumbnailUrl\":\"https:\/\/www.danby.com\/fr\/wp-content\/uploads\/sites\/2\/2025\/12\/dar170a3bsld-front.jpg\",\"datePublished\":\"2022-02-03T19:13:52+00:00\",\"dateModified\":\"2026-04-05T10:04:50+00:00\",\"description\":\"Bien que ce r\u00e9frig\u00e9rateur \u00e9l\u00e9gant et spacieux de Danby puisse \u00eatre assez grand pour y vivre, nous ne le recommandons pas. En revanche, nous le recommandons aux personnes qui recherchent un r\u00e9frig\u00e9rateur fiable et s\u00fbr sans espace de cong\u00e9lation. Ce r\u00e9frig\u00e9rateur complet offre 17 pieds cubes (480 litres) d'espace de stockage frais et sans givre. Ne laissez pas sa taille vous effrayer : des roulettes de qualit\u00e9 sup\u00e9rieure permettent de d\u00e9placer facilement le r\u00e9frig\u00e9rateur. Cet appareil \u00e9l\u00e9gant est dot\u00e9 d'une porte unique avec une poign\u00e9e int\u00e9gr\u00e9e et d'une charni\u00e8re r\u00e9versible intelligente qui vous permet de la r\u00e9gler pour une ouverture \u00e0 droite ou \u00e0 gauche. L'int\u00e9rieur soign\u00e9 et ordonn\u00e9 est \u00e9clair\u00e9 par un puissant syst\u00e8me d'\u00e9clairage LED qui facilite l'organisation des deux bacs \u00e0 l\u00e9gumes recouverts de verre, des \u00e9tag\u00e8res de porte int\u00e9gr\u00e9es et des quatre \u00e9tag\u00e8res en verre r\u00e9glables. Une alarme sonore int\u00e9gr\u00e9e est \u00e9galement incluse si la porte reste entrouverte. Il y a beaucoup de place pour les grandes bouteilles et cet appareil haut de gamme est accompagn\u00e9 d'une garantie de 18 mois sur les pi\u00e8ces et la main-d'\u0153uvre et d'un service \u00e0 domicile pratique.\",\"breadcrumb\":[],\"inLanguage\":\"fr-CA\",\"potentialAction\":[{\"@type\":\"ReadAction\",\"target\":[\"https:\/\/www.danby.com\/fr\/products\/refrigerateurs-pour-petites-surfaces\/dar170a3bsldd\/\"]}]},{\"@type\":\"ImageObject\",\"inLanguage\":\"fr-CA\",\"url\":\"https:\/\/www.danby.com\/fr\/wp-content\/uploads\/sites\/2\/2025\/12\/dar170a3bsld-front.jpg\",\"contentUrl\":\"https:\/\/www.danby.com\/fr\/wp-content\/uploads\/sites\/2\/2025\/12\/dar170a3bsld-front.jpg\",\"width\":810,\"height\":1080},{\"@type\":\"BreadcrumbList\",\"itemListElement\":[{\"@type\":\"ListItem\",\"position\":1,\"name\":\"Home\",\"item\":\"https:\/\/www.danby.com\/fr\/\"},{\"@type\":\"ListItem\",\"position\":2,\"name\":\"Boutique\",\"item\":\"https:\/\/www.danby.com\/fr\/boutique\/\"},{\"@type\":\"ListItem\",\"position\":3,\"name\":\"Danby Designer R\u00e9frig\u00e9rateur d&#8217;appartement de 17,0 pi3 en acier inoxydable\"}]},{\"@type\":\"WebSite\",\"url\":\"https:\/\/www.danby.com\/fr\/\",\"name\":\"Danby - Canada - French\",\"description\":\"Leader dans le domaine de la r\u00e9frig\u00e9ration et des appareils sp\u00e9cialis\u00e9s\",\"publisher\":[],\"potentialAction\":[{\"@type\":\"SearchAction\",\"target\":{\"@type\":\"EntryPoint\",\"urlTemplate\":\"https:\/\/www.danby.com\/fr\/?s={search_term_string}\"},\"query-input\":{\"@type\":\"PropertyValueSpecification\",\"valueRequired\":true,\"valueName\":\"search_term_string\"}}],\"inLanguage\":\"fr-CA\"},{\"@type\":\"Organization\",\"name\":\"Danby Appliances\",\"url\":\"https:\/\/www.danby.com\/fr\/\",\"logo\":{\"@type\":\"ImageObject\",\"inLanguage\":\"fr-CA\",\"url\":\"https:\/\/cdnweb.danby.com\/wp-content\/uploads\/sites\/2\/2022\/02\/10141906\/Danby75Ans_Blue.png\",\"contentUrl\":\"https:\/\/cdnweb.danby.com\/wp-content\/uploads\/sites\/2\/2022\/02\/10141906\/Danby75Ans_Blue.png\",\"width\":470,\"height\":110,\"caption\":\"Danby Appliances\"},\"image\":[],\"sameAs\":[\"https:\/\/www.facebook.com\/DanbyAppliances\",\"https:\/\/x.com\/DanbyAppliance\",\"https:\/\/instagram.com\/danbyappliances\/\",\"https:\/\/www.linkedin.com\/company\/danbyappliances\",\"https:\/\/www.pinterest.ca\/danbyappliances\/\",\"https:\/\/www.youtube.com\/user\/DanbyProducts\",\"https:\/\/en.wikipedia.org\/wiki\/Danby_(appliances)\"]}]}<\/script>\n<!-- \/ Yoast SEO plugin. -->","yoast_head_json":{"title":"Danby Designer R\u00e9frig\u00e9rateur d'appartement de 17,0 pi3 en acier inoxydable - DAR170A3BSLDD | Danby Canada","description":"Bien que ce r\u00e9frig\u00e9rateur \u00e9l\u00e9gant et spacieux de Danby puisse \u00eatre assez grand pour y vivre, nous ne le recommandons pas. En revanche, nous le recommandons aux personnes qui recherchent un r\u00e9frig\u00e9rateur fiable et s\u00fbr sans espace de cong\u00e9lation. Ce r\u00e9frig\u00e9rateur complet offre 17 pieds cubes (480 litres) d'espace de stockage frais et sans givre. Ne laissez pas sa taille vous effrayer : des roulettes de qualit\u00e9 sup\u00e9rieure permettent de d\u00e9placer facilement le r\u00e9frig\u00e9rateur. Cet appareil \u00e9l\u00e9gant est dot\u00e9 d'une porte unique avec une poign\u00e9e int\u00e9gr\u00e9e et d'une charni\u00e8re r\u00e9versible intelligente qui vous permet de la r\u00e9gler pour une ouverture \u00e0 droite ou \u00e0 gauche. L'int\u00e9rieur soign\u00e9 et ordonn\u00e9 est \u00e9clair\u00e9 par un puissant syst\u00e8me d'\u00e9clairage LED qui facilite l'organisation des deux bacs \u00e0 l\u00e9gumes recouverts de verre, des \u00e9tag\u00e8res de porte int\u00e9gr\u00e9es et des quatre \u00e9tag\u00e8res en verre r\u00e9glables. Une alarme sonore int\u00e9gr\u00e9e est \u00e9galement incluse si la porte reste entrouverte. Il y a beaucoup de place pour les grandes bouteilles et cet appareil haut de gamme est accompagn\u00e9 d'une garantie de 18 mois sur les pi\u00e8ces et la main-d'\u0153uvre et d'un service \u00e0 domicile pratique.","robots":{"index":"index","follow":"follow","max-snippet":"max-snippet:-1","max-image-preview":"max-image-preview:large","max-video-preview":"max-video-preview:-1"},"canonical":"https:\/\/www.danby.com\/fr\/products\/refrigerateurs-pour-petites-surfaces\/dar170a3bsldd\/","og_locale":"fr_CA","og_type":"article","og_title":"Danby Designer R\u00e9frig\u00e9rateur d'appartement de 17,0 pi3 en acier inoxydable - DAR170A3BSLDD | Danby Canada","og_description":"Bien que ce r\u00e9frig\u00e9rateur \u00e9l\u00e9gant et spacieux de Danby puisse \u00eatre assez grand pour y vivre, nous ne le recommandons pas. En revanche, nous le recommandons aux personnes qui recherchent un r\u00e9frig\u00e9rateur fiable et s\u00fbr sans espace de cong\u00e9lation. Ce r\u00e9frig\u00e9rateur complet offre 17 pieds cubes (480 litres) d'espace de stockage frais et sans givre. Ne laissez pas sa taille vous effrayer : des roulettes de qualit\u00e9 sup\u00e9rieure permettent de d\u00e9placer facilement le r\u00e9frig\u00e9rateur. Cet appareil \u00e9l\u00e9gant est dot\u00e9 d'une porte unique avec une poign\u00e9e int\u00e9gr\u00e9e et d'une charni\u00e8re r\u00e9versible intelligente qui vous permet de la r\u00e9gler pour une ouverture \u00e0 droite ou \u00e0 gauche. L'int\u00e9rieur soign\u00e9 et ordonn\u00e9 est \u00e9clair\u00e9 par un puissant syst\u00e8me d'\u00e9clairage LED qui facilite l'organisation des deux bacs \u00e0 l\u00e9gumes recouverts de verre, des \u00e9tag\u00e8res de porte int\u00e9gr\u00e9es et des quatre \u00e9tag\u00e8res en verre r\u00e9glables. Une alarme sonore int\u00e9gr\u00e9e est \u00e9galement incluse si la porte reste entrouverte. Il y a beaucoup de place pour les grandes bouteilles et cet appareil haut de gamme est accompagn\u00e9 d'une garantie de 18 mois sur les pi\u00e8ces et la main-d'\u0153uvre et d'un service \u00e0 domicile pratique.","og_url":"https:\/\/www.danby.com\/fr\/products\/refrigerateurs-pour-petites-surfaces\/dar170a3bsldd\/","og_site_name":"Danby - Canada - French","article_publisher":"https:\/\/www.facebook.com\/DanbyAppliances","article_modified_time":"2026-04-05T10:04:50+00:00","og_image":[{"width":1920,"height":2560,"url":"https:\/\/cdnweb.danby.com\/wp-content\/uploads\/sites\/2\/2023\/07\/26133635\/DAR170A3BSLD_Right-scaled.jpg","type":"image\/jpeg"}],"twitter_card":"summary_large_image","twitter_site":"@DanbyAppliance","schema":{"@context":"https:\/\/schema.org","@graph":[{"@type":["WebPage","ItemPage"],"url":"https:\/\/www.danby.com\/fr\/products\/refrigerateurs-pour-petites-surfaces\/dar170a3bsldd\/","name":"Danby Designer R\u00e9frig\u00e9rateur d'appartement de 17,0 pi3 en acier inoxydable - DAR170A3BSLDD | Danby Canada","isPartOf":[],"primaryImageOfPage":[],"image":[],"thumbnailUrl":"https:\/\/www.danby.com\/fr\/wp-content\/uploads\/sites\/2\/2025\/12\/dar170a3bsld-front.jpg","datePublished":"2022-02-03T19:13:52+00:00","dateModified":"2026-04-05T10:04:50+00:00","description":"Bien que ce r\u00e9frig\u00e9rateur \u00e9l\u00e9gant et spacieux de Danby puisse \u00eatre assez grand pour y vivre, nous ne le recommandons pas. En revanche, nous le recommandons aux personnes qui recherchent un r\u00e9frig\u00e9rateur fiable et s\u00fbr sans espace de cong\u00e9lation. Ce r\u00e9frig\u00e9rateur complet offre 17 pieds cubes (480 litres) d'espace de stockage frais et sans givre. Ne laissez pas sa taille vous effrayer : des roulettes de qualit\u00e9 sup\u00e9rieure permettent de d\u00e9placer facilement le r\u00e9frig\u00e9rateur. Cet appareil \u00e9l\u00e9gant est dot\u00e9 d'une porte unique avec une poign\u00e9e int\u00e9gr\u00e9e et d'une charni\u00e8re r\u00e9versible intelligente qui vous permet de la r\u00e9gler pour une ouverture \u00e0 droite ou \u00e0 gauche. L'int\u00e9rieur soign\u00e9 et ordonn\u00e9 est \u00e9clair\u00e9 par un puissant syst\u00e8me d'\u00e9clairage LED qui facilite l'organisation des deux bacs \u00e0 l\u00e9gumes recouverts de verre, des \u00e9tag\u00e8res de porte int\u00e9gr\u00e9es et des quatre \u00e9tag\u00e8res en verre r\u00e9glables. Une alarme sonore int\u00e9gr\u00e9e est \u00e9galement incluse si la porte reste entrouverte. Il y a beaucoup de place pour les grandes bouteilles et cet appareil haut de gamme est accompagn\u00e9 d'une garantie de 18 mois sur les pi\u00e8ces et la main-d'\u0153uvre et d'un service \u00e0 domicile pratique.","breadcrumb":[],"inLanguage":"fr-CA","potentialAction":[{"@type":"ReadAction","target":["https:\/\/www.danby.com\/fr\/products\/refrigerateurs-pour-petites-surfaces\/dar170a3bsldd\/"]}]},{"@type":"ImageObject","inLanguage":"fr-CA","url":"https:\/\/www.danby.com\/fr\/wp-content\/uploads\/sites\/2\/2025\/12\/dar170a3bsld-front.jpg","contentUrl":"https:\/\/www.danby.com\/fr\/wp-content\/uploads\/sites\/2\/2025\/12\/dar170a3bsld-front.jpg","width":810,"height":1080},{"@type":"BreadcrumbList","itemListElement":[{"@type":"ListItem","position":1,"name":"Home","item":"https:\/\/www.danby.com\/fr\/"},{"@type":"ListItem","position":2,"name":"Boutique","item":"https:\/\/www.danby.com\/fr\/boutique\/"},{"@type":"ListItem","position":3,"name":"Danby Designer R\u00e9frig\u00e9rateur d&#8217;appartement de 17,0 pi3 en acier inoxydable"}]},{"@type":"WebSite","url":"https:\/\/www.danby.com\/fr\/","name":"Danby - Canada - French","description":"Leader dans le domaine de la r\u00e9frig\u00e9ration et des appareils sp\u00e9cialis\u00e9s","publisher":[],"potentialAction":[{"@type":"SearchAction","target":{"@type":"EntryPoint","urlTemplate":"https:\/\/www.danby.com\/fr\/?s={search_term_string}"},"query-input":{"@type":"PropertyValueSpecification","valueRequired":true,"valueName":"search_term_string"}}],"inLanguage":"fr-CA"},{"@type":"Organization","name":"Danby Appliances","url":"https:\/\/www.danby.com\/fr\/","logo":{"@type":"ImageObject","inLanguage":"fr-CA","url":"https:\/\/cdnweb.danby.com\/wp-content\/uploads\/sites\/2\/2022\/02\/10141906\/Danby75Ans_Blue.png","contentUrl":"https:\/\/cdnweb.danby.com\/wp-content\/uploads\/sites\/2\/2022\/02\/10141906\/Danby75Ans_Blue.png","width":470,"height":110,"caption":"Danby Appliances"},"image":[],"sameAs":["https:\/\/www.facebook.com\/DanbyAppliances","https:\/\/x.com\/DanbyAppliance","https:\/\/instagram.com\/danbyappliances\/","https:\/\/www.linkedin.com\/company\/danbyappliances","https:\/\/www.pinterest.ca\/danbyappliances\/","https:\/\/www.youtube.com\/user\/DanbyProducts","https:\/\/en.wikipedia.org\/wiki\/Danby_(appliances)"]}]}},"post_mailing_queue_ids":[],"_links":{"self":[{"href":"https:\/\/www.danby.com\/fr\/wp-json\/wp\/v2\/product\/4660","targetHints":{"allow":["GET"]}}],"collection":[{"href":"https:\/\/www.danby.com\/fr\/wp-json\/wp\/v2\/product"}],"about":[{"href":"https:\/\/www.danby.com\/fr\/wp-json\/wp\/v2\/types\/product"}],"replies":[{"embeddable":true,"href":"https:\/\/www.danby.com\/fr\/wp-json\/wp\/v2\/comments?post=4660"}],"wp:featuredmedia":[{"embeddable":true,"href":"https:\/\/www.danby.com\/fr\/wp-json\/wp\/v2\/media\/37609"}],"wp:attachment":[{"href":"https:\/\/www.danby.com\/fr\/wp-json\/wp\/v2\/media?parent=4660"}],"wp:term":[{"taxonomy":"product_brand","embeddable":true,"href":"https:\/\/www.danby.com\/fr\/wp-json\/wp\/v2\/product_brand?post=4660"},{"taxonomy":"product_cat","embeddable":true,"href":"https:\/\/www.danby.com\/fr\/wp-json\/wp\/v2\/product_cat?post=4660"},{"taxonomy":"product_tag","embeddable":true,"href":"https:\/\/www.danby.com\/fr\/wp-json\/wp\/v2\/product_tag?post=4660"}],"curies":[{"name":"wp","href":"https:\/\/api.w.org\/{rel}","templated":true}]}}