{"id":4654,"date":"2022-02-03T19:13:52","date_gmt":"2022-02-03T19:13:52","guid":{"rendered":"https:\/\/www.danby.com\/fr\/product\/dar110a1wdd\/"},"modified":"2026-04-14T10:06:02","modified_gmt":"2026-04-14T10:06:02","slug":"dar110a1wdd","status":"publish","type":"product","link":"https:\/\/www.danby.com\/fr\/products\/refrigerateurs-pour-petites-surfaces\/dar110a1wdd\/","title":{"rendered":"Danby Designer R\u00e9frig\u00e9rateur d&#8217;appartement de 11,0 pi3 en Blanc"},"content":{"rendered":"","protected":false},"excerpt":{"rendered":"<ul>\n<li>R\u00e9frig\u00e9rateur d&#8217;une capacit\u00e9 de 311 L (11,0 pi3), tous r\u00e9frig\u00e9rateurs confondus<\/li>\n<li>Certifi\u00e9 ENERGY STAR\u00ae<\/li>\n<li>R\u00e9frig\u00e9rant R600a<\/li>\n<li>4 tablettes en verre r\u00e9glables sur toute la largeur et 1 1\/2 largeur pour une polyvalence de rangement maximale.<\/li>\n<li>\u00c9tag\u00e8res de porte int\u00e9gr\u00e9es avec rangement pour les grandes bouteilles<\/li>\n<li>Bac \u00e0 l\u00e9gumes et couvercle<\/li>\n<li>Thermostat m\u00e9canique<\/li>\n<li>Plan de travail r\u00e9sistant aux rayures<\/li>\n<li>\u00c9clairage int\u00e9rieur<\/li>\n<li>Poign\u00e9e de porte int\u00e9gr\u00e9e<\/li>\n<\/ul>\n","protected":false},"featured_media":34960,"comment_status":"closed","ping_status":"open","template":"","meta":{"_acf_changed":false},"product_brand":[],"product_cat":[20],"product_tag":[],"class_list":{"0":"post-4654","1":"product","2":"type-product","3":"status-publish","4":"has-post-thumbnail","6":"product_cat-refrigerateurs-pour-petites-surfaces","8":"first","9":"instock","10":"taxable","11":"shipping-taxable","12":"purchasable","13":"product-type-simple"},"acf":[],"yoast_head":"<!-- This site is optimized with the Yoast SEO plugin v26.7 - https:\/\/yoast.com\/wordpress\/plugins\/seo\/ -->\n<title>Danby Designer R\u00e9frig\u00e9rateur d&#039;appartement de 11,0 pi3 en Blanc - DAR110A1WDD | Danby Canada<\/title>\n<meta name=\"description\" content=\"Bien que ce r\u00e9frig\u00e9rateur \u00e9l\u00e9gant et spacieux de Danby puisse \u00eatre assez grand pour y vivre, nous ne le recommandons pas. En revanche, nous le recommandons aux personnes qui recherchent un r\u00e9frig\u00e9rateur fiable et s\u00fbr sans espace de cong\u00e9lation. Ce mod\u00e8le Designer offre 311 litres d&#039;espace de stockage au frais. Gr\u00e2ce \u00e0 sa prestigieuse certification Energy Star et \u00e0 son thermostat m\u00e9canique de haute technologie, il vous permettra de r\u00e9duire vos factures d&#039;\u00e9lectricit\u00e9. Cet appareil \u00e9l\u00e9gant est dot\u00e9 d&#039;une porte unique avec une poign\u00e9e int\u00e9gr\u00e9e et une charni\u00e8re r\u00e9versible intelligente qui vous permet de le r\u00e9gler pour une ouverture \u00e0 droite ou \u00e0 gauche. L&#039;int\u00e9rieur soign\u00e9 et ordonn\u00e9 est \u00e9clair\u00e9 par un syst\u00e8me d&#039;\u00e9clairage puissant qui facilite l&#039;organisation du bac \u00e0 l\u00e9gumes recouvert de verre, des \u00e9tag\u00e8res de porte int\u00e9gr\u00e9es et des quatre \u00e9tag\u00e8res en verre r\u00e9glables et demi. Il y a beaucoup de place pour les grandes bouteilles et cet appareil haut de gamme est assorti d&#039;une garantie de 18 mois sur les pi\u00e8ces et la main-d&#039;\u0153uvre et d&#039;un service \u00e0 domicile pratique. Cette magnifique combinaison vous offrira un espace de r\u00e9frig\u00e9ration de 11 pieds cubes.\" \/>\n<meta name=\"robots\" content=\"index, follow, max-snippet:-1, max-image-preview:large, max-video-preview:-1\" \/>\n<link rel=\"canonical\" href=\"https:\/\/www.danby.com\/fr\/products\/refrigerateurs-pour-petites-surfaces\/dar110a1wdd\/\" \/>\n<meta property=\"og:locale\" content=\"fr_CA\" \/>\n<meta property=\"og:type\" content=\"article\" \/>\n<meta property=\"og:title\" content=\"Danby Designer R\u00e9frig\u00e9rateur d&#039;appartement de 11,0 pi3 en Blanc - DAR110A1WDD | Danby Canada\" \/>\n<meta property=\"og:description\" content=\"Bien que ce r\u00e9frig\u00e9rateur \u00e9l\u00e9gant et spacieux de Danby puisse \u00eatre assez grand pour y vivre, nous ne le recommandons pas. En revanche, nous le recommandons aux personnes qui recherchent un r\u00e9frig\u00e9rateur fiable et s\u00fbr sans espace de cong\u00e9lation. Ce mod\u00e8le Designer offre 311 litres d&#039;espace de stockage au frais. Gr\u00e2ce \u00e0 sa prestigieuse certification Energy Star et \u00e0 son thermostat m\u00e9canique de haute technologie, il vous permettra de r\u00e9duire vos factures d&#039;\u00e9lectricit\u00e9. Cet appareil \u00e9l\u00e9gant est dot\u00e9 d&#039;une porte unique avec une poign\u00e9e int\u00e9gr\u00e9e et une charni\u00e8re r\u00e9versible intelligente qui vous permet de le r\u00e9gler pour une ouverture \u00e0 droite ou \u00e0 gauche. L&#039;int\u00e9rieur soign\u00e9 et ordonn\u00e9 est \u00e9clair\u00e9 par un syst\u00e8me d&#039;\u00e9clairage puissant qui facilite l&#039;organisation du bac \u00e0 l\u00e9gumes recouvert de verre, des \u00e9tag\u00e8res de porte int\u00e9gr\u00e9es et des quatre \u00e9tag\u00e8res en verre r\u00e9glables et demi. Il y a beaucoup de place pour les grandes bouteilles et cet appareil haut de gamme est assorti d&#039;une garantie de 18 mois sur les pi\u00e8ces et la main-d&#039;\u0153uvre et d&#039;un service \u00e0 domicile pratique. Cette magnifique combinaison vous offrira un espace de r\u00e9frig\u00e9ration de 11 pieds cubes.\" \/>\n<meta property=\"og:url\" content=\"https:\/\/www.danby.com\/fr\/products\/refrigerateurs-pour-petites-surfaces\/dar110a1wdd\/\" \/>\n<meta property=\"og:site_name\" content=\"Danby - Canada - French\" \/>\n<meta property=\"article:publisher\" content=\"https:\/\/www.facebook.com\/DanbyAppliances\" \/>\n<meta property=\"article:modified_time\" content=\"2026-04-14T10:06:02+00:00\" \/>\n<meta property=\"og:image\" content=\"https:\/\/cdnweb.danby.com\/wp-content\/uploads\/sites\/2\/2023\/05\/26190406\/DAR110A1WDD-Featured.jpg\" \/>\n\t<meta property=\"og:image:width\" content=\"600\" \/>\n\t<meta property=\"og:image:height\" content=\"800\" \/>\n\t<meta property=\"og:image:type\" content=\"image\/jpeg\" \/>\n<meta name=\"twitter:card\" content=\"summary_large_image\" \/>\n<meta name=\"twitter:site\" content=\"@DanbyAppliance\" \/>\n<script type=\"application\/ld+json\" class=\"yoast-schema-graph\">{\"@context\":\"https:\/\/schema.org\",\"@graph\":[{\"@type\":[\"WebPage\",\"ItemPage\"],\"url\":\"https:\/\/www.danby.com\/fr\/products\/refrigerateurs-pour-petites-surfaces\/dar110a1wdd\/\",\"name\":\"Danby Designer R\u00e9frig\u00e9rateur d'appartement de 11,0 pi3 en Blanc - DAR110A1WDD | Danby Canada\",\"isPartOf\":[],\"primaryImageOfPage\":[],\"image\":[],\"thumbnailUrl\":\"https:\/\/www.danby.com\/fr\/wp-content\/uploads\/sites\/2\/2025\/09\/dar110a1wdd-front.jpg\",\"datePublished\":\"2022-02-03T19:13:52+00:00\",\"dateModified\":\"2026-04-14T10:06:02+00:00\",\"description\":\"Bien que ce r\u00e9frig\u00e9rateur \u00e9l\u00e9gant et spacieux de Danby puisse \u00eatre assez grand pour y vivre, nous ne le recommandons pas. En revanche, nous le recommandons aux personnes qui recherchent un r\u00e9frig\u00e9rateur fiable et s\u00fbr sans espace de cong\u00e9lation. Ce mod\u00e8le Designer offre 311 litres d'espace de stockage au frais. Gr\u00e2ce \u00e0 sa prestigieuse certification Energy Star et \u00e0 son thermostat m\u00e9canique de haute technologie, il vous permettra de r\u00e9duire vos factures d'\u00e9lectricit\u00e9. Cet appareil \u00e9l\u00e9gant est dot\u00e9 d'une porte unique avec une poign\u00e9e int\u00e9gr\u00e9e et une charni\u00e8re r\u00e9versible intelligente qui vous permet de le r\u00e9gler pour une ouverture \u00e0 droite ou \u00e0 gauche. L'int\u00e9rieur soign\u00e9 et ordonn\u00e9 est \u00e9clair\u00e9 par un syst\u00e8me d'\u00e9clairage puissant qui facilite l'organisation du bac \u00e0 l\u00e9gumes recouvert de verre, des \u00e9tag\u00e8res de porte int\u00e9gr\u00e9es et des quatre \u00e9tag\u00e8res en verre r\u00e9glables et demi. Il y a beaucoup de place pour les grandes bouteilles et cet appareil haut de gamme est assorti d'une garantie de 18 mois sur les pi\u00e8ces et la main-d'\u0153uvre et d'un service \u00e0 domicile pratique. Cette magnifique combinaison vous offrira un espace de r\u00e9frig\u00e9ration de 11 pieds cubes.\",\"breadcrumb\":[],\"inLanguage\":\"fr-CA\",\"potentialAction\":[{\"@type\":\"ReadAction\",\"target\":[\"https:\/\/www.danby.com\/fr\/products\/refrigerateurs-pour-petites-surfaces\/dar110a1wdd\/\"]}]},{\"@type\":\"ImageObject\",\"inLanguage\":\"fr-CA\",\"url\":\"https:\/\/www.danby.com\/fr\/wp-content\/uploads\/sites\/2\/2025\/09\/dar110a1wdd-front.jpg\",\"contentUrl\":\"https:\/\/www.danby.com\/fr\/wp-content\/uploads\/sites\/2\/2025\/09\/dar110a1wdd-front.jpg\",\"width\":768,\"height\":1024},{\"@type\":\"BreadcrumbList\",\"itemListElement\":[{\"@type\":\"ListItem\",\"position\":1,\"name\":\"Home\",\"item\":\"https:\/\/www.danby.com\/fr\/\"},{\"@type\":\"ListItem\",\"position\":2,\"name\":\"Boutique\",\"item\":\"https:\/\/www.danby.com\/fr\/boutique\/\"},{\"@type\":\"ListItem\",\"position\":3,\"name\":\"Danby Designer R\u00e9frig\u00e9rateur d&#8217;appartement de 11,0 pi3 en blanc\"}]},{\"@type\":\"WebSite\",\"url\":\"https:\/\/www.danby.com\/fr\/\",\"name\":\"Danby - Canada - French\",\"description\":\"Leader dans le domaine de la r\u00e9frig\u00e9ration et des appareils sp\u00e9cialis\u00e9s\",\"publisher\":[],\"potentialAction\":[{\"@type\":\"SearchAction\",\"target\":{\"@type\":\"EntryPoint\",\"urlTemplate\":\"https:\/\/www.danby.com\/fr\/?s={search_term_string}\"},\"query-input\":{\"@type\":\"PropertyValueSpecification\",\"valueRequired\":true,\"valueName\":\"search_term_string\"}}],\"inLanguage\":\"fr-CA\"},{\"@type\":\"Organization\",\"name\":\"Danby Appliances\",\"url\":\"https:\/\/www.danby.com\/fr\/\",\"logo\":{\"@type\":\"ImageObject\",\"inLanguage\":\"fr-CA\",\"url\":\"https:\/\/cdnweb.danby.com\/wp-content\/uploads\/sites\/2\/2022\/02\/10141906\/Danby75Ans_Blue.png\",\"contentUrl\":\"https:\/\/cdnweb.danby.com\/wp-content\/uploads\/sites\/2\/2022\/02\/10141906\/Danby75Ans_Blue.png\",\"width\":470,\"height\":110,\"caption\":\"Danby Appliances\"},\"image\":[],\"sameAs\":[\"https:\/\/www.facebook.com\/DanbyAppliances\",\"https:\/\/x.com\/DanbyAppliance\",\"https:\/\/instagram.com\/danbyappliances\/\",\"https:\/\/www.linkedin.com\/company\/danbyappliances\",\"https:\/\/www.pinterest.ca\/danbyappliances\/\",\"https:\/\/www.youtube.com\/user\/DanbyProducts\",\"https:\/\/en.wikipedia.org\/wiki\/Danby_(appliances)\"]}]}<\/script>\n<!-- \/ Yoast SEO plugin. -->","yoast_head_json":{"title":"Danby Designer R\u00e9frig\u00e9rateur d'appartement de 11,0 pi3 en Blanc - DAR110A1WDD | Danby Canada","description":"Bien que ce r\u00e9frig\u00e9rateur \u00e9l\u00e9gant et spacieux de Danby puisse \u00eatre assez grand pour y vivre, nous ne le recommandons pas. En revanche, nous le recommandons aux personnes qui recherchent un r\u00e9frig\u00e9rateur fiable et s\u00fbr sans espace de cong\u00e9lation. Ce mod\u00e8le Designer offre 311 litres d'espace de stockage au frais. Gr\u00e2ce \u00e0 sa prestigieuse certification Energy Star et \u00e0 son thermostat m\u00e9canique de haute technologie, il vous permettra de r\u00e9duire vos factures d'\u00e9lectricit\u00e9. Cet appareil \u00e9l\u00e9gant est dot\u00e9 d'une porte unique avec une poign\u00e9e int\u00e9gr\u00e9e et une charni\u00e8re r\u00e9versible intelligente qui vous permet de le r\u00e9gler pour une ouverture \u00e0 droite ou \u00e0 gauche. L'int\u00e9rieur soign\u00e9 et ordonn\u00e9 est \u00e9clair\u00e9 par un syst\u00e8me d'\u00e9clairage puissant qui facilite l'organisation du bac \u00e0 l\u00e9gumes recouvert de verre, des \u00e9tag\u00e8res de porte int\u00e9gr\u00e9es et des quatre \u00e9tag\u00e8res en verre r\u00e9glables et demi. Il y a beaucoup de place pour les grandes bouteilles et cet appareil haut de gamme est assorti d'une garantie de 18 mois sur les pi\u00e8ces et la main-d'\u0153uvre et d'un service \u00e0 domicile pratique. Cette magnifique combinaison vous offrira un espace de r\u00e9frig\u00e9ration de 11 pieds cubes.","robots":{"index":"index","follow":"follow","max-snippet":"max-snippet:-1","max-image-preview":"max-image-preview:large","max-video-preview":"max-video-preview:-1"},"canonical":"https:\/\/www.danby.com\/fr\/products\/refrigerateurs-pour-petites-surfaces\/dar110a1wdd\/","og_locale":"fr_CA","og_type":"article","og_title":"Danby Designer R\u00e9frig\u00e9rateur d'appartement de 11,0 pi3 en Blanc - DAR110A1WDD | Danby Canada","og_description":"Bien que ce r\u00e9frig\u00e9rateur \u00e9l\u00e9gant et spacieux de Danby puisse \u00eatre assez grand pour y vivre, nous ne le recommandons pas. En revanche, nous le recommandons aux personnes qui recherchent un r\u00e9frig\u00e9rateur fiable et s\u00fbr sans espace de cong\u00e9lation. Ce mod\u00e8le Designer offre 311 litres d'espace de stockage au frais. Gr\u00e2ce \u00e0 sa prestigieuse certification Energy Star et \u00e0 son thermostat m\u00e9canique de haute technologie, il vous permettra de r\u00e9duire vos factures d'\u00e9lectricit\u00e9. Cet appareil \u00e9l\u00e9gant est dot\u00e9 d'une porte unique avec une poign\u00e9e int\u00e9gr\u00e9e et une charni\u00e8re r\u00e9versible intelligente qui vous permet de le r\u00e9gler pour une ouverture \u00e0 droite ou \u00e0 gauche. L'int\u00e9rieur soign\u00e9 et ordonn\u00e9 est \u00e9clair\u00e9 par un syst\u00e8me d'\u00e9clairage puissant qui facilite l'organisation du bac \u00e0 l\u00e9gumes recouvert de verre, des \u00e9tag\u00e8res de porte int\u00e9gr\u00e9es et des quatre \u00e9tag\u00e8res en verre r\u00e9glables et demi. Il y a beaucoup de place pour les grandes bouteilles et cet appareil haut de gamme est assorti d'une garantie de 18 mois sur les pi\u00e8ces et la main-d'\u0153uvre et d'un service \u00e0 domicile pratique. Cette magnifique combinaison vous offrira un espace de r\u00e9frig\u00e9ration de 11 pieds cubes.","og_url":"https:\/\/www.danby.com\/fr\/products\/refrigerateurs-pour-petites-surfaces\/dar110a1wdd\/","og_site_name":"Danby - Canada - French","article_publisher":"https:\/\/www.facebook.com\/DanbyAppliances","article_modified_time":"2026-04-14T10:06:02+00:00","og_image":[{"width":600,"height":800,"url":"https:\/\/cdnweb.danby.com\/wp-content\/uploads\/sites\/2\/2023\/05\/26190406\/DAR110A1WDD-Featured.jpg","type":"image\/jpeg"}],"twitter_card":"summary_large_image","twitter_site":"@DanbyAppliance","schema":{"@context":"https:\/\/schema.org","@graph":[{"@type":["WebPage","ItemPage"],"url":"https:\/\/www.danby.com\/fr\/products\/refrigerateurs-pour-petites-surfaces\/dar110a1wdd\/","name":"Danby Designer R\u00e9frig\u00e9rateur d'appartement de 11,0 pi3 en Blanc - DAR110A1WDD | Danby Canada","isPartOf":[],"primaryImageOfPage":[],"image":[],"thumbnailUrl":"https:\/\/www.danby.com\/fr\/wp-content\/uploads\/sites\/2\/2025\/09\/dar110a1wdd-front.jpg","datePublished":"2022-02-03T19:13:52+00:00","dateModified":"2026-04-14T10:06:02+00:00","description":"Bien que ce r\u00e9frig\u00e9rateur \u00e9l\u00e9gant et spacieux de Danby puisse \u00eatre assez grand pour y vivre, nous ne le recommandons pas. En revanche, nous le recommandons aux personnes qui recherchent un r\u00e9frig\u00e9rateur fiable et s\u00fbr sans espace de cong\u00e9lation. Ce mod\u00e8le Designer offre 311 litres d'espace de stockage au frais. Gr\u00e2ce \u00e0 sa prestigieuse certification Energy Star et \u00e0 son thermostat m\u00e9canique de haute technologie, il vous permettra de r\u00e9duire vos factures d'\u00e9lectricit\u00e9. Cet appareil \u00e9l\u00e9gant est dot\u00e9 d'une porte unique avec une poign\u00e9e int\u00e9gr\u00e9e et une charni\u00e8re r\u00e9versible intelligente qui vous permet de le r\u00e9gler pour une ouverture \u00e0 droite ou \u00e0 gauche. L'int\u00e9rieur soign\u00e9 et ordonn\u00e9 est \u00e9clair\u00e9 par un syst\u00e8me d'\u00e9clairage puissant qui facilite l'organisation du bac \u00e0 l\u00e9gumes recouvert de verre, des \u00e9tag\u00e8res de porte int\u00e9gr\u00e9es et des quatre \u00e9tag\u00e8res en verre r\u00e9glables et demi. Il y a beaucoup de place pour les grandes bouteilles et cet appareil haut de gamme est assorti d'une garantie de 18 mois sur les pi\u00e8ces et la main-d'\u0153uvre et d'un service \u00e0 domicile pratique. Cette magnifique combinaison vous offrira un espace de r\u00e9frig\u00e9ration de 11 pieds cubes.","breadcrumb":[],"inLanguage":"fr-CA","potentialAction":[{"@type":"ReadAction","target":["https:\/\/www.danby.com\/fr\/products\/refrigerateurs-pour-petites-surfaces\/dar110a1wdd\/"]}]},{"@type":"ImageObject","inLanguage":"fr-CA","url":"https:\/\/www.danby.com\/fr\/wp-content\/uploads\/sites\/2\/2025\/09\/dar110a1wdd-front.jpg","contentUrl":"https:\/\/www.danby.com\/fr\/wp-content\/uploads\/sites\/2\/2025\/09\/dar110a1wdd-front.jpg","width":768,"height":1024},{"@type":"BreadcrumbList","itemListElement":[{"@type":"ListItem","position":1,"name":"Home","item":"https:\/\/www.danby.com\/fr\/"},{"@type":"ListItem","position":2,"name":"Boutique","item":"https:\/\/www.danby.com\/fr\/boutique\/"},{"@type":"ListItem","position":3,"name":"Danby Designer R\u00e9frig\u00e9rateur d&#8217;appartement de 11,0 pi3 en blanc"}]},{"@type":"WebSite","url":"https:\/\/www.danby.com\/fr\/","name":"Danby - Canada - French","description":"Leader dans le domaine de la r\u00e9frig\u00e9ration et des appareils sp\u00e9cialis\u00e9s","publisher":[],"potentialAction":[{"@type":"SearchAction","target":{"@type":"EntryPoint","urlTemplate":"https:\/\/www.danby.com\/fr\/?s={search_term_string}"},"query-input":{"@type":"PropertyValueSpecification","valueRequired":true,"valueName":"search_term_string"}}],"inLanguage":"fr-CA"},{"@type":"Organization","name":"Danby Appliances","url":"https:\/\/www.danby.com\/fr\/","logo":{"@type":"ImageObject","inLanguage":"fr-CA","url":"https:\/\/cdnweb.danby.com\/wp-content\/uploads\/sites\/2\/2022\/02\/10141906\/Danby75Ans_Blue.png","contentUrl":"https:\/\/cdnweb.danby.com\/wp-content\/uploads\/sites\/2\/2022\/02\/10141906\/Danby75Ans_Blue.png","width":470,"height":110,"caption":"Danby Appliances"},"image":[],"sameAs":["https:\/\/www.facebook.com\/DanbyAppliances","https:\/\/x.com\/DanbyAppliance","https:\/\/instagram.com\/danbyappliances\/","https:\/\/www.linkedin.com\/company\/danbyappliances","https:\/\/www.pinterest.ca\/danbyappliances\/","https:\/\/www.youtube.com\/user\/DanbyProducts","https:\/\/en.wikipedia.org\/wiki\/Danby_(appliances)"]}]}},"post_mailing_queue_ids":[],"_links":{"self":[{"href":"https:\/\/www.danby.com\/fr\/wp-json\/wp\/v2\/product\/4654","targetHints":{"allow":["GET"]}}],"collection":[{"href":"https:\/\/www.danby.com\/fr\/wp-json\/wp\/v2\/product"}],"about":[{"href":"https:\/\/www.danby.com\/fr\/wp-json\/wp\/v2\/types\/product"}],"replies":[{"embeddable":true,"href":"https:\/\/www.danby.com\/fr\/wp-json\/wp\/v2\/comments?post=4654"}],"wp:featuredmedia":[{"embeddable":true,"href":"https:\/\/www.danby.com\/fr\/wp-json\/wp\/v2\/media\/34960"}],"wp:attachment":[{"href":"https:\/\/www.danby.com\/fr\/wp-json\/wp\/v2\/media?parent=4654"}],"wp:term":[{"taxonomy":"product_brand","embeddable":true,"href":"https:\/\/www.danby.com\/fr\/wp-json\/wp\/v2\/product_brand?post=4654"},{"taxonomy":"product_cat","embeddable":true,"href":"https:\/\/www.danby.com\/fr\/wp-json\/wp\/v2\/product_cat?post=4654"},{"taxonomy":"product_tag","embeddable":true,"href":"https:\/\/www.danby.com\/fr\/wp-json\/wp\/v2\/product_tag?post=4654"}],"curies":[{"name":"wp","href":"https:\/\/api.w.org\/{rel}","templated":true}]}}