{"id":4646,"date":"2022-02-03T19:13:38","date_gmt":"2022-02-03T19:13:38","guid":{"rendered":"https:\/\/www.danby.com\/fr\/product\/dar044a9sldb\/"},"modified":"2026-04-14T10:05:59","modified_gmt":"2026-04-14T10:05:59","slug":"dar044a9sldb","status":"publish","type":"product","link":"https:\/\/www.danby.com\/fr\/products\/refrigeration-compact\/dar044a9sldb\/","title":{"rendered":"R\u00e9frig\u00e9rateur compact de 4,4 pi3 de Danby"},"content":{"rendered":"","protected":false},"excerpt":{"rendered":"<ul>\n<li>Danby R\u00e9frig\u00e9rateur compact de 4,4 pi\u00b3 en Acier Inoxydable DAR044A9SLDB<\/li>\n<li>Certifi\u00e9 ENERGY STAR\u00ae<\/li>\n<li>Peut contenir jusqu&#8217;\u00e0 111 canettes (355 ml)<\/li>\n<li>Acier inoxydable bross\u00e9 au fini impeccable et attrayant<\/li>\n<li>Syst\u00e8me de d\u00e9givrage automatique<\/li>\n<li>\u00c9tag\u00e8res int\u00e9gr\u00e9es dans la porte avec rangement pour bouteilles grandes tailles<\/li>\n<li>Charni\u00e8re de porte r\u00e9versible<\/li>\n<li>Plan de travail \u00e9l\u00e9gant<\/li>\n<li>R\u00e9frig\u00e9rant R600a<\/li>\n<li>Garantie de 12 mois sur les pi\u00e8ces et la main-d&#8217;\u0153uvre<\/li>\n<\/ul>\n","protected":false},"featured_media":35390,"comment_status":"closed","ping_status":"closed","template":"","meta":{"_acf_changed":false},"product_brand":[],"product_cat":[22,1449],"product_tag":[],"class_list":{"0":"post-4646","1":"product","2":"type-product","3":"status-publish","4":"has-post-thumbnail","6":"product_cat-refrigeration-compact","7":"product_cat-sales","9":"first","10":"instock","11":"sale","12":"taxable","13":"shipping-taxable","14":"purchasable","15":"product-type-simple"},"acf":[],"yoast_head":"<!-- This site is optimized with the Yoast SEO plugin v26.7 - https:\/\/yoast.com\/wordpress\/plugins\/seo\/ -->\n<title>R\u00e9frig\u00e9rateur compact de 4,4 pi3 de Danby - DAR044A9SLDB | Danby Canada<\/title>\n<meta name=\"description\" content=\"Ajoutez une touche de classe \u00e0 n&#039;importe quelle pi\u00e8ce de votre maison avec ce r\u00e9frig\u00e9rateur compact de Danby. Ce mini-r\u00e9frig\u00e9rateur, con\u00e7u avec un nouveau look exclusif, mesure un peu plus de deux pieds de haut et offre une capacit\u00e9 de refroidissement de 4,4 pieds cubes (125 L). Ce r\u00e9frig\u00e9rateur peu encombrant est la taille parfaite pour les petits espaces tels que les dortoirs et les bars. Trouver de l&#039;espace de rangement pour les grandes bouteilles n&#039;est pas un probl\u00e8me, et le distributeur de boissons CanStor\u00ae de troisi\u00e8me g\u00e9n\u00e9ration est sans \u00e9gal. Les accessoires peuvent \u00eatre facilement rang\u00e9s sur le plan de travail r\u00e9sistant aux rayures, et il n&#039;est pas n\u00e9cessaire de d\u00e9givrer l&#039;appareil car cela se fait automatiquement. Ce splendide appareil est \u00e9galement dot\u00e9 d&#039;un int\u00e9rieur noir \u00e9l\u00e9gant et d&#039;un int\u00e9rieur \u00e9clair\u00e9 par des LED.\" \/>\n<meta name=\"robots\" content=\"index, follow, max-snippet:-1, max-image-preview:large, max-video-preview:-1\" \/>\n<link rel=\"canonical\" href=\"https:\/\/www.danby.com\/fr\/products\/refrigeration-compact\/dar044a9sldb\/\" \/>\n<meta property=\"og:locale\" content=\"fr_CA\" \/>\n<meta property=\"og:type\" content=\"article\" \/>\n<meta property=\"og:title\" content=\"R\u00e9frig\u00e9rateur compact de 4,4 pi3 de Danby - DAR044A9SLDB | Danby Canada\" \/>\n<meta property=\"og:description\" content=\"Ajoutez une touche de classe \u00e0 n&#039;importe quelle pi\u00e8ce de votre maison avec ce r\u00e9frig\u00e9rateur compact de Danby. Ce mini-r\u00e9frig\u00e9rateur, con\u00e7u avec un nouveau look exclusif, mesure un peu plus de deux pieds de haut et offre une capacit\u00e9 de refroidissement de 4,4 pieds cubes (125 L). Ce r\u00e9frig\u00e9rateur peu encombrant est la taille parfaite pour les petits espaces tels que les dortoirs et les bars. Trouver de l&#039;espace de rangement pour les grandes bouteilles n&#039;est pas un probl\u00e8me, et le distributeur de boissons CanStor\u00ae de troisi\u00e8me g\u00e9n\u00e9ration est sans \u00e9gal. Les accessoires peuvent \u00eatre facilement rang\u00e9s sur le plan de travail r\u00e9sistant aux rayures, et il n&#039;est pas n\u00e9cessaire de d\u00e9givrer l&#039;appareil car cela se fait automatiquement. Ce splendide appareil est \u00e9galement dot\u00e9 d&#039;un int\u00e9rieur noir \u00e9l\u00e9gant et d&#039;un int\u00e9rieur \u00e9clair\u00e9 par des LED.\" \/>\n<meta property=\"og:url\" content=\"https:\/\/www.danby.com\/fr\/products\/refrigeration-compact\/dar044a9sldb\/\" \/>\n<meta property=\"og:site_name\" content=\"Danby - Canada - French\" \/>\n<meta property=\"article:publisher\" content=\"https:\/\/www.facebook.com\/DanbyAppliances\" \/>\n<meta property=\"article:modified_time\" content=\"2026-04-14T10:05:59+00:00\" \/>\n<meta property=\"og:image\" content=\"https:\/\/cdnweb.danby.com\/wp-content\/uploads\/sites\/2\/2022\/02\/09135442\/DAR044A9SLDB-Featured.jpg\" \/>\n\t<meta property=\"og:image:width\" content=\"535\" \/>\n\t<meta property=\"og:image:height\" content=\"600\" \/>\n\t<meta property=\"og:image:type\" content=\"image\/jpeg\" \/>\n<meta name=\"twitter:card\" content=\"summary_large_image\" \/>\n<meta name=\"twitter:site\" content=\"@DanbyAppliance\" \/>\n<script type=\"application\/ld+json\" class=\"yoast-schema-graph\">{\"@context\":\"https:\/\/schema.org\",\"@graph\":[{\"@type\":[\"WebPage\",\"ItemPage\"],\"url\":\"https:\/\/www.danby.com\/fr\/products\/refrigeration-compact\/dar044a9sldb\/\",\"name\":\"R\u00e9frig\u00e9rateur compact de 4,4 pi3 de Danby - DAR044A9SLDB | Danby Canada\",\"isPartOf\":[],\"primaryImageOfPage\":[],\"image\":[],\"thumbnailUrl\":\"https:\/\/www.danby.com\/fr\/wp-content\/uploads\/sites\/2\/2025\/10\/DAR044A9SLDB_Front.jpg\",\"datePublished\":\"2022-02-03T19:13:38+00:00\",\"dateModified\":\"2026-04-14T10:05:59+00:00\",\"description\":\"Ajoutez une touche de classe \u00e0 n'importe quelle pi\u00e8ce de votre maison avec ce r\u00e9frig\u00e9rateur compact de Danby. Ce mini-r\u00e9frig\u00e9rateur, con\u00e7u avec un nouveau look exclusif, mesure un peu plus de deux pieds de haut et offre une capacit\u00e9 de refroidissement de 4,4 pieds cubes (125 L). Ce r\u00e9frig\u00e9rateur peu encombrant est la taille parfaite pour les petits espaces tels que les dortoirs et les bars. Trouver de l'espace de rangement pour les grandes bouteilles n'est pas un probl\u00e8me, et le distributeur de boissons CanStor\u00ae de troisi\u00e8me g\u00e9n\u00e9ration est sans \u00e9gal. Les accessoires peuvent \u00eatre facilement rang\u00e9s sur le plan de travail r\u00e9sistant aux rayures, et il n'est pas n\u00e9cessaire de d\u00e9givrer l'appareil car cela se fait automatiquement. Ce splendide appareil est \u00e9galement dot\u00e9 d'un int\u00e9rieur noir \u00e9l\u00e9gant et d'un int\u00e9rieur \u00e9clair\u00e9 par des LED.\",\"breadcrumb\":[],\"inLanguage\":\"fr-CA\",\"potentialAction\":[{\"@type\":\"ReadAction\",\"target\":[\"https:\/\/www.danby.com\/fr\/products\/refrigeration-compact\/dar044a9sldb\/\"]}]},{\"@type\":\"ImageObject\",\"inLanguage\":\"fr-CA\",\"url\":\"https:\/\/www.danby.com\/fr\/wp-content\/uploads\/sites\/2\/2025\/10\/DAR044A9SLDB_Front.jpg\",\"contentUrl\":\"https:\/\/www.danby.com\/fr\/wp-content\/uploads\/sites\/2\/2025\/10\/DAR044A9SLDB_Front.jpg\",\"width\":1875,\"height\":2500},{\"@type\":\"BreadcrumbList\",\"itemListElement\":[{\"@type\":\"ListItem\",\"position\":1,\"name\":\"Home\",\"item\":\"https:\/\/www.danby.com\/fr\/\"},{\"@type\":\"ListItem\",\"position\":2,\"name\":\"Boutique\",\"item\":\"https:\/\/www.danby.com\/fr\/boutique\/\"},{\"@type\":\"ListItem\",\"position\":3,\"name\":\"R\u00e9frig\u00e9rateur compact de 4,4 pi3 de Danby\"}]},{\"@type\":\"WebSite\",\"url\":\"https:\/\/www.danby.com\/fr\/\",\"name\":\"Danby - Canada - French\",\"description\":\"Leader dans le domaine de la r\u00e9frig\u00e9ration et des appareils sp\u00e9cialis\u00e9s\",\"publisher\":[],\"potentialAction\":[{\"@type\":\"SearchAction\",\"target\":{\"@type\":\"EntryPoint\",\"urlTemplate\":\"https:\/\/www.danby.com\/fr\/?s={search_term_string}\"},\"query-input\":{\"@type\":\"PropertyValueSpecification\",\"valueRequired\":true,\"valueName\":\"search_term_string\"}}],\"inLanguage\":\"fr-CA\"},{\"@type\":\"Organization\",\"name\":\"Danby Appliances\",\"url\":\"https:\/\/www.danby.com\/fr\/\",\"logo\":{\"@type\":\"ImageObject\",\"inLanguage\":\"fr-CA\",\"url\":\"https:\/\/cdnweb.danby.com\/wp-content\/uploads\/sites\/2\/2022\/02\/10141906\/Danby75Ans_Blue.png\",\"contentUrl\":\"https:\/\/cdnweb.danby.com\/wp-content\/uploads\/sites\/2\/2022\/02\/10141906\/Danby75Ans_Blue.png\",\"width\":470,\"height\":110,\"caption\":\"Danby Appliances\"},\"image\":[],\"sameAs\":[\"https:\/\/www.facebook.com\/DanbyAppliances\",\"https:\/\/x.com\/DanbyAppliance\",\"https:\/\/instagram.com\/danbyappliances\/\",\"https:\/\/www.linkedin.com\/company\/danbyappliances\",\"https:\/\/www.pinterest.ca\/danbyappliances\/\",\"https:\/\/www.youtube.com\/user\/DanbyProducts\",\"https:\/\/en.wikipedia.org\/wiki\/Danby_(appliances)\"]}]}<\/script>\n<!-- \/ Yoast SEO plugin. -->","yoast_head_json":{"title":"R\u00e9frig\u00e9rateur compact de 4,4 pi3 de Danby - DAR044A9SLDB | Danby Canada","description":"Ajoutez une touche de classe \u00e0 n'importe quelle pi\u00e8ce de votre maison avec ce r\u00e9frig\u00e9rateur compact de Danby. Ce mini-r\u00e9frig\u00e9rateur, con\u00e7u avec un nouveau look exclusif, mesure un peu plus de deux pieds de haut et offre une capacit\u00e9 de refroidissement de 4,4 pieds cubes (125 L). Ce r\u00e9frig\u00e9rateur peu encombrant est la taille parfaite pour les petits espaces tels que les dortoirs et les bars. Trouver de l'espace de rangement pour les grandes bouteilles n'est pas un probl\u00e8me, et le distributeur de boissons CanStor\u00ae de troisi\u00e8me g\u00e9n\u00e9ration est sans \u00e9gal. Les accessoires peuvent \u00eatre facilement rang\u00e9s sur le plan de travail r\u00e9sistant aux rayures, et il n'est pas n\u00e9cessaire de d\u00e9givrer l'appareil car cela se fait automatiquement. Ce splendide appareil est \u00e9galement dot\u00e9 d'un int\u00e9rieur noir \u00e9l\u00e9gant et d'un int\u00e9rieur \u00e9clair\u00e9 par des LED.","robots":{"index":"index","follow":"follow","max-snippet":"max-snippet:-1","max-image-preview":"max-image-preview:large","max-video-preview":"max-video-preview:-1"},"canonical":"https:\/\/www.danby.com\/fr\/products\/refrigeration-compact\/dar044a9sldb\/","og_locale":"fr_CA","og_type":"article","og_title":"R\u00e9frig\u00e9rateur compact de 4,4 pi3 de Danby - DAR044A9SLDB | Danby Canada","og_description":"Ajoutez une touche de classe \u00e0 n'importe quelle pi\u00e8ce de votre maison avec ce r\u00e9frig\u00e9rateur compact de Danby. Ce mini-r\u00e9frig\u00e9rateur, con\u00e7u avec un nouveau look exclusif, mesure un peu plus de deux pieds de haut et offre une capacit\u00e9 de refroidissement de 4,4 pieds cubes (125 L). Ce r\u00e9frig\u00e9rateur peu encombrant est la taille parfaite pour les petits espaces tels que les dortoirs et les bars. Trouver de l'espace de rangement pour les grandes bouteilles n'est pas un probl\u00e8me, et le distributeur de boissons CanStor\u00ae de troisi\u00e8me g\u00e9n\u00e9ration est sans \u00e9gal. Les accessoires peuvent \u00eatre facilement rang\u00e9s sur le plan de travail r\u00e9sistant aux rayures, et il n'est pas n\u00e9cessaire de d\u00e9givrer l'appareil car cela se fait automatiquement. Ce splendide appareil est \u00e9galement dot\u00e9 d'un int\u00e9rieur noir \u00e9l\u00e9gant et d'un int\u00e9rieur \u00e9clair\u00e9 par des LED.","og_url":"https:\/\/www.danby.com\/fr\/products\/refrigeration-compact\/dar044a9sldb\/","og_site_name":"Danby - Canada - French","article_publisher":"https:\/\/www.facebook.com\/DanbyAppliances","article_modified_time":"2026-04-14T10:05:59+00:00","og_image":[{"width":535,"height":600,"url":"https:\/\/cdnweb.danby.com\/wp-content\/uploads\/sites\/2\/2022\/02\/09135442\/DAR044A9SLDB-Featured.jpg","type":"image\/jpeg"}],"twitter_card":"summary_large_image","twitter_site":"@DanbyAppliance","schema":{"@context":"https:\/\/schema.org","@graph":[{"@type":["WebPage","ItemPage"],"url":"https:\/\/www.danby.com\/fr\/products\/refrigeration-compact\/dar044a9sldb\/","name":"R\u00e9frig\u00e9rateur compact de 4,4 pi3 de Danby - DAR044A9SLDB | Danby Canada","isPartOf":[],"primaryImageOfPage":[],"image":[],"thumbnailUrl":"https:\/\/www.danby.com\/fr\/wp-content\/uploads\/sites\/2\/2025\/10\/DAR044A9SLDB_Front.jpg","datePublished":"2022-02-03T19:13:38+00:00","dateModified":"2026-04-14T10:05:59+00:00","description":"Ajoutez une touche de classe \u00e0 n'importe quelle pi\u00e8ce de votre maison avec ce r\u00e9frig\u00e9rateur compact de Danby. Ce mini-r\u00e9frig\u00e9rateur, con\u00e7u avec un nouveau look exclusif, mesure un peu plus de deux pieds de haut et offre une capacit\u00e9 de refroidissement de 4,4 pieds cubes (125 L). Ce r\u00e9frig\u00e9rateur peu encombrant est la taille parfaite pour les petits espaces tels que les dortoirs et les bars. Trouver de l'espace de rangement pour les grandes bouteilles n'est pas un probl\u00e8me, et le distributeur de boissons CanStor\u00ae de troisi\u00e8me g\u00e9n\u00e9ration est sans \u00e9gal. Les accessoires peuvent \u00eatre facilement rang\u00e9s sur le plan de travail r\u00e9sistant aux rayures, et il n'est pas n\u00e9cessaire de d\u00e9givrer l'appareil car cela se fait automatiquement. Ce splendide appareil est \u00e9galement dot\u00e9 d'un int\u00e9rieur noir \u00e9l\u00e9gant et d'un int\u00e9rieur \u00e9clair\u00e9 par des LED.","breadcrumb":[],"inLanguage":"fr-CA","potentialAction":[{"@type":"ReadAction","target":["https:\/\/www.danby.com\/fr\/products\/refrigeration-compact\/dar044a9sldb\/"]}]},{"@type":"ImageObject","inLanguage":"fr-CA","url":"https:\/\/www.danby.com\/fr\/wp-content\/uploads\/sites\/2\/2025\/10\/DAR044A9SLDB_Front.jpg","contentUrl":"https:\/\/www.danby.com\/fr\/wp-content\/uploads\/sites\/2\/2025\/10\/DAR044A9SLDB_Front.jpg","width":1875,"height":2500},{"@type":"BreadcrumbList","itemListElement":[{"@type":"ListItem","position":1,"name":"Home","item":"https:\/\/www.danby.com\/fr\/"},{"@type":"ListItem","position":2,"name":"Boutique","item":"https:\/\/www.danby.com\/fr\/boutique\/"},{"@type":"ListItem","position":3,"name":"R\u00e9frig\u00e9rateur compact de 4,4 pi3 de Danby"}]},{"@type":"WebSite","url":"https:\/\/www.danby.com\/fr\/","name":"Danby - Canada - French","description":"Leader dans le domaine de la r\u00e9frig\u00e9ration et des appareils sp\u00e9cialis\u00e9s","publisher":[],"potentialAction":[{"@type":"SearchAction","target":{"@type":"EntryPoint","urlTemplate":"https:\/\/www.danby.com\/fr\/?s={search_term_string}"},"query-input":{"@type":"PropertyValueSpecification","valueRequired":true,"valueName":"search_term_string"}}],"inLanguage":"fr-CA"},{"@type":"Organization","name":"Danby Appliances","url":"https:\/\/www.danby.com\/fr\/","logo":{"@type":"ImageObject","inLanguage":"fr-CA","url":"https:\/\/cdnweb.danby.com\/wp-content\/uploads\/sites\/2\/2022\/02\/10141906\/Danby75Ans_Blue.png","contentUrl":"https:\/\/cdnweb.danby.com\/wp-content\/uploads\/sites\/2\/2022\/02\/10141906\/Danby75Ans_Blue.png","width":470,"height":110,"caption":"Danby Appliances"},"image":[],"sameAs":["https:\/\/www.facebook.com\/DanbyAppliances","https:\/\/x.com\/DanbyAppliance","https:\/\/instagram.com\/danbyappliances\/","https:\/\/www.linkedin.com\/company\/danbyappliances","https:\/\/www.pinterest.ca\/danbyappliances\/","https:\/\/www.youtube.com\/user\/DanbyProducts","https:\/\/en.wikipedia.org\/wiki\/Danby_(appliances)"]}]}},"post_mailing_queue_ids":[],"_links":{"self":[{"href":"https:\/\/www.danby.com\/fr\/wp-json\/wp\/v2\/product\/4646","targetHints":{"allow":["GET"]}}],"collection":[{"href":"https:\/\/www.danby.com\/fr\/wp-json\/wp\/v2\/product"}],"about":[{"href":"https:\/\/www.danby.com\/fr\/wp-json\/wp\/v2\/types\/product"}],"replies":[{"embeddable":true,"href":"https:\/\/www.danby.com\/fr\/wp-json\/wp\/v2\/comments?post=4646"}],"wp:featuredmedia":[{"embeddable":true,"href":"https:\/\/www.danby.com\/fr\/wp-json\/wp\/v2\/media\/35390"}],"wp:attachment":[{"href":"https:\/\/www.danby.com\/fr\/wp-json\/wp\/v2\/media?parent=4646"}],"wp:term":[{"taxonomy":"product_brand","embeddable":true,"href":"https:\/\/www.danby.com\/fr\/wp-json\/wp\/v2\/product_brand?post=4646"},{"taxonomy":"product_cat","embeddable":true,"href":"https:\/\/www.danby.com\/fr\/wp-json\/wp\/v2\/product_cat?post=4646"},{"taxonomy":"product_tag","embeddable":true,"href":"https:\/\/www.danby.com\/fr\/wp-json\/wp\/v2\/product_tag?post=4646"}],"curies":[{"name":"wp","href":"https:\/\/api.w.org\/{rel}","templated":true}]}}