{"id":4644,"date":"2022-02-03T19:13:38","date_gmt":"2022-02-03T19:13:38","guid":{"rendered":"https:\/\/www.danby.com\/fr\/product\/dar044a6pdb\/"},"modified":"2026-04-08T10:05:47","modified_gmt":"2026-04-08T10:05:47","slug":"dar044a6pdb","status":"publish","type":"product","link":"https:\/\/www.danby.com\/fr\/products\/refrigeration-compact\/dar044a6pdb\/","title":{"rendered":"Danby 4,4 cu. R\u00e9frig\u00e9rateur compact r\u00e9tro de 3,5 pi3 en blanc nacr\u00e9"},"content":{"rendered":"","protected":false},"excerpt":{"rendered":"<ul>\n<li>R\u00e9frig\u00e9rateur compact avec capacit\u00e9 de 4,4 pi3 (124 L)<\/li>\n<li>Avec la conception brevet\u00e9e Danby<\/li>\n<li>Certifi\u00e9 ENERGY STAR\u00ae<\/li>\n<li>R\u00e9frig\u00e9rant R600a<\/li>\n<li>Finition de porte m\u00e9tallique avec une poign\u00e9e en chrome et caoutchouc<\/li>\n<li>Int\u00e9rieur noir<\/li>\n<li>Rayonnages de porte int\u00e9gr\u00e9s avec rangement pour de grandes bouteilles et syst\u00e8me de distribution de boissons CanStor\u00ae<\/li>\n<li>Bac \u00e0 l\u00e9gumes avec couvercle<\/li>\n<li>\u00c9tag\u00e8res en verre<\/li>\n<li>Lumi\u00e8re blanche LED int\u00e9rieure<\/li>\n<li>Surface de travail r\u00e9sistante aux rayures<\/li>\n<li>Charni\u00e8res de porte r\u00e9versibles<\/li>\n<\/ul>\n","protected":false},"featured_media":34797,"comment_status":"closed","ping_status":"open","template":"","meta":{"_acf_changed":false},"product_brand":[],"product_cat":[22,1449],"product_tag":[],"class_list":{"0":"post-4644","1":"product","2":"type-product","3":"status-publish","4":"has-post-thumbnail","6":"product_cat-refrigeration-compact","7":"product_cat-sales","9":"first","10":"instock","11":"sale","12":"taxable","13":"shipping-taxable","14":"purchasable","15":"product-type-simple"},"acf":[],"yoast_head":"<!-- This site is optimized with the Yoast SEO plugin v26.7 - https:\/\/yoast.com\/wordpress\/plugins\/seo\/ -->\n<title>Danby 4,4 cu. R\u00e9frig\u00e9rateur compact r\u00e9tro de 3,5 pi3 en blanc nacr\u00e9 - DAR044A6PDB | Danby Canada<\/title>\n<meta name=\"description\" content=\"S\u2019inspirant du style et de la simplicit\u00e9 du milieu du si\u00e8cle, la collection brevet\u00e9e de r\u00e9frig\u00e9rateurs compacts Contemporary Classic de Dandy r\u00e9invente le style r\u00e9tro pour les consommateurs modernes. Elle met en vedette le design r\u00e9tro courb\u00e9 de la porte, sa finition m\u00e9tallique, son verrouillage et sa poign\u00e9e ergonomique avec prise de caoutchouc. B\u00e9n\u00e9ficiant de 4,4 pi3 (124 litres) d\u2019espace de rangement et de refroidissement, et comprend aussi deux \u00e9tag\u00e8res en verre tremp\u00e9 et demie pour un maximum de polyvalence de rangement et un bac \u00e0 l\u00e9gumes avec surface en verre. Il y a plus qu\u2019assez de place pour les grandes bouteilles et l\u2019appareil spacieux permet de garder le contr\u00f4le sur les factures d\u2019\u00e9lectricit\u00e9 gr\u00e2ce \u00e0 sa conformit\u00e9 Energy Star\u00ae et \u00e0 son thermostat m\u00e9canique de fine pointe. L\u2019entretien et le nettoyage sont on ne peut plus simples avec le syst\u00e8me de d\u00e9givrage automatique. Il comprend aussi un efficace distributeur de boissons CanStor\u00ae et un fiable \u00e9clairage int\u00e9rieur DEL \u00e0 lumi\u00e8re blanche. Ce mod\u00e8le est construit pour \u00eatre pratique, puisque les charni\u00e8res r\u00e9versibles vous permettent de l\u2019ajuster pour qu\u2019elle s\u2019ouvre du c\u00f4t\u00e9 droit ou du c\u00f4t\u00e9 gauche.\" \/>\n<meta name=\"robots\" content=\"index, follow, max-snippet:-1, max-image-preview:large, max-video-preview:-1\" \/>\n<link rel=\"canonical\" href=\"https:\/\/www.danby.com\/fr\/products\/refrigeration-compact\/dar044a6pdb\/\" \/>\n<meta property=\"og:locale\" content=\"fr_CA\" \/>\n<meta property=\"og:type\" content=\"article\" \/>\n<meta property=\"og:title\" content=\"Danby 4,4 cu. R\u00e9frig\u00e9rateur compact r\u00e9tro de 3,5 pi3 en blanc nacr\u00e9 - DAR044A6PDB | Danby Canada\" \/>\n<meta property=\"og:description\" content=\"S\u2019inspirant du style et de la simplicit\u00e9 du milieu du si\u00e8cle, la collection brevet\u00e9e de r\u00e9frig\u00e9rateurs compacts Contemporary Classic de Dandy r\u00e9invente le style r\u00e9tro pour les consommateurs modernes. Elle met en vedette le design r\u00e9tro courb\u00e9 de la porte, sa finition m\u00e9tallique, son verrouillage et sa poign\u00e9e ergonomique avec prise de caoutchouc. B\u00e9n\u00e9ficiant de 4,4 pi3 (124 litres) d\u2019espace de rangement et de refroidissement, et comprend aussi deux \u00e9tag\u00e8res en verre tremp\u00e9 et demie pour un maximum de polyvalence de rangement et un bac \u00e0 l\u00e9gumes avec surface en verre. Il y a plus qu\u2019assez de place pour les grandes bouteilles et l\u2019appareil spacieux permet de garder le contr\u00f4le sur les factures d\u2019\u00e9lectricit\u00e9 gr\u00e2ce \u00e0 sa conformit\u00e9 Energy Star\u00ae et \u00e0 son thermostat m\u00e9canique de fine pointe. L\u2019entretien et le nettoyage sont on ne peut plus simples avec le syst\u00e8me de d\u00e9givrage automatique. Il comprend aussi un efficace distributeur de boissons CanStor\u00ae et un fiable \u00e9clairage int\u00e9rieur DEL \u00e0 lumi\u00e8re blanche. Ce mod\u00e8le est construit pour \u00eatre pratique, puisque les charni\u00e8res r\u00e9versibles vous permettent de l\u2019ajuster pour qu\u2019elle s\u2019ouvre du c\u00f4t\u00e9 droit ou du c\u00f4t\u00e9 gauche.\" \/>\n<meta property=\"og:url\" content=\"https:\/\/www.danby.com\/fr\/products\/refrigeration-compact\/dar044a6pdb\/\" \/>\n<meta property=\"og:site_name\" content=\"Danby - Canada - French\" \/>\n<meta property=\"article:publisher\" content=\"https:\/\/www.facebook.com\/DanbyAppliances\" \/>\n<meta property=\"article:modified_time\" content=\"2026-04-08T10:05:47+00:00\" \/>\n<meta property=\"og:image\" content=\"https:\/\/cdnweb.danby.com\/wp-content\/uploads\/sites\/2\/2024\/04\/24181745\/Thumbnail__0021_DAR044A6PDB.jpg\" \/>\n\t<meta property=\"og:image:width\" content=\"1125\" \/>\n\t<meta property=\"og:image:height\" content=\"1500\" \/>\n\t<meta property=\"og:image:type\" content=\"image\/jpeg\" \/>\n<meta name=\"twitter:card\" content=\"summary_large_image\" \/>\n<meta name=\"twitter:site\" content=\"@DanbyAppliance\" \/>\n<script type=\"application\/ld+json\" class=\"yoast-schema-graph\">{\"@context\":\"https:\/\/schema.org\",\"@graph\":[{\"@type\":[\"WebPage\",\"ItemPage\"],\"url\":\"https:\/\/www.danby.com\/fr\/products\/refrigeration-compact\/dar044a6pdb\/\",\"name\":\"Danby 4,4 cu. R\u00e9frig\u00e9rateur compact r\u00e9tro de 3,5 pi3 en blanc nacr\u00e9 - DAR044A6PDB | Danby Canada\",\"isPartOf\":[],\"primaryImageOfPage\":[],\"image\":[],\"thumbnailUrl\":\"https:\/\/www.danby.com\/fr\/wp-content\/uploads\/sites\/2\/2025\/09\/dar044a6pdb-thumbnail.jpg\",\"datePublished\":\"2022-02-03T19:13:38+00:00\",\"dateModified\":\"2026-04-08T10:05:47+00:00\",\"description\":\"S\u2019inspirant du style et de la simplicit\u00e9 du milieu du si\u00e8cle, la collection brevet\u00e9e de r\u00e9frig\u00e9rateurs compacts Contemporary Classic de Dandy r\u00e9invente le style r\u00e9tro pour les consommateurs modernes. Elle met en vedette le design r\u00e9tro courb\u00e9 de la porte, sa finition m\u00e9tallique, son verrouillage et sa poign\u00e9e ergonomique avec prise de caoutchouc. B\u00e9n\u00e9ficiant de 4,4 pi3 (124 litres) d\u2019espace de rangement et de refroidissement, et comprend aussi deux \u00e9tag\u00e8res en verre tremp\u00e9 et demie pour un maximum de polyvalence de rangement et un bac \u00e0 l\u00e9gumes avec surface en verre. Il y a plus qu\u2019assez de place pour les grandes bouteilles et l\u2019appareil spacieux permet de garder le contr\u00f4le sur les factures d\u2019\u00e9lectricit\u00e9 gr\u00e2ce \u00e0 sa conformit\u00e9 Energy Star\u00ae et \u00e0 son thermostat m\u00e9canique de fine pointe. L\u2019entretien et le nettoyage sont on ne peut plus simples avec le syst\u00e8me de d\u00e9givrage automatique. Il comprend aussi un efficace distributeur de boissons CanStor\u00ae et un fiable \u00e9clairage int\u00e9rieur DEL \u00e0 lumi\u00e8re blanche. Ce mod\u00e8le est construit pour \u00eatre pratique, puisque les charni\u00e8res r\u00e9versibles vous permettent de l\u2019ajuster pour qu\u2019elle s\u2019ouvre du c\u00f4t\u00e9 droit ou du c\u00f4t\u00e9 gauche.\",\"breadcrumb\":[],\"inLanguage\":\"fr-CA\",\"potentialAction\":[{\"@type\":\"ReadAction\",\"target\":[\"https:\/\/www.danby.com\/fr\/products\/refrigeration-compact\/dar044a6pdb\/\"]}]},{\"@type\":\"ImageObject\",\"inLanguage\":\"fr-CA\",\"url\":\"https:\/\/www.danby.com\/fr\/wp-content\/uploads\/sites\/2\/2025\/09\/dar044a6pdb-thumbnail.jpg\",\"contentUrl\":\"https:\/\/www.danby.com\/fr\/wp-content\/uploads\/sites\/2\/2025\/09\/dar044a6pdb-thumbnail.jpg\",\"width\":768,\"height\":1024},{\"@type\":\"BreadcrumbList\",\"itemListElement\":[{\"@type\":\"ListItem\",\"position\":1,\"name\":\"Home\",\"item\":\"https:\/\/www.danby.com\/fr\/\"},{\"@type\":\"ListItem\",\"position\":2,\"name\":\"Boutique\",\"item\":\"https:\/\/www.danby.com\/fr\/boutique\/\"},{\"@type\":\"ListItem\",\"position\":3,\"name\":\"Danby 4,4 cu. R\u00e9frig\u00e9rateur compact r\u00e9tro de 3,5 pi3 en blanc nacr\u00e9\"}]},{\"@type\":\"WebSite\",\"url\":\"https:\/\/www.danby.com\/fr\/\",\"name\":\"Danby - Canada - French\",\"description\":\"Leader dans le domaine de la r\u00e9frig\u00e9ration et des appareils sp\u00e9cialis\u00e9s\",\"publisher\":[],\"potentialAction\":[{\"@type\":\"SearchAction\",\"target\":{\"@type\":\"EntryPoint\",\"urlTemplate\":\"https:\/\/www.danby.com\/fr\/?s={search_term_string}\"},\"query-input\":{\"@type\":\"PropertyValueSpecification\",\"valueRequired\":true,\"valueName\":\"search_term_string\"}}],\"inLanguage\":\"fr-CA\"},{\"@type\":\"Organization\",\"name\":\"Danby Appliances\",\"url\":\"https:\/\/www.danby.com\/fr\/\",\"logo\":{\"@type\":\"ImageObject\",\"inLanguage\":\"fr-CA\",\"url\":\"https:\/\/cdnweb.danby.com\/wp-content\/uploads\/sites\/2\/2022\/02\/10141906\/Danby75Ans_Blue.png\",\"contentUrl\":\"https:\/\/cdnweb.danby.com\/wp-content\/uploads\/sites\/2\/2022\/02\/10141906\/Danby75Ans_Blue.png\",\"width\":470,\"height\":110,\"caption\":\"Danby Appliances\"},\"image\":[],\"sameAs\":[\"https:\/\/www.facebook.com\/DanbyAppliances\",\"https:\/\/x.com\/DanbyAppliance\",\"https:\/\/instagram.com\/danbyappliances\/\",\"https:\/\/www.linkedin.com\/company\/danbyappliances\",\"https:\/\/www.pinterest.ca\/danbyappliances\/\",\"https:\/\/www.youtube.com\/user\/DanbyProducts\",\"https:\/\/en.wikipedia.org\/wiki\/Danby_(appliances)\"]}]}<\/script>\n<!-- \/ Yoast SEO plugin. -->","yoast_head_json":{"title":"Danby 4,4 cu. R\u00e9frig\u00e9rateur compact r\u00e9tro de 3,5 pi3 en blanc nacr\u00e9 - DAR044A6PDB | Danby Canada","description":"S\u2019inspirant du style et de la simplicit\u00e9 du milieu du si\u00e8cle, la collection brevet\u00e9e de r\u00e9frig\u00e9rateurs compacts Contemporary Classic de Dandy r\u00e9invente le style r\u00e9tro pour les consommateurs modernes. Elle met en vedette le design r\u00e9tro courb\u00e9 de la porte, sa finition m\u00e9tallique, son verrouillage et sa poign\u00e9e ergonomique avec prise de caoutchouc. B\u00e9n\u00e9ficiant de 4,4 pi3 (124 litres) d\u2019espace de rangement et de refroidissement, et comprend aussi deux \u00e9tag\u00e8res en verre tremp\u00e9 et demie pour un maximum de polyvalence de rangement et un bac \u00e0 l\u00e9gumes avec surface en verre. Il y a plus qu\u2019assez de place pour les grandes bouteilles et l\u2019appareil spacieux permet de garder le contr\u00f4le sur les factures d\u2019\u00e9lectricit\u00e9 gr\u00e2ce \u00e0 sa conformit\u00e9 Energy Star\u00ae et \u00e0 son thermostat m\u00e9canique de fine pointe. L\u2019entretien et le nettoyage sont on ne peut plus simples avec le syst\u00e8me de d\u00e9givrage automatique. Il comprend aussi un efficace distributeur de boissons CanStor\u00ae et un fiable \u00e9clairage int\u00e9rieur DEL \u00e0 lumi\u00e8re blanche. Ce mod\u00e8le est construit pour \u00eatre pratique, puisque les charni\u00e8res r\u00e9versibles vous permettent de l\u2019ajuster pour qu\u2019elle s\u2019ouvre du c\u00f4t\u00e9 droit ou du c\u00f4t\u00e9 gauche.","robots":{"index":"index","follow":"follow","max-snippet":"max-snippet:-1","max-image-preview":"max-image-preview:large","max-video-preview":"max-video-preview:-1"},"canonical":"https:\/\/www.danby.com\/fr\/products\/refrigeration-compact\/dar044a6pdb\/","og_locale":"fr_CA","og_type":"article","og_title":"Danby 4,4 cu. R\u00e9frig\u00e9rateur compact r\u00e9tro de 3,5 pi3 en blanc nacr\u00e9 - DAR044A6PDB | Danby Canada","og_description":"S\u2019inspirant du style et de la simplicit\u00e9 du milieu du si\u00e8cle, la collection brevet\u00e9e de r\u00e9frig\u00e9rateurs compacts Contemporary Classic de Dandy r\u00e9invente le style r\u00e9tro pour les consommateurs modernes. Elle met en vedette le design r\u00e9tro courb\u00e9 de la porte, sa finition m\u00e9tallique, son verrouillage et sa poign\u00e9e ergonomique avec prise de caoutchouc. B\u00e9n\u00e9ficiant de 4,4 pi3 (124 litres) d\u2019espace de rangement et de refroidissement, et comprend aussi deux \u00e9tag\u00e8res en verre tremp\u00e9 et demie pour un maximum de polyvalence de rangement et un bac \u00e0 l\u00e9gumes avec surface en verre. Il y a plus qu\u2019assez de place pour les grandes bouteilles et l\u2019appareil spacieux permet de garder le contr\u00f4le sur les factures d\u2019\u00e9lectricit\u00e9 gr\u00e2ce \u00e0 sa conformit\u00e9 Energy Star\u00ae et \u00e0 son thermostat m\u00e9canique de fine pointe. L\u2019entretien et le nettoyage sont on ne peut plus simples avec le syst\u00e8me de d\u00e9givrage automatique. Il comprend aussi un efficace distributeur de boissons CanStor\u00ae et un fiable \u00e9clairage int\u00e9rieur DEL \u00e0 lumi\u00e8re blanche. Ce mod\u00e8le est construit pour \u00eatre pratique, puisque les charni\u00e8res r\u00e9versibles vous permettent de l\u2019ajuster pour qu\u2019elle s\u2019ouvre du c\u00f4t\u00e9 droit ou du c\u00f4t\u00e9 gauche.","og_url":"https:\/\/www.danby.com\/fr\/products\/refrigeration-compact\/dar044a6pdb\/","og_site_name":"Danby - Canada - French","article_publisher":"https:\/\/www.facebook.com\/DanbyAppliances","article_modified_time":"2026-04-08T10:05:47+00:00","og_image":[{"width":1125,"height":1500,"url":"https:\/\/cdnweb.danby.com\/wp-content\/uploads\/sites\/2\/2024\/04\/24181745\/Thumbnail__0021_DAR044A6PDB.jpg","type":"image\/jpeg"}],"twitter_card":"summary_large_image","twitter_site":"@DanbyAppliance","schema":{"@context":"https:\/\/schema.org","@graph":[{"@type":["WebPage","ItemPage"],"url":"https:\/\/www.danby.com\/fr\/products\/refrigeration-compact\/dar044a6pdb\/","name":"Danby 4,4 cu. R\u00e9frig\u00e9rateur compact r\u00e9tro de 3,5 pi3 en blanc nacr\u00e9 - DAR044A6PDB | Danby Canada","isPartOf":[],"primaryImageOfPage":[],"image":[],"thumbnailUrl":"https:\/\/www.danby.com\/fr\/wp-content\/uploads\/sites\/2\/2025\/09\/dar044a6pdb-thumbnail.jpg","datePublished":"2022-02-03T19:13:38+00:00","dateModified":"2026-04-08T10:05:47+00:00","description":"S\u2019inspirant du style et de la simplicit\u00e9 du milieu du si\u00e8cle, la collection brevet\u00e9e de r\u00e9frig\u00e9rateurs compacts Contemporary Classic de Dandy r\u00e9invente le style r\u00e9tro pour les consommateurs modernes. Elle met en vedette le design r\u00e9tro courb\u00e9 de la porte, sa finition m\u00e9tallique, son verrouillage et sa poign\u00e9e ergonomique avec prise de caoutchouc. B\u00e9n\u00e9ficiant de 4,4 pi3 (124 litres) d\u2019espace de rangement et de refroidissement, et comprend aussi deux \u00e9tag\u00e8res en verre tremp\u00e9 et demie pour un maximum de polyvalence de rangement et un bac \u00e0 l\u00e9gumes avec surface en verre. Il y a plus qu\u2019assez de place pour les grandes bouteilles et l\u2019appareil spacieux permet de garder le contr\u00f4le sur les factures d\u2019\u00e9lectricit\u00e9 gr\u00e2ce \u00e0 sa conformit\u00e9 Energy Star\u00ae et \u00e0 son thermostat m\u00e9canique de fine pointe. L\u2019entretien et le nettoyage sont on ne peut plus simples avec le syst\u00e8me de d\u00e9givrage automatique. Il comprend aussi un efficace distributeur de boissons CanStor\u00ae et un fiable \u00e9clairage int\u00e9rieur DEL \u00e0 lumi\u00e8re blanche. Ce mod\u00e8le est construit pour \u00eatre pratique, puisque les charni\u00e8res r\u00e9versibles vous permettent de l\u2019ajuster pour qu\u2019elle s\u2019ouvre du c\u00f4t\u00e9 droit ou du c\u00f4t\u00e9 gauche.","breadcrumb":[],"inLanguage":"fr-CA","potentialAction":[{"@type":"ReadAction","target":["https:\/\/www.danby.com\/fr\/products\/refrigeration-compact\/dar044a6pdb\/"]}]},{"@type":"ImageObject","inLanguage":"fr-CA","url":"https:\/\/www.danby.com\/fr\/wp-content\/uploads\/sites\/2\/2025\/09\/dar044a6pdb-thumbnail.jpg","contentUrl":"https:\/\/www.danby.com\/fr\/wp-content\/uploads\/sites\/2\/2025\/09\/dar044a6pdb-thumbnail.jpg","width":768,"height":1024},{"@type":"BreadcrumbList","itemListElement":[{"@type":"ListItem","position":1,"name":"Home","item":"https:\/\/www.danby.com\/fr\/"},{"@type":"ListItem","position":2,"name":"Boutique","item":"https:\/\/www.danby.com\/fr\/boutique\/"},{"@type":"ListItem","position":3,"name":"Danby 4,4 cu. R\u00e9frig\u00e9rateur compact r\u00e9tro de 3,5 pi3 en blanc nacr\u00e9"}]},{"@type":"WebSite","url":"https:\/\/www.danby.com\/fr\/","name":"Danby - Canada - French","description":"Leader dans le domaine de la r\u00e9frig\u00e9ration et des appareils sp\u00e9cialis\u00e9s","publisher":[],"potentialAction":[{"@type":"SearchAction","target":{"@type":"EntryPoint","urlTemplate":"https:\/\/www.danby.com\/fr\/?s={search_term_string}"},"query-input":{"@type":"PropertyValueSpecification","valueRequired":true,"valueName":"search_term_string"}}],"inLanguage":"fr-CA"},{"@type":"Organization","name":"Danby Appliances","url":"https:\/\/www.danby.com\/fr\/","logo":{"@type":"ImageObject","inLanguage":"fr-CA","url":"https:\/\/cdnweb.danby.com\/wp-content\/uploads\/sites\/2\/2022\/02\/10141906\/Danby75Ans_Blue.png","contentUrl":"https:\/\/cdnweb.danby.com\/wp-content\/uploads\/sites\/2\/2022\/02\/10141906\/Danby75Ans_Blue.png","width":470,"height":110,"caption":"Danby Appliances"},"image":[],"sameAs":["https:\/\/www.facebook.com\/DanbyAppliances","https:\/\/x.com\/DanbyAppliance","https:\/\/instagram.com\/danbyappliances\/","https:\/\/www.linkedin.com\/company\/danbyappliances","https:\/\/www.pinterest.ca\/danbyappliances\/","https:\/\/www.youtube.com\/user\/DanbyProducts","https:\/\/en.wikipedia.org\/wiki\/Danby_(appliances)"]}]}},"post_mailing_queue_ids":[],"_links":{"self":[{"href":"https:\/\/www.danby.com\/fr\/wp-json\/wp\/v2\/product\/4644","targetHints":{"allow":["GET"]}}],"collection":[{"href":"https:\/\/www.danby.com\/fr\/wp-json\/wp\/v2\/product"}],"about":[{"href":"https:\/\/www.danby.com\/fr\/wp-json\/wp\/v2\/types\/product"}],"replies":[{"embeddable":true,"href":"https:\/\/www.danby.com\/fr\/wp-json\/wp\/v2\/comments?post=4644"}],"wp:featuredmedia":[{"embeddable":true,"href":"https:\/\/www.danby.com\/fr\/wp-json\/wp\/v2\/media\/34797"}],"wp:attachment":[{"href":"https:\/\/www.danby.com\/fr\/wp-json\/wp\/v2\/media?parent=4644"}],"wp:term":[{"taxonomy":"product_brand","embeddable":true,"href":"https:\/\/www.danby.com\/fr\/wp-json\/wp\/v2\/product_brand?post=4644"},{"taxonomy":"product_cat","embeddable":true,"href":"https:\/\/www.danby.com\/fr\/wp-json\/wp\/v2\/product_cat?post=4644"},{"taxonomy":"product_tag","embeddable":true,"href":"https:\/\/www.danby.com\/fr\/wp-json\/wp\/v2\/product_tag?post=4644"}],"curies":[{"name":"wp","href":"https:\/\/api.w.org\/{rel}","templated":true}]}}