{"id":4643,"date":"2022-02-03T19:13:38","date_gmt":"2022-02-03T19:13:38","guid":{"rendered":"https:\/\/www.danby.com\/fr\/product\/dar044a6mdb-6\/"},"modified":"2026-04-18T10:05:50","modified_gmt":"2026-04-18T10:05:50","slug":"dar044a6mdb-6","status":"publish","type":"product","link":"https:\/\/www.danby.com\/fr\/products\/refrigeration-compact\/dar044a6mdb-6\/","title":{"rendered":"Danby 4,4 cu. R\u00e9frig\u00e9rateur compact r\u00e9tro de 3,5 pi3 en noir minuit"},"content":{"rendered":"","protected":false},"excerpt":{"rendered":"<ul>\n<li>R\u00e9frig\u00e9rateur int\u00e9gral compact d&#8217;une capacit\u00e9 de 124 litres (4,4 pieds cubes)<\/li>\n<li>Homologu\u00e9 Energy Star\u00ae<\/li>\n<li>R\u00e9frig\u00e9rant \u00e9cologique R600a<\/li>\n<li>Fini de porte m\u00e9tallique<\/li>\n<li>Rev\u00eatement int\u00e9rieur noir<\/li>\n<li>Bac \u00e0 l\u00e9gumes avec couvercle<\/li>\n<li>Tablettes de verre<\/li>\n<li>Syst\u00e8me d&#8217;\u00e9clairage int\u00e9rieur \u00e0 DEL blanche\n<\/li>\n<li>Plan de travail r\u00e9sistant aux \u00e9gratignures<\/li>\n<li>Distributeur de boissons CanStor\u00ae<\/li>\n<li>Charni\u00e8res de porte r\u00e9versibles<\/li>\n<li>Porte verrouillable<\/li>\n<\/ul>\n","protected":false},"featured_media":22274,"comment_status":"closed","ping_status":"open","template":"","meta":{"_acf_changed":false},"product_brand":[],"product_cat":[22],"product_tag":[],"class_list":{"0":"post-4643","1":"product","2":"type-product","3":"status-publish","4":"has-post-thumbnail","6":"product_cat-refrigeration-compact","7":"pa_capacite-pi3-4-4-9","8":"pa_couleur-noir","9":"pa_duree-de-la-garantie-en-mois-12-mois","11":"first","12":"outofstock","13":"taxable","14":"shipping-taxable","15":"product-type-simple"},"acf":[],"yoast_head":"<!-- This site is optimized with the Yoast SEO plugin v26.7 - https:\/\/yoast.com\/wordpress\/plugins\/seo\/ -->\n<title>Danby 4,4 cu. R\u00e9frig\u00e9rateur compact r\u00e9tro de 3,5 pi3 en noir minuit - DAR044A6MDB-6 | Danby Canada<\/title>\n<meta name=\"description\" content=\"La collection de r\u00e9frig\u00e9rateurs compacts Danby Contemporaine Classique s&#039;inspire du style et de la simplicit\u00e9 des appareils du milieu du 20e si\u00e8cle, elle r\u00e9invente le r\u00e9tro, afin de l&#039;adapter aux besoins du consommateur moderne. La collection pr\u00e9sente des fonctionnalit\u00e9s exclusives \u00e0 Danby comme la porte galb\u00e9e, inspir\u00e9e de la conception r\u00e9tro, le fini m\u00e9tallique de la porte, le syst\u00e8me de verrouillage, la poign\u00e9e chrom\u00e9e \u00e0 bande caoutchout\u00e9e ergonomique et le plan de travail chrom\u00e9 stylis\u00e9. Ces fonctionnalit\u00e9s ext\u00e9rieures ne sont surpass\u00e9es que par la conception de son rev\u00eatement int\u00e9rieur noir. Proposant un espace d&#039;entreposage et de r\u00e9frig\u00e9ration de 124 litres (4,4 pieds cubes), cet appareil est aussi \u00e9quip\u00e9 de deux tablettes et demi de verre tremp\u00e9, offrant une grande polyvalence d&#039;entreposage et d&#039;un bac \u00e0 l\u00e9gumes muni d&#039;un couvercle transparent. Les bouteilles de grand format sont les bienvenues \u00e0 bord et ce mod\u00e8le, bien que spacieux, contribue \u00e0 maintenir les factures d&#039;\u00e9lectricit\u00e9 sous contr\u00f4le, gr\u00e2ce \u00e0 son homologation EnergyStar et \u00e0 son thermostat m\u00e9canique d&#039;avant-garde. Le syst\u00e8me de d\u00e9givrage automatique transforme l&#039;entretien et le nettoyage en un jeu d&#039;enfant. L&#039;appareil est aussi \u00e9quip\u00e9 d&#039;un efficace distributeur de boissons CanStor et d&#039;un syst\u00e8me d&#039;\u00e9clairage int\u00e9rieur fiable \u00e0 DEL blanche. La conception pratique de ce mod\u00e8le se traduit par des charni\u00e8res de porte r\u00e9versibles, pouvant \u00eatre ajust\u00e9es pour une ouverture de porte \u00e0 gauche ou \u00e0 droite.\" \/>\n<meta name=\"robots\" content=\"index, follow, max-snippet:-1, max-image-preview:large, max-video-preview:-1\" \/>\n<link rel=\"canonical\" href=\"https:\/\/www.danby.com\/fr\/products\/refrigeration-compact\/dar044a6mdb-6\/\" \/>\n<meta property=\"og:locale\" content=\"fr_CA\" \/>\n<meta property=\"og:type\" content=\"article\" \/>\n<meta property=\"og:title\" content=\"Danby 4,4 cu. R\u00e9frig\u00e9rateur compact r\u00e9tro de 3,5 pi3 en noir minuit - DAR044A6MDB-6 | Danby Canada\" \/>\n<meta property=\"og:description\" content=\"La collection de r\u00e9frig\u00e9rateurs compacts Danby Contemporaine Classique s&#039;inspire du style et de la simplicit\u00e9 des appareils du milieu du 20e si\u00e8cle, elle r\u00e9invente le r\u00e9tro, afin de l&#039;adapter aux besoins du consommateur moderne. La collection pr\u00e9sente des fonctionnalit\u00e9s exclusives \u00e0 Danby comme la porte galb\u00e9e, inspir\u00e9e de la conception r\u00e9tro, le fini m\u00e9tallique de la porte, le syst\u00e8me de verrouillage, la poign\u00e9e chrom\u00e9e \u00e0 bande caoutchout\u00e9e ergonomique et le plan de travail chrom\u00e9 stylis\u00e9. Ces fonctionnalit\u00e9s ext\u00e9rieures ne sont surpass\u00e9es que par la conception de son rev\u00eatement int\u00e9rieur noir. Proposant un espace d&#039;entreposage et de r\u00e9frig\u00e9ration de 124 litres (4,4 pieds cubes), cet appareil est aussi \u00e9quip\u00e9 de deux tablettes et demi de verre tremp\u00e9, offrant une grande polyvalence d&#039;entreposage et d&#039;un bac \u00e0 l\u00e9gumes muni d&#039;un couvercle transparent. Les bouteilles de grand format sont les bienvenues \u00e0 bord et ce mod\u00e8le, bien que spacieux, contribue \u00e0 maintenir les factures d&#039;\u00e9lectricit\u00e9 sous contr\u00f4le, gr\u00e2ce \u00e0 son homologation EnergyStar et \u00e0 son thermostat m\u00e9canique d&#039;avant-garde. Le syst\u00e8me de d\u00e9givrage automatique transforme l&#039;entretien et le nettoyage en un jeu d&#039;enfant. L&#039;appareil est aussi \u00e9quip\u00e9 d&#039;un efficace distributeur de boissons CanStor et d&#039;un syst\u00e8me d&#039;\u00e9clairage int\u00e9rieur fiable \u00e0 DEL blanche. La conception pratique de ce mod\u00e8le se traduit par des charni\u00e8res de porte r\u00e9versibles, pouvant \u00eatre ajust\u00e9es pour une ouverture de porte \u00e0 gauche ou \u00e0 droite.\" \/>\n<meta property=\"og:url\" content=\"https:\/\/www.danby.com\/fr\/products\/refrigeration-compact\/dar044a6mdb-6\/\" \/>\n<meta property=\"og:site_name\" content=\"Danby - Canada - French\" \/>\n<meta property=\"article:publisher\" content=\"https:\/\/www.facebook.com\/DanbyAppliances\" \/>\n<meta property=\"article:modified_time\" content=\"2026-04-18T10:05:50+00:00\" \/>\n<meta property=\"og:image\" content=\"https:\/\/cdnweb.danby.com\/wp-content\/uploads\/sites\/2\/2023\/05\/02155240\/DAR044A6MDB_Front_Closed-1-668x1024.jpg\" \/>\n\t<meta property=\"og:image:width\" content=\"1500\" \/>\n\t<meta property=\"og:image:height\" content=\"2299\" \/>\n\t<meta property=\"og:image:type\" content=\"image\/jpeg\" \/>\n<meta name=\"twitter:card\" content=\"summary_large_image\" \/>\n<meta name=\"twitter:site\" content=\"@DanbyAppliance\" \/>\n<script type=\"application\/ld+json\" class=\"yoast-schema-graph\">{\"@context\":\"https:\/\/schema.org\",\"@graph\":[{\"@type\":[\"WebPage\",\"ItemPage\"],\"url\":\"https:\/\/www.danby.com\/fr\/products\/refrigeration-compact\/dar044a6mdb-6\/\",\"name\":\"Danby 4,4 cu. R\u00e9frig\u00e9rateur compact r\u00e9tro de 3,5 pi3 en noir minuit - DAR044A6MDB-6 | Danby Canada\",\"isPartOf\":[],\"primaryImageOfPage\":[],\"image\":[],\"thumbnailUrl\":\"https:\/\/cdnweb.danby.com\/wp-content\/uploads\/sites\/2\/2023\/05\/02155240\/DAR044A6MDB_Front_Closed-1-668x1024.jpg\",\"datePublished\":\"2022-02-03T19:13:38+00:00\",\"dateModified\":\"2026-04-18T10:05:50+00:00\",\"description\":\"La collection de r\u00e9frig\u00e9rateurs compacts Danby Contemporaine Classique s'inspire du style et de la simplicit\u00e9 des appareils du milieu du 20e si\u00e8cle, elle r\u00e9invente le r\u00e9tro, afin de l'adapter aux besoins du consommateur moderne. La collection pr\u00e9sente des fonctionnalit\u00e9s exclusives \u00e0 Danby comme la porte galb\u00e9e, inspir\u00e9e de la conception r\u00e9tro, le fini m\u00e9tallique de la porte, le syst\u00e8me de verrouillage, la poign\u00e9e chrom\u00e9e \u00e0 bande caoutchout\u00e9e ergonomique et le plan de travail chrom\u00e9 stylis\u00e9. Ces fonctionnalit\u00e9s ext\u00e9rieures ne sont surpass\u00e9es que par la conception de son rev\u00eatement int\u00e9rieur noir. Proposant un espace d'entreposage et de r\u00e9frig\u00e9ration de 124 litres (4,4 pieds cubes), cet appareil est aussi \u00e9quip\u00e9 de deux tablettes et demi de verre tremp\u00e9, offrant une grande polyvalence d'entreposage et d'un bac \u00e0 l\u00e9gumes muni d'un couvercle transparent. Les bouteilles de grand format sont les bienvenues \u00e0 bord et ce mod\u00e8le, bien que spacieux, contribue \u00e0 maintenir les factures d'\u00e9lectricit\u00e9 sous contr\u00f4le, gr\u00e2ce \u00e0 son homologation EnergyStar et \u00e0 son thermostat m\u00e9canique d'avant-garde. Le syst\u00e8me de d\u00e9givrage automatique transforme l'entretien et le nettoyage en un jeu d'enfant. L'appareil est aussi \u00e9quip\u00e9 d'un efficace distributeur de boissons CanStor et d'un syst\u00e8me d'\u00e9clairage int\u00e9rieur fiable \u00e0 DEL blanche. La conception pratique de ce mod\u00e8le se traduit par des charni\u00e8res de porte r\u00e9versibles, pouvant \u00eatre ajust\u00e9es pour une ouverture de porte \u00e0 gauche ou \u00e0 droite.\",\"breadcrumb\":[],\"inLanguage\":\"fr-CA\",\"potentialAction\":[{\"@type\":\"ReadAction\",\"target\":[\"https:\/\/www.danby.com\/fr\/products\/refrigeration-compact\/dar044a6mdb-6\/\"]}]},{\"@type\":\"ImageObject\",\"inLanguage\":\"fr-CA\",\"url\":\"https:\/\/cdnweb.danby.com\/wp-content\/uploads\/sites\/2\/2023\/05\/02155240\/DAR044A6MDB_Front_Closed-1-668x1024.jpg\",\"contentUrl\":\"https:\/\/cdnweb.danby.com\/wp-content\/uploads\/sites\/2\/2023\/05\/02155240\/DAR044A6MDB_Front_Closed-1-668x1024.jpg\",\"width\":1500,\"height\":2299},{\"@type\":\"BreadcrumbList\",\"itemListElement\":[{\"@type\":\"ListItem\",\"position\":1,\"name\":\"Home\",\"item\":\"https:\/\/www.danby.com\/fr\/\"},{\"@type\":\"ListItem\",\"position\":2,\"name\":\"Boutique\",\"item\":\"https:\/\/www.danby.com\/fr\/boutique\/\"},{\"@type\":\"ListItem\",\"position\":3,\"name\":\"Danby 4,4 cu. R\u00e9frig\u00e9rateur compact r\u00e9tro de 3,5 pi3 en noir minuit\"}]},{\"@type\":\"WebSite\",\"url\":\"https:\/\/www.danby.com\/fr\/\",\"name\":\"Danby - Canada - French\",\"description\":\"Leader dans le domaine de la r\u00e9frig\u00e9ration et des appareils sp\u00e9cialis\u00e9s\",\"publisher\":[],\"potentialAction\":[{\"@type\":\"SearchAction\",\"target\":{\"@type\":\"EntryPoint\",\"urlTemplate\":\"https:\/\/www.danby.com\/fr\/?s={search_term_string}\"},\"query-input\":{\"@type\":\"PropertyValueSpecification\",\"valueRequired\":true,\"valueName\":\"search_term_string\"}}],\"inLanguage\":\"fr-CA\"},{\"@type\":\"Organization\",\"name\":\"Danby Appliances\",\"url\":\"https:\/\/www.danby.com\/fr\/\",\"logo\":{\"@type\":\"ImageObject\",\"inLanguage\":\"fr-CA\",\"url\":\"https:\/\/cdnweb.danby.com\/wp-content\/uploads\/sites\/2\/2022\/02\/10141906\/Danby75Ans_Blue.png\",\"contentUrl\":\"https:\/\/cdnweb.danby.com\/wp-content\/uploads\/sites\/2\/2022\/02\/10141906\/Danby75Ans_Blue.png\",\"width\":470,\"height\":110,\"caption\":\"Danby Appliances\"},\"image\":[],\"sameAs\":[\"https:\/\/www.facebook.com\/DanbyAppliances\",\"https:\/\/x.com\/DanbyAppliance\",\"https:\/\/instagram.com\/danbyappliances\/\",\"https:\/\/www.linkedin.com\/company\/danbyappliances\",\"https:\/\/www.pinterest.ca\/danbyappliances\/\",\"https:\/\/www.youtube.com\/user\/DanbyProducts\",\"https:\/\/en.wikipedia.org\/wiki\/Danby_(appliances)\"]}]}<\/script>\n<!-- \/ Yoast SEO plugin. -->","yoast_head_json":{"title":"Danby 4,4 cu. R\u00e9frig\u00e9rateur compact r\u00e9tro de 3,5 pi3 en noir minuit - DAR044A6MDB-6 | Danby Canada","description":"La collection de r\u00e9frig\u00e9rateurs compacts Danby Contemporaine Classique s'inspire du style et de la simplicit\u00e9 des appareils du milieu du 20e si\u00e8cle, elle r\u00e9invente le r\u00e9tro, afin de l'adapter aux besoins du consommateur moderne. La collection pr\u00e9sente des fonctionnalit\u00e9s exclusives \u00e0 Danby comme la porte galb\u00e9e, inspir\u00e9e de la conception r\u00e9tro, le fini m\u00e9tallique de la porte, le syst\u00e8me de verrouillage, la poign\u00e9e chrom\u00e9e \u00e0 bande caoutchout\u00e9e ergonomique et le plan de travail chrom\u00e9 stylis\u00e9. Ces fonctionnalit\u00e9s ext\u00e9rieures ne sont surpass\u00e9es que par la conception de son rev\u00eatement int\u00e9rieur noir. Proposant un espace d'entreposage et de r\u00e9frig\u00e9ration de 124 litres (4,4 pieds cubes), cet appareil est aussi \u00e9quip\u00e9 de deux tablettes et demi de verre tremp\u00e9, offrant une grande polyvalence d'entreposage et d'un bac \u00e0 l\u00e9gumes muni d'un couvercle transparent. Les bouteilles de grand format sont les bienvenues \u00e0 bord et ce mod\u00e8le, bien que spacieux, contribue \u00e0 maintenir les factures d'\u00e9lectricit\u00e9 sous contr\u00f4le, gr\u00e2ce \u00e0 son homologation EnergyStar et \u00e0 son thermostat m\u00e9canique d'avant-garde. Le syst\u00e8me de d\u00e9givrage automatique transforme l'entretien et le nettoyage en un jeu d'enfant. L'appareil est aussi \u00e9quip\u00e9 d'un efficace distributeur de boissons CanStor et d'un syst\u00e8me d'\u00e9clairage int\u00e9rieur fiable \u00e0 DEL blanche. La conception pratique de ce mod\u00e8le se traduit par des charni\u00e8res de porte r\u00e9versibles, pouvant \u00eatre ajust\u00e9es pour une ouverture de porte \u00e0 gauche ou \u00e0 droite.","robots":{"index":"index","follow":"follow","max-snippet":"max-snippet:-1","max-image-preview":"max-image-preview:large","max-video-preview":"max-video-preview:-1"},"canonical":"https:\/\/www.danby.com\/fr\/products\/refrigeration-compact\/dar044a6mdb-6\/","og_locale":"fr_CA","og_type":"article","og_title":"Danby 4,4 cu. R\u00e9frig\u00e9rateur compact r\u00e9tro de 3,5 pi3 en noir minuit - DAR044A6MDB-6 | Danby Canada","og_description":"La collection de r\u00e9frig\u00e9rateurs compacts Danby Contemporaine Classique s'inspire du style et de la simplicit\u00e9 des appareils du milieu du 20e si\u00e8cle, elle r\u00e9invente le r\u00e9tro, afin de l'adapter aux besoins du consommateur moderne. La collection pr\u00e9sente des fonctionnalit\u00e9s exclusives \u00e0 Danby comme la porte galb\u00e9e, inspir\u00e9e de la conception r\u00e9tro, le fini m\u00e9tallique de la porte, le syst\u00e8me de verrouillage, la poign\u00e9e chrom\u00e9e \u00e0 bande caoutchout\u00e9e ergonomique et le plan de travail chrom\u00e9 stylis\u00e9. Ces fonctionnalit\u00e9s ext\u00e9rieures ne sont surpass\u00e9es que par la conception de son rev\u00eatement int\u00e9rieur noir. Proposant un espace d'entreposage et de r\u00e9frig\u00e9ration de 124 litres (4,4 pieds cubes), cet appareil est aussi \u00e9quip\u00e9 de deux tablettes et demi de verre tremp\u00e9, offrant une grande polyvalence d'entreposage et d'un bac \u00e0 l\u00e9gumes muni d'un couvercle transparent. Les bouteilles de grand format sont les bienvenues \u00e0 bord et ce mod\u00e8le, bien que spacieux, contribue \u00e0 maintenir les factures d'\u00e9lectricit\u00e9 sous contr\u00f4le, gr\u00e2ce \u00e0 son homologation EnergyStar et \u00e0 son thermostat m\u00e9canique d'avant-garde. Le syst\u00e8me de d\u00e9givrage automatique transforme l'entretien et le nettoyage en un jeu d'enfant. L'appareil est aussi \u00e9quip\u00e9 d'un efficace distributeur de boissons CanStor et d'un syst\u00e8me d'\u00e9clairage int\u00e9rieur fiable \u00e0 DEL blanche. La conception pratique de ce mod\u00e8le se traduit par des charni\u00e8res de porte r\u00e9versibles, pouvant \u00eatre ajust\u00e9es pour une ouverture de porte \u00e0 gauche ou \u00e0 droite.","og_url":"https:\/\/www.danby.com\/fr\/products\/refrigeration-compact\/dar044a6mdb-6\/","og_site_name":"Danby - Canada - French","article_publisher":"https:\/\/www.facebook.com\/DanbyAppliances","article_modified_time":"2026-04-18T10:05:50+00:00","og_image":[{"width":1500,"height":2299,"url":"https:\/\/cdnweb.danby.com\/wp-content\/uploads\/sites\/2\/2023\/05\/02155240\/DAR044A6MDB_Front_Closed-1-668x1024.jpg","type":"image\/jpeg"}],"twitter_card":"summary_large_image","twitter_site":"@DanbyAppliance","schema":{"@context":"https:\/\/schema.org","@graph":[{"@type":["WebPage","ItemPage"],"url":"https:\/\/www.danby.com\/fr\/products\/refrigeration-compact\/dar044a6mdb-6\/","name":"Danby 4,4 cu. R\u00e9frig\u00e9rateur compact r\u00e9tro de 3,5 pi3 en noir minuit - DAR044A6MDB-6 | Danby Canada","isPartOf":[],"primaryImageOfPage":[],"image":[],"thumbnailUrl":"https:\/\/cdnweb.danby.com\/wp-content\/uploads\/sites\/2\/2023\/05\/02155240\/DAR044A6MDB_Front_Closed-1-668x1024.jpg","datePublished":"2022-02-03T19:13:38+00:00","dateModified":"2026-04-18T10:05:50+00:00","description":"La collection de r\u00e9frig\u00e9rateurs compacts Danby Contemporaine Classique s'inspire du style et de la simplicit\u00e9 des appareils du milieu du 20e si\u00e8cle, elle r\u00e9invente le r\u00e9tro, afin de l'adapter aux besoins du consommateur moderne. La collection pr\u00e9sente des fonctionnalit\u00e9s exclusives \u00e0 Danby comme la porte galb\u00e9e, inspir\u00e9e de la conception r\u00e9tro, le fini m\u00e9tallique de la porte, le syst\u00e8me de verrouillage, la poign\u00e9e chrom\u00e9e \u00e0 bande caoutchout\u00e9e ergonomique et le plan de travail chrom\u00e9 stylis\u00e9. Ces fonctionnalit\u00e9s ext\u00e9rieures ne sont surpass\u00e9es que par la conception de son rev\u00eatement int\u00e9rieur noir. Proposant un espace d'entreposage et de r\u00e9frig\u00e9ration de 124 litres (4,4 pieds cubes), cet appareil est aussi \u00e9quip\u00e9 de deux tablettes et demi de verre tremp\u00e9, offrant une grande polyvalence d'entreposage et d'un bac \u00e0 l\u00e9gumes muni d'un couvercle transparent. Les bouteilles de grand format sont les bienvenues \u00e0 bord et ce mod\u00e8le, bien que spacieux, contribue \u00e0 maintenir les factures d'\u00e9lectricit\u00e9 sous contr\u00f4le, gr\u00e2ce \u00e0 son homologation EnergyStar et \u00e0 son thermostat m\u00e9canique d'avant-garde. Le syst\u00e8me de d\u00e9givrage automatique transforme l'entretien et le nettoyage en un jeu d'enfant. L'appareil est aussi \u00e9quip\u00e9 d'un efficace distributeur de boissons CanStor et d'un syst\u00e8me d'\u00e9clairage int\u00e9rieur fiable \u00e0 DEL blanche. La conception pratique de ce mod\u00e8le se traduit par des charni\u00e8res de porte r\u00e9versibles, pouvant \u00eatre ajust\u00e9es pour une ouverture de porte \u00e0 gauche ou \u00e0 droite.","breadcrumb":[],"inLanguage":"fr-CA","potentialAction":[{"@type":"ReadAction","target":["https:\/\/www.danby.com\/fr\/products\/refrigeration-compact\/dar044a6mdb-6\/"]}]},{"@type":"ImageObject","inLanguage":"fr-CA","url":"https:\/\/cdnweb.danby.com\/wp-content\/uploads\/sites\/2\/2023\/05\/02155240\/DAR044A6MDB_Front_Closed-1-668x1024.jpg","contentUrl":"https:\/\/cdnweb.danby.com\/wp-content\/uploads\/sites\/2\/2023\/05\/02155240\/DAR044A6MDB_Front_Closed-1-668x1024.jpg","width":1500,"height":2299},{"@type":"BreadcrumbList","itemListElement":[{"@type":"ListItem","position":1,"name":"Home","item":"https:\/\/www.danby.com\/fr\/"},{"@type":"ListItem","position":2,"name":"Boutique","item":"https:\/\/www.danby.com\/fr\/boutique\/"},{"@type":"ListItem","position":3,"name":"Danby 4,4 cu. R\u00e9frig\u00e9rateur compact r\u00e9tro de 3,5 pi3 en noir minuit"}]},{"@type":"WebSite","url":"https:\/\/www.danby.com\/fr\/","name":"Danby - Canada - French","description":"Leader dans le domaine de la r\u00e9frig\u00e9ration et des appareils sp\u00e9cialis\u00e9s","publisher":[],"potentialAction":[{"@type":"SearchAction","target":{"@type":"EntryPoint","urlTemplate":"https:\/\/www.danby.com\/fr\/?s={search_term_string}"},"query-input":{"@type":"PropertyValueSpecification","valueRequired":true,"valueName":"search_term_string"}}],"inLanguage":"fr-CA"},{"@type":"Organization","name":"Danby Appliances","url":"https:\/\/www.danby.com\/fr\/","logo":{"@type":"ImageObject","inLanguage":"fr-CA","url":"https:\/\/cdnweb.danby.com\/wp-content\/uploads\/sites\/2\/2022\/02\/10141906\/Danby75Ans_Blue.png","contentUrl":"https:\/\/cdnweb.danby.com\/wp-content\/uploads\/sites\/2\/2022\/02\/10141906\/Danby75Ans_Blue.png","width":470,"height":110,"caption":"Danby Appliances"},"image":[],"sameAs":["https:\/\/www.facebook.com\/DanbyAppliances","https:\/\/x.com\/DanbyAppliance","https:\/\/instagram.com\/danbyappliances\/","https:\/\/www.linkedin.com\/company\/danbyappliances","https:\/\/www.pinterest.ca\/danbyappliances\/","https:\/\/www.youtube.com\/user\/DanbyProducts","https:\/\/en.wikipedia.org\/wiki\/Danby_(appliances)"]}]}},"post_mailing_queue_ids":[],"_links":{"self":[{"href":"https:\/\/www.danby.com\/fr\/wp-json\/wp\/v2\/product\/4643","targetHints":{"allow":["GET"]}}],"collection":[{"href":"https:\/\/www.danby.com\/fr\/wp-json\/wp\/v2\/product"}],"about":[{"href":"https:\/\/www.danby.com\/fr\/wp-json\/wp\/v2\/types\/product"}],"replies":[{"embeddable":true,"href":"https:\/\/www.danby.com\/fr\/wp-json\/wp\/v2\/comments?post=4643"}],"wp:featuredmedia":[{"embeddable":true,"href":"https:\/\/www.danby.com\/fr\/wp-json\/wp\/v2\/media\/22274"}],"wp:attachment":[{"href":"https:\/\/www.danby.com\/fr\/wp-json\/wp\/v2\/media?parent=4643"}],"wp:term":[{"taxonomy":"product_brand","embeddable":true,"href":"https:\/\/www.danby.com\/fr\/wp-json\/wp\/v2\/product_brand?post=4643"},{"taxonomy":"product_cat","embeddable":true,"href":"https:\/\/www.danby.com\/fr\/wp-json\/wp\/v2\/product_cat?post=4643"},{"taxonomy":"product_tag","embeddable":true,"href":"https:\/\/www.danby.com\/fr\/wp-json\/wp\/v2\/product_tag?post=4643"}],"curies":[{"name":"wp","href":"https:\/\/api.w.org\/{rel}","templated":true}]}}