{"id":4641,"date":"2022-02-03T19:13:38","date_gmt":"2022-02-03T19:13:38","guid":{"rendered":"https:\/\/www.danby.com\/fr\/product\/dar044a6mbdb\/"},"modified":"2026-04-20T10:06:32","modified_gmt":"2026-04-20T10:06:32","slug":"dar044a6mbdb","status":"publish","type":"product","link":"https:\/\/www.danby.com\/fr\/products\/refrigeration-compact\/dar044a6mbdb\/","title":{"rendered":"R\u00e9frig\u00e9rateur compact classique contemporain de 4,4 pi3 de Danby"},"content":{"rendered":"","protected":false},"excerpt":{"rendered":"<ul>\n<li>4,4 pi3. (125 L) capacit\u00e9 tout r\u00e9frig\u00e9rateur compact<\/li>\n<li>Mettant en vedette la conception brevet\u00e9e de Danby<\/li>\n<li>Compatible avec le programme ENERGY STAR\u00ae<\/li>\n<li>R\u00e9frig\u00e9rant R600a \u00e9cologique<\/li>\n<li>Finition de la porte en noir mat avec une poign\u00e9e de porte ergonomique<\/li>\n<li>Tablettes en verre<\/li>\n<li>Lumi\u00e8re int\u00e9rieure<\/li>\n<li>Tableau de travail r\u00e9sistant aux rayures<\/li>\n<li>Charni\u00e8re de porte r\u00e9versible<\/li>\n<li>D\u00e9givrage automatique<\/li>\n<li>D\u00e9givrage automatiquer\u00e9sistant aux rayures<\/li>\n<li>Charni\u00e8re de porte r\u00e9versible<\/li>\n<li>D\u00e9givrage automatique<\/li>\n<li>Design de dos lisse<\/li>\n<li>Int\u00e9rieur noir<\/li>\n<li>12 mois pi\u00e8ces et main d&#8217;\u0153uvre<\/li>\n<\/ul>\n","protected":false},"featured_media":10578,"comment_status":"closed","ping_status":"open","template":"","meta":{"_acf_changed":false},"product_brand":[],"product_cat":[22],"product_tag":[],"class_list":{"0":"post-4641","1":"product","2":"type-product","3":"status-publish","4":"has-post-thumbnail","6":"product_cat-refrigeration-compact","7":"pa_capacite-pi3-4-4-9","8":"pa_couleur-noir","9":"pa_duree-de-la-garantie-en-mois-12-mois","11":"first","12":"outofstock","13":"taxable","14":"shipping-taxable","15":"product-type-simple"},"acf":[],"yoast_head":"<!-- This site is optimized with the Yoast SEO plugin v26.7 - https:\/\/yoast.com\/wordpress\/plugins\/seo\/ -->\n<title>R\u00e9frig\u00e9rateur compact classique contemporain de 4,4 pi3 de Danby - DAR044A6MBDB | Danby Canada<\/title>\n<meta name=\"description\" content=\"S&#039;inspirant du style et de la simplicit\u00e9 du milieu du si\u00e8cle dernier, les r\u00e9frig\u00e9rateurs contemporains brevet\u00e9s de Danby r\u00e9imaginent le r\u00e9tro pour le consommateur moderne. Le r\u00e9frig\u00e9rateur compact classique contemporain est dot\u00e9 du design de porte incurv\u00e9 d&#039;inspiration r\u00e9tro exclusif \u00e0 Danby, d&#039;un fini de porte noir mat, d&#039;une poign\u00e9e ergonomique chrom\u00e9e \u00e0 prise en caoutchouc et d&#039;un plan de travail chrom\u00e9 stylis\u00e9. Son int\u00e9rieur caract\u00e9ristique n&#039;a d&#039;\u00e9gal que ses caract\u00e9ristiques ext\u00e9rieures. Dot\u00e9 d&#039;un espace de rangement et de refroidissement de 4,4 pieds cubes (125 L), il comprend deux tablettes et demie en verre tremp\u00e9 pour une polyvalence de rangement maximale et un bac \u00e0 l\u00e9gumes avec un dessus en verre. Il y a plus qu&#039;assez d&#039;espace pour les grandes bouteilles, et l&#039;appareil spacieux aide \u00e0 contr\u00f4ler les factures d&#039;\u00e9lectricit\u00e9 gr\u00e2ce \u00e0 son classement ENERGY STAR\u00ae et \u00e0 son thermostat m\u00e9canique de pointe. L&#039;entretien et le nettoyage sont simples gr\u00e2ce au syst\u00e8me de d\u00e9givrage automatique. Il comprend \u00e9galement un distributeur de boissons CanStor\u00ae efficace et un \u00e9clairage int\u00e9rieur LED blanc brillant. Ce petit r\u00e9frig\u00e9rateur est \u00e9galement dot\u00e9 d&#039;une charni\u00e8re de porte intelligente et r\u00e9versible qui vous permet de l&#039;ajuster pour une ouverture \u00e0 gauche ou \u00e0 droite.\" \/>\n<meta name=\"robots\" content=\"index, follow, max-snippet:-1, max-image-preview:large, max-video-preview:-1\" \/>\n<link rel=\"canonical\" href=\"https:\/\/www.danby.com\/fr\/products\/refrigeration-compact\/dar044a6mbdb\/\" \/>\n<meta property=\"og:locale\" content=\"fr_CA\" \/>\n<meta property=\"og:type\" content=\"article\" \/>\n<meta property=\"og:title\" content=\"R\u00e9frig\u00e9rateur compact classique contemporain de 4,4 pi3 de Danby - DAR044A6MBDB | Danby Canada\" \/>\n<meta property=\"og:description\" content=\"S&#039;inspirant du style et de la simplicit\u00e9 du milieu du si\u00e8cle dernier, les r\u00e9frig\u00e9rateurs contemporains brevet\u00e9s de Danby r\u00e9imaginent le r\u00e9tro pour le consommateur moderne. Le r\u00e9frig\u00e9rateur compact classique contemporain est dot\u00e9 du design de porte incurv\u00e9 d&#039;inspiration r\u00e9tro exclusif \u00e0 Danby, d&#039;un fini de porte noir mat, d&#039;une poign\u00e9e ergonomique chrom\u00e9e \u00e0 prise en caoutchouc et d&#039;un plan de travail chrom\u00e9 stylis\u00e9. Son int\u00e9rieur caract\u00e9ristique n&#039;a d&#039;\u00e9gal que ses caract\u00e9ristiques ext\u00e9rieures. Dot\u00e9 d&#039;un espace de rangement et de refroidissement de 4,4 pieds cubes (125 L), il comprend deux tablettes et demie en verre tremp\u00e9 pour une polyvalence de rangement maximale et un bac \u00e0 l\u00e9gumes avec un dessus en verre. Il y a plus qu&#039;assez d&#039;espace pour les grandes bouteilles, et l&#039;appareil spacieux aide \u00e0 contr\u00f4ler les factures d&#039;\u00e9lectricit\u00e9 gr\u00e2ce \u00e0 son classement ENERGY STAR\u00ae et \u00e0 son thermostat m\u00e9canique de pointe. L&#039;entretien et le nettoyage sont simples gr\u00e2ce au syst\u00e8me de d\u00e9givrage automatique. Il comprend \u00e9galement un distributeur de boissons CanStor\u00ae efficace et un \u00e9clairage int\u00e9rieur LED blanc brillant. Ce petit r\u00e9frig\u00e9rateur est \u00e9galement dot\u00e9 d&#039;une charni\u00e8re de porte intelligente et r\u00e9versible qui vous permet de l&#039;ajuster pour une ouverture \u00e0 gauche ou \u00e0 droite.\" \/>\n<meta property=\"og:url\" content=\"https:\/\/www.danby.com\/fr\/products\/refrigeration-compact\/dar044a6mbdb\/\" \/>\n<meta property=\"og:site_name\" content=\"Danby - Canada - French\" \/>\n<meta property=\"article:publisher\" content=\"https:\/\/www.facebook.com\/DanbyAppliances\" \/>\n<meta property=\"article:modified_time\" content=\"2026-04-20T10:06:32+00:00\" \/>\n<meta property=\"og:image\" content=\"https:\/\/cdnweb.danby.com\/wp-content\/uploads\/sites\/2\/2022\/02\/08232220\/DAR044A6MBDB-Featured.jpg\" \/>\n\t<meta property=\"og:image:width\" content=\"1440\" \/>\n\t<meta property=\"og:image:height\" content=\"1920\" \/>\n\t<meta property=\"og:image:type\" content=\"image\/jpeg\" \/>\n<meta name=\"twitter:card\" content=\"summary_large_image\" \/>\n<meta name=\"twitter:site\" content=\"@DanbyAppliance\" \/>\n<script type=\"application\/ld+json\" class=\"yoast-schema-graph\">{\"@context\":\"https:\/\/schema.org\",\"@graph\":[{\"@type\":[\"WebPage\",\"ItemPage\"],\"url\":\"https:\/\/www.danby.com\/fr\/products\/refrigeration-compact\/dar044a6mbdb\/\",\"name\":\"R\u00e9frig\u00e9rateur compact classique contemporain de 4,4 pi3 de Danby - DAR044A6MBDB | Danby Canada\",\"isPartOf\":[],\"primaryImageOfPage\":[],\"image\":[],\"thumbnailUrl\":\"https:\/\/cdnweb.danby.com\/wp-content\/uploads\/sites\/2\/2022\/02\/08232220\/DAR044A6MBDB-Featured.jpg\",\"datePublished\":\"2022-02-03T19:13:38+00:00\",\"dateModified\":\"2026-04-20T10:06:32+00:00\",\"description\":\"S'inspirant du style et de la simplicit\u00e9 du milieu du si\u00e8cle dernier, les r\u00e9frig\u00e9rateurs contemporains brevet\u00e9s de Danby r\u00e9imaginent le r\u00e9tro pour le consommateur moderne. Le r\u00e9frig\u00e9rateur compact classique contemporain est dot\u00e9 du design de porte incurv\u00e9 d'inspiration r\u00e9tro exclusif \u00e0 Danby, d'un fini de porte noir mat, d'une poign\u00e9e ergonomique chrom\u00e9e \u00e0 prise en caoutchouc et d'un plan de travail chrom\u00e9 stylis\u00e9. Son int\u00e9rieur caract\u00e9ristique n'a d'\u00e9gal que ses caract\u00e9ristiques ext\u00e9rieures. Dot\u00e9 d'un espace de rangement et de refroidissement de 4,4 pieds cubes (125 L), il comprend deux tablettes et demie en verre tremp\u00e9 pour une polyvalence de rangement maximale et un bac \u00e0 l\u00e9gumes avec un dessus en verre. Il y a plus qu'assez d'espace pour les grandes bouteilles, et l'appareil spacieux aide \u00e0 contr\u00f4ler les factures d'\u00e9lectricit\u00e9 gr\u00e2ce \u00e0 son classement ENERGY STAR\u00ae et \u00e0 son thermostat m\u00e9canique de pointe. L'entretien et le nettoyage sont simples gr\u00e2ce au syst\u00e8me de d\u00e9givrage automatique. Il comprend \u00e9galement un distributeur de boissons CanStor\u00ae efficace et un \u00e9clairage int\u00e9rieur LED blanc brillant. Ce petit r\u00e9frig\u00e9rateur est \u00e9galement dot\u00e9 d'une charni\u00e8re de porte intelligente et r\u00e9versible qui vous permet de l'ajuster pour une ouverture \u00e0 gauche ou \u00e0 droite.\",\"breadcrumb\":[],\"inLanguage\":\"fr-CA\",\"potentialAction\":[{\"@type\":\"ReadAction\",\"target\":[\"https:\/\/www.danby.com\/fr\/products\/refrigeration-compact\/dar044a6mbdb\/\"]}]},{\"@type\":\"ImageObject\",\"inLanguage\":\"fr-CA\",\"url\":\"https:\/\/cdnweb.danby.com\/wp-content\/uploads\/sites\/2\/2022\/02\/08232220\/DAR044A6MBDB-Featured.jpg\",\"contentUrl\":\"https:\/\/cdnweb.danby.com\/wp-content\/uploads\/sites\/2\/2022\/02\/08232220\/DAR044A6MBDB-Featured.jpg\",\"width\":1440,\"height\":1920},{\"@type\":\"BreadcrumbList\",\"itemListElement\":[{\"@type\":\"ListItem\",\"position\":1,\"name\":\"Home\",\"item\":\"https:\/\/www.danby.com\/fr\/\"},{\"@type\":\"ListItem\",\"position\":2,\"name\":\"Boutique\",\"item\":\"https:\/\/www.danby.com\/fr\/boutique\/\"},{\"@type\":\"ListItem\",\"position\":3,\"name\":\"R\u00e9frig\u00e9rateur compact classique contemporain de 4,4 pi3 de Danby\"}]},{\"@type\":\"WebSite\",\"url\":\"https:\/\/www.danby.com\/fr\/\",\"name\":\"Danby - Canada - French\",\"description\":\"Leader dans le domaine de la r\u00e9frig\u00e9ration et des appareils sp\u00e9cialis\u00e9s\",\"publisher\":[],\"potentialAction\":[{\"@type\":\"SearchAction\",\"target\":{\"@type\":\"EntryPoint\",\"urlTemplate\":\"https:\/\/www.danby.com\/fr\/?s={search_term_string}\"},\"query-input\":{\"@type\":\"PropertyValueSpecification\",\"valueRequired\":true,\"valueName\":\"search_term_string\"}}],\"inLanguage\":\"fr-CA\"},{\"@type\":\"Organization\",\"name\":\"Danby Appliances\",\"url\":\"https:\/\/www.danby.com\/fr\/\",\"logo\":{\"@type\":\"ImageObject\",\"inLanguage\":\"fr-CA\",\"url\":\"https:\/\/cdnweb.danby.com\/wp-content\/uploads\/sites\/2\/2022\/02\/10141906\/Danby75Ans_Blue.png\",\"contentUrl\":\"https:\/\/cdnweb.danby.com\/wp-content\/uploads\/sites\/2\/2022\/02\/10141906\/Danby75Ans_Blue.png\",\"width\":470,\"height\":110,\"caption\":\"Danby Appliances\"},\"image\":[],\"sameAs\":[\"https:\/\/www.facebook.com\/DanbyAppliances\",\"https:\/\/x.com\/DanbyAppliance\",\"https:\/\/instagram.com\/danbyappliances\/\",\"https:\/\/www.linkedin.com\/company\/danbyappliances\",\"https:\/\/www.pinterest.ca\/danbyappliances\/\",\"https:\/\/www.youtube.com\/user\/DanbyProducts\",\"https:\/\/en.wikipedia.org\/wiki\/Danby_(appliances)\"]}]}<\/script>\n<!-- \/ Yoast SEO plugin. -->","yoast_head_json":{"title":"R\u00e9frig\u00e9rateur compact classique contemporain de 4,4 pi3 de Danby - DAR044A6MBDB | Danby Canada","description":"S'inspirant du style et de la simplicit\u00e9 du milieu du si\u00e8cle dernier, les r\u00e9frig\u00e9rateurs contemporains brevet\u00e9s de Danby r\u00e9imaginent le r\u00e9tro pour le consommateur moderne. Le r\u00e9frig\u00e9rateur compact classique contemporain est dot\u00e9 du design de porte incurv\u00e9 d'inspiration r\u00e9tro exclusif \u00e0 Danby, d'un fini de porte noir mat, d'une poign\u00e9e ergonomique chrom\u00e9e \u00e0 prise en caoutchouc et d'un plan de travail chrom\u00e9 stylis\u00e9. Son int\u00e9rieur caract\u00e9ristique n'a d'\u00e9gal que ses caract\u00e9ristiques ext\u00e9rieures. Dot\u00e9 d'un espace de rangement et de refroidissement de 4,4 pieds cubes (125 L), il comprend deux tablettes et demie en verre tremp\u00e9 pour une polyvalence de rangement maximale et un bac \u00e0 l\u00e9gumes avec un dessus en verre. Il y a plus qu'assez d'espace pour les grandes bouteilles, et l'appareil spacieux aide \u00e0 contr\u00f4ler les factures d'\u00e9lectricit\u00e9 gr\u00e2ce \u00e0 son classement ENERGY STAR\u00ae et \u00e0 son thermostat m\u00e9canique de pointe. L'entretien et le nettoyage sont simples gr\u00e2ce au syst\u00e8me de d\u00e9givrage automatique. Il comprend \u00e9galement un distributeur de boissons CanStor\u00ae efficace et un \u00e9clairage int\u00e9rieur LED blanc brillant. Ce petit r\u00e9frig\u00e9rateur est \u00e9galement dot\u00e9 d'une charni\u00e8re de porte intelligente et r\u00e9versible qui vous permet de l'ajuster pour une ouverture \u00e0 gauche ou \u00e0 droite.","robots":{"index":"index","follow":"follow","max-snippet":"max-snippet:-1","max-image-preview":"max-image-preview:large","max-video-preview":"max-video-preview:-1"},"canonical":"https:\/\/www.danby.com\/fr\/products\/refrigeration-compact\/dar044a6mbdb\/","og_locale":"fr_CA","og_type":"article","og_title":"R\u00e9frig\u00e9rateur compact classique contemporain de 4,4 pi3 de Danby - DAR044A6MBDB | Danby Canada","og_description":"S'inspirant du style et de la simplicit\u00e9 du milieu du si\u00e8cle dernier, les r\u00e9frig\u00e9rateurs contemporains brevet\u00e9s de Danby r\u00e9imaginent le r\u00e9tro pour le consommateur moderne. Le r\u00e9frig\u00e9rateur compact classique contemporain est dot\u00e9 du design de porte incurv\u00e9 d'inspiration r\u00e9tro exclusif \u00e0 Danby, d'un fini de porte noir mat, d'une poign\u00e9e ergonomique chrom\u00e9e \u00e0 prise en caoutchouc et d'un plan de travail chrom\u00e9 stylis\u00e9. Son int\u00e9rieur caract\u00e9ristique n'a d'\u00e9gal que ses caract\u00e9ristiques ext\u00e9rieures. Dot\u00e9 d'un espace de rangement et de refroidissement de 4,4 pieds cubes (125 L), il comprend deux tablettes et demie en verre tremp\u00e9 pour une polyvalence de rangement maximale et un bac \u00e0 l\u00e9gumes avec un dessus en verre. Il y a plus qu'assez d'espace pour les grandes bouteilles, et l'appareil spacieux aide \u00e0 contr\u00f4ler les factures d'\u00e9lectricit\u00e9 gr\u00e2ce \u00e0 son classement ENERGY STAR\u00ae et \u00e0 son thermostat m\u00e9canique de pointe. L'entretien et le nettoyage sont simples gr\u00e2ce au syst\u00e8me de d\u00e9givrage automatique. Il comprend \u00e9galement un distributeur de boissons CanStor\u00ae efficace et un \u00e9clairage int\u00e9rieur LED blanc brillant. Ce petit r\u00e9frig\u00e9rateur est \u00e9galement dot\u00e9 d'une charni\u00e8re de porte intelligente et r\u00e9versible qui vous permet de l'ajuster pour une ouverture \u00e0 gauche ou \u00e0 droite.","og_url":"https:\/\/www.danby.com\/fr\/products\/refrigeration-compact\/dar044a6mbdb\/","og_site_name":"Danby - Canada - French","article_publisher":"https:\/\/www.facebook.com\/DanbyAppliances","article_modified_time":"2026-04-20T10:06:32+00:00","og_image":[{"width":1440,"height":1920,"url":"https:\/\/cdnweb.danby.com\/wp-content\/uploads\/sites\/2\/2022\/02\/08232220\/DAR044A6MBDB-Featured.jpg","type":"image\/jpeg"}],"twitter_card":"summary_large_image","twitter_site":"@DanbyAppliance","schema":{"@context":"https:\/\/schema.org","@graph":[{"@type":["WebPage","ItemPage"],"url":"https:\/\/www.danby.com\/fr\/products\/refrigeration-compact\/dar044a6mbdb\/","name":"R\u00e9frig\u00e9rateur compact classique contemporain de 4,4 pi3 de Danby - DAR044A6MBDB | Danby Canada","isPartOf":[],"primaryImageOfPage":[],"image":[],"thumbnailUrl":"https:\/\/cdnweb.danby.com\/wp-content\/uploads\/sites\/2\/2022\/02\/08232220\/DAR044A6MBDB-Featured.jpg","datePublished":"2022-02-03T19:13:38+00:00","dateModified":"2026-04-20T10:06:32+00:00","description":"S'inspirant du style et de la simplicit\u00e9 du milieu du si\u00e8cle dernier, les r\u00e9frig\u00e9rateurs contemporains brevet\u00e9s de Danby r\u00e9imaginent le r\u00e9tro pour le consommateur moderne. Le r\u00e9frig\u00e9rateur compact classique contemporain est dot\u00e9 du design de porte incurv\u00e9 d'inspiration r\u00e9tro exclusif \u00e0 Danby, d'un fini de porte noir mat, d'une poign\u00e9e ergonomique chrom\u00e9e \u00e0 prise en caoutchouc et d'un plan de travail chrom\u00e9 stylis\u00e9. Son int\u00e9rieur caract\u00e9ristique n'a d'\u00e9gal que ses caract\u00e9ristiques ext\u00e9rieures. Dot\u00e9 d'un espace de rangement et de refroidissement de 4,4 pieds cubes (125 L), il comprend deux tablettes et demie en verre tremp\u00e9 pour une polyvalence de rangement maximale et un bac \u00e0 l\u00e9gumes avec un dessus en verre. Il y a plus qu'assez d'espace pour les grandes bouteilles, et l'appareil spacieux aide \u00e0 contr\u00f4ler les factures d'\u00e9lectricit\u00e9 gr\u00e2ce \u00e0 son classement ENERGY STAR\u00ae et \u00e0 son thermostat m\u00e9canique de pointe. L'entretien et le nettoyage sont simples gr\u00e2ce au syst\u00e8me de d\u00e9givrage automatique. Il comprend \u00e9galement un distributeur de boissons CanStor\u00ae efficace et un \u00e9clairage int\u00e9rieur LED blanc brillant. Ce petit r\u00e9frig\u00e9rateur est \u00e9galement dot\u00e9 d'une charni\u00e8re de porte intelligente et r\u00e9versible qui vous permet de l'ajuster pour une ouverture \u00e0 gauche ou \u00e0 droite.","breadcrumb":[],"inLanguage":"fr-CA","potentialAction":[{"@type":"ReadAction","target":["https:\/\/www.danby.com\/fr\/products\/refrigeration-compact\/dar044a6mbdb\/"]}]},{"@type":"ImageObject","inLanguage":"fr-CA","url":"https:\/\/cdnweb.danby.com\/wp-content\/uploads\/sites\/2\/2022\/02\/08232220\/DAR044A6MBDB-Featured.jpg","contentUrl":"https:\/\/cdnweb.danby.com\/wp-content\/uploads\/sites\/2\/2022\/02\/08232220\/DAR044A6MBDB-Featured.jpg","width":1440,"height":1920},{"@type":"BreadcrumbList","itemListElement":[{"@type":"ListItem","position":1,"name":"Home","item":"https:\/\/www.danby.com\/fr\/"},{"@type":"ListItem","position":2,"name":"Boutique","item":"https:\/\/www.danby.com\/fr\/boutique\/"},{"@type":"ListItem","position":3,"name":"R\u00e9frig\u00e9rateur compact classique contemporain de 4,4 pi3 de Danby"}]},{"@type":"WebSite","url":"https:\/\/www.danby.com\/fr\/","name":"Danby - Canada - French","description":"Leader dans le domaine de la r\u00e9frig\u00e9ration et des appareils sp\u00e9cialis\u00e9s","publisher":[],"potentialAction":[{"@type":"SearchAction","target":{"@type":"EntryPoint","urlTemplate":"https:\/\/www.danby.com\/fr\/?s={search_term_string}"},"query-input":{"@type":"PropertyValueSpecification","valueRequired":true,"valueName":"search_term_string"}}],"inLanguage":"fr-CA"},{"@type":"Organization","name":"Danby Appliances","url":"https:\/\/www.danby.com\/fr\/","logo":{"@type":"ImageObject","inLanguage":"fr-CA","url":"https:\/\/cdnweb.danby.com\/wp-content\/uploads\/sites\/2\/2022\/02\/10141906\/Danby75Ans_Blue.png","contentUrl":"https:\/\/cdnweb.danby.com\/wp-content\/uploads\/sites\/2\/2022\/02\/10141906\/Danby75Ans_Blue.png","width":470,"height":110,"caption":"Danby Appliances"},"image":[],"sameAs":["https:\/\/www.facebook.com\/DanbyAppliances","https:\/\/x.com\/DanbyAppliance","https:\/\/instagram.com\/danbyappliances\/","https:\/\/www.linkedin.com\/company\/danbyappliances","https:\/\/www.pinterest.ca\/danbyappliances\/","https:\/\/www.youtube.com\/user\/DanbyProducts","https:\/\/en.wikipedia.org\/wiki\/Danby_(appliances)"]}]}},"post_mailing_queue_ids":[],"_links":{"self":[{"href":"https:\/\/www.danby.com\/fr\/wp-json\/wp\/v2\/product\/4641","targetHints":{"allow":["GET"]}}],"collection":[{"href":"https:\/\/www.danby.com\/fr\/wp-json\/wp\/v2\/product"}],"about":[{"href":"https:\/\/www.danby.com\/fr\/wp-json\/wp\/v2\/types\/product"}],"replies":[{"embeddable":true,"href":"https:\/\/www.danby.com\/fr\/wp-json\/wp\/v2\/comments?post=4641"}],"wp:featuredmedia":[{"embeddable":true,"href":"https:\/\/www.danby.com\/fr\/wp-json\/wp\/v2\/media\/10578"}],"wp:attachment":[{"href":"https:\/\/www.danby.com\/fr\/wp-json\/wp\/v2\/media?parent=4641"}],"wp:term":[{"taxonomy":"product_brand","embeddable":true,"href":"https:\/\/www.danby.com\/fr\/wp-json\/wp\/v2\/product_brand?post=4641"},{"taxonomy":"product_cat","embeddable":true,"href":"https:\/\/www.danby.com\/fr\/wp-json\/wp\/v2\/product_cat?post=4641"},{"taxonomy":"product_tag","embeddable":true,"href":"https:\/\/www.danby.com\/fr\/wp-json\/wp\/v2\/product_tag?post=4641"}],"curies":[{"name":"wp","href":"https:\/\/api.w.org\/{rel}","templated":true}]}}