{"id":4636,"date":"2022-02-03T19:13:38","date_gmt":"2022-02-03T19:13:38","guid":{"rendered":"https:\/\/www.danby.com\/fr\/product\/dar044a4wdd-6\/"},"modified":"2026-04-25T10:08:30","modified_gmt":"2026-04-25T10:08:30","slug":"dar044a4wdd-6","status":"publish","type":"product","link":"https:\/\/www.danby.com\/fr\/products\/refrigeration-compact\/dar044a4wdd-6\/","title":{"rendered":"Concepteur Danby 4,4 cu. R\u00e9frig\u00e9rateur compact de 5,5 pi3 en blanc"},"content":{"rendered":"","protected":false},"excerpt":{"rendered":"<ul>\n<li>R\u00e9frig\u00e9rateur int\u00e9gral d\u2019une capacit\u00e9 de 124 L (4,4 pi3)<\/li>\n<li>Homologu\u00e9 Energy Star\u00ae<\/li>\n<li>R\u00e9frig\u00e9rant R600a respectueux de l&#8217;environnement<\/li>\n<li>D\u00e9givrage automatique<\/li>\n<li>Deux tablettes en verre r\u00e9glables pleine largeur et une d\u2019une demi-largeur\n<\/li>\n<li>Balconnets int\u00e9gr\u00e9s comprenant un entreposage pour bouteilles grand format<\/li>\n<li>Distributeur de boissons CanStor\u00ae<\/li>\n<li>Thermostat m\u00e9canique<\/li>\n<li>Syst\u00e8me d\u2019\u00e9clairage int\u00e9rieur<\/li>\n<li>Poign\u00e9e de porte int\u00e9gr\u00e9e<\/li>\n<li>Charni\u00e8res de porte r\u00e9versibles<\/li>\n<li>Surface arri\u00e8re lisse<\/li>\n<\/ul>\n","protected":false},"featured_media":22903,"comment_status":"closed","ping_status":"open","template":"","meta":{"_acf_changed":false},"product_brand":[],"product_cat":[22,1449],"product_tag":[],"class_list":{"0":"post-4636","1":"product","2":"type-product","3":"status-publish","4":"has-post-thumbnail","6":"product_cat-refrigeration-compact","7":"product_cat-sales","9":"first","10":"outofstock","11":"sale","12":"taxable","13":"shipping-taxable","14":"purchasable","15":"product-type-simple"},"acf":[],"yoast_head":"<!-- This site is optimized with the Yoast SEO plugin v27.4 - https:\/\/yoast.com\/product\/yoast-seo-wordpress\/ -->\n<title>Concepteur Danby 4,4 cu. R\u00e9frig\u00e9rateur compact de 5,5 pi3 en blanc - DAR044A4WDD-6 | Danby Canada<\/title>\n<meta name=\"description\" content=\"\u00c9pargnez-vous la course \u00e0 la cuisine et profitez de boissons fra\u00eeches l\u00e0 o\u00f9 vous en avez le plus besoin gr\u00e2ce au r\u00e9frig\u00e9rateur compact Danby DesignerMD agr\u00e9\u00e9 Energy StarMD. Avec une grande capacit\u00e9 de 4,4 pi3, ce mod\u00e8le \u00e0 hauteur de comptoir est un moyen efficace de compl\u00e9ter votre r\u00e9frig\u00e9rateur. Il inclut le distributeur de boissons CanstorMD, charni\u00e8re de porte r\u00e9versible et un \u00e9clairage int\u00e9rieur.\" \/>\n<meta name=\"robots\" content=\"index, follow, max-snippet:-1, max-image-preview:large, max-video-preview:-1\" \/>\n<link rel=\"canonical\" href=\"https:\/\/www.danby.com\/fr\/products\/refrigeration-compact\/dar044a4wdd-6\/\" \/>\n<meta property=\"og:locale\" content=\"fr_CA\" \/>\n<meta property=\"og:type\" content=\"article\" \/>\n<meta property=\"og:title\" content=\"Concepteur Danby 4,4 cu. R\u00e9frig\u00e9rateur compact de 5,5 pi3 en blanc - DAR044A4WDD-6 | Danby Canada\" \/>\n<meta property=\"og:description\" content=\"\u00c9pargnez-vous la course \u00e0 la cuisine et profitez de boissons fra\u00eeches l\u00e0 o\u00f9 vous en avez le plus besoin gr\u00e2ce au r\u00e9frig\u00e9rateur compact Danby DesignerMD agr\u00e9\u00e9 Energy StarMD. Avec une grande capacit\u00e9 de 4,4 pi3, ce mod\u00e8le \u00e0 hauteur de comptoir est un moyen efficace de compl\u00e9ter votre r\u00e9frig\u00e9rateur. Il inclut le distributeur de boissons CanstorMD, charni\u00e8re de porte r\u00e9versible et un \u00e9clairage int\u00e9rieur.\" \/>\n<meta property=\"og:url\" content=\"https:\/\/www.danby.com\/fr\/products\/refrigeration-compact\/dar044a4wdd-6\/\" \/>\n<meta property=\"og:site_name\" content=\"Danby - Canada - French\" \/>\n<meta property=\"article:publisher\" content=\"https:\/\/www.facebook.com\/DanbyAppliances\" \/>\n<meta property=\"article:modified_time\" content=\"2026-04-25T10:08:30+00:00\" \/>\n<meta property=\"og:image\" content=\"https:\/\/cdnweb.danby.com\/wp-content\/uploads\/sites\/2\/2023\/05\/30152052\/DAR044A4WDD-6_Front.jpg\" \/>\n\t<meta property=\"og:image:width\" content=\"1694\" \/>\n\t<meta property=\"og:image:height\" content=\"2259\" \/>\n\t<meta property=\"og:image:type\" content=\"image\/jpeg\" \/>\n<meta name=\"twitter:card\" content=\"summary_large_image\" \/>\n<meta name=\"twitter:site\" content=\"@DanbyAppliance\" \/>\n<script type=\"application\/ld+json\" class=\"yoast-schema-graph\">{\"@context\":\"https:\\\/\\\/schema.org\",\"@graph\":[{\"@type\":[\"WebPage\",\"ItemPage\"],\"url\":\"https:\\\/\\\/www.danby.com\\\/fr\\\/products\\\/refrigeration-compact\\\/dar044a4wdd-6\\\/\",\"name\":\"Concepteur Danby 4,4 cu. R\u00e9frig\u00e9rateur compact de 5,5 pi3 en blanc - DAR044A4WDD-6 | Danby Canada\",\"isPartOf\":[],\"primaryImageOfPage\":[],\"image\":[],\"thumbnailUrl\":\"https:\\\/\\\/cdnweb.danby.com\\\/wp-content\\\/uploads\\\/sites\\\/2\\\/2023\\\/05\\\/30152052\\\/DAR044A4WDD-6_Front.jpg\",\"datePublished\":\"2022-02-03T19:13:38+00:00\",\"dateModified\":\"2026-04-25T10:08:30+00:00\",\"description\":\"\u00c9pargnez-vous la course \u00e0 la cuisine et profitez de boissons fra\u00eeches l\u00e0 o\u00f9 vous en avez le plus besoin gr\u00e2ce au r\u00e9frig\u00e9rateur compact Danby DesignerMD agr\u00e9\u00e9 Energy StarMD. Avec une grande capacit\u00e9 de 4,4 pi3, ce mod\u00e8le \u00e0 hauteur de comptoir est un moyen efficace de compl\u00e9ter votre r\u00e9frig\u00e9rateur. Il inclut le distributeur de boissons CanstorMD, charni\u00e8re de porte r\u00e9versible et un \u00e9clairage int\u00e9rieur.\",\"breadcrumb\":[],\"inLanguage\":\"fr-CA\",\"potentialAction\":[{\"@type\":\"ReadAction\",\"target\":[\"https:\\\/\\\/www.danby.com\\\/fr\\\/products\\\/refrigeration-compact\\\/dar044a4wdd-6\\\/\"]}]},{\"@type\":\"ImageObject\",\"inLanguage\":\"fr-CA\",\"url\":\"https:\\\/\\\/cdnweb.danby.com\\\/wp-content\\\/uploads\\\/sites\\\/2\\\/2023\\\/05\\\/30152052\\\/DAR044A4WDD-6_Front.jpg\",\"contentUrl\":\"https:\\\/\\\/cdnweb.danby.com\\\/wp-content\\\/uploads\\\/sites\\\/2\\\/2023\\\/05\\\/30152052\\\/DAR044A4WDD-6_Front.jpg\",\"width\":1694,\"height\":2259},{\"@type\":\"BreadcrumbList\",\"itemListElement\":[{\"@type\":\"ListItem\",\"position\":1,\"name\":\"Home\",\"item\":\"https:\\\/\\\/www.danby.com\\\/fr\\\/\"},{\"@type\":\"ListItem\",\"position\":2,\"name\":\"Boutique\",\"item\":\"https:\\\/\\\/www.danby.com\\\/fr\\\/boutique\\\/\"},{\"@type\":\"ListItem\",\"position\":3,\"name\":\"Concepteur Danby 4,4 cu. R\u00e9frig\u00e9rateur compact de 5,5 pi3 en blanc\"}]},{\"@type\":\"WebSite\",\"url\":\"https:\\\/\\\/www.danby.com\\\/fr\\\/\",\"name\":\"Danby - Canada - French\",\"description\":\"Leader dans le domaine de la r\u00e9frig\u00e9ration et des appareils sp\u00e9cialis\u00e9s\",\"publisher\":[],\"potentialAction\":[{\"@type\":\"SearchAction\",\"target\":{\"@type\":\"EntryPoint\",\"urlTemplate\":\"https:\\\/\\\/www.danby.com\\\/fr\\\/?s={search_term_string}\"},\"query-input\":{\"@type\":\"PropertyValueSpecification\",\"valueRequired\":true,\"valueName\":\"search_term_string\"}}],\"inLanguage\":\"fr-CA\"},{\"@type\":\"Organization\",\"name\":\"Danby Appliances\",\"url\":\"https:\\\/\\\/www.danby.com\\\/fr\\\/\",\"logo\":{\"@type\":\"ImageObject\",\"inLanguage\":\"fr-CA\",\"url\":\"https:\\\/\\\/cdnweb.danby.com\\\/wp-content\\\/uploads\\\/sites\\\/2\\\/2022\\\/02\\\/10141906\\\/Danby75Ans_Blue.png\",\"contentUrl\":\"https:\\\/\\\/cdnweb.danby.com\\\/wp-content\\\/uploads\\\/sites\\\/2\\\/2022\\\/02\\\/10141906\\\/Danby75Ans_Blue.png\",\"width\":470,\"height\":110,\"caption\":\"Danby Appliances\"},\"image\":[],\"sameAs\":[\"https:\\\/\\\/www.facebook.com\\\/DanbyAppliances\",\"https:\\\/\\\/x.com\\\/DanbyAppliance\",\"https:\\\/\\\/instagram.com\\\/danbyappliances\\\/\",\"https:\\\/\\\/www.linkedin.com\\\/company\\\/danbyappliances\",\"https:\\\/\\\/www.pinterest.ca\\\/danbyappliances\\\/\",\"https:\\\/\\\/www.youtube.com\\\/user\\\/DanbyProducts\",\"https:\\\/\\\/en.wikipedia.org\\\/wiki\\\/Danby_(appliances)\"]}]}<\/script>\n<!-- \/ Yoast SEO plugin. -->","yoast_head_json":{"title":"Concepteur Danby 4,4 cu. R\u00e9frig\u00e9rateur compact de 5,5 pi3 en blanc - DAR044A4WDD-6 | Danby Canada","description":"\u00c9pargnez-vous la course \u00e0 la cuisine et profitez de boissons fra\u00eeches l\u00e0 o\u00f9 vous en avez le plus besoin gr\u00e2ce au r\u00e9frig\u00e9rateur compact Danby DesignerMD agr\u00e9\u00e9 Energy StarMD. Avec une grande capacit\u00e9 de 4,4 pi3, ce mod\u00e8le \u00e0 hauteur de comptoir est un moyen efficace de compl\u00e9ter votre r\u00e9frig\u00e9rateur. Il inclut le distributeur de boissons CanstorMD, charni\u00e8re de porte r\u00e9versible et un \u00e9clairage int\u00e9rieur.","robots":{"index":"index","follow":"follow","max-snippet":"max-snippet:-1","max-image-preview":"max-image-preview:large","max-video-preview":"max-video-preview:-1"},"canonical":"https:\/\/www.danby.com\/fr\/products\/refrigeration-compact\/dar044a4wdd-6\/","og_locale":"fr_CA","og_type":"article","og_title":"Concepteur Danby 4,4 cu. R\u00e9frig\u00e9rateur compact de 5,5 pi3 en blanc - DAR044A4WDD-6 | Danby Canada","og_description":"\u00c9pargnez-vous la course \u00e0 la cuisine et profitez de boissons fra\u00eeches l\u00e0 o\u00f9 vous en avez le plus besoin gr\u00e2ce au r\u00e9frig\u00e9rateur compact Danby DesignerMD agr\u00e9\u00e9 Energy StarMD. Avec une grande capacit\u00e9 de 4,4 pi3, ce mod\u00e8le \u00e0 hauteur de comptoir est un moyen efficace de compl\u00e9ter votre r\u00e9frig\u00e9rateur. Il inclut le distributeur de boissons CanstorMD, charni\u00e8re de porte r\u00e9versible et un \u00e9clairage int\u00e9rieur.","og_url":"https:\/\/www.danby.com\/fr\/products\/refrigeration-compact\/dar044a4wdd-6\/","og_site_name":"Danby - Canada - French","article_publisher":"https:\/\/www.facebook.com\/DanbyAppliances","article_modified_time":"2026-04-25T10:08:30+00:00","og_image":[{"width":1694,"height":2259,"url":"https:\/\/cdnweb.danby.com\/wp-content\/uploads\/sites\/2\/2023\/05\/30152052\/DAR044A4WDD-6_Front.jpg","type":"image\/jpeg"}],"twitter_card":"summary_large_image","twitter_site":"@DanbyAppliance","schema":{"@context":"https:\/\/schema.org","@graph":[{"@type":["WebPage","ItemPage"],"url":"https:\/\/www.danby.com\/fr\/products\/refrigeration-compact\/dar044a4wdd-6\/","name":"Concepteur Danby 4,4 cu. R\u00e9frig\u00e9rateur compact de 5,5 pi3 en blanc - DAR044A4WDD-6 | Danby Canada","isPartOf":[],"primaryImageOfPage":[],"image":[],"thumbnailUrl":"https:\/\/cdnweb.danby.com\/wp-content\/uploads\/sites\/2\/2023\/05\/30152052\/DAR044A4WDD-6_Front.jpg","datePublished":"2022-02-03T19:13:38+00:00","dateModified":"2026-04-25T10:08:30+00:00","description":"\u00c9pargnez-vous la course \u00e0 la cuisine et profitez de boissons fra\u00eeches l\u00e0 o\u00f9 vous en avez le plus besoin gr\u00e2ce au r\u00e9frig\u00e9rateur compact Danby DesignerMD agr\u00e9\u00e9 Energy StarMD. Avec une grande capacit\u00e9 de 4,4 pi3, ce mod\u00e8le \u00e0 hauteur de comptoir est un moyen efficace de compl\u00e9ter votre r\u00e9frig\u00e9rateur. Il inclut le distributeur de boissons CanstorMD, charni\u00e8re de porte r\u00e9versible et un \u00e9clairage int\u00e9rieur.","breadcrumb":[],"inLanguage":"fr-CA","potentialAction":[{"@type":"ReadAction","target":["https:\/\/www.danby.com\/fr\/products\/refrigeration-compact\/dar044a4wdd-6\/"]}]},{"@type":"ImageObject","inLanguage":"fr-CA","url":"https:\/\/cdnweb.danby.com\/wp-content\/uploads\/sites\/2\/2023\/05\/30152052\/DAR044A4WDD-6_Front.jpg","contentUrl":"https:\/\/cdnweb.danby.com\/wp-content\/uploads\/sites\/2\/2023\/05\/30152052\/DAR044A4WDD-6_Front.jpg","width":1694,"height":2259},{"@type":"BreadcrumbList","itemListElement":[{"@type":"ListItem","position":1,"name":"Home","item":"https:\/\/www.danby.com\/fr\/"},{"@type":"ListItem","position":2,"name":"Boutique","item":"https:\/\/www.danby.com\/fr\/boutique\/"},{"@type":"ListItem","position":3,"name":"Concepteur Danby 4,4 cu. R\u00e9frig\u00e9rateur compact de 5,5 pi3 en blanc"}]},{"@type":"WebSite","url":"https:\/\/www.danby.com\/fr\/","name":"Danby - Canada - French","description":"Leader dans le domaine de la r\u00e9frig\u00e9ration et des appareils sp\u00e9cialis\u00e9s","publisher":[],"potentialAction":[{"@type":"SearchAction","target":{"@type":"EntryPoint","urlTemplate":"https:\/\/www.danby.com\/fr\/?s={search_term_string}"},"query-input":{"@type":"PropertyValueSpecification","valueRequired":true,"valueName":"search_term_string"}}],"inLanguage":"fr-CA"},{"@type":"Organization","name":"Danby Appliances","url":"https:\/\/www.danby.com\/fr\/","logo":{"@type":"ImageObject","inLanguage":"fr-CA","url":"https:\/\/cdnweb.danby.com\/wp-content\/uploads\/sites\/2\/2022\/02\/10141906\/Danby75Ans_Blue.png","contentUrl":"https:\/\/cdnweb.danby.com\/wp-content\/uploads\/sites\/2\/2022\/02\/10141906\/Danby75Ans_Blue.png","width":470,"height":110,"caption":"Danby Appliances"},"image":[],"sameAs":["https:\/\/www.facebook.com\/DanbyAppliances","https:\/\/x.com\/DanbyAppliance","https:\/\/instagram.com\/danbyappliances\/","https:\/\/www.linkedin.com\/company\/danbyappliances","https:\/\/www.pinterest.ca\/danbyappliances\/","https:\/\/www.youtube.com\/user\/DanbyProducts","https:\/\/en.wikipedia.org\/wiki\/Danby_(appliances)"]}]}},"post_mailing_queue_ids":[],"_links":{"self":[{"href":"https:\/\/www.danby.com\/fr\/wp-json\/wp\/v2\/product\/4636","targetHints":{"allow":["GET"]}}],"collection":[{"href":"https:\/\/www.danby.com\/fr\/wp-json\/wp\/v2\/product"}],"about":[{"href":"https:\/\/www.danby.com\/fr\/wp-json\/wp\/v2\/types\/product"}],"replies":[{"embeddable":true,"href":"https:\/\/www.danby.com\/fr\/wp-json\/wp\/v2\/comments?post=4636"}],"wp:featuredmedia":[{"embeddable":true,"href":"https:\/\/www.danby.com\/fr\/wp-json\/wp\/v2\/media\/22903"}],"wp:attachment":[{"href":"https:\/\/www.danby.com\/fr\/wp-json\/wp\/v2\/media?parent=4636"}],"wp:term":[{"taxonomy":"product_brand","embeddable":true,"href":"https:\/\/www.danby.com\/fr\/wp-json\/wp\/v2\/product_brand?post=4636"},{"taxonomy":"product_cat","embeddable":true,"href":"https:\/\/www.danby.com\/fr\/wp-json\/wp\/v2\/product_cat?post=4636"},{"taxonomy":"product_tag","embeddable":true,"href":"https:\/\/www.danby.com\/fr\/wp-json\/wp\/v2\/product_tag?post=4636"}],"curies":[{"name":"wp","href":"https:\/\/api.w.org\/{rel}","templated":true}]}}